{"id":8916,"date":"2022-02-25T15:48:57","date_gmt":"2022-02-25T13:48:57","guid":{"rendered":"https:\/\/sannale.ee\/?post_type=product&#038;p=8916"},"modified":"2025-05-13T18:59:15","modified_gmt":"2025-05-13T15:59:15","slug":"putukavorgu-kangas-kollane","status":"publish","type":"product","link":"https:\/\/sannale.ee\/en\/toode\/putukavorgu-kangas-kollane\/","title":{"rendered":"V\u00e4rvivariant putukav\u00f5rgule &#8211; sinepkollane"},"content":{"rendered":"<h3>Vali putukav\u00f5rku tellides ostukorvi kas \u00fcks v\u00f5rgukanga variant.<\/h3>\n<p><a href=\"https:\/\/sannale.ee\/putukavorgu-varv\/\"><span style=\"text-decoration: underline;\">Vaata galeriist, milliseid putukav\u00f5rke oleme varem teinud <\/span><\/a>ja kuidas v\u00e4rvitoonid k\u00e4ru peal v\u00e4lja n\u00e4evad.<\/p>\n<p>&nbsp;<\/p>\n<p><em>NB: Toode on tellimiseks vaid koos <a href=\"https:\/\/sannale.ee\/toode\/putukavork\/\">putukav\u00f5rguga<\/a>.<\/em><\/p>\n","protected":false},"excerpt":{"rendered":"<h2><span style=\"font-size: 14pt;\">Vali lisaks putukav\u00f5rgu kangale ostukorvi ka <a href=\"https:\/\/sannale.ee\/sannale-putukaorkude-mudelivalik\/\"><span style=\"text-decoration: underline;\">putukav\u00f5rgu mudel<\/span>,<\/a> et teaksime millise l\u00f5ikega v\u00f5rku soovid.<\/span><\/h2>\n<p>Teised v\u00e4rvivariandid leiad <a href=\"https:\/\/sannale.ee\/tootekategooria\/karude-lisavarustus\/materjalid\/putukavorgu-kangad\/\"><span style=\"text-decoration: underline;\">v\u00f5rgukangaste valikust<\/span><\/a><\/p>\n<p>Kui kangas on laost otsas ja oleks vaja kangas hankida tellimisel, on kanga saabumise aeg kuni 2 n\u00e4dalat.<\/p>\n","protected":false},"featured_media":10506,"comment_status":"open","ping_status":"closed","template":"","meta":{"_uag_custom_page_level_css":"","site-sidebar-layout":"default","site-content-layout":"","ast-site-content-layout":"default","site-content-style":"default","site-sidebar-style":"default","ast-global-header-display":"","ast-banner-title-visibility":"","ast-main-header-display":"","ast-hfb-above-header-display":"","ast-hfb-below-header-display":"","ast-hfb-mobile-header-display":"","site-post-title":"","ast-breadcrumbs-content":"","ast-featured-img":"","footer-sml-layout":"","theme-transparent-header-meta":"","adv-header-id-meta":"","stick-header-meta":"","header-above-stick-meta":"","header-main-stick-meta":"","header-below-stick-meta":"","astra-migrate-meta-layouts":"default","ast-page-background-enabled":"default","ast-page-background-meta":{"desktop":{"background-color":"var(--ast-global-color-4)","background-image":"","background-repeat":"repeat","background-position":"center center","background-size":"auto","background-attachment":"scroll","background-type":"","background-media":"","overlay-type":"","overlay-color":"","overlay-opacity":"","overlay-gradient":""},"tablet":{"background-color":"","background-image":"","background-repeat":"repeat","background-position":"center center","background-size":"auto","background-attachment":"scroll","background-type":"","background-media":"","overlay-type":"","overlay-color":"","overlay-opacity":"","overlay-gradient":""},"mobile":{"background-color":"","background-image":"","background-repeat":"repeat","background-position":"center center","background-size":"auto","background-attachment":"scroll","background-type":"","background-media":"","overlay-type":"","overlay-color":"","overlay-opacity":"","overlay-gradient":""}},"ast-content-background-meta":{"desktop":{"background-color":"var(--ast-global-color-5)","background-image":"","background-repeat":"repeat","background-position":"center center","background-size":"auto","background-attachment":"scroll","background-type":"","background-media":"","overlay-type":"","overlay-color":"","overlay-opacity":"","overlay-gradient":""},"tablet":{"background-color":"var(--ast-global-color-5)","background-image":"","background-repeat":"repeat","background-position":"center center","background-size":"auto","background-attachment":"scroll","background-type":"","background-media":"","overlay-type":"","overlay-color":"","overlay-opacity":"","overlay-gradient":""},"mobile":{"background-color":"var(--ast-global-color-5)","background-image":"","background-repeat":"repeat","background-position":"center center","background-size":"auto","background-attachment":"scroll","background-type":"","background-media":"","overlay-type":"","overlay-color":"","overlay-opacity":"","overlay-gradient":""}}},"product_brand":[],"product_cat":[771],"product_tag":[],"class_list":{"0":"post-8916","1":"product","2":"type-product","3":"status-publish","4":"has-post-thumbnail","6":"product_cat-putukavorgu-kangad","7":"desktop-align-left","8":"tablet-align-left","9":"mobile-align-left","11":"first","12":"instock","13":"taxable","14":"shipping-taxable","15":"purchasable","16":"product-type-simple"},"supplier_id":null,"supplier_sku":"","barcode":null,"atum_controlled":true,"out_stock_date":null,"out_stock_threshold":null,"inheritable":false,"inbound_stock":0,"stock_on_hold":0,"sold_today":0,"sales_last_days":0,"reserved_stock":0,"customer_returns":0,"warehouse_damage":0,"lost_in_post":0,"other_logs":0,"out_stock_days":0,"lost_sales":0,"has_location":false,"update_date":"2026-04-03T00:06:46","atum_locations":[],"atum_stock_status":"instock","restock_status":false,"low_stock_amount":"","sales_update_date":"2026-04-03T00:06:46","calc_backorders":0,"yoast_head":"<!-- This site is optimized with the Yoast SEO plugin v27.3 - https:\/\/yoast.com\/product\/yoast-seo-wordpress\/ -->\n<title>V\u00e4rvivariant putukav\u00f5rgule - sinepkollane - Sannale<\/title>\n<meta name=\"description\" content=\"V\u00e4rvivariant putukav\u00f5rgule - kollane. Tellides vali ostukorvi ka meelep\u00e4rane kanga v\u00e4rvus, millest oma k\u00e4ru v\u00f5rku soovid.\" \/>\n<meta name=\"robots\" content=\"index, follow, max-snippet:-1, max-image-preview:large, max-video-preview:-1\" \/>\n<link rel=\"canonical\" href=\"https:\/\/sannale.ee\/toode\/putukavorgu-kangas-kollane\/\" \/>\n<meta property=\"og:locale\" content=\"en_US\" \/>\n<meta property=\"og:type\" content=\"article\" \/>\n<meta property=\"og:title\" content=\"V\u00e4rvivariant putukav\u00f5rgule - sinepkollane - Sannale\" \/>\n<meta property=\"og:description\" content=\"V\u00e4rvivariant putukav\u00f5rgule - kollane. Tellides vali ostukorvi ka meelep\u00e4rane kanga v\u00e4rvus, millest oma k\u00e4ru v\u00f5rku soovid.\" \/>\n<meta property=\"og:url\" content=\"https:\/\/sannale.ee\/toode\/putukavorgu-kangas-kollane\/\" \/>\n<meta property=\"og:site_name\" content=\"Sannale\" \/>\n<meta property=\"article:publisher\" content=\"https:\/\/www.facebook.com\/MinuSannale\" \/>\n<meta property=\"article:modified_time\" content=\"2025-05-13T15:59:15+00:00\" \/>\n<meta property=\"og:image\" content=\"https:\/\/sannale.ee\/wp-content\/uploads\/2022\/02\/kollane.jpg\" \/>\n\t<meta property=\"og:image:width\" content=\"1024\" \/>\n\t<meta property=\"og:image:height\" content=\"1024\" \/>\n\t<meta property=\"og:image:type\" content=\"image\/jpeg\" \/>\n<meta name=\"twitter:card\" content=\"summary_large_image\" \/>\n<meta name=\"twitter:label1\" content=\"Est. reading time\" \/>\n\t<meta name=\"twitter:data1\" content=\"1 minute\" \/>\n<script type=\"application\/ld+json\" class=\"yoast-schema-graph\">{\"@context\":\"https:\\\/\\\/schema.org\",\"@graph\":[{\"@type\":\"WebPage\",\"@id\":\"https:\\\/\\\/sannale.ee\\\/toode\\\/putukavorgu-kangas-kollane\\\/\",\"url\":\"https:\\\/\\\/sannale.ee\\\/toode\\\/putukavorgu-kangas-kollane\\\/\",\"name\":\"V\u00e4rvivariant putukav\u00f5rgule - sinepkollane - Sannale\",\"isPartOf\":{\"@id\":\"https:\\\/\\\/sannale.ee\\\/#website\"},\"primaryImageOfPage\":{\"@id\":\"https:\\\/\\\/sannale.ee\\\/toode\\\/putukavorgu-kangas-kollane\\\/#primaryimage\"},\"image\":{\"@id\":\"https:\\\/\\\/sannale.ee\\\/toode\\\/putukavorgu-kangas-kollane\\\/#primaryimage\"},\"thumbnailUrl\":\"https:\\\/\\\/sannale.ee\\\/wp-content\\\/uploads\\\/2022\\\/02\\\/kollane.jpg\",\"datePublished\":\"2022-02-25T13:48:57+00:00\",\"dateModified\":\"2025-05-13T15:59:15+00:00\",\"description\":\"V\u00e4rvivariant putukav\u00f5rgule - kollane. Tellides vali ostukorvi ka meelep\u00e4rane kanga v\u00e4rvus, millest oma k\u00e4ru v\u00f5rku soovid.\",\"breadcrumb\":{\"@id\":\"https:\\\/\\\/sannale.ee\\\/toode\\\/putukavorgu-kangas-kollane\\\/#breadcrumb\"},\"inLanguage\":\"en-US\",\"potentialAction\":[{\"@type\":\"ReadAction\",\"target\":[\"https:\\\/\\\/sannale.ee\\\/toode\\\/putukavorgu-kangas-kollane\\\/\"]}]},{\"@type\":\"ImageObject\",\"inLanguage\":\"en-US\",\"@id\":\"https:\\\/\\\/sannale.ee\\\/toode\\\/putukavorgu-kangas-kollane\\\/#primaryimage\",\"url\":\"https:\\\/\\\/sannale.ee\\\/wp-content\\\/uploads\\\/2022\\\/02\\\/kollane.jpg\",\"contentUrl\":\"https:\\\/\\\/sannale.ee\\\/wp-content\\\/uploads\\\/2022\\\/02\\\/kollane.jpg\",\"width\":1024,\"height\":1024,\"caption\":\"Sannale putukav\u00f5rgu kangas - kollane\"},{\"@type\":\"BreadcrumbList\",\"@id\":\"https:\\\/\\\/sannale.ee\\\/toode\\\/putukavorgu-kangas-kollane\\\/#breadcrumb\",\"itemListElement\":[{\"@type\":\"ListItem\",\"position\":1,\"name\":\"Home\",\"item\":\"https:\\\/\\\/sannale.ee\\\/en\\\/\"},{\"@type\":\"ListItem\",\"position\":2,\"name\":\"Shop\",\"item\":\"https:\\\/\\\/sannale.ee\\\/en\\\/shop\\\/\"},{\"@type\":\"ListItem\",\"position\":3,\"name\":\"V\u00e4rvivariant putukav\u00f5rgule &#8211; sinepkollane\"}]},{\"@type\":\"WebSite\",\"@id\":\"https:\\\/\\\/sannale.ee\\\/#website\",\"url\":\"https:\\\/\\\/sannale.ee\\\/\",\"name\":\"Sannale\",\"description\":\"K\u00e4sit\u00f6\u00f6na valminud k\u00e4rulisad ja lastetarbed\",\"publisher\":{\"@id\":\"https:\\\/\\\/sannale.ee\\\/#organization\"},\"potentialAction\":[{\"@type\":\"SearchAction\",\"target\":{\"@type\":\"EntryPoint\",\"urlTemplate\":\"https:\\\/\\\/sannale.ee\\\/?s={search_term_string}\"},\"query-input\":{\"@type\":\"PropertyValueSpecification\",\"valueRequired\":true,\"valueName\":\"search_term_string\"}}],\"inLanguage\":\"en-US\"},{\"@type\":\"Organization\",\"@id\":\"https:\\\/\\\/sannale.ee\\\/#organization\",\"name\":\"Sannale\",\"url\":\"https:\\\/\\\/sannale.ee\\\/\",\"logo\":{\"@type\":\"ImageObject\",\"inLanguage\":\"en-US\",\"@id\":\"https:\\\/\\\/sannale.ee\\\/#\\\/schema\\\/logo\\\/image\\\/\",\"url\":\"https:\\\/\\\/sannale.ee\\\/wp-content\\\/uploads\\\/2024\\\/02\\\/cropped-sannale-fb-logo-sydamega-5-tumedam-3-scaled.png\",\"contentUrl\":\"https:\\\/\\\/sannale.ee\\\/wp-content\\\/uploads\\\/2024\\\/02\\\/cropped-sannale-fb-logo-sydamega-5-tumedam-3-scaled.png\",\"width\":5100,\"height\":1758,\"caption\":\"Sannale\"},\"image\":{\"@id\":\"https:\\\/\\\/sannale.ee\\\/#\\\/schema\\\/logo\\\/image\\\/\"},\"sameAs\":[\"https:\\\/\\\/www.facebook.com\\\/MinuSannale\"]}]}<\/script>\n<!-- \/ Yoast SEO plugin. -->","yoast_head_json":{"title":"V\u00e4rvivariant putukav\u00f5rgule - sinepkollane - Sannale","description":"V\u00e4rvivariant putukav\u00f5rgule - kollane. Tellides vali ostukorvi ka meelep\u00e4rane kanga v\u00e4rvus, millest oma k\u00e4ru v\u00f5rku soovid.","robots":{"index":"index","follow":"follow","max-snippet":"max-snippet:-1","max-image-preview":"max-image-preview:large","max-video-preview":"max-video-preview:-1"},"canonical":"https:\/\/sannale.ee\/toode\/putukavorgu-kangas-kollane\/","og_locale":"en_US","og_type":"article","og_title":"V\u00e4rvivariant putukav\u00f5rgule - sinepkollane - Sannale","og_description":"V\u00e4rvivariant putukav\u00f5rgule - kollane. Tellides vali ostukorvi ka meelep\u00e4rane kanga v\u00e4rvus, millest oma k\u00e4ru v\u00f5rku soovid.","og_url":"https:\/\/sannale.ee\/toode\/putukavorgu-kangas-kollane\/","og_site_name":"Sannale","article_publisher":"https:\/\/www.facebook.com\/MinuSannale","article_modified_time":"2025-05-13T15:59:15+00:00","og_image":[{"width":1024,"height":1024,"url":"https:\/\/sannale.ee\/wp-content\/uploads\/2022\/02\/kollane.jpg","type":"image\/jpeg"}],"twitter_card":"summary_large_image","twitter_misc":{"Est. reading time":"1 minute"},"schema":{"@context":"https:\/\/schema.org","@graph":[{"@type":"WebPage","@id":"https:\/\/sannale.ee\/toode\/putukavorgu-kangas-kollane\/","url":"https:\/\/sannale.ee\/toode\/putukavorgu-kangas-kollane\/","name":"V\u00e4rvivariant putukav\u00f5rgule - sinepkollane - Sannale","isPartOf":{"@id":"https:\/\/sannale.ee\/#website"},"primaryImageOfPage":{"@id":"https:\/\/sannale.ee\/toode\/putukavorgu-kangas-kollane\/#primaryimage"},"image":{"@id":"https:\/\/sannale.ee\/toode\/putukavorgu-kangas-kollane\/#primaryimage"},"thumbnailUrl":"https:\/\/sannale.ee\/wp-content\/uploads\/2022\/02\/kollane.jpg","datePublished":"2022-02-25T13:48:57+00:00","dateModified":"2025-05-13T15:59:15+00:00","description":"V\u00e4rvivariant putukav\u00f5rgule - kollane. Tellides vali ostukorvi ka meelep\u00e4rane kanga v\u00e4rvus, millest oma k\u00e4ru v\u00f5rku soovid.","breadcrumb":{"@id":"https:\/\/sannale.ee\/toode\/putukavorgu-kangas-kollane\/#breadcrumb"},"inLanguage":"en-US","potentialAction":[{"@type":"ReadAction","target":["https:\/\/sannale.ee\/toode\/putukavorgu-kangas-kollane\/"]}]},{"@type":"ImageObject","inLanguage":"en-US","@id":"https:\/\/sannale.ee\/toode\/putukavorgu-kangas-kollane\/#primaryimage","url":"https:\/\/sannale.ee\/wp-content\/uploads\/2022\/02\/kollane.jpg","contentUrl":"https:\/\/sannale.ee\/wp-content\/uploads\/2022\/02\/kollane.jpg","width":1024,"height":1024,"caption":"Sannale putukav\u00f5rgu kangas - kollane"},{"@type":"BreadcrumbList","@id":"https:\/\/sannale.ee\/toode\/putukavorgu-kangas-kollane\/#breadcrumb","itemListElement":[{"@type":"ListItem","position":1,"name":"Home","item":"https:\/\/sannale.ee\/en\/"},{"@type":"ListItem","position":2,"name":"Shop","item":"https:\/\/sannale.ee\/en\/shop\/"},{"@type":"ListItem","position":3,"name":"V\u00e4rvivariant putukav\u00f5rgule &#8211; sinepkollane"}]},{"@type":"WebSite","@id":"https:\/\/sannale.ee\/#website","url":"https:\/\/sannale.ee\/","name":"Sannale","description":"K\u00e4sit\u00f6\u00f6na valminud k\u00e4rulisad ja lastetarbed","publisher":{"@id":"https:\/\/sannale.ee\/#organization"},"potentialAction":[{"@type":"SearchAction","target":{"@type":"EntryPoint","urlTemplate":"https:\/\/sannale.ee\/?s={search_term_string}"},"query-input":{"@type":"PropertyValueSpecification","valueRequired":true,"valueName":"search_term_string"}}],"inLanguage":"en-US"},{"@type":"Organization","@id":"https:\/\/sannale.ee\/#organization","name":"Sannale","url":"https:\/\/sannale.ee\/","logo":{"@type":"ImageObject","inLanguage":"en-US","@id":"https:\/\/sannale.ee\/#\/schema\/logo\/image\/","url":"https:\/\/sannale.ee\/wp-content\/uploads\/2024\/02\/cropped-sannale-fb-logo-sydamega-5-tumedam-3-scaled.png","contentUrl":"https:\/\/sannale.ee\/wp-content\/uploads\/2024\/02\/cropped-sannale-fb-logo-sydamega-5-tumedam-3-scaled.png","width":5100,"height":1758,"caption":"Sannale"},"image":{"@id":"https:\/\/sannale.ee\/#\/schema\/logo\/image\/"},"sameAs":["https:\/\/www.facebook.com\/MinuSannale"]}]}},"uagb_featured_image_src":{"full":["https:\/\/sannale.ee\/wp-content\/uploads\/2022\/02\/kollane.jpg",1024,1024,false],"thumbnail":["https:\/\/sannale.ee\/wp-content\/uploads\/2022\/02\/kollane-150x150.jpg",150,150,true],"medium":["https:\/\/sannale.ee\/wp-content\/uploads\/2022\/02\/kollane-300x300.jpg",300,300,true],"medium_large":["https:\/\/sannale.ee\/wp-content\/uploads\/2022\/02\/kollane-768x768.jpg",768,768,true],"large":["https:\/\/sannale.ee\/wp-content\/uploads\/2022\/02\/kollane-1024x1024.jpg",1024,1024,true],"1536x1536":["https:\/\/sannale.ee\/wp-content\/uploads\/2022\/02\/kollane.jpg",1024,1024,false],"2048x2048":["https:\/\/sannale.ee\/wp-content\/uploads\/2022\/02\/kollane.jpg",1024,1024,false],"woocommerce_thumbnail":["https:\/\/sannale.ee\/wp-content\/uploads\/2022\/02\/kollane-300x300.jpg",300,300,true],"woocommerce_single":["https:\/\/sannale.ee\/wp-content\/uploads\/2022\/02\/kollane-600x600.jpg",600,600,true],"woocommerce_gallery_thumbnail":["https:\/\/sannale.ee\/wp-content\/uploads\/2022\/02\/kollane-100x100.jpg",100,100,true],"variation_swatches_image_size":["https:\/\/sannale.ee\/wp-content\/uploads\/2022\/02\/kollane-50x50.jpg",50,50,true],"variation_swatches_tooltip_size":["https:\/\/sannale.ee\/wp-content\/uploads\/2022\/02\/kollane-100x100.jpg",100,100,true]},"uagb_author_info":{"display_name":"meelip","author_link":"https:\/\/sannale.ee\/en\/author\/"},"uagb_comment_info":0,"uagb_excerpt":"Vali lisaks putukav\u00f5rgu kangale ostukorvi ka putukav\u00f5rgu mudel, et teaksime millise l\u00f5ikega v\u00f5rku soovid. Teised v\u00e4rvivariandid leiad v\u00f5rgukangaste valikust Kui kangas on laost otsas ja oleks vaja kangas hankida tellimisel, on kanga saabumise aeg kuni 2 n\u00e4dalat.","jetpack_sharing_enabled":true,"_links":{"self":[{"href":"https:\/\/sannale.ee\/en\/wp-json\/wp\/v2\/product\/8916","targetHints":{"allow":["GET"]}}],"collection":[{"href":"https:\/\/sannale.ee\/en\/wp-json\/wp\/v2\/product"}],"about":[{"href":"https:\/\/sannale.ee\/en\/wp-json\/wp\/v2\/types\/product"}],"replies":[{"embeddable":true,"href":"https:\/\/sannale.ee\/en\/wp-json\/wp\/v2\/comments?post=8916"}],"wp:featuredmedia":[{"embeddable":true,"href":"https:\/\/sannale.ee\/en\/wp-json\/wp\/v2\/media\/10506"}],"wp:attachment":[{"href":"https:\/\/sannale.ee\/en\/wp-json\/wp\/v2\/media?parent=8916"}],"wp:term":[{"taxonomy":"product_brand","embeddable":true,"href":"https:\/\/sannale.ee\/en\/wp-json\/wp\/v2\/product_brand?post=8916"},{"taxonomy":"product_cat","embeddable":true,"href":"https:\/\/sannale.ee\/en\/wp-json\/wp\/v2\/product_cat?post=8916"},{"taxonomy":"product_tag","embeddable":true,"href":"https:\/\/sannale.ee\/en\/wp-json\/wp\/v2\/product_tag?post=8916"}],"curies":[{"name":"wp","href":"https:\/\/api.w.org\/{rel}","templated":true}]}}