{"id":5795,"date":"2021-09-27T16:11:23","date_gmt":"2021-09-27T13:11:23","guid":{"rendered":"https:\/\/sannale.ee\/?post_type=product&#038;p=5795"},"modified":"2026-03-02T10:22:52","modified_gmt":"2026-03-02T08:22:52","slug":"karu-vihmakile-kangas-must","status":"publish","type":"product","link":"https:\/\/sannale.ee\/en\/toode\/karu-vihmakile-kangas-must\/","title":{"rendered":"V\u00e4rvivariant vihmakilele &#8211; must"},"content":{"rendered":"<h3>Vali vihmakile tellides ostukorvi kas \u00fcks v\u00f5i kaks kangavarianti.<\/h3>\n<p><strong>Vali \u00fcks kangas<\/strong>, kui soovid kogu vihmakile \u00fcleni sama v\u00e4rvi.<\/p>\n<p><img decoding=\"async\" class=\"size-medium wp-image-8479 lazyload\" data-src=\"https:\/\/sannale.ee\/wp-content\/uploads\/2022\/02\/IMGP7577-300x300.jpg\" alt=\"Sannale vihmakile Joie Mytrax k\u00e4rule\" width=\"300\" height=\"300\" data-srcset=\"https:\/\/sannale.ee\/wp-content\/uploads\/2022\/02\/IMGP7577-300x300.jpg 300w, https:\/\/sannale.ee\/wp-content\/uploads\/2022\/02\/IMGP7577-100x100.jpg 100w, https:\/\/sannale.ee\/wp-content\/uploads\/2022\/02\/IMGP7577-600x600.jpg 600w, https:\/\/sannale.ee\/wp-content\/uploads\/2022\/02\/IMGP7577.jpg 1024w, https:\/\/sannale.ee\/wp-content\/uploads\/2022\/02\/IMGP7577-150x150.jpg 150w, https:\/\/sannale.ee\/wp-content\/uploads\/2022\/02\/IMGP7577-768x768.jpg 768w\" data-sizes=\"(max-width: 300px) 100vw, 300px\" src=\"data:image\/svg+xml;base64,PHN2ZyB3aWR0aD0iMSIgaGVpZ2h0PSIxIiB4bWxucz0iaHR0cDovL3d3dy53My5vcmcvMjAwMC9zdmciPjwvc3ZnPg==\" style=\"--smush-placeholder-width: 300px; --smush-placeholder-aspect-ratio: 300\/300;\" \/><\/p>\n<p>Sooviksid midagi v\u00e4rvikat ja kelmikat? Vali ostukorvi suisa <strong>kaks kangast<\/strong>. Kirjuta tellimuse juurde ka kirjeldus, kummast kangast soovid vihmakile kaare osa ja kummas jalaosa. Nii saad veelgi oman\u00e4olisema tulemuse.<\/p>\n<p><img decoding=\"async\" class=\"size-medium wp-image-8385 lazyload\" data-src=\"https:\/\/sannale.ee\/wp-content\/uploads\/2022\/02\/IMGP7652-300x300.jpg\" alt=\"Sannale vihmakile Bumbleride Indie Twin 2018\/2019\/2020\/2021a mudelile\" width=\"300\" height=\"300\" data-srcset=\"https:\/\/sannale.ee\/wp-content\/uploads\/2022\/02\/IMGP7652-300x300.jpg 300w, https:\/\/sannale.ee\/wp-content\/uploads\/2022\/02\/IMGP7652-100x100.jpg 100w, https:\/\/sannale.ee\/wp-content\/uploads\/2022\/02\/IMGP7652-600x600.jpg 600w, https:\/\/sannale.ee\/wp-content\/uploads\/2022\/02\/IMGP7652.jpg 1024w, https:\/\/sannale.ee\/wp-content\/uploads\/2022\/02\/IMGP7652-150x150.jpg 150w, https:\/\/sannale.ee\/wp-content\/uploads\/2022\/02\/IMGP7652-768x768.jpg 768w\" data-sizes=\"(max-width: 300px) 100vw, 300px\" src=\"data:image\/svg+xml;base64,PHN2ZyB3aWR0aD0iMSIgaGVpZ2h0PSIxIiB4bWxucz0iaHR0cDovL3d3dy53My5vcmcvMjAwMC9zdmciPjwvc3ZnPg==\" style=\"--smush-placeholder-width: 300px; --smush-placeholder-aspect-ratio: 300\/300;\" \/><\/p>\n<p><img decoding=\"async\" class=\"size-medium wp-image-5803 lazyload\" data-src=\"https:\/\/sannale.ee\/wp-content\/uploads\/2021\/09\/45798292_2172890556256082_7685176211856687104_n-300x300.jpg\" alt=\"K\u00e4ru vihmakile\" width=\"300\" height=\"300\" data-srcset=\"https:\/\/sannale.ee\/wp-content\/uploads\/2021\/09\/45798292_2172890556256082_7685176211856687104_n-300x300.jpg 300w, https:\/\/sannale.ee\/wp-content\/uploads\/2021\/09\/45798292_2172890556256082_7685176211856687104_n-100x100.jpg 100w, https:\/\/sannale.ee\/wp-content\/uploads\/2021\/09\/45798292_2172890556256082_7685176211856687104_n-600x600.jpg 600w, https:\/\/sannale.ee\/wp-content\/uploads\/2021\/09\/45798292_2172890556256082_7685176211856687104_n.jpg 1024w, https:\/\/sannale.ee\/wp-content\/uploads\/2021\/09\/45798292_2172890556256082_7685176211856687104_n-150x150.jpg 150w, https:\/\/sannale.ee\/wp-content\/uploads\/2021\/09\/45798292_2172890556256082_7685176211856687104_n-768x768.jpg 768w, https:\/\/sannale.ee\/wp-content\/uploads\/2021\/09\/45798292_2172890556256082_7685176211856687104_n-324x324.jpg 324w, https:\/\/sannale.ee\/wp-content\/uploads\/2021\/09\/45798292_2172890556256082_7685176211856687104_n-416x416.jpg 416w\" data-sizes=\"(max-width: 300px) 100vw, 300px\" src=\"data:image\/svg+xml;base64,PHN2ZyB3aWR0aD0iMSIgaGVpZ2h0PSIxIiB4bWxucz0iaHR0cDovL3d3dy53My5vcmcvMjAwMC9zdmciPjwvc3ZnPg==\" style=\"--smush-placeholder-width: 300px; --smush-placeholder-aspect-ratio: 300\/300;\" \/><\/p>\n<p><img decoding=\"async\" class=\"size-medium wp-image-5806 lazyload\" data-src=\"https:\/\/sannale.ee\/wp-content\/uploads\/2021\/09\/48373632_1976907095730377_2550406925313376256_n-large-300x300.jpg\" alt=\"K\u00e4ru vihmakile\" width=\"300\" height=\"300\" data-srcset=\"https:\/\/sannale.ee\/wp-content\/uploads\/2021\/09\/48373632_1976907095730377_2550406925313376256_n-large-300x300.jpg 300w, https:\/\/sannale.ee\/wp-content\/uploads\/2021\/09\/48373632_1976907095730377_2550406925313376256_n-large-100x100.jpg 100w, https:\/\/sannale.ee\/wp-content\/uploads\/2021\/09\/48373632_1976907095730377_2550406925313376256_n-large-600x600.jpg 600w, https:\/\/sannale.ee\/wp-content\/uploads\/2021\/09\/48373632_1976907095730377_2550406925313376256_n-large-150x150.jpg 150w, https:\/\/sannale.ee\/wp-content\/uploads\/2021\/09\/48373632_1976907095730377_2550406925313376256_n-large-768x768.jpg 768w, https:\/\/sannale.ee\/wp-content\/uploads\/2021\/09\/48373632_1976907095730377_2550406925313376256_n-large-324x324.jpg 324w, https:\/\/sannale.ee\/wp-content\/uploads\/2021\/09\/48373632_1976907095730377_2550406925313376256_n-large-416x416.jpg 416w, https:\/\/sannale.ee\/wp-content\/uploads\/2021\/09\/48373632_1976907095730377_2550406925313376256_n-large.jpg 960w\" data-sizes=\"(max-width: 300px) 100vw, 300px\" src=\"data:image\/svg+xml;base64,PHN2ZyB3aWR0aD0iMSIgaGVpZ2h0PSIxIiB4bWxucz0iaHR0cDovL3d3dy53My5vcmcvMjAwMC9zdmciPjwvc3ZnPg==\" style=\"--smush-placeholder-width: 300px; --smush-placeholder-aspect-ratio: 300\/300;\" \/><\/p>\n<p>&nbsp;<\/p>\n<p><span style=\"text-decoration: underline;\"><a href=\"https:\/\/sannale.ee\/koige-parem-vihmakile\/\">Vaata galeriist, milliseid vihmakilesid oleme varem teinud<\/a> <\/span>ja kuidas v\u00e4rvitoonid k\u00e4ru peal v\u00e4lja n\u00e4evad.<\/p>\n<h3>KANGAS:<\/h3>\n<p>0,1mm 70g\/m2 alt h\u00f5bedane nailonkangas, mille taustkangas on UV kindel, veesammas 1000mm, kulumiskindlus on \u00fcle 50000 Martindale.<\/p>\n<p>&nbsp;<\/p>\n<p>Testime k\u00f5iki Sannale veekindlaid kangaid, valades 1tk vett 1,5 tunniks vihmakile kangast kotikesse. Vaid need kangad, mis testi l\u00e4bides endiselt alt kuivad on, p\u00e4\u00e4sevad meie tootevalikusse.<\/p>\n<p><a href=\"https:\/\/www.youtube.com\/shorts\/_V-VsBNUd2o\">https:\/\/www.youtube.com\/shorts\/_V-VsBNUd2o<\/a><\/p>\n<p>&nbsp;<\/p>\n<p><em>NB: Toode on tellimiseks vaid koos vihmakilega.<\/em><\/p>\n","protected":false},"excerpt":{"rendered":"<h2>Veekindel kangas vihmakilele<\/h2>\n<p>Vali lisaks vihmakilele ostukorvi ka <span style=\"text-decoration: underline;\"><a href=\"https:\/\/sannale.ee\/sannale-vihmakilede-mudelite-valik\/\">vihmakile mudel<\/a><\/span>, et teaksime millise l\u00f5ikega vihmakile soovid.<\/p>\n<p>Teised v\u00e4rvivariandid leiad <span style=\"text-decoration: underline;\"><a href=\"https:\/\/sannale.ee\/tootekategooria\/karude-lisavarustus\/materjalid\/vihmakile-kangad\/\">vihmakile kangaste valikust.<\/a><\/span><\/p>\n<p>Kui kangas on laost otsas ja oleks vaja kangas hankida tellimisel, on kanga saabumise aeg 2-3 n\u00e4dalat.<\/p>\n","protected":false},"featured_media":8776,"comment_status":"open","ping_status":"closed","template":"","meta":{"_uag_custom_page_level_css":"","site-sidebar-layout":"default","site-content-layout":"","ast-site-content-layout":"default","site-content-style":"default","site-sidebar-style":"default","ast-global-header-display":"","ast-banner-title-visibility":"","ast-main-header-display":"","ast-hfb-above-header-display":"","ast-hfb-below-header-display":"","ast-hfb-mobile-header-display":"","site-post-title":"","ast-breadcrumbs-content":"","ast-featured-img":"","footer-sml-layout":"","theme-transparent-header-meta":"","adv-header-id-meta":"","stick-header-meta":"","header-above-stick-meta":"","header-main-stick-meta":"","header-below-stick-meta":"","astra-migrate-meta-layouts":"default","ast-page-background-enabled":"default","ast-page-background-meta":{"desktop":{"background-color":"var(--ast-global-color-4)","background-image":"","background-repeat":"repeat","background-position":"center center","background-size":"auto","background-attachment":"scroll","background-type":"","background-media":"","overlay-type":"","overlay-color":"","overlay-opacity":"","overlay-gradient":""},"tablet":{"background-color":"","background-image":"","background-repeat":"repeat","background-position":"center center","background-size":"auto","background-attachment":"scroll","background-type":"","background-media":"","overlay-type":"","overlay-color":"","overlay-opacity":"","overlay-gradient":""},"mobile":{"background-color":"","background-image":"","background-repeat":"repeat","background-position":"center center","background-size":"auto","background-attachment":"scroll","background-type":"","background-media":"","overlay-type":"","overlay-color":"","overlay-opacity":"","overlay-gradient":""}},"ast-content-background-meta":{"desktop":{"background-color":"var(--ast-global-color-5)","background-image":"","background-repeat":"repeat","background-position":"center center","background-size":"auto","background-attachment":"scroll","background-type":"","background-media":"","overlay-type":"","overlay-color":"","overlay-opacity":"","overlay-gradient":""},"tablet":{"background-color":"var(--ast-global-color-5)","background-image":"","background-repeat":"repeat","background-position":"center center","background-size":"auto","background-attachment":"scroll","background-type":"","background-media":"","overlay-type":"","overlay-color":"","overlay-opacity":"","overlay-gradient":""},"mobile":{"background-color":"var(--ast-global-color-5)","background-image":"","background-repeat":"repeat","background-position":"center center","background-size":"auto","background-attachment":"scroll","background-type":"","background-media":"","overlay-type":"","overlay-color":"","overlay-opacity":"","overlay-gradient":""}}},"product_brand":[],"product_cat":[641],"product_tag":[],"class_list":{"0":"post-5795","1":"product","2":"type-product","3":"status-publish","4":"has-post-thumbnail","6":"product_cat-vihmakile-kangad","7":"desktop-align-left","8":"tablet-align-left","9":"mobile-align-left","11":"first","12":"instock","13":"taxable","14":"shipping-taxable","15":"purchasable","16":"product-type-simple"},"supplier_id":null,"supplier_sku":"","barcode":null,"atum_controlled":true,"out_stock_date":null,"out_stock_threshold":null,"inheritable":false,"inbound_stock":0,"stock_on_hold":0,"sold_today":0,"sales_last_days":0,"reserved_stock":0,"customer_returns":0,"warehouse_damage":0,"lost_in_post":0,"other_logs":0,"out_stock_days":0,"lost_sales":0,"has_location":false,"update_date":"2026-04-05T00:11:29","atum_locations":[],"atum_stock_status":"instock","restock_status":false,"low_stock_amount":"","sales_update_date":"2026-04-05T00:11:29","calc_backorders":0,"yoast_head":"<!-- This site is optimized with the Yoast SEO plugin v27.3 - https:\/\/yoast.com\/product\/yoast-seo-wordpress\/ -->\n<title>V\u00e4rvivariant vihmakilele - must - Sannale<\/title>\n<meta name=\"description\" content=\"V\u00e4rvivariant vihmakilele - must. Vihmakile tellides vali ostukorvi ka meelep\u00e4rane kanga v\u00e4rvus, millest soovid, et Sinu kile \u00f5mbleme.\" \/>\n<meta name=\"robots\" content=\"index, follow, max-snippet:-1, max-image-preview:large, max-video-preview:-1\" \/>\n<link rel=\"canonical\" href=\"https:\/\/sannale.ee\/toode\/karu-vihmakile-kangas-must\/\" \/>\n<meta property=\"og:locale\" content=\"en_US\" \/>\n<meta property=\"og:type\" content=\"article\" \/>\n<meta property=\"og:title\" content=\"V\u00e4rvivariant vihmakilele - must - Sannale\" \/>\n<meta property=\"og:description\" content=\"V\u00e4rvivariant vihmakilele - must. Vihmakile tellides vali ostukorvi ka meelep\u00e4rane kanga v\u00e4rvus, millest soovid, et Sinu kile \u00f5mbleme.\" \/>\n<meta property=\"og:url\" content=\"https:\/\/sannale.ee\/toode\/karu-vihmakile-kangas-must\/\" \/>\n<meta property=\"og:site_name\" content=\"Sannale\" \/>\n<meta property=\"article:publisher\" content=\"https:\/\/www.facebook.com\/MinuSannale\" \/>\n<meta property=\"article:modified_time\" content=\"2026-03-02T08:22:52+00:00\" \/>\n<meta property=\"og:image\" content=\"https:\/\/sannale.ee\/wp-content\/uploads\/2021\/09\/20200513_124924-Edit-2.jpg\" \/>\n\t<meta property=\"og:image:width\" content=\"1024\" \/>\n\t<meta property=\"og:image:height\" content=\"1024\" \/>\n\t<meta property=\"og:image:type\" content=\"image\/jpeg\" \/>\n<meta name=\"twitter:card\" content=\"summary_large_image\" \/>\n<meta name=\"twitter:label1\" content=\"Est. reading time\" \/>\n\t<meta name=\"twitter:data1\" content=\"2 minutes\" \/>\n<script type=\"application\/ld+json\" class=\"yoast-schema-graph\">{\"@context\":\"https:\\\/\\\/schema.org\",\"@graph\":[{\"@type\":\"WebPage\",\"@id\":\"https:\\\/\\\/sannale.ee\\\/toode\\\/karu-vihmakile-kangas-must\\\/\",\"url\":\"https:\\\/\\\/sannale.ee\\\/toode\\\/karu-vihmakile-kangas-must\\\/\",\"name\":\"V\u00e4rvivariant vihmakilele - must - Sannale\",\"isPartOf\":{\"@id\":\"https:\\\/\\\/sannale.ee\\\/#website\"},\"primaryImageOfPage\":{\"@id\":\"https:\\\/\\\/sannale.ee\\\/toode\\\/karu-vihmakile-kangas-must\\\/#primaryimage\"},\"image\":{\"@id\":\"https:\\\/\\\/sannale.ee\\\/toode\\\/karu-vihmakile-kangas-must\\\/#primaryimage\"},\"thumbnailUrl\":\"https:\\\/\\\/sannale.ee\\\/wp-content\\\/uploads\\\/2021\\\/09\\\/20200513_124924-Edit-2.jpg\",\"datePublished\":\"2021-09-27T13:11:23+00:00\",\"dateModified\":\"2026-03-02T08:22:52+00:00\",\"description\":\"V\u00e4rvivariant vihmakilele - must. Vihmakile tellides vali ostukorvi ka meelep\u00e4rane kanga v\u00e4rvus, millest soovid, et Sinu kile \u00f5mbleme.\",\"breadcrumb\":{\"@id\":\"https:\\\/\\\/sannale.ee\\\/toode\\\/karu-vihmakile-kangas-must\\\/#breadcrumb\"},\"inLanguage\":\"en-US\",\"potentialAction\":[{\"@type\":\"ReadAction\",\"target\":[\"https:\\\/\\\/sannale.ee\\\/toode\\\/karu-vihmakile-kangas-must\\\/\"]}]},{\"@type\":\"ImageObject\",\"inLanguage\":\"en-US\",\"@id\":\"https:\\\/\\\/sannale.ee\\\/toode\\\/karu-vihmakile-kangas-must\\\/#primaryimage\",\"url\":\"https:\\\/\\\/sannale.ee\\\/wp-content\\\/uploads\\\/2021\\\/09\\\/20200513_124924-Edit-2.jpg\",\"contentUrl\":\"https:\\\/\\\/sannale.ee\\\/wp-content\\\/uploads\\\/2021\\\/09\\\/20200513_124924-Edit-2.jpg\",\"width\":1024,\"height\":1024,\"caption\":\"V\u00e4rvivariant vihmakilele - must\"},{\"@type\":\"BreadcrumbList\",\"@id\":\"https:\\\/\\\/sannale.ee\\\/toode\\\/karu-vihmakile-kangas-must\\\/#breadcrumb\",\"itemListElement\":[{\"@type\":\"ListItem\",\"position\":1,\"name\":\"Home\",\"item\":\"https:\\\/\\\/sannale.ee\\\/en\\\/\"},{\"@type\":\"ListItem\",\"position\":2,\"name\":\"Shop\",\"item\":\"https:\\\/\\\/sannale.ee\\\/en\\\/shop\\\/\"},{\"@type\":\"ListItem\",\"position\":3,\"name\":\"V\u00e4rvivariant vihmakilele &#8211; must\"}]},{\"@type\":\"WebSite\",\"@id\":\"https:\\\/\\\/sannale.ee\\\/#website\",\"url\":\"https:\\\/\\\/sannale.ee\\\/\",\"name\":\"Sannale\",\"description\":\"K\u00e4sit\u00f6\u00f6na valminud k\u00e4rulisad ja lastetarbed\",\"publisher\":{\"@id\":\"https:\\\/\\\/sannale.ee\\\/#organization\"},\"potentialAction\":[{\"@type\":\"SearchAction\",\"target\":{\"@type\":\"EntryPoint\",\"urlTemplate\":\"https:\\\/\\\/sannale.ee\\\/?s={search_term_string}\"},\"query-input\":{\"@type\":\"PropertyValueSpecification\",\"valueRequired\":true,\"valueName\":\"search_term_string\"}}],\"inLanguage\":\"en-US\"},{\"@type\":\"Organization\",\"@id\":\"https:\\\/\\\/sannale.ee\\\/#organization\",\"name\":\"Sannale\",\"url\":\"https:\\\/\\\/sannale.ee\\\/\",\"logo\":{\"@type\":\"ImageObject\",\"inLanguage\":\"en-US\",\"@id\":\"https:\\\/\\\/sannale.ee\\\/#\\\/schema\\\/logo\\\/image\\\/\",\"url\":\"https:\\\/\\\/sannale.ee\\\/wp-content\\\/uploads\\\/2024\\\/02\\\/cropped-sannale-fb-logo-sydamega-5-tumedam-3-scaled.png\",\"contentUrl\":\"https:\\\/\\\/sannale.ee\\\/wp-content\\\/uploads\\\/2024\\\/02\\\/cropped-sannale-fb-logo-sydamega-5-tumedam-3-scaled.png\",\"width\":5100,\"height\":1758,\"caption\":\"Sannale\"},\"image\":{\"@id\":\"https:\\\/\\\/sannale.ee\\\/#\\\/schema\\\/logo\\\/image\\\/\"},\"sameAs\":[\"https:\\\/\\\/www.facebook.com\\\/MinuSannale\"]}]}<\/script>\n<!-- \/ Yoast SEO plugin. -->","yoast_head_json":{"title":"V\u00e4rvivariant vihmakilele - must - Sannale","description":"V\u00e4rvivariant vihmakilele - must. Vihmakile tellides vali ostukorvi ka meelep\u00e4rane kanga v\u00e4rvus, millest soovid, et Sinu kile \u00f5mbleme.","robots":{"index":"index","follow":"follow","max-snippet":"max-snippet:-1","max-image-preview":"max-image-preview:large","max-video-preview":"max-video-preview:-1"},"canonical":"https:\/\/sannale.ee\/toode\/karu-vihmakile-kangas-must\/","og_locale":"en_US","og_type":"article","og_title":"V\u00e4rvivariant vihmakilele - must - Sannale","og_description":"V\u00e4rvivariant vihmakilele - must. Vihmakile tellides vali ostukorvi ka meelep\u00e4rane kanga v\u00e4rvus, millest soovid, et Sinu kile \u00f5mbleme.","og_url":"https:\/\/sannale.ee\/toode\/karu-vihmakile-kangas-must\/","og_site_name":"Sannale","article_publisher":"https:\/\/www.facebook.com\/MinuSannale","article_modified_time":"2026-03-02T08:22:52+00:00","og_image":[{"width":1024,"height":1024,"url":"https:\/\/sannale.ee\/wp-content\/uploads\/2021\/09\/20200513_124924-Edit-2.jpg","type":"image\/jpeg"}],"twitter_card":"summary_large_image","twitter_misc":{"Est. reading time":"2 minutes"},"schema":{"@context":"https:\/\/schema.org","@graph":[{"@type":"WebPage","@id":"https:\/\/sannale.ee\/toode\/karu-vihmakile-kangas-must\/","url":"https:\/\/sannale.ee\/toode\/karu-vihmakile-kangas-must\/","name":"V\u00e4rvivariant vihmakilele - must - Sannale","isPartOf":{"@id":"https:\/\/sannale.ee\/#website"},"primaryImageOfPage":{"@id":"https:\/\/sannale.ee\/toode\/karu-vihmakile-kangas-must\/#primaryimage"},"image":{"@id":"https:\/\/sannale.ee\/toode\/karu-vihmakile-kangas-must\/#primaryimage"},"thumbnailUrl":"https:\/\/sannale.ee\/wp-content\/uploads\/2021\/09\/20200513_124924-Edit-2.jpg","datePublished":"2021-09-27T13:11:23+00:00","dateModified":"2026-03-02T08:22:52+00:00","description":"V\u00e4rvivariant vihmakilele - must. Vihmakile tellides vali ostukorvi ka meelep\u00e4rane kanga v\u00e4rvus, millest soovid, et Sinu kile \u00f5mbleme.","breadcrumb":{"@id":"https:\/\/sannale.ee\/toode\/karu-vihmakile-kangas-must\/#breadcrumb"},"inLanguage":"en-US","potentialAction":[{"@type":"ReadAction","target":["https:\/\/sannale.ee\/toode\/karu-vihmakile-kangas-must\/"]}]},{"@type":"ImageObject","inLanguage":"en-US","@id":"https:\/\/sannale.ee\/toode\/karu-vihmakile-kangas-must\/#primaryimage","url":"https:\/\/sannale.ee\/wp-content\/uploads\/2021\/09\/20200513_124924-Edit-2.jpg","contentUrl":"https:\/\/sannale.ee\/wp-content\/uploads\/2021\/09\/20200513_124924-Edit-2.jpg","width":1024,"height":1024,"caption":"V\u00e4rvivariant vihmakilele - must"},{"@type":"BreadcrumbList","@id":"https:\/\/sannale.ee\/toode\/karu-vihmakile-kangas-must\/#breadcrumb","itemListElement":[{"@type":"ListItem","position":1,"name":"Home","item":"https:\/\/sannale.ee\/en\/"},{"@type":"ListItem","position":2,"name":"Shop","item":"https:\/\/sannale.ee\/en\/shop\/"},{"@type":"ListItem","position":3,"name":"V\u00e4rvivariant vihmakilele &#8211; must"}]},{"@type":"WebSite","@id":"https:\/\/sannale.ee\/#website","url":"https:\/\/sannale.ee\/","name":"Sannale","description":"K\u00e4sit\u00f6\u00f6na valminud k\u00e4rulisad ja lastetarbed","publisher":{"@id":"https:\/\/sannale.ee\/#organization"},"potentialAction":[{"@type":"SearchAction","target":{"@type":"EntryPoint","urlTemplate":"https:\/\/sannale.ee\/?s={search_term_string}"},"query-input":{"@type":"PropertyValueSpecification","valueRequired":true,"valueName":"search_term_string"}}],"inLanguage":"en-US"},{"@type":"Organization","@id":"https:\/\/sannale.ee\/#organization","name":"Sannale","url":"https:\/\/sannale.ee\/","logo":{"@type":"ImageObject","inLanguage":"en-US","@id":"https:\/\/sannale.ee\/#\/schema\/logo\/image\/","url":"https:\/\/sannale.ee\/wp-content\/uploads\/2024\/02\/cropped-sannale-fb-logo-sydamega-5-tumedam-3-scaled.png","contentUrl":"https:\/\/sannale.ee\/wp-content\/uploads\/2024\/02\/cropped-sannale-fb-logo-sydamega-5-tumedam-3-scaled.png","width":5100,"height":1758,"caption":"Sannale"},"image":{"@id":"https:\/\/sannale.ee\/#\/schema\/logo\/image\/"},"sameAs":["https:\/\/www.facebook.com\/MinuSannale"]}]}},"uagb_featured_image_src":{"full":["https:\/\/sannale.ee\/wp-content\/uploads\/2021\/09\/20200513_124924-Edit-2.jpg",1024,1024,false],"thumbnail":["https:\/\/sannale.ee\/wp-content\/uploads\/2021\/09\/20200513_124924-Edit-2-150x150.jpg",150,150,true],"medium":["https:\/\/sannale.ee\/wp-content\/uploads\/2021\/09\/20200513_124924-Edit-2-300x300.jpg",300,300,true],"medium_large":["https:\/\/sannale.ee\/wp-content\/uploads\/2021\/09\/20200513_124924-Edit-2-768x768.jpg",768,768,true],"large":["https:\/\/sannale.ee\/wp-content\/uploads\/2021\/09\/20200513_124924-Edit-2-1024x1024.jpg",1024,1024,true],"1536x1536":["https:\/\/sannale.ee\/wp-content\/uploads\/2021\/09\/20200513_124924-Edit-2.jpg",1024,1024,false],"2048x2048":["https:\/\/sannale.ee\/wp-content\/uploads\/2021\/09\/20200513_124924-Edit-2.jpg",1024,1024,false],"woocommerce_thumbnail":["https:\/\/sannale.ee\/wp-content\/uploads\/2021\/09\/20200513_124924-Edit-2-300x300.jpg",300,300,true],"woocommerce_single":["https:\/\/sannale.ee\/wp-content\/uploads\/2021\/09\/20200513_124924-Edit-2-600x600.jpg",600,600,true],"woocommerce_gallery_thumbnail":["https:\/\/sannale.ee\/wp-content\/uploads\/2021\/09\/20200513_124924-Edit-2-100x100.jpg",100,100,true],"variation_swatches_image_size":["https:\/\/sannale.ee\/wp-content\/uploads\/2021\/09\/20200513_124924-Edit-2.jpg",50,50,false],"variation_swatches_tooltip_size":["https:\/\/sannale.ee\/wp-content\/uploads\/2021\/09\/20200513_124924-Edit-2.jpg",100,100,false]},"uagb_author_info":{"display_name":"meelip","author_link":"https:\/\/sannale.ee\/en\/author\/"},"uagb_comment_info":1,"uagb_excerpt":"Veekindel kangas vihmakilele Vali lisaks vihmakilele ostukorvi ka vihmakile mudel, et teaksime millise l\u00f5ikega vihmakile soovid. Teised v\u00e4rvivariandid leiad vihmakile kangaste valikust. Kui kangas on laost otsas ja oleks vaja kangas hankida tellimisel, on kanga saabumise aeg 2-3 n\u00e4dalat.","jetpack_sharing_enabled":true,"_links":{"self":[{"href":"https:\/\/sannale.ee\/en\/wp-json\/wp\/v2\/product\/5795","targetHints":{"allow":["GET"]}}],"collection":[{"href":"https:\/\/sannale.ee\/en\/wp-json\/wp\/v2\/product"}],"about":[{"href":"https:\/\/sannale.ee\/en\/wp-json\/wp\/v2\/types\/product"}],"replies":[{"embeddable":true,"href":"https:\/\/sannale.ee\/en\/wp-json\/wp\/v2\/comments?post=5795"}],"wp:featuredmedia":[{"embeddable":true,"href":"https:\/\/sannale.ee\/en\/wp-json\/wp\/v2\/media\/8776"}],"wp:attachment":[{"href":"https:\/\/sannale.ee\/en\/wp-json\/wp\/v2\/media?parent=5795"}],"wp:term":[{"taxonomy":"product_brand","embeddable":true,"href":"https:\/\/sannale.ee\/en\/wp-json\/wp\/v2\/product_brand?post=5795"},{"taxonomy":"product_cat","embeddable":true,"href":"https:\/\/sannale.ee\/en\/wp-json\/wp\/v2\/product_cat?post=5795"},{"taxonomy":"product_tag","embeddable":true,"href":"https:\/\/sannale.ee\/en\/wp-json\/wp\/v2\/product_tag?post=5795"}],"curies":[{"name":"wp","href":"https:\/\/api.w.org\/{rel}","templated":true}]}}