{"id":5158,"date":"2021-08-31T14:46:17","date_gmt":"2021-08-31T11:46:17","guid":{"rendered":"https:\/\/sannale.ee\/?post_type=product&#038;p=5158"},"modified":"2024-07-15T11:13:18","modified_gmt":"2024-07-15T08:13:18","slug":"tumepruun-kunstnahk-karulisadele","status":"publish","type":"product","link":"https:\/\/sannale.ee\/en\/toode\/tumepruun-kunstnahk-karulisadele\/","title":{"rendered":"Tumepruun kunstnahk k\u00e4rulisadele (j\u00e4ik)"},"content":{"rendered":"<h2><span style=\"font-size: 14pt;\">Ilmastikukindlat tugevat kunstnahka saad puhastada lihtsalt niiske lapiga p\u00fchkides.<\/span><\/h2>\n<p><img decoding=\"async\" class=\"wp-image-12416 lazyload\" data-src=\"https:\/\/sannale.ee\/wp-content\/uploads\/2022\/09\/Sannale-kunstnahad-1-2-300x214.jpg\" alt=\"Sannale kunstnahad-1-2\" width=\"538\" height=\"384\" data-srcset=\"https:\/\/sannale.ee\/wp-content\/uploads\/2022\/09\/Sannale-kunstnahad-1-2-300x214.jpg 300w, https:\/\/sannale.ee\/wp-content\/uploads\/2022\/09\/Sannale-kunstnahad-1-2-600x429.jpg 600w, https:\/\/sannale.ee\/wp-content\/uploads\/2022\/09\/Sannale-kunstnahad-1-2-768x549.jpg 768w, https:\/\/sannale.ee\/wp-content\/uploads\/2022\/09\/Sannale-kunstnahad-1-2.jpg 1024w\" data-sizes=\"(max-width: 538px) 100vw, 538px\" src=\"data:image\/svg+xml;base64,PHN2ZyB3aWR0aD0iMSIgaGVpZ2h0PSIxIiB4bWxucz0iaHR0cDovL3d3dy53My5vcmcvMjAwMC9zdmciPjwvc3ZnPg==\" style=\"--smush-placeholder-width: 538px; --smush-placeholder-aspect-ratio: 538\/384;\" \/><\/p>\n<h3>Punumisn\u00f6\u00f6ri v\u00e4rvus<\/h3>\n<p>Tavap\u00e4raselt valime punumisn\u00f6\u00f6ri v\u00e4rvi v\u00f5imalikult nahaga sama tooni. Nii paistab punumisjoon k\u00e4ru peal k\u00f5ige v\u00e4hem v\u00e4lja.<\/p>\n<p>Kui aga soovid, v\u00f5ime teha ka hoopis vastupidi ja valida heledale nahale tumeda n\u00f6\u00f6ri v\u00f5i vastupidi. Sellisel viisil saad oma katetele j\u00e4lle uhket kontrasti juurde. Kui sooviksid punumisn\u00f6\u00f6ri nahast erinevat tooni, anna tellides meile sellest teada.<\/p>\n<p><img decoding=\"async\" class=\"size-medium wp-image-11018 lazyload\" data-src=\"https:\/\/sannale.ee\/wp-content\/uploads\/2022\/09\/Sannale-karulisade-kunstnaha-variant-camel-1-2-1-300x300.jpg\" alt=\"Sannale k\u00e4rulisade kunstnaha variant-camel-1-2\" width=\"300\" height=\"300\" data-srcset=\"https:\/\/sannale.ee\/wp-content\/uploads\/2022\/09\/Sannale-karulisade-kunstnaha-variant-camel-1-2-1-300x300.jpg 300w, https:\/\/sannale.ee\/wp-content\/uploads\/2022\/09\/Sannale-karulisade-kunstnaha-variant-camel-1-2-1-100x100.jpg 100w, https:\/\/sannale.ee\/wp-content\/uploads\/2022\/09\/Sannale-karulisade-kunstnaha-variant-camel-1-2-1-600x602.jpg 600w, https:\/\/sannale.ee\/wp-content\/uploads\/2022\/09\/Sannale-karulisade-kunstnaha-variant-camel-1-2-1-150x150.jpg 150w, https:\/\/sannale.ee\/wp-content\/uploads\/2022\/09\/Sannale-karulisade-kunstnaha-variant-camel-1-2-1-768x771.jpg 768w, https:\/\/sannale.ee\/wp-content\/uploads\/2022\/09\/Sannale-karulisade-kunstnaha-variant-camel-1-2-1-50x50.jpg 50w, https:\/\/sannale.ee\/wp-content\/uploads\/2022\/09\/Sannale-karulisade-kunstnaha-variant-camel-1-2-1.jpg 1020w\" data-sizes=\"(max-width: 300px) 100vw, 300px\" src=\"data:image\/svg+xml;base64,PHN2ZyB3aWR0aD0iMSIgaGVpZ2h0PSIxIiB4bWxucz0iaHR0cDovL3d3dy53My5vcmcvMjAwMC9zdmciPjwvc3ZnPg==\" style=\"--smush-placeholder-width: 300px; --smush-placeholder-aspect-ratio: 300\/300;\" \/><\/p>\n<p><img decoding=\"async\" class=\"size-medium wp-image-11005 lazyload\" data-src=\"https:\/\/sannale.ee\/wp-content\/uploads\/2022\/09\/Sannale-karulisade-kunstnaha-variant-8-300x300.jpg\" alt=\"Sannale k\u00e4rulisade kunstnaha variant-9\" width=\"300\" height=\"300\" data-srcset=\"https:\/\/sannale.ee\/wp-content\/uploads\/2022\/09\/Sannale-karulisade-kunstnaha-variant-8-300x300.jpg 300w, https:\/\/sannale.ee\/wp-content\/uploads\/2022\/09\/Sannale-karulisade-kunstnaha-variant-8-100x100.jpg 100w, https:\/\/sannale.ee\/wp-content\/uploads\/2022\/09\/Sannale-karulisade-kunstnaha-variant-8-600x600.jpg 600w, https:\/\/sannale.ee\/wp-content\/uploads\/2022\/09\/Sannale-karulisade-kunstnaha-variant-8.jpg 1024w, https:\/\/sannale.ee\/wp-content\/uploads\/2022\/09\/Sannale-karulisade-kunstnaha-variant-8-150x150.jpg 150w, https:\/\/sannale.ee\/wp-content\/uploads\/2022\/09\/Sannale-karulisade-kunstnaha-variant-8-768x768.jpg 768w, https:\/\/sannale.ee\/wp-content\/uploads\/2022\/09\/Sannale-karulisade-kunstnaha-variant-8-50x50.jpg 50w\" data-sizes=\"(max-width: 300px) 100vw, 300px\" src=\"data:image\/svg+xml;base64,PHN2ZyB3aWR0aD0iMSIgaGVpZ2h0PSIxIiB4bWxucz0iaHR0cDovL3d3dy53My5vcmcvMjAwMC9zdmciPjwvc3ZnPg==\" style=\"--smush-placeholder-width: 300px; --smush-placeholder-aspect-ratio: 300\/300;\" \/><\/p>\n<h3>Hooldusjuhend<\/h3>\n<p>Puhasta seebi ja veega. Kunstnahk ei kannata alkoholi, seega kindlasti \u00e4ra kasuta puhastamisel alkoholi sisaldavaid desinfitseerimisvahendeid.<\/p>\n<p>&nbsp;<\/p>\n<p><em>Seda toodet saab tellida vaid koos teiste k\u00e4ru lisadega.<\/em><\/p>\n","protected":false},"excerpt":{"rendered":"<h1><span style=\"font-size: 14pt;\">Tumepruun kunstnahk k\u00e4rulisadele on ilmastikukindel ja tugev materjal.\u00a0<\/span><\/h1>\n<p><em>Laos oleva kanga puhul valmib tellitud toode lubatud aja jooksul. Kui kangas on laost otsas ja on vaja tellida, saabub see 2 n\u00e4dalaga.<\/em><\/p>\n","protected":false},"featured_media":5918,"comment_status":"open","ping_status":"closed","template":"","meta":{"_uag_custom_page_level_css":"","site-sidebar-layout":"default","site-content-layout":"","ast-site-content-layout":"default","site-content-style":"default","site-sidebar-style":"default","ast-global-header-display":"","ast-banner-title-visibility":"","ast-main-header-display":"","ast-hfb-above-header-display":"","ast-hfb-below-header-display":"","ast-hfb-mobile-header-display":"","site-post-title":"","ast-breadcrumbs-content":"","ast-featured-img":"","footer-sml-layout":"","theme-transparent-header-meta":"","adv-header-id-meta":"","stick-header-meta":"","header-above-stick-meta":"","header-main-stick-meta":"","header-below-stick-meta":"","astra-migrate-meta-layouts":"default","ast-page-background-enabled":"default","ast-page-background-meta":{"desktop":{"background-color":"var(--ast-global-color-4)","background-image":"","background-repeat":"repeat","background-position":"center center","background-size":"auto","background-attachment":"scroll","background-type":"","background-media":"","overlay-type":"","overlay-color":"","overlay-opacity":"","overlay-gradient":""},"tablet":{"background-color":"","background-image":"","background-repeat":"repeat","background-position":"center center","background-size":"auto","background-attachment":"scroll","background-type":"","background-media":"","overlay-type":"","overlay-color":"","overlay-opacity":"","overlay-gradient":""},"mobile":{"background-color":"","background-image":"","background-repeat":"repeat","background-position":"center center","background-size":"auto","background-attachment":"scroll","background-type":"","background-media":"","overlay-type":"","overlay-color":"","overlay-opacity":"","overlay-gradient":""}},"ast-content-background-meta":{"desktop":{"background-color":"var(--ast-global-color-5)","background-image":"","background-repeat":"repeat","background-position":"center center","background-size":"auto","background-attachment":"scroll","background-type":"","background-media":"","overlay-type":"","overlay-color":"","overlay-opacity":"","overlay-gradient":""},"tablet":{"background-color":"var(--ast-global-color-5)","background-image":"","background-repeat":"repeat","background-position":"center center","background-size":"auto","background-attachment":"scroll","background-type":"","background-media":"","overlay-type":"","overlay-color":"","overlay-opacity":"","overlay-gradient":""},"mobile":{"background-color":"var(--ast-global-color-5)","background-image":"","background-repeat":"repeat","background-position":"center center","background-size":"auto","background-attachment":"scroll","background-type":"","background-media":"","overlay-type":"","overlay-color":"","overlay-opacity":"","overlay-gradient":""}}},"product_brand":[],"product_cat":[1017,1014,1016,1015,1011],"product_tag":[],"class_list":{"0":"post-5158","1":"product","2":"type-product","3":"status-publish","4":"has-post-thumbnail","6":"product_cat-kunstnahk-jalakatte-aareosaks","7":"product_cat-kunstnahk-karupehmenduse-kannaosale","8":"product_cat-kunstnahk-kotile","9":"product_cat-kunstnahk-rihmaehmendustele","10":"product_cat-kunstnahk-lukuga-turvakaare-kattele","11":"desktop-align-left","12":"tablet-align-left","13":"mobile-align-left","15":"first","16":"instock","17":"taxable","18":"shipping-taxable","19":"purchasable","20":"product-type-simple"},"supplier_id":null,"supplier_sku":"","barcode":null,"atum_controlled":true,"out_stock_date":null,"out_stock_threshold":null,"inheritable":false,"inbound_stock":0,"stock_on_hold":0,"sold_today":0,"sales_last_days":0,"reserved_stock":0,"customer_returns":0,"warehouse_damage":0,"lost_in_post":0,"other_logs":0,"out_stock_days":0,"lost_sales":0,"has_location":false,"update_date":"2026-04-08T00:06:44","atum_locations":[],"atum_stock_status":"instock","restock_status":false,"low_stock_amount":"","sales_update_date":"2026-04-08T00:06:44","calc_backorders":0,"yoast_head":"<!-- This site is optimized with the Yoast SEO plugin v27.3 - https:\/\/yoast.com\/product\/yoast-seo-wordpress\/ -->\n<title>Tumepruun kunstnahk k\u00e4rulisadele (j\u00e4ik) - Sannale<\/title>\n<meta name=\"description\" content=\"Tumepruun kunstnahk k\u00e4rulisadele - l\u00fckkesanga kate, turvakaare kate ja vihmakile kott.\" \/>\n<meta name=\"robots\" content=\"index, follow, max-snippet:-1, max-image-preview:large, max-video-preview:-1\" \/>\n<link rel=\"canonical\" href=\"https:\/\/sannale.ee\/toode\/tumepruun-kunstnahk-karulisadele\/\" \/>\n<meta property=\"og:locale\" content=\"en_US\" \/>\n<meta property=\"og:type\" content=\"article\" \/>\n<meta property=\"og:title\" content=\"Tumepruun kunstnahk k\u00e4rulisadele (j\u00e4ik) - Sannale\" \/>\n<meta property=\"og:description\" content=\"Tumepruun kunstnahk k\u00e4rulisadele - l\u00fckkesanga kate, turvakaare kate ja vihmakile kott.\" \/>\n<meta property=\"og:url\" content=\"https:\/\/sannale.ee\/toode\/tumepruun-kunstnahk-karulisadele\/\" \/>\n<meta property=\"og:site_name\" content=\"Sannale\" \/>\n<meta property=\"article:publisher\" content=\"https:\/\/www.facebook.com\/MinuSannale\" \/>\n<meta property=\"article:modified_time\" content=\"2024-07-15T08:13:18+00:00\" \/>\n<meta property=\"og:image\" content=\"https:\/\/sannale.ee\/wp-content\/uploads\/2021\/08\/IMGP7063.jpg\" \/>\n\t<meta property=\"og:image:width\" content=\"1024\" \/>\n\t<meta property=\"og:image:height\" content=\"1024\" \/>\n\t<meta property=\"og:image:type\" content=\"image\/jpeg\" \/>\n<meta name=\"twitter:card\" content=\"summary_large_image\" \/>\n<meta name=\"twitter:label1\" content=\"Est. reading time\" \/>\n\t<meta name=\"twitter:data1\" content=\"2 minutes\" \/>\n<script type=\"application\/ld+json\" class=\"yoast-schema-graph\">{\"@context\":\"https:\\\/\\\/schema.org\",\"@graph\":[{\"@type\":\"WebPage\",\"@id\":\"https:\\\/\\\/sannale.ee\\\/toode\\\/tumepruun-kunstnahk-karulisadele\\\/\",\"url\":\"https:\\\/\\\/sannale.ee\\\/toode\\\/tumepruun-kunstnahk-karulisadele\\\/\",\"name\":\"Tumepruun kunstnahk k\u00e4rulisadele (j\u00e4ik) - Sannale\",\"isPartOf\":{\"@id\":\"https:\\\/\\\/sannale.ee\\\/#website\"},\"primaryImageOfPage\":{\"@id\":\"https:\\\/\\\/sannale.ee\\\/toode\\\/tumepruun-kunstnahk-karulisadele\\\/#primaryimage\"},\"image\":{\"@id\":\"https:\\\/\\\/sannale.ee\\\/toode\\\/tumepruun-kunstnahk-karulisadele\\\/#primaryimage\"},\"thumbnailUrl\":\"https:\\\/\\\/sannale.ee\\\/wp-content\\\/uploads\\\/2021\\\/08\\\/IMGP7063.jpg\",\"datePublished\":\"2021-08-31T11:46:17+00:00\",\"dateModified\":\"2024-07-15T08:13:18+00:00\",\"description\":\"Tumepruun kunstnahk k\u00e4rulisadele - l\u00fckkesanga kate, turvakaare kate ja vihmakile kott.\",\"breadcrumb\":{\"@id\":\"https:\\\/\\\/sannale.ee\\\/toode\\\/tumepruun-kunstnahk-karulisadele\\\/#breadcrumb\"},\"inLanguage\":\"en-US\",\"potentialAction\":[{\"@type\":\"ReadAction\",\"target\":[\"https:\\\/\\\/sannale.ee\\\/toode\\\/tumepruun-kunstnahk-karulisadele\\\/\"]}]},{\"@type\":\"ImageObject\",\"inLanguage\":\"en-US\",\"@id\":\"https:\\\/\\\/sannale.ee\\\/toode\\\/tumepruun-kunstnahk-karulisadele\\\/#primaryimage\",\"url\":\"https:\\\/\\\/sannale.ee\\\/wp-content\\\/uploads\\\/2021\\\/08\\\/IMGP7063.jpg\",\"contentUrl\":\"https:\\\/\\\/sannale.ee\\\/wp-content\\\/uploads\\\/2021\\\/08\\\/IMGP7063.jpg\",\"width\":1024,\"height\":1024,\"caption\":\"L\u00fckkesanga kate - tumepruun\"},{\"@type\":\"BreadcrumbList\",\"@id\":\"https:\\\/\\\/sannale.ee\\\/toode\\\/tumepruun-kunstnahk-karulisadele\\\/#breadcrumb\",\"itemListElement\":[{\"@type\":\"ListItem\",\"position\":1,\"name\":\"Home\",\"item\":\"https:\\\/\\\/sannale.ee\\\/en\\\/\"},{\"@type\":\"ListItem\",\"position\":2,\"name\":\"Shop\",\"item\":\"https:\\\/\\\/sannale.ee\\\/en\\\/shop\\\/\"},{\"@type\":\"ListItem\",\"position\":3,\"name\":\"Tumepruun kunstnahk k\u00e4rulisadele (j\u00e4ik)\"}]},{\"@type\":\"WebSite\",\"@id\":\"https:\\\/\\\/sannale.ee\\\/#website\",\"url\":\"https:\\\/\\\/sannale.ee\\\/\",\"name\":\"Sannale\",\"description\":\"K\u00e4sit\u00f6\u00f6na valminud k\u00e4rulisad ja lastetarbed\",\"publisher\":{\"@id\":\"https:\\\/\\\/sannale.ee\\\/#organization\"},\"potentialAction\":[{\"@type\":\"SearchAction\",\"target\":{\"@type\":\"EntryPoint\",\"urlTemplate\":\"https:\\\/\\\/sannale.ee\\\/?s={search_term_string}\"},\"query-input\":{\"@type\":\"PropertyValueSpecification\",\"valueRequired\":true,\"valueName\":\"search_term_string\"}}],\"inLanguage\":\"en-US\"},{\"@type\":\"Organization\",\"@id\":\"https:\\\/\\\/sannale.ee\\\/#organization\",\"name\":\"Sannale\",\"url\":\"https:\\\/\\\/sannale.ee\\\/\",\"logo\":{\"@type\":\"ImageObject\",\"inLanguage\":\"en-US\",\"@id\":\"https:\\\/\\\/sannale.ee\\\/#\\\/schema\\\/logo\\\/image\\\/\",\"url\":\"https:\\\/\\\/sannale.ee\\\/wp-content\\\/uploads\\\/2024\\\/02\\\/cropped-sannale-fb-logo-sydamega-5-tumedam-3-scaled.png\",\"contentUrl\":\"https:\\\/\\\/sannale.ee\\\/wp-content\\\/uploads\\\/2024\\\/02\\\/cropped-sannale-fb-logo-sydamega-5-tumedam-3-scaled.png\",\"width\":5100,\"height\":1758,\"caption\":\"Sannale\"},\"image\":{\"@id\":\"https:\\\/\\\/sannale.ee\\\/#\\\/schema\\\/logo\\\/image\\\/\"},\"sameAs\":[\"https:\\\/\\\/www.facebook.com\\\/MinuSannale\"]}]}<\/script>\n<!-- \/ Yoast SEO plugin. -->","yoast_head_json":{"title":"Tumepruun kunstnahk k\u00e4rulisadele (j\u00e4ik) - Sannale","description":"Tumepruun kunstnahk k\u00e4rulisadele - l\u00fckkesanga kate, turvakaare kate ja vihmakile kott.","robots":{"index":"index","follow":"follow","max-snippet":"max-snippet:-1","max-image-preview":"max-image-preview:large","max-video-preview":"max-video-preview:-1"},"canonical":"https:\/\/sannale.ee\/toode\/tumepruun-kunstnahk-karulisadele\/","og_locale":"en_US","og_type":"article","og_title":"Tumepruun kunstnahk k\u00e4rulisadele (j\u00e4ik) - Sannale","og_description":"Tumepruun kunstnahk k\u00e4rulisadele - l\u00fckkesanga kate, turvakaare kate ja vihmakile kott.","og_url":"https:\/\/sannale.ee\/toode\/tumepruun-kunstnahk-karulisadele\/","og_site_name":"Sannale","article_publisher":"https:\/\/www.facebook.com\/MinuSannale","article_modified_time":"2024-07-15T08:13:18+00:00","og_image":[{"width":1024,"height":1024,"url":"https:\/\/sannale.ee\/wp-content\/uploads\/2021\/08\/IMGP7063.jpg","type":"image\/jpeg"}],"twitter_card":"summary_large_image","twitter_misc":{"Est. reading time":"2 minutes"},"schema":{"@context":"https:\/\/schema.org","@graph":[{"@type":"WebPage","@id":"https:\/\/sannale.ee\/toode\/tumepruun-kunstnahk-karulisadele\/","url":"https:\/\/sannale.ee\/toode\/tumepruun-kunstnahk-karulisadele\/","name":"Tumepruun kunstnahk k\u00e4rulisadele (j\u00e4ik) - Sannale","isPartOf":{"@id":"https:\/\/sannale.ee\/#website"},"primaryImageOfPage":{"@id":"https:\/\/sannale.ee\/toode\/tumepruun-kunstnahk-karulisadele\/#primaryimage"},"image":{"@id":"https:\/\/sannale.ee\/toode\/tumepruun-kunstnahk-karulisadele\/#primaryimage"},"thumbnailUrl":"https:\/\/sannale.ee\/wp-content\/uploads\/2021\/08\/IMGP7063.jpg","datePublished":"2021-08-31T11:46:17+00:00","dateModified":"2024-07-15T08:13:18+00:00","description":"Tumepruun kunstnahk k\u00e4rulisadele - l\u00fckkesanga kate, turvakaare kate ja vihmakile kott.","breadcrumb":{"@id":"https:\/\/sannale.ee\/toode\/tumepruun-kunstnahk-karulisadele\/#breadcrumb"},"inLanguage":"en-US","potentialAction":[{"@type":"ReadAction","target":["https:\/\/sannale.ee\/toode\/tumepruun-kunstnahk-karulisadele\/"]}]},{"@type":"ImageObject","inLanguage":"en-US","@id":"https:\/\/sannale.ee\/toode\/tumepruun-kunstnahk-karulisadele\/#primaryimage","url":"https:\/\/sannale.ee\/wp-content\/uploads\/2021\/08\/IMGP7063.jpg","contentUrl":"https:\/\/sannale.ee\/wp-content\/uploads\/2021\/08\/IMGP7063.jpg","width":1024,"height":1024,"caption":"L\u00fckkesanga kate - tumepruun"},{"@type":"BreadcrumbList","@id":"https:\/\/sannale.ee\/toode\/tumepruun-kunstnahk-karulisadele\/#breadcrumb","itemListElement":[{"@type":"ListItem","position":1,"name":"Home","item":"https:\/\/sannale.ee\/en\/"},{"@type":"ListItem","position":2,"name":"Shop","item":"https:\/\/sannale.ee\/en\/shop\/"},{"@type":"ListItem","position":3,"name":"Tumepruun kunstnahk k\u00e4rulisadele (j\u00e4ik)"}]},{"@type":"WebSite","@id":"https:\/\/sannale.ee\/#website","url":"https:\/\/sannale.ee\/","name":"Sannale","description":"K\u00e4sit\u00f6\u00f6na valminud k\u00e4rulisad ja lastetarbed","publisher":{"@id":"https:\/\/sannale.ee\/#organization"},"potentialAction":[{"@type":"SearchAction","target":{"@type":"EntryPoint","urlTemplate":"https:\/\/sannale.ee\/?s={search_term_string}"},"query-input":{"@type":"PropertyValueSpecification","valueRequired":true,"valueName":"search_term_string"}}],"inLanguage":"en-US"},{"@type":"Organization","@id":"https:\/\/sannale.ee\/#organization","name":"Sannale","url":"https:\/\/sannale.ee\/","logo":{"@type":"ImageObject","inLanguage":"en-US","@id":"https:\/\/sannale.ee\/#\/schema\/logo\/image\/","url":"https:\/\/sannale.ee\/wp-content\/uploads\/2024\/02\/cropped-sannale-fb-logo-sydamega-5-tumedam-3-scaled.png","contentUrl":"https:\/\/sannale.ee\/wp-content\/uploads\/2024\/02\/cropped-sannale-fb-logo-sydamega-5-tumedam-3-scaled.png","width":5100,"height":1758,"caption":"Sannale"},"image":{"@id":"https:\/\/sannale.ee\/#\/schema\/logo\/image\/"},"sameAs":["https:\/\/www.facebook.com\/MinuSannale"]}]}},"uagb_featured_image_src":{"full":["https:\/\/sannale.ee\/wp-content\/uploads\/2021\/08\/IMGP7063.jpg",1024,1024,false],"thumbnail":["https:\/\/sannale.ee\/wp-content\/uploads\/2021\/08\/IMGP7063-150x150.jpg",150,150,true],"medium":["https:\/\/sannale.ee\/wp-content\/uploads\/2021\/08\/IMGP7063-300x300.jpg",300,300,true],"medium_large":["https:\/\/sannale.ee\/wp-content\/uploads\/2021\/08\/IMGP7063-768x768.jpg",768,768,true],"large":["https:\/\/sannale.ee\/wp-content\/uploads\/2021\/08\/IMGP7063-1024x1024.jpg",1024,1024,true],"1536x1536":["https:\/\/sannale.ee\/wp-content\/uploads\/2021\/08\/IMGP7063.jpg",1024,1024,false],"2048x2048":["https:\/\/sannale.ee\/wp-content\/uploads\/2021\/08\/IMGP7063.jpg",1024,1024,false],"woocommerce_thumbnail":["https:\/\/sannale.ee\/wp-content\/uploads\/2021\/08\/IMGP7063-300x300.jpg",300,300,true],"woocommerce_single":["https:\/\/sannale.ee\/wp-content\/uploads\/2021\/08\/IMGP7063-600x600.jpg",600,600,true],"woocommerce_gallery_thumbnail":["https:\/\/sannale.ee\/wp-content\/uploads\/2021\/08\/IMGP7063-100x100.jpg",100,100,true],"variation_swatches_image_size":["https:\/\/sannale.ee\/wp-content\/uploads\/2021\/08\/IMGP7063.jpg",50,50,false],"variation_swatches_tooltip_size":["https:\/\/sannale.ee\/wp-content\/uploads\/2021\/08\/IMGP7063.jpg",100,100,false]},"uagb_author_info":{"display_name":"meelip","author_link":"https:\/\/sannale.ee\/en\/author\/"},"uagb_comment_info":2,"uagb_excerpt":"Tumepruun kunstnahk k\u00e4rulisadele on ilmastikukindel ja tugev materjal.\u00a0 Laos oleva kanga puhul valmib tellitud toode lubatud aja jooksul. Kui kangas on laost otsas ja on vaja tellida, saabub see 2 n\u00e4dalaga.","jetpack_sharing_enabled":true,"_links":{"self":[{"href":"https:\/\/sannale.ee\/en\/wp-json\/wp\/v2\/product\/5158","targetHints":{"allow":["GET"]}}],"collection":[{"href":"https:\/\/sannale.ee\/en\/wp-json\/wp\/v2\/product"}],"about":[{"href":"https:\/\/sannale.ee\/en\/wp-json\/wp\/v2\/types\/product"}],"replies":[{"embeddable":true,"href":"https:\/\/sannale.ee\/en\/wp-json\/wp\/v2\/comments?post=5158"}],"wp:featuredmedia":[{"embeddable":true,"href":"https:\/\/sannale.ee\/en\/wp-json\/wp\/v2\/media\/5918"}],"wp:attachment":[{"href":"https:\/\/sannale.ee\/en\/wp-json\/wp\/v2\/media?parent=5158"}],"wp:term":[{"taxonomy":"product_brand","embeddable":true,"href":"https:\/\/sannale.ee\/en\/wp-json\/wp\/v2\/product_brand?post=5158"},{"taxonomy":"product_cat","embeddable":true,"href":"https:\/\/sannale.ee\/en\/wp-json\/wp\/v2\/product_cat?post=5158"},{"taxonomy":"product_tag","embeddable":true,"href":"https:\/\/sannale.ee\/en\/wp-json\/wp\/v2\/product_tag?post=5158"}],"curies":[{"name":"wp","href":"https:\/\/api.w.org\/{rel}","templated":true}]}}