{"id":50846,"date":"2026-01-27T16:46:13","date_gmt":"2026-01-27T14:46:13","guid":{"rendered":"https:\/\/sannale.ee\/?post_type=product&#038;p=50846"},"modified":"2026-02-27T11:58:59","modified_gmt":"2026-02-27T09:58:59","slug":"helkur-karu-kaarvarjule","status":"publish","type":"product","link":"https:\/\/sannale.ee\/en\/toode\/helkur-karu-kaarvarjule\/","title":{"rendered":"Helkur k\u00e4ru kaarvarjule"},"content":{"rendered":"\n<ul class=\"wp-block-list\">\n<li><strong>Komplekt koosneb neljast detailist<\/strong>: kahest pikast reguleeritava pikkusega helkurist (55-100cm ja  50-90) ja kahest l\u00fchikesest \u00fcmer t\u00f5stetava asukohaga helkurist (40cm)<\/li>\n\n\n\n<li><strong>L\u00fchikesed detailid kinnituvad kr\u00f5psupaelaga<\/strong> pikkade k\u00fclge ning nende asukohta saab vastavalt vajadusele \u00fcmber t\u00f5sta<\/li>\n\n\n\n<li><strong>Kinnitub \u00fcmber k\u00e4ru raami<\/strong> sidumispaelte v\u00f5i kr\u00f5psupaela abil, v\u00f5imaldab erinevaid paigaldusviise<\/li>\n\n\n\n<li><strong>Vastupidav materjal ja ilmastikukindel plastikust \u00fchendusdetail<\/strong>, mis hoiab helkuri ja kr\u00f5psupaelad kindlalt koos<\/li>\n\n\n\n<li><strong>Eestis disainitud ja k\u00e4sit\u00f6\u00f6na valmistatud<\/strong> \u2013 loodud Sannale\u00ae poolt<\/li>\n<\/ul>\n\n\n\n<p><\/p>\n\n\n\n<h2 class=\"wp-block-heading has-large-font-size\">Valmimise aeg<\/h2>\n\n\n\n<p>Kui valitud jalakate on meil&nbsp;<strong>laos olemas<\/strong>, postitame paki&nbsp;<strong>1-2 t\u00f6\u00f6p\u00e4eva<\/strong>&nbsp;jooksul.<\/p>\n\n\n\n<p>Kui sinu valitud v\u00e4rvuses jalakatet ei ole hetkel laos,&nbsp; siis&nbsp;meie \u00f5mblejad teevad selle just sinu jaoks valmis&nbsp;<strong>1-2 n\u00e4dala<\/strong>&nbsp;jooksul. &nbsp;<\/p>\n\n\n\n<figure class=\"wp-block-embed is-type-video is-provider-youtube wp-block-embed-youtube wp-embed-aspect-16-9 wp-has-aspect-ratio\"><div class=\"wp-block-embed__wrapper\">\n<iframe title=\"Helkur k\u00e4ru kaarvarjule Sannale\" width=\"422\" height=\"750\" data-src=\"https:\/\/www.youtube.com\/embed\/qJnj2ekK3pA?feature=oembed\" frameborder=\"0\" allow=\"accelerometer; autoplay; clipboard-write; encrypted-media; gyroscope; picture-in-picture; web-share\" referrerpolicy=\"strict-origin-when-cross-origin\" allowfullscreen src=\"data:image\/svg+xml;base64,PHN2ZyB3aWR0aD0iMSIgaGVpZ2h0PSIxIiB4bWxucz0iaHR0cDovL3d3dy53My5vcmcvMjAwMC9zdmciPjwvc3ZnPg==\" class=\"lazyload\" data-load-mode=\"1\"><\/iframe>\n<\/div><\/figure>\n\n\n\n<p><\/p>\n\n\n\n<h4 class=\"wp-block-heading\">Hooldusjuhis<\/h4>\n\n\n\n<p>100% pol\u00fcester. Pesta madalal temperatuuril nagu spordir\u00f5ivaid. Vajadusel v\u00f5ib triikida n\u00f5rga kuumusega vaid paremalt poolt&nbsp;(karvase poole pealt ei tohi!).<\/p>\n\n\n\n<figure class=\"wp-block-image\"><img decoding=\"async\" width=\"300\" height=\"200\" data-src=\"https:\/\/sannale.ee\/wp-content\/uploads\/2023\/12\/meeli2.jpg\" alt=\"\" class=\"wp-image-16939 lazyload\" src=\"data:image\/svg+xml;base64,PHN2ZyB3aWR0aD0iMSIgaGVpZ2h0PSIxIiB4bWxucz0iaHR0cDovL3d3dy53My5vcmcvMjAwMC9zdmciPjwvc3ZnPg==\" style=\"--smush-placeholder-width: 300px; --smush-placeholder-aspect-ratio: 300\/200;\" \/><\/figure>\n\n\n\n<h4 class=\"wp-block-heading\">Tekkis k\u00fcsimusi v\u00f5i vajaksid n\u00f5uannet? V\u00f5ta \u00fchendust ja vaatame koos!&nbsp;<\/h4>\n\n\n\n<p>tel.&nbsp;<a href=\"tel:37258863122\">+372 58863122<\/a><\/p>\n\n\n\n<p><a href=\"mailto:sannale@sannale.ee\">sannale@sannale.ee<\/a><\/p>\n\n\n\n<p>Meeli Viljaste<\/p>\n\n\n\n<p><\/p>\n\n\n\n<p><strong><a href=\"https:\/\/sannale.ee\/kkk\/\" target=\"_blank\" rel=\"noreferrer noopener\">Vaata siit ka teisi korduma kippuvaid k\u00fcsimusi tarne, valmistamise, tagastamise ja garantii kohta.<\/a><\/strong><\/p>\n","protected":false},"excerpt":{"rendered":"<p><strong>Lihtne<\/strong> viis teha k\u00e4ru <strong>pimedas<\/strong> h\u00e4sti n\u00e4htavaks.<br \/>\n<strong>Reguleeritav<\/strong> pikkus ja kohandatav kuju sobituvad sinu k\u00e4ru kaare kujuga.<\/p>\n","protected":false},"featured_media":50859,"comment_status":"open","ping_status":"closed","template":"","meta":{"_uag_custom_page_level_css":"","site-sidebar-layout":"default","site-content-layout":"","ast-site-content-layout":"default","site-content-style":"default","site-sidebar-style":"default","ast-global-header-display":"","ast-banner-title-visibility":"","ast-main-header-display":"","ast-hfb-above-header-display":"","ast-hfb-below-header-display":"","ast-hfb-mobile-header-display":"","site-post-title":"","ast-breadcrumbs-content":"","ast-featured-img":"","footer-sml-layout":"","ast-disable-related-posts":"","theme-transparent-header-meta":"","adv-header-id-meta":"","stick-header-meta":"","header-above-stick-meta":"","header-main-stick-meta":"","header-below-stick-meta":"","astra-migrate-meta-layouts":"default","ast-page-background-enabled":"default","ast-page-background-meta":{"desktop":{"background-color":"var(--ast-global-color-4)","background-image":"","background-repeat":"repeat","background-position":"center center","background-size":"auto","background-attachment":"scroll","background-type":"","background-media":"","overlay-type":"","overlay-color":"","overlay-opacity":"","overlay-gradient":""},"tablet":{"background-color":"","background-image":"","background-repeat":"repeat","background-position":"center center","background-size":"auto","background-attachment":"scroll","background-type":"","background-media":"","overlay-type":"","overlay-color":"","overlay-opacity":"","overlay-gradient":""},"mobile":{"background-color":"","background-image":"","background-repeat":"repeat","background-position":"center center","background-size":"auto","background-attachment":"scroll","background-type":"","background-media":"","overlay-type":"","overlay-color":"","overlay-opacity":"","overlay-gradient":""}},"ast-content-background-meta":{"desktop":{"background-color":"var(--ast-global-color-5)","background-image":"","background-repeat":"repeat","background-position":"center center","background-size":"auto","background-attachment":"scroll","background-type":"","background-media":"","overlay-type":"","overlay-color":"","overlay-opacity":"","overlay-gradient":""},"tablet":{"background-color":"var(--ast-global-color-5)","background-image":"","background-repeat":"repeat","background-position":"center center","background-size":"auto","background-attachment":"scroll","background-type":"","background-media":"","overlay-type":"","overlay-color":"","overlay-opacity":"","overlay-gradient":""},"mobile":{"background-color":"var(--ast-global-color-5)","background-image":"","background-repeat":"repeat","background-position":"center center","background-size":"auto","background-attachment":"scroll","background-type":"","background-media":"","overlay-type":"","overlay-color":"","overlay-opacity":"","overlay-gradient":""}}},"product_brand":[],"product_cat":[20],"product_tag":[2569,2566,2564,2559,2561,2562,2570,2567,2560,2568,2565,2563,2571],"class_list":{"0":"post-50846","1":"product","2":"type-product","3":"status-publish","4":"has-post-thumbnail","6":"product_cat-karude-lisavarustus","7":"product_tag-helkur-kaarvarjule","8":"product_tag-helkur-karu-kaarvarjule","9":"product_tag-helkur-karu-kaarvarjule-karu-kaarvarju-helkur-kaarvarju-helkur-karu-helkur-kaarvarjule-helkur-kaarvarjule-kaarvari-helkur-vankrikaarvarju-helkur","10":"product_tag-helkurid-kaarvarjule","11":"product_tag-helkurid-karule","12":"product_tag-kaare-helkur","13":"product_tag-kaarvari-helkur","14":"product_tag-kaarvarju-helkur","15":"product_tag-kaarvarju-helkurid","16":"product_tag-karu-helkur-kaarvarjule","17":"product_tag-karu-kaarvarju-helkur","18":"product_tag-vankri-helkur","19":"product_tag-vankri-kaarvarju-helkur","20":"desktop-align-left","21":"tablet-align-left","22":"mobile-align-left","24":"first","25":"instock","26":"taxable","27":"shipping-taxable","28":"purchasable","29":"product-type-simple"},"supplier_id":null,"supplier_sku":"","barcode":null,"atum_controlled":true,"out_stock_date":null,"out_stock_threshold":null,"inheritable":false,"inbound_stock":0,"stock_on_hold":0,"sold_today":0,"sales_last_days":0,"reserved_stock":0,"customer_returns":0,"warehouse_damage":0,"lost_in_post":0,"other_logs":0,"out_stock_days":0,"lost_sales":0,"has_location":false,"update_date":"2026-05-07T04:08:29","atum_locations":[],"atum_stock_status":"instock","restock_status":false,"low_stock_amount":"","sales_update_date":"2026-05-07T04:08:28","calc_backorders":0,"yoast_head":"<!-- This site is optimized with the Yoast SEO plugin v27.5 - https:\/\/yoast.com\/product\/yoast-seo-wordpress\/ -->\n<title>Helkur k\u00e4ru kaarvarjule - Sannale<\/title>\n<meta name=\"description\" content=\"Helkur k\u00e4ru kaarvarjule parandab k\u00e4ru n\u00e4htavust pimedal ajal. Reguleeritav ja lihtsasti kinnitatav. Eestis disainitud ja k\u00e4sit\u00f6\u00f6na \u00f5mmeldud, Sannale\u00ae.\" \/>\n<meta name=\"robots\" content=\"index, follow, max-snippet:-1, max-image-preview:large, max-video-preview:-1\" \/>\n<link rel=\"canonical\" href=\"https:\/\/sannale.ee\/toode\/helkur-karu-kaarvarjule\/\" \/>\n<meta property=\"og:locale\" content=\"en_US\" \/>\n<meta property=\"og:type\" content=\"article\" \/>\n<meta property=\"og:title\" content=\"Helkur k\u00e4ru kaarvarjule - Sannale\" \/>\n<meta property=\"og:description\" content=\"Helkur k\u00e4ru kaarvarjule parandab k\u00e4ru n\u00e4htavust pimedal ajal. Reguleeritav ja lihtsasti kinnitatav. Eestis disainitud ja k\u00e4sit\u00f6\u00f6na \u00f5mmeldud, Sannale\u00ae.\" \/>\n<meta property=\"og:url\" content=\"https:\/\/sannale.ee\/toode\/helkur-karu-kaarvarjule\/\" \/>\n<meta property=\"og:site_name\" content=\"Sannale\" \/>\n<meta property=\"article:publisher\" content=\"https:\/\/www.facebook.com\/MinuSannale\" \/>\n<meta property=\"article:modified_time\" content=\"2026-02-27T09:58:59+00:00\" \/>\n<meta property=\"og:image\" content=\"https:\/\/sannale.ee\/wp-content\/uploads\/2026\/01\/Helkur-karu-kaarvarjule-5.jpg\" \/>\n\t<meta property=\"og:image:width\" content=\"1400\" \/>\n\t<meta property=\"og:image:height\" content=\"1400\" \/>\n\t<meta property=\"og:image:type\" content=\"image\/jpeg\" \/>\n<meta name=\"twitter:card\" content=\"summary_large_image\" \/>\n<meta name=\"twitter:label1\" content=\"Est. reading time\" \/>\n\t<meta name=\"twitter:data1\" content=\"2 minutes\" \/>\n<script type=\"application\/ld+json\" class=\"yoast-schema-graph\">{\"@context\":\"https:\\\/\\\/schema.org\",\"@graph\":[{\"@type\":\"WebPage\",\"@id\":\"https:\\\/\\\/sannale.ee\\\/toode\\\/helkur-karu-kaarvarjule\\\/\",\"url\":\"https:\\\/\\\/sannale.ee\\\/toode\\\/helkur-karu-kaarvarjule\\\/\",\"name\":\"Helkur k\u00e4ru kaarvarjule - Sannale\",\"isPartOf\":{\"@id\":\"https:\\\/\\\/sannale.ee\\\/#website\"},\"primaryImageOfPage\":{\"@id\":\"https:\\\/\\\/sannale.ee\\\/toode\\\/helkur-karu-kaarvarjule\\\/#primaryimage\"},\"image\":{\"@id\":\"https:\\\/\\\/sannale.ee\\\/toode\\\/helkur-karu-kaarvarjule\\\/#primaryimage\"},\"thumbnailUrl\":\"https:\\\/\\\/sannale.ee\\\/wp-content\\\/uploads\\\/2026\\\/01\\\/Helkur-karu-kaarvarjule-5.jpg\",\"datePublished\":\"2026-01-27T14:46:13+00:00\",\"dateModified\":\"2026-02-27T09:58:59+00:00\",\"description\":\"Helkur k\u00e4ru kaarvarjule parandab k\u00e4ru n\u00e4htavust pimedal ajal. Reguleeritav ja lihtsasti kinnitatav. Eestis disainitud ja k\u00e4sit\u00f6\u00f6na \u00f5mmeldud, Sannale\u00ae.\",\"breadcrumb\":{\"@id\":\"https:\\\/\\\/sannale.ee\\\/toode\\\/helkur-karu-kaarvarjule\\\/#breadcrumb\"},\"inLanguage\":\"en-US\",\"potentialAction\":[{\"@type\":\"ReadAction\",\"target\":[\"https:\\\/\\\/sannale.ee\\\/toode\\\/helkur-karu-kaarvarjule\\\/\"]}]},{\"@type\":\"ImageObject\",\"inLanguage\":\"en-US\",\"@id\":\"https:\\\/\\\/sannale.ee\\\/toode\\\/helkur-karu-kaarvarjule\\\/#primaryimage\",\"url\":\"https:\\\/\\\/sannale.ee\\\/wp-content\\\/uploads\\\/2026\\\/01\\\/Helkur-karu-kaarvarjule-5.jpg\",\"contentUrl\":\"https:\\\/\\\/sannale.ee\\\/wp-content\\\/uploads\\\/2026\\\/01\\\/Helkur-karu-kaarvarjule-5.jpg\",\"width\":1400,\"height\":1400,\"caption\":\"Helkur k\u00e4ru kaarvarjule\"},{\"@type\":\"BreadcrumbList\",\"@id\":\"https:\\\/\\\/sannale.ee\\\/toode\\\/helkur-karu-kaarvarjule\\\/#breadcrumb\",\"itemListElement\":[{\"@type\":\"ListItem\",\"position\":1,\"name\":\"Home\",\"item\":\"https:\\\/\\\/sannale.ee\\\/en\\\/\"},{\"@type\":\"ListItem\",\"position\":2,\"name\":\"Shop\",\"item\":\"https:\\\/\\\/sannale.ee\\\/en\\\/shop\\\/\"},{\"@type\":\"ListItem\",\"position\":3,\"name\":\"Helkur k\u00e4ru kaarvarjule\"}]},{\"@type\":\"WebSite\",\"@id\":\"https:\\\/\\\/sannale.ee\\\/#website\",\"url\":\"https:\\\/\\\/sannale.ee\\\/\",\"name\":\"Sannale\",\"description\":\"K\u00e4sit\u00f6\u00f6na valminud k\u00e4rulisad ja lastetarbed\",\"publisher\":{\"@id\":\"https:\\\/\\\/sannale.ee\\\/#organization\"},\"potentialAction\":[{\"@type\":\"SearchAction\",\"target\":{\"@type\":\"EntryPoint\",\"urlTemplate\":\"https:\\\/\\\/sannale.ee\\\/?s={search_term_string}\"},\"query-input\":{\"@type\":\"PropertyValueSpecification\",\"valueRequired\":true,\"valueName\":\"search_term_string\"}}],\"inLanguage\":\"en-US\"},{\"@type\":\"Organization\",\"@id\":\"https:\\\/\\\/sannale.ee\\\/#organization\",\"name\":\"Sannale\",\"url\":\"https:\\\/\\\/sannale.ee\\\/\",\"logo\":{\"@type\":\"ImageObject\",\"inLanguage\":\"en-US\",\"@id\":\"https:\\\/\\\/sannale.ee\\\/#\\\/schema\\\/logo\\\/image\\\/\",\"url\":\"https:\\\/\\\/sannale.ee\\\/wp-content\\\/uploads\\\/2024\\\/02\\\/cropped-sannale-fb-logo-sydamega-5-tumedam-3-scaled.png\",\"contentUrl\":\"https:\\\/\\\/sannale.ee\\\/wp-content\\\/uploads\\\/2024\\\/02\\\/cropped-sannale-fb-logo-sydamega-5-tumedam-3-scaled.png\",\"width\":5100,\"height\":1758,\"caption\":\"Sannale\"},\"image\":{\"@id\":\"https:\\\/\\\/sannale.ee\\\/#\\\/schema\\\/logo\\\/image\\\/\"},\"sameAs\":[\"https:\\\/\\\/www.facebook.com\\\/MinuSannale\"]}]}<\/script>\n<!-- \/ Yoast SEO plugin. -->","yoast_head_json":{"title":"Helkur k\u00e4ru kaarvarjule - Sannale","description":"Helkur k\u00e4ru kaarvarjule parandab k\u00e4ru n\u00e4htavust pimedal ajal. Reguleeritav ja lihtsasti kinnitatav. Eestis disainitud ja k\u00e4sit\u00f6\u00f6na \u00f5mmeldud, Sannale\u00ae.","robots":{"index":"index","follow":"follow","max-snippet":"max-snippet:-1","max-image-preview":"max-image-preview:large","max-video-preview":"max-video-preview:-1"},"canonical":"https:\/\/sannale.ee\/toode\/helkur-karu-kaarvarjule\/","og_locale":"en_US","og_type":"article","og_title":"Helkur k\u00e4ru kaarvarjule - Sannale","og_description":"Helkur k\u00e4ru kaarvarjule parandab k\u00e4ru n\u00e4htavust pimedal ajal. Reguleeritav ja lihtsasti kinnitatav. Eestis disainitud ja k\u00e4sit\u00f6\u00f6na \u00f5mmeldud, Sannale\u00ae.","og_url":"https:\/\/sannale.ee\/toode\/helkur-karu-kaarvarjule\/","og_site_name":"Sannale","article_publisher":"https:\/\/www.facebook.com\/MinuSannale","article_modified_time":"2026-02-27T09:58:59+00:00","og_image":[{"width":1400,"height":1400,"url":"https:\/\/sannale.ee\/wp-content\/uploads\/2026\/01\/Helkur-karu-kaarvarjule-5.jpg","type":"image\/jpeg"}],"twitter_card":"summary_large_image","twitter_misc":{"Est. reading time":"2 minutes"},"schema":{"@context":"https:\/\/schema.org","@graph":[{"@type":"WebPage","@id":"https:\/\/sannale.ee\/toode\/helkur-karu-kaarvarjule\/","url":"https:\/\/sannale.ee\/toode\/helkur-karu-kaarvarjule\/","name":"Helkur k\u00e4ru kaarvarjule - Sannale","isPartOf":{"@id":"https:\/\/sannale.ee\/#website"},"primaryImageOfPage":{"@id":"https:\/\/sannale.ee\/toode\/helkur-karu-kaarvarjule\/#primaryimage"},"image":{"@id":"https:\/\/sannale.ee\/toode\/helkur-karu-kaarvarjule\/#primaryimage"},"thumbnailUrl":"https:\/\/sannale.ee\/wp-content\/uploads\/2026\/01\/Helkur-karu-kaarvarjule-5.jpg","datePublished":"2026-01-27T14:46:13+00:00","dateModified":"2026-02-27T09:58:59+00:00","description":"Helkur k\u00e4ru kaarvarjule parandab k\u00e4ru n\u00e4htavust pimedal ajal. Reguleeritav ja lihtsasti kinnitatav. Eestis disainitud ja k\u00e4sit\u00f6\u00f6na \u00f5mmeldud, Sannale\u00ae.","breadcrumb":{"@id":"https:\/\/sannale.ee\/toode\/helkur-karu-kaarvarjule\/#breadcrumb"},"inLanguage":"en-US","potentialAction":[{"@type":"ReadAction","target":["https:\/\/sannale.ee\/toode\/helkur-karu-kaarvarjule\/"]}]},{"@type":"ImageObject","inLanguage":"en-US","@id":"https:\/\/sannale.ee\/toode\/helkur-karu-kaarvarjule\/#primaryimage","url":"https:\/\/sannale.ee\/wp-content\/uploads\/2026\/01\/Helkur-karu-kaarvarjule-5.jpg","contentUrl":"https:\/\/sannale.ee\/wp-content\/uploads\/2026\/01\/Helkur-karu-kaarvarjule-5.jpg","width":1400,"height":1400,"caption":"Helkur k\u00e4ru kaarvarjule"},{"@type":"BreadcrumbList","@id":"https:\/\/sannale.ee\/toode\/helkur-karu-kaarvarjule\/#breadcrumb","itemListElement":[{"@type":"ListItem","position":1,"name":"Home","item":"https:\/\/sannale.ee\/en\/"},{"@type":"ListItem","position":2,"name":"Shop","item":"https:\/\/sannale.ee\/en\/shop\/"},{"@type":"ListItem","position":3,"name":"Helkur k\u00e4ru kaarvarjule"}]},{"@type":"WebSite","@id":"https:\/\/sannale.ee\/#website","url":"https:\/\/sannale.ee\/","name":"Sannale","description":"K\u00e4sit\u00f6\u00f6na valminud k\u00e4rulisad ja lastetarbed","publisher":{"@id":"https:\/\/sannale.ee\/#organization"},"potentialAction":[{"@type":"SearchAction","target":{"@type":"EntryPoint","urlTemplate":"https:\/\/sannale.ee\/?s={search_term_string}"},"query-input":{"@type":"PropertyValueSpecification","valueRequired":true,"valueName":"search_term_string"}}],"inLanguage":"en-US"},{"@type":"Organization","@id":"https:\/\/sannale.ee\/#organization","name":"Sannale","url":"https:\/\/sannale.ee\/","logo":{"@type":"ImageObject","inLanguage":"en-US","@id":"https:\/\/sannale.ee\/#\/schema\/logo\/image\/","url":"https:\/\/sannale.ee\/wp-content\/uploads\/2024\/02\/cropped-sannale-fb-logo-sydamega-5-tumedam-3-scaled.png","contentUrl":"https:\/\/sannale.ee\/wp-content\/uploads\/2024\/02\/cropped-sannale-fb-logo-sydamega-5-tumedam-3-scaled.png","width":5100,"height":1758,"caption":"Sannale"},"image":{"@id":"https:\/\/sannale.ee\/#\/schema\/logo\/image\/"},"sameAs":["https:\/\/www.facebook.com\/MinuSannale"]}]}},"uagb_featured_image_src":{"full":["https:\/\/sannale.ee\/wp-content\/uploads\/2026\/01\/Helkur-karu-kaarvarjule-5.jpg",1400,1400,false],"thumbnail":["https:\/\/sannale.ee\/wp-content\/uploads\/2026\/01\/Helkur-karu-kaarvarjule-5-150x150.jpg",150,150,true],"medium":["https:\/\/sannale.ee\/wp-content\/uploads\/2026\/01\/Helkur-karu-kaarvarjule-5-300x300.jpg",300,300,true],"medium_large":["https:\/\/sannale.ee\/wp-content\/uploads\/2026\/01\/Helkur-karu-kaarvarjule-5-768x768.jpg",768,768,true],"large":["https:\/\/sannale.ee\/wp-content\/uploads\/2026\/01\/Helkur-karu-kaarvarjule-5-1024x1024.jpg",1024,1024,true],"1536x1536":["https:\/\/sannale.ee\/wp-content\/uploads\/2026\/01\/Helkur-karu-kaarvarjule-5.jpg",1400,1400,false],"2048x2048":["https:\/\/sannale.ee\/wp-content\/uploads\/2026\/01\/Helkur-karu-kaarvarjule-5.jpg",1400,1400,false],"woocommerce_thumbnail":["https:\/\/sannale.ee\/wp-content\/uploads\/2026\/01\/Helkur-karu-kaarvarjule-5-300x300.jpg",300,300,true],"woocommerce_single":["https:\/\/sannale.ee\/wp-content\/uploads\/2026\/01\/Helkur-karu-kaarvarjule-5-600x600.jpg",600,600,true],"woocommerce_gallery_thumbnail":["https:\/\/sannale.ee\/wp-content\/uploads\/2026\/01\/Helkur-karu-kaarvarjule-5-100x100.jpg",100,100,true],"variation_swatches_image_size":["https:\/\/sannale.ee\/wp-content\/uploads\/2026\/01\/Helkur-karu-kaarvarjule-5-50x50.jpg",50,50,true],"variation_swatches_tooltip_size":["https:\/\/sannale.ee\/wp-content\/uploads\/2026\/01\/Helkur-karu-kaarvarjule-5-100x100.jpg",100,100,true]},"uagb_author_info":{"display_name":"meelip","author_link":"https:\/\/sannale.ee\/en\/author\/"},"uagb_comment_info":0,"uagb_excerpt":"Lihtne viis teha k\u00e4ru pimedas h\u00e4sti n\u00e4htavaks. Reguleeritav pikkus ja kohandatav kuju sobituvad sinu k\u00e4ru kaare kujuga.","jetpack_sharing_enabled":true,"_links":{"self":[{"href":"https:\/\/sannale.ee\/en\/wp-json\/wp\/v2\/product\/50846","targetHints":{"allow":["GET"]}}],"collection":[{"href":"https:\/\/sannale.ee\/en\/wp-json\/wp\/v2\/product"}],"about":[{"href":"https:\/\/sannale.ee\/en\/wp-json\/wp\/v2\/types\/product"}],"replies":[{"embeddable":true,"href":"https:\/\/sannale.ee\/en\/wp-json\/wp\/v2\/comments?post=50846"}],"wp:featuredmedia":[{"embeddable":true,"href":"https:\/\/sannale.ee\/en\/wp-json\/wp\/v2\/media\/50859"}],"wp:attachment":[{"href":"https:\/\/sannale.ee\/en\/wp-json\/wp\/v2\/media?parent=50846"}],"wp:term":[{"taxonomy":"product_brand","embeddable":true,"href":"https:\/\/sannale.ee\/en\/wp-json\/wp\/v2\/product_brand?post=50846"},{"taxonomy":"product_cat","embeddable":true,"href":"https:\/\/sannale.ee\/en\/wp-json\/wp\/v2\/product_cat?post=50846"},{"taxonomy":"product_tag","embeddable":true,"href":"https:\/\/sannale.ee\/en\/wp-json\/wp\/v2\/product_tag?post=50846"}],"curies":[{"name":"wp","href":"https:\/\/api.w.org\/{rel}","templated":true}]}}