{"id":50795,"date":"2026-01-16T13:01:30","date_gmt":"2026-01-16T11:01:30","guid":{"rendered":"https:\/\/sannale.ee\/?post_type=product&#038;p=50795"},"modified":"2026-01-16T13:03:03","modified_gmt":"2026-01-16T11:03:03","slug":"tallakummide-varukomplekt","status":"publish","type":"product","link":"https:\/\/sannale.ee\/en\/toode\/tallakummide-varukomplekt\/","title":{"rendered":"Tallakummide reguleerimise ja kinnituse varukomplekt"},"content":{"rendered":"\n<p>Vahel juhtub, et m\u00f5ni v\u00e4ike, aga oluline detail kaob. See varukomplekt aitab sul Sannale\u00ae tallakumme edasi kasutada ka siis, kui m\u00f5ni stopper, n\u00f6\u00f6p v\u00f5i kummi pidur on kaduma l\u00e4inud v\u00f5i vajab vahetamist.<\/p>\n\n\n\n<p>Komplekt on m\u00f5eldud <strong>Sannale\u00ae tallakummide paigalduseks ja reguleerimiseks<\/strong> ning sobib olemasolevate tallakummide t\u00e4iendamiseks.<\/p>\n\n\n\n<p><strong>Komplekti sisu:<\/strong><\/p>\n\n\n\n<ul class=\"wp-block-list\">\n<li>2 \u00d7 stopper<\/li>\n\n\n\n<li>2 \u00d7 n\u00f6\u00f6p<\/li>\n\n\n\n<li>2 \u00d7 kummi pidur<\/li>\n<\/ul>\n\n\n\n<p>Varukomplekt on hea lahendus, kui:<\/p>\n\n\n\n<ul class=\"wp-block-list\">\n<li>kinnitusdetail on kasutamisel kaduma l\u00e4inud<\/li>\n\n\n\n<li>soovid tallakumme uuesti reguleerida<\/li>\n\n\n\n<li>tahad v\u00e4ltida terve uue tallakummide komplekti ostmist<\/li>\n<\/ul>\n\n\n\n<p><strong>Oluline info:<\/strong><\/p>\n\n\n\n<ul class=\"wp-block-list\">\n<li>M\u00f5eldud kasutamiseks Sannale\u00ae <a href=\"https:\/\/sannale.ee\/toode\/tallakummid\/\" target=\"_blank\" rel=\"noreferrer noopener\">tallakummidega<\/a><\/li>\n\n\n\n<li>Tallakummid ise ei kuulu komplekti<\/li>\n<\/ul>\n","protected":false},"excerpt":{"rendered":"<p>Abiks juhul, kui tallakummide kasutamisel on m\u00f5ni kinnitusdetail kaduma l\u00e4inud v\u00f5i vajab asendamist.<\/p>\n","protected":false},"featured_media":50796,"comment_status":"open","ping_status":"closed","template":"","meta":{"_uag_custom_page_level_css":"","site-sidebar-layout":"default","site-content-layout":"","ast-site-content-layout":"default","site-content-style":"default","site-sidebar-style":"default","ast-global-header-display":"","ast-banner-title-visibility":"","ast-main-header-display":"","ast-hfb-above-header-display":"","ast-hfb-below-header-display":"","ast-hfb-mobile-header-display":"","site-post-title":"","ast-breadcrumbs-content":"","ast-featured-img":"","footer-sml-layout":"","ast-disable-related-posts":"","theme-transparent-header-meta":"","adv-header-id-meta":"","stick-header-meta":"","header-above-stick-meta":"","header-main-stick-meta":"","header-below-stick-meta":"","astra-migrate-meta-layouts":"default","ast-page-background-enabled":"default","ast-page-background-meta":{"desktop":{"background-color":"var(--ast-global-color-4)","background-image":"","background-repeat":"repeat","background-position":"center center","background-size":"auto","background-attachment":"scroll","background-type":"","background-media":"","overlay-type":"","overlay-color":"","overlay-opacity":"","overlay-gradient":""},"tablet":{"background-color":"","background-image":"","background-repeat":"repeat","background-position":"center center","background-size":"auto","background-attachment":"scroll","background-type":"","background-media":"","overlay-type":"","overlay-color":"","overlay-opacity":"","overlay-gradient":""},"mobile":{"background-color":"","background-image":"","background-repeat":"repeat","background-position":"center center","background-size":"auto","background-attachment":"scroll","background-type":"","background-media":"","overlay-type":"","overlay-color":"","overlay-opacity":"","overlay-gradient":""}},"ast-content-background-meta":{"desktop":{"background-color":"var(--ast-global-color-5)","background-image":"","background-repeat":"repeat","background-position":"center center","background-size":"auto","background-attachment":"scroll","background-type":"","background-media":"","overlay-type":"","overlay-color":"","overlay-opacity":"","overlay-gradient":""},"tablet":{"background-color":"var(--ast-global-color-5)","background-image":"","background-repeat":"repeat","background-position":"center center","background-size":"auto","background-attachment":"scroll","background-type":"","background-media":"","overlay-type":"","overlay-color":"","overlay-opacity":"","overlay-gradient":""},"mobile":{"background-color":"var(--ast-global-color-5)","background-image":"","background-repeat":"repeat","background-position":"center center","background-size":"auto","background-attachment":"scroll","background-type":"","background-media":"","overlay-type":"","overlay-color":"","overlay-opacity":"","overlay-gradient":""}}},"product_brand":[],"product_cat":[1010],"product_tag":[2558,2555,2557],"class_list":{"0":"post-50795","1":"product","2":"type-product","3":"status-publish","4":"has-post-thumbnail","6":"product_cat-materjalid-valik","7":"product_tag-furnituur","8":"product_tag-saaretraksid","9":"product_tag-tallakummid","10":"desktop-align-left","11":"tablet-align-left","12":"mobile-align-left","14":"first","15":"instock","16":"taxable","17":"shipping-taxable","18":"purchasable","19":"product-type-simple"},"supplier_id":null,"supplier_sku":"","barcode":null,"atum_controlled":true,"out_stock_date":null,"out_stock_threshold":null,"inheritable":false,"inbound_stock":0,"stock_on_hold":0,"sold_today":0,"sales_last_days":0,"reserved_stock":0,"customer_returns":0,"warehouse_damage":0,"lost_in_post":0,"other_logs":0,"out_stock_days":0,"lost_sales":0,"has_location":false,"update_date":"2026-04-18T01:35:18","atum_locations":[],"atum_stock_status":"instock","restock_status":false,"low_stock_amount":"","sales_update_date":"2026-04-18T01:35:18","calc_backorders":null,"yoast_head":"<!-- This site is optimized with the Yoast SEO plugin v27.4 - https:\/\/yoast.com\/product\/yoast-seo-wordpress\/ -->\n<title>Tallakummide reguleerimise ja kinnituse varukomplekt - Sannale<\/title>\n<meta name=\"description\" content=\"Sannale\u00ae tallakummide reguleerimise ja kinnituse varukomplekt kadunud detailide asendamiseks. Eestis disainitud ja k\u00e4sit\u00f6\u00f6na \u00f5mmeldud, Sannale\u00ae.\" \/>\n<meta name=\"robots\" content=\"index, follow, max-snippet:-1, max-image-preview:large, max-video-preview:-1\" \/>\n<link rel=\"canonical\" href=\"https:\/\/sannale.ee\/toode\/tallakummide-varukomplekt\/\" \/>\n<meta property=\"og:locale\" content=\"en_US\" \/>\n<meta property=\"og:type\" content=\"article\" \/>\n<meta property=\"og:title\" content=\"Tallakummide reguleerimise ja kinnituse varukomplekt - Sannale\" \/>\n<meta property=\"og:description\" content=\"Sannale\u00ae tallakummide reguleerimise ja kinnituse varukomplekt kadunud detailide asendamiseks. Eestis disainitud ja k\u00e4sit\u00f6\u00f6na \u00f5mmeldud, Sannale\u00ae.\" \/>\n<meta property=\"og:url\" content=\"https:\/\/sannale.ee\/toode\/tallakummide-varukomplekt\/\" \/>\n<meta property=\"og:site_name\" content=\"Sannale\" \/>\n<meta property=\"article:publisher\" content=\"https:\/\/www.facebook.com\/MinuSannale\" \/>\n<meta property=\"article:modified_time\" content=\"2026-01-16T11:03:03+00:00\" \/>\n<meta property=\"og:image\" content=\"https:\/\/sannale.ee\/wp-content\/uploads\/2026\/01\/Tallakummide-reguleerimise-ja-kinnituse-varukomplekt.jpg\" \/>\n\t<meta property=\"og:image:width\" content=\"1400\" \/>\n\t<meta property=\"og:image:height\" content=\"1400\" \/>\n\t<meta property=\"og:image:type\" content=\"image\/jpeg\" \/>\n<meta name=\"twitter:card\" content=\"summary_large_image\" \/>\n<meta name=\"twitter:label1\" content=\"Est. reading time\" \/>\n\t<meta name=\"twitter:data1\" content=\"1 minute\" \/>\n<script type=\"application\/ld+json\" class=\"yoast-schema-graph\">{\"@context\":\"https:\\\/\\\/schema.org\",\"@graph\":[{\"@type\":\"WebPage\",\"@id\":\"https:\\\/\\\/sannale.ee\\\/toode\\\/tallakummide-varukomplekt\\\/\",\"url\":\"https:\\\/\\\/sannale.ee\\\/toode\\\/tallakummide-varukomplekt\\\/\",\"name\":\"Tallakummide reguleerimise ja kinnituse varukomplekt - Sannale\",\"isPartOf\":{\"@id\":\"https:\\\/\\\/sannale.ee\\\/#website\"},\"primaryImageOfPage\":{\"@id\":\"https:\\\/\\\/sannale.ee\\\/toode\\\/tallakummide-varukomplekt\\\/#primaryimage\"},\"image\":{\"@id\":\"https:\\\/\\\/sannale.ee\\\/toode\\\/tallakummide-varukomplekt\\\/#primaryimage\"},\"thumbnailUrl\":\"https:\\\/\\\/sannale.ee\\\/wp-content\\\/uploads\\\/2026\\\/01\\\/Tallakummide-reguleerimise-ja-kinnituse-varukomplekt.jpg\",\"datePublished\":\"2026-01-16T11:01:30+00:00\",\"dateModified\":\"2026-01-16T11:03:03+00:00\",\"description\":\"Sannale\u00ae tallakummide reguleerimise ja kinnituse varukomplekt kadunud detailide asendamiseks. Eestis disainitud ja k\u00e4sit\u00f6\u00f6na \u00f5mmeldud, Sannale\u00ae.\",\"breadcrumb\":{\"@id\":\"https:\\\/\\\/sannale.ee\\\/toode\\\/tallakummide-varukomplekt\\\/#breadcrumb\"},\"inLanguage\":\"en-US\",\"potentialAction\":[{\"@type\":\"ReadAction\",\"target\":[\"https:\\\/\\\/sannale.ee\\\/toode\\\/tallakummide-varukomplekt\\\/\"]}]},{\"@type\":\"ImageObject\",\"inLanguage\":\"en-US\",\"@id\":\"https:\\\/\\\/sannale.ee\\\/toode\\\/tallakummide-varukomplekt\\\/#primaryimage\",\"url\":\"https:\\\/\\\/sannale.ee\\\/wp-content\\\/uploads\\\/2026\\\/01\\\/Tallakummide-reguleerimise-ja-kinnituse-varukomplekt.jpg\",\"contentUrl\":\"https:\\\/\\\/sannale.ee\\\/wp-content\\\/uploads\\\/2026\\\/01\\\/Tallakummide-reguleerimise-ja-kinnituse-varukomplekt.jpg\",\"width\":1400,\"height\":1400,\"caption\":\"Tallakummide reguleerimise ja kinnituse varukomplekt\"},{\"@type\":\"BreadcrumbList\",\"@id\":\"https:\\\/\\\/sannale.ee\\\/toode\\\/tallakummide-varukomplekt\\\/#breadcrumb\",\"itemListElement\":[{\"@type\":\"ListItem\",\"position\":1,\"name\":\"Home\",\"item\":\"https:\\\/\\\/sannale.ee\\\/en\\\/\"},{\"@type\":\"ListItem\",\"position\":2,\"name\":\"Shop\",\"item\":\"https:\\\/\\\/sannale.ee\\\/en\\\/shop\\\/\"},{\"@type\":\"ListItem\",\"position\":3,\"name\":\"Tallakummide reguleerimise ja kinnituse varukomplekt\"}]},{\"@type\":\"WebSite\",\"@id\":\"https:\\\/\\\/sannale.ee\\\/#website\",\"url\":\"https:\\\/\\\/sannale.ee\\\/\",\"name\":\"Sannale\",\"description\":\"K\u00e4sit\u00f6\u00f6na valminud k\u00e4rulisad ja lastetarbed\",\"publisher\":{\"@id\":\"https:\\\/\\\/sannale.ee\\\/#organization\"},\"potentialAction\":[{\"@type\":\"SearchAction\",\"target\":{\"@type\":\"EntryPoint\",\"urlTemplate\":\"https:\\\/\\\/sannale.ee\\\/?s={search_term_string}\"},\"query-input\":{\"@type\":\"PropertyValueSpecification\",\"valueRequired\":true,\"valueName\":\"search_term_string\"}}],\"inLanguage\":\"en-US\"},{\"@type\":\"Organization\",\"@id\":\"https:\\\/\\\/sannale.ee\\\/#organization\",\"name\":\"Sannale\",\"url\":\"https:\\\/\\\/sannale.ee\\\/\",\"logo\":{\"@type\":\"ImageObject\",\"inLanguage\":\"en-US\",\"@id\":\"https:\\\/\\\/sannale.ee\\\/#\\\/schema\\\/logo\\\/image\\\/\",\"url\":\"https:\\\/\\\/sannale.ee\\\/wp-content\\\/uploads\\\/2024\\\/02\\\/cropped-sannale-fb-logo-sydamega-5-tumedam-3-scaled.png\",\"contentUrl\":\"https:\\\/\\\/sannale.ee\\\/wp-content\\\/uploads\\\/2024\\\/02\\\/cropped-sannale-fb-logo-sydamega-5-tumedam-3-scaled.png\",\"width\":5100,\"height\":1758,\"caption\":\"Sannale\"},\"image\":{\"@id\":\"https:\\\/\\\/sannale.ee\\\/#\\\/schema\\\/logo\\\/image\\\/\"},\"sameAs\":[\"https:\\\/\\\/www.facebook.com\\\/MinuSannale\"]}]}<\/script>\n<!-- \/ Yoast SEO plugin. -->","yoast_head_json":{"title":"Tallakummide reguleerimise ja kinnituse varukomplekt - Sannale","description":"Sannale\u00ae tallakummide reguleerimise ja kinnituse varukomplekt kadunud detailide asendamiseks. Eestis disainitud ja k\u00e4sit\u00f6\u00f6na \u00f5mmeldud, Sannale\u00ae.","robots":{"index":"index","follow":"follow","max-snippet":"max-snippet:-1","max-image-preview":"max-image-preview:large","max-video-preview":"max-video-preview:-1"},"canonical":"https:\/\/sannale.ee\/toode\/tallakummide-varukomplekt\/","og_locale":"en_US","og_type":"article","og_title":"Tallakummide reguleerimise ja kinnituse varukomplekt - Sannale","og_description":"Sannale\u00ae tallakummide reguleerimise ja kinnituse varukomplekt kadunud detailide asendamiseks. Eestis disainitud ja k\u00e4sit\u00f6\u00f6na \u00f5mmeldud, Sannale\u00ae.","og_url":"https:\/\/sannale.ee\/toode\/tallakummide-varukomplekt\/","og_site_name":"Sannale","article_publisher":"https:\/\/www.facebook.com\/MinuSannale","article_modified_time":"2026-01-16T11:03:03+00:00","og_image":[{"width":1400,"height":1400,"url":"https:\/\/sannale.ee\/wp-content\/uploads\/2026\/01\/Tallakummide-reguleerimise-ja-kinnituse-varukomplekt.jpg","type":"image\/jpeg"}],"twitter_card":"summary_large_image","twitter_misc":{"Est. reading time":"1 minute"},"schema":{"@context":"https:\/\/schema.org","@graph":[{"@type":"WebPage","@id":"https:\/\/sannale.ee\/toode\/tallakummide-varukomplekt\/","url":"https:\/\/sannale.ee\/toode\/tallakummide-varukomplekt\/","name":"Tallakummide reguleerimise ja kinnituse varukomplekt - Sannale","isPartOf":{"@id":"https:\/\/sannale.ee\/#website"},"primaryImageOfPage":{"@id":"https:\/\/sannale.ee\/toode\/tallakummide-varukomplekt\/#primaryimage"},"image":{"@id":"https:\/\/sannale.ee\/toode\/tallakummide-varukomplekt\/#primaryimage"},"thumbnailUrl":"https:\/\/sannale.ee\/wp-content\/uploads\/2026\/01\/Tallakummide-reguleerimise-ja-kinnituse-varukomplekt.jpg","datePublished":"2026-01-16T11:01:30+00:00","dateModified":"2026-01-16T11:03:03+00:00","description":"Sannale\u00ae tallakummide reguleerimise ja kinnituse varukomplekt kadunud detailide asendamiseks. Eestis disainitud ja k\u00e4sit\u00f6\u00f6na \u00f5mmeldud, Sannale\u00ae.","breadcrumb":{"@id":"https:\/\/sannale.ee\/toode\/tallakummide-varukomplekt\/#breadcrumb"},"inLanguage":"en-US","potentialAction":[{"@type":"ReadAction","target":["https:\/\/sannale.ee\/toode\/tallakummide-varukomplekt\/"]}]},{"@type":"ImageObject","inLanguage":"en-US","@id":"https:\/\/sannale.ee\/toode\/tallakummide-varukomplekt\/#primaryimage","url":"https:\/\/sannale.ee\/wp-content\/uploads\/2026\/01\/Tallakummide-reguleerimise-ja-kinnituse-varukomplekt.jpg","contentUrl":"https:\/\/sannale.ee\/wp-content\/uploads\/2026\/01\/Tallakummide-reguleerimise-ja-kinnituse-varukomplekt.jpg","width":1400,"height":1400,"caption":"Tallakummide reguleerimise ja kinnituse varukomplekt"},{"@type":"BreadcrumbList","@id":"https:\/\/sannale.ee\/toode\/tallakummide-varukomplekt\/#breadcrumb","itemListElement":[{"@type":"ListItem","position":1,"name":"Home","item":"https:\/\/sannale.ee\/en\/"},{"@type":"ListItem","position":2,"name":"Shop","item":"https:\/\/sannale.ee\/en\/shop\/"},{"@type":"ListItem","position":3,"name":"Tallakummide reguleerimise ja kinnituse varukomplekt"}]},{"@type":"WebSite","@id":"https:\/\/sannale.ee\/#website","url":"https:\/\/sannale.ee\/","name":"Sannale","description":"K\u00e4sit\u00f6\u00f6na valminud k\u00e4rulisad ja lastetarbed","publisher":{"@id":"https:\/\/sannale.ee\/#organization"},"potentialAction":[{"@type":"SearchAction","target":{"@type":"EntryPoint","urlTemplate":"https:\/\/sannale.ee\/?s={search_term_string}"},"query-input":{"@type":"PropertyValueSpecification","valueRequired":true,"valueName":"search_term_string"}}],"inLanguage":"en-US"},{"@type":"Organization","@id":"https:\/\/sannale.ee\/#organization","name":"Sannale","url":"https:\/\/sannale.ee\/","logo":{"@type":"ImageObject","inLanguage":"en-US","@id":"https:\/\/sannale.ee\/#\/schema\/logo\/image\/","url":"https:\/\/sannale.ee\/wp-content\/uploads\/2024\/02\/cropped-sannale-fb-logo-sydamega-5-tumedam-3-scaled.png","contentUrl":"https:\/\/sannale.ee\/wp-content\/uploads\/2024\/02\/cropped-sannale-fb-logo-sydamega-5-tumedam-3-scaled.png","width":5100,"height":1758,"caption":"Sannale"},"image":{"@id":"https:\/\/sannale.ee\/#\/schema\/logo\/image\/"},"sameAs":["https:\/\/www.facebook.com\/MinuSannale"]}]}},"uagb_featured_image_src":{"full":["https:\/\/sannale.ee\/wp-content\/uploads\/2026\/01\/Tallakummide-reguleerimise-ja-kinnituse-varukomplekt.jpg",1400,1400,false],"thumbnail":["https:\/\/sannale.ee\/wp-content\/uploads\/2026\/01\/Tallakummide-reguleerimise-ja-kinnituse-varukomplekt-150x150.jpg",150,150,true],"medium":["https:\/\/sannale.ee\/wp-content\/uploads\/2026\/01\/Tallakummide-reguleerimise-ja-kinnituse-varukomplekt-300x300.jpg",300,300,true],"medium_large":["https:\/\/sannale.ee\/wp-content\/uploads\/2026\/01\/Tallakummide-reguleerimise-ja-kinnituse-varukomplekt-768x768.jpg",768,768,true],"large":["https:\/\/sannale.ee\/wp-content\/uploads\/2026\/01\/Tallakummide-reguleerimise-ja-kinnituse-varukomplekt-1024x1024.jpg",1024,1024,true],"1536x1536":["https:\/\/sannale.ee\/wp-content\/uploads\/2026\/01\/Tallakummide-reguleerimise-ja-kinnituse-varukomplekt.jpg",1400,1400,false],"2048x2048":["https:\/\/sannale.ee\/wp-content\/uploads\/2026\/01\/Tallakummide-reguleerimise-ja-kinnituse-varukomplekt.jpg",1400,1400,false],"woocommerce_thumbnail":["https:\/\/sannale.ee\/wp-content\/uploads\/2026\/01\/Tallakummide-reguleerimise-ja-kinnituse-varukomplekt-300x300.jpg",300,300,true],"woocommerce_single":["https:\/\/sannale.ee\/wp-content\/uploads\/2026\/01\/Tallakummide-reguleerimise-ja-kinnituse-varukomplekt-600x600.jpg",600,600,true],"woocommerce_gallery_thumbnail":["https:\/\/sannale.ee\/wp-content\/uploads\/2026\/01\/Tallakummide-reguleerimise-ja-kinnituse-varukomplekt-100x100.jpg",100,100,true],"variation_swatches_image_size":["https:\/\/sannale.ee\/wp-content\/uploads\/2026\/01\/Tallakummide-reguleerimise-ja-kinnituse-varukomplekt-50x50.jpg",50,50,true],"variation_swatches_tooltip_size":["https:\/\/sannale.ee\/wp-content\/uploads\/2026\/01\/Tallakummide-reguleerimise-ja-kinnituse-varukomplekt-100x100.jpg",100,100,true]},"uagb_author_info":{"display_name":"meelip","author_link":"https:\/\/sannale.ee\/en\/author\/"},"uagb_comment_info":0,"uagb_excerpt":"Abiks juhul, kui tallakummide kasutamisel on m\u00f5ni kinnitusdetail kaduma l\u00e4inud v\u00f5i vajab asendamist.","jetpack_sharing_enabled":true,"_links":{"self":[{"href":"https:\/\/sannale.ee\/en\/wp-json\/wp\/v2\/product\/50795","targetHints":{"allow":["GET"]}}],"collection":[{"href":"https:\/\/sannale.ee\/en\/wp-json\/wp\/v2\/product"}],"about":[{"href":"https:\/\/sannale.ee\/en\/wp-json\/wp\/v2\/types\/product"}],"replies":[{"embeddable":true,"href":"https:\/\/sannale.ee\/en\/wp-json\/wp\/v2\/comments?post=50795"}],"wp:featuredmedia":[{"embeddable":true,"href":"https:\/\/sannale.ee\/en\/wp-json\/wp\/v2\/media\/50796"}],"wp:attachment":[{"href":"https:\/\/sannale.ee\/en\/wp-json\/wp\/v2\/media?parent=50795"}],"wp:term":[{"taxonomy":"product_brand","embeddable":true,"href":"https:\/\/sannale.ee\/en\/wp-json\/wp\/v2\/product_brand?post=50795"},{"taxonomy":"product_cat","embeddable":true,"href":"https:\/\/sannale.ee\/en\/wp-json\/wp\/v2\/product_cat?post=50795"},{"taxonomy":"product_tag","embeddable":true,"href":"https:\/\/sannale.ee\/en\/wp-json\/wp\/v2\/product_tag?post=50795"}],"curies":[{"name":"wp","href":"https:\/\/api.w.org\/{rel}","templated":true}]}}