{"id":46275,"date":"2022-03-09T14:13:33","date_gmt":"2022-03-09T12:13:33","guid":{"rendered":"https:\/\/sannale.ee\/toode\/mosquito-net-for-car-window\/"},"modified":"2026-02-02T17:05:04","modified_gmt":"2026-02-02T15:05:04","slug":"mosquito-net-for-car-window","status":"publish","type":"product","link":"https:\/\/sannale.ee\/en\/toode\/mosquito-net-for-car-window\/","title":{"rendered":"Mosquito net for car window"},"content":{"rendered":"<p>https:\/\/youtube.com\/shorts\/5aTqhboBeRE?feature=share Komplektis on ka v\u00f5rgu <strong>hoiustamise kott.<\/strong> Sobib autole, millel on akna \u00fcmber IGAS K\u00dcLJES raam. Paigaldamiseks t\u00f5mba s\u00e4\u00e4sev\u00f5rk uksele \u00fclalt peale. V\u00f5rk on alt kummiga, ja j\u00e4\u00e4b tihedalt \u00fcmber ukse hoidma.<\/p>\n<h3>Measurements<\/h3>\n<p>When ordering a car window mosquito net, send us the dimensions of your car window. Measure the lengths of each different colour line separately. Measure the purple and light blue lines at right angles to the green line.<\/p>\n<p><img decoding=\"async\" class=\"wp-image-15577 lazyload\" data-src=\"https:\/\/sannale.ee\/wp-content\/uploads\/2022\/03\/mootmisjuhend-autoakna-putukavorgule-300x225.jpg\" alt=\"measuring guide for car window mosquito net\" width=\"473\" height=\"355\" data-srcset=\"https:\/\/sannale.ee\/wp-content\/uploads\/2022\/03\/mootmisjuhend-autoakna-putukavorgule-300x225.jpg 300w, https:\/\/sannale.ee\/wp-content\/uploads\/2022\/03\/mootmisjuhend-autoakna-putukavorgule-1024x769.jpg 1024w, https:\/\/sannale.ee\/wp-content\/uploads\/2022\/03\/mootmisjuhend-autoakna-putukavorgule-768x577.jpg 768w, https:\/\/sannale.ee\/wp-content\/uploads\/2022\/03\/mootmisjuhend-autoakna-putukavorgule-1536x1153.jpg 1536w, https:\/\/sannale.ee\/wp-content\/uploads\/2022\/03\/mootmisjuhend-autoakna-putukavorgule-2048x1538.jpg 2048w, https:\/\/sannale.ee\/wp-content\/uploads\/2022\/03\/mootmisjuhend-autoakna-putukavorgule-600x451.jpg 600w\" data-sizes=\"(max-width: 473px) 100vw, 473px\" src=\"data:image\/svg+xml;base64,PHN2ZyB3aWR0aD0iMSIgaGVpZ2h0PSIxIiB4bWxucz0iaHR0cDovL3d3dy53My5vcmcvMjAwMC9zdmciPjwvc3ZnPg==\" style=\"--smush-placeholder-width: 473px; --smush-placeholder-aspect-ratio: 473\/355;\" \/><\/p>\n<p>&nbsp;<\/p>\n<p>Send us the measurements by e-mail to sannale@sannale.ee or add them to the comments box when ordering.<\/p>\n<h4>Lead time<\/h4>\n<p>We will sew the net within 5 business days from the date of receiving the measurements.<\/p>\n<h4>Material:<\/h4>\n<p>Black 100% polyester fabric. With a strong thread structure, soft to the touch and breathable. <\/p>\n<h4>Maintenance guide:<\/h4>\n<p>Handwashing up to 30 degrees, bleaching and tumble drying not allowed.<\/p>\n<h4>Customer feedback:<\/h4>\n<p><img decoding=\"async\" class=\"alignnone size-medium wp-image-9423 lazyload\" data-src=\"https:\/\/sannale.ee\/wp-content\/uploads\/2022\/03\/Kai-Arde-300x300.jpg\" alt=\"\" width=\"300\" height=\"300\" data-srcset=\"https:\/\/sannale.ee\/wp-content\/uploads\/2022\/03\/Kai-Arde-300x300.jpg 300w, https:\/\/sannale.ee\/wp-content\/uploads\/2022\/03\/Kai-Arde-100x100.jpg 100w, https:\/\/sannale.ee\/wp-content\/uploads\/2022\/03\/Kai-Arde-600x600.jpg 600w, https:\/\/sannale.ee\/wp-content\/uploads\/2022\/03\/Kai-Arde.jpg 1024w, https:\/\/sannale.ee\/wp-content\/uploads\/2022\/03\/Kai-Arde-150x150.jpg 150w, https:\/\/sannale.ee\/wp-content\/uploads\/2022\/03\/Kai-Arde-768x768.jpg 768w\" data-sizes=\"(max-width: 300px) 100vw, 300px\" src=\"data:image\/svg+xml;base64,PHN2ZyB3aWR0aD0iMSIgaGVpZ2h0PSIxIiB4bWxucz0iaHR0cDovL3d3dy53My5vcmcvMjAwMC9zdmciPjwvc3ZnPg==\" style=\"--smush-placeholder-width: 300px; --smush-placeholder-aspect-ratio: 300\/300;\" \/><\/p>\n<p>Kai (VW Sharan): &#8220;Hi! I&#8217;m super satisfied! Today we drove with just the window open and it&#8217;s nice, not having to worry about someone flying in or out.&#8221;<\/p>\n<p>&nbsp;<\/p>\n","protected":false},"excerpt":{"rendered":"<h2><span style=\"font-size: 14pt;\">A mosquito net on your car window protects your baby when you want to leave them in the car with the window open to sleep on a warm summer day.<\/span><\/h2>\n<p>&nbsp;<\/p>\n","protected":false},"featured_media":38203,"comment_status":"open","ping_status":"closed","template":"","meta":{"_uag_custom_page_level_css":"","site-sidebar-layout":"default","site-content-layout":"","ast-site-content-layout":"default","site-content-style":"default","site-sidebar-style":"default","ast-global-header-display":"","ast-banner-title-visibility":"","ast-main-header-display":"","ast-hfb-above-header-display":"","ast-hfb-below-header-display":"","ast-hfb-mobile-header-display":"","site-post-title":"","ast-breadcrumbs-content":"","ast-featured-img":"","footer-sml-layout":"","ast-disable-related-posts":"","theme-transparent-header-meta":"default","adv-header-id-meta":"","stick-header-meta":"","header-above-stick-meta":"","header-main-stick-meta":"","header-below-stick-meta":"","astra-migrate-meta-layouts":"default","ast-page-background-enabled":"default","ast-page-background-meta":{"desktop":{"background-color":"var(--ast-global-color-4)","background-image":"","background-repeat":"repeat","background-position":"center center","background-size":"auto","background-attachment":"scroll","background-type":"","background-media":"","overlay-type":"","overlay-color":"","overlay-opacity":"","overlay-gradient":""},"tablet":{"background-color":"","background-image":"","background-repeat":"repeat","background-position":"center center","background-size":"auto","background-attachment":"scroll","background-type":"","background-media":"","overlay-type":"","overlay-color":"","overlay-opacity":"","overlay-gradient":""},"mobile":{"background-color":"","background-image":"","background-repeat":"repeat","background-position":"center center","background-size":"auto","background-attachment":"scroll","background-type":"","background-media":"","overlay-type":"","overlay-color":"","overlay-opacity":"","overlay-gradient":""}},"ast-content-background-meta":{"desktop":{"background-color":"var(--ast-global-color-5)","background-image":"","background-repeat":"repeat","background-position":"center center","background-size":"auto","background-attachment":"scroll","background-type":"","background-media":"","overlay-type":"","overlay-color":"","overlay-opacity":"","overlay-gradient":""},"tablet":{"background-color":"var(--ast-global-color-5)","background-image":"","background-repeat":"repeat","background-position":"center center","background-size":"auto","background-attachment":"scroll","background-type":"","background-media":"","overlay-type":"","overlay-color":"","overlay-opacity":"","overlay-gradient":""},"mobile":{"background-color":"var(--ast-global-color-5)","background-image":"","background-repeat":"repeat","background-position":"center center","background-size":"auto","background-attachment":"scroll","background-type":"","background-media":"","overlay-type":"","overlay-color":"","overlay-opacity":"","overlay-gradient":""}}},"product_brand":[],"product_cat":[1248],"product_tag":[1939,1940,2049,2069],"class_list":{"0":"post-46275","1":"product","2":"type-product","3":"status-publish","4":"has-post-thumbnail","6":"product_cat-for-mother-and-child","7":"product_tag-car-window-mosquito-net","8":"product_tag-car-window-mosquito-net-en","9":"product_tag-mosquito-net-for-car-window","10":"product_tag-mosquito-net-for-car-window-en","11":"desktop-align-left","12":"tablet-align-left","13":"mobile-align-left","15":"first","16":"onbackorder","17":"taxable","18":"shipping-taxable","19":"purchasable","20":"product-type-simple"},"supplier_id":null,"supplier_sku":"","barcode":null,"atum_controlled":true,"out_stock_date":null,"out_stock_threshold":null,"inheritable":false,"inbound_stock":0,"stock_on_hold":0,"sold_today":0,"sales_last_days":0,"reserved_stock":0,"customer_returns":0,"warehouse_damage":0,"lost_in_post":0,"other_logs":0,"out_stock_days":0,"lost_sales":0,"has_location":false,"update_date":"2026-04-26T02:38:00","atum_locations":[],"atum_stock_status":"onbackorder","restock_status":false,"low_stock_amount":"","sales_update_date":"2026-04-26T02:38:00","calc_backorders":null,"yoast_head":"<!-- This site is optimized with the Yoast SEO plugin v27.4 - https:\/\/yoast.com\/product\/yoast-seo-wordpress\/ -->\n<title>Mosquito net for car window - Sannale<\/title>\n<meta name=\"description\" content=\"A mosquito net for your car window protects your baby when you want to leave them in the car with the window open to sleep on a warm summer day. We make the net to order.\" \/>\n<meta name=\"robots\" content=\"index, follow, max-snippet:-1, max-image-preview:large, max-video-preview:-1\" \/>\n<link rel=\"canonical\" href=\"https:\/\/sannale.ee\/en\/toode\/mosquito-net-for-car-window\/\" \/>\n<meta property=\"og:locale\" content=\"en_US\" \/>\n<meta property=\"og:type\" content=\"article\" \/>\n<meta property=\"og:title\" content=\"Mosquito net for car window - Sannale\" \/>\n<meta property=\"og:description\" content=\"A mosquito net for your car window protects your baby when you want to leave them in the car with the window open to sleep on a warm summer day. We make the net to order.\" \/>\n<meta property=\"og:url\" content=\"https:\/\/sannale.ee\/en\/toode\/mosquito-net-for-car-window\/\" \/>\n<meta property=\"og:site_name\" content=\"Sannale\" \/>\n<meta property=\"article:publisher\" content=\"https:\/\/www.facebook.com\/MinuSannale\" \/>\n<meta property=\"article:modified_time\" content=\"2026-02-02T15:05:04+00:00\" \/>\n<meta property=\"og:image\" content=\"https:\/\/sannale.ee\/wp-content\/uploads\/2022\/03\/Putukavork-auto-aknale-4.jpg\" \/>\n\t<meta property=\"og:image:width\" content=\"700\" \/>\n\t<meta property=\"og:image:height\" content=\"700\" \/>\n\t<meta property=\"og:image:type\" content=\"image\/jpeg\" \/>\n<meta name=\"twitter:card\" content=\"summary_large_image\" \/>\n<meta name=\"twitter:label1\" content=\"Est. reading time\" \/>\n\t<meta name=\"twitter:data1\" content=\"1 minute\" \/>\n<script type=\"application\/ld+json\" class=\"yoast-schema-graph\">{\"@context\":\"https:\\\/\\\/schema.org\",\"@graph\":[{\"@type\":\"WebPage\",\"@id\":\"https:\\\/\\\/sannale.ee\\\/en\\\/toode\\\/mosquito-net-for-car-window\\\/\",\"url\":\"https:\\\/\\\/sannale.ee\\\/en\\\/toode\\\/mosquito-net-for-car-window\\\/\",\"name\":\"Mosquito net for car window - Sannale\",\"isPartOf\":{\"@id\":\"https:\\\/\\\/sannale.ee\\\/#website\"},\"primaryImageOfPage\":{\"@id\":\"https:\\\/\\\/sannale.ee\\\/en\\\/toode\\\/mosquito-net-for-car-window\\\/#primaryimage\"},\"image\":{\"@id\":\"https:\\\/\\\/sannale.ee\\\/en\\\/toode\\\/mosquito-net-for-car-window\\\/#primaryimage\"},\"thumbnailUrl\":\"https:\\\/\\\/sannale.ee\\\/wp-content\\\/uploads\\\/2022\\\/03\\\/Putukavork-auto-aknale-4.jpg\",\"datePublished\":\"2022-03-09T12:13:33+00:00\",\"dateModified\":\"2026-02-02T15:05:04+00:00\",\"description\":\"A mosquito net for your car window protects your baby when you want to leave them in the car with the window open to sleep on a warm summer day. We make the net to order.\",\"breadcrumb\":{\"@id\":\"https:\\\/\\\/sannale.ee\\\/en\\\/toode\\\/mosquito-net-for-car-window\\\/#breadcrumb\"},\"inLanguage\":\"en-US\",\"potentialAction\":[{\"@type\":\"ReadAction\",\"target\":[\"https:\\\/\\\/sannale.ee\\\/en\\\/toode\\\/mosquito-net-for-car-window\\\/\"]}]},{\"@type\":\"ImageObject\",\"inLanguage\":\"en-US\",\"@id\":\"https:\\\/\\\/sannale.ee\\\/en\\\/toode\\\/mosquito-net-for-car-window\\\/#primaryimage\",\"url\":\"https:\\\/\\\/sannale.ee\\\/wp-content\\\/uploads\\\/2022\\\/03\\\/Putukavork-auto-aknale-4.jpg\",\"contentUrl\":\"https:\\\/\\\/sannale.ee\\\/wp-content\\\/uploads\\\/2022\\\/03\\\/Putukavork-auto-aknale-4.jpg\",\"width\":700,\"height\":700,\"caption\":\"Insect net for car window\"},{\"@type\":\"BreadcrumbList\",\"@id\":\"https:\\\/\\\/sannale.ee\\\/en\\\/toode\\\/mosquito-net-for-car-window\\\/#breadcrumb\",\"itemListElement\":[{\"@type\":\"ListItem\",\"position\":1,\"name\":\"Home\",\"item\":\"https:\\\/\\\/sannale.ee\\\/en\\\/\"},{\"@type\":\"ListItem\",\"position\":2,\"name\":\"Shop\",\"item\":\"https:\\\/\\\/sannale.ee\\\/en\\\/shop\\\/\"},{\"@type\":\"ListItem\",\"position\":3,\"name\":\"Mosquito net for car window\"}]},{\"@type\":\"WebSite\",\"@id\":\"https:\\\/\\\/sannale.ee\\\/#website\",\"url\":\"https:\\\/\\\/sannale.ee\\\/\",\"name\":\"Sannale\",\"description\":\"K\u00e4sit\u00f6\u00f6na valminud k\u00e4rulisad ja lastetarbed\",\"publisher\":{\"@id\":\"https:\\\/\\\/sannale.ee\\\/#organization\"},\"potentialAction\":[{\"@type\":\"SearchAction\",\"target\":{\"@type\":\"EntryPoint\",\"urlTemplate\":\"https:\\\/\\\/sannale.ee\\\/?s={search_term_string}\"},\"query-input\":{\"@type\":\"PropertyValueSpecification\",\"valueRequired\":true,\"valueName\":\"search_term_string\"}}],\"inLanguage\":\"en-US\"},{\"@type\":\"Organization\",\"@id\":\"https:\\\/\\\/sannale.ee\\\/#organization\",\"name\":\"Sannale\",\"url\":\"https:\\\/\\\/sannale.ee\\\/\",\"logo\":{\"@type\":\"ImageObject\",\"inLanguage\":\"en-US\",\"@id\":\"https:\\\/\\\/sannale.ee\\\/#\\\/schema\\\/logo\\\/image\\\/\",\"url\":\"https:\\\/\\\/sannale.ee\\\/wp-content\\\/uploads\\\/2024\\\/02\\\/cropped-sannale-fb-logo-sydamega-5-tumedam-3-scaled.png\",\"contentUrl\":\"https:\\\/\\\/sannale.ee\\\/wp-content\\\/uploads\\\/2024\\\/02\\\/cropped-sannale-fb-logo-sydamega-5-tumedam-3-scaled.png\",\"width\":5100,\"height\":1758,\"caption\":\"Sannale\"},\"image\":{\"@id\":\"https:\\\/\\\/sannale.ee\\\/#\\\/schema\\\/logo\\\/image\\\/\"},\"sameAs\":[\"https:\\\/\\\/www.facebook.com\\\/MinuSannale\"]}]}<\/script>\n<!-- \/ Yoast SEO plugin. -->","yoast_head_json":{"title":"Mosquito net for car window - Sannale","description":"A mosquito net for your car window protects your baby when you want to leave them in the car with the window open to sleep on a warm summer day. We make the net to order.","robots":{"index":"index","follow":"follow","max-snippet":"max-snippet:-1","max-image-preview":"max-image-preview:large","max-video-preview":"max-video-preview:-1"},"canonical":"https:\/\/sannale.ee\/en\/toode\/mosquito-net-for-car-window\/","og_locale":"en_US","og_type":"article","og_title":"Mosquito net for car window - Sannale","og_description":"A mosquito net for your car window protects your baby when you want to leave them in the car with the window open to sleep on a warm summer day. We make the net to order.","og_url":"https:\/\/sannale.ee\/en\/toode\/mosquito-net-for-car-window\/","og_site_name":"Sannale","article_publisher":"https:\/\/www.facebook.com\/MinuSannale","article_modified_time":"2026-02-02T15:05:04+00:00","og_image":[{"width":700,"height":700,"url":"https:\/\/sannale.ee\/wp-content\/uploads\/2022\/03\/Putukavork-auto-aknale-4.jpg","type":"image\/jpeg"}],"twitter_card":"summary_large_image","twitter_misc":{"Est. reading time":"1 minute"},"schema":{"@context":"https:\/\/schema.org","@graph":[{"@type":"WebPage","@id":"https:\/\/sannale.ee\/en\/toode\/mosquito-net-for-car-window\/","url":"https:\/\/sannale.ee\/en\/toode\/mosquito-net-for-car-window\/","name":"Mosquito net for car window - Sannale","isPartOf":{"@id":"https:\/\/sannale.ee\/#website"},"primaryImageOfPage":{"@id":"https:\/\/sannale.ee\/en\/toode\/mosquito-net-for-car-window\/#primaryimage"},"image":{"@id":"https:\/\/sannale.ee\/en\/toode\/mosquito-net-for-car-window\/#primaryimage"},"thumbnailUrl":"https:\/\/sannale.ee\/wp-content\/uploads\/2022\/03\/Putukavork-auto-aknale-4.jpg","datePublished":"2022-03-09T12:13:33+00:00","dateModified":"2026-02-02T15:05:04+00:00","description":"A mosquito net for your car window protects your baby when you want to leave them in the car with the window open to sleep on a warm summer day. We make the net to order.","breadcrumb":{"@id":"https:\/\/sannale.ee\/en\/toode\/mosquito-net-for-car-window\/#breadcrumb"},"inLanguage":"en-US","potentialAction":[{"@type":"ReadAction","target":["https:\/\/sannale.ee\/en\/toode\/mosquito-net-for-car-window\/"]}]},{"@type":"ImageObject","inLanguage":"en-US","@id":"https:\/\/sannale.ee\/en\/toode\/mosquito-net-for-car-window\/#primaryimage","url":"https:\/\/sannale.ee\/wp-content\/uploads\/2022\/03\/Putukavork-auto-aknale-4.jpg","contentUrl":"https:\/\/sannale.ee\/wp-content\/uploads\/2022\/03\/Putukavork-auto-aknale-4.jpg","width":700,"height":700,"caption":"Insect net for car window"},{"@type":"BreadcrumbList","@id":"https:\/\/sannale.ee\/en\/toode\/mosquito-net-for-car-window\/#breadcrumb","itemListElement":[{"@type":"ListItem","position":1,"name":"Home","item":"https:\/\/sannale.ee\/en\/"},{"@type":"ListItem","position":2,"name":"Shop","item":"https:\/\/sannale.ee\/en\/shop\/"},{"@type":"ListItem","position":3,"name":"Mosquito net for car window"}]},{"@type":"WebSite","@id":"https:\/\/sannale.ee\/#website","url":"https:\/\/sannale.ee\/","name":"Sannale","description":"K\u00e4sit\u00f6\u00f6na valminud k\u00e4rulisad ja lastetarbed","publisher":{"@id":"https:\/\/sannale.ee\/#organization"},"potentialAction":[{"@type":"SearchAction","target":{"@type":"EntryPoint","urlTemplate":"https:\/\/sannale.ee\/?s={search_term_string}"},"query-input":{"@type":"PropertyValueSpecification","valueRequired":true,"valueName":"search_term_string"}}],"inLanguage":"en-US"},{"@type":"Organization","@id":"https:\/\/sannale.ee\/#organization","name":"Sannale","url":"https:\/\/sannale.ee\/","logo":{"@type":"ImageObject","inLanguage":"en-US","@id":"https:\/\/sannale.ee\/#\/schema\/logo\/image\/","url":"https:\/\/sannale.ee\/wp-content\/uploads\/2024\/02\/cropped-sannale-fb-logo-sydamega-5-tumedam-3-scaled.png","contentUrl":"https:\/\/sannale.ee\/wp-content\/uploads\/2024\/02\/cropped-sannale-fb-logo-sydamega-5-tumedam-3-scaled.png","width":5100,"height":1758,"caption":"Sannale"},"image":{"@id":"https:\/\/sannale.ee\/#\/schema\/logo\/image\/"},"sameAs":["https:\/\/www.facebook.com\/MinuSannale"]}]}},"uagb_featured_image_src":{"full":["https:\/\/sannale.ee\/wp-content\/uploads\/2022\/03\/Putukavork-auto-aknale-4.jpg",700,700,false],"thumbnail":["https:\/\/sannale.ee\/wp-content\/uploads\/2022\/03\/Putukavork-auto-aknale-4-150x150.jpg",150,150,true],"medium":["https:\/\/sannale.ee\/wp-content\/uploads\/2022\/03\/Putukavork-auto-aknale-4-300x300.jpg",300,300,true],"medium_large":["https:\/\/sannale.ee\/wp-content\/uploads\/2022\/03\/Putukavork-auto-aknale-4.jpg",700,700,false],"large":["https:\/\/sannale.ee\/wp-content\/uploads\/2022\/03\/Putukavork-auto-aknale-4.jpg",700,700,false],"1536x1536":["https:\/\/sannale.ee\/wp-content\/uploads\/2022\/03\/Putukavork-auto-aknale-4.jpg",700,700,false],"2048x2048":["https:\/\/sannale.ee\/wp-content\/uploads\/2022\/03\/Putukavork-auto-aknale-4.jpg",700,700,false],"woocommerce_thumbnail":["https:\/\/sannale.ee\/wp-content\/uploads\/2022\/03\/Putukavork-auto-aknale-4-300x300.jpg",300,300,true],"woocommerce_single":["https:\/\/sannale.ee\/wp-content\/uploads\/2022\/03\/Putukavork-auto-aknale-4-600x600.jpg",600,600,true],"woocommerce_gallery_thumbnail":["https:\/\/sannale.ee\/wp-content\/uploads\/2022\/03\/Putukavork-auto-aknale-4-100x100.jpg",100,100,true],"variation_swatches_image_size":["https:\/\/sannale.ee\/wp-content\/uploads\/2022\/03\/Putukavork-auto-aknale-4-50x50.jpg",50,50,true],"variation_swatches_tooltip_size":["https:\/\/sannale.ee\/wp-content\/uploads\/2022\/03\/Putukavork-auto-aknale-4-100x100.jpg",100,100,true]},"uagb_author_info":{"display_name":"meelip","author_link":"https:\/\/sannale.ee\/en\/author\/"},"uagb_comment_info":3,"uagb_excerpt":"A mosquito net on your car window protects your baby when you want to leave them in the car with the window open to sleep on a warm summer day. &nbsp;","jetpack_sharing_enabled":true,"_links":{"self":[{"href":"https:\/\/sannale.ee\/en\/wp-json\/wp\/v2\/product\/46275","targetHints":{"allow":["GET"]}}],"collection":[{"href":"https:\/\/sannale.ee\/en\/wp-json\/wp\/v2\/product"}],"about":[{"href":"https:\/\/sannale.ee\/en\/wp-json\/wp\/v2\/types\/product"}],"replies":[{"embeddable":true,"href":"https:\/\/sannale.ee\/en\/wp-json\/wp\/v2\/comments?post=46275"}],"wp:featuredmedia":[{"embeddable":true,"href":"https:\/\/sannale.ee\/en\/wp-json\/wp\/v2\/media\/38203"}],"wp:attachment":[{"href":"https:\/\/sannale.ee\/en\/wp-json\/wp\/v2\/media?parent=46275"}],"wp:term":[{"taxonomy":"product_brand","embeddable":true,"href":"https:\/\/sannale.ee\/en\/wp-json\/wp\/v2\/product_brand?post=46275"},{"taxonomy":"product_cat","embeddable":true,"href":"https:\/\/sannale.ee\/en\/wp-json\/wp\/v2\/product_cat?post=46275"},{"taxonomy":"product_tag","embeddable":true,"href":"https:\/\/sannale.ee\/en\/wp-json\/wp\/v2\/product_tag?post=46275"}],"curies":[{"name":"wp","href":"https:\/\/api.w.org\/{rel}","templated":true}]}}