{"id":46124,"date":"2021-04-10T21:44:57","date_gmt":"2021-04-10T18:44:57","guid":{"rendered":"https:\/\/sannale.ee\/toode\/babybjorn-lounger-cover\/"},"modified":"2026-03-08T10:36:31","modified_gmt":"2026-03-08T08:36:31","slug":"babybjorn-lounger-cover","status":"publish","type":"product","link":"https:\/\/sannale.ee\/en\/toode\/babybjorn-lounger-cover\/","title":{"rendered":"Babybj\u00f6rn lounger cover"},"content":{"rendered":"<p><a href=\"https:\/\/sannale.ee\/kangavariandid_lamamistooli_kateteks\/\" target=\"_blank\" rel=\"noopener\">Find the range of fabrics here.<\/a><\/p>\n","protected":false},"excerpt":{"rendered":"<h2><span style=\"font-size: 14pt;\">Babybj\u00f6rn lounger cover<\/span><\/h2>\n<ul>\n<li>Covers are <strong>hand-sewn from sturdy cotton fabric.<\/strong><\/li>\n<li>The belly part can be lifted over to the other side of the cover, so it can be used both ways, with both sides of the pattern.<\/li>\n<li>We handcraft <strong>just for you from fabrics of your choice.<\/strong><\/li>\n<\/ul>\n<p>Lead time is 2-3 weeks.<\/p>\n","protected":false},"featured_media":20492,"comment_status":"open","ping_status":"closed","template":"","meta":{"_uag_custom_page_level_css":"","site-sidebar-layout":"default","site-content-layout":"","ast-site-content-layout":"default","site-content-style":"default","site-sidebar-style":"default","ast-global-header-display":"","ast-banner-title-visibility":"","ast-main-header-display":"","ast-hfb-above-header-display":"","ast-hfb-below-header-display":"","ast-hfb-mobile-header-display":"","site-post-title":"","ast-breadcrumbs-content":"","ast-featured-img":"","footer-sml-layout":"","ast-disable-related-posts":"","theme-transparent-header-meta":"default","adv-header-id-meta":"","stick-header-meta":"","header-above-stick-meta":"","header-main-stick-meta":"","header-below-stick-meta":"","astra-migrate-meta-layouts":"default","ast-page-background-enabled":"default","ast-page-background-meta":{"desktop":{"background-color":"var(--ast-global-color-4)","background-image":"","background-repeat":"repeat","background-position":"center center","background-size":"auto","background-attachment":"scroll","background-type":"","background-media":"","overlay-type":"","overlay-color":"","overlay-opacity":"","overlay-gradient":""},"tablet":{"background-color":"","background-image":"","background-repeat":"repeat","background-position":"center center","background-size":"auto","background-attachment":"scroll","background-type":"","background-media":"","overlay-type":"","overlay-color":"","overlay-opacity":"","overlay-gradient":""},"mobile":{"background-color":"","background-image":"","background-repeat":"repeat","background-position":"center center","background-size":"auto","background-attachment":"scroll","background-type":"","background-media":"","overlay-type":"","overlay-color":"","overlay-opacity":"","overlay-gradient":""}},"ast-content-background-meta":{"desktop":{"background-color":"var(--ast-global-color-5)","background-image":"","background-repeat":"repeat","background-position":"center center","background-size":"auto","background-attachment":"scroll","background-type":"","background-media":"","overlay-type":"","overlay-color":"","overlay-opacity":"","overlay-gradient":""},"tablet":{"background-color":"var(--ast-global-color-5)","background-image":"","background-repeat":"repeat","background-position":"center center","background-size":"auto","background-attachment":"scroll","background-type":"","background-media":"","overlay-type":"","overlay-color":"","overlay-opacity":"","overlay-gradient":""},"mobile":{"background-color":"var(--ast-global-color-5)","background-image":"","background-repeat":"repeat","background-position":"center center","background-size":"auto","background-attachment":"scroll","background-type":"","background-media":"","overlay-type":"","overlay-color":"","overlay-opacity":"","overlay-gradient":""}}},"product_brand":[],"product_cat":[1248],"product_tag":[2024,2025,1942,2016,2015],"class_list":{"0":"post-46124","1":"product","2":"type-product","3":"status-publish","4":"has-post-thumbnail","6":"product_cat-for-mother-and-child","7":"product_tag-baby-bouncer-cover","8":"product_tag-baby-bouncer-cover-en","9":"product_tag-babybjorn-lamamistooli-kate-en","10":"product_tag-cover-for-baby-bouncer","11":"product_tag-kate-babybjorn-lamamistoolile-en","12":"desktop-align-left","13":"tablet-align-left","14":"mobile-align-left","16":"first","17":"instock","18":"taxable","19":"shipping-taxable","20":"purchasable","21":"product-type-variable"},"supplier_id":null,"supplier_sku":"","barcode":null,"atum_controlled":true,"out_stock_date":null,"out_stock_threshold":null,"inheritable":true,"inbound_stock":0,"stock_on_hold":0,"sold_today":0,"sales_last_days":0,"reserved_stock":0,"customer_returns":0,"warehouse_damage":0,"lost_in_post":0,"other_logs":0,"out_stock_days":0,"lost_sales":0,"has_location":false,"update_date":"2026-04-14T00:53:47","atum_locations":[],"atum_stock_status":"instock","restock_status":false,"low_stock_amount":"","sales_update_date":"2026-04-14T00:53:46","calc_backorders":null,"yoast_head":"<!-- This site is optimized with the Yoast SEO plugin v27.4 - https:\/\/yoast.com\/product\/yoast-seo-wordpress\/ -->\n<title>Babybj\u00f6rn lounger cover - Sannale<\/title>\n<meta name=\"description\" content=\"Babybj\u00f6rn&#039;s handcrafted lounger cover is made of strong cotton fabric. You can choose the pattern and colour of the cover from our fabric selection.\" \/>\n<meta name=\"robots\" content=\"index, follow, max-snippet:-1, max-image-preview:large, max-video-preview:-1\" \/>\n<link rel=\"canonical\" href=\"https:\/\/sannale.ee\/en\/toode\/babybjorn-lounger-cover\/\" \/>\n<meta property=\"og:locale\" content=\"en_US\" \/>\n<meta property=\"og:type\" content=\"article\" \/>\n<meta property=\"og:title\" content=\"Babybj\u00f6rn lounger cover - Sannale\" \/>\n<meta property=\"og:description\" content=\"Babybj\u00f6rn&#039;s handcrafted lounger cover is made of strong cotton fabric. You can choose the pattern and colour of the cover from our fabric selection.\" \/>\n<meta property=\"og:url\" content=\"https:\/\/sannale.ee\/en\/toode\/babybjorn-lounger-cover\/\" \/>\n<meta property=\"og:site_name\" content=\"Sannale\" \/>\n<meta property=\"article:publisher\" content=\"https:\/\/www.facebook.com\/MinuSannale\" \/>\n<meta property=\"article:modified_time\" content=\"2026-03-08T08:36:31+00:00\" \/>\n<meta property=\"og:image\" content=\"https:\/\/sannale.ee\/wp-content\/uploads\/2021\/04\/IMGP5235_edited-1.jpg\" \/>\n\t<meta property=\"og:image:width\" content=\"1024\" \/>\n\t<meta property=\"og:image:height\" content=\"1024\" \/>\n\t<meta property=\"og:image:type\" content=\"image\/jpeg\" \/>\n<meta name=\"twitter:card\" content=\"summary_large_image\" \/>\n<script type=\"application\/ld+json\" class=\"yoast-schema-graph\">{\"@context\":\"https:\\\/\\\/schema.org\",\"@graph\":[{\"@type\":\"WebPage\",\"@id\":\"https:\\\/\\\/sannale.ee\\\/en\\\/toode\\\/babybjorn-lounger-cover\\\/\",\"url\":\"https:\\\/\\\/sannale.ee\\\/en\\\/toode\\\/babybjorn-lounger-cover\\\/\",\"name\":\"Babybj\u00f6rn lounger cover - Sannale\",\"isPartOf\":{\"@id\":\"https:\\\/\\\/sannale.ee\\\/#website\"},\"primaryImageOfPage\":{\"@id\":\"https:\\\/\\\/sannale.ee\\\/en\\\/toode\\\/babybjorn-lounger-cover\\\/#primaryimage\"},\"image\":{\"@id\":\"https:\\\/\\\/sannale.ee\\\/en\\\/toode\\\/babybjorn-lounger-cover\\\/#primaryimage\"},\"thumbnailUrl\":\"https:\\\/\\\/sannale.ee\\\/wp-content\\\/uploads\\\/2021\\\/04\\\/IMGP5235_edited-1.jpg\",\"datePublished\":\"2021-04-10T18:44:57+00:00\",\"dateModified\":\"2026-03-08T08:36:31+00:00\",\"description\":\"Babybj\u00f6rn's handcrafted lounger cover is made of strong cotton fabric. You can choose the pattern and colour of the cover from our fabric selection.\",\"breadcrumb\":{\"@id\":\"https:\\\/\\\/sannale.ee\\\/en\\\/toode\\\/babybjorn-lounger-cover\\\/#breadcrumb\"},\"inLanguage\":\"en-US\",\"potentialAction\":[{\"@type\":\"ReadAction\",\"target\":[\"https:\\\/\\\/sannale.ee\\\/en\\\/toode\\\/babybjorn-lounger-cover\\\/\"]}]},{\"@type\":\"ImageObject\",\"inLanguage\":\"en-US\",\"@id\":\"https:\\\/\\\/sannale.ee\\\/en\\\/toode\\\/babybjorn-lounger-cover\\\/#primaryimage\",\"url\":\"https:\\\/\\\/sannale.ee\\\/wp-content\\\/uploads\\\/2021\\\/04\\\/IMGP5235_edited-1.jpg\",\"contentUrl\":\"https:\\\/\\\/sannale.ee\\\/wp-content\\\/uploads\\\/2021\\\/04\\\/IMGP5235_edited-1.jpg\",\"width\":1024,\"height\":1024,\"caption\":\"Sannale recliner replacement cover, designed to be used with Babybj\u00f6rn recliners\"},{\"@type\":\"BreadcrumbList\",\"@id\":\"https:\\\/\\\/sannale.ee\\\/en\\\/toode\\\/babybjorn-lounger-cover\\\/#breadcrumb\",\"itemListElement\":[{\"@type\":\"ListItem\",\"position\":1,\"name\":\"Home\",\"item\":\"https:\\\/\\\/sannale.ee\\\/en\\\/\"},{\"@type\":\"ListItem\",\"position\":2,\"name\":\"Shop\",\"item\":\"https:\\\/\\\/sannale.ee\\\/en\\\/shop\\\/\"},{\"@type\":\"ListItem\",\"position\":3,\"name\":\"Babybj\u00f6rn lounger cover\"}]},{\"@type\":\"WebSite\",\"@id\":\"https:\\\/\\\/sannale.ee\\\/#website\",\"url\":\"https:\\\/\\\/sannale.ee\\\/\",\"name\":\"Sannale\",\"description\":\"K\u00e4sit\u00f6\u00f6na valminud k\u00e4rulisad ja lastetarbed\",\"publisher\":{\"@id\":\"https:\\\/\\\/sannale.ee\\\/#organization\"},\"potentialAction\":[{\"@type\":\"SearchAction\",\"target\":{\"@type\":\"EntryPoint\",\"urlTemplate\":\"https:\\\/\\\/sannale.ee\\\/?s={search_term_string}\"},\"query-input\":{\"@type\":\"PropertyValueSpecification\",\"valueRequired\":true,\"valueName\":\"search_term_string\"}}],\"inLanguage\":\"en-US\"},{\"@type\":\"Organization\",\"@id\":\"https:\\\/\\\/sannale.ee\\\/#organization\",\"name\":\"Sannale\",\"url\":\"https:\\\/\\\/sannale.ee\\\/\",\"logo\":{\"@type\":\"ImageObject\",\"inLanguage\":\"en-US\",\"@id\":\"https:\\\/\\\/sannale.ee\\\/#\\\/schema\\\/logo\\\/image\\\/\",\"url\":\"https:\\\/\\\/sannale.ee\\\/wp-content\\\/uploads\\\/2024\\\/02\\\/cropped-sannale-fb-logo-sydamega-5-tumedam-3-scaled.png\",\"contentUrl\":\"https:\\\/\\\/sannale.ee\\\/wp-content\\\/uploads\\\/2024\\\/02\\\/cropped-sannale-fb-logo-sydamega-5-tumedam-3-scaled.png\",\"width\":5100,\"height\":1758,\"caption\":\"Sannale\"},\"image\":{\"@id\":\"https:\\\/\\\/sannale.ee\\\/#\\\/schema\\\/logo\\\/image\\\/\"},\"sameAs\":[\"https:\\\/\\\/www.facebook.com\\\/MinuSannale\"]}]}<\/script>\n<!-- \/ Yoast SEO plugin. -->","yoast_head_json":{"title":"Babybj\u00f6rn lounger cover - Sannale","description":"Babybj\u00f6rn's handcrafted lounger cover is made of strong cotton fabric. You can choose the pattern and colour of the cover from our fabric selection.","robots":{"index":"index","follow":"follow","max-snippet":"max-snippet:-1","max-image-preview":"max-image-preview:large","max-video-preview":"max-video-preview:-1"},"canonical":"https:\/\/sannale.ee\/en\/toode\/babybjorn-lounger-cover\/","og_locale":"en_US","og_type":"article","og_title":"Babybj\u00f6rn lounger cover - Sannale","og_description":"Babybj\u00f6rn's handcrafted lounger cover is made of strong cotton fabric. You can choose the pattern and colour of the cover from our fabric selection.","og_url":"https:\/\/sannale.ee\/en\/toode\/babybjorn-lounger-cover\/","og_site_name":"Sannale","article_publisher":"https:\/\/www.facebook.com\/MinuSannale","article_modified_time":"2026-03-08T08:36:31+00:00","og_image":[{"width":1024,"height":1024,"url":"https:\/\/sannale.ee\/wp-content\/uploads\/2021\/04\/IMGP5235_edited-1.jpg","type":"image\/jpeg"}],"twitter_card":"summary_large_image","schema":{"@context":"https:\/\/schema.org","@graph":[{"@type":"WebPage","@id":"https:\/\/sannale.ee\/en\/toode\/babybjorn-lounger-cover\/","url":"https:\/\/sannale.ee\/en\/toode\/babybjorn-lounger-cover\/","name":"Babybj\u00f6rn lounger cover - Sannale","isPartOf":{"@id":"https:\/\/sannale.ee\/#website"},"primaryImageOfPage":{"@id":"https:\/\/sannale.ee\/en\/toode\/babybjorn-lounger-cover\/#primaryimage"},"image":{"@id":"https:\/\/sannale.ee\/en\/toode\/babybjorn-lounger-cover\/#primaryimage"},"thumbnailUrl":"https:\/\/sannale.ee\/wp-content\/uploads\/2021\/04\/IMGP5235_edited-1.jpg","datePublished":"2021-04-10T18:44:57+00:00","dateModified":"2026-03-08T08:36:31+00:00","description":"Babybj\u00f6rn's handcrafted lounger cover is made of strong cotton fabric. You can choose the pattern and colour of the cover from our fabric selection.","breadcrumb":{"@id":"https:\/\/sannale.ee\/en\/toode\/babybjorn-lounger-cover\/#breadcrumb"},"inLanguage":"en-US","potentialAction":[{"@type":"ReadAction","target":["https:\/\/sannale.ee\/en\/toode\/babybjorn-lounger-cover\/"]}]},{"@type":"ImageObject","inLanguage":"en-US","@id":"https:\/\/sannale.ee\/en\/toode\/babybjorn-lounger-cover\/#primaryimage","url":"https:\/\/sannale.ee\/wp-content\/uploads\/2021\/04\/IMGP5235_edited-1.jpg","contentUrl":"https:\/\/sannale.ee\/wp-content\/uploads\/2021\/04\/IMGP5235_edited-1.jpg","width":1024,"height":1024,"caption":"Sannale recliner replacement cover, designed to be used with Babybj\u00f6rn recliners"},{"@type":"BreadcrumbList","@id":"https:\/\/sannale.ee\/en\/toode\/babybjorn-lounger-cover\/#breadcrumb","itemListElement":[{"@type":"ListItem","position":1,"name":"Home","item":"https:\/\/sannale.ee\/en\/"},{"@type":"ListItem","position":2,"name":"Shop","item":"https:\/\/sannale.ee\/en\/shop\/"},{"@type":"ListItem","position":3,"name":"Babybj\u00f6rn lounger cover"}]},{"@type":"WebSite","@id":"https:\/\/sannale.ee\/#website","url":"https:\/\/sannale.ee\/","name":"Sannale","description":"K\u00e4sit\u00f6\u00f6na valminud k\u00e4rulisad ja lastetarbed","publisher":{"@id":"https:\/\/sannale.ee\/#organization"},"potentialAction":[{"@type":"SearchAction","target":{"@type":"EntryPoint","urlTemplate":"https:\/\/sannale.ee\/?s={search_term_string}"},"query-input":{"@type":"PropertyValueSpecification","valueRequired":true,"valueName":"search_term_string"}}],"inLanguage":"en-US"},{"@type":"Organization","@id":"https:\/\/sannale.ee\/#organization","name":"Sannale","url":"https:\/\/sannale.ee\/","logo":{"@type":"ImageObject","inLanguage":"en-US","@id":"https:\/\/sannale.ee\/#\/schema\/logo\/image\/","url":"https:\/\/sannale.ee\/wp-content\/uploads\/2024\/02\/cropped-sannale-fb-logo-sydamega-5-tumedam-3-scaled.png","contentUrl":"https:\/\/sannale.ee\/wp-content\/uploads\/2024\/02\/cropped-sannale-fb-logo-sydamega-5-tumedam-3-scaled.png","width":5100,"height":1758,"caption":"Sannale"},"image":{"@id":"https:\/\/sannale.ee\/#\/schema\/logo\/image\/"},"sameAs":["https:\/\/www.facebook.com\/MinuSannale"]}]}},"uagb_featured_image_src":{"full":["https:\/\/sannale.ee\/wp-content\/uploads\/2021\/04\/IMGP5235_edited-1.jpg",1024,1024,false],"thumbnail":["https:\/\/sannale.ee\/wp-content\/uploads\/2021\/04\/IMGP5235_edited-1-150x150.jpg",150,150,true],"medium":["https:\/\/sannale.ee\/wp-content\/uploads\/2021\/04\/IMGP5235_edited-1-300x300.jpg",300,300,true],"medium_large":["https:\/\/sannale.ee\/wp-content\/uploads\/2021\/04\/IMGP5235_edited-1-768x768.jpg",768,768,true],"large":["https:\/\/sannale.ee\/wp-content\/uploads\/2021\/04\/IMGP5235_edited-1-1024x1024.jpg",1024,1024,true],"1536x1536":["https:\/\/sannale.ee\/wp-content\/uploads\/2021\/04\/IMGP5235_edited-1.jpg",1024,1024,false],"2048x2048":["https:\/\/sannale.ee\/wp-content\/uploads\/2021\/04\/IMGP5235_edited-1.jpg",1024,1024,false],"woocommerce_thumbnail":["https:\/\/sannale.ee\/wp-content\/uploads\/2021\/04\/IMGP5235_edited-1-300x300.jpg",300,300,true],"woocommerce_single":["https:\/\/sannale.ee\/wp-content\/uploads\/2021\/04\/IMGP5235_edited-1-600x600.jpg",600,600,true],"woocommerce_gallery_thumbnail":["https:\/\/sannale.ee\/wp-content\/uploads\/2021\/04\/IMGP5235_edited-1-100x100.jpg",100,100,true],"variation_swatches_image_size":["https:\/\/sannale.ee\/wp-content\/uploads\/2021\/04\/IMGP5235_edited-1.jpg",50,50,false],"variation_swatches_tooltip_size":["https:\/\/sannale.ee\/wp-content\/uploads\/2021\/04\/IMGP5235_edited-1.jpg",100,100,false]},"uagb_author_info":{"display_name":"meelip","author_link":"https:\/\/sannale.ee\/en\/author\/"},"uagb_comment_info":8,"uagb_excerpt":"Babybj\u00f6rn lounger cover Covers are hand-sewn from sturdy cotton fabric. The belly part can be lifted over to the other side of the cover, so it can be used both ways, with both sides of the pattern. We handcraft just for you from fabrics of your choice. Lead time is 2-3 weeks.","jetpack_sharing_enabled":true,"_links":{"self":[{"href":"https:\/\/sannale.ee\/en\/wp-json\/wp\/v2\/product\/46124","targetHints":{"allow":["GET"]}}],"collection":[{"href":"https:\/\/sannale.ee\/en\/wp-json\/wp\/v2\/product"}],"about":[{"href":"https:\/\/sannale.ee\/en\/wp-json\/wp\/v2\/types\/product"}],"replies":[{"embeddable":true,"href":"https:\/\/sannale.ee\/en\/wp-json\/wp\/v2\/comments?post=46124"}],"wp:featuredmedia":[{"embeddable":true,"href":"https:\/\/sannale.ee\/en\/wp-json\/wp\/v2\/media\/20492"}],"wp:attachment":[{"href":"https:\/\/sannale.ee\/en\/wp-json\/wp\/v2\/media?parent=46124"}],"wp:term":[{"taxonomy":"product_brand","embeddable":true,"href":"https:\/\/sannale.ee\/en\/wp-json\/wp\/v2\/product_brand?post=46124"},{"taxonomy":"product_cat","embeddable":true,"href":"https:\/\/sannale.ee\/en\/wp-json\/wp\/v2\/product_cat?post=46124"},{"taxonomy":"product_tag","embeddable":true,"href":"https:\/\/sannale.ee\/en\/wp-json\/wp\/v2\/product_tag?post=46124"}],"curies":[{"name":"wp","href":"https:\/\/api.w.org\/{rel}","templated":true}]}}