{"id":46120,"date":"2024-09-11T10:25:30","date_gmt":"2024-09-11T07:25:30","guid":{"rendered":"https:\/\/sannale.ee\/toode\/baby-carrier-bag-rain-cover\/"},"modified":"2024-10-28T13:21:26","modified_gmt":"2024-10-28T11:21:26","slug":"baby-carrier-bag-rain-cover","status":"publish","type":"product","link":"https:\/\/sannale.ee\/en\/toode\/baby-carrier-bag-rain-cover\/","title":{"rendered":"Baby carrier rain cover"},"content":{"rendered":"<div class=\"flex-shrink-0 flex flex-col relative items-end\">\n<div>\n<div class=\"pt-0\">\n<div class=\"gizmo-bot-avatar flex h-8 w-8 items-center justify-center overflow-hidden rounded-full\">\n<div class=\"relative p-1 rounded-sm flex items-center justify-center bg-token-main-surface-primary text-token-text-primary h-8 w-8\"><\/div>\n<\/div>\n<\/div>\n<\/div>\n<\/div>\n<div class=\"group\/conversation-turn relative flex w-full min-w-0 flex-col agent-turn\">\n<div class=\"flex-col gap-1 md:gap-3\">\n<div class=\"flex max-w-full flex-col flex-grow\">\n<div class=\"min-h-[20px] text-message flex w-full flex-col items-end gap-2 whitespace-normal break-words [.text-message+&amp;]:mt-5\" dir=\"auto\" data-message-author-role=\"assistant\" data-message-id=\"15ee6276-ec0e-41ac-a0dd-8aab86aa39cb\">\n<div class=\"flex w-full flex-col gap-1 empty:hidden first:pt-[3px]\">\n<div class=\"markdown prose w-full break-words dark:prose-invert light\">\n<p>The Sannale baby carrier rain cover is universal and suitable for all carriers. It is lightweight, waterproof and protects the carrier from rain. The large air vent ensures comfort and fresh air. The rain cover can be easily folded and stored in a stylish bag that attaches to the carrier. Lightweight and compact, it&#8217;s ideal for everyday use for active parents who spend a lot of time outdoors and want to be prepared for unexpected rain.    <\/p>\n<\/div>\n<\/div>\n<\/div>\n<\/div>\n<\/div>\n<\/div>\n<p>&nbsp;<\/p>\n<ul>\n<li>100% waterproof<\/li>\n<li>light and thin<\/li>\n<li>pouch to carry on belt included in the set<\/li>\n<li>with adjustable edge rubber<\/li>\n<li>quick and easy to attach &#8211; attaches from the back of the wearer with a strap and a clamp and to the shoulder straps of the carrier with buckles<\/li>\n<\/ul>\n<h2>How to order:<\/h2>\n<p><strong>Choose from the drop-down menu at the top if you want a black or coloured rain cover.<\/strong><\/p>\n<p><strong>For the coloured version, add a rain cover fabric to your shopping cart <\/strong>(cost 0.-) That way we know which fabrics to use to sew your rain cover. Choose your fabric here: <a href=\"https:\/\/sannale.ee\/tootekategooria\/materjalid-valik\/vihmakile-kangad\/\" target=\"_blank\" rel=\"noopener\">https: \/\/sannale.ee\/tootekategooria\/materjalid-valik\/vihmakile-kangad\/<\/a>   <\/p>\n<p>&nbsp;<\/p>\n<h2>Lead time:<\/h2>\n<p>If the stock shows that the selected rain cover is <strong>in stock<\/strong>, we will dispatch the parcel <strong> within 1-2 business days. <\/strong><\/p>\n<p>If the selected rain cover is &#8220;<strong>on backorder<\/strong>&#8220;, it means that the selected rain cover is currently out of stock and we will sew it for you<strong> within 1-2 weeks.<\/strong><\/p>\n<h4>Material:<\/h4>\n<p>0,1mm, 70g\/m2 nylon fabric silver in the bottom with UV resistant backing fabric, water resistance 1000mm, abrasion resistance 20 000 Martingale.<\/p>\n<h4>Maintenance guide:<\/h4>\n<p>Dry the film between uses and don&#8217;t pack the rain cover in the storage bag when wet. Avoid washing if possible and clean with a cloth dampened with clean water. <\/p>\n<p>However, if the sheeting does need washing, the instructions provided by the fabric manufacturer are as follows:<\/p>\n<p><a href=\"https:\/\/www.hariduskeskus.ee\/opiobjektid\/tekstiilid\/?Tekstiilid___Tekstiilide_hooldusm%C3%A4rgid%26nbsp%3B\"><img decoding=\"async\" class=\"wp-image-2253 lazyloaded\" src=\"https:\/\/sannale.ee\/wp-content\/uploads\/2021\/02\/taffeta-hooldusjuhis-300x48.jpg\" sizes=\"(max-width: 219px) 100vw, 219px\" srcset=\"https:\/\/sannale.ee\/wp-content\/uploads\/2021\/02\/taffeta-hooldusjuhis-300x48.jpg 300w, https:\/\/sannale.ee\/wp-content\/uploads\/2021\/02\/taffeta-hooldusjuhis-600x95.jpg 600w, https:\/\/sannale.ee\/wp-content\/uploads\/2021\/02\/taffeta-hooldusjuhis-416x66.jpg 416w, https:\/\/sannale.ee\/wp-content\/uploads\/2021\/02\/taffeta-hooldusjuhis.jpg 725w\" alt=\"rain cover maintenance guide\" width=\"219\" height=\"35\" data-src=\"https:\/\/sannale.ee\/wp-content\/uploads\/2021\/02\/taffeta-hooldusjuhis-300x48.jpg\" data-srcset=\"https:\/\/sannale.ee\/wp-content\/uploads\/2021\/02\/taffeta-hooldusjuhis-300x48.jpg 300w, https:\/\/sannale.ee\/wp-content\/uploads\/2021\/02\/taffeta-hooldusjuhis-600x95.jpg 600w, https:\/\/sannale.ee\/wp-content\/uploads\/2021\/02\/taffeta-hooldusjuhis-416x66.jpg 416w, https:\/\/sannale.ee\/wp-content\/uploads\/2021\/02\/taffeta-hooldusjuhis.jpg 725w\" data-sizes=\"(max-width: 219px) 100vw, 219px\"><\/a><\/p>\n<p>Ironing forbidden, hand washing only, machine washing will damage the product, tumble drying not allowed, bleaching not allowed, water washing allowed in water up to 30 degrees.<\/p>\n<p><iframe title=\"Sannale lapsekandmiskoti vihmakile\" width=\"500\" height=\"281\" data-src=\"https:\/\/www.youtube.com\/embed\/Wp5s8I3F53k?feature=oembed\" frameborder=\"0\" allow=\"accelerometer; autoplay; clipboard-write; encrypted-media; gyroscope; picture-in-picture; web-share\" referrerpolicy=\"strict-origin-when-cross-origin\" allowfullscreen src=\"data:image\/svg+xml;base64,PHN2ZyB3aWR0aD0iMSIgaGVpZ2h0PSIxIiB4bWxucz0iaHR0cDovL3d3dy53My5vcmcvMjAwMC9zdmciPjwvc3ZnPg==\" class=\"lazyload\" data-load-mode=\"1\"><\/iframe><\/p>\n<div class=\"_4u-c xkhd6sd x18d9i69 x4uap5 xexx8yu x9f619 x5yr21d _9hq\">\n<div class=\"_5f0v uiScrollableArea fade contentBefore\" tabindex=\"0\">\n<div id=\"js_2g\" class=\"uiScrollableAreaWrap scrollable\">\n<div class=\"uiScrollableAreaBody\">\n<div class=\"uiScrollableAreaContent\">\n<h4><\/h4>\n<div class=\"x1nz53y6 x16ydxro\">\n<div class=\"x1fqp7bg\">\n<div class=\"xeuugli x2lwn1j xuk3077 x78zum5 x1q0g3np x13a6bvl x1jchvi3 xlxfd2w x1gslohp x126k92a\">\n<div class=\"xeuugli x2lwn1j x6s0dn4 x78zum5 x15zctf7 x193iq5w xh8yej3\">\n<h4 class=\"xeuugli x2lwn1j xuk3077 x78zum5 xdl72j9 xdt5ytf x1c4vz4f x2lah0s x16fdfms x161msgk x1s9ed0f x1eapu41 x1r944mn\">Got questions or need advice? Get in touch and let&#8217;s take a look together!<\/h4>\n<div class=\"xeuugli x2lwn1j xuk3077 x78zum5 xdl72j9 xdt5ytf x1c4vz4f x2lah0s x16fdfms x161msgk x1s9ed0f x1eapu41 x1r944mn\">tel. <a href=\"tel:37258863122\">+372 58863122<\/a><\/div>\n<div class=\"xeuugli x2lwn1j xuk3077 x78zum5 xdl72j9 xdt5ytf x1c4vz4f x2lah0s x16fdfms x161msgk x1s9ed0f x1eapu41 x1r944mn\"><a href=\"mailto:sannale@sannale.ee\">sannale@sannale.ee<\/a><\/div>\n<div class=\"xeuugli x2lwn1j xuk3077 x78zum5 xdl72j9 xdt5ytf x1c4vz4f x2lah0s x16fdfms x161msgk x1s9ed0f x1eapu41 x1r944mn\">Meeli Viljaste<\/div>\n<\/div>\n<\/div>\n<div><\/div>\n<\/div>\n<\/div>\n<\/div>\n<\/div>\n<\/div>\n<\/div>\n<\/div>\n<h4>FAQ<\/h4>\n<p><strong>Can I get a bag free of charge with a rain cover?<\/strong> Yes. All raincoats come with a storage bag with a handy loop for carrying the bag on your belt.<\/p>\n<p><strong>Can I return the product when I wish to?<\/strong> The black rain film is returnable. Custom order coloured covers are not. <\/p>\n<p><strong><a href=\"https:\/\/sannale.ee\/kkk\/\" target=\"_blank\" rel=\"noopener\">See here for other frequently asked questions about delivery, manufacturing, returns and warranty.<\/a><\/strong><\/p>\n<p>&nbsp;<\/p>\n<p>&nbsp;<\/p>\n<p>This baby carrier rain cover is a variation of the rain cover I used with my own three children. When making the cutting pattern, I was careful to keep the fabric in one piece as much as possible, and with as few sewing holes as possible. So there&#8217;s only a 20cm stitched area at the top of the hood, and even that&#8217;s stitched with a super-fine mixtorex needle designed for sewing waterproof material, so that the waterproofing is as good as it gets. The cover is large enough to fit a larger child underneath. However, the bottom can be adjusted to a smaller size with an elasticated waistband if the baby is still very small and the cover does not need to be that big yet. Based on the experience of test customers, I replaced my own rain cover ties here with the convenient clip and buckle fastenings. I added an adjustable elastic band around the hood. This way you can use the hood with the elastic cropped or as straight as you like. In our family it was an indispensable Estonian weather helper. I hope it will be just as handy for your family.       <\/p>\n","protected":false},"excerpt":{"rendered":"<p>The Sannale baby carrier rain cover is universal and suitable for all carriers. It is lightweight, waterproof and protects the [&hellip;]<\/p>\n","protected":false},"featured_media":44944,"comment_status":"open","ping_status":"closed","template":"","meta":{"_uag_custom_page_level_css":"","site-sidebar-layout":"default","site-content-layout":"","ast-site-content-layout":"default","site-content-style":"default","site-sidebar-style":"default","ast-global-header-display":"","ast-banner-title-visibility":"","ast-main-header-display":"","ast-hfb-above-header-display":"","ast-hfb-below-header-display":"","ast-hfb-mobile-header-display":"","site-post-title":"","ast-breadcrumbs-content":"","ast-featured-img":"","footer-sml-layout":"","theme-transparent-header-meta":"default","adv-header-id-meta":"","stick-header-meta":"","header-above-stick-meta":"","header-main-stick-meta":"","header-below-stick-meta":"","astra-migrate-meta-layouts":"default","ast-page-background-enabled":"default","ast-page-background-meta":{"desktop":{"background-color":"var(--ast-global-color-4)","background-image":"","background-repeat":"repeat","background-position":"center center","background-size":"auto","background-attachment":"scroll","background-type":"","background-media":"","overlay-type":"","overlay-color":"","overlay-opacity":"","overlay-gradient":""},"tablet":{"background-color":"","background-image":"","background-repeat":"repeat","background-position":"center center","background-size":"auto","background-attachment":"scroll","background-type":"","background-media":"","overlay-type":"","overlay-color":"","overlay-opacity":"","overlay-gradient":""},"mobile":{"background-color":"","background-image":"","background-repeat":"repeat","background-position":"center center","background-size":"auto","background-attachment":"scroll","background-type":"","background-media":"","overlay-type":"","overlay-color":"","overlay-opacity":"","overlay-gradient":""}},"ast-content-background-meta":{"desktop":{"background-color":"var(--ast-global-color-5)","background-image":"","background-repeat":"repeat","background-position":"center center","background-size":"auto","background-attachment":"scroll","background-type":"","background-media":"","overlay-type":"","overlay-color":"","overlay-opacity":"","overlay-gradient":""},"tablet":{"background-color":"var(--ast-global-color-5)","background-image":"","background-repeat":"repeat","background-position":"center center","background-size":"auto","background-attachment":"scroll","background-type":"","background-media":"","overlay-type":"","overlay-color":"","overlay-opacity":"","overlay-gradient":""},"mobile":{"background-color":"var(--ast-global-color-5)","background-image":"","background-repeat":"repeat","background-position":"center center","background-size":"auto","background-attachment":"scroll","background-type":"","background-media":"","overlay-type":"","overlay-color":"","overlay-opacity":"","overlay-gradient":""}}},"product_brand":[],"product_cat":[1248],"product_tag":[2291,2292,2290,2289,2288],"class_list":{"0":"post-46120","1":"product","2":"type-product","3":"status-publish","4":"has-post-thumbnail","6":"product_cat-for-mother-and-child","7":"product_tag-baby-carrier-bag-rain-cover","8":"product_tag-baby-carrier-bag-rain-cover-en","9":"product_tag-baby-carrier-bag-rain-film","10":"product_tag-belly-bag-rain-cover","11":"product_tag-belly-bag-rain-film","12":"pa_varv-black-en-2","13":"pa_varv-olive-green","14":"pa_varv-special-order-choose-your-own-colour","15":"desktop-align-left","16":"tablet-align-left","17":"mobile-align-left","19":"first","20":"instock","21":"taxable","22":"shipping-taxable","23":"purchasable","24":"product-type-variable"},"supplier_id":null,"supplier_sku":"","barcode":null,"atum_controlled":true,"out_stock_date":null,"out_stock_threshold":null,"inheritable":true,"inbound_stock":null,"stock_on_hold":0,"sold_today":0,"sales_last_days":0,"reserved_stock":null,"customer_returns":null,"warehouse_damage":null,"lost_in_post":null,"other_logs":null,"out_stock_days":0,"lost_sales":0,"has_location":false,"update_date":"2026-04-03T00:10:27","atum_locations":[],"atum_stock_status":"instock","restock_status":false,"low_stock_amount":"","sales_update_date":"2026-04-03T00:10:27","calc_backorders":null,"yoast_head":"<!-- This site is optimized with the Yoast SEO plugin v27.3 - https:\/\/yoast.com\/product\/yoast-seo-wordpress\/ -->\n<title>Baby carrier rain cover - Sannale<\/title>\n<meta name=\"robots\" content=\"index, follow, max-snippet:-1, max-image-preview:large, max-video-preview:-1\" \/>\n<link rel=\"canonical\" href=\"https:\/\/sannale.ee\/en\/toode\/baby-carrier-bag-rain-cover\/\" \/>\n<meta property=\"og:locale\" content=\"en_US\" \/>\n<meta property=\"og:type\" content=\"article\" \/>\n<meta property=\"og:title\" content=\"Baby carrier rain cover - Sannale\" \/>\n<meta property=\"og:description\" content=\"The Sannale baby carrier rain cover is universal and suitable for all carriers. It is lightweight, waterproof and protects the [&hellip;]\" \/>\n<meta property=\"og:url\" content=\"https:\/\/sannale.ee\/en\/toode\/baby-carrier-bag-rain-cover\/\" \/>\n<meta property=\"og:site_name\" content=\"Sannale\" \/>\n<meta property=\"article:publisher\" content=\"https:\/\/www.facebook.com\/MinuSannale\" \/>\n<meta property=\"article:modified_time\" content=\"2024-10-28T11:21:26+00:00\" \/>\n<meta property=\"og:image\" content=\"https:\/\/sannale.ee\/wp-content\/uploads\/2024\/09\/Lapsekandmiskoti-vihmakile-32.jpg\" \/>\n\t<meta property=\"og:image:width\" content=\"700\" \/>\n\t<meta property=\"og:image:height\" content=\"700\" \/>\n\t<meta property=\"og:image:type\" content=\"image\/jpeg\" \/>\n<meta name=\"twitter:card\" content=\"summary_large_image\" \/>\n<meta name=\"twitter:label1\" content=\"Est. reading time\" \/>\n\t<meta name=\"twitter:data1\" content=\"3 minutes\" \/>\n<script type=\"application\/ld+json\" class=\"yoast-schema-graph\">{\"@context\":\"https:\\\/\\\/schema.org\",\"@graph\":[{\"@type\":\"WebPage\",\"@id\":\"https:\\\/\\\/sannale.ee\\\/en\\\/toode\\\/baby-carrier-bag-rain-cover\\\/\",\"url\":\"https:\\\/\\\/sannale.ee\\\/en\\\/toode\\\/baby-carrier-bag-rain-cover\\\/\",\"name\":\"Baby carrier rain cover - Sannale\",\"isPartOf\":{\"@id\":\"https:\\\/\\\/sannale.ee\\\/#website\"},\"primaryImageOfPage\":{\"@id\":\"https:\\\/\\\/sannale.ee\\\/en\\\/toode\\\/baby-carrier-bag-rain-cover\\\/#primaryimage\"},\"image\":{\"@id\":\"https:\\\/\\\/sannale.ee\\\/en\\\/toode\\\/baby-carrier-bag-rain-cover\\\/#primaryimage\"},\"thumbnailUrl\":\"https:\\\/\\\/sannale.ee\\\/wp-content\\\/uploads\\\/2024\\\/09\\\/Lapsekandmiskoti-vihmakile-32.jpg\",\"datePublished\":\"2024-09-11T07:25:30+00:00\",\"dateModified\":\"2024-10-28T11:21:26+00:00\",\"breadcrumb\":{\"@id\":\"https:\\\/\\\/sannale.ee\\\/en\\\/toode\\\/baby-carrier-bag-rain-cover\\\/#breadcrumb\"},\"inLanguage\":\"en-US\",\"potentialAction\":[{\"@type\":\"ReadAction\",\"target\":[\"https:\\\/\\\/sannale.ee\\\/en\\\/toode\\\/baby-carrier-bag-rain-cover\\\/\"]}]},{\"@type\":\"ImageObject\",\"inLanguage\":\"en-US\",\"@id\":\"https:\\\/\\\/sannale.ee\\\/en\\\/toode\\\/baby-carrier-bag-rain-cover\\\/#primaryimage\",\"url\":\"https:\\\/\\\/sannale.ee\\\/wp-content\\\/uploads\\\/2024\\\/09\\\/Lapsekandmiskoti-vihmakile-32.jpg\",\"contentUrl\":\"https:\\\/\\\/sannale.ee\\\/wp-content\\\/uploads\\\/2024\\\/09\\\/Lapsekandmiskoti-vihmakile-32.jpg\",\"width\":700,\"height\":700,\"caption\":\"Baby carrier bag raincoat-32\"},{\"@type\":\"BreadcrumbList\",\"@id\":\"https:\\\/\\\/sannale.ee\\\/en\\\/toode\\\/baby-carrier-bag-rain-cover\\\/#breadcrumb\",\"itemListElement\":[{\"@type\":\"ListItem\",\"position\":1,\"name\":\"Home\",\"item\":\"https:\\\/\\\/sannale.ee\\\/en\\\/\"},{\"@type\":\"ListItem\",\"position\":2,\"name\":\"Shop\",\"item\":\"https:\\\/\\\/sannale.ee\\\/en\\\/shop\\\/\"},{\"@type\":\"ListItem\",\"position\":3,\"name\":\"Baby carrier rain cover\"}]},{\"@type\":\"WebSite\",\"@id\":\"https:\\\/\\\/sannale.ee\\\/#website\",\"url\":\"https:\\\/\\\/sannale.ee\\\/\",\"name\":\"Sannale\",\"description\":\"K\u00e4sit\u00f6\u00f6na valminud k\u00e4rulisad ja lastetarbed\",\"publisher\":{\"@id\":\"https:\\\/\\\/sannale.ee\\\/#organization\"},\"potentialAction\":[{\"@type\":\"SearchAction\",\"target\":{\"@type\":\"EntryPoint\",\"urlTemplate\":\"https:\\\/\\\/sannale.ee\\\/?s={search_term_string}\"},\"query-input\":{\"@type\":\"PropertyValueSpecification\",\"valueRequired\":true,\"valueName\":\"search_term_string\"}}],\"inLanguage\":\"en-US\"},{\"@type\":\"Organization\",\"@id\":\"https:\\\/\\\/sannale.ee\\\/#organization\",\"name\":\"Sannale\",\"url\":\"https:\\\/\\\/sannale.ee\\\/\",\"logo\":{\"@type\":\"ImageObject\",\"inLanguage\":\"en-US\",\"@id\":\"https:\\\/\\\/sannale.ee\\\/#\\\/schema\\\/logo\\\/image\\\/\",\"url\":\"https:\\\/\\\/sannale.ee\\\/wp-content\\\/uploads\\\/2024\\\/02\\\/cropped-sannale-fb-logo-sydamega-5-tumedam-3-scaled.png\",\"contentUrl\":\"https:\\\/\\\/sannale.ee\\\/wp-content\\\/uploads\\\/2024\\\/02\\\/cropped-sannale-fb-logo-sydamega-5-tumedam-3-scaled.png\",\"width\":5100,\"height\":1758,\"caption\":\"Sannale\"},\"image\":{\"@id\":\"https:\\\/\\\/sannale.ee\\\/#\\\/schema\\\/logo\\\/image\\\/\"},\"sameAs\":[\"https:\\\/\\\/www.facebook.com\\\/MinuSannale\"]}]}<\/script>\n<!-- \/ Yoast SEO plugin. -->","yoast_head_json":{"title":"Baby carrier rain cover - Sannale","robots":{"index":"index","follow":"follow","max-snippet":"max-snippet:-1","max-image-preview":"max-image-preview:large","max-video-preview":"max-video-preview:-1"},"canonical":"https:\/\/sannale.ee\/en\/toode\/baby-carrier-bag-rain-cover\/","og_locale":"en_US","og_type":"article","og_title":"Baby carrier rain cover - Sannale","og_description":"The Sannale baby carrier rain cover is universal and suitable for all carriers. It is lightweight, waterproof and protects the [&hellip;]","og_url":"https:\/\/sannale.ee\/en\/toode\/baby-carrier-bag-rain-cover\/","og_site_name":"Sannale","article_publisher":"https:\/\/www.facebook.com\/MinuSannale","article_modified_time":"2024-10-28T11:21:26+00:00","og_image":[{"width":700,"height":700,"url":"https:\/\/sannale.ee\/wp-content\/uploads\/2024\/09\/Lapsekandmiskoti-vihmakile-32.jpg","type":"image\/jpeg"}],"twitter_card":"summary_large_image","twitter_misc":{"Est. reading time":"3 minutes"},"schema":{"@context":"https:\/\/schema.org","@graph":[{"@type":"WebPage","@id":"https:\/\/sannale.ee\/en\/toode\/baby-carrier-bag-rain-cover\/","url":"https:\/\/sannale.ee\/en\/toode\/baby-carrier-bag-rain-cover\/","name":"Baby carrier rain cover - Sannale","isPartOf":{"@id":"https:\/\/sannale.ee\/#website"},"primaryImageOfPage":{"@id":"https:\/\/sannale.ee\/en\/toode\/baby-carrier-bag-rain-cover\/#primaryimage"},"image":{"@id":"https:\/\/sannale.ee\/en\/toode\/baby-carrier-bag-rain-cover\/#primaryimage"},"thumbnailUrl":"https:\/\/sannale.ee\/wp-content\/uploads\/2024\/09\/Lapsekandmiskoti-vihmakile-32.jpg","datePublished":"2024-09-11T07:25:30+00:00","dateModified":"2024-10-28T11:21:26+00:00","breadcrumb":{"@id":"https:\/\/sannale.ee\/en\/toode\/baby-carrier-bag-rain-cover\/#breadcrumb"},"inLanguage":"en-US","potentialAction":[{"@type":"ReadAction","target":["https:\/\/sannale.ee\/en\/toode\/baby-carrier-bag-rain-cover\/"]}]},{"@type":"ImageObject","inLanguage":"en-US","@id":"https:\/\/sannale.ee\/en\/toode\/baby-carrier-bag-rain-cover\/#primaryimage","url":"https:\/\/sannale.ee\/wp-content\/uploads\/2024\/09\/Lapsekandmiskoti-vihmakile-32.jpg","contentUrl":"https:\/\/sannale.ee\/wp-content\/uploads\/2024\/09\/Lapsekandmiskoti-vihmakile-32.jpg","width":700,"height":700,"caption":"Baby carrier bag raincoat-32"},{"@type":"BreadcrumbList","@id":"https:\/\/sannale.ee\/en\/toode\/baby-carrier-bag-rain-cover\/#breadcrumb","itemListElement":[{"@type":"ListItem","position":1,"name":"Home","item":"https:\/\/sannale.ee\/en\/"},{"@type":"ListItem","position":2,"name":"Shop","item":"https:\/\/sannale.ee\/en\/shop\/"},{"@type":"ListItem","position":3,"name":"Baby carrier rain cover"}]},{"@type":"WebSite","@id":"https:\/\/sannale.ee\/#website","url":"https:\/\/sannale.ee\/","name":"Sannale","description":"K\u00e4sit\u00f6\u00f6na valminud k\u00e4rulisad ja lastetarbed","publisher":{"@id":"https:\/\/sannale.ee\/#organization"},"potentialAction":[{"@type":"SearchAction","target":{"@type":"EntryPoint","urlTemplate":"https:\/\/sannale.ee\/?s={search_term_string}"},"query-input":{"@type":"PropertyValueSpecification","valueRequired":true,"valueName":"search_term_string"}}],"inLanguage":"en-US"},{"@type":"Organization","@id":"https:\/\/sannale.ee\/#organization","name":"Sannale","url":"https:\/\/sannale.ee\/","logo":{"@type":"ImageObject","inLanguage":"en-US","@id":"https:\/\/sannale.ee\/#\/schema\/logo\/image\/","url":"https:\/\/sannale.ee\/wp-content\/uploads\/2024\/02\/cropped-sannale-fb-logo-sydamega-5-tumedam-3-scaled.png","contentUrl":"https:\/\/sannale.ee\/wp-content\/uploads\/2024\/02\/cropped-sannale-fb-logo-sydamega-5-tumedam-3-scaled.png","width":5100,"height":1758,"caption":"Sannale"},"image":{"@id":"https:\/\/sannale.ee\/#\/schema\/logo\/image\/"},"sameAs":["https:\/\/www.facebook.com\/MinuSannale"]}]}},"uagb_featured_image_src":{"full":["https:\/\/sannale.ee\/wp-content\/uploads\/2024\/09\/Lapsekandmiskoti-vihmakile-32.jpg",700,700,false],"thumbnail":["https:\/\/sannale.ee\/wp-content\/uploads\/2024\/09\/Lapsekandmiskoti-vihmakile-32-150x150.jpg",150,150,true],"medium":["https:\/\/sannale.ee\/wp-content\/uploads\/2024\/09\/Lapsekandmiskoti-vihmakile-32-300x300.jpg",300,300,true],"medium_large":["https:\/\/sannale.ee\/wp-content\/uploads\/2024\/09\/Lapsekandmiskoti-vihmakile-32.jpg",700,700,false],"large":["https:\/\/sannale.ee\/wp-content\/uploads\/2024\/09\/Lapsekandmiskoti-vihmakile-32.jpg",700,700,false],"1536x1536":["https:\/\/sannale.ee\/wp-content\/uploads\/2024\/09\/Lapsekandmiskoti-vihmakile-32.jpg",700,700,false],"2048x2048":["https:\/\/sannale.ee\/wp-content\/uploads\/2024\/09\/Lapsekandmiskoti-vihmakile-32.jpg",700,700,false],"woocommerce_thumbnail":["https:\/\/sannale.ee\/wp-content\/uploads\/2024\/09\/Lapsekandmiskoti-vihmakile-32-300x300.jpg",300,300,true],"woocommerce_single":["https:\/\/sannale.ee\/wp-content\/uploads\/2024\/09\/Lapsekandmiskoti-vihmakile-32-600x600.jpg",600,600,true],"woocommerce_gallery_thumbnail":["https:\/\/sannale.ee\/wp-content\/uploads\/2024\/09\/Lapsekandmiskoti-vihmakile-32-100x100.jpg",100,100,true],"variation_swatches_image_size":["https:\/\/sannale.ee\/wp-content\/uploads\/2024\/09\/Lapsekandmiskoti-vihmakile-32-50x50.jpg",50,50,true],"variation_swatches_tooltip_size":["https:\/\/sannale.ee\/wp-content\/uploads\/2024\/09\/Lapsekandmiskoti-vihmakile-32-100x100.jpg",100,100,true]},"uagb_author_info":{"display_name":"meelip","author_link":"https:\/\/sannale.ee\/en\/author\/"},"uagb_comment_info":1,"uagb_excerpt":"The Sannale baby carrier rain cover is universal and suitable for all carriers. It is lightweight, waterproof and protects the [&hellip;]","jetpack_sharing_enabled":true,"_links":{"self":[{"href":"https:\/\/sannale.ee\/en\/wp-json\/wp\/v2\/product\/46120","targetHints":{"allow":["GET"]}}],"collection":[{"href":"https:\/\/sannale.ee\/en\/wp-json\/wp\/v2\/product"}],"about":[{"href":"https:\/\/sannale.ee\/en\/wp-json\/wp\/v2\/types\/product"}],"replies":[{"embeddable":true,"href":"https:\/\/sannale.ee\/en\/wp-json\/wp\/v2\/comments?post=46120"}],"wp:featuredmedia":[{"embeddable":true,"href":"https:\/\/sannale.ee\/en\/wp-json\/wp\/v2\/media\/44944"}],"wp:attachment":[{"href":"https:\/\/sannale.ee\/en\/wp-json\/wp\/v2\/media?parent=46120"}],"wp:term":[{"taxonomy":"product_brand","embeddable":true,"href":"https:\/\/sannale.ee\/en\/wp-json\/wp\/v2\/product_brand?post=46120"},{"taxonomy":"product_cat","embeddable":true,"href":"https:\/\/sannale.ee\/en\/wp-json\/wp\/v2\/product_cat?post=46120"},{"taxonomy":"product_tag","embeddable":true,"href":"https:\/\/sannale.ee\/en\/wp-json\/wp\/v2\/product_tag?post=46120"}],"curies":[{"name":"wp","href":"https:\/\/api.w.org\/{rel}","templated":true}]}}