{"id":45559,"date":"2021-02-24T15:11:44","date_gmt":"2021-02-24T13:11:44","guid":{"rendered":"https:\/\/sannale.ee\/toode\/flag-storage-bag-for-houses-flag\/"},"modified":"2024-11-04T10:21:33","modified_gmt":"2024-11-04T08:21:33","slug":"flag-storage-bag-for-houses-flag","status":"publish","type":"product","link":"https:\/\/sannale.ee\/en\/toode\/flag-storage-bag-for-houses-flag\/","title":{"rendered":"Flag storage bag for house&#8217;s flag"},"content":{"rendered":"<h2><span style=\"font-size: 14pt;\">Flag storage bag for house&#8217;s flag<\/span><\/h2>\n<p>&nbsp;<\/p>\n<p>Need a different size bag? Send an email to sannale@sannale.ee or send us a message <a href=\"https:\/\/www.facebook.com\/MinuSannale\">FB:MySannale<\/a><\/p>\n<p>&nbsp;<\/p>\n","protected":false},"excerpt":{"rendered":"<div>\n<h2><span style=\"font-size: 14pt;\">The flag storage bag <strong>protects<\/strong> your house&#8217;s flag and makes it<strong> easy to store.<\/strong> <\/span><\/h2>\n<ul>\n<li>the festive shiny fabric gives the storage bag a<strong> stylish and luxurious look<\/strong><\/li>\n<li>265*10cm bag size fits well with the<strong> 2,5m<\/strong> <strong>pole house flag measurements<\/strong><\/li>\n<li>the bag opening with a drawstring can be closed with a stopper, so the flag is <strong>protected <\/strong> <strong>from getting dirty<\/strong>. <\/li>\n<li>the waterproof flag storage bag, <strong> reinforced with <\/strong>strong <b>faux leather<\/b><strong>, protects the flag storage bag<\/strong> from wearing out and water damage.<\/li>\n<li><strong>handmade<\/strong> in Estonia <strong>just for you<\/strong><\/li>\n<\/ul>\n<p>Lead time up to 1 week. Products in stock are dispatched within 1-3 business days.<\/p>\n<p>&nbsp;<\/p>\n<\/div>\n<div><\/div>\n","protected":false},"featured_media":19706,"comment_status":"open","ping_status":"closed","template":"","meta":{"_uag_custom_page_level_css":"","site-sidebar-layout":"default","site-content-layout":"","ast-site-content-layout":"default","site-content-style":"default","site-sidebar-style":"default","ast-global-header-display":"","ast-banner-title-visibility":"","ast-main-header-display":"","ast-hfb-above-header-display":"","ast-hfb-below-header-display":"","ast-hfb-mobile-header-display":"","site-post-title":"","ast-breadcrumbs-content":"","ast-featured-img":"","footer-sml-layout":"","theme-transparent-header-meta":"default","adv-header-id-meta":"","stick-header-meta":"","header-above-stick-meta":"","header-main-stick-meta":"","header-below-stick-meta":"","astra-migrate-meta-layouts":"default","ast-page-background-enabled":"default","ast-page-background-meta":{"desktop":{"background-color":"var(--ast-global-color-4)","background-image":"","background-repeat":"repeat","background-position":"center center","background-size":"auto","background-attachment":"scroll","background-type":"","background-media":"","overlay-type":"","overlay-color":"","overlay-opacity":"","overlay-gradient":""},"tablet":{"background-color":"","background-image":"","background-repeat":"repeat","background-position":"center center","background-size":"auto","background-attachment":"scroll","background-type":"","background-media":"","overlay-type":"","overlay-color":"","overlay-opacity":"","overlay-gradient":""},"mobile":{"background-color":"","background-image":"","background-repeat":"repeat","background-position":"center center","background-size":"auto","background-attachment":"scroll","background-type":"","background-media":"","overlay-type":"","overlay-color":"","overlay-opacity":"","overlay-gradient":""}},"ast-content-background-meta":{"desktop":{"background-color":"var(--ast-global-color-5)","background-image":"","background-repeat":"repeat","background-position":"center center","background-size":"auto","background-attachment":"scroll","background-type":"","background-media":"","overlay-type":"","overlay-color":"","overlay-opacity":"","overlay-gradient":""},"tablet":{"background-color":"var(--ast-global-color-5)","background-image":"","background-repeat":"repeat","background-position":"center center","background-size":"auto","background-attachment":"scroll","background-type":"","background-media":"","overlay-type":"","overlay-color":"","overlay-opacity":"","overlay-gradient":""},"mobile":{"background-color":"var(--ast-global-color-5)","background-image":"","background-repeat":"repeat","background-position":"center center","background-size":"auto","background-attachment":"scroll","background-type":"","background-media":"","overlay-type":"","overlay-color":"","overlay-opacity":"","overlay-gradient":""}}},"product_brand":[],"product_cat":[1248],"product_tag":[2139,2140,2137,2136],"class_list":{"0":"post-45559","1":"product","2":"type-product","3":"status-publish","4":"has-post-thumbnail","6":"product_cat-for-mother-and-child","7":"product_tag-flag","8":"product_tag-flag-en","9":"product_tag-flag-bag-en","10":"product_tag-flag-bag","11":"desktop-align-left","12":"tablet-align-left","13":"mobile-align-left","15":"first","16":"instock","17":"taxable","18":"shipping-taxable","19":"purchasable","20":"product-type-simple"},"supplier_id":null,"supplier_sku":"","barcode":null,"atum_controlled":true,"out_stock_date":"2024-03-18 09:44:08","out_stock_threshold":null,"inheritable":false,"inbound_stock":null,"stock_on_hold":0,"sold_today":0,"sales_last_days":0,"reserved_stock":null,"customer_returns":null,"warehouse_damage":null,"lost_in_post":null,"other_logs":null,"out_stock_days":749,"lost_sales":0,"has_location":false,"update_date":"2026-04-07T00:10:18","atum_locations":[],"atum_stock_status":"instock","restock_status":false,"low_stock_amount":"","sales_update_date":"2026-04-07T00:10:17","calc_backorders":0,"yoast_head":"<!-- This site is optimized with the Yoast SEO plugin v27.3 - https:\/\/yoast.com\/product\/yoast-seo-wordpress\/ -->\n<title>Flag storage bag for house&#039;s flag - Sannale<\/title>\n<meta name=\"description\" content=\"Flag storage bag for your house&#039;s flag - protects your flag and makes it easy to store. Festive luxurious look and waterproof faux leather bottom.\" \/>\n<meta name=\"robots\" content=\"index, follow, max-snippet:-1, max-image-preview:large, max-video-preview:-1\" \/>\n<link rel=\"canonical\" href=\"https:\/\/sannale.ee\/en\/toode\/flag-storage-bag-for-houses-flag\/\" \/>\n<meta property=\"og:locale\" content=\"en_US\" \/>\n<meta property=\"og:type\" content=\"article\" \/>\n<meta property=\"og:title\" content=\"Flag storage bag for house&#039;s flag - Sannale\" \/>\n<meta property=\"og:description\" content=\"Flag storage bag for your house&#039;s flag - protects your flag and makes it easy to store. Festive luxurious look and waterproof faux leather bottom.\" \/>\n<meta property=\"og:url\" content=\"https:\/\/sannale.ee\/en\/toode\/flag-storage-bag-for-houses-flag\/\" \/>\n<meta property=\"og:site_name\" content=\"Sannale\" \/>\n<meta property=\"article:publisher\" content=\"https:\/\/www.facebook.com\/MinuSannale\" \/>\n<meta property=\"article:modified_time\" content=\"2024-11-04T08:21:33+00:00\" \/>\n<meta property=\"og:image\" content=\"https:\/\/sannale.ee\/wp-content\/uploads\/2021\/02\/IMGP0334-2.jpg\" \/>\n\t<meta property=\"og:image:width\" content=\"1024\" \/>\n\t<meta property=\"og:image:height\" content=\"1024\" \/>\n\t<meta property=\"og:image:type\" content=\"image\/jpeg\" \/>\n<meta name=\"twitter:card\" content=\"summary_large_image\" \/>\n<script type=\"application\/ld+json\" class=\"yoast-schema-graph\">{\"@context\":\"https:\\\/\\\/schema.org\",\"@graph\":[{\"@type\":\"WebPage\",\"@id\":\"https:\\\/\\\/sannale.ee\\\/en\\\/toode\\\/flag-storage-bag-for-houses-flag\\\/\",\"url\":\"https:\\\/\\\/sannale.ee\\\/en\\\/toode\\\/flag-storage-bag-for-houses-flag\\\/\",\"name\":\"Flag storage bag for house's flag - Sannale\",\"isPartOf\":{\"@id\":\"https:\\\/\\\/sannale.ee\\\/#website\"},\"primaryImageOfPage\":{\"@id\":\"https:\\\/\\\/sannale.ee\\\/en\\\/toode\\\/flag-storage-bag-for-houses-flag\\\/#primaryimage\"},\"image\":{\"@id\":\"https:\\\/\\\/sannale.ee\\\/en\\\/toode\\\/flag-storage-bag-for-houses-flag\\\/#primaryimage\"},\"thumbnailUrl\":\"https:\\\/\\\/sannale.ee\\\/wp-content\\\/uploads\\\/2021\\\/02\\\/IMGP0334-2.jpg\",\"datePublished\":\"2021-02-24T13:11:44+00:00\",\"dateModified\":\"2024-11-04T08:21:33+00:00\",\"description\":\"Flag storage bag for your house's flag - protects your flag and makes it easy to store. Festive luxurious look and waterproof faux leather bottom.\",\"breadcrumb\":{\"@id\":\"https:\\\/\\\/sannale.ee\\\/en\\\/toode\\\/flag-storage-bag-for-houses-flag\\\/#breadcrumb\"},\"inLanguage\":\"en-US\",\"potentialAction\":[{\"@type\":\"ReadAction\",\"target\":[\"https:\\\/\\\/sannale.ee\\\/en\\\/toode\\\/flag-storage-bag-for-houses-flag\\\/\"]}]},{\"@type\":\"ImageObject\",\"inLanguage\":\"en-US\",\"@id\":\"https:\\\/\\\/sannale.ee\\\/en\\\/toode\\\/flag-storage-bag-for-houses-flag\\\/#primaryimage\",\"url\":\"https:\\\/\\\/sannale.ee\\\/wp-content\\\/uploads\\\/2021\\\/02\\\/IMGP0334-2.jpg\",\"contentUrl\":\"https:\\\/\\\/sannale.ee\\\/wp-content\\\/uploads\\\/2021\\\/02\\\/IMGP0334-2.jpg\",\"width\":1024,\"height\":1024,\"caption\":\"Flag bag for beacon flag\"},{\"@type\":\"BreadcrumbList\",\"@id\":\"https:\\\/\\\/sannale.ee\\\/en\\\/toode\\\/flag-storage-bag-for-houses-flag\\\/#breadcrumb\",\"itemListElement\":[{\"@type\":\"ListItem\",\"position\":1,\"name\":\"Home\",\"item\":\"https:\\\/\\\/sannale.ee\\\/en\\\/\"},{\"@type\":\"ListItem\",\"position\":2,\"name\":\"Shop\",\"item\":\"https:\\\/\\\/sannale.ee\\\/en\\\/shop\\\/\"},{\"@type\":\"ListItem\",\"position\":3,\"name\":\"Flag storage bag for house&#8217;s flag\"}]},{\"@type\":\"WebSite\",\"@id\":\"https:\\\/\\\/sannale.ee\\\/#website\",\"url\":\"https:\\\/\\\/sannale.ee\\\/\",\"name\":\"Sannale\",\"description\":\"K\u00e4sit\u00f6\u00f6na valminud k\u00e4rulisad ja lastetarbed\",\"publisher\":{\"@id\":\"https:\\\/\\\/sannale.ee\\\/#organization\"},\"potentialAction\":[{\"@type\":\"SearchAction\",\"target\":{\"@type\":\"EntryPoint\",\"urlTemplate\":\"https:\\\/\\\/sannale.ee\\\/?s={search_term_string}\"},\"query-input\":{\"@type\":\"PropertyValueSpecification\",\"valueRequired\":true,\"valueName\":\"search_term_string\"}}],\"inLanguage\":\"en-US\"},{\"@type\":\"Organization\",\"@id\":\"https:\\\/\\\/sannale.ee\\\/#organization\",\"name\":\"Sannale\",\"url\":\"https:\\\/\\\/sannale.ee\\\/\",\"logo\":{\"@type\":\"ImageObject\",\"inLanguage\":\"en-US\",\"@id\":\"https:\\\/\\\/sannale.ee\\\/#\\\/schema\\\/logo\\\/image\\\/\",\"url\":\"https:\\\/\\\/sannale.ee\\\/wp-content\\\/uploads\\\/2024\\\/02\\\/cropped-sannale-fb-logo-sydamega-5-tumedam-3-scaled.png\",\"contentUrl\":\"https:\\\/\\\/sannale.ee\\\/wp-content\\\/uploads\\\/2024\\\/02\\\/cropped-sannale-fb-logo-sydamega-5-tumedam-3-scaled.png\",\"width\":5100,\"height\":1758,\"caption\":\"Sannale\"},\"image\":{\"@id\":\"https:\\\/\\\/sannale.ee\\\/#\\\/schema\\\/logo\\\/image\\\/\"},\"sameAs\":[\"https:\\\/\\\/www.facebook.com\\\/MinuSannale\"]}]}<\/script>\n<!-- \/ Yoast SEO plugin. -->","yoast_head_json":{"title":"Flag storage bag for house's flag - Sannale","description":"Flag storage bag for your house's flag - protects your flag and makes it easy to store. Festive luxurious look and waterproof faux leather bottom.","robots":{"index":"index","follow":"follow","max-snippet":"max-snippet:-1","max-image-preview":"max-image-preview:large","max-video-preview":"max-video-preview:-1"},"canonical":"https:\/\/sannale.ee\/en\/toode\/flag-storage-bag-for-houses-flag\/","og_locale":"en_US","og_type":"article","og_title":"Flag storage bag for house's flag - Sannale","og_description":"Flag storage bag for your house's flag - protects your flag and makes it easy to store. Festive luxurious look and waterproof faux leather bottom.","og_url":"https:\/\/sannale.ee\/en\/toode\/flag-storage-bag-for-houses-flag\/","og_site_name":"Sannale","article_publisher":"https:\/\/www.facebook.com\/MinuSannale","article_modified_time":"2024-11-04T08:21:33+00:00","og_image":[{"width":1024,"height":1024,"url":"https:\/\/sannale.ee\/wp-content\/uploads\/2021\/02\/IMGP0334-2.jpg","type":"image\/jpeg"}],"twitter_card":"summary_large_image","schema":{"@context":"https:\/\/schema.org","@graph":[{"@type":"WebPage","@id":"https:\/\/sannale.ee\/en\/toode\/flag-storage-bag-for-houses-flag\/","url":"https:\/\/sannale.ee\/en\/toode\/flag-storage-bag-for-houses-flag\/","name":"Flag storage bag for house's flag - Sannale","isPartOf":{"@id":"https:\/\/sannale.ee\/#website"},"primaryImageOfPage":{"@id":"https:\/\/sannale.ee\/en\/toode\/flag-storage-bag-for-houses-flag\/#primaryimage"},"image":{"@id":"https:\/\/sannale.ee\/en\/toode\/flag-storage-bag-for-houses-flag\/#primaryimage"},"thumbnailUrl":"https:\/\/sannale.ee\/wp-content\/uploads\/2021\/02\/IMGP0334-2.jpg","datePublished":"2021-02-24T13:11:44+00:00","dateModified":"2024-11-04T08:21:33+00:00","description":"Flag storage bag for your house's flag - protects your flag and makes it easy to store. Festive luxurious look and waterproof faux leather bottom.","breadcrumb":{"@id":"https:\/\/sannale.ee\/en\/toode\/flag-storage-bag-for-houses-flag\/#breadcrumb"},"inLanguage":"en-US","potentialAction":[{"@type":"ReadAction","target":["https:\/\/sannale.ee\/en\/toode\/flag-storage-bag-for-houses-flag\/"]}]},{"@type":"ImageObject","inLanguage":"en-US","@id":"https:\/\/sannale.ee\/en\/toode\/flag-storage-bag-for-houses-flag\/#primaryimage","url":"https:\/\/sannale.ee\/wp-content\/uploads\/2021\/02\/IMGP0334-2.jpg","contentUrl":"https:\/\/sannale.ee\/wp-content\/uploads\/2021\/02\/IMGP0334-2.jpg","width":1024,"height":1024,"caption":"Flag bag for beacon flag"},{"@type":"BreadcrumbList","@id":"https:\/\/sannale.ee\/en\/toode\/flag-storage-bag-for-houses-flag\/#breadcrumb","itemListElement":[{"@type":"ListItem","position":1,"name":"Home","item":"https:\/\/sannale.ee\/en\/"},{"@type":"ListItem","position":2,"name":"Shop","item":"https:\/\/sannale.ee\/en\/shop\/"},{"@type":"ListItem","position":3,"name":"Flag storage bag for house&#8217;s flag"}]},{"@type":"WebSite","@id":"https:\/\/sannale.ee\/#website","url":"https:\/\/sannale.ee\/","name":"Sannale","description":"K\u00e4sit\u00f6\u00f6na valminud k\u00e4rulisad ja lastetarbed","publisher":{"@id":"https:\/\/sannale.ee\/#organization"},"potentialAction":[{"@type":"SearchAction","target":{"@type":"EntryPoint","urlTemplate":"https:\/\/sannale.ee\/?s={search_term_string}"},"query-input":{"@type":"PropertyValueSpecification","valueRequired":true,"valueName":"search_term_string"}}],"inLanguage":"en-US"},{"@type":"Organization","@id":"https:\/\/sannale.ee\/#organization","name":"Sannale","url":"https:\/\/sannale.ee\/","logo":{"@type":"ImageObject","inLanguage":"en-US","@id":"https:\/\/sannale.ee\/#\/schema\/logo\/image\/","url":"https:\/\/sannale.ee\/wp-content\/uploads\/2024\/02\/cropped-sannale-fb-logo-sydamega-5-tumedam-3-scaled.png","contentUrl":"https:\/\/sannale.ee\/wp-content\/uploads\/2024\/02\/cropped-sannale-fb-logo-sydamega-5-tumedam-3-scaled.png","width":5100,"height":1758,"caption":"Sannale"},"image":{"@id":"https:\/\/sannale.ee\/#\/schema\/logo\/image\/"},"sameAs":["https:\/\/www.facebook.com\/MinuSannale"]}]}},"uagb_featured_image_src":{"full":["https:\/\/sannale.ee\/wp-content\/uploads\/2021\/02\/IMGP0334-2.jpg",1024,1024,false],"thumbnail":["https:\/\/sannale.ee\/wp-content\/uploads\/2021\/02\/IMGP0334-2-150x150.jpg",150,150,true],"medium":["https:\/\/sannale.ee\/wp-content\/uploads\/2021\/02\/IMGP0334-2-300x300.jpg",300,300,true],"medium_large":["https:\/\/sannale.ee\/wp-content\/uploads\/2021\/02\/IMGP0334-2-768x768.jpg",768,768,true],"large":["https:\/\/sannale.ee\/wp-content\/uploads\/2021\/02\/IMGP0334-2-1024x1024.jpg",1024,1024,true],"1536x1536":["https:\/\/sannale.ee\/wp-content\/uploads\/2021\/02\/IMGP0334-2.jpg",1024,1024,false],"2048x2048":["https:\/\/sannale.ee\/wp-content\/uploads\/2021\/02\/IMGP0334-2.jpg",1024,1024,false],"woocommerce_thumbnail":["https:\/\/sannale.ee\/wp-content\/uploads\/2021\/02\/IMGP0334-2-300x300.jpg",300,300,true],"woocommerce_single":["https:\/\/sannale.ee\/wp-content\/uploads\/2021\/02\/IMGP0334-2-600x600.jpg",600,600,true],"woocommerce_gallery_thumbnail":["https:\/\/sannale.ee\/wp-content\/uploads\/2021\/02\/IMGP0334-2-100x100.jpg",100,100,true],"variation_swatches_image_size":["https:\/\/sannale.ee\/wp-content\/uploads\/2021\/02\/IMGP0334-2.jpg",50,50,false],"variation_swatches_tooltip_size":["https:\/\/sannale.ee\/wp-content\/uploads\/2021\/02\/IMGP0334-2.jpg",100,100,false]},"uagb_author_info":{"display_name":"meelip","author_link":"https:\/\/sannale.ee\/en\/author\/"},"uagb_comment_info":0,"uagb_excerpt":"The flag storage bag protects your house's flag and makes it easy to store. the festive shiny fabric gives the storage bag a stylish and luxurious look 265*10cm bag size fits well with the 2,5m pole house flag measurements the bag opening with a drawstring can be closed with a stopper, so the flag is&hellip;","jetpack_sharing_enabled":true,"_links":{"self":[{"href":"https:\/\/sannale.ee\/en\/wp-json\/wp\/v2\/product\/45559","targetHints":{"allow":["GET"]}}],"collection":[{"href":"https:\/\/sannale.ee\/en\/wp-json\/wp\/v2\/product"}],"about":[{"href":"https:\/\/sannale.ee\/en\/wp-json\/wp\/v2\/types\/product"}],"replies":[{"embeddable":true,"href":"https:\/\/sannale.ee\/en\/wp-json\/wp\/v2\/comments?post=45559"}],"wp:featuredmedia":[{"embeddable":true,"href":"https:\/\/sannale.ee\/en\/wp-json\/wp\/v2\/media\/19706"}],"wp:attachment":[{"href":"https:\/\/sannale.ee\/en\/wp-json\/wp\/v2\/media?parent=45559"}],"wp:term":[{"taxonomy":"product_brand","embeddable":true,"href":"https:\/\/sannale.ee\/en\/wp-json\/wp\/v2\/product_brand?post=45559"},{"taxonomy":"product_cat","embeddable":true,"href":"https:\/\/sannale.ee\/en\/wp-json\/wp\/v2\/product_cat?post=45559"},{"taxonomy":"product_tag","embeddable":true,"href":"https:\/\/sannale.ee\/en\/wp-json\/wp\/v2\/product_tag?post=45559"}],"curies":[{"name":"wp","href":"https:\/\/api.w.org\/{rel}","templated":true}]}}