{"id":44119,"date":"2021-02-04T15:23:58","date_gmt":"2021-02-04T13:23:58","guid":{"rendered":"https:\/\/sannale.ee\/toode\/dining-chair-seat-cover-for-ikea-antilop-dining-chair\/"},"modified":"2024-10-23T17:31:40","modified_gmt":"2024-10-23T14:31:40","slug":"dining-chair-seat-cover-for-ikea-antilop-dining-chair","status":"publish","type":"product","link":"https:\/\/sannale.ee\/en\/toode\/dining-chair-seat-cover-for-ikea-antilop-dining-chair\/","title":{"rendered":"Dining chair seat cover for Ikea Antilop dining chair"},"content":{"rendered":"<h3><span style=\"font-size: 14pt;\">The Ikea Antilop Dining Chair Seat Cover makes the dining chair comfortable for your child and gives a traditional dining chair a unique look.<\/span><\/h3>\n<p>  Instead of cold plastic, your child can now sit on a comfortably cushioned fabric.<br \/>\nSee also our Ikea Antilop dining chair <a href=\"https:\/\/sannale.ee\/toode\/ikea-antilop-soogitooli-jalatugi\/\">footstool<\/a> and <a href=\"https:\/\/sannale.ee\/toode\/ikea-antilop-soogitooli-toitupuudja\/\">food trap<\/a>. <img decoding=\"async\" class=\"size-medium wp-image-2121 lazyload\" data-src=\"https:\/\/sannale.ee\/wp-content\/uploads\/2021\/02\/IMGP6524-Edit-300x300.jpg\" alt=\"Ikea Antilop dining chair accessories\" width=\"300\" height=\"300\" data-srcset=\"https:\/\/sannale.ee\/wp-content\/uploads\/2021\/02\/IMGP6524-Edit-300x300.jpg 300w, https:\/\/sannale.ee\/wp-content\/uploads\/2021\/02\/IMGP6524-Edit-100x100.jpg 100w, https:\/\/sannale.ee\/wp-content\/uploads\/2021\/02\/IMGP6524-Edit-600x600.jpg 600w, https:\/\/sannale.ee\/wp-content\/uploads\/2021\/02\/IMGP6524-Edit.jpg 1024w, https:\/\/sannale.ee\/wp-content\/uploads\/2021\/02\/IMGP6524-Edit-150x150.jpg 150w, https:\/\/sannale.ee\/wp-content\/uploads\/2021\/02\/IMGP6524-Edit-768x768.jpg 768w, https:\/\/sannale.ee\/wp-content\/uploads\/2021\/02\/IMGP6524-Edit-324x324.jpg 324w, https:\/\/sannale.ee\/wp-content\/uploads\/2021\/02\/IMGP6524-Edit-416x416.jpg 416w\" data-sizes=\"(max-width: 300px) 100vw, 300px\" src=\"data:image\/svg+xml;base64,PHN2ZyB3aWR0aD0iMSIgaGVpZ2h0PSIxIiB4bWxucz0iaHR0cDovL3d3dy53My5vcmcvMjAwMC9zdmciPjwvc3ZnPg==\" style=\"--smush-placeholder-width: 300px; --smush-placeholder-aspect-ratio: 300\/300;\" \/>&nbsp; The seat cover is machine washable on a gentle programme and can be cleaned with a damp cloth. <\/p>\n","protected":false},"excerpt":{"rendered":"<h2><span style=\"font-size: 18pt;\">The seat cover turns the cold plastic dining chair into a cosy sitting area for your child.<\/span><\/h2>\n<ul>\n<li>the seat cover is designed to be used with the <strong>Ikea Antilop<\/strong> dining chair, fitting exactly to the shape and fastenings of the chair.<\/li>\n<li>seat cover makes the dining chair <strong>comfortable and warm<\/strong> for your child<\/li>\n<li>the <strong>water-repellent <\/strong>fabric cover can be cleaned with a damp cloth or in the washing machine.<\/li>\n<li>0,5cm reinforced porolone for filling<\/li>\n<li>stays<strong> securely in place<\/strong> with the help of a tie strap<\/li>\n<li><strong>a unique design<\/strong>, a cut created for Sanna, which can only be ordered from us and handcrafted <strong>just for you.<\/strong><\/li>\n<\/ul>\n<p>  Products in stock are dispatched within 1-2 working days. The lead time for orders is 1-2 weeks. &nbsp; If you would like a coloured or printed seat cover, please select your preferred fabric here and add a link to your order <a href=\"https:\/\/riimetex.ee\/tootekategooria\/softshell\/\">.<\/a><a href=\"http:\/\/www.lipilapi.ee\/et\/c\/softshell\">https:\/\/riimetex.ee\/tootekategooria\/softshell\/https:\/\/www.remps.ee\/et\/c\/softshellhttps:\/\/www.koojaloo.ee\/kangad\/jopekangadhttp:\/\/www.lipilapi.ee\/et\/c\/softshell.<\/a><\/p>\n<p>&nbsp;<\/p>\n","protected":false},"featured_media":26210,"comment_status":"open","ping_status":"closed","template":"","meta":{"_uag_custom_page_level_css":"","site-sidebar-layout":"default","site-content-layout":"","ast-site-content-layout":"default","site-content-style":"default","site-sidebar-style":"default","ast-global-header-display":"","ast-banner-title-visibility":"","ast-main-header-display":"","ast-hfb-above-header-display":"","ast-hfb-below-header-display":"","ast-hfb-mobile-header-display":"","site-post-title":"","ast-breadcrumbs-content":"","ast-featured-img":"","footer-sml-layout":"","ast-disable-related-posts":"","theme-transparent-header-meta":"default","adv-header-id-meta":"","stick-header-meta":"","header-above-stick-meta":"","header-main-stick-meta":"","header-below-stick-meta":"","astra-migrate-meta-layouts":"default","ast-page-background-enabled":"default","ast-page-background-meta":{"desktop":{"background-color":"var(--ast-global-color-4)","background-image":"","background-repeat":"repeat","background-position":"center center","background-size":"auto","background-attachment":"scroll","background-type":"","background-media":"","overlay-type":"","overlay-color":"","overlay-opacity":"","overlay-gradient":""},"tablet":{"background-color":"","background-image":"","background-repeat":"repeat","background-position":"center center","background-size":"auto","background-attachment":"scroll","background-type":"","background-media":"","overlay-type":"","overlay-color":"","overlay-opacity":"","overlay-gradient":""},"mobile":{"background-color":"","background-image":"","background-repeat":"repeat","background-position":"center center","background-size":"auto","background-attachment":"scroll","background-type":"","background-media":"","overlay-type":"","overlay-color":"","overlay-opacity":"","overlay-gradient":""}},"ast-content-background-meta":{"desktop":{"background-color":"var(--ast-global-color-5)","background-image":"","background-repeat":"repeat","background-position":"center center","background-size":"auto","background-attachment":"scroll","background-type":"","background-media":"","overlay-type":"","overlay-color":"","overlay-opacity":"","overlay-gradient":""},"tablet":{"background-color":"var(--ast-global-color-5)","background-image":"","background-repeat":"repeat","background-position":"center center","background-size":"auto","background-attachment":"scroll","background-type":"","background-media":"","overlay-type":"","overlay-color":"","overlay-opacity":"","overlay-gradient":""},"mobile":{"background-color":"var(--ast-global-color-5)","background-image":"","background-repeat":"repeat","background-position":"center center","background-size":"auto","background-attachment":"scroll","background-type":"","background-media":"","overlay-type":"","overlay-color":"","overlay-opacity":"","overlay-gradient":""}}},"product_brand":[],"product_cat":[1920],"product_tag":[1921,1928,1922,1931,1929,1930,1913,1795],"class_list":{"0":"post-44119","1":"product","2":"type-product","3":"status-publish","4":"has-post-thumbnail","6":"product_cat-dining-chair-accessories","7":"product_tag-antilop-en","8":"product_tag-cushioning-for-dining-chair","9":"product_tag-dining-chair","10":"product_tag-seat-cover-for-dining-chair","11":"product_tag-dining-chair-cushioning","12":"product_tag-dining-chair-seat-cover","13":"product_tag-ikea-en","14":"product_tag-seat-cover-en","15":"desktop-align-left","16":"tablet-align-left","17":"mobile-align-left","18":"wcpa_has_options","20":"first","21":"onbackorder","22":"taxable","23":"shipping-taxable","24":"purchasable","25":"product-type-variable"},"supplier_id":null,"supplier_sku":"","barcode":null,"atum_controlled":true,"out_stock_date":null,"out_stock_threshold":null,"inheritable":true,"inbound_stock":0,"stock_on_hold":0,"sold_today":0,"sales_last_days":0,"reserved_stock":0,"customer_returns":0,"warehouse_damage":0,"lost_in_post":0,"other_logs":0,"out_stock_days":0,"lost_sales":0,"has_location":false,"update_date":"2026-04-15T01:07:43","atum_locations":[],"atum_stock_status":"onbackorder","restock_status":false,"low_stock_amount":"","sales_update_date":"2026-04-15T01:07:43","calc_backorders":null,"yoast_head":"<!-- This site is optimized with the Yoast SEO plugin v27.4 - https:\/\/yoast.com\/product\/yoast-seo-wordpress\/ -->\n<title>Dining chair seat cover for Ikea Antilop dining chair - Sannale<\/title>\n<meta name=\"description\" content=\"The dining chair seat cover fits perfectly on the Ikea Antilop dining chair. Handmade. Choose your own colour and pattern.\" \/>\n<meta name=\"robots\" content=\"index, follow, max-snippet:-1, max-image-preview:large, max-video-preview:-1\" \/>\n<link rel=\"canonical\" href=\"https:\/\/sannale.ee\/en\/toode\/dining-chair-seat-cover-for-ikea-antilop-dining-chair\/\" \/>\n<meta property=\"og:locale\" content=\"en_US\" \/>\n<meta property=\"og:type\" content=\"article\" \/>\n<meta property=\"og:title\" content=\"Dining chair seat cover for Ikea Antilop dining chair - Sannale\" \/>\n<meta property=\"og:description\" content=\"The dining chair seat cover fits perfectly on the Ikea Antilop dining chair. Handmade. Choose your own colour and pattern.\" \/>\n<meta property=\"og:url\" content=\"https:\/\/sannale.ee\/en\/toode\/dining-chair-seat-cover-for-ikea-antilop-dining-chair\/\" \/>\n<meta property=\"og:site_name\" content=\"Sannale\" \/>\n<meta property=\"article:publisher\" content=\"https:\/\/www.facebook.com\/MinuSannale\" \/>\n<meta property=\"article:modified_time\" content=\"2024-10-23T14:31:40+00:00\" \/>\n<meta property=\"og:image\" content=\"https:\/\/sannale.ee\/wp-content\/uploads\/2021\/02\/soogitool.jpg\" \/>\n\t<meta property=\"og:image:width\" content=\"1024\" \/>\n\t<meta property=\"og:image:height\" content=\"1024\" \/>\n\t<meta property=\"og:image:type\" content=\"image\/jpeg\" \/>\n<meta name=\"twitter:card\" content=\"summary_large_image\" \/>\n<script type=\"application\/ld+json\" class=\"yoast-schema-graph\">{\"@context\":\"https:\\\/\\\/schema.org\",\"@graph\":[{\"@type\":\"WebPage\",\"@id\":\"https:\\\/\\\/sannale.ee\\\/en\\\/toode\\\/dining-chair-seat-cover-for-ikea-antilop-dining-chair\\\/\",\"url\":\"https:\\\/\\\/sannale.ee\\\/en\\\/toode\\\/dining-chair-seat-cover-for-ikea-antilop-dining-chair\\\/\",\"name\":\"Dining chair seat cover for Ikea Antilop dining chair - Sannale\",\"isPartOf\":{\"@id\":\"https:\\\/\\\/sannale.ee\\\/#website\"},\"primaryImageOfPage\":{\"@id\":\"https:\\\/\\\/sannale.ee\\\/en\\\/toode\\\/dining-chair-seat-cover-for-ikea-antilop-dining-chair\\\/#primaryimage\"},\"image\":{\"@id\":\"https:\\\/\\\/sannale.ee\\\/en\\\/toode\\\/dining-chair-seat-cover-for-ikea-antilop-dining-chair\\\/#primaryimage\"},\"thumbnailUrl\":\"https:\\\/\\\/sannale.ee\\\/wp-content\\\/uploads\\\/2021\\\/02\\\/soogitool.jpg\",\"datePublished\":\"2021-02-04T13:23:58+00:00\",\"dateModified\":\"2024-10-23T14:31:40+00:00\",\"description\":\"The dining chair seat cover fits perfectly on the Ikea Antilop dining chair. Handmade. Choose your own colour and pattern.\",\"breadcrumb\":{\"@id\":\"https:\\\/\\\/sannale.ee\\\/en\\\/toode\\\/dining-chair-seat-cover-for-ikea-antilop-dining-chair\\\/#breadcrumb\"},\"inLanguage\":\"en-US\",\"potentialAction\":[{\"@type\":\"ReadAction\",\"target\":[\"https:\\\/\\\/sannale.ee\\\/en\\\/toode\\\/dining-chair-seat-cover-for-ikea-antilop-dining-chair\\\/\"]}]},{\"@type\":\"ImageObject\",\"inLanguage\":\"en-US\",\"@id\":\"https:\\\/\\\/sannale.ee\\\/en\\\/toode\\\/dining-chair-seat-cover-for-ikea-antilop-dining-chair\\\/#primaryimage\",\"url\":\"https:\\\/\\\/sannale.ee\\\/wp-content\\\/uploads\\\/2021\\\/02\\\/soogitool.jpg\",\"contentUrl\":\"https:\\\/\\\/sannale.ee\\\/wp-content\\\/uploads\\\/2021\\\/02\\\/soogitool.jpg\",\"width\":1024,\"height\":1024,\"caption\":\"Dining chair seat cover for Ikea Antilop dining chair\"},{\"@type\":\"BreadcrumbList\",\"@id\":\"https:\\\/\\\/sannale.ee\\\/en\\\/toode\\\/dining-chair-seat-cover-for-ikea-antilop-dining-chair\\\/#breadcrumb\",\"itemListElement\":[{\"@type\":\"ListItem\",\"position\":1,\"name\":\"Home\",\"item\":\"https:\\\/\\\/sannale.ee\\\/en\\\/\"},{\"@type\":\"ListItem\",\"position\":2,\"name\":\"Shop\",\"item\":\"https:\\\/\\\/sannale.ee\\\/en\\\/shop\\\/\"},{\"@type\":\"ListItem\",\"position\":3,\"name\":\"Dining chair seat cover for Ikea Antilop dining chair\"}]},{\"@type\":\"WebSite\",\"@id\":\"https:\\\/\\\/sannale.ee\\\/#website\",\"url\":\"https:\\\/\\\/sannale.ee\\\/\",\"name\":\"Sannale\",\"description\":\"K\u00e4sit\u00f6\u00f6na valminud k\u00e4rulisad ja lastetarbed\",\"publisher\":{\"@id\":\"https:\\\/\\\/sannale.ee\\\/#organization\"},\"potentialAction\":[{\"@type\":\"SearchAction\",\"target\":{\"@type\":\"EntryPoint\",\"urlTemplate\":\"https:\\\/\\\/sannale.ee\\\/?s={search_term_string}\"},\"query-input\":{\"@type\":\"PropertyValueSpecification\",\"valueRequired\":true,\"valueName\":\"search_term_string\"}}],\"inLanguage\":\"en-US\"},{\"@type\":\"Organization\",\"@id\":\"https:\\\/\\\/sannale.ee\\\/#organization\",\"name\":\"Sannale\",\"url\":\"https:\\\/\\\/sannale.ee\\\/\",\"logo\":{\"@type\":\"ImageObject\",\"inLanguage\":\"en-US\",\"@id\":\"https:\\\/\\\/sannale.ee\\\/#\\\/schema\\\/logo\\\/image\\\/\",\"url\":\"https:\\\/\\\/sannale.ee\\\/wp-content\\\/uploads\\\/2024\\\/02\\\/cropped-sannale-fb-logo-sydamega-5-tumedam-3-scaled.png\",\"contentUrl\":\"https:\\\/\\\/sannale.ee\\\/wp-content\\\/uploads\\\/2024\\\/02\\\/cropped-sannale-fb-logo-sydamega-5-tumedam-3-scaled.png\",\"width\":5100,\"height\":1758,\"caption\":\"Sannale\"},\"image\":{\"@id\":\"https:\\\/\\\/sannale.ee\\\/#\\\/schema\\\/logo\\\/image\\\/\"},\"sameAs\":[\"https:\\\/\\\/www.facebook.com\\\/MinuSannale\"]}]}<\/script>\n<!-- \/ Yoast SEO plugin. -->","yoast_head_json":{"title":"Dining chair seat cover for Ikea Antilop dining chair - Sannale","description":"The dining chair seat cover fits perfectly on the Ikea Antilop dining chair. Handmade. Choose your own colour and pattern.","robots":{"index":"index","follow":"follow","max-snippet":"max-snippet:-1","max-image-preview":"max-image-preview:large","max-video-preview":"max-video-preview:-1"},"canonical":"https:\/\/sannale.ee\/en\/toode\/dining-chair-seat-cover-for-ikea-antilop-dining-chair\/","og_locale":"en_US","og_type":"article","og_title":"Dining chair seat cover for Ikea Antilop dining chair - Sannale","og_description":"The dining chair seat cover fits perfectly on the Ikea Antilop dining chair. Handmade. Choose your own colour and pattern.","og_url":"https:\/\/sannale.ee\/en\/toode\/dining-chair-seat-cover-for-ikea-antilop-dining-chair\/","og_site_name":"Sannale","article_publisher":"https:\/\/www.facebook.com\/MinuSannale","article_modified_time":"2024-10-23T14:31:40+00:00","og_image":[{"width":1024,"height":1024,"url":"https:\/\/sannale.ee\/wp-content\/uploads\/2021\/02\/soogitool.jpg","type":"image\/jpeg"}],"twitter_card":"summary_large_image","schema":{"@context":"https:\/\/schema.org","@graph":[{"@type":"WebPage","@id":"https:\/\/sannale.ee\/en\/toode\/dining-chair-seat-cover-for-ikea-antilop-dining-chair\/","url":"https:\/\/sannale.ee\/en\/toode\/dining-chair-seat-cover-for-ikea-antilop-dining-chair\/","name":"Dining chair seat cover for Ikea Antilop dining chair - Sannale","isPartOf":{"@id":"https:\/\/sannale.ee\/#website"},"primaryImageOfPage":{"@id":"https:\/\/sannale.ee\/en\/toode\/dining-chair-seat-cover-for-ikea-antilop-dining-chair\/#primaryimage"},"image":{"@id":"https:\/\/sannale.ee\/en\/toode\/dining-chair-seat-cover-for-ikea-antilop-dining-chair\/#primaryimage"},"thumbnailUrl":"https:\/\/sannale.ee\/wp-content\/uploads\/2021\/02\/soogitool.jpg","datePublished":"2021-02-04T13:23:58+00:00","dateModified":"2024-10-23T14:31:40+00:00","description":"The dining chair seat cover fits perfectly on the Ikea Antilop dining chair. Handmade. Choose your own colour and pattern.","breadcrumb":{"@id":"https:\/\/sannale.ee\/en\/toode\/dining-chair-seat-cover-for-ikea-antilop-dining-chair\/#breadcrumb"},"inLanguage":"en-US","potentialAction":[{"@type":"ReadAction","target":["https:\/\/sannale.ee\/en\/toode\/dining-chair-seat-cover-for-ikea-antilop-dining-chair\/"]}]},{"@type":"ImageObject","inLanguage":"en-US","@id":"https:\/\/sannale.ee\/en\/toode\/dining-chair-seat-cover-for-ikea-antilop-dining-chair\/#primaryimage","url":"https:\/\/sannale.ee\/wp-content\/uploads\/2021\/02\/soogitool.jpg","contentUrl":"https:\/\/sannale.ee\/wp-content\/uploads\/2021\/02\/soogitool.jpg","width":1024,"height":1024,"caption":"Dining chair seat cover for Ikea Antilop dining chair"},{"@type":"BreadcrumbList","@id":"https:\/\/sannale.ee\/en\/toode\/dining-chair-seat-cover-for-ikea-antilop-dining-chair\/#breadcrumb","itemListElement":[{"@type":"ListItem","position":1,"name":"Home","item":"https:\/\/sannale.ee\/en\/"},{"@type":"ListItem","position":2,"name":"Shop","item":"https:\/\/sannale.ee\/en\/shop\/"},{"@type":"ListItem","position":3,"name":"Dining chair seat cover for Ikea Antilop dining chair"}]},{"@type":"WebSite","@id":"https:\/\/sannale.ee\/#website","url":"https:\/\/sannale.ee\/","name":"Sannale","description":"K\u00e4sit\u00f6\u00f6na valminud k\u00e4rulisad ja lastetarbed","publisher":{"@id":"https:\/\/sannale.ee\/#organization"},"potentialAction":[{"@type":"SearchAction","target":{"@type":"EntryPoint","urlTemplate":"https:\/\/sannale.ee\/?s={search_term_string}"},"query-input":{"@type":"PropertyValueSpecification","valueRequired":true,"valueName":"search_term_string"}}],"inLanguage":"en-US"},{"@type":"Organization","@id":"https:\/\/sannale.ee\/#organization","name":"Sannale","url":"https:\/\/sannale.ee\/","logo":{"@type":"ImageObject","inLanguage":"en-US","@id":"https:\/\/sannale.ee\/#\/schema\/logo\/image\/","url":"https:\/\/sannale.ee\/wp-content\/uploads\/2024\/02\/cropped-sannale-fb-logo-sydamega-5-tumedam-3-scaled.png","contentUrl":"https:\/\/sannale.ee\/wp-content\/uploads\/2024\/02\/cropped-sannale-fb-logo-sydamega-5-tumedam-3-scaled.png","width":5100,"height":1758,"caption":"Sannale"},"image":{"@id":"https:\/\/sannale.ee\/#\/schema\/logo\/image\/"},"sameAs":["https:\/\/www.facebook.com\/MinuSannale"]}]}},"uagb_featured_image_src":{"full":["https:\/\/sannale.ee\/wp-content\/uploads\/2021\/02\/soogitool.jpg",1024,1024,false],"thumbnail":["https:\/\/sannale.ee\/wp-content\/uploads\/2021\/02\/soogitool-150x150.jpg",150,150,true],"medium":["https:\/\/sannale.ee\/wp-content\/uploads\/2021\/02\/soogitool-300x300.jpg",300,300,true],"medium_large":["https:\/\/sannale.ee\/wp-content\/uploads\/2021\/02\/soogitool-768x768.jpg",768,768,true],"large":["https:\/\/sannale.ee\/wp-content\/uploads\/2021\/02\/soogitool-1024x1024.jpg",1024,1024,true],"1536x1536":["https:\/\/sannale.ee\/wp-content\/uploads\/2021\/02\/soogitool.jpg",1024,1024,false],"2048x2048":["https:\/\/sannale.ee\/wp-content\/uploads\/2021\/02\/soogitool.jpg",1024,1024,false],"woocommerce_thumbnail":["https:\/\/sannale.ee\/wp-content\/uploads\/2021\/02\/soogitool-300x300.jpg",300,300,true],"woocommerce_single":["https:\/\/sannale.ee\/wp-content\/uploads\/2021\/02\/soogitool-600x600.jpg",600,600,true],"woocommerce_gallery_thumbnail":["https:\/\/sannale.ee\/wp-content\/uploads\/2021\/02\/soogitool-100x100.jpg",100,100,true],"variation_swatches_image_size":["https:\/\/sannale.ee\/wp-content\/uploads\/2021\/02\/soogitool.jpg",50,50,false],"variation_swatches_tooltip_size":["https:\/\/sannale.ee\/wp-content\/uploads\/2021\/02\/soogitool.jpg",100,100,false]},"uagb_author_info":{"display_name":"meelip","author_link":"https:\/\/sannale.ee\/en\/author\/"},"uagb_comment_info":2,"uagb_excerpt":"The seat cover turns the cold plastic dining chair into a cosy sitting area for your child. the seat cover is designed to be used with the Ikea Antilop dining chair, fitting exactly to the shape and fastenings of the chair. seat cover makes the dining chair comfortable and warm for your child the water-repellent&hellip;","jetpack_sharing_enabled":true,"_links":{"self":[{"href":"https:\/\/sannale.ee\/en\/wp-json\/wp\/v2\/product\/44119","targetHints":{"allow":["GET"]}}],"collection":[{"href":"https:\/\/sannale.ee\/en\/wp-json\/wp\/v2\/product"}],"about":[{"href":"https:\/\/sannale.ee\/en\/wp-json\/wp\/v2\/types\/product"}],"replies":[{"embeddable":true,"href":"https:\/\/sannale.ee\/en\/wp-json\/wp\/v2\/comments?post=44119"}],"wp:featuredmedia":[{"embeddable":true,"href":"https:\/\/sannale.ee\/en\/wp-json\/wp\/v2\/media\/26210"}],"wp:attachment":[{"href":"https:\/\/sannale.ee\/en\/wp-json\/wp\/v2\/media?parent=44119"}],"wp:term":[{"taxonomy":"product_brand","embeddable":true,"href":"https:\/\/sannale.ee\/en\/wp-json\/wp\/v2\/product_brand?post=44119"},{"taxonomy":"product_cat","embeddable":true,"href":"https:\/\/sannale.ee\/en\/wp-json\/wp\/v2\/product_cat?post=44119"},{"taxonomy":"product_tag","embeddable":true,"href":"https:\/\/sannale.ee\/en\/wp-json\/wp\/v2\/product_tag?post=44119"}],"curies":[{"name":"wp","href":"https:\/\/api.w.org\/{rel}","templated":true}]}}