{"id":44115,"date":"2023-06-02T01:46:57","date_gmt":"2023-06-01T22:46:57","guid":{"rendered":"https:\/\/sannale.ee\/toode\/sannale-chair-cover-for-ikea-urban-highchair\/"},"modified":"2024-08-21T22:34:27","modified_gmt":"2024-08-21T19:34:27","slug":"sannale-chair-cover-for-ikea-urban-highchair","status":"publish","type":"product","link":"https:\/\/sannale.ee\/en\/toode\/sannale-chair-cover-for-ikea-urban-highchair\/","title":{"rendered":"Sannale chair cover for Ikea Urban highchair"},"content":{"rendered":"<div class=\"woocommerce-product-details__short-description\">  It is not pleasant to sit on cold plastic.<br \/>\nWith a chair cover you can make a cold plastic chair nice and warm!   <\/p>\n<ul>\n<li>exactly <strong>the shape of the Ikea Urban high chair<\/strong><\/li>\n<li>easy to clean, the chair cover is<strong> machine washable<\/strong><\/li>\n<li>the water-repellent outer fabric is also easy to<strong> clean with a damp cloth<\/strong><\/li>\n<li>The front of the cushioning has a 1cm thick reinforced seat cushion, which keeps the chair <strong>in a nice shape.<\/strong><\/li>\n<li>attaches to the chair <strong>with click fasteners<\/strong><\/li>\n<li>a <strong>nude mat<\/strong> under the cushion <strong>keeps the cushion firmly in place<\/strong><\/li>\n<li>stitched <strong>from your choice of fabric<\/strong><\/li>\n<li><strong>a unique design<\/strong>, a cut created for Sanna, which can only be ordered from us and handcrafted <strong>just for you.<\/strong><\/li>\n<\/ul>\n<h3>Choice of colours<\/h3>\n<p>  Choose your favourite fabric here and add the link to your order.  &nbsp;<\/p>\n<p><a href=\"https:\/\/riimetex.ee\/tootekategooria\/uhevarvilised-kangad-plain-fabrics\/softshell\/uhevarviline-softshell-vorguga-ohuke\/\">https:\/\/riimetex.ee\/tootekategooria\/uhevarvilised-kangad-plain-fabrics\/softshell\/uhevarviline-softshell-vorguga-ohuke\/<\/a><a href=\"https:\/\/riimetex.ee\/tootekategooria\/mustrilised-kangad\/softshell-mustriline\/mustriline-softshell-vorguga-ohuke\/\">https:\/\/riimetex.ee\/tootekategooria\/mustrilised-kangad\/softshell-mustriline\/mustriline-softshell-vorguga-ohuke\/<\/a><a href=\"https:\/\/www.remps.ee\/et\/c\/softshell\">https:\/\/www.remps.ee\/et\/c\/softshell<\/a><a href=\"https:\/\/www.koojaloo.ee\/kangad\/jopekangad\">https:\/\/www.koojaloo.ee\/kangad\/jopekangad<\/a><a href=\"https:\/\/riimetex.ee\/tootekategooria\/mustrilised-kangad\/softshell-mustriline\/mustriline-softshell-fliisiga\/\">https:\/\/riimetex.ee\/tootekategooria\/mustrilised-kangad\/softshell-mustriline\/mustriline-softshell-fliisiga\/<\/a><a href=\"https:\/\/riimetex.ee\/tootekategooria\/uhevarvilised-kangad-plain-fabrics\/softshell\/uhevarviline-softshell-fliisiga\/\">https:\/\/riimetex.ee\/tootekategooria\/uhevarvilised-kangad-plain-fabrics\/softshell\/uhevarviline-softshell-fliisiga\/<\/a><a href=\"https:\/\/kangahaldjas.eu\/tootekategooria\/uleroivaste-kangad\/softshell\/\">https:\/\/kangahaldjas.eu\/tootekategooria\/uleroivaste-kangad\/softshell\/<\/a><a href=\"https:\/\/kangasemu.ee\/kategooria\/softshell\/mustriline-softshell\/\">https:\/\/kangasemu.ee\/kategooria\/softshell\/mustriline-softshell\/<\/a><a href=\"https:\/\/sunnyday.ee\/tootekategooria\/softshell\/\">https:\/\/sunnyday.ee\/tootekategooria\/softshell\/<\/a><a href=\"https:\/\/www.kangasahver.ee\/et\/c\/softshell\">https:\/\/www.kangasahver.ee\/et\/c\/softshell<\/a><a href=\"http:\/\/www.lipilapi.ee\/et\/c\/softshell\">http:\/\/www.lipilapi.ee\/et\/c\/softshell<\/a><\/p>\n<\/div>\n<p><strong>Add selected link as comment when ordering<\/strong><\/p>\n<h4>Care guide<\/h4>\n<p> 100% polyester. Wash at a low temperature like sportswear.<br \/>\nIf necessary, iron on low heat. <\/p>\n","protected":false},"excerpt":{"rendered":"<h2><span style=\"font-size: 24px;\">A warm chair cover makes the Ikea Urban high chair a cozy place for your child!<\/span><\/h2>\n<p>  Choose your own cushioning cover fabric from the selection in the product description!  &nbsp;  Products in stock will be dispatched within 1-2 working days.<br \/>\nFor back-orders, the lead time is up to 2 weeks.   &nbsp;<\/p>\n","protected":false},"featured_media":44522,"comment_status":"open","ping_status":"closed","template":"","meta":{"_uag_custom_page_level_css":"","site-sidebar-layout":"default","site-content-layout":"","ast-site-content-layout":"default","site-content-style":"default","site-sidebar-style":"default","ast-global-header-display":"","ast-banner-title-visibility":"","ast-main-header-display":"","ast-hfb-above-header-display":"","ast-hfb-below-header-display":"","ast-hfb-mobile-header-display":"","site-post-title":"","ast-breadcrumbs-content":"","ast-featured-img":"","footer-sml-layout":"","ast-disable-related-posts":"","theme-transparent-header-meta":"default","adv-header-id-meta":"","stick-header-meta":"","header-above-stick-meta":"","header-main-stick-meta":"","header-below-stick-meta":"","astra-migrate-meta-layouts":"default","ast-page-background-enabled":"default","ast-page-background-meta":{"desktop":{"background-color":"var(--ast-global-color-4)","background-image":"","background-repeat":"repeat","background-position":"center center","background-size":"auto","background-attachment":"scroll","background-type":"","background-media":"","overlay-type":"","overlay-color":"","overlay-opacity":"","overlay-gradient":""},"tablet":{"background-color":"","background-image":"","background-repeat":"repeat","background-position":"center center","background-size":"auto","background-attachment":"scroll","background-type":"","background-media":"","overlay-type":"","overlay-color":"","overlay-opacity":"","overlay-gradient":""},"mobile":{"background-color":"","background-image":"","background-repeat":"repeat","background-position":"center center","background-size":"auto","background-attachment":"scroll","background-type":"","background-media":"","overlay-type":"","overlay-color":"","overlay-opacity":"","overlay-gradient":""}},"ast-content-background-meta":{"desktop":{"background-color":"var(--ast-global-color-5)","background-image":"","background-repeat":"repeat","background-position":"center center","background-size":"auto","background-attachment":"scroll","background-type":"","background-media":"","overlay-type":"","overlay-color":"","overlay-opacity":"","overlay-gradient":""},"tablet":{"background-color":"var(--ast-global-color-5)","background-image":"","background-repeat":"repeat","background-position":"center center","background-size":"auto","background-attachment":"scroll","background-type":"","background-media":"","overlay-type":"","overlay-color":"","overlay-opacity":"","overlay-gradient":""},"mobile":{"background-color":"var(--ast-global-color-5)","background-image":"","background-repeat":"repeat","background-position":"center center","background-size":"auto","background-attachment":"scroll","background-type":"","background-media":"","overlay-type":"","overlay-color":"","overlay-opacity":"","overlay-gradient":""}}},"product_brand":[],"product_cat":[1248],"product_tag":[1914,1915,1916,1913,1917,1918,1919],"class_list":{"0":"post-44115","1":"product","2":"type-product","3":"status-publish","4":"has-post-thumbnail","6":"product_cat-for-mother-and-child","7":"product_tag-chair-cover","8":"product_tag-toolipadi-en-2","9":"product_tag-cushion-for-chair","10":"product_tag-ikea-en","11":"product_tag-ikea-urban-en","12":"product_tag-urban-en","13":"product_tag-urban-toolikate-en-2","14":"desktop-align-left","15":"tablet-align-left","16":"mobile-align-left","18":"first","19":"onbackorder","20":"taxable","21":"shipping-taxable","22":"purchasable","23":"product-type-variable"},"supplier_id":null,"supplier_sku":"","barcode":null,"atum_controlled":true,"out_stock_date":null,"out_stock_threshold":null,"inheritable":true,"inbound_stock":null,"stock_on_hold":0,"sold_today":0,"sales_last_days":0,"reserved_stock":null,"customer_returns":null,"warehouse_damage":null,"lost_in_post":null,"other_logs":null,"out_stock_days":0,"lost_sales":0,"has_location":false,"update_date":"2026-04-11T00:28:28","atum_locations":[],"atum_stock_status":"onbackorder","restock_status":false,"low_stock_amount":"","sales_update_date":"2026-04-11T00:28:28","calc_backorders":null,"yoast_head":"<!-- This site is optimized with the Yoast SEO plugin v27.3 - https:\/\/yoast.com\/product\/yoast-seo-wordpress\/ -->\n<title>Sannale chair cover for Ikea Urban highchair - Sannale<\/title>\n<meta name=\"description\" content=\"The Ikea Urban chair cover makes sitting on the chair warm and comfortable for your child. Handmade from the fabric of your choice!\" \/>\n<meta name=\"robots\" content=\"index, follow, max-snippet:-1, max-image-preview:large, max-video-preview:-1\" \/>\n<link rel=\"canonical\" href=\"https:\/\/sannale.ee\/en\/toode\/sannale-chair-cover-for-ikea-urban-highchair\/\" \/>\n<meta property=\"og:locale\" content=\"en_US\" \/>\n<meta property=\"og:type\" content=\"article\" \/>\n<meta property=\"og:title\" content=\"Sannale chair cover for Ikea Urban highchair - Sannale\" \/>\n<meta property=\"og:description\" content=\"The Ikea Urban chair cover makes sitting on the chair warm and comfortable for your child. Handmade from the fabric of your choice!\" \/>\n<meta property=\"og:url\" content=\"https:\/\/sannale.ee\/en\/toode\/sannale-chair-cover-for-ikea-urban-highchair\/\" \/>\n<meta property=\"og:site_name\" content=\"Sannale\" \/>\n<meta property=\"article:publisher\" content=\"https:\/\/www.facebook.com\/MinuSannale\" \/>\n<meta property=\"article:modified_time\" content=\"2024-08-21T19:34:27+00:00\" \/>\n<meta property=\"og:image\" content=\"https:\/\/sannale.ee\/wp-content\/uploads\/2023\/06\/Sannale-toolikate-Ikea-Urban-lastetoolile-1-2.jpg\" \/>\n\t<meta property=\"og:image:width\" content=\"1024\" \/>\n\t<meta property=\"og:image:height\" content=\"1024\" \/>\n\t<meta property=\"og:image:type\" content=\"image\/jpeg\" \/>\n<meta name=\"twitter:card\" content=\"summary_large_image\" \/>\n<meta name=\"twitter:label1\" content=\"Est. reading time\" \/>\n\t<meta name=\"twitter:data1\" content=\"1 minute\" \/>\n<script type=\"application\/ld+json\" class=\"yoast-schema-graph\">{\"@context\":\"https:\\\/\\\/schema.org\",\"@graph\":[{\"@type\":\"WebPage\",\"@id\":\"https:\\\/\\\/sannale.ee\\\/en\\\/toode\\\/sannale-chair-cover-for-ikea-urban-highchair\\\/\",\"url\":\"https:\\\/\\\/sannale.ee\\\/en\\\/toode\\\/sannale-chair-cover-for-ikea-urban-highchair\\\/\",\"name\":\"Sannale chair cover for Ikea Urban highchair - Sannale\",\"isPartOf\":{\"@id\":\"https:\\\/\\\/sannale.ee\\\/#website\"},\"primaryImageOfPage\":{\"@id\":\"https:\\\/\\\/sannale.ee\\\/en\\\/toode\\\/sannale-chair-cover-for-ikea-urban-highchair\\\/#primaryimage\"},\"image\":{\"@id\":\"https:\\\/\\\/sannale.ee\\\/en\\\/toode\\\/sannale-chair-cover-for-ikea-urban-highchair\\\/#primaryimage\"},\"thumbnailUrl\":\"https:\\\/\\\/sannale.ee\\\/wp-content\\\/uploads\\\/2023\\\/06\\\/Sannale-toolikate-Ikea-Urban-lastetoolile-2.jpg\",\"datePublished\":\"2023-06-01T22:46:57+00:00\",\"dateModified\":\"2024-08-21T19:34:27+00:00\",\"description\":\"The Ikea Urban chair cover makes sitting on the chair warm and comfortable for your child. Handmade from the fabric of your choice!\",\"breadcrumb\":{\"@id\":\"https:\\\/\\\/sannale.ee\\\/en\\\/toode\\\/sannale-chair-cover-for-ikea-urban-highchair\\\/#breadcrumb\"},\"inLanguage\":\"en-US\",\"potentialAction\":[{\"@type\":\"ReadAction\",\"target\":[\"https:\\\/\\\/sannale.ee\\\/en\\\/toode\\\/sannale-chair-cover-for-ikea-urban-highchair\\\/\"]}]},{\"@type\":\"ImageObject\",\"inLanguage\":\"en-US\",\"@id\":\"https:\\\/\\\/sannale.ee\\\/en\\\/toode\\\/sannale-chair-cover-for-ikea-urban-highchair\\\/#primaryimage\",\"url\":\"https:\\\/\\\/sannale.ee\\\/wp-content\\\/uploads\\\/2023\\\/06\\\/Sannale-toolikate-Ikea-Urban-lastetoolile-2.jpg\",\"contentUrl\":\"https:\\\/\\\/sannale.ee\\\/wp-content\\\/uploads\\\/2023\\\/06\\\/Sannale-toolikate-Ikea-Urban-lastetoolile-2.jpg\",\"width\":700,\"height\":700,\"caption\":\"Sannale toolikate Ikea Urban lastetoolile-2\"},{\"@type\":\"BreadcrumbList\",\"@id\":\"https:\\\/\\\/sannale.ee\\\/en\\\/toode\\\/sannale-chair-cover-for-ikea-urban-highchair\\\/#breadcrumb\",\"itemListElement\":[{\"@type\":\"ListItem\",\"position\":1,\"name\":\"Home\",\"item\":\"https:\\\/\\\/sannale.ee\\\/en\\\/\"},{\"@type\":\"ListItem\",\"position\":2,\"name\":\"Shop\",\"item\":\"https:\\\/\\\/sannale.ee\\\/en\\\/shop\\\/\"},{\"@type\":\"ListItem\",\"position\":3,\"name\":\"Sannale chair cover for Ikea Urban highchair\"}]},{\"@type\":\"WebSite\",\"@id\":\"https:\\\/\\\/sannale.ee\\\/#website\",\"url\":\"https:\\\/\\\/sannale.ee\\\/\",\"name\":\"Sannale\",\"description\":\"K\u00e4sit\u00f6\u00f6na valminud k\u00e4rulisad ja lastetarbed\",\"publisher\":{\"@id\":\"https:\\\/\\\/sannale.ee\\\/#organization\"},\"potentialAction\":[{\"@type\":\"SearchAction\",\"target\":{\"@type\":\"EntryPoint\",\"urlTemplate\":\"https:\\\/\\\/sannale.ee\\\/?s={search_term_string}\"},\"query-input\":{\"@type\":\"PropertyValueSpecification\",\"valueRequired\":true,\"valueName\":\"search_term_string\"}}],\"inLanguage\":\"en-US\"},{\"@type\":\"Organization\",\"@id\":\"https:\\\/\\\/sannale.ee\\\/#organization\",\"name\":\"Sannale\",\"url\":\"https:\\\/\\\/sannale.ee\\\/\",\"logo\":{\"@type\":\"ImageObject\",\"inLanguage\":\"en-US\",\"@id\":\"https:\\\/\\\/sannale.ee\\\/#\\\/schema\\\/logo\\\/image\\\/\",\"url\":\"https:\\\/\\\/sannale.ee\\\/wp-content\\\/uploads\\\/2024\\\/02\\\/cropped-sannale-fb-logo-sydamega-5-tumedam-3-scaled.png\",\"contentUrl\":\"https:\\\/\\\/sannale.ee\\\/wp-content\\\/uploads\\\/2024\\\/02\\\/cropped-sannale-fb-logo-sydamega-5-tumedam-3-scaled.png\",\"width\":5100,\"height\":1758,\"caption\":\"Sannale\"},\"image\":{\"@id\":\"https:\\\/\\\/sannale.ee\\\/#\\\/schema\\\/logo\\\/image\\\/\"},\"sameAs\":[\"https:\\\/\\\/www.facebook.com\\\/MinuSannale\"]}]}<\/script>\n<!-- \/ Yoast SEO plugin. -->","yoast_head_json":{"title":"Sannale chair cover for Ikea Urban highchair - Sannale","description":"The Ikea Urban chair cover makes sitting on the chair warm and comfortable for your child. Handmade from the fabric of your choice!","robots":{"index":"index","follow":"follow","max-snippet":"max-snippet:-1","max-image-preview":"max-image-preview:large","max-video-preview":"max-video-preview:-1"},"canonical":"https:\/\/sannale.ee\/en\/toode\/sannale-chair-cover-for-ikea-urban-highchair\/","og_locale":"en_US","og_type":"article","og_title":"Sannale chair cover for Ikea Urban highchair - Sannale","og_description":"The Ikea Urban chair cover makes sitting on the chair warm and comfortable for your child. Handmade from the fabric of your choice!","og_url":"https:\/\/sannale.ee\/en\/toode\/sannale-chair-cover-for-ikea-urban-highchair\/","og_site_name":"Sannale","article_publisher":"https:\/\/www.facebook.com\/MinuSannale","article_modified_time":"2024-08-21T19:34:27+00:00","og_image":[{"width":1024,"height":1024,"url":"https:\/\/sannale.ee\/wp-content\/uploads\/2023\/06\/Sannale-toolikate-Ikea-Urban-lastetoolile-1-2.jpg","type":"image\/jpeg"}],"twitter_card":"summary_large_image","twitter_misc":{"Est. reading time":"1 minute"},"schema":{"@context":"https:\/\/schema.org","@graph":[{"@type":"WebPage","@id":"https:\/\/sannale.ee\/en\/toode\/sannale-chair-cover-for-ikea-urban-highchair\/","url":"https:\/\/sannale.ee\/en\/toode\/sannale-chair-cover-for-ikea-urban-highchair\/","name":"Sannale chair cover for Ikea Urban highchair - Sannale","isPartOf":{"@id":"https:\/\/sannale.ee\/#website"},"primaryImageOfPage":{"@id":"https:\/\/sannale.ee\/en\/toode\/sannale-chair-cover-for-ikea-urban-highchair\/#primaryimage"},"image":{"@id":"https:\/\/sannale.ee\/en\/toode\/sannale-chair-cover-for-ikea-urban-highchair\/#primaryimage"},"thumbnailUrl":"https:\/\/sannale.ee\/wp-content\/uploads\/2023\/06\/Sannale-toolikate-Ikea-Urban-lastetoolile-2.jpg","datePublished":"2023-06-01T22:46:57+00:00","dateModified":"2024-08-21T19:34:27+00:00","description":"The Ikea Urban chair cover makes sitting on the chair warm and comfortable for your child. Handmade from the fabric of your choice!","breadcrumb":{"@id":"https:\/\/sannale.ee\/en\/toode\/sannale-chair-cover-for-ikea-urban-highchair\/#breadcrumb"},"inLanguage":"en-US","potentialAction":[{"@type":"ReadAction","target":["https:\/\/sannale.ee\/en\/toode\/sannale-chair-cover-for-ikea-urban-highchair\/"]}]},{"@type":"ImageObject","inLanguage":"en-US","@id":"https:\/\/sannale.ee\/en\/toode\/sannale-chair-cover-for-ikea-urban-highchair\/#primaryimage","url":"https:\/\/sannale.ee\/wp-content\/uploads\/2023\/06\/Sannale-toolikate-Ikea-Urban-lastetoolile-2.jpg","contentUrl":"https:\/\/sannale.ee\/wp-content\/uploads\/2023\/06\/Sannale-toolikate-Ikea-Urban-lastetoolile-2.jpg","width":700,"height":700,"caption":"Sannale toolikate Ikea Urban lastetoolile-2"},{"@type":"BreadcrumbList","@id":"https:\/\/sannale.ee\/en\/toode\/sannale-chair-cover-for-ikea-urban-highchair\/#breadcrumb","itemListElement":[{"@type":"ListItem","position":1,"name":"Home","item":"https:\/\/sannale.ee\/en\/"},{"@type":"ListItem","position":2,"name":"Shop","item":"https:\/\/sannale.ee\/en\/shop\/"},{"@type":"ListItem","position":3,"name":"Sannale chair cover for Ikea Urban highchair"}]},{"@type":"WebSite","@id":"https:\/\/sannale.ee\/#website","url":"https:\/\/sannale.ee\/","name":"Sannale","description":"K\u00e4sit\u00f6\u00f6na valminud k\u00e4rulisad ja lastetarbed","publisher":{"@id":"https:\/\/sannale.ee\/#organization"},"potentialAction":[{"@type":"SearchAction","target":{"@type":"EntryPoint","urlTemplate":"https:\/\/sannale.ee\/?s={search_term_string}"},"query-input":{"@type":"PropertyValueSpecification","valueRequired":true,"valueName":"search_term_string"}}],"inLanguage":"en-US"},{"@type":"Organization","@id":"https:\/\/sannale.ee\/#organization","name":"Sannale","url":"https:\/\/sannale.ee\/","logo":{"@type":"ImageObject","inLanguage":"en-US","@id":"https:\/\/sannale.ee\/#\/schema\/logo\/image\/","url":"https:\/\/sannale.ee\/wp-content\/uploads\/2024\/02\/cropped-sannale-fb-logo-sydamega-5-tumedam-3-scaled.png","contentUrl":"https:\/\/sannale.ee\/wp-content\/uploads\/2024\/02\/cropped-sannale-fb-logo-sydamega-5-tumedam-3-scaled.png","width":5100,"height":1758,"caption":"Sannale"},"image":{"@id":"https:\/\/sannale.ee\/#\/schema\/logo\/image\/"},"sameAs":["https:\/\/www.facebook.com\/MinuSannale"]}]}},"uagb_featured_image_src":{"full":["https:\/\/sannale.ee\/wp-content\/uploads\/2023\/06\/Sannale-toolikate-Ikea-Urban-lastetoolile-2.jpg",700,700,false],"thumbnail":["https:\/\/sannale.ee\/wp-content\/uploads\/2023\/06\/Sannale-toolikate-Ikea-Urban-lastetoolile-2-150x150.jpg",150,150,true],"medium":["https:\/\/sannale.ee\/wp-content\/uploads\/2023\/06\/Sannale-toolikate-Ikea-Urban-lastetoolile-2-300x300.jpg",300,300,true],"medium_large":["https:\/\/sannale.ee\/wp-content\/uploads\/2023\/06\/Sannale-toolikate-Ikea-Urban-lastetoolile-2.jpg",700,700,false],"large":["https:\/\/sannale.ee\/wp-content\/uploads\/2023\/06\/Sannale-toolikate-Ikea-Urban-lastetoolile-2.jpg",700,700,false],"1536x1536":["https:\/\/sannale.ee\/wp-content\/uploads\/2023\/06\/Sannale-toolikate-Ikea-Urban-lastetoolile-2.jpg",700,700,false],"2048x2048":["https:\/\/sannale.ee\/wp-content\/uploads\/2023\/06\/Sannale-toolikate-Ikea-Urban-lastetoolile-2.jpg",700,700,false],"woocommerce_thumbnail":["https:\/\/sannale.ee\/wp-content\/uploads\/2023\/06\/Sannale-toolikate-Ikea-Urban-lastetoolile-2-300x300.jpg",300,300,true],"woocommerce_single":["https:\/\/sannale.ee\/wp-content\/uploads\/2023\/06\/Sannale-toolikate-Ikea-Urban-lastetoolile-2-600x600.jpg",600,600,true],"woocommerce_gallery_thumbnail":["https:\/\/sannale.ee\/wp-content\/uploads\/2023\/06\/Sannale-toolikate-Ikea-Urban-lastetoolile-2-100x100.jpg",100,100,true],"variation_swatches_image_size":["https:\/\/sannale.ee\/wp-content\/uploads\/2023\/06\/Sannale-toolikate-Ikea-Urban-lastetoolile-2-50x50.jpg",50,50,true],"variation_swatches_tooltip_size":["https:\/\/sannale.ee\/wp-content\/uploads\/2023\/06\/Sannale-toolikate-Ikea-Urban-lastetoolile-2-100x100.jpg",100,100,true]},"uagb_author_info":{"display_name":"meelip","author_link":"https:\/\/sannale.ee\/en\/author\/"},"uagb_comment_info":0,"uagb_excerpt":"A warm chair cover makes the Ikea Urban high chair a cozy place for your child! Choose your own cushioning cover fabric from the selection in the product description! &nbsp; Products in stock will be dispatched within 1-2 working days. For back-orders, the lead time is up to 2 weeks. &nbsp;","jetpack_sharing_enabled":true,"_links":{"self":[{"href":"https:\/\/sannale.ee\/en\/wp-json\/wp\/v2\/product\/44115","targetHints":{"allow":["GET"]}}],"collection":[{"href":"https:\/\/sannale.ee\/en\/wp-json\/wp\/v2\/product"}],"about":[{"href":"https:\/\/sannale.ee\/en\/wp-json\/wp\/v2\/types\/product"}],"replies":[{"embeddable":true,"href":"https:\/\/sannale.ee\/en\/wp-json\/wp\/v2\/comments?post=44115"}],"wp:featuredmedia":[{"embeddable":true,"href":"https:\/\/sannale.ee\/en\/wp-json\/wp\/v2\/media\/44522"}],"wp:attachment":[{"href":"https:\/\/sannale.ee\/en\/wp-json\/wp\/v2\/media?parent=44115"}],"wp:term":[{"taxonomy":"product_brand","embeddable":true,"href":"https:\/\/sannale.ee\/en\/wp-json\/wp\/v2\/product_brand?post=44115"},{"taxonomy":"product_cat","embeddable":true,"href":"https:\/\/sannale.ee\/en\/wp-json\/wp\/v2\/product_cat?post=44115"},{"taxonomy":"product_tag","embeddable":true,"href":"https:\/\/sannale.ee\/en\/wp-json\/wp\/v2\/product_tag?post=44115"}],"curies":[{"name":"wp","href":"https:\/\/api.w.org\/{rel}","templated":true}]}}