{"id":44112,"date":"2022-10-25T13:35:41","date_gmt":"2022-10-25T10:35:41","guid":{"rendered":"https:\/\/sannale.ee\/toode\/tallakummid\/"},"modified":"2026-03-10T15:10:14","modified_gmt":"2026-03-10T13:10:14","slug":"tallakummid","status":"publish","type":"product","link":"https:\/\/sannale.ee\/en\/toode\/tallakummid\/","title":{"rendered":"Sole elastics"},"content":{"rendered":"<h3>Why Sannale&#8217;s sole elastics?<\/h3>\n<p>Every parent has faced the situation where <strong>the sole elastics don&#8217;t want to stay in place.<\/strong> With low-patterned <strong>barefoot<\/strong> shoes the Sannale sole elastics don&#8217;t have that problem! <strong>A sturdy full-leather part <\/strong>goes <strong>underneath the footwear <\/strong>and is held in place by <strong>an elastic in the front of the <\/strong>footwear. So everything stays where it&#8217;s supposed to. <strong>The elastic straps on the sides have button holes<\/strong> so you can <strong>adjust <\/strong> the sole elastics to fit your child&#8217;s shoes and clothes. <strong>The length of the elastic at the front<\/strong> is <strong>adjustable with a stopper to<\/strong> suit the height of the foot. <\/p>\n<div class=\"xeuugli x2lwn1j xuk3077 x78zum5 x1q0g3np x13a6bvl x1jchvi3 xlxfd2w x1gslohp x126k92a\">\n<div class=\"xeuugli x2lwn1j x6s0dn4 x78zum5 x15zctf7 x193iq5w xh8yej3\">\n<div class=\"xeuugli x2lwn1j xuk3077 x78zum5 xdl72j9 xdt5ytf x1c4vz4f x2lah0s x16fdfms x161msgk x1s9ed0f x1eapu41 x1r944mn\">\n<div class=\"x1rg5ohu x67bb7w\"><\/div>\n<\/div>\n<\/div>\n<\/div>\n<div class=\"ast-oembed-container \" style=\"height: 100%;\"><iframe title=\"Sannale Tallakummid \u2013 kindel kinnitus iga ilmaga\" width=\"500\" height=\"281\" data-src=\"https:\/\/www.youtube.com\/embed\/aZnTnBkOdsM?feature=oembed\" frameborder=\"0\" allow=\"accelerometer; autoplay; clipboard-write; encrypted-media; gyroscope; picture-in-picture; web-share\" referrerpolicy=\"strict-origin-when-cross-origin\" allowfullscreen src=\"data:image\/svg+xml;base64,PHN2ZyB3aWR0aD0iMSIgaGVpZ2h0PSIxIiB4bWxucz0iaHR0cDovL3d3dy53My5vcmcvMjAwMC9zdmciPjwvc3ZnPg==\" class=\"lazyload\" data-load-mode=\"1\"><\/iframe><\/div>\n<div><span style=\"font-size: 1.41575em;\">Sole elastics&#8217; sizes<\/span><\/div>\n<div>Choose the sole elastics according to the <strong>width of the shoes&#8217; soles.<\/strong> This way, all the rubber details will fit neatly. <\/div>\n<div>\n<p><img decoding=\"async\" class=\"size-medium wp-image-12747 lazyload\" data-src=\"https:\/\/sannale.ee\/wp-content\/uploads\/2022\/10\/Sannale-tallakummid-2-of-2-225x300.jpg\" alt=\"Sannale sole elastics (2 of 2)\" width=\"225\" height=\"300\" data-srcset=\"https:\/\/sannale.ee\/wp-content\/uploads\/2022\/10\/Sannale-tallakummid-2-of-2-225x300.jpg 225w, https:\/\/sannale.ee\/wp-content\/uploads\/2022\/10\/Sannale-tallakummid-2-of-2-600x800.jpg 600w, https:\/\/sannale.ee\/wp-content\/uploads\/2022\/10\/Sannale-tallakummid-2-of-2.jpg 768w\" data-sizes=\"(max-width: 225px) 100vw, 225px\" src=\"data:image\/svg+xml;base64,PHN2ZyB3aWR0aD0iMSIgaGVpZ2h0PSIxIiB4bWxucz0iaHR0cDovL3d3dy53My5vcmcvMjAwMC9zdmciPjwvc3ZnPg==\" style=\"--smush-placeholder-width: 225px; --smush-placeholder-aspect-ratio: 225\/300;\" \/><\/p>\n<\/div>\n<div class=\"xeuugli x2lwn1j xuk3077 x78zum5 x1q0g3np x13a6bvl x1jchvi3 xlxfd2w x1gslohp x126k92a\">\n<div class=\"xeuugli x2lwn1j x6s0dn4 x78zum5 x15zctf7 x193iq5w xh8yej3\">\n<div class=\"xeuugli x2lwn1j xuk3077 x78zum5 xdl72j9 xdt5ytf x1c4vz4f x2lah0s x16fdfms x161msgk x1s9ed0f x1eapu41 x1r944mn\">\n<div class=\"x1rg5ohu x67bb7w\">\n<div><\/div>\n<\/div>\n<\/div>\n<\/div>\n<\/div>\n<h3>Installation guide<\/h3>\n<p>See <span style=\"text-decoration: underline;\"><a href=\"https:\/\/sannale.ee\/sannale_tallakummide_paigaldusjuhend\/\">HERE for detailed instructions on how to use the sole elastics.<\/a><\/span><\/p>\n<h3>Our family&#8217;s experience with sole elastics<\/h3>\n<div class=\"xeuugli x2lwn1j xuk3077 x78zum5 x1q0g3np x13a6bvl x1jchvi3 xlxfd2w x1gslohp x126k92a\">\n<div class=\"xeuugli x2lwn1j x6s0dn4 x78zum5 x15zctf7 x193iq5w xh8yej3\">\n<div class=\"xeuugli x2lwn1j xuk3077 x78zum5 xdl72j9 xdt5ytf x1c4vz4f x2lah0s x16fdfms x161msgk x1s9ed0f x1eapu41 x1r944mn\">\n<div class=\"x1rg5ohu x67bb7w\">\n<div class=\"x1eied1y xpctjk2 x1y1aw1k xn6708d xwib8y2 x1ye3gou x13faqbe xab0eaz x6d3u8q xg32yw2 x1fr600 xt0e3qv\">We have nice ditches along the street edge, which are full to the edge of snow in winter and are a great place to go into. That is, of course, IF the snow doesn&#8217;t get in your boots! With these boots, the whole family could finally go for a walk in peace, without me having to constantly take off my gloves and dig snow out of someone&#8217;s boot and put the boots back on, only to have to do it again 5 minutes later. I really hope that my carefully-tested sole elastics will work just as well for you.   <\/div>\n<div><\/div>\n<div>Give it a try, I think you&#8217;ll have a better winter this way!<\/div>\n<div><\/div>\n<\/div>\n<\/div>\n<\/div>\n<\/div>\n<h4><\/h4>\n<h4>Maitenance guide:<\/h4>\n<p>Wash by hand or in a washing machine at up to 40 degrees. The leather sole part stretches longer when the sole elastic is wet and in use. This is natural and to be expected with natural leather.<\/p>\n<p style=\"margin: 0cm; background: #F6F8FB;\"><span style=\"font-family: 'Work Sans'; color: #36425e;\">NB! With a sole elastic, the rubber and the leather under the sole move on the shoe. If the shoes are made of a delicate material, make sure that the rubber does not damage the shoe or rub off the colour. <\/span><\/p>\n<h3>Customer feedback<\/h3>\n<p>Helly: &#8220;Great, it was very good to slide with these. No bare legs! They stayed nicely on wellington boots also, even if the clothes were a little small.&#8221;<\/p>\n<p><img decoding=\"async\" class=\"wp-image-14482 lazyload\" data-src=\"https:\/\/sannale.ee\/wp-content\/uploads\/2022\/10\/Sannale-tallakummid-1-13-225x300.jpg\" alt=\"Sannale's sole elastics-\" width=\"327\" height=\"436\" data-srcset=\"https:\/\/sannale.ee\/wp-content\/uploads\/2022\/10\/Sannale-tallakummid-1-13-225x300.jpg 225w, https:\/\/sannale.ee\/wp-content\/uploads\/2022\/10\/Sannale-tallakummid-1-13-600x800.jpg 600w, https:\/\/sannale.ee\/wp-content\/uploads\/2022\/10\/Sannale-tallakummid-1-13.jpg 720w\" data-sizes=\"(max-width: 327px) 100vw, 327px\" src=\"data:image\/svg+xml;base64,PHN2ZyB3aWR0aD0iMSIgaGVpZ2h0PSIxIiB4bWxucz0iaHR0cDovL3d3dy53My5vcmcvMjAwMC9zdmciPjwvc3ZnPg==\" style=\"--smush-placeholder-width: 327px; --smush-placeholder-aspect-ratio: 327\/436;\" \/><\/p>\n<div class=\"x1fqp7bg\">\n<div class=\"xeuugli x2lwn1j xuk3077 x78zum5 x1q0g3np x1nhvcw1 x1jchvi3 xlxfd2w x1gslohp x126k92a\">\n<div class=\"xeuugli x2lwn1j x6s0dn4 x78zum5 x1q0g3np x193iq5w xh8yej3\">\n<div class=\"xeuugli x2lwn1j x1cy8zhl x78zum5 xdl72j9 xdt5ytf x1c4vz4f x2lah0s x16fdfms x161msgk x1s9ed0f x1eapu41 x1r944mn xet2fuk\">\n<div id=\"js_nfg\" class=\"x1rg5ohu x67bb7w\">\n<div class=\"xca6lcq x1pdtjp8 xpctjk2 x1y1aw1k xn6708d xwib8y2 x1ye3gou x13faqbe xl0teqc xogfrqt x1slwz57 xt0e3qv\"><\/div>\n<\/div>\n<\/div>\n<div class=\"\">\n<div class=\"xeuugli x2lwn1j xamitd3 x78zum5 xcklp1c x1c4vz4f x1i64zmx x1emribx\">\n<div>\n<div>\n<div class=\"x1rg5ohu x67bb7w\">\n<div class=\"x1i10hfl x1qjc9v5 xjbqb8w xjqpnuy xa49m3k xqeqjp1 x2hbi6w x13fuv20 xu3j5b3 x1q0q8m5 x26u7qi x972fbf xcfux6l x1qhh985 xm0m39n x9f619 x1ypdohk xdl72j9 x2lah0s xe8uvvx xdj266r x11i5rnm xat24cr x1mh8g0r x2lwn1j xeuugli x1n2onr6 x16tdsg8 x1hl2dhg xggy1nq x1ja2u2z x1t137rt x3nfvp2 x1q0g3np x87ps6o x1lku1pv x1a2a7pz x14yjl9h xudhj91 x18nykt9 xww2gxu x1iorvi4 x150jy0e xjkvuk6 x1e558r4\" tabindex=\"0\" role=\"button\" aria-label=\"Reageeri\">\n<p>&nbsp;<\/p>\n<div class=\"x1o1ewxj x3x9cwd x1e5q0jg x13rtm0m x1ey2m1c xds687c xg01cxk x47corl x10l6tqk x17qophe x13vifvy x1ebt8du x19991ni x1dhq9h\" data-visualcompletion=\"ignore\"><\/div>\n<\/div>\n<\/div>\n<\/div>\n<\/div>\n<div class=\"x1rg5ohu x67bb7w\">\n<div class=\"x1i10hfl x1qjc9v5 xjbqb8w xjqpnuy xa49m3k xqeqjp1 x2hbi6w x13fuv20 xu3j5b3 x1q0q8m5 x26u7qi x972fbf xcfux6l x1qhh985 xm0m39n x9f619 x1ypdohk xdl72j9 x2lah0s xe8uvvx xdj266r x11i5rnm xat24cr x1mh8g0r x2lwn1j xeuugli x1n2onr6 x16tdsg8 x1hl2dhg xggy1nq x1ja2u2z x1t137rt x3nfvp2 x1q0g3np x87ps6o x1lku1pv x1a2a7pz x14yjl9h xudhj91 x18nykt9 xww2gxu x1iorvi4 x150jy0e xjkvuk6 x1e558r4\" tabindex=\"0\" role=\"button\" aria-label=\"Reply\">\n<p>&nbsp;<\/p>\n<div class=\"x1o1ewxj x3x9cwd x1e5q0jg x13rtm0m x1ey2m1c xds687c xg01cxk x47corl x10l6tqk x17qophe x13vifvy x1ebt8du x19991ni x1dhq9h\" data-visualcompletion=\"ignore\"><\/div>\n<\/div>\n<\/div>\n<\/div>\n<\/div>\n<\/div>\n<\/div>\n<div class=\"xeuugli x2lwn1j x78zum5 x1nhvcw1\"><\/div>\n<\/div>\n<div class=\"x1fqp7bg\">\n<div class=\"xeuugli x2lwn1j xuk3077 x78zum5 x1q0g3np x13a6bvl x1jchvi3 xlxfd2w x1gslohp x126k92a\">\n<div class=\"xeuugli x2lwn1j x6s0dn4 x78zum5 x15zctf7 x193iq5w xh8yej3\">\n<div class=\"xeuugli x2lwn1j xuk3077 x78zum5 xdl72j9 xdt5ytf x1c4vz4f x2lah0s x16fdfms x161msgk x1s9ed0f x1eapu41 x1r944mn\">\n<div class=\"x193iq5w xh8yej3\">\n<div class=\"x1rg5ohu x67bb7w x193iq5w xh8yej3\"><\/div>\n<\/div>\n<\/div>\n<\/div>\n<\/div>\n<\/div>\n","protected":false},"excerpt":{"rendered":"<h2>Sole elastics that won&#8217;t slip off!<\/h2>\n<p>Tired of constantly having to put your sole elastics back on? Wish you could be outdoors playing with your child instead of fiddling around with a sole elastic? <\/p>\n<ul>\n<li>sole elastics<strong> keep the trousers firmly in place<\/strong> to keep snow and rain out of the shoes.<\/li>\n<li><strong>attached to the shoe<\/strong> not only from the bottom, but <strong>also from the front<\/strong>, so the sole elastics do not slip off even on smooth-soled shoes<\/li>\n<li><strong>several buttonholes <\/strong>for the fixing button, so you can <strong>choose<\/strong> the most suitable <strong>sole elastic height<\/strong><\/li>\n<li><strong>adjustable size front elastic which <\/strong>which allows you to adjus the height of the sole elastic to fit<strong> the height of your footwear<\/strong> <\/li>\n<li><strong>thin sole part made of durable full-leather<\/strong> that you won&#8217;t feel under your foot when walking<\/li>\n<li><strong>a unique design<\/strong> that <strong>can only be ordered from us<\/strong> and which we will <strong>handcraft<\/strong> <strong>just for you<\/strong><\/li>\n<\/ul>\n<p>We will dispatch sole elastics in stock within 1-2 days. If the product is &#8220;on backorder&#8221;, this means that I will make the ordered sole elastics for you within 5 business days. <\/p>\n","protected":false},"featured_media":38357,"comment_status":"open","ping_status":"closed","template":"","meta":{"_uag_custom_page_level_css":"","site-sidebar-layout":"default","site-content-layout":"","ast-site-content-layout":"default","site-content-style":"default","site-sidebar-style":"default","ast-global-header-display":"","ast-banner-title-visibility":"","ast-main-header-display":"","ast-hfb-above-header-display":"","ast-hfb-below-header-display":"","ast-hfb-mobile-header-display":"","site-post-title":"","ast-breadcrumbs-content":"","ast-featured-img":"","footer-sml-layout":"","ast-disable-related-posts":"","theme-transparent-header-meta":"default","adv-header-id-meta":"","stick-header-meta":"","header-above-stick-meta":"","header-main-stick-meta":"","header-below-stick-meta":"","astra-migrate-meta-layouts":"default","ast-page-background-enabled":"default","ast-page-background-meta":{"desktop":{"background-color":"var(--ast-global-color-4)","background-image":"","background-repeat":"repeat","background-position":"center center","background-size":"auto","background-attachment":"scroll","background-type":"","background-media":"","overlay-type":"","overlay-color":"","overlay-opacity":"","overlay-gradient":""},"tablet":{"background-color":"","background-image":"","background-repeat":"repeat","background-position":"center center","background-size":"auto","background-attachment":"scroll","background-type":"","background-media":"","overlay-type":"","overlay-color":"","overlay-opacity":"","overlay-gradient":""},"mobile":{"background-color":"","background-image":"","background-repeat":"repeat","background-position":"center center","background-size":"auto","background-attachment":"scroll","background-type":"","background-media":"","overlay-type":"","overlay-color":"","overlay-opacity":"","overlay-gradient":""}},"ast-content-background-meta":{"desktop":{"background-color":"var(--ast-global-color-5)","background-image":"","background-repeat":"repeat","background-position":"center center","background-size":"auto","background-attachment":"scroll","background-type":"","background-media":"","overlay-type":"","overlay-color":"","overlay-opacity":"","overlay-gradient":""},"tablet":{"background-color":"var(--ast-global-color-5)","background-image":"","background-repeat":"repeat","background-position":"center center","background-size":"auto","background-attachment":"scroll","background-type":"","background-media":"","overlay-type":"","overlay-color":"","overlay-opacity":"","overlay-gradient":""},"mobile":{"background-color":"var(--ast-global-color-5)","background-image":"","background-repeat":"repeat","background-position":"center center","background-size":"auto","background-attachment":"scroll","background-type":"","background-media":"","overlay-type":"","overlay-color":"","overlay-opacity":"","overlay-gradient":""}}},"product_brand":[],"product_cat":[1248],"product_tag":[1909,1912,1910,1911],"class_list":{"0":"post-44112","1":"product","2":"type-product","3":"status-publish","4":"has-post-thumbnail","6":"product_cat-for-mother-and-child","7":"product_tag-saapatraksid-en","8":"product_tag-jalakumm-en","9":"product_tag-rubber-boots","10":"product_tag-tall-gum","11":"desktop-align-left","12":"tablet-align-left","13":"mobile-align-left","15":"first","16":"instock","17":"taxable","18":"shipping-taxable","19":"purchasable","20":"product-type-variable"},"supplier_id":null,"supplier_sku":"","barcode":null,"atum_controlled":true,"out_stock_date":null,"out_stock_threshold":null,"inheritable":true,"inbound_stock":0,"stock_on_hold":0,"sold_today":0,"sales_last_days":0,"reserved_stock":0,"customer_returns":0,"warehouse_damage":0,"lost_in_post":0,"other_logs":0,"out_stock_days":0,"lost_sales":0,"has_location":false,"update_date":"2026-04-11T00:26:07","atum_locations":[],"atum_stock_status":"instock","restock_status":false,"low_stock_amount":"","sales_update_date":"2026-04-11T00:26:07","calc_backorders":null,"yoast_head":"<!-- This site is optimized with the Yoast SEO plugin v27.3 - https:\/\/yoast.com\/product\/yoast-seo-wordpress\/ -->\n<title>Sole elastics - Sannale<\/title>\n<meta name=\"description\" content=\"Sole elastics that stay in place and don&#039;t slide backwards on the ground. A great choice for use with small sole patterned barefoot shoes.\" \/>\n<meta name=\"robots\" content=\"index, follow, max-snippet:-1, max-image-preview:large, max-video-preview:-1\" \/>\n<link rel=\"canonical\" href=\"https:\/\/sannale.ee\/en\/toode\/tallakummid\/\" \/>\n<meta property=\"og:locale\" content=\"en_US\" \/>\n<meta property=\"og:type\" content=\"article\" \/>\n<meta property=\"og:title\" content=\"Sole elastics - Sannale\" \/>\n<meta property=\"og:description\" content=\"Sole elastics that stay in place and don&#039;t slide backwards on the ground. A great choice for use with small sole patterned barefoot shoes.\" \/>\n<meta property=\"og:url\" content=\"https:\/\/sannale.ee\/en\/toode\/tallakummid\/\" \/>\n<meta property=\"og:site_name\" content=\"Sannale\" \/>\n<meta property=\"article:publisher\" content=\"https:\/\/www.facebook.com\/MinuSannale\" \/>\n<meta property=\"article:modified_time\" content=\"2026-03-10T13:10:14+00:00\" \/>\n<meta property=\"og:image\" content=\"https:\/\/sannale.ee\/wp-content\/uploads\/2022\/10\/Tallakummid.jpg\" \/>\n\t<meta property=\"og:image:width\" content=\"700\" \/>\n\t<meta property=\"og:image:height\" content=\"700\" \/>\n\t<meta property=\"og:image:type\" content=\"image\/jpeg\" \/>\n<meta name=\"twitter:card\" content=\"summary_large_image\" \/>\n<meta name=\"twitter:label1\" content=\"Est. reading time\" \/>\n\t<meta name=\"twitter:data1\" content=\"2 minutes\" \/>\n<script type=\"application\/ld+json\" class=\"yoast-schema-graph\">{\"@context\":\"https:\\\/\\\/schema.org\",\"@graph\":[{\"@type\":\"WebPage\",\"@id\":\"https:\\\/\\\/sannale.ee\\\/en\\\/toode\\\/tallakummid\\\/\",\"url\":\"https:\\\/\\\/sannale.ee\\\/en\\\/toode\\\/tallakummid\\\/\",\"name\":\"Sole elastics - Sannale\",\"isPartOf\":{\"@id\":\"https:\\\/\\\/sannale.ee\\\/#website\"},\"primaryImageOfPage\":{\"@id\":\"https:\\\/\\\/sannale.ee\\\/en\\\/toode\\\/tallakummid\\\/#primaryimage\"},\"image\":{\"@id\":\"https:\\\/\\\/sannale.ee\\\/en\\\/toode\\\/tallakummid\\\/#primaryimage\"},\"thumbnailUrl\":\"https:\\\/\\\/sannale.ee\\\/wp-content\\\/uploads\\\/2022\\\/10\\\/Tallakummid.jpg\",\"datePublished\":\"2022-10-25T10:35:41+00:00\",\"dateModified\":\"2026-03-10T13:10:14+00:00\",\"description\":\"Sole elastics that stay in place and don't slide backwards on the ground. A great choice for use with small sole patterned barefoot shoes.\",\"breadcrumb\":{\"@id\":\"https:\\\/\\\/sannale.ee\\\/en\\\/toode\\\/tallakummid\\\/#breadcrumb\"},\"inLanguage\":\"en-US\",\"potentialAction\":[{\"@type\":\"ReadAction\",\"target\":[\"https:\\\/\\\/sannale.ee\\\/en\\\/toode\\\/tallakummid\\\/\"]}]},{\"@type\":\"ImageObject\",\"inLanguage\":\"en-US\",\"@id\":\"https:\\\/\\\/sannale.ee\\\/en\\\/toode\\\/tallakummid\\\/#primaryimage\",\"url\":\"https:\\\/\\\/sannale.ee\\\/wp-content\\\/uploads\\\/2022\\\/10\\\/Tallakummid.jpg\",\"contentUrl\":\"https:\\\/\\\/sannale.ee\\\/wp-content\\\/uploads\\\/2022\\\/10\\\/Tallakummid.jpg\",\"width\":700,\"height\":700,\"caption\":\"Tallakummid\"},{\"@type\":\"BreadcrumbList\",\"@id\":\"https:\\\/\\\/sannale.ee\\\/en\\\/toode\\\/tallakummid\\\/#breadcrumb\",\"itemListElement\":[{\"@type\":\"ListItem\",\"position\":1,\"name\":\"Home\",\"item\":\"https:\\\/\\\/sannale.ee\\\/en\\\/\"},{\"@type\":\"ListItem\",\"position\":2,\"name\":\"Shop\",\"item\":\"https:\\\/\\\/sannale.ee\\\/en\\\/shop\\\/\"},{\"@type\":\"ListItem\",\"position\":3,\"name\":\"Sole elastics\"}]},{\"@type\":\"WebSite\",\"@id\":\"https:\\\/\\\/sannale.ee\\\/#website\",\"url\":\"https:\\\/\\\/sannale.ee\\\/\",\"name\":\"Sannale\",\"description\":\"K\u00e4sit\u00f6\u00f6na valminud k\u00e4rulisad ja lastetarbed\",\"publisher\":{\"@id\":\"https:\\\/\\\/sannale.ee\\\/#organization\"},\"potentialAction\":[{\"@type\":\"SearchAction\",\"target\":{\"@type\":\"EntryPoint\",\"urlTemplate\":\"https:\\\/\\\/sannale.ee\\\/?s={search_term_string}\"},\"query-input\":{\"@type\":\"PropertyValueSpecification\",\"valueRequired\":true,\"valueName\":\"search_term_string\"}}],\"inLanguage\":\"en-US\"},{\"@type\":\"Organization\",\"@id\":\"https:\\\/\\\/sannale.ee\\\/#organization\",\"name\":\"Sannale\",\"url\":\"https:\\\/\\\/sannale.ee\\\/\",\"logo\":{\"@type\":\"ImageObject\",\"inLanguage\":\"en-US\",\"@id\":\"https:\\\/\\\/sannale.ee\\\/#\\\/schema\\\/logo\\\/image\\\/\",\"url\":\"https:\\\/\\\/sannale.ee\\\/wp-content\\\/uploads\\\/2024\\\/02\\\/cropped-sannale-fb-logo-sydamega-5-tumedam-3-scaled.png\",\"contentUrl\":\"https:\\\/\\\/sannale.ee\\\/wp-content\\\/uploads\\\/2024\\\/02\\\/cropped-sannale-fb-logo-sydamega-5-tumedam-3-scaled.png\",\"width\":5100,\"height\":1758,\"caption\":\"Sannale\"},\"image\":{\"@id\":\"https:\\\/\\\/sannale.ee\\\/#\\\/schema\\\/logo\\\/image\\\/\"},\"sameAs\":[\"https:\\\/\\\/www.facebook.com\\\/MinuSannale\"]}]}<\/script>\n<!-- \/ Yoast SEO plugin. -->","yoast_head_json":{"title":"Sole elastics - Sannale","description":"Sole elastics that stay in place and don't slide backwards on the ground. A great choice for use with small sole patterned barefoot shoes.","robots":{"index":"index","follow":"follow","max-snippet":"max-snippet:-1","max-image-preview":"max-image-preview:large","max-video-preview":"max-video-preview:-1"},"canonical":"https:\/\/sannale.ee\/en\/toode\/tallakummid\/","og_locale":"en_US","og_type":"article","og_title":"Sole elastics - Sannale","og_description":"Sole elastics that stay in place and don't slide backwards on the ground. A great choice for use with small sole patterned barefoot shoes.","og_url":"https:\/\/sannale.ee\/en\/toode\/tallakummid\/","og_site_name":"Sannale","article_publisher":"https:\/\/www.facebook.com\/MinuSannale","article_modified_time":"2026-03-10T13:10:14+00:00","og_image":[{"width":700,"height":700,"url":"https:\/\/sannale.ee\/wp-content\/uploads\/2022\/10\/Tallakummid.jpg","type":"image\/jpeg"}],"twitter_card":"summary_large_image","twitter_misc":{"Est. reading time":"2 minutes"},"schema":{"@context":"https:\/\/schema.org","@graph":[{"@type":"WebPage","@id":"https:\/\/sannale.ee\/en\/toode\/tallakummid\/","url":"https:\/\/sannale.ee\/en\/toode\/tallakummid\/","name":"Sole elastics - Sannale","isPartOf":{"@id":"https:\/\/sannale.ee\/#website"},"primaryImageOfPage":{"@id":"https:\/\/sannale.ee\/en\/toode\/tallakummid\/#primaryimage"},"image":{"@id":"https:\/\/sannale.ee\/en\/toode\/tallakummid\/#primaryimage"},"thumbnailUrl":"https:\/\/sannale.ee\/wp-content\/uploads\/2022\/10\/Tallakummid.jpg","datePublished":"2022-10-25T10:35:41+00:00","dateModified":"2026-03-10T13:10:14+00:00","description":"Sole elastics that stay in place and don't slide backwards on the ground. A great choice for use with small sole patterned barefoot shoes.","breadcrumb":{"@id":"https:\/\/sannale.ee\/en\/toode\/tallakummid\/#breadcrumb"},"inLanguage":"en-US","potentialAction":[{"@type":"ReadAction","target":["https:\/\/sannale.ee\/en\/toode\/tallakummid\/"]}]},{"@type":"ImageObject","inLanguage":"en-US","@id":"https:\/\/sannale.ee\/en\/toode\/tallakummid\/#primaryimage","url":"https:\/\/sannale.ee\/wp-content\/uploads\/2022\/10\/Tallakummid.jpg","contentUrl":"https:\/\/sannale.ee\/wp-content\/uploads\/2022\/10\/Tallakummid.jpg","width":700,"height":700,"caption":"Tallakummid"},{"@type":"BreadcrumbList","@id":"https:\/\/sannale.ee\/en\/toode\/tallakummid\/#breadcrumb","itemListElement":[{"@type":"ListItem","position":1,"name":"Home","item":"https:\/\/sannale.ee\/en\/"},{"@type":"ListItem","position":2,"name":"Shop","item":"https:\/\/sannale.ee\/en\/shop\/"},{"@type":"ListItem","position":3,"name":"Sole elastics"}]},{"@type":"WebSite","@id":"https:\/\/sannale.ee\/#website","url":"https:\/\/sannale.ee\/","name":"Sannale","description":"K\u00e4sit\u00f6\u00f6na valminud k\u00e4rulisad ja lastetarbed","publisher":{"@id":"https:\/\/sannale.ee\/#organization"},"potentialAction":[{"@type":"SearchAction","target":{"@type":"EntryPoint","urlTemplate":"https:\/\/sannale.ee\/?s={search_term_string}"},"query-input":{"@type":"PropertyValueSpecification","valueRequired":true,"valueName":"search_term_string"}}],"inLanguage":"en-US"},{"@type":"Organization","@id":"https:\/\/sannale.ee\/#organization","name":"Sannale","url":"https:\/\/sannale.ee\/","logo":{"@type":"ImageObject","inLanguage":"en-US","@id":"https:\/\/sannale.ee\/#\/schema\/logo\/image\/","url":"https:\/\/sannale.ee\/wp-content\/uploads\/2024\/02\/cropped-sannale-fb-logo-sydamega-5-tumedam-3-scaled.png","contentUrl":"https:\/\/sannale.ee\/wp-content\/uploads\/2024\/02\/cropped-sannale-fb-logo-sydamega-5-tumedam-3-scaled.png","width":5100,"height":1758,"caption":"Sannale"},"image":{"@id":"https:\/\/sannale.ee\/#\/schema\/logo\/image\/"},"sameAs":["https:\/\/www.facebook.com\/MinuSannale"]}]}},"uagb_featured_image_src":{"full":["https:\/\/sannale.ee\/wp-content\/uploads\/2022\/10\/Tallakummid.jpg",700,700,false],"thumbnail":["https:\/\/sannale.ee\/wp-content\/uploads\/2022\/10\/Tallakummid-150x150.jpg",150,150,true],"medium":["https:\/\/sannale.ee\/wp-content\/uploads\/2022\/10\/Tallakummid-300x300.jpg",300,300,true],"medium_large":["https:\/\/sannale.ee\/wp-content\/uploads\/2022\/10\/Tallakummid.jpg",700,700,false],"large":["https:\/\/sannale.ee\/wp-content\/uploads\/2022\/10\/Tallakummid.jpg",700,700,false],"1536x1536":["https:\/\/sannale.ee\/wp-content\/uploads\/2022\/10\/Tallakummid.jpg",700,700,false],"2048x2048":["https:\/\/sannale.ee\/wp-content\/uploads\/2022\/10\/Tallakummid.jpg",700,700,false],"woocommerce_thumbnail":["https:\/\/sannale.ee\/wp-content\/uploads\/2022\/10\/Tallakummid-300x300.jpg",300,300,true],"woocommerce_single":["https:\/\/sannale.ee\/wp-content\/uploads\/2022\/10\/Tallakummid-600x600.jpg",600,600,true],"woocommerce_gallery_thumbnail":["https:\/\/sannale.ee\/wp-content\/uploads\/2022\/10\/Tallakummid-100x100.jpg",100,100,true],"variation_swatches_image_size":["https:\/\/sannale.ee\/wp-content\/uploads\/2022\/10\/Tallakummid-50x50.jpg",50,50,true],"variation_swatches_tooltip_size":["https:\/\/sannale.ee\/wp-content\/uploads\/2022\/10\/Tallakummid-100x100.jpg",100,100,true]},"uagb_author_info":{"display_name":"meelip","author_link":"https:\/\/sannale.ee\/en\/author\/"},"uagb_comment_info":14,"uagb_excerpt":"Sole elastics that won't slip off! Tired of constantly having to put your sole elastics back on? Wish you could be outdoors playing with your child instead of fiddling around with a sole elastic? sole elastics keep the trousers firmly in place to keep snow and rain out of the shoes. attached to the shoe&hellip;","jetpack_sharing_enabled":true,"_links":{"self":[{"href":"https:\/\/sannale.ee\/en\/wp-json\/wp\/v2\/product\/44112","targetHints":{"allow":["GET"]}}],"collection":[{"href":"https:\/\/sannale.ee\/en\/wp-json\/wp\/v2\/product"}],"about":[{"href":"https:\/\/sannale.ee\/en\/wp-json\/wp\/v2\/types\/product"}],"replies":[{"embeddable":true,"href":"https:\/\/sannale.ee\/en\/wp-json\/wp\/v2\/comments?post=44112"}],"wp:featuredmedia":[{"embeddable":true,"href":"https:\/\/sannale.ee\/en\/wp-json\/wp\/v2\/media\/38357"}],"wp:attachment":[{"href":"https:\/\/sannale.ee\/en\/wp-json\/wp\/v2\/media?parent=44112"}],"wp:term":[{"taxonomy":"product_brand","embeddable":true,"href":"https:\/\/sannale.ee\/en\/wp-json\/wp\/v2\/product_brand?post=44112"},{"taxonomy":"product_cat","embeddable":true,"href":"https:\/\/sannale.ee\/en\/wp-json\/wp\/v2\/product_cat?post=44112"},{"taxonomy":"product_tag","embeddable":true,"href":"https:\/\/sannale.ee\/en\/wp-json\/wp\/v2\/product_tag?post=44112"}],"curies":[{"name":"wp","href":"https:\/\/api.w.org\/{rel}","templated":true}]}}