{"id":43786,"date":"2021-02-18T09:26:36","date_gmt":"2021-02-18T07:26:36","guid":{"rendered":"https:\/\/sannale.ee\/toode\/trolley-transport-bag\/"},"modified":"2026-04-07T15:39:59","modified_gmt":"2026-04-07T12:39:59","slug":"trolley-transport-bag","status":"publish","type":"product","link":"https:\/\/sannale.ee\/en\/toode\/trolley-transport-bag\/","title":{"rendered":"Stroller travel bag"},"content":{"rendered":"<h3><span style=\"font-size: 14pt;\">The Sannale stroller travel bag protects your stroller from getting dirty!<\/span><\/h3>\n<ul>\n<li><strong>the stroller is <\/strong><strong>easy to pack in the bag &#8211;<\/strong> put the stroller into the bag from the open side, close the side<strong> with the string fastening <\/strong>(like a slipper bag), take the bag on your shoulder and go!<\/li>\n<li><strong>the sturdy fastening strap carrying handles<\/strong> are sewn with reinforcing stitching <strong>around the entire bag<\/strong>, so the entire weight of the stroller rests on the carrying handles and not on the fabric of the bag.<\/li>\n<li>S and XL bag carrying handles are for carrying the bag in the hand, M and L for shoulder carrying.<\/li>\n<li>material made <strong>from water-repellent fabric<\/strong> keeps your stroller <strong>clean<\/strong><\/li>\n<li><b>4 different sizes, <\/b>from which you&#8217;re sure to find the size that&#8217;s right for you.<\/li>\n<li><strong>a unique design<\/strong>, a cutting pattern created for Sannale, which can only be ordered from us and which we will <strong>handcraft just for you.<\/strong><\/li>\n<\/ul>\n<p> Be sure to check that the dimensions of the bag fit your stroller before ordering.<span style=\"text-decoration: underline;\"><a href=\"https:\/\/sannale.ee\/blogi\/sannale-transpordikott-milline-enda-karule-valida\/\" target=\"_blank\" rel=\"noopener\"> See if we already have the right size stroller travel bag for your stroller .<\/a> <\/span>Or measure the stroller by yourself. (You can do this with a large plastic bag, or a bed sheet). If in doubt, order a slightly larger bag.   <a href=\"https:\/\/sannale.ee\/transpordikoti_suuruse_mootmine\/\" target=\"_blank\" rel=\"noopener\">See the measurement guide HERE!<\/a><\/p>\n<p><img decoding=\"async\" class=\"size-medium wp-image-2445 lazyload\" data-src=\"https:\/\/sannale.ee\/wp-content\/uploads\/2021\/02\/86872740_131183641497307_565722900271726592_n-152x300.jpg\" alt=\"stroller travel bag - measuring\" width=\"152\" height=\"300\" data-srcset=\"https:\/\/sannale.ee\/wp-content\/uploads\/2021\/02\/86872740_131183641497307_565722900271726592_n-152x300.jpg 152w, https:\/\/sannale.ee\/wp-content\/uploads\/2021\/02\/86872740_131183641497307_565722900271726592_n-416x821.jpg 416w, https:\/\/sannale.ee\/wp-content\/uploads\/2021\/02\/86872740_131183641497307_565722900271726592_n.jpg 519w\" data-sizes=\"(max-width: 152px) 100vw, 152px\" src=\"data:image\/svg+xml;base64,PHN2ZyB3aWR0aD0iMSIgaGVpZ2h0PSIxIiB4bWxucz0iaHR0cDovL3d3dy53My5vcmcvMjAwMC9zdmciPjwvc3ZnPg==\" style=\"--smush-placeholder-width: 152px; --smush-placeholder-aspect-ratio: 152\/300;\" \/><\/p>\n<p>&nbsp;<\/p>\n<div class=\"mceTemp\"><\/div>\n<h3>Stoller travel bag size when packed down<\/h3>\n<p> S &#8211; 24*20*5cm M &#8211; 31*20*7cm L &#8211; 31*20*9cm XL &#8211; 30*25*9cm <em>Finished product dimensions may differ from the product description by +-1,5cm.<\/em><\/p>\n<p>&nbsp;<\/p>\n<h3>Material<\/h3>\n<p> 100% polyester, 191g\/m2. coated with a double layer of polyethylene, which makes the fabric weather resistant.  <\/p>\n<h4>Maintenance guide<\/h4>\n<p> Wash by hand or in the washing machine at 40\u00b0C. Avoid vigorous centrifuging. Rinse thoroughly, if possible using a softener. Dry in hanging position. Iron at low temperature.    <\/p>\n<div><img decoding=\"async\" class=\"size-full wp-image-16939 lazyload\" data-src=\"https:\/\/sannale.ee\/wp-content\/uploads\/2023\/12\/meeli2.jpg\" alt=\"\" width=\"300\" height=\"200\" src=\"data:image\/svg+xml;base64,PHN2ZyB3aWR0aD0iMSIgaGVpZ2h0PSIxIiB4bWxucz0iaHR0cDovL3d3dy53My5vcmcvMjAwMC9zdmciPjwvc3ZnPg==\" style=\"--smush-placeholder-width: 300px; --smush-placeholder-aspect-ratio: 300\/200;\"><\/div>\n<div><\/div>\n<div class=\"_4u-c xkhd6sd x18d9i69 x4uap5 xexx8yu x9f619 x5yr21d _9hq\">\n<div class=\"_5f0v uiScrollableArea fade contentBefore\" tabindex=\"0\">\n<div id=\"js_2g\" class=\"uiScrollableAreaWrap scrollable\">\n<div class=\"uiScrollableAreaBody\">\n<div class=\"uiScrollableAreaContent\">\n<div class=\"x1nz53y6 x16ydxro\">\n<div class=\"x1fqp7bg\">\n<div class=\"xeuugli x2lwn1j xuk3077 x78zum5 x1q0g3np x13a6bvl x1jchvi3 xlxfd2w x1gslohp x126k92a\">\n<div class=\"xeuugli x2lwn1j x6s0dn4 x78zum5 x15zctf7 x193iq5w xh8yej3\">\n<h4 class=\"xeuugli x2lwn1j xuk3077 x78zum5 xdl72j9 xdt5ytf x1c4vz4f x2lah0s x16fdfms x161msgk x1s9ed0f x1eapu41 x1r944mn\"><span style=\"font-size: 20px;\">Got questions or need advice? Get in touch and let&#8217;s take a look together! <\/span><\/h4>\n<div class=\"xeuugli x2lwn1j xuk3077 x78zum5 xdl72j9 xdt5ytf x1c4vz4f x2lah0s x16fdfms x161msgk x1s9ed0f x1eapu41 x1r944mn\"><span style=\"font-size: 18px;\">tel. <a href=\"tel:37258863122\">+372 58863122<\/a><\/span><\/div>\n<div class=\"xeuugli x2lwn1j xuk3077 x78zum5 xdl72j9 xdt5ytf x1c4vz4f x2lah0s x16fdfms x161msgk x1s9ed0f x1eapu41 x1r944mn\"><span style=\"font-size: 18px;\"><a href=\"mailto:sannale@sannale.ee\">sannale@sannale.ee<\/a><\/span><\/div>\n<div class=\"xeuugli x2lwn1j xuk3077 x78zum5 xdl72j9 xdt5ytf x1c4vz4f x2lah0s x16fdfms x161msgk x1s9ed0f x1eapu41 x1r944mn\"><span style=\"font-size: 18px;\">Meeli Viljaste<\/span><\/div>\n<\/div>\n<\/div>\n<\/div>\n<\/div>\n<div><\/div>\n<\/div>\n<\/div>\n<\/div>\n<\/div>\n<\/div>\n<h4>FAQ<\/h4>\n<p><strong style=\"font-size: 16px; font-style: normal;\">How do I know what size transport bag to order for my stroller? <\/strong><span style=\"font-size: 16px; font-style: normal; font-weight: 400;\">See if your stroller model is already listed here. <\/span><a style=\"background-color: #ffffff; font-size: 16px; font-style: normal; font-weight: 400;\" href=\"https:\/\/sannale.ee\/tooteinfo\/sannale-transpordikott-milline-enda-karule-valida\/\">https:\/\/sannale.ee\/tooteinfo\/sannale-transpordikott-milline-enda-karule-valida\/<\/a><span style=\"font-size: 16px; font-style: normal; font-weight: 400;\"> because then the size will already be indicated. If it is not, measure your stroller like this:  <\/span><a style=\"background-color: #ffffff; font-size: 16px; font-style: normal; font-weight: 400;\" href=\"https:\/\/sannale.ee\/transpordikoti_suuruse_mootmine\/\">https:\/\/sannale.ee\/transpordikoti_suuruse_mootmine\/<\/a> <strong>Can I come with my stroller to test the size of the stroller travel bag?<\/strong> Yes, we have beautiful pink demo bags specially made for this purpose in J\u00e4lgim\u00e4gi. You can use them here to try out which size is best for your stroller.  <strong>If I ordered the wrong size stroller travel bag, can I exchange it?<\/strong> Yes, of course. Let us know what you wish for. We can do the exchange either on the spot in J\u00e4lgim\u00e4gi or via a parcel machine.   <strong>I need a bag faster than the usual waiting time. Is this possible? <\/strong> Send an email to sannale@sannale.ee or send us a message to <a href=\"https:\/\/www.facebook.com\/MinuSannale\" target=\"_blank\" rel=\"noopener\">FB:MinuSannale<\/a> and we&#8217;ll get your bag to you faster if possible. <strong>The trip was cancelled and it turned out I didn&#8217;t need the bag I had already ordered. Can I return it?  <\/strong>Yes, you can return the unused bag to us and get a refund. &nbsp;<\/p>\n<p><span style=\"text-decoration: underline;\"><a href=\"https:\/\/sannale.ee\/kkk\/\" target=\"_blank\" rel=\"noopener\">See here for other frequently asked questions about delivery, manufacturing, returns and warranty.<\/a><\/span><\/p>\n<p>&nbsp;<\/p>\n","protected":false},"excerpt":{"rendered":"<h2><span style=\"font-size: 14pt;\"><strong>Going on a trip<\/strong> and want to protect your stroller<strong>from dirt<\/strong> and <strong>carry it comfortably<\/strong>? <\/span><\/h2>\n<p><span style=\"font-size: 12pt;\">The<strong>bulky<\/strong> stroller travel bag with a string fastening and sturdy carrying handles is sewn just for this. <\/span><a href=\"https:\/\/sannale.ee\/blogi\/sannale-transpordikott-milline-enda-karule-valida\/\" target=\"_blank\" rel=\"noopener\">See the gallery and read more about which travel bag size to choose for your stroller model<span style=\"text-decoration: underline;\"> HERE.<\/span><\/a> Products in stock are shipped within 1-2 business days. The lead time for orders is 1-2 weeks.<\/p>\n","protected":false},"featured_media":37373,"comment_status":"open","ping_status":"closed","template":"","meta":{"_uag_custom_page_level_css":"","site-sidebar-layout":"default","site-content-layout":"","ast-site-content-layout":"default","site-content-style":"default","site-sidebar-style":"default","ast-global-header-display":"","ast-banner-title-visibility":"","ast-main-header-display":"","ast-hfb-above-header-display":"","ast-hfb-below-header-display":"","ast-hfb-mobile-header-display":"","site-post-title":"","ast-breadcrumbs-content":"","ast-featured-img":"","footer-sml-layout":"","ast-disable-related-posts":"","theme-transparent-header-meta":"default","adv-header-id-meta":"","stick-header-meta":"","header-above-stick-meta":"","header-main-stick-meta":"","header-below-stick-meta":"","astra-migrate-meta-layouts":"default","ast-page-background-enabled":"default","ast-page-background-meta":{"desktop":{"background-color":"var(--ast-global-color-4)","background-image":"","background-repeat":"repeat","background-position":"center center","background-size":"auto","background-attachment":"scroll","background-type":"","background-media":"","overlay-type":"","overlay-color":"","overlay-opacity":"","overlay-gradient":""},"tablet":{"background-color":"","background-image":"","background-repeat":"repeat","background-position":"center center","background-size":"auto","background-attachment":"scroll","background-type":"","background-media":"","overlay-type":"","overlay-color":"","overlay-opacity":"","overlay-gradient":""},"mobile":{"background-color":"","background-image":"","background-repeat":"repeat","background-position":"center center","background-size":"auto","background-attachment":"scroll","background-type":"","background-media":"","overlay-type":"","overlay-color":"","overlay-opacity":"","overlay-gradient":""}},"ast-content-background-meta":{"desktop":{"background-color":"var(--ast-global-color-5)","background-image":"","background-repeat":"repeat","background-position":"center center","background-size":"auto","background-attachment":"scroll","background-type":"","background-media":"","overlay-type":"","overlay-color":"","overlay-opacity":"","overlay-gradient":""},"tablet":{"background-color":"var(--ast-global-color-5)","background-image":"","background-repeat":"repeat","background-position":"center center","background-size":"auto","background-attachment":"scroll","background-type":"","background-media":"","overlay-type":"","overlay-color":"","overlay-opacity":"","overlay-gradient":""},"mobile":{"background-color":"var(--ast-global-color-5)","background-image":"","background-repeat":"repeat","background-position":"center center","background-size":"auto","background-attachment":"scroll","background-type":"","background-media":"","overlay-type":"","overlay-color":"","overlay-opacity":"","overlay-gradient":""}}},"product_brand":[],"product_cat":[1247],"product_tag":[1906,1903,1905,1904],"class_list":{"0":"post-43786","1":"product","2":"type-product","3":"status-publish","4":"has-post-thumbnail","6":"product_cat-accessories-for-strollers","7":"product_tag-vankri-transpordikott-en","8":"product_tag-transport-bag","9":"product_tag-transport-bag-for-stroller","10":"product_tag-transport-bag-for-trolley","11":"desktop-align-left","12":"tablet-align-left","13":"mobile-align-left","15":"first","16":"instock","17":"taxable","18":"shipping-taxable","19":"purchasable","20":"product-type-variable"},"supplier_id":null,"supplier_sku":"","barcode":null,"atum_controlled":true,"out_stock_date":null,"out_stock_threshold":null,"inheritable":true,"inbound_stock":0,"stock_on_hold":0,"sold_today":0,"sales_last_days":0,"reserved_stock":0,"customer_returns":0,"warehouse_damage":0,"lost_in_post":0,"other_logs":0,"out_stock_days":0,"lost_sales":0,"has_location":false,"update_date":"2026-04-09T00:13:04","atum_locations":[],"atum_stock_status":"instock","restock_status":false,"low_stock_amount":"","sales_update_date":"2026-04-09T00:13:04","calc_backorders":null,"yoast_head":"<!-- This site is optimized with the Yoast SEO plugin v27.3 - https:\/\/yoast.com\/product\/yoast-seo-wordpress\/ -->\n<title>Stroller travel bag - Sannale<\/title>\n<meta name=\"description\" content=\"A bulky stroller travel bag with a string fastening and sturdy carrying handles protects your stroller from getting dirty when travelling. Made to orders.\" \/>\n<meta name=\"robots\" content=\"index, follow, max-snippet:-1, max-image-preview:large, max-video-preview:-1\" \/>\n<link rel=\"canonical\" href=\"https:\/\/sannale.ee\/en\/toode\/trolley-transport-bag\/\" \/>\n<meta property=\"og:locale\" content=\"en_US\" \/>\n<meta property=\"og:type\" content=\"article\" \/>\n<meta property=\"og:title\" content=\"Stroller travel bag - Sannale\" \/>\n<meta property=\"og:description\" content=\"A bulky stroller travel bag with a string fastening and sturdy carrying handles protects your stroller from getting dirty when travelling. Made to orders.\" \/>\n<meta property=\"og:url\" content=\"https:\/\/sannale.ee\/en\/toode\/trolley-transport-bag\/\" \/>\n<meta property=\"og:site_name\" content=\"Sannale\" \/>\n<meta property=\"article:publisher\" content=\"https:\/\/www.facebook.com\/MinuSannale\" \/>\n<meta property=\"article:modified_time\" content=\"2026-04-07T12:39:59+00:00\" \/>\n<meta property=\"og:image\" content=\"https:\/\/sannale.ee\/wp-content\/uploads\/2021\/02\/Transpordikott-karule.jpg\" \/>\n\t<meta property=\"og:image:width\" content=\"700\" \/>\n\t<meta property=\"og:image:height\" content=\"700\" \/>\n\t<meta property=\"og:image:type\" content=\"image\/jpeg\" \/>\n<meta name=\"twitter:card\" content=\"summary_large_image\" \/>\n<meta name=\"twitter:label1\" content=\"Est. reading time\" \/>\n\t<meta name=\"twitter:data1\" content=\"3 minutes\" \/>\n<script type=\"application\/ld+json\" class=\"yoast-schema-graph\">{\"@context\":\"https:\\\/\\\/schema.org\",\"@graph\":[{\"@type\":\"WebPage\",\"@id\":\"https:\\\/\\\/sannale.ee\\\/en\\\/toode\\\/trolley-transport-bag\\\/\",\"url\":\"https:\\\/\\\/sannale.ee\\\/en\\\/toode\\\/trolley-transport-bag\\\/\",\"name\":\"Stroller travel bag - Sannale\",\"isPartOf\":{\"@id\":\"https:\\\/\\\/sannale.ee\\\/#website\"},\"primaryImageOfPage\":{\"@id\":\"https:\\\/\\\/sannale.ee\\\/en\\\/toode\\\/trolley-transport-bag\\\/#primaryimage\"},\"image\":{\"@id\":\"https:\\\/\\\/sannale.ee\\\/en\\\/toode\\\/trolley-transport-bag\\\/#primaryimage\"},\"thumbnailUrl\":\"https:\\\/\\\/sannale.ee\\\/wp-content\\\/uploads\\\/2021\\\/02\\\/Transpordikott-karule.jpg\",\"datePublished\":\"2021-02-18T07:26:36+00:00\",\"dateModified\":\"2026-04-07T12:39:59+00:00\",\"description\":\"A bulky stroller travel bag with a string fastening and sturdy carrying handles protects your stroller from getting dirty when travelling. Made to orders.\",\"breadcrumb\":{\"@id\":\"https:\\\/\\\/sannale.ee\\\/en\\\/toode\\\/trolley-transport-bag\\\/#breadcrumb\"},\"inLanguage\":\"en-US\",\"potentialAction\":[{\"@type\":\"ReadAction\",\"target\":[\"https:\\\/\\\/sannale.ee\\\/en\\\/toode\\\/trolley-transport-bag\\\/\"]}]},{\"@type\":\"ImageObject\",\"inLanguage\":\"en-US\",\"@id\":\"https:\\\/\\\/sannale.ee\\\/en\\\/toode\\\/trolley-transport-bag\\\/#primaryimage\",\"url\":\"https:\\\/\\\/sannale.ee\\\/wp-content\\\/uploads\\\/2021\\\/02\\\/Transpordikott-karule.jpg\",\"contentUrl\":\"https:\\\/\\\/sannale.ee\\\/wp-content\\\/uploads\\\/2021\\\/02\\\/Transpordikott-karule.jpg\",\"width\":700,\"height\":700,\"caption\":\"Transport bag for trolley\"},{\"@type\":\"BreadcrumbList\",\"@id\":\"https:\\\/\\\/sannale.ee\\\/en\\\/toode\\\/trolley-transport-bag\\\/#breadcrumb\",\"itemListElement\":[{\"@type\":\"ListItem\",\"position\":1,\"name\":\"Home\",\"item\":\"https:\\\/\\\/sannale.ee\\\/en\\\/\"},{\"@type\":\"ListItem\",\"position\":2,\"name\":\"Shop\",\"item\":\"https:\\\/\\\/sannale.ee\\\/en\\\/shop\\\/\"},{\"@type\":\"ListItem\",\"position\":3,\"name\":\"Stroller travel bag\"}]},{\"@type\":\"WebSite\",\"@id\":\"https:\\\/\\\/sannale.ee\\\/#website\",\"url\":\"https:\\\/\\\/sannale.ee\\\/\",\"name\":\"Sannale\",\"description\":\"K\u00e4sit\u00f6\u00f6na valminud k\u00e4rulisad ja lastetarbed\",\"publisher\":{\"@id\":\"https:\\\/\\\/sannale.ee\\\/#organization\"},\"potentialAction\":[{\"@type\":\"SearchAction\",\"target\":{\"@type\":\"EntryPoint\",\"urlTemplate\":\"https:\\\/\\\/sannale.ee\\\/?s={search_term_string}\"},\"query-input\":{\"@type\":\"PropertyValueSpecification\",\"valueRequired\":true,\"valueName\":\"search_term_string\"}}],\"inLanguage\":\"en-US\"},{\"@type\":\"Organization\",\"@id\":\"https:\\\/\\\/sannale.ee\\\/#organization\",\"name\":\"Sannale\",\"url\":\"https:\\\/\\\/sannale.ee\\\/\",\"logo\":{\"@type\":\"ImageObject\",\"inLanguage\":\"en-US\",\"@id\":\"https:\\\/\\\/sannale.ee\\\/#\\\/schema\\\/logo\\\/image\\\/\",\"url\":\"https:\\\/\\\/sannale.ee\\\/wp-content\\\/uploads\\\/2024\\\/02\\\/cropped-sannale-fb-logo-sydamega-5-tumedam-3-scaled.png\",\"contentUrl\":\"https:\\\/\\\/sannale.ee\\\/wp-content\\\/uploads\\\/2024\\\/02\\\/cropped-sannale-fb-logo-sydamega-5-tumedam-3-scaled.png\",\"width\":5100,\"height\":1758,\"caption\":\"Sannale\"},\"image\":{\"@id\":\"https:\\\/\\\/sannale.ee\\\/#\\\/schema\\\/logo\\\/image\\\/\"},\"sameAs\":[\"https:\\\/\\\/www.facebook.com\\\/MinuSannale\"]}]}<\/script>\n<!-- \/ Yoast SEO plugin. -->","yoast_head_json":{"title":"Stroller travel bag - Sannale","description":"A bulky stroller travel bag with a string fastening and sturdy carrying handles protects your stroller from getting dirty when travelling. Made to orders.","robots":{"index":"index","follow":"follow","max-snippet":"max-snippet:-1","max-image-preview":"max-image-preview:large","max-video-preview":"max-video-preview:-1"},"canonical":"https:\/\/sannale.ee\/en\/toode\/trolley-transport-bag\/","og_locale":"en_US","og_type":"article","og_title":"Stroller travel bag - Sannale","og_description":"A bulky stroller travel bag with a string fastening and sturdy carrying handles protects your stroller from getting dirty when travelling. Made to orders.","og_url":"https:\/\/sannale.ee\/en\/toode\/trolley-transport-bag\/","og_site_name":"Sannale","article_publisher":"https:\/\/www.facebook.com\/MinuSannale","article_modified_time":"2026-04-07T12:39:59+00:00","og_image":[{"width":700,"height":700,"url":"https:\/\/sannale.ee\/wp-content\/uploads\/2021\/02\/Transpordikott-karule.jpg","type":"image\/jpeg"}],"twitter_card":"summary_large_image","twitter_misc":{"Est. reading time":"3 minutes"},"schema":{"@context":"https:\/\/schema.org","@graph":[{"@type":"WebPage","@id":"https:\/\/sannale.ee\/en\/toode\/trolley-transport-bag\/","url":"https:\/\/sannale.ee\/en\/toode\/trolley-transport-bag\/","name":"Stroller travel bag - Sannale","isPartOf":{"@id":"https:\/\/sannale.ee\/#website"},"primaryImageOfPage":{"@id":"https:\/\/sannale.ee\/en\/toode\/trolley-transport-bag\/#primaryimage"},"image":{"@id":"https:\/\/sannale.ee\/en\/toode\/trolley-transport-bag\/#primaryimage"},"thumbnailUrl":"https:\/\/sannale.ee\/wp-content\/uploads\/2021\/02\/Transpordikott-karule.jpg","datePublished":"2021-02-18T07:26:36+00:00","dateModified":"2026-04-07T12:39:59+00:00","description":"A bulky stroller travel bag with a string fastening and sturdy carrying handles protects your stroller from getting dirty when travelling. Made to orders.","breadcrumb":{"@id":"https:\/\/sannale.ee\/en\/toode\/trolley-transport-bag\/#breadcrumb"},"inLanguage":"en-US","potentialAction":[{"@type":"ReadAction","target":["https:\/\/sannale.ee\/en\/toode\/trolley-transport-bag\/"]}]},{"@type":"ImageObject","inLanguage":"en-US","@id":"https:\/\/sannale.ee\/en\/toode\/trolley-transport-bag\/#primaryimage","url":"https:\/\/sannale.ee\/wp-content\/uploads\/2021\/02\/Transpordikott-karule.jpg","contentUrl":"https:\/\/sannale.ee\/wp-content\/uploads\/2021\/02\/Transpordikott-karule.jpg","width":700,"height":700,"caption":"Transport bag for trolley"},{"@type":"BreadcrumbList","@id":"https:\/\/sannale.ee\/en\/toode\/trolley-transport-bag\/#breadcrumb","itemListElement":[{"@type":"ListItem","position":1,"name":"Home","item":"https:\/\/sannale.ee\/en\/"},{"@type":"ListItem","position":2,"name":"Shop","item":"https:\/\/sannale.ee\/en\/shop\/"},{"@type":"ListItem","position":3,"name":"Stroller travel bag"}]},{"@type":"WebSite","@id":"https:\/\/sannale.ee\/#website","url":"https:\/\/sannale.ee\/","name":"Sannale","description":"K\u00e4sit\u00f6\u00f6na valminud k\u00e4rulisad ja lastetarbed","publisher":{"@id":"https:\/\/sannale.ee\/#organization"},"potentialAction":[{"@type":"SearchAction","target":{"@type":"EntryPoint","urlTemplate":"https:\/\/sannale.ee\/?s={search_term_string}"},"query-input":{"@type":"PropertyValueSpecification","valueRequired":true,"valueName":"search_term_string"}}],"inLanguage":"en-US"},{"@type":"Organization","@id":"https:\/\/sannale.ee\/#organization","name":"Sannale","url":"https:\/\/sannale.ee\/","logo":{"@type":"ImageObject","inLanguage":"en-US","@id":"https:\/\/sannale.ee\/#\/schema\/logo\/image\/","url":"https:\/\/sannale.ee\/wp-content\/uploads\/2024\/02\/cropped-sannale-fb-logo-sydamega-5-tumedam-3-scaled.png","contentUrl":"https:\/\/sannale.ee\/wp-content\/uploads\/2024\/02\/cropped-sannale-fb-logo-sydamega-5-tumedam-3-scaled.png","width":5100,"height":1758,"caption":"Sannale"},"image":{"@id":"https:\/\/sannale.ee\/#\/schema\/logo\/image\/"},"sameAs":["https:\/\/www.facebook.com\/MinuSannale"]}]}},"uagb_featured_image_src":{"full":["https:\/\/sannale.ee\/wp-content\/uploads\/2021\/02\/Transpordikott-karule.jpg",700,700,false],"thumbnail":["https:\/\/sannale.ee\/wp-content\/uploads\/2021\/02\/Transpordikott-karule-150x150.jpg",150,150,true],"medium":["https:\/\/sannale.ee\/wp-content\/uploads\/2021\/02\/Transpordikott-karule-300x300.jpg",300,300,true],"medium_large":["https:\/\/sannale.ee\/wp-content\/uploads\/2021\/02\/Transpordikott-karule.jpg",700,700,false],"large":["https:\/\/sannale.ee\/wp-content\/uploads\/2021\/02\/Transpordikott-karule.jpg",700,700,false],"1536x1536":["https:\/\/sannale.ee\/wp-content\/uploads\/2021\/02\/Transpordikott-karule.jpg",700,700,false],"2048x2048":["https:\/\/sannale.ee\/wp-content\/uploads\/2021\/02\/Transpordikott-karule.jpg",700,700,false],"woocommerce_thumbnail":["https:\/\/sannale.ee\/wp-content\/uploads\/2021\/02\/Transpordikott-karule-300x300.jpg",300,300,true],"woocommerce_single":["https:\/\/sannale.ee\/wp-content\/uploads\/2021\/02\/Transpordikott-karule-600x600.jpg",600,600,true],"woocommerce_gallery_thumbnail":["https:\/\/sannale.ee\/wp-content\/uploads\/2021\/02\/Transpordikott-karule-100x100.jpg",100,100,true],"variation_swatches_image_size":["https:\/\/sannale.ee\/wp-content\/uploads\/2021\/02\/Transpordikott-karule-50x50.jpg",50,50,true],"variation_swatches_tooltip_size":["https:\/\/sannale.ee\/wp-content\/uploads\/2021\/02\/Transpordikott-karule-100x100.jpg",100,100,true]},"uagb_author_info":{"display_name":"meelip","author_link":"https:\/\/sannale.ee\/en\/author\/"},"uagb_comment_info":19,"uagb_excerpt":"Going on a trip and want to protect your strollerfrom dirt and carry it comfortably? Thebulky stroller travel bag with a string fastening and sturdy carrying handles is sewn just for this. See the gallery and read more about which travel bag size to choose for your stroller model HERE. Products in stock are shipped&hellip;","jetpack_sharing_enabled":true,"_links":{"self":[{"href":"https:\/\/sannale.ee\/en\/wp-json\/wp\/v2\/product\/43786","targetHints":{"allow":["GET"]}}],"collection":[{"href":"https:\/\/sannale.ee\/en\/wp-json\/wp\/v2\/product"}],"about":[{"href":"https:\/\/sannale.ee\/en\/wp-json\/wp\/v2\/types\/product"}],"replies":[{"embeddable":true,"href":"https:\/\/sannale.ee\/en\/wp-json\/wp\/v2\/comments?post=43786"}],"wp:featuredmedia":[{"embeddable":true,"href":"https:\/\/sannale.ee\/en\/wp-json\/wp\/v2\/media\/37373"}],"wp:attachment":[{"href":"https:\/\/sannale.ee\/en\/wp-json\/wp\/v2\/media?parent=43786"}],"wp:term":[{"taxonomy":"product_brand","embeddable":true,"href":"https:\/\/sannale.ee\/en\/wp-json\/wp\/v2\/product_brand?post=43786"},{"taxonomy":"product_cat","embeddable":true,"href":"https:\/\/sannale.ee\/en\/wp-json\/wp\/v2\/product_cat?post=43786"},{"taxonomy":"product_tag","embeddable":true,"href":"https:\/\/sannale.ee\/en\/wp-json\/wp\/v2\/product_tag?post=43786"}],"curies":[{"name":"wp","href":"https:\/\/api.w.org\/{rel}","templated":true}]}}