{"id":43781,"date":"2022-03-23T13:37:04","date_gmt":"2022-03-23T11:37:04","guid":{"rendered":"https:\/\/sannale.ee\/toode\/topsihoidja\/"},"modified":"2024-09-21T15:29:12","modified_gmt":"2024-09-21T12:29:12","slug":"topsihoidja","status":"publish","type":"product","link":"https:\/\/sannale.ee\/en\/toode\/topsihoidja\/","title":{"rendered":"Cup holder"},"content":{"rendered":"<ul>\n<li>3d printed in strong PETG plastic<\/li>\n<li>frame fastening designed specifically for a specific stroller frame.<\/li>\n<li>honeycomb pattern design + Sannale&#8217;s logo<\/li>\n<li><strong>a unique design<\/strong>, made for Sannale by O\u00dc Marko meisterdab<\/li>\n<\/ul>\n<h3>Lead time<\/h3>\n<p> Products in stock are dispatched within 1-2 business days. The lead time for backorders is 1 week. <\/p>\n<h3>Measurements<\/h3>\n<p> The XL cup holder has an internal dimension of 10cm in depth, 8,5cm in width. Designed after the CircleK thermos. The XXL cup holder has an internal depth of 14cm, width of 9cm. Designed after the Tupperware water bottle.    <\/p>\n<h4>Colours<\/h4>\n<p> Both shades are black, but the greenish gloss option is greenish when viewed from certain angles, and appears to be almost coal black when viewed from other angles. <\/p>\n<h4>Maintenance guide<\/h4>\n<p> Hand washing. Do not wash in dishwasher.  <\/p>\n<h5><span style=\"font-size: 18pt;\">Installation guide<\/span><\/h5>\n<p> You can find the installation guide from cup holders&#8217;<span style=\"text-decoration: underline;\"> cup holders&#8217; models&#8217; <a href=\"https:\/\/sannale.ee\/topsihoidja_xl\/\" target=\"_blank\" rel=\"noopener\">more detailed description<\/a><\/span><\/p>\n<h6 data-adtags-visited=\"true\"><span style=\"font-size: 18pt;\">Manufacturer <\/span><\/h6>\n<p data-adtags-visited=\"true\">Responsible for the products,designed and manufactured by O\u00dc Marko meisterdab. www.markomeisterdab.com <\/p>\n<p data-adtags-visited=\"true\">If you have any questions or problems, contact the manufacturer: markomeisterdab@gmail.com<\/p>\n<p data-adtags-visited=\"true\">\n","protected":false},"excerpt":{"rendered":"<h2><span style=\"font-size: 14pt;\">A bulky cup holder with an attachment designed to precisely fit the stroller&#8217;s frame.<\/span><\/h2>\n<p> See also the different <span style=\"text-decoration: underline;\"><a href=\"https:\/\/sannale.ee\/topsihoidja_xl\/\" target=\"_blank\" rel=\"noopener\">cup holders&#8217; models&#8217; detailed description and photos.<\/a><\/span><\/p>\n","protected":false},"featured_media":29216,"comment_status":"open","ping_status":"closed","template":"","meta":{"_uag_custom_page_level_css":"","site-sidebar-layout":"default","site-content-layout":"","ast-site-content-layout":"default","site-content-style":"default","site-sidebar-style":"default","ast-global-header-display":"","ast-banner-title-visibility":"","ast-main-header-display":"","ast-hfb-above-header-display":"","ast-hfb-below-header-display":"","ast-hfb-mobile-header-display":"","site-post-title":"","ast-breadcrumbs-content":"","ast-featured-img":"","footer-sml-layout":"","theme-transparent-header-meta":"default","adv-header-id-meta":"","stick-header-meta":"","header-above-stick-meta":"","header-main-stick-meta":"","header-below-stick-meta":"","astra-migrate-meta-layouts":"default","ast-page-background-enabled":"default","ast-page-background-meta":{"desktop":{"background-color":"var(--ast-global-color-4)","background-image":"","background-repeat":"repeat","background-position":"center center","background-size":"auto","background-attachment":"scroll","background-type":"","background-media":"","overlay-type":"","overlay-color":"","overlay-opacity":"","overlay-gradient":""},"tablet":{"background-color":"","background-image":"","background-repeat":"repeat","background-position":"center center","background-size":"auto","background-attachment":"scroll","background-type":"","background-media":"","overlay-type":"","overlay-color":"","overlay-opacity":"","overlay-gradient":""},"mobile":{"background-color":"","background-image":"","background-repeat":"repeat","background-position":"center center","background-size":"auto","background-attachment":"scroll","background-type":"","background-media":"","overlay-type":"","overlay-color":"","overlay-opacity":"","overlay-gradient":""}},"ast-content-background-meta":{"desktop":{"background-color":"var(--ast-global-color-5)","background-image":"","background-repeat":"repeat","background-position":"center center","background-size":"auto","background-attachment":"scroll","background-type":"","background-media":"","overlay-type":"","overlay-color":"","overlay-opacity":"","overlay-gradient":""},"tablet":{"background-color":"var(--ast-global-color-5)","background-image":"","background-repeat":"repeat","background-position":"center center","background-size":"auto","background-attachment":"scroll","background-type":"","background-media":"","overlay-type":"","overlay-color":"","overlay-opacity":"","overlay-gradient":""},"mobile":{"background-color":"var(--ast-global-color-5)","background-image":"","background-repeat":"repeat","background-position":"center center","background-size":"auto","background-attachment":"scroll","background-type":"","background-media":"","overlay-type":"","overlay-color":"","overlay-opacity":"","overlay-gradient":""}}},"product_brand":[],"product_cat":[1247],"product_tag":[1806,1898,1897],"class_list":{"0":"post-43781","1":"product","2":"type-product","3":"status-publish","4":"has-post-thumbnail","6":"product_cat-accessories-for-strollers","7":"product_tag-thle-en","8":"product_tag-top-holder","9":"product_tag-ug2-topsihoidja-en","10":"pa_varv-black-en","11":"pa_varv-black-with-green-gloss","12":"desktop-align-left","13":"tablet-align-left","14":"mobile-align-left","16":"first","17":"instock","18":"taxable","19":"shipping-taxable","20":"purchasable","21":"product-type-variable"},"supplier_id":null,"supplier_sku":"","barcode":null,"atum_controlled":true,"out_stock_date":null,"out_stock_threshold":null,"inheritable":true,"inbound_stock":0,"stock_on_hold":0,"sold_today":0,"sales_last_days":0,"reserved_stock":0,"customer_returns":0,"warehouse_damage":0,"lost_in_post":0,"other_logs":0,"out_stock_days":0,"lost_sales":0,"has_location":false,"update_date":"2026-04-03T00:10:15","atum_locations":[],"atum_stock_status":"instock","restock_status":false,"low_stock_amount":"","sales_update_date":"2026-04-03T00:10:15","calc_backorders":null,"yoast_head":"<!-- This site is optimized with the Yoast SEO plugin v27.3 - https:\/\/yoast.com\/product\/yoast-seo-wordpress\/ -->\n<title>Cup holder - Sannale<\/title>\n<meta name=\"description\" content=\"The cup holder is designed after the CircleK thermos or the Tupperware water bottle. 3d printed in strong PETG plastic.\" \/>\n<meta name=\"robots\" content=\"index, follow, max-snippet:-1, max-image-preview:large, max-video-preview:-1\" \/>\n<link rel=\"canonical\" href=\"https:\/\/sannale.ee\/en\/toode\/topsihoidja\/\" \/>\n<meta property=\"og:locale\" content=\"en_US\" \/>\n<meta property=\"og:type\" content=\"article\" \/>\n<meta property=\"og:title\" content=\"Cup holder - Sannale\" \/>\n<meta property=\"og:description\" content=\"The cup holder is designed after the CircleK thermos or the Tupperware water bottle. 3d printed in strong PETG plastic.\" \/>\n<meta property=\"og:url\" content=\"https:\/\/sannale.ee\/en\/toode\/topsihoidja\/\" \/>\n<meta property=\"og:site_name\" content=\"Sannale\" \/>\n<meta property=\"article:publisher\" content=\"https:\/\/www.facebook.com\/MinuSannale\" \/>\n<meta property=\"article:modified_time\" content=\"2024-09-21T12:29:12+00:00\" \/>\n<meta property=\"og:image\" content=\"https:\/\/sannale.ee\/wp-content\/uploads\/2022\/03\/Clipboard01-4-Edit.jpg\" \/>\n\t<meta property=\"og:image:width\" content=\"1024\" \/>\n\t<meta property=\"og:image:height\" content=\"1024\" \/>\n\t<meta property=\"og:image:type\" content=\"image\/jpeg\" \/>\n<meta name=\"twitter:card\" content=\"summary_large_image\" \/>\n<meta name=\"twitter:label1\" content=\"Est. reading time\" \/>\n\t<meta name=\"twitter:data1\" content=\"1 minute\" \/>\n<script type=\"application\/ld+json\" class=\"yoast-schema-graph\">{\"@context\":\"https:\\\/\\\/schema.org\",\"@graph\":[{\"@type\":\"WebPage\",\"@id\":\"https:\\\/\\\/sannale.ee\\\/en\\\/toode\\\/topsihoidja\\\/\",\"url\":\"https:\\\/\\\/sannale.ee\\\/en\\\/toode\\\/topsihoidja\\\/\",\"name\":\"Cup holder - Sannale\",\"isPartOf\":{\"@id\":\"https:\\\/\\\/sannale.ee\\\/#website\"},\"primaryImageOfPage\":{\"@id\":\"https:\\\/\\\/sannale.ee\\\/en\\\/toode\\\/topsihoidja\\\/#primaryimage\"},\"image\":{\"@id\":\"https:\\\/\\\/sannale.ee\\\/en\\\/toode\\\/topsihoidja\\\/#primaryimage\"},\"thumbnailUrl\":\"https:\\\/\\\/sannale.ee\\\/wp-content\\\/uploads\\\/2022\\\/03\\\/Clipboard01-4-Edit.jpg\",\"datePublished\":\"2022-03-23T11:37:04+00:00\",\"dateModified\":\"2024-09-21T12:29:12+00:00\",\"description\":\"The cup holder is designed after the CircleK thermos or the Tupperware water bottle. 3d printed in strong PETG plastic.\",\"breadcrumb\":{\"@id\":\"https:\\\/\\\/sannale.ee\\\/en\\\/toode\\\/topsihoidja\\\/#breadcrumb\"},\"inLanguage\":\"en-US\",\"potentialAction\":[{\"@type\":\"ReadAction\",\"target\":[\"https:\\\/\\\/sannale.ee\\\/en\\\/toode\\\/topsihoidja\\\/\"]}]},{\"@type\":\"ImageObject\",\"inLanguage\":\"en-US\",\"@id\":\"https:\\\/\\\/sannale.ee\\\/en\\\/toode\\\/topsihoidja\\\/#primaryimage\",\"url\":\"https:\\\/\\\/sannale.ee\\\/wp-content\\\/uploads\\\/2022\\\/03\\\/Clipboard01-4-Edit.jpg\",\"contentUrl\":\"https:\\\/\\\/sannale.ee\\\/wp-content\\\/uploads\\\/2022\\\/03\\\/Clipboard01-4-Edit.jpg\",\"width\":1024,\"height\":1024,\"caption\":\"Stroller holder for stroller XL\"},{\"@type\":\"BreadcrumbList\",\"@id\":\"https:\\\/\\\/sannale.ee\\\/en\\\/toode\\\/topsihoidja\\\/#breadcrumb\",\"itemListElement\":[{\"@type\":\"ListItem\",\"position\":1,\"name\":\"Home\",\"item\":\"https:\\\/\\\/sannale.ee\\\/en\\\/\"},{\"@type\":\"ListItem\",\"position\":2,\"name\":\"Shop\",\"item\":\"https:\\\/\\\/sannale.ee\\\/en\\\/shop\\\/\"},{\"@type\":\"ListItem\",\"position\":3,\"name\":\"Cup holder\"}]},{\"@type\":\"WebSite\",\"@id\":\"https:\\\/\\\/sannale.ee\\\/#website\",\"url\":\"https:\\\/\\\/sannale.ee\\\/\",\"name\":\"Sannale\",\"description\":\"K\u00e4sit\u00f6\u00f6na valminud k\u00e4rulisad ja lastetarbed\",\"publisher\":{\"@id\":\"https:\\\/\\\/sannale.ee\\\/#organization\"},\"potentialAction\":[{\"@type\":\"SearchAction\",\"target\":{\"@type\":\"EntryPoint\",\"urlTemplate\":\"https:\\\/\\\/sannale.ee\\\/?s={search_term_string}\"},\"query-input\":{\"@type\":\"PropertyValueSpecification\",\"valueRequired\":true,\"valueName\":\"search_term_string\"}}],\"inLanguage\":\"en-US\"},{\"@type\":\"Organization\",\"@id\":\"https:\\\/\\\/sannale.ee\\\/#organization\",\"name\":\"Sannale\",\"url\":\"https:\\\/\\\/sannale.ee\\\/\",\"logo\":{\"@type\":\"ImageObject\",\"inLanguage\":\"en-US\",\"@id\":\"https:\\\/\\\/sannale.ee\\\/#\\\/schema\\\/logo\\\/image\\\/\",\"url\":\"https:\\\/\\\/sannale.ee\\\/wp-content\\\/uploads\\\/2024\\\/02\\\/cropped-sannale-fb-logo-sydamega-5-tumedam-3-scaled.png\",\"contentUrl\":\"https:\\\/\\\/sannale.ee\\\/wp-content\\\/uploads\\\/2024\\\/02\\\/cropped-sannale-fb-logo-sydamega-5-tumedam-3-scaled.png\",\"width\":5100,\"height\":1758,\"caption\":\"Sannale\"},\"image\":{\"@id\":\"https:\\\/\\\/sannale.ee\\\/#\\\/schema\\\/logo\\\/image\\\/\"},\"sameAs\":[\"https:\\\/\\\/www.facebook.com\\\/MinuSannale\"]}]}<\/script>\n<!-- \/ Yoast SEO plugin. -->","yoast_head_json":{"title":"Cup holder - Sannale","description":"The cup holder is designed after the CircleK thermos or the Tupperware water bottle. 3d printed in strong PETG plastic.","robots":{"index":"index","follow":"follow","max-snippet":"max-snippet:-1","max-image-preview":"max-image-preview:large","max-video-preview":"max-video-preview:-1"},"canonical":"https:\/\/sannale.ee\/en\/toode\/topsihoidja\/","og_locale":"en_US","og_type":"article","og_title":"Cup holder - Sannale","og_description":"The cup holder is designed after the CircleK thermos or the Tupperware water bottle. 3d printed in strong PETG plastic.","og_url":"https:\/\/sannale.ee\/en\/toode\/topsihoidja\/","og_site_name":"Sannale","article_publisher":"https:\/\/www.facebook.com\/MinuSannale","article_modified_time":"2024-09-21T12:29:12+00:00","og_image":[{"width":1024,"height":1024,"url":"https:\/\/sannale.ee\/wp-content\/uploads\/2022\/03\/Clipboard01-4-Edit.jpg","type":"image\/jpeg"}],"twitter_card":"summary_large_image","twitter_misc":{"Est. reading time":"1 minute"},"schema":{"@context":"https:\/\/schema.org","@graph":[{"@type":"WebPage","@id":"https:\/\/sannale.ee\/en\/toode\/topsihoidja\/","url":"https:\/\/sannale.ee\/en\/toode\/topsihoidja\/","name":"Cup holder - Sannale","isPartOf":{"@id":"https:\/\/sannale.ee\/#website"},"primaryImageOfPage":{"@id":"https:\/\/sannale.ee\/en\/toode\/topsihoidja\/#primaryimage"},"image":{"@id":"https:\/\/sannale.ee\/en\/toode\/topsihoidja\/#primaryimage"},"thumbnailUrl":"https:\/\/sannale.ee\/wp-content\/uploads\/2022\/03\/Clipboard01-4-Edit.jpg","datePublished":"2022-03-23T11:37:04+00:00","dateModified":"2024-09-21T12:29:12+00:00","description":"The cup holder is designed after the CircleK thermos or the Tupperware water bottle. 3d printed in strong PETG plastic.","breadcrumb":{"@id":"https:\/\/sannale.ee\/en\/toode\/topsihoidja\/#breadcrumb"},"inLanguage":"en-US","potentialAction":[{"@type":"ReadAction","target":["https:\/\/sannale.ee\/en\/toode\/topsihoidja\/"]}]},{"@type":"ImageObject","inLanguage":"en-US","@id":"https:\/\/sannale.ee\/en\/toode\/topsihoidja\/#primaryimage","url":"https:\/\/sannale.ee\/wp-content\/uploads\/2022\/03\/Clipboard01-4-Edit.jpg","contentUrl":"https:\/\/sannale.ee\/wp-content\/uploads\/2022\/03\/Clipboard01-4-Edit.jpg","width":1024,"height":1024,"caption":"Stroller holder for stroller XL"},{"@type":"BreadcrumbList","@id":"https:\/\/sannale.ee\/en\/toode\/topsihoidja\/#breadcrumb","itemListElement":[{"@type":"ListItem","position":1,"name":"Home","item":"https:\/\/sannale.ee\/en\/"},{"@type":"ListItem","position":2,"name":"Shop","item":"https:\/\/sannale.ee\/en\/shop\/"},{"@type":"ListItem","position":3,"name":"Cup holder"}]},{"@type":"WebSite","@id":"https:\/\/sannale.ee\/#website","url":"https:\/\/sannale.ee\/","name":"Sannale","description":"K\u00e4sit\u00f6\u00f6na valminud k\u00e4rulisad ja lastetarbed","publisher":{"@id":"https:\/\/sannale.ee\/#organization"},"potentialAction":[{"@type":"SearchAction","target":{"@type":"EntryPoint","urlTemplate":"https:\/\/sannale.ee\/?s={search_term_string}"},"query-input":{"@type":"PropertyValueSpecification","valueRequired":true,"valueName":"search_term_string"}}],"inLanguage":"en-US"},{"@type":"Organization","@id":"https:\/\/sannale.ee\/#organization","name":"Sannale","url":"https:\/\/sannale.ee\/","logo":{"@type":"ImageObject","inLanguage":"en-US","@id":"https:\/\/sannale.ee\/#\/schema\/logo\/image\/","url":"https:\/\/sannale.ee\/wp-content\/uploads\/2024\/02\/cropped-sannale-fb-logo-sydamega-5-tumedam-3-scaled.png","contentUrl":"https:\/\/sannale.ee\/wp-content\/uploads\/2024\/02\/cropped-sannale-fb-logo-sydamega-5-tumedam-3-scaled.png","width":5100,"height":1758,"caption":"Sannale"},"image":{"@id":"https:\/\/sannale.ee\/#\/schema\/logo\/image\/"},"sameAs":["https:\/\/www.facebook.com\/MinuSannale"]}]}},"uagb_featured_image_src":{"full":["https:\/\/sannale.ee\/wp-content\/uploads\/2022\/03\/Clipboard01-4-Edit.jpg",1024,1024,false],"thumbnail":["https:\/\/sannale.ee\/wp-content\/uploads\/2022\/03\/Clipboard01-4-Edit-150x150.jpg",150,150,true],"medium":["https:\/\/sannale.ee\/wp-content\/uploads\/2022\/03\/Clipboard01-4-Edit-300x300.jpg",300,300,true],"medium_large":["https:\/\/sannale.ee\/wp-content\/uploads\/2022\/03\/Clipboard01-4-Edit-768x768.jpg",768,768,true],"large":["https:\/\/sannale.ee\/wp-content\/uploads\/2022\/03\/Clipboard01-4-Edit-1024x1024.jpg",1024,1024,true],"1536x1536":["https:\/\/sannale.ee\/wp-content\/uploads\/2022\/03\/Clipboard01-4-Edit.jpg",1024,1024,false],"2048x2048":["https:\/\/sannale.ee\/wp-content\/uploads\/2022\/03\/Clipboard01-4-Edit.jpg",1024,1024,false],"woocommerce_thumbnail":["https:\/\/sannale.ee\/wp-content\/uploads\/2022\/03\/Clipboard01-4-Edit-300x300.jpg",300,300,true],"woocommerce_single":["https:\/\/sannale.ee\/wp-content\/uploads\/2022\/03\/Clipboard01-4-Edit-600x600.jpg",600,600,true],"woocommerce_gallery_thumbnail":["https:\/\/sannale.ee\/wp-content\/uploads\/2022\/03\/Clipboard01-4-Edit-100x100.jpg",100,100,true],"variation_swatches_image_size":["https:\/\/sannale.ee\/wp-content\/uploads\/2022\/03\/Clipboard01-4-Edit.jpg",50,50,false],"variation_swatches_tooltip_size":["https:\/\/sannale.ee\/wp-content\/uploads\/2022\/03\/Clipboard01-4-Edit.jpg",100,100,false]},"uagb_author_info":{"display_name":"meelip","author_link":"https:\/\/sannale.ee\/en\/author\/"},"uagb_comment_info":3,"uagb_excerpt":"A bulky cup holder with an attachment designed to precisely fit the stroller's frame. See also the different cup holders' models' detailed description and photos.","jetpack_sharing_enabled":true,"_links":{"self":[{"href":"https:\/\/sannale.ee\/en\/wp-json\/wp\/v2\/product\/43781","targetHints":{"allow":["GET"]}}],"collection":[{"href":"https:\/\/sannale.ee\/en\/wp-json\/wp\/v2\/product"}],"about":[{"href":"https:\/\/sannale.ee\/en\/wp-json\/wp\/v2\/types\/product"}],"replies":[{"embeddable":true,"href":"https:\/\/sannale.ee\/en\/wp-json\/wp\/v2\/comments?post=43781"}],"wp:featuredmedia":[{"embeddable":true,"href":"https:\/\/sannale.ee\/en\/wp-json\/wp\/v2\/media\/29216"}],"wp:attachment":[{"href":"https:\/\/sannale.ee\/en\/wp-json\/wp\/v2\/media?parent=43781"}],"wp:term":[{"taxonomy":"product_brand","embeddable":true,"href":"https:\/\/sannale.ee\/en\/wp-json\/wp\/v2\/product_brand?post=43781"},{"taxonomy":"product_cat","embeddable":true,"href":"https:\/\/sannale.ee\/en\/wp-json\/wp\/v2\/product_cat?post=43781"},{"taxonomy":"product_tag","embeddable":true,"href":"https:\/\/sannale.ee\/en\/wp-json\/wp\/v2\/product_tag?post=43781"}],"curies":[{"name":"wp","href":"https:\/\/api.w.org\/{rel}","templated":true}]}}