{"id":43725,"date":"2021-03-24T14:53:33","date_gmt":"2021-03-24T12:53:33","guid":{"rendered":"https:\/\/sannale.ee\/toode\/prison-bag\/"},"modified":"2025-12-12T11:11:13","modified_gmt":"2025-12-12T09:11:13","slug":"prison-bag","status":"publish","type":"product","link":"https:\/\/sannale.ee\/en\/toode\/prison-bag\/","title":{"rendered":"Stroller bag"},"content":{"rendered":"<ul>\n<li>Always on hand &#8211; a stroller bag is a <strong>good organiser<\/strong> that you can attach to the handlebar of your stroller.<\/li>\n<li>Versatile &#8211; <strong>detachable shoulder strap with adjustable length, <\/strong>allowing the bag to also be used <strong>as a shoulder bag.<\/strong><\/li>\n<li>Weatherproof &#8211; the bag is sewn <strong>from water-repellent fabric<\/strong><\/li>\n<li>Convenient organisation <strong>&#8211; two internal pockets to<\/strong> keep your keys and mobile phone safe and on hand.<\/li>\n<li>One of a kind <strong>&#8211; a unique design<\/strong>, a cutting pattern made for Sannale that can only be ordered from us and which we will handcraft <strong>just for you.<\/strong><\/li>\n<\/ul>\n<h3>Dimensions and fastening to the handlebar<\/h3>\n<p> The larger bag attaches to the handlebar from the sides and measures 36*33cm. The smaller bag attaches to the handlebar from the top and measures 27*22cm.  <img decoding=\"async\" class=\"wp-image-16060 lazyload\" data-src=\"https:\/\/sannale.ee\/wp-content\/uploads\/2023\/09\/Sannale-vankrikott-1-200x300.jpg\" alt=\"Sannale's stroller bag-2\" width=\"299\" height=\"449\" data-srcset=\"https:\/\/sannale.ee\/wp-content\/uploads\/2023\/09\/Sannale-vankrikott-1-200x300.jpg 200w, https:\/\/sannale.ee\/wp-content\/uploads\/2023\/09\/Sannale-vankrikott-1-600x900.jpg 600w, https:\/\/sannale.ee\/wp-content\/uploads\/2023\/09\/Sannale-vankrikott-1.jpg 683w\" data-sizes=\"(max-width: 299px) 100vw, 299px\" src=\"data:image\/svg+xml;base64,PHN2ZyB3aWR0aD0iMSIgaGVpZ2h0PSIxIiB4bWxucz0iaHR0cDovL3d3dy53My5vcmcvMjAwMC9zdmciPjwvc3ZnPg==\" style=\"--smush-placeholder-width: 299px; --smush-placeholder-aspect-ratio: 299\/449;\" \/><\/p>\n<p><img decoding=\"async\" class=\"size-medium wp-image-10289 lazyload\" data-src=\"https:\/\/sannale.ee\/wp-content\/uploads\/2021\/03\/Lagle-Parn-3-2-300x300.jpg\" alt=\"Sannale stroller bag, designed for use with the Thule Urban Glide 2 stroller\" width=\"300\" height=\"300\" data-srcset=\"https:\/\/sannale.ee\/wp-content\/uploads\/2021\/03\/Lagle-Parn-3-2-300x300.jpg 300w, https:\/\/sannale.ee\/wp-content\/uploads\/2021\/03\/Lagle-Parn-3-2-100x100.jpg 100w, https:\/\/sannale.ee\/wp-content\/uploads\/2021\/03\/Lagle-Parn-3-2-600x600.jpg 600w, https:\/\/sannale.ee\/wp-content\/uploads\/2021\/03\/Lagle-Parn-3-2.jpg 1024w, https:\/\/sannale.ee\/wp-content\/uploads\/2021\/03\/Lagle-Parn-3-2-150x150.jpg 150w, https:\/\/sannale.ee\/wp-content\/uploads\/2021\/03\/Lagle-Parn-3-2-768x768.jpg 768w\" data-sizes=\"(max-width: 300px) 100vw, 300px\" src=\"data:image\/svg+xml;base64,PHN2ZyB3aWR0aD0iMSIgaGVpZ2h0PSIxIiB4bWxucz0iaHR0cDovL3d3dy53My5vcmcvMjAwMC9zdmciPjwvc3ZnPg==\" style=\"--smush-placeholder-width: 300px; --smush-placeholder-aspect-ratio: 300\/300;\" \/><\/p>\n<h4>Lead time<\/h4>\n<p> Products in stock are dispatched within 1-2 business days. On backorder and when we make the bag just for you, the lead time is 1-2 weeks. <\/p>\n<h3>Selection of colours<\/h3>\n<p> When ordering a bag with a faux leather flap <span style=\"text-decoration: underline;\"><strong><a href=\"https:\/\/sannale.ee\/tootekategooria\/materjalid-valik\/kunstnahk-materjalid-valik\/\" target=\"_blank\" rel=\"noopener\">choose the faux leather option HERE!<\/a><\/strong><\/span> If you would like a coloured or a patterned stroller bag, please select your preferred fabric here and add the link of the selected fabric to your order. <a href=\"https:\/\/www.remps.ee\/et\/c\/softshell\" target=\"_blank\" rel=\"noopener\">https:\/\/www.remps.ee\/et\/c\/softshell<\/a><\/p>\n<p><a href=\"https:\/\/www.koojaloo.ee\/kangad\/jopekangad\" target=\"_blank\" rel=\"noopener\">https:\/\/www.koojaloo.ee\/kangad\/jopekangad<\/a><\/p>\n<p><a href=\"https:\/\/riimetex.ee\/tootekategooria\/mustrilised-kangad\/softshell-mustriline\/mustriline-softshell-fliisiga\/\" target=\"_blank\" rel=\"noopener\">https:\/\/riimetex.ee\/tootekategooria\/mustrilised-kangad\/softshell-mustriline\/mustriline-softshell-fliisiga\/<\/a><\/p>\n<p><a href=\"https:\/\/riimetex.ee\/tootekategooria\/uhevarvilised-kangad-plain-fabrics\/softshell\/uhevarviline-softshell-fliisiga\/\" target=\"_blank\" rel=\"noopener\">https:\/\/riimetex.ee\/tootekategooria\/uhevarvilised-kangad-plain-fabrics\/softshell\/uhevarviline-softshell-fliisiga\/<\/a><\/p>\n<p><a href=\"https:\/\/kangahaldjas.eu\/tootekategooria\/uleroivaste-kangad\/softshell\/\" target=\"_blank\" rel=\"noopener\">https:\/\/kangahaldjas.eu\/tootekategooria\/uleroivaste-kangad\/softshell\/<\/a><\/p>\n<p><a href=\"https:\/\/kangasemu.ee\/kategooria\/softshell\/mustriline-softshell\/\" target=\"_blank\" rel=\"noopener\">https:\/\/kangasemu.ee\/kategooria\/softshell\/mustriline-softshell\/<\/a><\/p>\n<p><a href=\"https:\/\/sunnyday.ee\/tootekategooria\/softshell\/\" target=\"_blank\" rel=\"noopener\">https:\/\/sunnyday.ee\/tootekategooria\/softshell\/<\/a><\/p>\n<p><a href=\"https:\/\/www.kangasahver.ee\/et\/c\/softshell\" target=\"_blank\" rel=\"noopener\">https:\/\/www.kangasahver.ee\/et\/c\/softshell<\/a><\/p>\n<p><a href=\"http:\/\/www.lipilapi.ee\/et\/c\/softshell\" target=\"_blank\" rel=\"noopener\">http:\/\/www.lipilapi.ee\/et\/c\/softshell<\/a><\/p>\n<h4>Maintenance guide<\/h4>\n<p> 100% polyester. Wash at a low temperature like sportswear. If necessary, iron on low heat on the outside only. https:\/\/youtube.com\/shorts\/-mtIDSy4Kuk?feature=share <span style=\"font-size: 24pt;\">Customer feedback:<\/span><img decoding=\"async\" class=\"wp-image-11781 lazyload\" data-src=\"https:\/\/sannale.ee\/wp-content\/uploads\/2021\/03\/Sannale-vankrikott-Bumbleride-Indie-karule-1-200x300.jpg\" alt=\"Sanna's trolley bag for Bumbler Indie trolley-1\" width=\"300\" height=\"450\" data-srcset=\"https:\/\/sannale.ee\/wp-content\/uploads\/2021\/03\/Sannale-vankrikott-Bumbleride-Indie-karule-1-200x300.jpg 200w, https:\/\/sannale.ee\/wp-content\/uploads\/2021\/03\/Sannale-vankrikott-Bumbleride-Indie-karule-1-600x900.jpg 600w, https:\/\/sannale.ee\/wp-content\/uploads\/2021\/03\/Sannale-vankrikott-Bumbleride-Indie-karule-1.jpg 683w\" data-sizes=\"(max-width: 300px) 100vw, 300px\" src=\"data:image\/svg+xml;base64,PHN2ZyB3aWR0aD0iMSIgaGVpZ2h0PSIxIiB4bWxucz0iaHR0cDovL3d3dy53My5vcmcvMjAwMC9zdmciPjwvc3ZnPg==\" style=\"--smush-placeholder-width: 300px; --smush-placeholder-aspect-ratio: 300\/450;\" \/> Janeth: &#8220;Beautiful!&#8221; <img decoding=\"async\" class=\"size-medium wp-image-10755 lazyload\" data-src=\"https:\/\/sannale.ee\/wp-content\/uploads\/2021\/03\/Sannale-vankrikott-lukuga-IN-2-2-300x300.jpg\" alt=\"Sanna trolley with lock IN-2-2\" width=\"300\" height=\"300\" data-srcset=\"https:\/\/sannale.ee\/wp-content\/uploads\/2021\/03\/Sannale-vankrikott-lukuga-IN-2-2-300x300.jpg 300w, https:\/\/sannale.ee\/wp-content\/uploads\/2021\/03\/Sannale-vankrikott-lukuga-IN-2-2-100x100.jpg 100w, https:\/\/sannale.ee\/wp-content\/uploads\/2021\/03\/Sannale-vankrikott-lukuga-IN-2-2-600x600.jpg 600w, https:\/\/sannale.ee\/wp-content\/uploads\/2021\/03\/Sannale-vankrikott-lukuga-IN-2-2.jpg 1024w, https:\/\/sannale.ee\/wp-content\/uploads\/2021\/03\/Sannale-vankrikott-lukuga-IN-2-2-150x150.jpg 150w, https:\/\/sannale.ee\/wp-content\/uploads\/2021\/03\/Sannale-vankrikott-lukuga-IN-2-2-768x768.jpg 768w, https:\/\/sannale.ee\/wp-content\/uploads\/2021\/03\/Sannale-vankrikott-lukuga-IN-2-2-50x50.jpg 50w\" data-sizes=\"(max-width: 300px) 100vw, 300px\" src=\"data:image\/svg+xml;base64,PHN2ZyB3aWR0aD0iMSIgaGVpZ2h0PSIxIiB4bWxucz0iaHR0cDovL3d3dy53My5vcmcvMjAwMC9zdmciPjwvc3ZnPg==\" style=\"--smush-placeholder-width: 300px; --smush-placeholder-aspect-ratio: 300\/300;\" \/> Gerda: &#8220;Beautiful, comfortable and fits well&#8221; <strong><em>Additional info: the carabiners used for fastening may vary in design from bag to bag. <\/em><\/strong>   <\/p>\n","protected":false},"excerpt":{"rendered":"<h2><span style=\"font-size: 14pt;\">The stroller bag makes your stroller eye-catching and allows handy storage.<\/span><\/h2>\n<p> If you would like to choose the colour of the stroller bag by yourself, please also see the fabric selection in the product description below.<\/p>\n","protected":false},"featured_media":38154,"comment_status":"open","ping_status":"closed","template":"","meta":{"_uag_custom_page_level_css":"","site-sidebar-layout":"default","site-content-layout":"","ast-site-content-layout":"default","site-content-style":"default","site-sidebar-style":"default","ast-global-header-display":"","ast-banner-title-visibility":"","ast-main-header-display":"","ast-hfb-above-header-display":"","ast-hfb-below-header-display":"","ast-hfb-mobile-header-display":"","site-post-title":"","ast-breadcrumbs-content":"","ast-featured-img":"","footer-sml-layout":"","theme-transparent-header-meta":"default","adv-header-id-meta":"","stick-header-meta":"","header-above-stick-meta":"","header-main-stick-meta":"","header-below-stick-meta":"","astra-migrate-meta-layouts":"default","ast-page-background-enabled":"default","ast-page-background-meta":{"desktop":{"background-color":"var(--ast-global-color-4)","background-image":"","background-repeat":"repeat","background-position":"center center","background-size":"auto","background-attachment":"scroll","background-type":"","background-media":"","overlay-type":"","overlay-color":"","overlay-opacity":"","overlay-gradient":""},"tablet":{"background-color":"","background-image":"","background-repeat":"repeat","background-position":"center center","background-size":"auto","background-attachment":"scroll","background-type":"","background-media":"","overlay-type":"","overlay-color":"","overlay-opacity":"","overlay-gradient":""},"mobile":{"background-color":"","background-image":"","background-repeat":"repeat","background-position":"center center","background-size":"auto","background-attachment":"scroll","background-type":"","background-media":"","overlay-type":"","overlay-color":"","overlay-opacity":"","overlay-gradient":""}},"ast-content-background-meta":{"desktop":{"background-color":"var(--ast-global-color-5)","background-image":"","background-repeat":"repeat","background-position":"center center","background-size":"auto","background-attachment":"scroll","background-type":"","background-media":"","overlay-type":"","overlay-color":"","overlay-opacity":"","overlay-gradient":""},"tablet":{"background-color":"var(--ast-global-color-5)","background-image":"","background-repeat":"repeat","background-position":"center center","background-size":"auto","background-attachment":"scroll","background-type":"","background-media":"","overlay-type":"","overlay-color":"","overlay-opacity":"","overlay-gradient":""},"mobile":{"background-color":"var(--ast-global-color-5)","background-image":"","background-repeat":"repeat","background-position":"center center","background-size":"auto","background-attachment":"scroll","background-type":"","background-media":"","overlay-type":"","overlay-color":"","overlay-opacity":"","overlay-gradient":""}}},"product_brand":[],"product_cat":[1247],"product_tag":[1864,1856,1863,1858,1860,1862,1857,1861,1859],"class_list":{"0":"post-43725","1":"product","2":"type-product","3":"status-publish","4":"has-post-thumbnail","6":"product_cat-accessories-for-strollers","7":"product_tag-baby-accessories-bag","8":"product_tag-bag","9":"product_tag-bag-for-accessories","10":"product_tag-organiser","11":"product_tag-bag-for-shopping","12":"product_tag-karu-organisaator-en","13":"product_tag-karukott-en","14":"product_tag-vankri-organisaator-en","15":"product_tag-trolley-bag","16":"pa_varv-black-en","17":"pa_varv-black-bag-with-faux-leather-flap-i-choose-the-colour-of-the-flap-from-the-leather-selection","18":"pa_varv-black-leatherette-flap-black-bag","19":"pa_varv-brown-leatherette-flap-black-bag","20":"pa_varv-special-order-i-choose-the-fabric","21":"desktop-align-left","22":"tablet-align-left","23":"mobile-align-left","24":"wcpa_has_options","26":"first","27":"instock","28":"taxable","29":"shipping-taxable","30":"purchasable","31":"product-type-variable"},"supplier_id":null,"supplier_sku":"","barcode":null,"atum_controlled":true,"out_stock_date":null,"out_stock_threshold":null,"inheritable":true,"inbound_stock":0,"stock_on_hold":0,"sold_today":0,"sales_last_days":0,"reserved_stock":0,"customer_returns":0,"warehouse_damage":0,"lost_in_post":0,"other_logs":0,"out_stock_days":0,"lost_sales":0,"has_location":false,"update_date":"2026-04-07T00:16:36","atum_locations":[],"atum_stock_status":"instock","restock_status":false,"low_stock_amount":"","sales_update_date":"2026-04-07T00:16:36","calc_backorders":null,"yoast_head":"<!-- This site is optimized with the Yoast SEO plugin v27.3 - https:\/\/yoast.com\/product\/yoast-seo-wordpress\/ -->\n<title>Stroller bag - Sannale<\/title>\n<meta name=\"description\" content=\"A stroller bag is a good organiser, which you can either attach to the handlebar of the stroller or carry over your shoulder. The stroller bag made from softshell fabric is water-repellent.\" \/>\n<meta name=\"robots\" content=\"index, follow, max-snippet:-1, max-image-preview:large, max-video-preview:-1\" \/>\n<link rel=\"canonical\" href=\"https:\/\/sannale.ee\/en\/toode\/prison-bag\/\" \/>\n<meta property=\"og:locale\" content=\"en_US\" \/>\n<meta property=\"og:type\" content=\"article\" \/>\n<meta property=\"og:title\" content=\"Stroller bag - Sannale\" \/>\n<meta property=\"og:description\" content=\"A stroller bag is a good organiser, which you can either attach to the handlebar of the stroller or carry over your shoulder. The stroller bag made from softshell fabric is water-repellent.\" \/>\n<meta property=\"og:url\" content=\"https:\/\/sannale.ee\/en\/toode\/prison-bag\/\" \/>\n<meta property=\"og:site_name\" content=\"Sannale\" \/>\n<meta property=\"article:publisher\" content=\"https:\/\/www.facebook.com\/MinuSannale\" \/>\n<meta property=\"article:modified_time\" content=\"2025-12-12T09:11:13+00:00\" \/>\n<meta property=\"og:image\" content=\"https:\/\/sannale.ee\/wp-content\/uploads\/2021\/03\/Vankrikott-2.jpg\" \/>\n\t<meta property=\"og:image:width\" content=\"1080\" \/>\n\t<meta property=\"og:image:height\" content=\"1080\" \/>\n\t<meta property=\"og:image:type\" content=\"image\/jpeg\" \/>\n<meta name=\"twitter:card\" content=\"summary_large_image\" \/>\n<meta name=\"twitter:label1\" content=\"Est. reading time\" \/>\n\t<meta name=\"twitter:data1\" content=\"2 minutes\" \/>\n<script type=\"application\/ld+json\" class=\"yoast-schema-graph\">{\"@context\":\"https:\\\/\\\/schema.org\",\"@graph\":[{\"@type\":\"WebPage\",\"@id\":\"https:\\\/\\\/sannale.ee\\\/en\\\/toode\\\/prison-bag\\\/\",\"url\":\"https:\\\/\\\/sannale.ee\\\/en\\\/toode\\\/prison-bag\\\/\",\"name\":\"Stroller bag - Sannale\",\"isPartOf\":{\"@id\":\"https:\\\/\\\/sannale.ee\\\/#website\"},\"primaryImageOfPage\":{\"@id\":\"https:\\\/\\\/sannale.ee\\\/en\\\/toode\\\/prison-bag\\\/#primaryimage\"},\"image\":{\"@id\":\"https:\\\/\\\/sannale.ee\\\/en\\\/toode\\\/prison-bag\\\/#primaryimage\"},\"thumbnailUrl\":\"https:\\\/\\\/sannale.ee\\\/wp-content\\\/uploads\\\/2021\\\/03\\\/Vankrikott-2.jpg\",\"datePublished\":\"2021-03-24T12:53:33+00:00\",\"dateModified\":\"2025-12-12T09:11:13+00:00\",\"description\":\"A stroller bag is a good organiser, which you can either attach to the handlebar of the stroller or carry over your shoulder. The stroller bag made from softshell fabric is water-repellent.\",\"breadcrumb\":{\"@id\":\"https:\\\/\\\/sannale.ee\\\/en\\\/toode\\\/prison-bag\\\/#breadcrumb\"},\"inLanguage\":\"en-US\",\"potentialAction\":[{\"@type\":\"ReadAction\",\"target\":[\"https:\\\/\\\/sannale.ee\\\/en\\\/toode\\\/prison-bag\\\/\"]}]},{\"@type\":\"ImageObject\",\"inLanguage\":\"en-US\",\"@id\":\"https:\\\/\\\/sannale.ee\\\/en\\\/toode\\\/prison-bag\\\/#primaryimage\",\"url\":\"https:\\\/\\\/sannale.ee\\\/wp-content\\\/uploads\\\/2021\\\/03\\\/Vankrikott-2.jpg\",\"contentUrl\":\"https:\\\/\\\/sannale.ee\\\/wp-content\\\/uploads\\\/2021\\\/03\\\/Vankrikott-2.jpg\",\"width\":1080,\"height\":1080,\"caption\":\"Stroller bag\"},{\"@type\":\"BreadcrumbList\",\"@id\":\"https:\\\/\\\/sannale.ee\\\/en\\\/toode\\\/prison-bag\\\/#breadcrumb\",\"itemListElement\":[{\"@type\":\"ListItem\",\"position\":1,\"name\":\"Home\",\"item\":\"https:\\\/\\\/sannale.ee\\\/en\\\/\"},{\"@type\":\"ListItem\",\"position\":2,\"name\":\"Shop\",\"item\":\"https:\\\/\\\/sannale.ee\\\/en\\\/shop\\\/\"},{\"@type\":\"ListItem\",\"position\":3,\"name\":\"Stroller bag\"}]},{\"@type\":\"WebSite\",\"@id\":\"https:\\\/\\\/sannale.ee\\\/#website\",\"url\":\"https:\\\/\\\/sannale.ee\\\/\",\"name\":\"Sannale\",\"description\":\"K\u00e4sit\u00f6\u00f6na valminud k\u00e4rulisad ja lastetarbed\",\"publisher\":{\"@id\":\"https:\\\/\\\/sannale.ee\\\/#organization\"},\"potentialAction\":[{\"@type\":\"SearchAction\",\"target\":{\"@type\":\"EntryPoint\",\"urlTemplate\":\"https:\\\/\\\/sannale.ee\\\/?s={search_term_string}\"},\"query-input\":{\"@type\":\"PropertyValueSpecification\",\"valueRequired\":true,\"valueName\":\"search_term_string\"}}],\"inLanguage\":\"en-US\"},{\"@type\":\"Organization\",\"@id\":\"https:\\\/\\\/sannale.ee\\\/#organization\",\"name\":\"Sannale\",\"url\":\"https:\\\/\\\/sannale.ee\\\/\",\"logo\":{\"@type\":\"ImageObject\",\"inLanguage\":\"en-US\",\"@id\":\"https:\\\/\\\/sannale.ee\\\/#\\\/schema\\\/logo\\\/image\\\/\",\"url\":\"https:\\\/\\\/sannale.ee\\\/wp-content\\\/uploads\\\/2024\\\/02\\\/cropped-sannale-fb-logo-sydamega-5-tumedam-3-scaled.png\",\"contentUrl\":\"https:\\\/\\\/sannale.ee\\\/wp-content\\\/uploads\\\/2024\\\/02\\\/cropped-sannale-fb-logo-sydamega-5-tumedam-3-scaled.png\",\"width\":5100,\"height\":1758,\"caption\":\"Sannale\"},\"image\":{\"@id\":\"https:\\\/\\\/sannale.ee\\\/#\\\/schema\\\/logo\\\/image\\\/\"},\"sameAs\":[\"https:\\\/\\\/www.facebook.com\\\/MinuSannale\"]}]}<\/script>\n<!-- \/ Yoast SEO plugin. -->","yoast_head_json":{"title":"Stroller bag - Sannale","description":"A stroller bag is a good organiser, which you can either attach to the handlebar of the stroller or carry over your shoulder. The stroller bag made from softshell fabric is water-repellent.","robots":{"index":"index","follow":"follow","max-snippet":"max-snippet:-1","max-image-preview":"max-image-preview:large","max-video-preview":"max-video-preview:-1"},"canonical":"https:\/\/sannale.ee\/en\/toode\/prison-bag\/","og_locale":"en_US","og_type":"article","og_title":"Stroller bag - Sannale","og_description":"A stroller bag is a good organiser, which you can either attach to the handlebar of the stroller or carry over your shoulder. The stroller bag made from softshell fabric is water-repellent.","og_url":"https:\/\/sannale.ee\/en\/toode\/prison-bag\/","og_site_name":"Sannale","article_publisher":"https:\/\/www.facebook.com\/MinuSannale","article_modified_time":"2025-12-12T09:11:13+00:00","og_image":[{"width":1080,"height":1080,"url":"https:\/\/sannale.ee\/wp-content\/uploads\/2021\/03\/Vankrikott-2.jpg","type":"image\/jpeg"}],"twitter_card":"summary_large_image","twitter_misc":{"Est. reading time":"2 minutes"},"schema":{"@context":"https:\/\/schema.org","@graph":[{"@type":"WebPage","@id":"https:\/\/sannale.ee\/en\/toode\/prison-bag\/","url":"https:\/\/sannale.ee\/en\/toode\/prison-bag\/","name":"Stroller bag - Sannale","isPartOf":{"@id":"https:\/\/sannale.ee\/#website"},"primaryImageOfPage":{"@id":"https:\/\/sannale.ee\/en\/toode\/prison-bag\/#primaryimage"},"image":{"@id":"https:\/\/sannale.ee\/en\/toode\/prison-bag\/#primaryimage"},"thumbnailUrl":"https:\/\/sannale.ee\/wp-content\/uploads\/2021\/03\/Vankrikott-2.jpg","datePublished":"2021-03-24T12:53:33+00:00","dateModified":"2025-12-12T09:11:13+00:00","description":"A stroller bag is a good organiser, which you can either attach to the handlebar of the stroller or carry over your shoulder. The stroller bag made from softshell fabric is water-repellent.","breadcrumb":{"@id":"https:\/\/sannale.ee\/en\/toode\/prison-bag\/#breadcrumb"},"inLanguage":"en-US","potentialAction":[{"@type":"ReadAction","target":["https:\/\/sannale.ee\/en\/toode\/prison-bag\/"]}]},{"@type":"ImageObject","inLanguage":"en-US","@id":"https:\/\/sannale.ee\/en\/toode\/prison-bag\/#primaryimage","url":"https:\/\/sannale.ee\/wp-content\/uploads\/2021\/03\/Vankrikott-2.jpg","contentUrl":"https:\/\/sannale.ee\/wp-content\/uploads\/2021\/03\/Vankrikott-2.jpg","width":1080,"height":1080,"caption":"Stroller bag"},{"@type":"BreadcrumbList","@id":"https:\/\/sannale.ee\/en\/toode\/prison-bag\/#breadcrumb","itemListElement":[{"@type":"ListItem","position":1,"name":"Home","item":"https:\/\/sannale.ee\/en\/"},{"@type":"ListItem","position":2,"name":"Shop","item":"https:\/\/sannale.ee\/en\/shop\/"},{"@type":"ListItem","position":3,"name":"Stroller bag"}]},{"@type":"WebSite","@id":"https:\/\/sannale.ee\/#website","url":"https:\/\/sannale.ee\/","name":"Sannale","description":"K\u00e4sit\u00f6\u00f6na valminud k\u00e4rulisad ja lastetarbed","publisher":{"@id":"https:\/\/sannale.ee\/#organization"},"potentialAction":[{"@type":"SearchAction","target":{"@type":"EntryPoint","urlTemplate":"https:\/\/sannale.ee\/?s={search_term_string}"},"query-input":{"@type":"PropertyValueSpecification","valueRequired":true,"valueName":"search_term_string"}}],"inLanguage":"en-US"},{"@type":"Organization","@id":"https:\/\/sannale.ee\/#organization","name":"Sannale","url":"https:\/\/sannale.ee\/","logo":{"@type":"ImageObject","inLanguage":"en-US","@id":"https:\/\/sannale.ee\/#\/schema\/logo\/image\/","url":"https:\/\/sannale.ee\/wp-content\/uploads\/2024\/02\/cropped-sannale-fb-logo-sydamega-5-tumedam-3-scaled.png","contentUrl":"https:\/\/sannale.ee\/wp-content\/uploads\/2024\/02\/cropped-sannale-fb-logo-sydamega-5-tumedam-3-scaled.png","width":5100,"height":1758,"caption":"Sannale"},"image":{"@id":"https:\/\/sannale.ee\/#\/schema\/logo\/image\/"},"sameAs":["https:\/\/www.facebook.com\/MinuSannale"]}]}},"uagb_featured_image_src":{"full":["https:\/\/sannale.ee\/wp-content\/uploads\/2021\/03\/Vankrikott-2.jpg",1080,1080,false],"thumbnail":["https:\/\/sannale.ee\/wp-content\/uploads\/2021\/03\/Vankrikott-2-150x150.jpg",150,150,true],"medium":["https:\/\/sannale.ee\/wp-content\/uploads\/2021\/03\/Vankrikott-2-300x300.jpg",300,300,true],"medium_large":["https:\/\/sannale.ee\/wp-content\/uploads\/2021\/03\/Vankrikott-2-768x768.jpg",768,768,true],"large":["https:\/\/sannale.ee\/wp-content\/uploads\/2021\/03\/Vankrikott-2-1024x1024.jpg",1024,1024,true],"1536x1536":["https:\/\/sannale.ee\/wp-content\/uploads\/2021\/03\/Vankrikott-2.jpg",1080,1080,false],"2048x2048":["https:\/\/sannale.ee\/wp-content\/uploads\/2021\/03\/Vankrikott-2.jpg",1080,1080,false],"woocommerce_thumbnail":["https:\/\/sannale.ee\/wp-content\/uploads\/2021\/03\/Vankrikott-2-300x300.jpg",300,300,true],"woocommerce_single":["https:\/\/sannale.ee\/wp-content\/uploads\/2021\/03\/Vankrikott-2-600x600.jpg",600,600,true],"woocommerce_gallery_thumbnail":["https:\/\/sannale.ee\/wp-content\/uploads\/2021\/03\/Vankrikott-2-100x100.jpg",100,100,true],"variation_swatches_image_size":["https:\/\/sannale.ee\/wp-content\/uploads\/2021\/03\/Vankrikott-2-50x50.jpg",50,50,true],"variation_swatches_tooltip_size":["https:\/\/sannale.ee\/wp-content\/uploads\/2021\/03\/Vankrikott-2-100x100.jpg",100,100,true]},"uagb_author_info":{"display_name":"meelip","author_link":"https:\/\/sannale.ee\/en\/author\/"},"uagb_comment_info":1,"uagb_excerpt":"The stroller bag makes your stroller eye-catching and allows handy storage. If you would like to choose the colour of the stroller bag by yourself, please also see the fabric selection in the product description below.","jetpack_sharing_enabled":true,"_links":{"self":[{"href":"https:\/\/sannale.ee\/en\/wp-json\/wp\/v2\/product\/43725","targetHints":{"allow":["GET"]}}],"collection":[{"href":"https:\/\/sannale.ee\/en\/wp-json\/wp\/v2\/product"}],"about":[{"href":"https:\/\/sannale.ee\/en\/wp-json\/wp\/v2\/types\/product"}],"replies":[{"embeddable":true,"href":"https:\/\/sannale.ee\/en\/wp-json\/wp\/v2\/comments?post=43725"}],"wp:featuredmedia":[{"embeddable":true,"href":"https:\/\/sannale.ee\/en\/wp-json\/wp\/v2\/media\/38154"}],"wp:attachment":[{"href":"https:\/\/sannale.ee\/en\/wp-json\/wp\/v2\/media?parent=43725"}],"wp:term":[{"taxonomy":"product_brand","embeddable":true,"href":"https:\/\/sannale.ee\/en\/wp-json\/wp\/v2\/product_brand?post=43725"},{"taxonomy":"product_cat","embeddable":true,"href":"https:\/\/sannale.ee\/en\/wp-json\/wp\/v2\/product_cat?post=43725"},{"taxonomy":"product_tag","embeddable":true,"href":"https:\/\/sannale.ee\/en\/wp-json\/wp\/v2\/product_tag?post=43725"}],"curies":[{"name":"wp","href":"https:\/\/api.w.org\/{rel}","templated":true}]}}