{"id":43712,"date":"2021-03-31T11:49:58","date_gmt":"2021-03-31T08:49:58","guid":{"rendered":"https:\/\/sannale.ee\/toode\/wheel-covers-for-trolleys\/"},"modified":"2026-04-21T13:42:21","modified_gmt":"2026-04-21T10:42:21","slug":"wheel-covers-for-trolleys","status":"publish","type":"product","link":"https:\/\/sannale.ee\/en\/toode\/wheel-covers-for-trolleys\/","title":{"rendered":"Wheel covers for stroller"},"content":{"rendered":"<h2><span style=\"font-size: 18pt;\">Wheel covers for strollers.<\/span><\/h2>\n<p> Park your stroller in the hallway but don&#8217;t enjoy the puddles forming under the wheels? Or do you take your stroller through the living room to the balcony and don&#8217;t want wheel marks to be left on the floor? Waterproof wheel covers collect dirt and water in themselves, so you can pour the debris out after it dries.   &nbsp; Where possible, we recommend that the covers are put on and taken off outside of the house. That way, all the debris stays where you want and you can spend your time doing something more pleasant than cleaning the floors.  <\/p>\n<h3>Colour<\/h3>\n<p> Wheel covers are sewn from waterproof fabric, usually black. If you would like a different colour, please contact us and let us know at sannale@sannale.ee  <\/p>\n<h4>Range of models<\/h4>\n<p> If we already know the wheel size of your stroller, you can find the right wheel covers for your stroller from the the model selection drop-down menu. See a gallery of our <a href=\"https:\/\/sannale.ee\/sannale-rattakatted\/\">wheel covers here.<\/a> If your stroller isn&#8217;t already in the model range, select <span style=\"text-decoration: underline;\"><a href=\"https:\/\/sannale.ee\/rattakatted-universaalsed\/\">Custom made covers option<\/a> <\/span>and send us your stroller&#8217;s wheel circumference. Also indicate whether you need closed or openable covers. This way we can make the wheel covers that exactly fit your stroller.    <\/p>\n<h3>Maintenance guide<\/h3>\n<p> Do not iron, hand wash with lukewarm water. Be sure to dry your wheel covers before putting them in a plastic or storage bag.  <\/p>\n<h3>Storing<\/h3>\n<p> Perfect for storage in our <a href=\"https:\/\/sannale.ee\/en\/toode\/rain-cover-storage-bag\/\"><span style=\"text-decoration: underline;\"> rain cover bag.<\/span> <\/a> https:\/\/youtube.com\/shorts\/bFfb5DPw0Pc?feature=share  &nbsp;<\/p>\n","protected":false},"excerpt":{"rendered":"<h2><span style=\"font-size: 14pt;\">Stroller wheel covers keep your home clean.<\/span><\/h2>\n<ul>\n<li><strong>they protect the floor<\/strong> when storing a stroller with muddy wheels in the room<\/li>\n<li>good to use for lifting the stroller <strong>into the car<\/strong><\/li>\n<li>made from <strong>waterproof fabric<\/strong> and keep dirt in themselves<\/li>\n<li><strong>in the exact size of <\/strong><strong> your <\/strong>stroller&#8217;s wheels. <\/li>\n<li><strong>a unique design<\/strong>, a cutting pattern created for Sannale, which can only be ordered from us and which we will handcraft <strong>just for you.<\/strong><\/li>\n<\/ul>\n<p> See a more detailed description and photo gallery of the <a href=\"https:\/\/sannale.ee\/sannale-rattakatted\/\"><strong>Models of Sannale wheel covers.<\/strong><\/a> Products in stock are dispatched within 1-2 business days. The delivery time is 1-2 weeks. <\/p>\n","protected":false},"featured_media":37343,"comment_status":"open","ping_status":"closed","template":"","meta":{"_uag_custom_page_level_css":"","site-sidebar-layout":"default","site-content-layout":"","ast-site-content-layout":"default","site-content-style":"default","site-sidebar-style":"default","ast-global-header-display":"","ast-banner-title-visibility":"","ast-main-header-display":"","ast-hfb-above-header-display":"","ast-hfb-below-header-display":"","ast-hfb-mobile-header-display":"","site-post-title":"","ast-breadcrumbs-content":"","ast-featured-img":"","footer-sml-layout":"","ast-disable-related-posts":"","theme-transparent-header-meta":"default","adv-header-id-meta":"","stick-header-meta":"","header-above-stick-meta":"","header-main-stick-meta":"","header-below-stick-meta":"","astra-migrate-meta-layouts":"default","ast-page-background-enabled":"default","ast-page-background-meta":{"desktop":{"background-color":"var(--ast-global-color-4)","background-image":"","background-repeat":"repeat","background-position":"center center","background-size":"auto","background-attachment":"scroll","background-type":"","background-media":"","overlay-type":"","overlay-color":"","overlay-opacity":"","overlay-gradient":""},"tablet":{"background-color":"","background-image":"","background-repeat":"repeat","background-position":"center center","background-size":"auto","background-attachment":"scroll","background-type":"","background-media":"","overlay-type":"","overlay-color":"","overlay-opacity":"","overlay-gradient":""},"mobile":{"background-color":"","background-image":"","background-repeat":"repeat","background-position":"center center","background-size":"auto","background-attachment":"scroll","background-type":"","background-media":"","overlay-type":"","overlay-color":"","overlay-opacity":"","overlay-gradient":""}},"ast-content-background-meta":{"desktop":{"background-color":"var(--ast-global-color-5)","background-image":"","background-repeat":"repeat","background-position":"center center","background-size":"auto","background-attachment":"scroll","background-type":"","background-media":"","overlay-type":"","overlay-color":"","overlay-opacity":"","overlay-gradient":""},"tablet":{"background-color":"var(--ast-global-color-5)","background-image":"","background-repeat":"repeat","background-position":"center center","background-size":"auto","background-attachment":"scroll","background-type":"","background-media":"","overlay-type":"","overlay-color":"","overlay-opacity":"","overlay-gradient":""},"mobile":{"background-color":"var(--ast-global-color-5)","background-image":"","background-repeat":"repeat","background-position":"center center","background-size":"auto","background-attachment":"scroll","background-type":"","background-media":"","overlay-type":"","overlay-color":"","overlay-opacity":"","overlay-gradient":""}}},"product_brand":[],"product_cat":[1247],"product_tag":[1843,1847,1845,1846,2053,1842,1844,1841],"class_list":{"0":"post-43712","1":"product","2":"type-product","3":"status-publish","4":"has-post-thumbnail","6":"product_cat-accessories-for-strollers","7":"product_tag-dust-covers","8":"product_tag-rattakatted-en","9":"product_tag-vankri-rataste-katted-en","10":"product_tag-vankri-rataste-porikatted-en","11":"product_tag-wheel-cover","12":"product_tag-dust-covers-for-wheels","13":"product_tag-dust-covers-for-trolley-wheels","14":"product_tag-rattakatted-karu-ratastele-en","15":"desktop-align-left","16":"tablet-align-left","17":"mobile-align-left","19":"first","20":"instock","21":"taxable","22":"shipping-taxable","23":"purchasable","24":"product-type-variable"},"supplier_id":null,"supplier_sku":"","barcode":null,"atum_controlled":true,"out_stock_date":null,"out_stock_threshold":null,"inheritable":true,"inbound_stock":null,"stock_on_hold":1,"sold_today":0,"sales_last_days":1,"reserved_stock":null,"customer_returns":null,"warehouse_damage":null,"lost_in_post":null,"other_logs":null,"out_stock_days":0,"lost_sales":0,"has_location":false,"update_date":"2026-04-30T03:27:18","atum_locations":[],"atum_stock_status":"instock","restock_status":false,"low_stock_amount":"","sales_update_date":"2026-04-30T03:27:18","calc_backorders":null,"yoast_head":"<!-- This site is optimized with the Yoast SEO plugin v27.5 - https:\/\/yoast.com\/product\/yoast-seo-wordpress\/ -->\n<title>Wheel covers for stroller - Sannale<\/title>\n<meta name=\"description\" content=\"Wheel covers for your stroller keep your home clean. We handcraft waterproof wheel covers in the size you wish.\" \/>\n<meta name=\"robots\" content=\"index, follow, max-snippet:-1, max-image-preview:large, max-video-preview:-1\" \/>\n<link rel=\"canonical\" href=\"https:\/\/sannale.ee\/en\/toode\/wheel-covers-for-trolleys\/\" \/>\n<meta property=\"og:locale\" content=\"en_US\" \/>\n<meta property=\"og:type\" content=\"article\" \/>\n<meta property=\"og:title\" content=\"Wheel covers for stroller - Sannale\" \/>\n<meta property=\"og:description\" content=\"Wheel covers for your stroller keep your home clean. We handcraft waterproof wheel covers in the size you wish.\" \/>\n<meta property=\"og:url\" content=\"https:\/\/sannale.ee\/en\/toode\/wheel-covers-for-trolleys\/\" \/>\n<meta property=\"og:site_name\" content=\"Sannale\" \/>\n<meta property=\"article:publisher\" content=\"https:\/\/www.facebook.com\/MinuSannale\" \/>\n<meta property=\"article:modified_time\" content=\"2026-04-21T10:42:21+00:00\" \/>\n<meta property=\"og:image\" content=\"https:\/\/sannale.ee\/wp-content\/uploads\/2021\/03\/Sannale-rattakattedkarule.jpg\" \/>\n\t<meta property=\"og:image:width\" content=\"700\" \/>\n\t<meta property=\"og:image:height\" content=\"700\" \/>\n\t<meta property=\"og:image:type\" content=\"image\/jpeg\" \/>\n<meta name=\"twitter:card\" content=\"summary_large_image\" \/>\n<meta name=\"twitter:label1\" content=\"Est. reading time\" \/>\n\t<meta name=\"twitter:data1\" content=\"2 minutes\" \/>\n<script type=\"application\/ld+json\" class=\"yoast-schema-graph\">{\"@context\":\"https:\\\/\\\/schema.org\",\"@graph\":[{\"@type\":\"WebPage\",\"@id\":\"https:\\\/\\\/sannale.ee\\\/en\\\/toode\\\/wheel-covers-for-trolleys\\\/\",\"url\":\"https:\\\/\\\/sannale.ee\\\/en\\\/toode\\\/wheel-covers-for-trolleys\\\/\",\"name\":\"Wheel covers for stroller - Sannale\",\"isPartOf\":{\"@id\":\"https:\\\/\\\/sannale.ee\\\/#website\"},\"primaryImageOfPage\":{\"@id\":\"https:\\\/\\\/sannale.ee\\\/en\\\/toode\\\/wheel-covers-for-trolleys\\\/#primaryimage\"},\"image\":{\"@id\":\"https:\\\/\\\/sannale.ee\\\/en\\\/toode\\\/wheel-covers-for-trolleys\\\/#primaryimage\"},\"thumbnailUrl\":\"https:\\\/\\\/sannale.ee\\\/wp-content\\\/uploads\\\/2021\\\/03\\\/Sannale-rattakattedkarule.jpg\",\"datePublished\":\"2021-03-31T08:49:58+00:00\",\"dateModified\":\"2026-04-21T10:42:21+00:00\",\"description\":\"Wheel covers for your stroller keep your home clean. We handcraft waterproof wheel covers in the size you wish.\",\"breadcrumb\":{\"@id\":\"https:\\\/\\\/sannale.ee\\\/en\\\/toode\\\/wheel-covers-for-trolleys\\\/#breadcrumb\"},\"inLanguage\":\"en-US\",\"potentialAction\":[{\"@type\":\"ReadAction\",\"target\":[\"https:\\\/\\\/sannale.ee\\\/en\\\/toode\\\/wheel-covers-for-trolleys\\\/\"]}]},{\"@type\":\"ImageObject\",\"inLanguage\":\"en-US\",\"@id\":\"https:\\\/\\\/sannale.ee\\\/en\\\/toode\\\/wheel-covers-for-trolleys\\\/#primaryimage\",\"url\":\"https:\\\/\\\/sannale.ee\\\/wp-content\\\/uploads\\\/2021\\\/03\\\/Sannale-rattakattedkarule.jpg\",\"contentUrl\":\"https:\\\/\\\/sannale.ee\\\/wp-content\\\/uploads\\\/2021\\\/03\\\/Sannale-rattakattedkarule.jpg\",\"width\":700,\"height\":700,\"caption\":\"Sannale wheel covers for strollers\"},{\"@type\":\"BreadcrumbList\",\"@id\":\"https:\\\/\\\/sannale.ee\\\/en\\\/toode\\\/wheel-covers-for-trolleys\\\/#breadcrumb\",\"itemListElement\":[{\"@type\":\"ListItem\",\"position\":1,\"name\":\"Home\",\"item\":\"https:\\\/\\\/sannale.ee\\\/en\\\/\"},{\"@type\":\"ListItem\",\"position\":2,\"name\":\"Shop\",\"item\":\"https:\\\/\\\/sannale.ee\\\/en\\\/shop\\\/\"},{\"@type\":\"ListItem\",\"position\":3,\"name\":\"Wheel covers for stroller\"}]},{\"@type\":\"WebSite\",\"@id\":\"https:\\\/\\\/sannale.ee\\\/#website\",\"url\":\"https:\\\/\\\/sannale.ee\\\/\",\"name\":\"Sannale\",\"description\":\"K\u00e4sit\u00f6\u00f6na valminud k\u00e4rulisad ja lastetarbed\",\"publisher\":{\"@id\":\"https:\\\/\\\/sannale.ee\\\/#organization\"},\"potentialAction\":[{\"@type\":\"SearchAction\",\"target\":{\"@type\":\"EntryPoint\",\"urlTemplate\":\"https:\\\/\\\/sannale.ee\\\/?s={search_term_string}\"},\"query-input\":{\"@type\":\"PropertyValueSpecification\",\"valueRequired\":true,\"valueName\":\"search_term_string\"}}],\"inLanguage\":\"en-US\"},{\"@type\":\"Organization\",\"@id\":\"https:\\\/\\\/sannale.ee\\\/#organization\",\"name\":\"Sannale\",\"url\":\"https:\\\/\\\/sannale.ee\\\/\",\"logo\":{\"@type\":\"ImageObject\",\"inLanguage\":\"en-US\",\"@id\":\"https:\\\/\\\/sannale.ee\\\/#\\\/schema\\\/logo\\\/image\\\/\",\"url\":\"https:\\\/\\\/sannale.ee\\\/wp-content\\\/uploads\\\/2024\\\/02\\\/cropped-sannale-fb-logo-sydamega-5-tumedam-3-scaled.png\",\"contentUrl\":\"https:\\\/\\\/sannale.ee\\\/wp-content\\\/uploads\\\/2024\\\/02\\\/cropped-sannale-fb-logo-sydamega-5-tumedam-3-scaled.png\",\"width\":5100,\"height\":1758,\"caption\":\"Sannale\"},\"image\":{\"@id\":\"https:\\\/\\\/sannale.ee\\\/#\\\/schema\\\/logo\\\/image\\\/\"},\"sameAs\":[\"https:\\\/\\\/www.facebook.com\\\/MinuSannale\"]}]}<\/script>\n<!-- \/ Yoast SEO plugin. -->","yoast_head_json":{"title":"Wheel covers for stroller - Sannale","description":"Wheel covers for your stroller keep your home clean. We handcraft waterproof wheel covers in the size you wish.","robots":{"index":"index","follow":"follow","max-snippet":"max-snippet:-1","max-image-preview":"max-image-preview:large","max-video-preview":"max-video-preview:-1"},"canonical":"https:\/\/sannale.ee\/en\/toode\/wheel-covers-for-trolleys\/","og_locale":"en_US","og_type":"article","og_title":"Wheel covers for stroller - Sannale","og_description":"Wheel covers for your stroller keep your home clean. We handcraft waterproof wheel covers in the size you wish.","og_url":"https:\/\/sannale.ee\/en\/toode\/wheel-covers-for-trolleys\/","og_site_name":"Sannale","article_publisher":"https:\/\/www.facebook.com\/MinuSannale","article_modified_time":"2026-04-21T10:42:21+00:00","og_image":[{"width":700,"height":700,"url":"https:\/\/sannale.ee\/wp-content\/uploads\/2021\/03\/Sannale-rattakattedkarule.jpg","type":"image\/jpeg"}],"twitter_card":"summary_large_image","twitter_misc":{"Est. reading time":"2 minutes"},"schema":{"@context":"https:\/\/schema.org","@graph":[{"@type":"WebPage","@id":"https:\/\/sannale.ee\/en\/toode\/wheel-covers-for-trolleys\/","url":"https:\/\/sannale.ee\/en\/toode\/wheel-covers-for-trolleys\/","name":"Wheel covers for stroller - Sannale","isPartOf":{"@id":"https:\/\/sannale.ee\/#website"},"primaryImageOfPage":{"@id":"https:\/\/sannale.ee\/en\/toode\/wheel-covers-for-trolleys\/#primaryimage"},"image":{"@id":"https:\/\/sannale.ee\/en\/toode\/wheel-covers-for-trolleys\/#primaryimage"},"thumbnailUrl":"https:\/\/sannale.ee\/wp-content\/uploads\/2021\/03\/Sannale-rattakattedkarule.jpg","datePublished":"2021-03-31T08:49:58+00:00","dateModified":"2026-04-21T10:42:21+00:00","description":"Wheel covers for your stroller keep your home clean. We handcraft waterproof wheel covers in the size you wish.","breadcrumb":{"@id":"https:\/\/sannale.ee\/en\/toode\/wheel-covers-for-trolleys\/#breadcrumb"},"inLanguage":"en-US","potentialAction":[{"@type":"ReadAction","target":["https:\/\/sannale.ee\/en\/toode\/wheel-covers-for-trolleys\/"]}]},{"@type":"ImageObject","inLanguage":"en-US","@id":"https:\/\/sannale.ee\/en\/toode\/wheel-covers-for-trolleys\/#primaryimage","url":"https:\/\/sannale.ee\/wp-content\/uploads\/2021\/03\/Sannale-rattakattedkarule.jpg","contentUrl":"https:\/\/sannale.ee\/wp-content\/uploads\/2021\/03\/Sannale-rattakattedkarule.jpg","width":700,"height":700,"caption":"Sannale wheel covers for strollers"},{"@type":"BreadcrumbList","@id":"https:\/\/sannale.ee\/en\/toode\/wheel-covers-for-trolleys\/#breadcrumb","itemListElement":[{"@type":"ListItem","position":1,"name":"Home","item":"https:\/\/sannale.ee\/en\/"},{"@type":"ListItem","position":2,"name":"Shop","item":"https:\/\/sannale.ee\/en\/shop\/"},{"@type":"ListItem","position":3,"name":"Wheel covers for stroller"}]},{"@type":"WebSite","@id":"https:\/\/sannale.ee\/#website","url":"https:\/\/sannale.ee\/","name":"Sannale","description":"K\u00e4sit\u00f6\u00f6na valminud k\u00e4rulisad ja lastetarbed","publisher":{"@id":"https:\/\/sannale.ee\/#organization"},"potentialAction":[{"@type":"SearchAction","target":{"@type":"EntryPoint","urlTemplate":"https:\/\/sannale.ee\/?s={search_term_string}"},"query-input":{"@type":"PropertyValueSpecification","valueRequired":true,"valueName":"search_term_string"}}],"inLanguage":"en-US"},{"@type":"Organization","@id":"https:\/\/sannale.ee\/#organization","name":"Sannale","url":"https:\/\/sannale.ee\/","logo":{"@type":"ImageObject","inLanguage":"en-US","@id":"https:\/\/sannale.ee\/#\/schema\/logo\/image\/","url":"https:\/\/sannale.ee\/wp-content\/uploads\/2024\/02\/cropped-sannale-fb-logo-sydamega-5-tumedam-3-scaled.png","contentUrl":"https:\/\/sannale.ee\/wp-content\/uploads\/2024\/02\/cropped-sannale-fb-logo-sydamega-5-tumedam-3-scaled.png","width":5100,"height":1758,"caption":"Sannale"},"image":{"@id":"https:\/\/sannale.ee\/#\/schema\/logo\/image\/"},"sameAs":["https:\/\/www.facebook.com\/MinuSannale"]}]}},"uagb_featured_image_src":{"full":["https:\/\/sannale.ee\/wp-content\/uploads\/2021\/03\/Sannale-rattakattedkarule.jpg",700,700,false],"thumbnail":["https:\/\/sannale.ee\/wp-content\/uploads\/2021\/03\/Sannale-rattakattedkarule-150x150.jpg",150,150,true],"medium":["https:\/\/sannale.ee\/wp-content\/uploads\/2021\/03\/Sannale-rattakattedkarule-300x300.jpg",300,300,true],"medium_large":["https:\/\/sannale.ee\/wp-content\/uploads\/2021\/03\/Sannale-rattakattedkarule.jpg",700,700,false],"large":["https:\/\/sannale.ee\/wp-content\/uploads\/2021\/03\/Sannale-rattakattedkarule.jpg",700,700,false],"1536x1536":["https:\/\/sannale.ee\/wp-content\/uploads\/2021\/03\/Sannale-rattakattedkarule.jpg",700,700,false],"2048x2048":["https:\/\/sannale.ee\/wp-content\/uploads\/2021\/03\/Sannale-rattakattedkarule.jpg",700,700,false],"woocommerce_thumbnail":["https:\/\/sannale.ee\/wp-content\/uploads\/2021\/03\/Sannale-rattakattedkarule-300x300.jpg",300,300,true],"woocommerce_single":["https:\/\/sannale.ee\/wp-content\/uploads\/2021\/03\/Sannale-rattakattedkarule-600x600.jpg",600,600,true],"woocommerce_gallery_thumbnail":["https:\/\/sannale.ee\/wp-content\/uploads\/2021\/03\/Sannale-rattakattedkarule-100x100.jpg",100,100,true],"variation_swatches_image_size":["https:\/\/sannale.ee\/wp-content\/uploads\/2021\/03\/Sannale-rattakattedkarule-50x50.jpg",50,50,true],"variation_swatches_tooltip_size":["https:\/\/sannale.ee\/wp-content\/uploads\/2021\/03\/Sannale-rattakattedkarule-100x100.jpg",100,100,true]},"uagb_author_info":{"display_name":"meelip","author_link":"https:\/\/sannale.ee\/en\/author\/"},"uagb_comment_info":7,"uagb_excerpt":"Stroller wheel covers keep your home clean. they protect the floor when storing a stroller with muddy wheels in the room good to use for lifting the stroller into the car made from waterproof fabric and keep dirt in themselves in the exact size of your stroller's wheels. a unique design, a cutting pattern created&hellip;","jetpack_sharing_enabled":true,"_links":{"self":[{"href":"https:\/\/sannale.ee\/en\/wp-json\/wp\/v2\/product\/43712","targetHints":{"allow":["GET"]}}],"collection":[{"href":"https:\/\/sannale.ee\/en\/wp-json\/wp\/v2\/product"}],"about":[{"href":"https:\/\/sannale.ee\/en\/wp-json\/wp\/v2\/types\/product"}],"replies":[{"embeddable":true,"href":"https:\/\/sannale.ee\/en\/wp-json\/wp\/v2\/comments?post=43712"}],"wp:featuredmedia":[{"embeddable":true,"href":"https:\/\/sannale.ee\/en\/wp-json\/wp\/v2\/media\/37343"}],"wp:attachment":[{"href":"https:\/\/sannale.ee\/en\/wp-json\/wp\/v2\/media?parent=43712"}],"wp:term":[{"taxonomy":"product_brand","embeddable":true,"href":"https:\/\/sannale.ee\/en\/wp-json\/wp\/v2\/product_brand?post=43712"},{"taxonomy":"product_cat","embeddable":true,"href":"https:\/\/sannale.ee\/en\/wp-json\/wp\/v2\/product_cat?post=43712"},{"taxonomy":"product_tag","embeddable":true,"href":"https:\/\/sannale.ee\/en\/wp-json\/wp\/v2\/product_tag?post=43712"}],"curies":[{"name":"wp","href":"https:\/\/api.w.org\/{rel}","templated":true}]}}