{"id":43566,"date":"2021-09-13T16:47:57","date_gmt":"2021-09-13T13:47:57","guid":{"rendered":"https:\/\/sannale.ee\/toode\/wagon-gloves\/"},"modified":"2024-09-22T10:39:08","modified_gmt":"2024-09-22T07:39:08","slug":"wagon-gloves","status":"publish","type":"product","link":"https:\/\/sannale.ee\/en\/toode\/wagon-gloves\/","title":{"rendered":"Stroller mittens"},"content":{"rendered":"<h3><span style=\"font-size: 14pt;\">The stroller mittens keep your hands nice and warm when you&#8217;re out and about.<\/span><\/h3>\n<p>&nbsp; You rush outside because your child in the stroller is calling and you forget your gloves. Afterwards, you walk for 3 hours with cold hands in the name of your child&#8217;s sleep? And yes, we&#8217;ve all done it. <strong>The stroller mittens are always attached to the stroller, <\/strong>waiting for you in all weathers. <strong>The particularly beautiful<\/strong> stroller mittens, in addition to warming your hands, also warm your heart and your view.     <\/p>\n<h4><em style=\"font-size: 1.618em;\">Customer feedback:<\/em><\/h4>\n<figure id=\"attachment_5570\" aria-describedby=\"caption-attachment-5570\" style=\"width: 507px\" class=\"wp-caption alignnone\"><img decoding=\"async\" class=\"wp-image-5570 lazyload\" data-src=\"https:\/\/sannale.ee\/wp-content\/uploads\/2021\/09\/RiiMeTex-Kangad-2-300x225.jpg\" alt=\"Stroller mittens\" width=\"507\" height=\"380\" data-srcset=\"https:\/\/sannale.ee\/wp-content\/uploads\/2021\/09\/RiiMeTex-Kangad-2-300x225.jpg 300w, https:\/\/sannale.ee\/wp-content\/uploads\/2021\/09\/RiiMeTex-Kangad-2-600x450.jpg 600w, https:\/\/sannale.ee\/wp-content\/uploads\/2021\/09\/RiiMeTex-Kangad-2-768x576.jpg 768w, https:\/\/sannale.ee\/wp-content\/uploads\/2021\/09\/RiiMeTex-Kangad-2-416x312.jpg 416w, https:\/\/sannale.ee\/wp-content\/uploads\/2021\/09\/RiiMeTex-Kangad-2.jpg 1024w\" data-sizes=\"(max-width: 507px) 100vw, 507px\" src=\"data:image\/svg+xml;base64,PHN2ZyB3aWR0aD0iMSIgaGVpZ2h0PSIxIiB4bWxucz0iaHR0cDovL3d3dy53My5vcmcvMjAwMC9zdmciPjwvc3ZnPg==\" style=\"--smush-placeholder-width: 507px; --smush-placeholder-aspect-ratio: 507\/380;\" \/><figcaption id=\"caption-attachment-5570\" class=\"wp-caption-text\">RiiMeTex Fabrics: &#8220;Very satisfied, the gloves are comfortable&#8221;<\/figcaption><\/figure>\n<p>&nbsp;<\/p>\n<figure id=\"attachment_10881\" aria-describedby=\"caption-attachment-10881\" style=\"width: 506px\" class=\"wp-caption alignnone\"><img decoding=\"async\" class=\"wp-image-10881 lazyload\" data-src=\"https:\/\/sannale.ee\/wp-content\/uploads\/2021\/09\/Sannale-vankrikindad-2-300x300.jpg\" alt=\"Sannale stroller mittens-1\" width=\"506\" height=\"506\" data-srcset=\"https:\/\/sannale.ee\/wp-content\/uploads\/2021\/09\/Sannale-vankrikindad-2-300x300.jpg 300w, https:\/\/sannale.ee\/wp-content\/uploads\/2021\/09\/Sannale-vankrikindad-2-100x100.jpg 100w, https:\/\/sannale.ee\/wp-content\/uploads\/2021\/09\/Sannale-vankrikindad-2-600x600.jpg 600w, https:\/\/sannale.ee\/wp-content\/uploads\/2021\/09\/Sannale-vankrikindad-2.jpg 1024w, https:\/\/sannale.ee\/wp-content\/uploads\/2021\/09\/Sannale-vankrikindad-2-150x150.jpg 150w, https:\/\/sannale.ee\/wp-content\/uploads\/2021\/09\/Sannale-vankrikindad-2-768x768.jpg 768w, https:\/\/sannale.ee\/wp-content\/uploads\/2021\/09\/Sannale-vankrikindad-2-50x50.jpg 50w\" data-sizes=\"(max-width: 506px) 100vw, 506px\" src=\"data:image\/svg+xml;base64,PHN2ZyB3aWR0aD0iMSIgaGVpZ2h0PSIxIiB4bWxucz0iaHR0cDovL3d3dy53My5vcmcvMjAwMC9zdmciPjwvc3ZnPg==\" style=\"--smush-placeholder-width: 506px; --smush-placeholder-aspect-ratio: 506\/506;\" \/><figcaption id=\"caption-attachment-10881\" class=\"wp-caption-text\">Kadri: &#8220;Very satisfied!&#8221;<\/figcaption><\/figure>\n<div class=\"mceTemp\"><\/div>\n","protected":false},"excerpt":{"rendered":"<h2><span style=\"font-size: 14pt;\">Stroller mittens &#8211; <strong>keep your hands warm in style! <\/strong> <\/span><\/h2>\n<p><span style=\"font-size: 12pt;\"><strong>YOU CHOOSE the fabric you want your stroller mittens from. <\/strong><\/span><\/p>\n<ul>\n<li>we sew the stroller mittens exactly from the fabric of your choice, so you get <strong>the exact look stroller mittens you want.<\/strong><\/li>\n<li>softshell gloves are<strong> windproof and water-repellent<\/strong><\/li>\n<li><strong>the soft fleece lining<\/strong> inside the stolller mittens provides warmth and is <strong>pleasant to the touch.<\/strong><\/li>\n<li>the <strong>magnetic attachments<\/strong> on the fingertips of the gloves are gentle on your stroller and <strong> won&#8217;t damage the handlebar.<\/strong><\/li>\n<li>the stroller mittens grip the handlebar by themselves, so they&#8217;re <strong>always with you.<\/strong><\/li>\n<li><strong>a unique design<\/strong>, a cutting pattern created for Sannale, which can only be ordered from us and which we will handcraft <strong>just for you.<\/strong><\/li>\n<\/ul>\n<p> Stroller mittens made from the fabric of your choice. <strong>Add the link of your chosen fabric&#8217;s to your order.<\/strong> You can choose the fabrics here:<a href=\"https:\/\/riimetex.ee\/tootekategooria\/softshell\/\">https:\/\/riimetex.ee\/tootekategooria\/softshell\/<\/a><a href=\"https:\/\/www.remps.ee\/et\/c\/softshell\">https:\/\/www.remps.ee\/et\/c\/softshell<\/a><a href=\"https:\/\/www.koojaloo.ee\/kangad\/jopekangad\">https:\/\/www.koojaloo.ee\/kangad\/jopekangad<\/a><a href=\"https:\/\/kangasemu.ee\/kategooria\/softshell\/mustriline-softshell\/\">https:\/\/kangasemu.ee\/kategooria\/softshell\/mustriline-softshell\/<\/a><a href=\"https:\/\/sunnyday.ee\/tootekategooria\/softshell\/\">https:\/\/sunnyday.ee\/tootekategooria\/softshell\/<\/a><a href=\"https:\/\/www.kangasahver.ee\/et\/c\/softshell\">https:\/\/www.kangasahver.ee\/et\/c\/softshell<\/a><a href=\"http:\/\/www.lipilapi.ee\/et\/c\/softshell\">http:\/\/www.lipilapi.ee\/et\/c\/softshell<\/a>&nbsp; Lead time 2 weeks.<\/p>\n","protected":false},"featured_media":37208,"comment_status":"open","ping_status":"closed","template":"","meta":{"_uag_custom_page_level_css":"","site-sidebar-layout":"default","site-content-layout":"","ast-site-content-layout":"default","site-content-style":"default","site-sidebar-style":"default","ast-global-header-display":"","ast-banner-title-visibility":"","ast-main-header-display":"","ast-hfb-above-header-display":"","ast-hfb-below-header-display":"","ast-hfb-mobile-header-display":"","site-post-title":"","ast-breadcrumbs-content":"","ast-featured-img":"","footer-sml-layout":"","ast-disable-related-posts":"","theme-transparent-header-meta":"default","adv-header-id-meta":"","stick-header-meta":"","header-above-stick-meta":"","header-main-stick-meta":"","header-below-stick-meta":"","astra-migrate-meta-layouts":"default","ast-page-background-enabled":"default","ast-page-background-meta":{"desktop":{"background-color":"var(--ast-global-color-4)","background-image":"","background-repeat":"repeat","background-position":"center center","background-size":"auto","background-attachment":"scroll","background-type":"","background-media":"","overlay-type":"","overlay-color":"","overlay-opacity":"","overlay-gradient":""},"tablet":{"background-color":"","background-image":"","background-repeat":"repeat","background-position":"center center","background-size":"auto","background-attachment":"scroll","background-type":"","background-media":"","overlay-type":"","overlay-color":"","overlay-opacity":"","overlay-gradient":""},"mobile":{"background-color":"","background-image":"","background-repeat":"repeat","background-position":"center center","background-size":"auto","background-attachment":"scroll","background-type":"","background-media":"","overlay-type":"","overlay-color":"","overlay-opacity":"","overlay-gradient":""}},"ast-content-background-meta":{"desktop":{"background-color":"var(--ast-global-color-5)","background-image":"","background-repeat":"repeat","background-position":"center center","background-size":"auto","background-attachment":"scroll","background-type":"","background-media":"","overlay-type":"","overlay-color":"","overlay-opacity":"","overlay-gradient":""},"tablet":{"background-color":"var(--ast-global-color-5)","background-image":"","background-repeat":"repeat","background-position":"center center","background-size":"auto","background-attachment":"scroll","background-type":"","background-media":"","overlay-type":"","overlay-color":"","overlay-opacity":"","overlay-gradient":""},"mobile":{"background-color":"var(--ast-global-color-5)","background-image":"","background-repeat":"repeat","background-position":"center center","background-size":"auto","background-attachment":"scroll","background-type":"","background-media":"","overlay-type":"","overlay-color":"","overlay-opacity":"","overlay-gradient":""}}},"product_brand":[],"product_cat":[1247],"product_tag":[1719,1723,1724,1725,1720,1721,1717,1722,1718],"class_list":{"0":"post-43566","1":"product","2":"type-product","3":"status-publish","4":"has-post-thumbnail","6":"product_cat-accessories-for-strollers","7":"product_tag-fly-boxes","8":"product_tag-karumuff-en-2","9":"product_tag-karu-kindad-en","10":"product_tag-vankri-kindad-en","11":"product_tag-vankrikindad-en","12":"product_tag-vankrikapikud-en","13":"product_tag-karukindad-en","14":"product_tag-vankrimuff-en-2","15":"product_tag-gloves-for-trolley-push-bar","16":"desktop-align-left","17":"tablet-align-left","18":"mobile-align-left","20":"first","21":"onbackorder","22":"taxable","23":"shipping-taxable","24":"purchasable","25":"product-type-simple"},"supplier_id":null,"supplier_sku":"","barcode":null,"atum_controlled":true,"out_stock_date":null,"out_stock_threshold":null,"inheritable":false,"inbound_stock":0,"stock_on_hold":0,"sold_today":0,"sales_last_days":0,"reserved_stock":0,"customer_returns":0,"warehouse_damage":0,"lost_in_post":0,"other_logs":0,"out_stock_days":0,"lost_sales":0,"has_location":false,"update_date":"2026-04-09T00:15:24","atum_locations":[],"atum_stock_status":"onbackorder","restock_status":false,"low_stock_amount":"","sales_update_date":"2026-04-09T00:15:24","calc_backorders":null,"yoast_head":"<!-- This site is optimized with the Yoast SEO plugin v27.3 - https:\/\/yoast.com\/product\/yoast-seo-wordpress\/ -->\n<title>Stroller mittens - Sannale<\/title>\n<meta name=\"description\" content=\"Stroller mittens keep your hands warm when you&#039;re out and about. We make them just for you, from fabrics of your choice.\" \/>\n<meta name=\"robots\" content=\"index, follow, max-snippet:-1, max-image-preview:large, max-video-preview:-1\" \/>\n<link rel=\"canonical\" href=\"https:\/\/sannale.ee\/en\/toode\/wagon-gloves\/\" \/>\n<meta property=\"og:locale\" content=\"en_US\" \/>\n<meta property=\"og:type\" content=\"article\" \/>\n<meta property=\"og:title\" content=\"Stroller mittens - Sannale\" \/>\n<meta property=\"og:description\" content=\"Stroller mittens keep your hands warm when you&#039;re out and about. We make them just for you, from fabrics of your choice.\" \/>\n<meta property=\"og:url\" content=\"https:\/\/sannale.ee\/en\/toode\/wagon-gloves\/\" \/>\n<meta property=\"og:site_name\" content=\"Sannale\" \/>\n<meta property=\"article:publisher\" content=\"https:\/\/www.facebook.com\/MinuSannale\" \/>\n<meta property=\"article:modified_time\" content=\"2024-09-22T07:39:08+00:00\" \/>\n<meta property=\"og:image\" content=\"https:\/\/sannale.ee\/wp-content\/uploads\/2021\/09\/karukapikud.jpg\" \/>\n\t<meta property=\"og:image:width\" content=\"576\" \/>\n\t<meta property=\"og:image:height\" content=\"576\" \/>\n\t<meta property=\"og:image:type\" content=\"image\/jpeg\" \/>\n<meta name=\"twitter:card\" content=\"summary_large_image\" \/>\n<meta name=\"twitter:label1\" content=\"Est. reading time\" \/>\n\t<meta name=\"twitter:data1\" content=\"1 minute\" \/>\n<script type=\"application\/ld+json\" class=\"yoast-schema-graph\">{\"@context\":\"https:\\\/\\\/schema.org\",\"@graph\":[{\"@type\":\"WebPage\",\"@id\":\"https:\\\/\\\/sannale.ee\\\/en\\\/toode\\\/wagon-gloves\\\/\",\"url\":\"https:\\\/\\\/sannale.ee\\\/en\\\/toode\\\/wagon-gloves\\\/\",\"name\":\"Stroller mittens - Sannale\",\"isPartOf\":{\"@id\":\"https:\\\/\\\/sannale.ee\\\/#website\"},\"primaryImageOfPage\":{\"@id\":\"https:\\\/\\\/sannale.ee\\\/en\\\/toode\\\/wagon-gloves\\\/#primaryimage\"},\"image\":{\"@id\":\"https:\\\/\\\/sannale.ee\\\/en\\\/toode\\\/wagon-gloves\\\/#primaryimage\"},\"thumbnailUrl\":\"https:\\\/\\\/sannale.ee\\\/wp-content\\\/uploads\\\/2021\\\/09\\\/karukapikud.jpg\",\"datePublished\":\"2021-09-13T13:47:57+00:00\",\"dateModified\":\"2024-09-22T07:39:08+00:00\",\"description\":\"Stroller mittens keep your hands warm when you're out and about. We make them just for you, from fabrics of your choice.\",\"breadcrumb\":{\"@id\":\"https:\\\/\\\/sannale.ee\\\/en\\\/toode\\\/wagon-gloves\\\/#breadcrumb\"},\"inLanguage\":\"en-US\",\"potentialAction\":[{\"@type\":\"ReadAction\",\"target\":[\"https:\\\/\\\/sannale.ee\\\/en\\\/toode\\\/wagon-gloves\\\/\"]}]},{\"@type\":\"ImageObject\",\"inLanguage\":\"en-US\",\"@id\":\"https:\\\/\\\/sannale.ee\\\/en\\\/toode\\\/wagon-gloves\\\/#primaryimage\",\"url\":\"https:\\\/\\\/sannale.ee\\\/wp-content\\\/uploads\\\/2021\\\/09\\\/karukapikud.jpg\",\"contentUrl\":\"https:\\\/\\\/sannale.ee\\\/wp-content\\\/uploads\\\/2021\\\/09\\\/karukapikud.jpg\",\"width\":576,\"height\":576,\"caption\":\"Wagon gloves\"},{\"@type\":\"BreadcrumbList\",\"@id\":\"https:\\\/\\\/sannale.ee\\\/en\\\/toode\\\/wagon-gloves\\\/#breadcrumb\",\"itemListElement\":[{\"@type\":\"ListItem\",\"position\":1,\"name\":\"Home\",\"item\":\"https:\\\/\\\/sannale.ee\\\/en\\\/\"},{\"@type\":\"ListItem\",\"position\":2,\"name\":\"Shop\",\"item\":\"https:\\\/\\\/sannale.ee\\\/en\\\/shop\\\/\"},{\"@type\":\"ListItem\",\"position\":3,\"name\":\"Stroller mittens\"}]},{\"@type\":\"WebSite\",\"@id\":\"https:\\\/\\\/sannale.ee\\\/#website\",\"url\":\"https:\\\/\\\/sannale.ee\\\/\",\"name\":\"Sannale\",\"description\":\"K\u00e4sit\u00f6\u00f6na valminud k\u00e4rulisad ja lastetarbed\",\"publisher\":{\"@id\":\"https:\\\/\\\/sannale.ee\\\/#organization\"},\"potentialAction\":[{\"@type\":\"SearchAction\",\"target\":{\"@type\":\"EntryPoint\",\"urlTemplate\":\"https:\\\/\\\/sannale.ee\\\/?s={search_term_string}\"},\"query-input\":{\"@type\":\"PropertyValueSpecification\",\"valueRequired\":true,\"valueName\":\"search_term_string\"}}],\"inLanguage\":\"en-US\"},{\"@type\":\"Organization\",\"@id\":\"https:\\\/\\\/sannale.ee\\\/#organization\",\"name\":\"Sannale\",\"url\":\"https:\\\/\\\/sannale.ee\\\/\",\"logo\":{\"@type\":\"ImageObject\",\"inLanguage\":\"en-US\",\"@id\":\"https:\\\/\\\/sannale.ee\\\/#\\\/schema\\\/logo\\\/image\\\/\",\"url\":\"https:\\\/\\\/sannale.ee\\\/wp-content\\\/uploads\\\/2024\\\/02\\\/cropped-sannale-fb-logo-sydamega-5-tumedam-3-scaled.png\",\"contentUrl\":\"https:\\\/\\\/sannale.ee\\\/wp-content\\\/uploads\\\/2024\\\/02\\\/cropped-sannale-fb-logo-sydamega-5-tumedam-3-scaled.png\",\"width\":5100,\"height\":1758,\"caption\":\"Sannale\"},\"image\":{\"@id\":\"https:\\\/\\\/sannale.ee\\\/#\\\/schema\\\/logo\\\/image\\\/\"},\"sameAs\":[\"https:\\\/\\\/www.facebook.com\\\/MinuSannale\"]}]}<\/script>\n<!-- \/ Yoast SEO plugin. -->","yoast_head_json":{"title":"Stroller mittens - Sannale","description":"Stroller mittens keep your hands warm when you're out and about. We make them just for you, from fabrics of your choice.","robots":{"index":"index","follow":"follow","max-snippet":"max-snippet:-1","max-image-preview":"max-image-preview:large","max-video-preview":"max-video-preview:-1"},"canonical":"https:\/\/sannale.ee\/en\/toode\/wagon-gloves\/","og_locale":"en_US","og_type":"article","og_title":"Stroller mittens - Sannale","og_description":"Stroller mittens keep your hands warm when you're out and about. We make them just for you, from fabrics of your choice.","og_url":"https:\/\/sannale.ee\/en\/toode\/wagon-gloves\/","og_site_name":"Sannale","article_publisher":"https:\/\/www.facebook.com\/MinuSannale","article_modified_time":"2024-09-22T07:39:08+00:00","og_image":[{"width":576,"height":576,"url":"https:\/\/sannale.ee\/wp-content\/uploads\/2021\/09\/karukapikud.jpg","type":"image\/jpeg"}],"twitter_card":"summary_large_image","twitter_misc":{"Est. reading time":"1 minute"},"schema":{"@context":"https:\/\/schema.org","@graph":[{"@type":"WebPage","@id":"https:\/\/sannale.ee\/en\/toode\/wagon-gloves\/","url":"https:\/\/sannale.ee\/en\/toode\/wagon-gloves\/","name":"Stroller mittens - Sannale","isPartOf":{"@id":"https:\/\/sannale.ee\/#website"},"primaryImageOfPage":{"@id":"https:\/\/sannale.ee\/en\/toode\/wagon-gloves\/#primaryimage"},"image":{"@id":"https:\/\/sannale.ee\/en\/toode\/wagon-gloves\/#primaryimage"},"thumbnailUrl":"https:\/\/sannale.ee\/wp-content\/uploads\/2021\/09\/karukapikud.jpg","datePublished":"2021-09-13T13:47:57+00:00","dateModified":"2024-09-22T07:39:08+00:00","description":"Stroller mittens keep your hands warm when you're out and about. We make them just for you, from fabrics of your choice.","breadcrumb":{"@id":"https:\/\/sannale.ee\/en\/toode\/wagon-gloves\/#breadcrumb"},"inLanguage":"en-US","potentialAction":[{"@type":"ReadAction","target":["https:\/\/sannale.ee\/en\/toode\/wagon-gloves\/"]}]},{"@type":"ImageObject","inLanguage":"en-US","@id":"https:\/\/sannale.ee\/en\/toode\/wagon-gloves\/#primaryimage","url":"https:\/\/sannale.ee\/wp-content\/uploads\/2021\/09\/karukapikud.jpg","contentUrl":"https:\/\/sannale.ee\/wp-content\/uploads\/2021\/09\/karukapikud.jpg","width":576,"height":576,"caption":"Wagon gloves"},{"@type":"BreadcrumbList","@id":"https:\/\/sannale.ee\/en\/toode\/wagon-gloves\/#breadcrumb","itemListElement":[{"@type":"ListItem","position":1,"name":"Home","item":"https:\/\/sannale.ee\/en\/"},{"@type":"ListItem","position":2,"name":"Shop","item":"https:\/\/sannale.ee\/en\/shop\/"},{"@type":"ListItem","position":3,"name":"Stroller mittens"}]},{"@type":"WebSite","@id":"https:\/\/sannale.ee\/#website","url":"https:\/\/sannale.ee\/","name":"Sannale","description":"K\u00e4sit\u00f6\u00f6na valminud k\u00e4rulisad ja lastetarbed","publisher":{"@id":"https:\/\/sannale.ee\/#organization"},"potentialAction":[{"@type":"SearchAction","target":{"@type":"EntryPoint","urlTemplate":"https:\/\/sannale.ee\/?s={search_term_string}"},"query-input":{"@type":"PropertyValueSpecification","valueRequired":true,"valueName":"search_term_string"}}],"inLanguage":"en-US"},{"@type":"Organization","@id":"https:\/\/sannale.ee\/#organization","name":"Sannale","url":"https:\/\/sannale.ee\/","logo":{"@type":"ImageObject","inLanguage":"en-US","@id":"https:\/\/sannale.ee\/#\/schema\/logo\/image\/","url":"https:\/\/sannale.ee\/wp-content\/uploads\/2024\/02\/cropped-sannale-fb-logo-sydamega-5-tumedam-3-scaled.png","contentUrl":"https:\/\/sannale.ee\/wp-content\/uploads\/2024\/02\/cropped-sannale-fb-logo-sydamega-5-tumedam-3-scaled.png","width":5100,"height":1758,"caption":"Sannale"},"image":{"@id":"https:\/\/sannale.ee\/#\/schema\/logo\/image\/"},"sameAs":["https:\/\/www.facebook.com\/MinuSannale"]}]}},"uagb_featured_image_src":{"full":["https:\/\/sannale.ee\/wp-content\/uploads\/2021\/09\/karukapikud.jpg",576,576,false],"thumbnail":["https:\/\/sannale.ee\/wp-content\/uploads\/2021\/09\/karukapikud-150x150.jpg",150,150,true],"medium":["https:\/\/sannale.ee\/wp-content\/uploads\/2021\/09\/karukapikud-300x300.jpg",300,300,true],"medium_large":["https:\/\/sannale.ee\/wp-content\/uploads\/2021\/09\/karukapikud.jpg",576,576,false],"large":["https:\/\/sannale.ee\/wp-content\/uploads\/2021\/09\/karukapikud.jpg",576,576,false],"1536x1536":["https:\/\/sannale.ee\/wp-content\/uploads\/2021\/09\/karukapikud.jpg",576,576,false],"2048x2048":["https:\/\/sannale.ee\/wp-content\/uploads\/2021\/09\/karukapikud.jpg",576,576,false],"woocommerce_thumbnail":["https:\/\/sannale.ee\/wp-content\/uploads\/2021\/09\/karukapikud-300x300.jpg",300,300,true],"woocommerce_single":["https:\/\/sannale.ee\/wp-content\/uploads\/2021\/09\/karukapikud.jpg",576,576,false],"woocommerce_gallery_thumbnail":["https:\/\/sannale.ee\/wp-content\/uploads\/2021\/09\/karukapikud-100x100.jpg",100,100,true],"variation_swatches_image_size":["https:\/\/sannale.ee\/wp-content\/uploads\/2021\/09\/karukapikud-50x50.jpg",50,50,true],"variation_swatches_tooltip_size":["https:\/\/sannale.ee\/wp-content\/uploads\/2021\/09\/karukapikud-100x100.jpg",100,100,true]},"uagb_author_info":{"display_name":"meelip","author_link":"https:\/\/sannale.ee\/en\/author\/"},"uagb_comment_info":3,"uagb_excerpt":"Stroller mittens - keep your hands warm in style! YOU CHOOSE the fabric you want your stroller mittens from. we sew the stroller mittens exactly from the fabric of your choice, so you get the exact look stroller mittens you want. softshell gloves are windproof and water-repellent the soft fleece lining inside the stolller mittens&hellip;","jetpack_sharing_enabled":true,"_links":{"self":[{"href":"https:\/\/sannale.ee\/en\/wp-json\/wp\/v2\/product\/43566","targetHints":{"allow":["GET"]}}],"collection":[{"href":"https:\/\/sannale.ee\/en\/wp-json\/wp\/v2\/product"}],"about":[{"href":"https:\/\/sannale.ee\/en\/wp-json\/wp\/v2\/types\/product"}],"replies":[{"embeddable":true,"href":"https:\/\/sannale.ee\/en\/wp-json\/wp\/v2\/comments?post=43566"}],"wp:featuredmedia":[{"embeddable":true,"href":"https:\/\/sannale.ee\/en\/wp-json\/wp\/v2\/media\/37208"}],"wp:attachment":[{"href":"https:\/\/sannale.ee\/en\/wp-json\/wp\/v2\/media?parent=43566"}],"wp:term":[{"taxonomy":"product_brand","embeddable":true,"href":"https:\/\/sannale.ee\/en\/wp-json\/wp\/v2\/product_brand?post=43566"},{"taxonomy":"product_cat","embeddable":true,"href":"https:\/\/sannale.ee\/en\/wp-json\/wp\/v2\/product_cat?post=43566"},{"taxonomy":"product_tag","embeddable":true,"href":"https:\/\/sannale.ee\/en\/wp-json\/wp\/v2\/product_tag?post=43566"}],"curies":[{"name":"wp","href":"https:\/\/api.w.org\/{rel}","templated":true}]}}