{"id":43538,"date":"2022-03-25T13:07:29","date_gmt":"2022-03-25T11:07:29","guid":{"rendered":"https:\/\/sannale.ee\/toode\/poricates\/"},"modified":"2025-12-12T11:10:18","modified_gmt":"2025-12-12T09:10:18","slug":"poricates","status":"publish","type":"product","link":"https:\/\/sannale.ee\/en\/toode\/poricates\/","title":{"rendered":"Foot rest cover"},"content":{"rendered":"<div id=\"normal-sortables\" class=\"meta-box-sortables ui-sortable\">\n<div id=\"postexcerpt\" class=\"postbox \">\n<div class=\"inside\">\n<div id=\"wp-excerpt-wrap\" class=\"wp-core-ui wp-editor-wrap tmce-active\">\n<div id=\"wp-excerpt-editor-container\" class=\"wp-editor-container\">\n<div id=\"mceu_90\" class=\"mce-tinymce mce-container mce-panel\" tabindex=\"-1\" role=\"application\">\n<div id=\"mceu_90-body\" class=\"mce-container-body mce-stack-layout\">\n<div id=\"mceu_98\" class=\"mce-statusbar mce-container mce-panel mce-stack-layout-item mce-last\" tabindex=\"-1\" role=\"group\">\n<div id=\"mceu_98-body\" class=\"mce-container-body mce-flow-layout\">\n<div id=\"mceu_99\" class=\"mce-path mce-flow-layout-item mce-first\">\n<h4><span style=\"font-size: 14pt;\">he foot rest covers are made to the exact shape of the stroller and fit perfectly. We make the cutting patterns by ourselves, they can only be ordered from us and we will handcraft the foot rest covers <strong>just for you.<\/strong> <\/span><\/h4>\n<p>&nbsp;<\/p>\n<h4>Lead time<\/h4>\n<p> Products in stock are dispatched within 1-2 business days. The lead time for backorders is 1-2 weeks. <\/p><\/div>\n<h4>Maintenance guide:<\/h4>\n<p> 100% polyester. Handwashing up to 30 degrees, bleaching and tumble drying not allowed. If necessary, iron on low heat. <\/p>\n<h4>Range of models<\/h4>\n<p> For a more detailed description and photos of the Sannale foot rest covers&#8217; models, please visit our<span style=\"text-decoration: underline;\"><a href=\"https:\/\/sannale.ee\/sannale-porikatete-mudelivalik\/\"> foot rest cover gallery.<\/a><\/span> In addition to the models you can see there, we can also make foot rest covers for all the strollers for which we already have seat cover cutting patterns: BR Indie, BR Speed, Armadillo Flip XT, BJ City Mini, BJ, City Mini GT, BJ City Mini GT Double, Balios S, Britax B Agile, Britax B Motion, Bugaboo, BR Era, BR Indie Twin, Concord Camino, Easywalker Jackey, Emmaljunga Mondial, Joie Litetrax, Joie Mytrax, MB Duet, Ora Unto, Thule Urban Glide 2, Thule UG Double, VB Snap 4 Trend and VB Snap Ultra Trend. If you would like to order a stroller foot rest cover for a stroller that is not yet available in our online shop, please send us an e-mail to sannale@sannale.ee and let us know your request.  &nbsp;<\/p>\n<\/div>\n<h4>Selection of colours<\/h4>\n<p> Would you like to have a foot rest cover made of colourful fabric? Choose your favourite fabric here and add the chosen fabric&#8217;s link to your order.  <img decoding=\"async\" class=\"size-medium wp-image-15443 lazyload\" data-src=\"https:\/\/sannale.ee\/wp-content\/uploads\/2023\/06\/Sannale-porikate-Bumbleride-Indie-ja-Speed-karule-1-300x300.jpg\" alt=\"Sannale foot rest cover for Bumbler Indie and Speed stroller-1\" width=\"300\" height=\"300\" data-srcset=\"https:\/\/sannale.ee\/wp-content\/uploads\/2023\/06\/Sannale-porikate-Bumbleride-Indie-ja-Speed-karule-1-300x300.jpg 300w, https:\/\/sannale.ee\/wp-content\/uploads\/2023\/06\/Sannale-porikate-Bumbleride-Indie-ja-Speed-karule-1-150x150.jpg 150w, https:\/\/sannale.ee\/wp-content\/uploads\/2023\/06\/Sannale-porikate-Bumbleride-Indie-ja-Speed-karule-1-768x768.jpg 768w, https:\/\/sannale.ee\/wp-content\/uploads\/2023\/06\/Sannale-porikate-Bumbleride-Indie-ja-Speed-karule-1-600x600.jpg 600w, https:\/\/sannale.ee\/wp-content\/uploads\/2023\/06\/Sannale-porikate-Bumbleride-Indie-ja-Speed-karule-1-100x100.jpg 100w, https:\/\/sannale.ee\/wp-content\/uploads\/2023\/06\/Sannale-porikate-Bumbleride-Indie-ja-Speed-karule-1-50x50.jpg 50w, https:\/\/sannale.ee\/wp-content\/uploads\/2023\/06\/Sannale-porikate-Bumbleride-Indie-ja-Speed-karule-1.jpg 1024w\" data-sizes=\"(max-width: 300px) 100vw, 300px\" src=\"data:image\/svg+xml;base64,PHN2ZyB3aWR0aD0iMSIgaGVpZ2h0PSIxIiB4bWxucz0iaHR0cDovL3d3dy53My5vcmcvMjAwMC9zdmciPjwvc3ZnPg==\" style=\"--smush-placeholder-width: 300px; --smush-placeholder-aspect-ratio: 300\/300;\" \/><\/p>\n<div class=\"woocommerce-product-details__short-description\">\n<p><a href=\"https:\/\/riimetex.ee\/tootekategooria\/uhevarvilised-kangad-plain-fabrics\/softshell\/uhevarviline-softshell-vorguga-ohuke\/\">https:\/\/riimetex.ee\/tootekategooria\/uhevarvilised-kangad-plain-fabrics\/softshell\/uhevarviline-softshell-vorguga-ohuke\/<\/a><a href=\"https:\/\/riimetex.ee\/tootekategooria\/mustrilised-kangad\/softshell-mustriline\/mustriline-softshell-vorguga-ohuke\/\">https:\/\/riimetex.ee\/tootekategooria\/mustrilised-kangad\/softshell-mustriline\/mustriline-softshell-vorguga-ohuke\/<\/a><a href=\"https:\/\/www.remps.ee\/et\/c\/softshell\">https:\/\/www.remps.ee\/et\/c\/softshell<\/a><a href=\"https:\/\/www.koojaloo.ee\/kangad\/jopekangad\">https:\/\/www.koojaloo.ee\/kangad\/jopekangad<\/a><a href=\"https:\/\/riimetex.ee\/tootekategooria\/mustrilised-kangad\/softshell-mustriline\/mustriline-softshell-fliisiga\/\">https:\/\/riimetex.ee\/tootekategooria\/mustrilised-kangad\/softshell-mustriline\/mustriline-softshell-fliisiga\/<\/a><a href=\"https:\/\/riimetex.ee\/tootekategooria\/uhevarvilised-kangad-plain-fabrics\/softshell\/uhevarviline-softshell-fliisiga\/\">https:\/\/riimetex.ee\/tootekategooria\/uhevarvilised-kangad-plain-fabrics\/softshell\/uhevarviline-softshell-fliisiga\/<\/a><a href=\"https:\/\/kangahaldjas.eu\/tootekategooria\/uleroivaste-kangad\/softshell\/\">https:\/\/kangahaldjas.eu\/tootekategooria\/uleroivaste-kangad\/softshell\/<\/a><a href=\"https:\/\/kangasemu.ee\/kategooria\/softshell\/mustriline-softshell\/\">https:\/\/kangasemu.ee\/kategooria\/softshell\/mustriline-softshell\/<\/a><a href=\"https:\/\/sunnyday.ee\/tootekategooria\/softshell\/\">https:\/\/sunnyday.ee\/tootekategooria\/softshell\/<\/a><a href=\"https:\/\/www.kangasahver.ee\/et\/c\/softshell\">https:\/\/www.kangasahver.ee\/et\/c\/softshell<\/a><a href=\"http:\/\/www.lipilapi.ee\/et\/c\/softshell\">http:\/\/www.lipilapi.ee\/et\/c\/softshell<\/a><\/p>\n<\/div>\n<p><strong>Add the selected link as a comment when ordering<\/strong> https:\/\/youtube.com\/shorts\/gYZHd2rRp7o?feature=share <\/div>\n<\/div>\n<\/div>\n<\/div>\n<\/div>\n<\/div>\n<\/div>\n<\/div>\n","protected":false},"excerpt":{"rendered":"<h1><span style=\"font-size: 14pt;\">The foot rest cover protects your stroller&#8217;s fabric and makes it <strong>easy to clean even in the muddiest of weathers!<\/strong><\/span><\/h1>\n<p> Muddy shoes no longer spoil the mood and don&#8217;t create extra work scrubbing the stroller. &nbsp; See a more detailed description<span style=\"text-decoration: underline;\"> <a href=\"https:\/\/sannale.ee\/sannale-porikatete-mudelivalik\/\"><strong>About Sannale&#8217;s foot rest covers&#8217; models<\/strong><\/a><\/span><\/p>\n","protected":false},"featured_media":38160,"comment_status":"open","ping_status":"closed","template":"","meta":{"_uag_custom_page_level_css":"","site-sidebar-layout":"default","site-content-layout":"","ast-site-content-layout":"default","site-content-style":"default","site-sidebar-style":"default","ast-global-header-display":"","ast-banner-title-visibility":"","ast-main-header-display":"","ast-hfb-above-header-display":"","ast-hfb-below-header-display":"","ast-hfb-mobile-header-display":"","site-post-title":"","ast-breadcrumbs-content":"","ast-featured-img":"","footer-sml-layout":"","ast-disable-related-posts":"","theme-transparent-header-meta":"default","adv-header-id-meta":"","stick-header-meta":"","header-above-stick-meta":"","header-main-stick-meta":"","header-below-stick-meta":"","astra-migrate-meta-layouts":"default","ast-page-background-enabled":"default","ast-page-background-meta":{"desktop":{"background-color":"var(--ast-global-color-4)","background-image":"","background-repeat":"repeat","background-position":"center center","background-size":"auto","background-attachment":"scroll","background-type":"","background-media":"","overlay-type":"","overlay-color":"","overlay-opacity":"","overlay-gradient":""},"tablet":{"background-color":"","background-image":"","background-repeat":"repeat","background-position":"center center","background-size":"auto","background-attachment":"scroll","background-type":"","background-media":"","overlay-type":"","overlay-color":"","overlay-opacity":"","overlay-gradient":""},"mobile":{"background-color":"","background-image":"","background-repeat":"repeat","background-position":"center center","background-size":"auto","background-attachment":"scroll","background-type":"","background-media":"","overlay-type":"","overlay-color":"","overlay-opacity":"","overlay-gradient":""}},"ast-content-background-meta":{"desktop":{"background-color":"var(--ast-global-color-5)","background-image":"","background-repeat":"repeat","background-position":"center center","background-size":"auto","background-attachment":"scroll","background-type":"","background-media":"","overlay-type":"","overlay-color":"","overlay-opacity":"","overlay-gradient":""},"tablet":{"background-color":"var(--ast-global-color-5)","background-image":"","background-repeat":"repeat","background-position":"center center","background-size":"auto","background-attachment":"scroll","background-type":"","background-media":"","overlay-type":"","overlay-color":"","overlay-opacity":"","overlay-gradient":""},"mobile":{"background-color":"var(--ast-global-color-5)","background-image":"","background-repeat":"repeat","background-position":"center center","background-size":"auto","background-attachment":"scroll","background-type":"","background-media":"","overlay-type":"","overlay-color":"","overlay-opacity":"","overlay-gradient":""}}},"product_brand":[],"product_cat":[1247],"product_tag":[1703,1705,1699,1695,1697,1701,1704,1706,1698,1702,1700,1696],"class_list":{"0":"post-43538","1":"product","2":"type-product","3":"status-publish","4":"has-post-thumbnail","6":"product_cat-accessories-for-strollers","7":"product_tag-era-poricates","8":"product_tag-jalatoe-kate-en","9":"product_tag-karu-porikate-en","10":"product_tag-poricates-on-the-trolley","11":"product_tag-poricic-indiele","12":"product_tag-porikate-vankrile-en","13":"product_tag-karu-jalaosa-kaitse-en","14":"product_tag-footbed","15":"product_tag-foot-section-cover","16":"product_tag-seat-cover","17":"product_tag-vankri-porikate-en","18":"product_tag-waterproof-heel","19":"pa_varv-black-en","20":"pa_varv-colored-i-choose-the-color-from-a-selection-of-fabrics-offered","21":"desktop-align-left","22":"tablet-align-left","23":"mobile-align-left","25":"first","26":"instock","27":"taxable","28":"shipping-taxable","29":"purchasable","30":"product-type-variable"},"supplier_id":null,"supplier_sku":"","barcode":null,"atum_controlled":true,"out_stock_date":null,"out_stock_threshold":null,"inheritable":true,"inbound_stock":0,"stock_on_hold":0,"sold_today":0,"sales_last_days":0,"reserved_stock":0,"customer_returns":0,"warehouse_damage":0,"lost_in_post":0,"other_logs":0,"out_stock_days":0,"lost_sales":0,"has_location":false,"update_date":"2026-04-29T03:09:29","atum_locations":[],"atum_stock_status":"instock","restock_status":false,"low_stock_amount":"","sales_update_date":"2026-04-29T03:09:29","calc_backorders":null,"yoast_head":"<!-- This site is optimized with the Yoast SEO plugin v27.5 - https:\/\/yoast.com\/product\/yoast-seo-wordpress\/ -->\n<title>Foot rest cover - Sannale<\/title>\n<meta name=\"description\" content=\"A foot rest cover makes your stroller easy to clean even in the muddiest weather! With a cutting pattern made to the exact shape of the stroller, made to order.\" \/>\n<meta name=\"robots\" content=\"index, follow, max-snippet:-1, max-image-preview:large, max-video-preview:-1\" \/>\n<link rel=\"canonical\" href=\"https:\/\/sannale.ee\/en\/toode\/poricates\/\" \/>\n<meta property=\"og:locale\" content=\"en_US\" \/>\n<meta property=\"og:type\" content=\"article\" \/>\n<meta property=\"og:title\" content=\"Foot rest cover - Sannale\" \/>\n<meta property=\"og:description\" content=\"A foot rest cover makes your stroller easy to clean even in the muddiest weather! With a cutting pattern made to the exact shape of the stroller, made to order.\" \/>\n<meta property=\"og:url\" content=\"https:\/\/sannale.ee\/en\/toode\/poricates\/\" \/>\n<meta property=\"og:site_name\" content=\"Sannale\" \/>\n<meta property=\"article:publisher\" content=\"https:\/\/www.facebook.com\/MinuSannale\" \/>\n<meta property=\"article:modified_time\" content=\"2025-12-12T09:10:18+00:00\" \/>\n<meta property=\"og:image\" content=\"https:\/\/sannale.ee\/wp-content\/uploads\/2022\/03\/Porikate.jpg\" \/>\n\t<meta property=\"og:image:width\" content=\"1080\" \/>\n\t<meta property=\"og:image:height\" content=\"1080\" \/>\n\t<meta property=\"og:image:type\" content=\"image\/jpeg\" \/>\n<meta name=\"twitter:card\" content=\"summary_large_image\" \/>\n<meta name=\"twitter:label1\" content=\"Est. reading time\" \/>\n\t<meta name=\"twitter:data1\" content=\"2 minutes\" \/>\n<script type=\"application\/ld+json\" class=\"yoast-schema-graph\">{\"@context\":\"https:\\\/\\\/schema.org\",\"@graph\":[{\"@type\":\"WebPage\",\"@id\":\"https:\\\/\\\/sannale.ee\\\/en\\\/toode\\\/poricates\\\/\",\"url\":\"https:\\\/\\\/sannale.ee\\\/en\\\/toode\\\/poricates\\\/\",\"name\":\"Foot rest cover - Sannale\",\"isPartOf\":{\"@id\":\"https:\\\/\\\/sannale.ee\\\/#website\"},\"primaryImageOfPage\":{\"@id\":\"https:\\\/\\\/sannale.ee\\\/en\\\/toode\\\/poricates\\\/#primaryimage\"},\"image\":{\"@id\":\"https:\\\/\\\/sannale.ee\\\/en\\\/toode\\\/poricates\\\/#primaryimage\"},\"thumbnailUrl\":\"https:\\\/\\\/sannale.ee\\\/wp-content\\\/uploads\\\/2022\\\/03\\\/Porikate.jpg\",\"datePublished\":\"2022-03-25T11:07:29+00:00\",\"dateModified\":\"2025-12-12T09:10:18+00:00\",\"description\":\"A foot rest cover makes your stroller easy to clean even in the muddiest weather! With a cutting pattern made to the exact shape of the stroller, made to order.\",\"breadcrumb\":{\"@id\":\"https:\\\/\\\/sannale.ee\\\/en\\\/toode\\\/poricates\\\/#breadcrumb\"},\"inLanguage\":\"en-US\",\"potentialAction\":[{\"@type\":\"ReadAction\",\"target\":[\"https:\\\/\\\/sannale.ee\\\/en\\\/toode\\\/poricates\\\/\"]}]},{\"@type\":\"ImageObject\",\"inLanguage\":\"en-US\",\"@id\":\"https:\\\/\\\/sannale.ee\\\/en\\\/toode\\\/poricates\\\/#primaryimage\",\"url\":\"https:\\\/\\\/sannale.ee\\\/wp-content\\\/uploads\\\/2022\\\/03\\\/Porikate.jpg\",\"contentUrl\":\"https:\\\/\\\/sannale.ee\\\/wp-content\\\/uploads\\\/2022\\\/03\\\/Porikate.jpg\",\"width\":1080,\"height\":1080,\"caption\":\"Foot rest cover\"},{\"@type\":\"BreadcrumbList\",\"@id\":\"https:\\\/\\\/sannale.ee\\\/en\\\/toode\\\/poricates\\\/#breadcrumb\",\"itemListElement\":[{\"@type\":\"ListItem\",\"position\":1,\"name\":\"Home\",\"item\":\"https:\\\/\\\/sannale.ee\\\/en\\\/\"},{\"@type\":\"ListItem\",\"position\":2,\"name\":\"Shop\",\"item\":\"https:\\\/\\\/sannale.ee\\\/en\\\/shop\\\/\"},{\"@type\":\"ListItem\",\"position\":3,\"name\":\"Foot rest cover\"}]},{\"@type\":\"WebSite\",\"@id\":\"https:\\\/\\\/sannale.ee\\\/#website\",\"url\":\"https:\\\/\\\/sannale.ee\\\/\",\"name\":\"Sannale\",\"description\":\"K\u00e4sit\u00f6\u00f6na valminud k\u00e4rulisad ja lastetarbed\",\"publisher\":{\"@id\":\"https:\\\/\\\/sannale.ee\\\/#organization\"},\"potentialAction\":[{\"@type\":\"SearchAction\",\"target\":{\"@type\":\"EntryPoint\",\"urlTemplate\":\"https:\\\/\\\/sannale.ee\\\/?s={search_term_string}\"},\"query-input\":{\"@type\":\"PropertyValueSpecification\",\"valueRequired\":true,\"valueName\":\"search_term_string\"}}],\"inLanguage\":\"en-US\"},{\"@type\":\"Organization\",\"@id\":\"https:\\\/\\\/sannale.ee\\\/#organization\",\"name\":\"Sannale\",\"url\":\"https:\\\/\\\/sannale.ee\\\/\",\"logo\":{\"@type\":\"ImageObject\",\"inLanguage\":\"en-US\",\"@id\":\"https:\\\/\\\/sannale.ee\\\/#\\\/schema\\\/logo\\\/image\\\/\",\"url\":\"https:\\\/\\\/sannale.ee\\\/wp-content\\\/uploads\\\/2024\\\/02\\\/cropped-sannale-fb-logo-sydamega-5-tumedam-3-scaled.png\",\"contentUrl\":\"https:\\\/\\\/sannale.ee\\\/wp-content\\\/uploads\\\/2024\\\/02\\\/cropped-sannale-fb-logo-sydamega-5-tumedam-3-scaled.png\",\"width\":5100,\"height\":1758,\"caption\":\"Sannale\"},\"image\":{\"@id\":\"https:\\\/\\\/sannale.ee\\\/#\\\/schema\\\/logo\\\/image\\\/\"},\"sameAs\":[\"https:\\\/\\\/www.facebook.com\\\/MinuSannale\"]}]}<\/script>\n<!-- \/ Yoast SEO plugin. -->","yoast_head_json":{"title":"Foot rest cover - Sannale","description":"A foot rest cover makes your stroller easy to clean even in the muddiest weather! With a cutting pattern made to the exact shape of the stroller, made to order.","robots":{"index":"index","follow":"follow","max-snippet":"max-snippet:-1","max-image-preview":"max-image-preview:large","max-video-preview":"max-video-preview:-1"},"canonical":"https:\/\/sannale.ee\/en\/toode\/poricates\/","og_locale":"en_US","og_type":"article","og_title":"Foot rest cover - Sannale","og_description":"A foot rest cover makes your stroller easy to clean even in the muddiest weather! With a cutting pattern made to the exact shape of the stroller, made to order.","og_url":"https:\/\/sannale.ee\/en\/toode\/poricates\/","og_site_name":"Sannale","article_publisher":"https:\/\/www.facebook.com\/MinuSannale","article_modified_time":"2025-12-12T09:10:18+00:00","og_image":[{"width":1080,"height":1080,"url":"https:\/\/sannale.ee\/wp-content\/uploads\/2022\/03\/Porikate.jpg","type":"image\/jpeg"}],"twitter_card":"summary_large_image","twitter_misc":{"Est. reading time":"2 minutes"},"schema":{"@context":"https:\/\/schema.org","@graph":[{"@type":"WebPage","@id":"https:\/\/sannale.ee\/en\/toode\/poricates\/","url":"https:\/\/sannale.ee\/en\/toode\/poricates\/","name":"Foot rest cover - Sannale","isPartOf":{"@id":"https:\/\/sannale.ee\/#website"},"primaryImageOfPage":{"@id":"https:\/\/sannale.ee\/en\/toode\/poricates\/#primaryimage"},"image":{"@id":"https:\/\/sannale.ee\/en\/toode\/poricates\/#primaryimage"},"thumbnailUrl":"https:\/\/sannale.ee\/wp-content\/uploads\/2022\/03\/Porikate.jpg","datePublished":"2022-03-25T11:07:29+00:00","dateModified":"2025-12-12T09:10:18+00:00","description":"A foot rest cover makes your stroller easy to clean even in the muddiest weather! With a cutting pattern made to the exact shape of the stroller, made to order.","breadcrumb":{"@id":"https:\/\/sannale.ee\/en\/toode\/poricates\/#breadcrumb"},"inLanguage":"en-US","potentialAction":[{"@type":"ReadAction","target":["https:\/\/sannale.ee\/en\/toode\/poricates\/"]}]},{"@type":"ImageObject","inLanguage":"en-US","@id":"https:\/\/sannale.ee\/en\/toode\/poricates\/#primaryimage","url":"https:\/\/sannale.ee\/wp-content\/uploads\/2022\/03\/Porikate.jpg","contentUrl":"https:\/\/sannale.ee\/wp-content\/uploads\/2022\/03\/Porikate.jpg","width":1080,"height":1080,"caption":"Foot rest cover"},{"@type":"BreadcrumbList","@id":"https:\/\/sannale.ee\/en\/toode\/poricates\/#breadcrumb","itemListElement":[{"@type":"ListItem","position":1,"name":"Home","item":"https:\/\/sannale.ee\/en\/"},{"@type":"ListItem","position":2,"name":"Shop","item":"https:\/\/sannale.ee\/en\/shop\/"},{"@type":"ListItem","position":3,"name":"Foot rest cover"}]},{"@type":"WebSite","@id":"https:\/\/sannale.ee\/#website","url":"https:\/\/sannale.ee\/","name":"Sannale","description":"K\u00e4sit\u00f6\u00f6na valminud k\u00e4rulisad ja lastetarbed","publisher":{"@id":"https:\/\/sannale.ee\/#organization"},"potentialAction":[{"@type":"SearchAction","target":{"@type":"EntryPoint","urlTemplate":"https:\/\/sannale.ee\/?s={search_term_string}"},"query-input":{"@type":"PropertyValueSpecification","valueRequired":true,"valueName":"search_term_string"}}],"inLanguage":"en-US"},{"@type":"Organization","@id":"https:\/\/sannale.ee\/#organization","name":"Sannale","url":"https:\/\/sannale.ee\/","logo":{"@type":"ImageObject","inLanguage":"en-US","@id":"https:\/\/sannale.ee\/#\/schema\/logo\/image\/","url":"https:\/\/sannale.ee\/wp-content\/uploads\/2024\/02\/cropped-sannale-fb-logo-sydamega-5-tumedam-3-scaled.png","contentUrl":"https:\/\/sannale.ee\/wp-content\/uploads\/2024\/02\/cropped-sannale-fb-logo-sydamega-5-tumedam-3-scaled.png","width":5100,"height":1758,"caption":"Sannale"},"image":{"@id":"https:\/\/sannale.ee\/#\/schema\/logo\/image\/"},"sameAs":["https:\/\/www.facebook.com\/MinuSannale"]}]}},"uagb_featured_image_src":{"full":["https:\/\/sannale.ee\/wp-content\/uploads\/2022\/03\/Porikate.jpg",1080,1080,false],"thumbnail":["https:\/\/sannale.ee\/wp-content\/uploads\/2022\/03\/Porikate-150x150.jpg",150,150,true],"medium":["https:\/\/sannale.ee\/wp-content\/uploads\/2022\/03\/Porikate-300x300.jpg",300,300,true],"medium_large":["https:\/\/sannale.ee\/wp-content\/uploads\/2022\/03\/Porikate-768x768.jpg",768,768,true],"large":["https:\/\/sannale.ee\/wp-content\/uploads\/2022\/03\/Porikate-1024x1024.jpg",1024,1024,true],"1536x1536":["https:\/\/sannale.ee\/wp-content\/uploads\/2022\/03\/Porikate.jpg",1080,1080,false],"2048x2048":["https:\/\/sannale.ee\/wp-content\/uploads\/2022\/03\/Porikate.jpg",1080,1080,false],"woocommerce_thumbnail":["https:\/\/sannale.ee\/wp-content\/uploads\/2022\/03\/Porikate-300x300.jpg",300,300,true],"woocommerce_single":["https:\/\/sannale.ee\/wp-content\/uploads\/2022\/03\/Porikate-600x600.jpg",600,600,true],"woocommerce_gallery_thumbnail":["https:\/\/sannale.ee\/wp-content\/uploads\/2022\/03\/Porikate-100x100.jpg",100,100,true],"variation_swatches_image_size":["https:\/\/sannale.ee\/wp-content\/uploads\/2022\/03\/Porikate-50x50.jpg",50,50,true],"variation_swatches_tooltip_size":["https:\/\/sannale.ee\/wp-content\/uploads\/2022\/03\/Porikate-100x100.jpg",100,100,true]},"uagb_author_info":{"display_name":"meelip","author_link":"https:\/\/sannale.ee\/en\/author\/"},"uagb_comment_info":4,"uagb_excerpt":"The foot rest cover protects your stroller's fabric and makes it easy to clean even in the muddiest of weathers! Muddy shoes no longer spoil the mood and don't create extra work scrubbing the stroller. &nbsp; See a more detailed description About Sannale's foot rest covers' models","jetpack_sharing_enabled":true,"_links":{"self":[{"href":"https:\/\/sannale.ee\/en\/wp-json\/wp\/v2\/product\/43538","targetHints":{"allow":["GET"]}}],"collection":[{"href":"https:\/\/sannale.ee\/en\/wp-json\/wp\/v2\/product"}],"about":[{"href":"https:\/\/sannale.ee\/en\/wp-json\/wp\/v2\/types\/product"}],"replies":[{"embeddable":true,"href":"https:\/\/sannale.ee\/en\/wp-json\/wp\/v2\/comments?post=43538"}],"wp:featuredmedia":[{"embeddable":true,"href":"https:\/\/sannale.ee\/en\/wp-json\/wp\/v2\/media\/38160"}],"wp:attachment":[{"href":"https:\/\/sannale.ee\/en\/wp-json\/wp\/v2\/media?parent=43538"}],"wp:term":[{"taxonomy":"product_brand","embeddable":true,"href":"https:\/\/sannale.ee\/en\/wp-json\/wp\/v2\/product_brand?post=43538"},{"taxonomy":"product_cat","embeddable":true,"href":"https:\/\/sannale.ee\/en\/wp-json\/wp\/v2\/product_cat?post=43538"},{"taxonomy":"product_tag","embeddable":true,"href":"https:\/\/sannale.ee\/en\/wp-json\/wp\/v2\/product_tag?post=43538"}],"curies":[{"name":"wp","href":"https:\/\/api.w.org\/{rel}","templated":true}]}}