{"id":43479,"date":"2023-05-30T09:29:15","date_gmt":"2023-05-30T06:29:15","guid":{"rendered":"https:\/\/sannale.ee\/toode\/backrest-lifter\/"},"modified":"2026-04-12T20:32:58","modified_gmt":"2026-04-12T17:32:58","slug":"backrest-lifter","status":"publish","type":"product","link":"https:\/\/sannale.ee\/en\/toode\/backrest-lifter\/","title":{"rendered":"Backrest adjuster"},"content":{"rendered":"<h3>The backrest adjuster helps your child feel more comfortable in a more upright position.<\/h3>\n<p> The backrest adjuster can be used to <strong>straighten out the slope<\/strong> on the stroller&#8217;s frame in an upright position. &nbsp;<\/p>\n<h4>Suitable for which strollers?<\/h4>\n<p> It must be possible to slip the strap between the stroller&#8217;s frame. You can test this by yourself with a strap or with a belt. If tying your stroller in this way makes the backrest of your stroller more upright, then our backrest adjuster will fit your stroller too. We can definitely say that it is suitable for use with the Thule UG2, <span style=\"text-decoration: underline;\"><a href=\"https:\/\/sannale.ee\/seljatoe_tostja_ug3\/\" target=\"_blank\" rel=\"noopener\">UG3<\/a><\/span>, UG2 Double and UG3 Double strollers. If you try it on another stroller model and see that it fits, let us know.     &nbsp;<\/p>\n<h4><strong>Lead time<\/strong><\/h4>\n<p> Products in stock will be dispatched within 1-2 business days. If the backrest adjuster of your chosen length is out of stock, we will quickly make more. It will take no more than 5 business days to complete.   &nbsp;<\/p>\n<h4>Installation guide<\/h4>\n<p> Fasten the backrest adjuster around the stroller frame as shown in the photo. <img decoding=\"async\" class=\"size-medium wp-image-39242 lazyload\" style=\"--smush-placeholder-width: 300px; --smush-placeholder-aspect-ratio: 300\/300;font-style: inherit; font-weight: 600;\" data-src=\"https:\/\/sannale.ee\/wp-content\/uploads\/2024\/05\/Sannale-seljatoe-tostja-loodud-kasutamiseks-koos-Thule-Urban-Glide-3-karuga-3-300x300.jpg\" alt=\"The Sannale backrest adjuster is designed for use with the Thule Urban Glide 3 stroller-4\" width=\"300\" height=\"300\" data-srcset=\"https:\/\/sannale.ee\/wp-content\/uploads\/2024\/05\/Sannale-seljatoe-tostja-loodud-kasutamiseks-koos-Thule-Urban-Glide-3-karuga-3-300x300.jpg 300w, https:\/\/sannale.ee\/wp-content\/uploads\/2024\/05\/Sannale-seljatoe-tostja-loodud-kasutamiseks-koos-Thule-Urban-Glide-3-karuga-3-150x150.jpg 150w, https:\/\/sannale.ee\/wp-content\/uploads\/2024\/05\/Sannale-seljatoe-tostja-loodud-kasutamiseks-koos-Thule-Urban-Glide-3-karuga-3-600x600.jpg 600w, https:\/\/sannale.ee\/wp-content\/uploads\/2024\/05\/Sannale-seljatoe-tostja-loodud-kasutamiseks-koos-Thule-Urban-Glide-3-karuga-3-100x100.jpg 100w, https:\/\/sannale.ee\/wp-content\/uploads\/2024\/05\/Sannale-seljatoe-tostja-loodud-kasutamiseks-koos-Thule-Urban-Glide-3-karuga-3-50x50.jpg 50w, https:\/\/sannale.ee\/wp-content\/uploads\/2024\/05\/Sannale-seljatoe-tostja-loodud-kasutamiseks-koos-Thule-Urban-Glide-3-karuga-3.jpg 700w\" data-sizes=\"(max-width: 300px) 100vw, 300px\" src=\"data:image\/svg+xml;base64,PHN2ZyB3aWR0aD0iMSIgaGVpZ2h0PSIxIiB4bWxucz0iaHR0cDovL3d3dy53My5vcmcvMjAwMC9zdmciPjwvc3ZnPg==\" \/><\/p>\n<p><strong>Put something in the pocket on the back of the stroller or between the backrest and the strap to fill it.<\/strong> A sweater is great for this. Tighten the strap. In this way, the backrest now rests not on the fabric of the stroller, but on the strap and the material in the pocket of the stroller, which makes the backrest of the stroller more upright.    <img decoding=\"async\" class=\"size-medium wp-image-39254 lazyload\" data-src=\"https:\/\/sannale.ee\/wp-content\/uploads\/2024\/05\/Sannale-seljatoe-tostja-loodud-kasutamiseks-koos-Thule-Urban-Glide-3-karuga-7-300x300.jpg\" alt=\"The Sannale backrest adjuster designed for use with the Thule Urban Glide 3 stroller-4\" width=\"300\" height=\"300\" data-srcset=\"https:\/\/sannale.ee\/wp-content\/uploads\/2024\/05\/Sannale-seljatoe-tostja-loodud-kasutamiseks-koos-Thule-Urban-Glide-3-karuga-7-300x300.jpg 300w, https:\/\/sannale.ee\/wp-content\/uploads\/2024\/05\/Sannale-seljatoe-tostja-loodud-kasutamiseks-koos-Thule-Urban-Glide-3-karuga-7-150x150.jpg 150w, https:\/\/sannale.ee\/wp-content\/uploads\/2024\/05\/Sannale-seljatoe-tostja-loodud-kasutamiseks-koos-Thule-Urban-Glide-3-karuga-7-600x600.jpg 600w, https:\/\/sannale.ee\/wp-content\/uploads\/2024\/05\/Sannale-seljatoe-tostja-loodud-kasutamiseks-koos-Thule-Urban-Glide-3-karuga-7-100x100.jpg 100w, https:\/\/sannale.ee\/wp-content\/uploads\/2024\/05\/Sannale-seljatoe-tostja-loodud-kasutamiseks-koos-Thule-Urban-Glide-3-karuga-7-50x50.jpg 50w, https:\/\/sannale.ee\/wp-content\/uploads\/2024\/05\/Sannale-seljatoe-tostja-loodud-kasutamiseks-koos-Thule-Urban-Glide-3-karuga-7.jpg 700w\" data-sizes=\"(max-width: 300px) 100vw, 300px\" src=\"data:image\/svg+xml;base64,PHN2ZyB3aWR0aD0iMSIgaGVpZ2h0PSIxIiB4bWxucz0iaHR0cDovL3d3dy53My5vcmcvMjAwMC9zdmciPjwvc3ZnPg==\" style=\"--smush-placeholder-width: 300px; --smush-placeholder-aspect-ratio: 300\/300;\" \/><\/p>\n<p>&nbsp;<\/p>\n<p>&nbsp; The length of the backrest adjuster has been made with sufficient margin to ensure that there is enough strap. If the strap is too long for your stroller, you can cut it shorter. In this case, <strong>burn the end of the strap with a flame to<\/strong> prevent the strap from splitting. You can also braid the excess ribbon between the strap instead.    &nbsp;<\/p>\n<p>&nbsp;<\/p>\n","protected":false},"excerpt":{"rendered":"<h3><strong>The backrest adjuster raises the backrest of the stroller to a more upright position<\/strong> and allows the child to look out of the stroller more comfortably.<\/h3>\n<p> A backrest adjuster with a sturdy strap <strong> and a lenght adjusting clamp<\/strong> makes using the stroller even more comfortable! &nbsp;<\/p>\n<p>&nbsp;<\/p>\n","protected":false},"featured_media":47695,"comment_status":"open","ping_status":"closed","template":"","meta":{"_uag_custom_page_level_css":"","site-sidebar-layout":"default","site-content-layout":"","ast-site-content-layout":"default","site-content-style":"default","site-sidebar-style":"default","ast-global-header-display":"","ast-banner-title-visibility":"","ast-main-header-display":"","ast-hfb-above-header-display":"","ast-hfb-below-header-display":"","ast-hfb-mobile-header-display":"","site-post-title":"","ast-breadcrumbs-content":"","ast-featured-img":"","footer-sml-layout":"","ast-disable-related-posts":"","theme-transparent-header-meta":"default","adv-header-id-meta":"","stick-header-meta":"","header-above-stick-meta":"","header-main-stick-meta":"","header-below-stick-meta":"","astra-migrate-meta-layouts":"default","ast-page-background-enabled":"default","ast-page-background-meta":{"desktop":{"background-color":"var(--ast-global-color-4)","background-image":"","background-repeat":"repeat","background-position":"center center","background-size":"auto","background-attachment":"scroll","background-type":"","background-media":"","overlay-type":"","overlay-color":"","overlay-opacity":"","overlay-gradient":""},"tablet":{"background-color":"","background-image":"","background-repeat":"repeat","background-position":"center center","background-size":"auto","background-attachment":"scroll","background-type":"","background-media":"","overlay-type":"","overlay-color":"","overlay-opacity":"","overlay-gradient":""},"mobile":{"background-color":"","background-image":"","background-repeat":"repeat","background-position":"center center","background-size":"auto","background-attachment":"scroll","background-type":"","background-media":"","overlay-type":"","overlay-color":"","overlay-opacity":"","overlay-gradient":""}},"ast-content-background-meta":{"desktop":{"background-color":"var(--ast-global-color-5)","background-image":"","background-repeat":"repeat","background-position":"center center","background-size":"auto","background-attachment":"scroll","background-type":"","background-media":"","overlay-type":"","overlay-color":"","overlay-opacity":"","overlay-gradient":""},"tablet":{"background-color":"var(--ast-global-color-5)","background-image":"","background-repeat":"repeat","background-position":"center center","background-size":"auto","background-attachment":"scroll","background-type":"","background-media":"","overlay-type":"","overlay-color":"","overlay-opacity":"","overlay-gradient":""},"mobile":{"background-color":"var(--ast-global-color-5)","background-image":"","background-repeat":"repeat","background-position":"center center","background-size":"auto","background-attachment":"scroll","background-type":"","background-media":"","overlay-type":"","overlay-color":"","overlay-opacity":"","overlay-gradient":""}}},"product_brand":[],"product_cat":[1247],"product_tag":[1648,1649,1646,1806,1647,2084],"class_list":{"0":"post-43479","1":"product","2":"type-product","3":"status-publish","4":"has-post-thumbnail","6":"product_cat-accessories-for-strollers","7":"product_tag-seljatoe-en","8":"product_tag-backrest","9":"product_tag-backrest-lifter","10":"product_tag-thle-en","11":"product_tag-urban-glide-en","12":"product_tag-urban-glide-2-en-3","13":"desktop-align-left","14":"tablet-align-left","15":"mobile-align-left","17":"first","18":"onbackorder","19":"taxable","20":"shipping-taxable","21":"purchasable","22":"product-type-variable"},"supplier_id":null,"supplier_sku":"","barcode":null,"atum_controlled":true,"out_stock_date":"2025-06-25 14:27:10","out_stock_threshold":null,"inheritable":true,"inbound_stock":0,"stock_on_hold":0,"sold_today":0,"sales_last_days":0,"reserved_stock":0,"customer_returns":0,"warehouse_damage":0,"lost_in_post":0,"other_logs":0,"out_stock_days":305,"lost_sales":0,"has_location":false,"update_date":"2026-04-28T11:56:46","atum_locations":[],"atum_stock_status":"onbackorder","restock_status":false,"low_stock_amount":"","sales_update_date":"2026-04-28T11:56:46","calc_backorders":0,"yoast_head":"<!-- This site is optimized with the Yoast SEO plugin v27.5 - https:\/\/yoast.com\/product\/yoast-seo-wordpress\/ -->\n<title>Backrest adjuster - Sannale<\/title>\n<meta name=\"description\" content=\"The backrest adjuster is a good aid for children who don&#039;t like to lie too flat in the stroller. Fasten the backrest adjuster around the stroller&#039;s frame and make your child&#039;s stay in the stroller more comfortable!\" \/>\n<meta name=\"robots\" content=\"index, follow, max-snippet:-1, max-image-preview:large, max-video-preview:-1\" \/>\n<link rel=\"canonical\" href=\"https:\/\/sannale.ee\/en\/toode\/backrest-lifter\/\" \/>\n<meta property=\"og:locale\" content=\"en_US\" \/>\n<meta property=\"og:type\" content=\"article\" \/>\n<meta property=\"og:title\" content=\"Backrest adjuster - Sannale\" \/>\n<meta property=\"og:description\" content=\"The backrest adjuster is a good aid for children who don&#039;t like to lie too flat in the stroller. Fasten the backrest adjuster around the stroller&#039;s frame and make your child&#039;s stay in the stroller more comfortable!\" \/>\n<meta property=\"og:url\" content=\"https:\/\/sannale.ee\/en\/toode\/backrest-lifter\/\" \/>\n<meta property=\"og:site_name\" content=\"Sannale\" \/>\n<meta property=\"article:publisher\" content=\"https:\/\/www.facebook.com\/MinuSannale\" \/>\n<meta property=\"article:modified_time\" content=\"2026-04-12T17:32:58+00:00\" \/>\n<meta property=\"og:image\" content=\"https:\/\/sannale.ee\/wp-content\/uploads\/2025\/01\/Selatoe-tostja-27.jpg\" \/>\n\t<meta property=\"og:image:width\" content=\"700\" \/>\n\t<meta property=\"og:image:height\" content=\"700\" \/>\n\t<meta property=\"og:image:type\" content=\"image\/jpeg\" \/>\n<meta name=\"twitter:card\" content=\"summary_large_image\" \/>\n<meta name=\"twitter:label1\" content=\"Est. reading time\" \/>\n\t<meta name=\"twitter:data1\" content=\"2 minutes\" \/>\n<script type=\"application\/ld+json\" class=\"yoast-schema-graph\">{\"@context\":\"https:\\\/\\\/schema.org\",\"@graph\":[{\"@type\":\"WebPage\",\"@id\":\"https:\\\/\\\/sannale.ee\\\/en\\\/toode\\\/backrest-lifter\\\/\",\"url\":\"https:\\\/\\\/sannale.ee\\\/en\\\/toode\\\/backrest-lifter\\\/\",\"name\":\"Backrest adjuster - Sannale\",\"isPartOf\":{\"@id\":\"https:\\\/\\\/sannale.ee\\\/#website\"},\"primaryImageOfPage\":{\"@id\":\"https:\\\/\\\/sannale.ee\\\/en\\\/toode\\\/backrest-lifter\\\/#primaryimage\"},\"image\":{\"@id\":\"https:\\\/\\\/sannale.ee\\\/en\\\/toode\\\/backrest-lifter\\\/#primaryimage\"},\"thumbnailUrl\":\"https:\\\/\\\/sannale.ee\\\/wp-content\\\/uploads\\\/2025\\\/01\\\/Selatoe-tostja-27.jpg\",\"datePublished\":\"2023-05-30T06:29:15+00:00\",\"dateModified\":\"2026-04-12T17:32:58+00:00\",\"description\":\"The backrest adjuster is a good aid for children who don't like to lie too flat in the stroller. Fasten the backrest adjuster around the stroller's frame and make your child's stay in the stroller more comfortable!\",\"breadcrumb\":{\"@id\":\"https:\\\/\\\/sannale.ee\\\/en\\\/toode\\\/backrest-lifter\\\/#breadcrumb\"},\"inLanguage\":\"en-US\",\"potentialAction\":[{\"@type\":\"ReadAction\",\"target\":[\"https:\\\/\\\/sannale.ee\\\/en\\\/toode\\\/backrest-lifter\\\/\"]}]},{\"@type\":\"ImageObject\",\"inLanguage\":\"en-US\",\"@id\":\"https:\\\/\\\/sannale.ee\\\/en\\\/toode\\\/backrest-lifter\\\/#primaryimage\",\"url\":\"https:\\\/\\\/sannale.ee\\\/wp-content\\\/uploads\\\/2025\\\/01\\\/Selatoe-tostja-27.jpg\",\"contentUrl\":\"https:\\\/\\\/sannale.ee\\\/wp-content\\\/uploads\\\/2025\\\/01\\\/Selatoe-tostja-27.jpg\",\"width\":700,\"height\":700,\"caption\":\"Seljatoe t\u00f5stja\"},{\"@type\":\"BreadcrumbList\",\"@id\":\"https:\\\/\\\/sannale.ee\\\/en\\\/toode\\\/backrest-lifter\\\/#breadcrumb\",\"itemListElement\":[{\"@type\":\"ListItem\",\"position\":1,\"name\":\"Home\",\"item\":\"https:\\\/\\\/sannale.ee\\\/en\\\/\"},{\"@type\":\"ListItem\",\"position\":2,\"name\":\"Shop\",\"item\":\"https:\\\/\\\/sannale.ee\\\/en\\\/shop\\\/\"},{\"@type\":\"ListItem\",\"position\":3,\"name\":\"Backrest adjuster\"}]},{\"@type\":\"WebSite\",\"@id\":\"https:\\\/\\\/sannale.ee\\\/#website\",\"url\":\"https:\\\/\\\/sannale.ee\\\/\",\"name\":\"Sannale\",\"description\":\"K\u00e4sit\u00f6\u00f6na valminud k\u00e4rulisad ja lastetarbed\",\"publisher\":{\"@id\":\"https:\\\/\\\/sannale.ee\\\/#organization\"},\"potentialAction\":[{\"@type\":\"SearchAction\",\"target\":{\"@type\":\"EntryPoint\",\"urlTemplate\":\"https:\\\/\\\/sannale.ee\\\/?s={search_term_string}\"},\"query-input\":{\"@type\":\"PropertyValueSpecification\",\"valueRequired\":true,\"valueName\":\"search_term_string\"}}],\"inLanguage\":\"en-US\"},{\"@type\":\"Organization\",\"@id\":\"https:\\\/\\\/sannale.ee\\\/#organization\",\"name\":\"Sannale\",\"url\":\"https:\\\/\\\/sannale.ee\\\/\",\"logo\":{\"@type\":\"ImageObject\",\"inLanguage\":\"en-US\",\"@id\":\"https:\\\/\\\/sannale.ee\\\/#\\\/schema\\\/logo\\\/image\\\/\",\"url\":\"https:\\\/\\\/sannale.ee\\\/wp-content\\\/uploads\\\/2024\\\/02\\\/cropped-sannale-fb-logo-sydamega-5-tumedam-3-scaled.png\",\"contentUrl\":\"https:\\\/\\\/sannale.ee\\\/wp-content\\\/uploads\\\/2024\\\/02\\\/cropped-sannale-fb-logo-sydamega-5-tumedam-3-scaled.png\",\"width\":5100,\"height\":1758,\"caption\":\"Sannale\"},\"image\":{\"@id\":\"https:\\\/\\\/sannale.ee\\\/#\\\/schema\\\/logo\\\/image\\\/\"},\"sameAs\":[\"https:\\\/\\\/www.facebook.com\\\/MinuSannale\"]}]}<\/script>\n<!-- \/ Yoast SEO plugin. -->","yoast_head_json":{"title":"Backrest adjuster - Sannale","description":"The backrest adjuster is a good aid for children who don't like to lie too flat in the stroller. Fasten the backrest adjuster around the stroller's frame and make your child's stay in the stroller more comfortable!","robots":{"index":"index","follow":"follow","max-snippet":"max-snippet:-1","max-image-preview":"max-image-preview:large","max-video-preview":"max-video-preview:-1"},"canonical":"https:\/\/sannale.ee\/en\/toode\/backrest-lifter\/","og_locale":"en_US","og_type":"article","og_title":"Backrest adjuster - Sannale","og_description":"The backrest adjuster is a good aid for children who don't like to lie too flat in the stroller. Fasten the backrest adjuster around the stroller's frame and make your child's stay in the stroller more comfortable!","og_url":"https:\/\/sannale.ee\/en\/toode\/backrest-lifter\/","og_site_name":"Sannale","article_publisher":"https:\/\/www.facebook.com\/MinuSannale","article_modified_time":"2026-04-12T17:32:58+00:00","og_image":[{"width":700,"height":700,"url":"https:\/\/sannale.ee\/wp-content\/uploads\/2025\/01\/Selatoe-tostja-27.jpg","type":"image\/jpeg"}],"twitter_card":"summary_large_image","twitter_misc":{"Est. reading time":"2 minutes"},"schema":{"@context":"https:\/\/schema.org","@graph":[{"@type":"WebPage","@id":"https:\/\/sannale.ee\/en\/toode\/backrest-lifter\/","url":"https:\/\/sannale.ee\/en\/toode\/backrest-lifter\/","name":"Backrest adjuster - Sannale","isPartOf":{"@id":"https:\/\/sannale.ee\/#website"},"primaryImageOfPage":{"@id":"https:\/\/sannale.ee\/en\/toode\/backrest-lifter\/#primaryimage"},"image":{"@id":"https:\/\/sannale.ee\/en\/toode\/backrest-lifter\/#primaryimage"},"thumbnailUrl":"https:\/\/sannale.ee\/wp-content\/uploads\/2025\/01\/Selatoe-tostja-27.jpg","datePublished":"2023-05-30T06:29:15+00:00","dateModified":"2026-04-12T17:32:58+00:00","description":"The backrest adjuster is a good aid for children who don't like to lie too flat in the stroller. Fasten the backrest adjuster around the stroller's frame and make your child's stay in the stroller more comfortable!","breadcrumb":{"@id":"https:\/\/sannale.ee\/en\/toode\/backrest-lifter\/#breadcrumb"},"inLanguage":"en-US","potentialAction":[{"@type":"ReadAction","target":["https:\/\/sannale.ee\/en\/toode\/backrest-lifter\/"]}]},{"@type":"ImageObject","inLanguage":"en-US","@id":"https:\/\/sannale.ee\/en\/toode\/backrest-lifter\/#primaryimage","url":"https:\/\/sannale.ee\/wp-content\/uploads\/2025\/01\/Selatoe-tostja-27.jpg","contentUrl":"https:\/\/sannale.ee\/wp-content\/uploads\/2025\/01\/Selatoe-tostja-27.jpg","width":700,"height":700,"caption":"Seljatoe t\u00f5stja"},{"@type":"BreadcrumbList","@id":"https:\/\/sannale.ee\/en\/toode\/backrest-lifter\/#breadcrumb","itemListElement":[{"@type":"ListItem","position":1,"name":"Home","item":"https:\/\/sannale.ee\/en\/"},{"@type":"ListItem","position":2,"name":"Shop","item":"https:\/\/sannale.ee\/en\/shop\/"},{"@type":"ListItem","position":3,"name":"Backrest adjuster"}]},{"@type":"WebSite","@id":"https:\/\/sannale.ee\/#website","url":"https:\/\/sannale.ee\/","name":"Sannale","description":"K\u00e4sit\u00f6\u00f6na valminud k\u00e4rulisad ja lastetarbed","publisher":{"@id":"https:\/\/sannale.ee\/#organization"},"potentialAction":[{"@type":"SearchAction","target":{"@type":"EntryPoint","urlTemplate":"https:\/\/sannale.ee\/?s={search_term_string}"},"query-input":{"@type":"PropertyValueSpecification","valueRequired":true,"valueName":"search_term_string"}}],"inLanguage":"en-US"},{"@type":"Organization","@id":"https:\/\/sannale.ee\/#organization","name":"Sannale","url":"https:\/\/sannale.ee\/","logo":{"@type":"ImageObject","inLanguage":"en-US","@id":"https:\/\/sannale.ee\/#\/schema\/logo\/image\/","url":"https:\/\/sannale.ee\/wp-content\/uploads\/2024\/02\/cropped-sannale-fb-logo-sydamega-5-tumedam-3-scaled.png","contentUrl":"https:\/\/sannale.ee\/wp-content\/uploads\/2024\/02\/cropped-sannale-fb-logo-sydamega-5-tumedam-3-scaled.png","width":5100,"height":1758,"caption":"Sannale"},"image":{"@id":"https:\/\/sannale.ee\/#\/schema\/logo\/image\/"},"sameAs":["https:\/\/www.facebook.com\/MinuSannale"]}]}},"uagb_featured_image_src":{"full":["https:\/\/sannale.ee\/wp-content\/uploads\/2025\/01\/Selatoe-tostja-27.jpg",700,700,false],"thumbnail":["https:\/\/sannale.ee\/wp-content\/uploads\/2025\/01\/Selatoe-tostja-27-150x150.jpg",150,150,true],"medium":["https:\/\/sannale.ee\/wp-content\/uploads\/2025\/01\/Selatoe-tostja-27-300x300.jpg",300,300,true],"medium_large":["https:\/\/sannale.ee\/wp-content\/uploads\/2025\/01\/Selatoe-tostja-27.jpg",700,700,false],"large":["https:\/\/sannale.ee\/wp-content\/uploads\/2025\/01\/Selatoe-tostja-27.jpg",700,700,false],"1536x1536":["https:\/\/sannale.ee\/wp-content\/uploads\/2025\/01\/Selatoe-tostja-27.jpg",700,700,false],"2048x2048":["https:\/\/sannale.ee\/wp-content\/uploads\/2025\/01\/Selatoe-tostja-27.jpg",700,700,false],"woocommerce_thumbnail":["https:\/\/sannale.ee\/wp-content\/uploads\/2025\/01\/Selatoe-tostja-27-300x300.jpg",300,300,true],"woocommerce_single":["https:\/\/sannale.ee\/wp-content\/uploads\/2025\/01\/Selatoe-tostja-27-600x600.jpg",600,600,true],"woocommerce_gallery_thumbnail":["https:\/\/sannale.ee\/wp-content\/uploads\/2025\/01\/Selatoe-tostja-27-100x100.jpg",100,100,true],"variation_swatches_image_size":["https:\/\/sannale.ee\/wp-content\/uploads\/2025\/01\/Selatoe-tostja-27-50x50.jpg",50,50,true],"variation_swatches_tooltip_size":["https:\/\/sannale.ee\/wp-content\/uploads\/2025\/01\/Selatoe-tostja-27-100x100.jpg",100,100,true]},"uagb_author_info":{"display_name":"meelip","author_link":"https:\/\/sannale.ee\/en\/author\/"},"uagb_comment_info":1,"uagb_excerpt":"The backrest adjuster raises the backrest of the stroller to a more upright position and allows the child to look out of the stroller more comfortably. A backrest adjuster with a sturdy strap and a lenght adjusting clamp makes using the stroller even more comfortable! &nbsp; &nbsp;","jetpack_sharing_enabled":true,"_links":{"self":[{"href":"https:\/\/sannale.ee\/en\/wp-json\/wp\/v2\/product\/43479","targetHints":{"allow":["GET"]}}],"collection":[{"href":"https:\/\/sannale.ee\/en\/wp-json\/wp\/v2\/product"}],"about":[{"href":"https:\/\/sannale.ee\/en\/wp-json\/wp\/v2\/types\/product"}],"replies":[{"embeddable":true,"href":"https:\/\/sannale.ee\/en\/wp-json\/wp\/v2\/comments?post=43479"}],"wp:featuredmedia":[{"embeddable":true,"href":"https:\/\/sannale.ee\/en\/wp-json\/wp\/v2\/media\/47695"}],"wp:attachment":[{"href":"https:\/\/sannale.ee\/en\/wp-json\/wp\/v2\/media?parent=43479"}],"wp:term":[{"taxonomy":"product_brand","embeddable":true,"href":"https:\/\/sannale.ee\/en\/wp-json\/wp\/v2\/product_brand?post=43479"},{"taxonomy":"product_cat","embeddable":true,"href":"https:\/\/sannale.ee\/en\/wp-json\/wp\/v2\/product_cat?post=43479"},{"taxonomy":"product_tag","embeddable":true,"href":"https:\/\/sannale.ee\/en\/wp-json\/wp\/v2\/product_tag?post=43479"}],"curies":[{"name":"wp","href":"https:\/\/api.w.org\/{rel}","templated":true}]}}