{"id":43469,"date":"2021-03-01T11:48:59","date_gmt":"2021-03-01T09:48:59","guid":{"rendered":"https:\/\/sannale.ee\/toode\/baby-jogger-city-elite-rear-flap\/"},"modified":"2026-02-02T17:05:03","modified_gmt":"2026-02-02T15:05:03","slug":"baby-jogger-city-elite-rear-flap","status":"publish","type":"product","link":"https:\/\/sannale.ee\/en\/toode\/baby-jogger-city-elite-rear-flap\/","title":{"rendered":"Baby Jogger City Elite rear flap"},"content":{"rendered":"","protected":false},"excerpt":{"rendered":"<p>The Baby Jogger City Elite rear flap makes your <strong>stroller warmer for your baby <\/strong>and <strong>makes it look more stylish.<\/strong> Enjoy walks in all seasons, safe in the knowledge that your child is protected from all weathers. &nbsp;<\/p>\n<ul>\n<li><strong> the fleece-like<\/strong> base layer of the softshell panel makes the stroller <strong>warmer<\/strong> for your child.<\/li>\n<li>both wind- and waterproof upper layer <strong>protects<\/strong>your child <strong>from wind and rain<\/strong><\/li>\n<li>carefully positioned reflector to make the stroller<strong> easy to spot in the dark<\/strong><\/li>\n<li>the <strong>stylish-looking <\/strong>flap replaces the original plastic flap that comes with the Elite, making your <strong>stroller more beautiful<\/strong>.<\/li>\n<li><strong>a unique design<\/strong>, a cutting pattern created for Sannale, which can only be ordered from us and which we will handcraft <strong>just for you.<\/strong><\/li>\n<\/ul>\n<p>&nbsp; Lead time 2-3 weeks.&nbsp; If you would like a coloured or a patterned flap, please select your preferred fabric here and add a link to your order. <a href=\"https:\/\/riimetex.ee\/tootekategooria\/softshell\/\">https:\/\/riimetex.ee\/tootekategooria\/softshell\/ <\/a><a href=\"https:\/\/www.remps.ee\/et\/c\/softshell\">https:\/\/www.remps.ee\/et\/c\/softshell<\/a> <br \/><a href=\"https:\/\/www.koojaloo.ee\/kangad\/jopekangad\">https:\/\/www.koojaloo.ee\/kangad\/jopekangad<\/a> <br \/><a href=\"https:\/\/www.kangasahver.ee\/et\/c\/softshell\">https:\/\/www.kangasahver.ee\/et\/c\/softshell<\/a><\/p>\n","protected":false},"featured_media":37205,"comment_status":"open","ping_status":"closed","template":"","meta":{"_uag_custom_page_level_css":"","site-sidebar-layout":"default","site-content-layout":"","ast-site-content-layout":"default","site-content-style":"default","site-sidebar-style":"default","ast-global-header-display":"","ast-banner-title-visibility":"","ast-main-header-display":"","ast-hfb-above-header-display":"","ast-hfb-below-header-display":"","ast-hfb-mobile-header-display":"","site-post-title":"","ast-breadcrumbs-content":"","ast-featured-img":"","footer-sml-layout":"","ast-disable-related-posts":"","theme-transparent-header-meta":"default","adv-header-id-meta":"","stick-header-meta":"","header-above-stick-meta":"","header-main-stick-meta":"","header-below-stick-meta":"","astra-migrate-meta-layouts":"default","ast-page-background-enabled":"default","ast-page-background-meta":{"desktop":{"background-color":"var(--ast-global-color-4)","background-image":"","background-repeat":"repeat","background-position":"center center","background-size":"auto","background-attachment":"scroll","background-type":"","background-media":"","overlay-type":"","overlay-color":"","overlay-opacity":"","overlay-gradient":""},"tablet":{"background-color":"","background-image":"","background-repeat":"repeat","background-position":"center center","background-size":"auto","background-attachment":"scroll","background-type":"","background-media":"","overlay-type":"","overlay-color":"","overlay-opacity":"","overlay-gradient":""},"mobile":{"background-color":"","background-image":"","background-repeat":"repeat","background-position":"center center","background-size":"auto","background-attachment":"scroll","background-type":"","background-media":"","overlay-type":"","overlay-color":"","overlay-opacity":"","overlay-gradient":""}},"ast-content-background-meta":{"desktop":{"background-color":"var(--ast-global-color-5)","background-image":"","background-repeat":"repeat","background-position":"center center","background-size":"auto","background-attachment":"scroll","background-type":"","background-media":"","overlay-type":"","overlay-color":"","overlay-opacity":"","overlay-gradient":""},"tablet":{"background-color":"var(--ast-global-color-5)","background-image":"","background-repeat":"repeat","background-position":"center center","background-size":"auto","background-attachment":"scroll","background-type":"","background-media":"","overlay-type":"","overlay-color":"","overlay-opacity":"","overlay-gradient":""},"mobile":{"background-color":"var(--ast-global-color-5)","background-image":"","background-repeat":"repeat","background-position":"center center","background-size":"auto","background-attachment":"scroll","background-type":"","background-media":"","overlay-type":"","overlay-color":"","overlay-opacity":"","overlay-gradient":""}}},"product_brand":[],"product_cat":[1247],"product_tag":[1716],"class_list":{"0":"post-43469","1":"product","2":"type-product","3":"status-publish","4":"has-post-thumbnail","6":"product_cat-accessories-for-strollers","7":"product_tag-wind-flap","8":"desktop-align-left","9":"tablet-align-left","10":"mobile-align-left","12":"first","13":"onbackorder","14":"taxable","15":"shipping-taxable","16":"purchasable","17":"product-type-variable"},"supplier_id":null,"supplier_sku":"","barcode":null,"atum_controlled":true,"out_stock_date":null,"out_stock_threshold":null,"inheritable":true,"inbound_stock":0,"stock_on_hold":0,"sold_today":0,"sales_last_days":0,"reserved_stock":0,"customer_returns":0,"warehouse_damage":0,"lost_in_post":0,"other_logs":0,"out_stock_days":0,"lost_sales":0,"has_location":false,"update_date":"2026-04-21T02:08:08","atum_locations":[],"atum_stock_status":"onbackorder","restock_status":false,"low_stock_amount":"","sales_update_date":"2026-04-21T02:08:08","calc_backorders":null,"yoast_head":"<!-- This site is optimized with the Yoast SEO plugin v27.4 - https:\/\/yoast.com\/product\/yoast-seo-wordpress\/ -->\n<title>Baby Jogger City Elite rear flap - Sannale<\/title>\n<meta name=\"description\" content=\"The Baby Jogger City Elite rear flap makes your stroller even warmer for your baby. Made to order of your chosen fabric.\" \/>\n<meta name=\"robots\" content=\"index, follow, max-snippet:-1, max-image-preview:large, max-video-preview:-1\" \/>\n<link rel=\"canonical\" href=\"https:\/\/sannale.ee\/en\/toode\/baby-jogger-city-elite-rear-flap\/\" \/>\n<meta property=\"og:locale\" content=\"en_US\" \/>\n<meta property=\"og:type\" content=\"article\" \/>\n<meta property=\"og:title\" content=\"Baby Jogger City Elite rear flap - Sannale\" \/>\n<meta property=\"og:description\" content=\"The Baby Jogger City Elite rear flap makes your stroller even warmer for your baby. Made to order of your chosen fabric.\" \/>\n<meta property=\"og:url\" content=\"https:\/\/sannale.ee\/en\/toode\/baby-jogger-city-elite-rear-flap\/\" \/>\n<meta property=\"og:site_name\" content=\"Sannale\" \/>\n<meta property=\"article:publisher\" content=\"https:\/\/www.facebook.com\/MinuSannale\" \/>\n<meta property=\"article:modified_time\" content=\"2026-02-02T15:05:03+00:00\" \/>\n<meta property=\"og:image\" content=\"https:\/\/sannale.ee\/wp-content\/uploads\/2021\/03\/sannale-Baby-Jogger-City-Elite-tagaosa-klapp.jpg\" \/>\n\t<meta property=\"og:image:width\" content=\"1024\" \/>\n\t<meta property=\"og:image:height\" content=\"1024\" \/>\n\t<meta property=\"og:image:type\" content=\"image\/jpeg\" \/>\n<meta name=\"twitter:card\" content=\"summary_large_image\" \/>\n<script type=\"application\/ld+json\" class=\"yoast-schema-graph\">{\"@context\":\"https:\\\/\\\/schema.org\",\"@graph\":[{\"@type\":\"WebPage\",\"@id\":\"https:\\\/\\\/sannale.ee\\\/en\\\/toode\\\/baby-jogger-city-elite-rear-flap\\\/\",\"url\":\"https:\\\/\\\/sannale.ee\\\/en\\\/toode\\\/baby-jogger-city-elite-rear-flap\\\/\",\"name\":\"Baby Jogger City Elite rear flap - Sannale\",\"isPartOf\":{\"@id\":\"https:\\\/\\\/sannale.ee\\\/#website\"},\"primaryImageOfPage\":{\"@id\":\"https:\\\/\\\/sannale.ee\\\/en\\\/toode\\\/baby-jogger-city-elite-rear-flap\\\/#primaryimage\"},\"image\":{\"@id\":\"https:\\\/\\\/sannale.ee\\\/en\\\/toode\\\/baby-jogger-city-elite-rear-flap\\\/#primaryimage\"},\"thumbnailUrl\":\"https:\\\/\\\/sannale.ee\\\/wp-content\\\/uploads\\\/2021\\\/03\\\/sannale-Baby-Jogger-City-Elite-tagaosa-klapp.jpg\",\"datePublished\":\"2021-03-01T09:48:59+00:00\",\"dateModified\":\"2026-02-02T15:05:03+00:00\",\"description\":\"The Baby Jogger City Elite rear flap makes your stroller even warmer for your baby. Made to order of your chosen fabric.\",\"breadcrumb\":{\"@id\":\"https:\\\/\\\/sannale.ee\\\/en\\\/toode\\\/baby-jogger-city-elite-rear-flap\\\/#breadcrumb\"},\"inLanguage\":\"en-US\",\"potentialAction\":[{\"@type\":\"ReadAction\",\"target\":[\"https:\\\/\\\/sannale.ee\\\/en\\\/toode\\\/baby-jogger-city-elite-rear-flap\\\/\"]}]},{\"@type\":\"ImageObject\",\"inLanguage\":\"en-US\",\"@id\":\"https:\\\/\\\/sannale.ee\\\/en\\\/toode\\\/baby-jogger-city-elite-rear-flap\\\/#primaryimage\",\"url\":\"https:\\\/\\\/sannale.ee\\\/wp-content\\\/uploads\\\/2021\\\/03\\\/sannale-Baby-Jogger-City-Elite-tagaosa-klapp.jpg\",\"contentUrl\":\"https:\\\/\\\/sannale.ee\\\/wp-content\\\/uploads\\\/2021\\\/03\\\/sannale-Baby-Jogger-City-Elite-tagaosa-klapp.jpg\",\"width\":1024,\"height\":1024,\"caption\":\"sannale Baby Jogger City Elite rear flap valve\"},{\"@type\":\"BreadcrumbList\",\"@id\":\"https:\\\/\\\/sannale.ee\\\/en\\\/toode\\\/baby-jogger-city-elite-rear-flap\\\/#breadcrumb\",\"itemListElement\":[{\"@type\":\"ListItem\",\"position\":1,\"name\":\"Home\",\"item\":\"https:\\\/\\\/sannale.ee\\\/en\\\/\"},{\"@type\":\"ListItem\",\"position\":2,\"name\":\"Shop\",\"item\":\"https:\\\/\\\/sannale.ee\\\/en\\\/shop\\\/\"},{\"@type\":\"ListItem\",\"position\":3,\"name\":\"Baby Jogger City Elite rear flap\"}]},{\"@type\":\"WebSite\",\"@id\":\"https:\\\/\\\/sannale.ee\\\/#website\",\"url\":\"https:\\\/\\\/sannale.ee\\\/\",\"name\":\"Sannale\",\"description\":\"K\u00e4sit\u00f6\u00f6na valminud k\u00e4rulisad ja lastetarbed\",\"publisher\":{\"@id\":\"https:\\\/\\\/sannale.ee\\\/#organization\"},\"potentialAction\":[{\"@type\":\"SearchAction\",\"target\":{\"@type\":\"EntryPoint\",\"urlTemplate\":\"https:\\\/\\\/sannale.ee\\\/?s={search_term_string}\"},\"query-input\":{\"@type\":\"PropertyValueSpecification\",\"valueRequired\":true,\"valueName\":\"search_term_string\"}}],\"inLanguage\":\"en-US\"},{\"@type\":\"Organization\",\"@id\":\"https:\\\/\\\/sannale.ee\\\/#organization\",\"name\":\"Sannale\",\"url\":\"https:\\\/\\\/sannale.ee\\\/\",\"logo\":{\"@type\":\"ImageObject\",\"inLanguage\":\"en-US\",\"@id\":\"https:\\\/\\\/sannale.ee\\\/#\\\/schema\\\/logo\\\/image\\\/\",\"url\":\"https:\\\/\\\/sannale.ee\\\/wp-content\\\/uploads\\\/2024\\\/02\\\/cropped-sannale-fb-logo-sydamega-5-tumedam-3-scaled.png\",\"contentUrl\":\"https:\\\/\\\/sannale.ee\\\/wp-content\\\/uploads\\\/2024\\\/02\\\/cropped-sannale-fb-logo-sydamega-5-tumedam-3-scaled.png\",\"width\":5100,\"height\":1758,\"caption\":\"Sannale\"},\"image\":{\"@id\":\"https:\\\/\\\/sannale.ee\\\/#\\\/schema\\\/logo\\\/image\\\/\"},\"sameAs\":[\"https:\\\/\\\/www.facebook.com\\\/MinuSannale\"]}]}<\/script>\n<!-- \/ Yoast SEO plugin. -->","yoast_head_json":{"title":"Baby Jogger City Elite rear flap - Sannale","description":"The Baby Jogger City Elite rear flap makes your stroller even warmer for your baby. Made to order of your chosen fabric.","robots":{"index":"index","follow":"follow","max-snippet":"max-snippet:-1","max-image-preview":"max-image-preview:large","max-video-preview":"max-video-preview:-1"},"canonical":"https:\/\/sannale.ee\/en\/toode\/baby-jogger-city-elite-rear-flap\/","og_locale":"en_US","og_type":"article","og_title":"Baby Jogger City Elite rear flap - Sannale","og_description":"The Baby Jogger City Elite rear flap makes your stroller even warmer for your baby. Made to order of your chosen fabric.","og_url":"https:\/\/sannale.ee\/en\/toode\/baby-jogger-city-elite-rear-flap\/","og_site_name":"Sannale","article_publisher":"https:\/\/www.facebook.com\/MinuSannale","article_modified_time":"2026-02-02T15:05:03+00:00","og_image":[{"width":1024,"height":1024,"url":"https:\/\/sannale.ee\/wp-content\/uploads\/2021\/03\/sannale-Baby-Jogger-City-Elite-tagaosa-klapp.jpg","type":"image\/jpeg"}],"twitter_card":"summary_large_image","schema":{"@context":"https:\/\/schema.org","@graph":[{"@type":"WebPage","@id":"https:\/\/sannale.ee\/en\/toode\/baby-jogger-city-elite-rear-flap\/","url":"https:\/\/sannale.ee\/en\/toode\/baby-jogger-city-elite-rear-flap\/","name":"Baby Jogger City Elite rear flap - Sannale","isPartOf":{"@id":"https:\/\/sannale.ee\/#website"},"primaryImageOfPage":{"@id":"https:\/\/sannale.ee\/en\/toode\/baby-jogger-city-elite-rear-flap\/#primaryimage"},"image":{"@id":"https:\/\/sannale.ee\/en\/toode\/baby-jogger-city-elite-rear-flap\/#primaryimage"},"thumbnailUrl":"https:\/\/sannale.ee\/wp-content\/uploads\/2021\/03\/sannale-Baby-Jogger-City-Elite-tagaosa-klapp.jpg","datePublished":"2021-03-01T09:48:59+00:00","dateModified":"2026-02-02T15:05:03+00:00","description":"The Baby Jogger City Elite rear flap makes your stroller even warmer for your baby. Made to order of your chosen fabric.","breadcrumb":{"@id":"https:\/\/sannale.ee\/en\/toode\/baby-jogger-city-elite-rear-flap\/#breadcrumb"},"inLanguage":"en-US","potentialAction":[{"@type":"ReadAction","target":["https:\/\/sannale.ee\/en\/toode\/baby-jogger-city-elite-rear-flap\/"]}]},{"@type":"ImageObject","inLanguage":"en-US","@id":"https:\/\/sannale.ee\/en\/toode\/baby-jogger-city-elite-rear-flap\/#primaryimage","url":"https:\/\/sannale.ee\/wp-content\/uploads\/2021\/03\/sannale-Baby-Jogger-City-Elite-tagaosa-klapp.jpg","contentUrl":"https:\/\/sannale.ee\/wp-content\/uploads\/2021\/03\/sannale-Baby-Jogger-City-Elite-tagaosa-klapp.jpg","width":1024,"height":1024,"caption":"sannale Baby Jogger City Elite rear flap valve"},{"@type":"BreadcrumbList","@id":"https:\/\/sannale.ee\/en\/toode\/baby-jogger-city-elite-rear-flap\/#breadcrumb","itemListElement":[{"@type":"ListItem","position":1,"name":"Home","item":"https:\/\/sannale.ee\/en\/"},{"@type":"ListItem","position":2,"name":"Shop","item":"https:\/\/sannale.ee\/en\/shop\/"},{"@type":"ListItem","position":3,"name":"Baby Jogger City Elite rear flap"}]},{"@type":"WebSite","@id":"https:\/\/sannale.ee\/#website","url":"https:\/\/sannale.ee\/","name":"Sannale","description":"K\u00e4sit\u00f6\u00f6na valminud k\u00e4rulisad ja lastetarbed","publisher":{"@id":"https:\/\/sannale.ee\/#organization"},"potentialAction":[{"@type":"SearchAction","target":{"@type":"EntryPoint","urlTemplate":"https:\/\/sannale.ee\/?s={search_term_string}"},"query-input":{"@type":"PropertyValueSpecification","valueRequired":true,"valueName":"search_term_string"}}],"inLanguage":"en-US"},{"@type":"Organization","@id":"https:\/\/sannale.ee\/#organization","name":"Sannale","url":"https:\/\/sannale.ee\/","logo":{"@type":"ImageObject","inLanguage":"en-US","@id":"https:\/\/sannale.ee\/#\/schema\/logo\/image\/","url":"https:\/\/sannale.ee\/wp-content\/uploads\/2024\/02\/cropped-sannale-fb-logo-sydamega-5-tumedam-3-scaled.png","contentUrl":"https:\/\/sannale.ee\/wp-content\/uploads\/2024\/02\/cropped-sannale-fb-logo-sydamega-5-tumedam-3-scaled.png","width":5100,"height":1758,"caption":"Sannale"},"image":{"@id":"https:\/\/sannale.ee\/#\/schema\/logo\/image\/"},"sameAs":["https:\/\/www.facebook.com\/MinuSannale"]}]}},"uagb_featured_image_src":{"full":["https:\/\/sannale.ee\/wp-content\/uploads\/2021\/03\/sannale-Baby-Jogger-City-Elite-tagaosa-klapp.jpg",1024,1024,false],"thumbnail":["https:\/\/sannale.ee\/wp-content\/uploads\/2021\/03\/sannale-Baby-Jogger-City-Elite-tagaosa-klapp-150x150.jpg",150,150,true],"medium":["https:\/\/sannale.ee\/wp-content\/uploads\/2021\/03\/sannale-Baby-Jogger-City-Elite-tagaosa-klapp-300x300.jpg",300,300,true],"medium_large":["https:\/\/sannale.ee\/wp-content\/uploads\/2021\/03\/sannale-Baby-Jogger-City-Elite-tagaosa-klapp-768x768.jpg",768,768,true],"large":["https:\/\/sannale.ee\/wp-content\/uploads\/2021\/03\/sannale-Baby-Jogger-City-Elite-tagaosa-klapp.jpg",1024,1024,false],"1536x1536":["https:\/\/sannale.ee\/wp-content\/uploads\/2021\/03\/sannale-Baby-Jogger-City-Elite-tagaosa-klapp.jpg",1024,1024,false],"2048x2048":["https:\/\/sannale.ee\/wp-content\/uploads\/2021\/03\/sannale-Baby-Jogger-City-Elite-tagaosa-klapp.jpg",1024,1024,false],"woocommerce_thumbnail":["https:\/\/sannale.ee\/wp-content\/uploads\/2021\/03\/sannale-Baby-Jogger-City-Elite-tagaosa-klapp-300x300.jpg",300,300,true],"woocommerce_single":["https:\/\/sannale.ee\/wp-content\/uploads\/2021\/03\/sannale-Baby-Jogger-City-Elite-tagaosa-klapp-600x600.jpg",600,600,true],"woocommerce_gallery_thumbnail":["https:\/\/sannale.ee\/wp-content\/uploads\/2021\/03\/sannale-Baby-Jogger-City-Elite-tagaosa-klapp-100x100.jpg",100,100,true],"variation_swatches_image_size":["https:\/\/sannale.ee\/wp-content\/uploads\/2021\/03\/sannale-Baby-Jogger-City-Elite-tagaosa-klapp-50x50.jpg",50,50,true],"variation_swatches_tooltip_size":["https:\/\/sannale.ee\/wp-content\/uploads\/2021\/03\/sannale-Baby-Jogger-City-Elite-tagaosa-klapp-100x100.jpg",100,100,true]},"uagb_author_info":{"display_name":"meelip","author_link":"https:\/\/sannale.ee\/en\/author\/"},"uagb_comment_info":2,"uagb_excerpt":"The Baby Jogger City Elite rear flap makes your stroller warmer for your baby and makes it look more stylish. Enjoy walks in all seasons, safe in the knowledge that your child is protected from all weathers. &nbsp; the fleece-like base layer of the softshell panel makes the stroller warmer for your child. both wind-&hellip;","jetpack_sharing_enabled":true,"_links":{"self":[{"href":"https:\/\/sannale.ee\/en\/wp-json\/wp\/v2\/product\/43469","targetHints":{"allow":["GET"]}}],"collection":[{"href":"https:\/\/sannale.ee\/en\/wp-json\/wp\/v2\/product"}],"about":[{"href":"https:\/\/sannale.ee\/en\/wp-json\/wp\/v2\/types\/product"}],"replies":[{"embeddable":true,"href":"https:\/\/sannale.ee\/en\/wp-json\/wp\/v2\/comments?post=43469"}],"wp:featuredmedia":[{"embeddable":true,"href":"https:\/\/sannale.ee\/en\/wp-json\/wp\/v2\/media\/37205"}],"wp:attachment":[{"href":"https:\/\/sannale.ee\/en\/wp-json\/wp\/v2\/media?parent=43469"}],"wp:term":[{"taxonomy":"product_brand","embeddable":true,"href":"https:\/\/sannale.ee\/en\/wp-json\/wp\/v2\/product_brand?post=43469"},{"taxonomy":"product_cat","embeddable":true,"href":"https:\/\/sannale.ee\/en\/wp-json\/wp\/v2\/product_cat?post=43469"},{"taxonomy":"product_tag","embeddable":true,"href":"https:\/\/sannale.ee\/en\/wp-json\/wp\/v2\/product_tag?post=43469"}],"curies":[{"name":"wp","href":"https:\/\/api.w.org\/{rel}","templated":true}]}}