{"id":43300,"date":"2021-09-02T15:22:13","date_gmt":"2021-09-02T12:22:13","guid":{"rendered":"https:\/\/sannale.ee\/toode\/safety-bar-cover\/"},"modified":"2024-12-19T14:16:00","modified_gmt":"2024-12-19T12:16:00","slug":"safety-bar-cover","status":"publish","type":"product","link":"https:\/\/sannale.ee\/en\/toode\/safety-bar-cover\/","title":{"rendered":"Safety bar cover"},"content":{"rendered":"<h3>We will sew the safety bar cover to exctly fit your stroller!<\/h3>\n<ul>\n<li>the <strong>faux leather<\/strong> safety bar cover is <strong>weatherproof<\/strong><\/li>\n<li>the cover <strong>protects the<\/strong> safety bar and makes it <strong>durable<\/strong><\/li>\n<li>the faux leather safety bar cover is <strong>easy to clean,<\/strong> simply by wiping with a dampened cloth<\/li>\n<li>leather-covered safety bar gives the stroller <b> a distinctive and stylish look<\/b><\/li>\n<li><strong>Made<\/strong> <strong>by hand<\/strong> just for you<\/li>\n<\/ul>\n&#13;\n<h2 class=\"wp-block-heading\">Choice of colours<\/h2>&#13;\n&#13;\n<p>When ordering a safety bar cover, please add one of the faux leather options to the <strong>shopping cart<\/strong>. That way we know what colour to make the product.<\/p>&#13;\n<ul>&#13;\n<li><strong>punutava<\/strong> katte mudeli puhul tee valik <span style=\"text-decoration: underline;\"><a href=\"https:\/\/sannale.ee\/tootekategooria\/karude-lisavarustus\/materjalid\/kunstnahk\/kunstnahk-veniv\/\" target=\"_blank\" rel=\"noopener\">venivate kunstnahkade seast<\/a><\/span><\/li>&#13;\n<li><strong>lukuga<\/strong> katte puhul on valikus<a href=\"https:\/\/sannale.ee\/tootekategooria\/materjalid-valik\/kunstnahk-materjalid-valik\/kunstnahk-lukuga-turvakaare-kattele\/\" target=\"_blank\" rel=\"noopener\"><span style=\"text-decoration: underline;\"> k\u00f5ik kunstnahad.<\/span><\/a><\/li>&#13;\n<\/ul>&#13;\n<p>Would you prefer a safety bar cover <strong>made of softshell<\/strong> instead? Send us an email and we&#8217;ll show you the selection colours! <\/p>&#13;\n<p>\u00a0<\/p>&#13;\n<p><span style=\"text-decoration: underline;\"><a href=\"https:\/\/sannale.ee\/kunstnahast-lukkesanga-ja-turvakaare-katted\/\" target=\"_blank\" rel=\"noopener\"><\/a><a href=\"https:\/\/sannale.ee\/kunstnahast-lukkesanga-ja-turvakaare-katted\/\">Click HERE to see photos of the different safety bar covers we&#8217;ve crafted in the past in different leather variants.<\/a><\/span><\/p>&#13;\n<p><img decoding=\"async\" class=\"size-medium wp-image-12602 lazyload\" data-src=\"https:\/\/sannale.ee\/wp-content\/uploads\/2022\/12\/IMGP5780-4-300x200.jpg\" alt=\"Sannale safety bar covers-1-2\" width=\"300\" height=\"200\" data-srcset=\"https:\/\/sannale.ee\/wp-content\/uploads\/2022\/12\/IMGP5780-4-300x200.jpg 300w, https:\/\/sannale.ee\/wp-content\/uploads\/2022\/12\/IMGP5780-4-600x399.jpg 600w, https:\/\/sannale.ee\/wp-content\/uploads\/2022\/12\/IMGP5780-4-768x511.jpg 768w, https:\/\/sannale.ee\/wp-content\/uploads\/2022\/12\/IMGP5780-4.jpg 1024w\" data-sizes=\"(max-width: 300px) 100vw, 300px\" src=\"data:image\/svg+xml;base64,PHN2ZyB3aWR0aD0iMSIgaGVpZ2h0PSIxIiB4bWxucz0iaHR0cDovL3d3dy53My5vcmcvMjAwMC9zdmciPjwvc3ZnPg==\" style=\"--smush-placeholder-width: 300px; --smush-placeholder-aspect-ratio: 300\/200;\" \/><\/p>&#13;\n<h3>Zippered or braidale?<\/h3>\n<p><strong>Braidable safety bar covers <\/strong>can be made for all stroller models. We make them exactly to the stroller&#8217;s safety bar measurements. When ordering a safety bar cover we will send you <span style=\"text-decoration: underline;\"><a href=\"https:\/\/sannale.ee\/mootmisjuhendid\/lukkesanga-ja-turvakaare-katete-mootmisjuhend\/\" target=\"_blank\" rel=\"noopener\">the measurement guide<\/a><\/span>We will draw the cutting pattern and sew the covers to fit your stroller exactly!  <\/p>\n<p>You can braid the covers on by yourself at home and don&#8217;t need to transport your stroller to us. Detailed<a href=\"https:\/\/sannale.ee\/sannale-punutavad-lukkesanga-ja-turvakaare-katted\/\" target=\"_blank\" rel=\"noopener\"><span style=\"text-decoration: underline;\"> installation instructions<\/span><\/a>, braiding cord and needle are included in the kit. <\/p>\n<p>&nbsp;<\/p>\n<p>We only offer <strong>models with zippers<\/strong> for strollers for which we already have a safety bar cutting pattern. However, if you would like a zippered safety bar cover for a stroller that doesn&#8217;t yet have it in the model range, please contact us at sannale@sannale.ee or send us a message to <a href=\"https:\/\/www.facebook.com\/MinuSannale\" target=\"_blank\" rel=\"noopener\">FB:MySanna<\/a> and we will see if we can create a cutting pattern for your stroller&#8217;s safety bar cover. <\/p>\n&#13;\n<h2 class=\"wp-block-heading\">Maintenance guide<\/h2>&#13;\n&#13;\n<p>Clean by wiping with a dampened cloth or with soap and water.<\/p>&#13;\n&#13;\n<p><em>NB! Do not use disinfectants containing alcohol. They will cause the faux leather to crumble. <\/em><\/p>&#13;\n<p><iframe title=\"Nii lihtne ongi kunstahast k\u00e4rulisade puhastamine\" width=\"500\" height=\"375\" data-src=\"https:\/\/www.youtube.com\/embed\/QR09kNuCwaE?feature=oembed\" frameborder=\"0\" allow=\"accelerometer; autoplay; clipboard-write; encrypted-media; gyroscope; picture-in-picture; web-share\" referrerpolicy=\"strict-origin-when-cross-origin\" allowfullscreen src=\"data:image\/svg+xml;base64,PHN2ZyB3aWR0aD0iMSIgaGVpZ2h0PSIxIiB4bWxucz0iaHR0cDovL3d3dy53My5vcmcvMjAwMC9zdmciPjwvc3ZnPg==\" class=\"lazyload\" data-load-mode=\"1\"><\/iframe><\/p>&#13;\n<h3>Kits<\/h3>\n<p>Would you like all your stroller accessories to match?<\/p>\n<p>Order other products with the same material as the safety bar cover <em>for an extra luxurious set!<\/em><\/p>\n<ul>\n<li><a href=\"\/?product_cat=lukkesanga-kate\" target=\"_blank\" rel=\"noopener\"><a href=\"\/?product_cat=lukkesanga-kate\">the cover of the safety bar <\/a><\/a><\/li>\n<li>waterproof heel part of the <a href=\"https:\/\/sannale.ee\/?s=k%C3%A4rupehmendus&amp;post_type=product\" target=\"_blank\" rel=\"noopener\">stroller seat liner<\/a><\/li>\n<li><a href=\"https:\/\/sannale.ee\/en\/toode\/strap-cushions\/\" target=\"_blank\" rel=\"noopener\"><a href=\"https:\/\/sannale.ee\/en\/toode\/strap-cushions\/\">shoulder pads<\/a><\/a><\/li>\n<li><a href=\"https:\/\/sannale.ee\/en\/toode\/rain-cover-storage-bag\/\" target=\"_blank\" rel=\"noopener\"><a href=\"https:\/\/sannale.ee\/en\/toode\/rain-cover-storage-bag\/\">rain cover bag<\/a><\/a><\/li>\n<li><a href=\"https:\/\/sannale.ee\/en\/toode\/prison-bag\/\" target=\"_blank\" rel=\"noopener\"><a href=\"https:\/\/sannale.ee\/en\/toode\/prison-bag\/\">stroller bag<\/a><\/a><\/li>\n<li><a href=\"https:\/\/sannale.ee\/en\/toode\/foot-cover\/\" target=\"_blank\" rel=\"noopener\"><a href=\"https:\/\/sannale.ee\/en\/toode\/foot-cover\/\">faux leather edging for the foot cover<\/a><\/a><\/li>\n<\/ul>\n<p><span style=\"text-decoration: underline;\"><a href=\"https:\/\/sannale.ee\/varvid-ja-mustrid-millised-on-valikud\/karulisade-komplektid\/\" target=\"_blank\" rel=\"noopener\"><a href=\"https:\/\/sannale.ee\/varvid-ja-mustrid-millised-on-valikud\/karulisade-komplektid\/\">Check out the gallery for our previously made stroller accessories sets!<\/a><\/a><\/span><\/p>\n<p>&nbsp;<\/p>\n","protected":false},"excerpt":{"rendered":"<h1><span style=\"font-size: 18pt;\">A safety bar cover is an easy way to give your stroller<strong> a stylish and exceptional look.<\/strong><\/span><\/h1>\n<p>See a more detailed description of the different <span style=\"text-decoration: underline;\"><a href=\"https:\/\/sannale.ee\/sannale_turvakaare_kate\/\" target=\"_blank\" rel=\"noopener\">models of safety bar covers.<\/a><\/span><\/p>\n<p>In the <strong>shopping cart<\/strong>, add from the product description one of the <strong>faux leathers<\/strong> you would like the cover to be made of.<\/p>\n<p>Safety bar covers in stock will be posted within 1-2 business days. For backorders the lead time is 1-2 weeks. <\/p>\n","protected":false},"featured_media":38148,"comment_status":"open","ping_status":"closed","template":"","meta":{"_uag_custom_page_level_css":"","site-sidebar-layout":"default","site-content-layout":"","ast-site-content-layout":"default","site-content-style":"default","site-sidebar-style":"default","ast-global-header-display":"","ast-banner-title-visibility":"","ast-main-header-display":"","ast-hfb-above-header-display":"","ast-hfb-below-header-display":"","ast-hfb-mobile-header-display":"","site-post-title":"","ast-breadcrumbs-content":"","ast-featured-img":"","footer-sml-layout":"","theme-transparent-header-meta":"default","adv-header-id-meta":"","stick-header-meta":"","header-above-stick-meta":"","header-main-stick-meta":"","header-below-stick-meta":"","astra-migrate-meta-layouts":"set","ast-page-background-enabled":"default","ast-page-background-meta":{"desktop":{"background-color":"var(--ast-global-color-4)","background-image":"","background-repeat":"repeat","background-position":"center center","background-size":"auto","background-attachment":"scroll","background-type":"","background-media":"","overlay-type":"","overlay-color":"","overlay-opacity":"","overlay-gradient":""},"tablet":{"background-color":"","background-image":"","background-repeat":"repeat","background-position":"center center","background-size":"auto","background-attachment":"scroll","background-type":"","background-media":"","overlay-type":"","overlay-color":"","overlay-opacity":"","overlay-gradient":""},"mobile":{"background-color":"","background-image":"","background-repeat":"repeat","background-position":"center center","background-size":"auto","background-attachment":"scroll","background-type":"","background-media":"","overlay-type":"","overlay-color":"","overlay-opacity":"","overlay-gradient":""}},"ast-content-background-meta":{"desktop":{"background-color":"var(--ast-global-color-5)","background-image":"","background-repeat":"repeat","background-position":"center center","background-size":"auto","background-attachment":"scroll","background-type":"","background-media":"","overlay-type":"","overlay-color":"","overlay-opacity":"","overlay-gradient":""},"tablet":{"background-color":"var(--ast-global-color-5)","background-image":"","background-repeat":"repeat","background-position":"center center","background-size":"auto","background-attachment":"scroll","background-type":"","background-media":"","overlay-type":"","overlay-color":"","overlay-opacity":"","overlay-gradient":""},"mobile":{"background-color":"var(--ast-global-color-5)","background-image":"","background-repeat":"repeat","background-position":"center center","background-size":"auto","background-attachment":"scroll","background-type":"","background-media":"","overlay-type":"","overlay-color":"","overlay-opacity":"","overlay-gradient":""}}},"product_brand":[],"product_cat":[1247],"product_tag":[1597,1599,1598,1595,1596,1600,1601],"class_list":{"0":"post-43300","1":"product","2":"type-product","3":"status-publish","4":"has-post-thumbnail","6":"product_cat-accessories-for-strollers","7":"product_tag-cover-for-safety-bar","8":"product_tag-cover-for-stroller-safety-bar","9":"product_tag-cover-for-strollers-safety-bar","10":"product_tag-safety-bar-cover","11":"product_tag-safety-bar-leathering-kit","12":"product_tag-stroller-safety-bar-cover","13":"product_tag-stroller-safety-bar-cover-en","14":"pa_varv-available-in-stock-black-stiff","15":"pa_varv-available-in-stock-black-stretchy","16":"pa_varv-available-in-stock-camel","17":"pa_varv-available-in-stock-dark-red","18":"pa_varv-available-in-stock-waterproof-grass-patterned","19":"pa_varv-i-choose-from-a-selection-of-faux-leathers-by-myself","20":"desktop-align-left","21":"tablet-align-left","22":"mobile-align-left","24":"first","25":"instock","26":"taxable","27":"shipping-taxable","28":"purchasable","29":"product-type-variable"},"supplier_id":null,"supplier_sku":"","barcode":null,"atum_controlled":true,"out_stock_date":null,"out_stock_threshold":null,"inheritable":true,"inbound_stock":0,"stock_on_hold":0,"sold_today":0,"sales_last_days":0,"reserved_stock":0,"customer_returns":0,"warehouse_damage":0,"lost_in_post":0,"other_logs":0,"out_stock_days":0,"lost_sales":0,"has_location":false,"update_date":"2026-04-08T00:16:11","atum_locations":[],"atum_stock_status":"instock","restock_status":false,"low_stock_amount":"","sales_update_date":"2026-04-08T00:16:11","calc_backorders":null,"yoast_head":"<!-- This site is optimized with the Yoast SEO plugin v27.3 - https:\/\/yoast.com\/product\/yoast-seo-wordpress\/ -->\n<title>Safety bar cover - Sannale<\/title>\n<meta name=\"description\" content=\"The safety bar cover is made of weatherproof faux leather to the exact measurements of the stroller&#039;s safety bar. We handcraft the covers from weatherproof faux leather.\" \/>\n<meta name=\"robots\" content=\"index, follow, max-snippet:-1, max-image-preview:large, max-video-preview:-1\" \/>\n<link rel=\"canonical\" href=\"https:\/\/sannale.ee\/en\/toode\/safety-bar-cover\/\" \/>\n<meta property=\"og:locale\" content=\"en_US\" \/>\n<meta property=\"og:type\" content=\"article\" \/>\n<meta property=\"og:title\" content=\"Safety bar cover - Sannale\" \/>\n<meta property=\"og:description\" content=\"The safety bar cover is made of weatherproof faux leather to the exact measurements of the stroller&#039;s safety bar. We handcraft the covers from weatherproof faux leather.\" \/>\n<meta property=\"og:url\" content=\"https:\/\/sannale.ee\/en\/toode\/safety-bar-cover\/\" \/>\n<meta property=\"og:site_name\" content=\"Sannale\" \/>\n<meta property=\"article:publisher\" content=\"https:\/\/www.facebook.com\/MinuSannale\" \/>\n<meta property=\"article:modified_time\" content=\"2024-12-19T12:16:00+00:00\" \/>\n<meta property=\"og:image\" content=\"https:\/\/sannale.ee\/wp-content\/uploads\/2021\/09\/Turvakaare-kate-3.jpg\" \/>\n\t<meta property=\"og:image:width\" content=\"1080\" \/>\n\t<meta property=\"og:image:height\" content=\"1080\" \/>\n\t<meta property=\"og:image:type\" content=\"image\/jpeg\" \/>\n<meta name=\"twitter:card\" content=\"summary_large_image\" \/>\n<meta name=\"twitter:label1\" content=\"Est. reading time\" \/>\n\t<meta name=\"twitter:data1\" content=\"2 minutes\" \/>\n<script type=\"application\/ld+json\" class=\"yoast-schema-graph\">{\"@context\":\"https:\\\/\\\/schema.org\",\"@graph\":[{\"@type\":\"WebPage\",\"@id\":\"https:\\\/\\\/sannale.ee\\\/en\\\/toode\\\/safety-bar-cover\\\/\",\"url\":\"https:\\\/\\\/sannale.ee\\\/en\\\/toode\\\/safety-bar-cover\\\/\",\"name\":\"Safety bar cover - Sannale\",\"isPartOf\":{\"@id\":\"https:\\\/\\\/sannale.ee\\\/#website\"},\"primaryImageOfPage\":{\"@id\":\"https:\\\/\\\/sannale.ee\\\/en\\\/toode\\\/safety-bar-cover\\\/#primaryimage\"},\"image\":{\"@id\":\"https:\\\/\\\/sannale.ee\\\/en\\\/toode\\\/safety-bar-cover\\\/#primaryimage\"},\"thumbnailUrl\":\"https:\\\/\\\/sannale.ee\\\/wp-content\\\/uploads\\\/2021\\\/09\\\/Turvakaare-kate-3.jpg\",\"datePublished\":\"2021-09-02T12:22:13+00:00\",\"dateModified\":\"2024-12-19T12:16:00+00:00\",\"description\":\"The safety bar cover is made of weatherproof faux leather to the exact measurements of the stroller's safety bar. We handcraft the covers from weatherproof faux leather.\",\"breadcrumb\":{\"@id\":\"https:\\\/\\\/sannale.ee\\\/en\\\/toode\\\/safety-bar-cover\\\/#breadcrumb\"},\"inLanguage\":\"en-US\",\"potentialAction\":[{\"@type\":\"ReadAction\",\"target\":[\"https:\\\/\\\/sannale.ee\\\/en\\\/toode\\\/safety-bar-cover\\\/\"]}]},{\"@type\":\"ImageObject\",\"inLanguage\":\"en-US\",\"@id\":\"https:\\\/\\\/sannale.ee\\\/en\\\/toode\\\/safety-bar-cover\\\/#primaryimage\",\"url\":\"https:\\\/\\\/sannale.ee\\\/wp-content\\\/uploads\\\/2021\\\/09\\\/Turvakaare-kate-3.jpg\",\"contentUrl\":\"https:\\\/\\\/sannale.ee\\\/wp-content\\\/uploads\\\/2021\\\/09\\\/Turvakaare-kate-3.jpg\",\"width\":1080,\"height\":1080,\"caption\":\"Safety bar cover\"},{\"@type\":\"BreadcrumbList\",\"@id\":\"https:\\\/\\\/sannale.ee\\\/en\\\/toode\\\/safety-bar-cover\\\/#breadcrumb\",\"itemListElement\":[{\"@type\":\"ListItem\",\"position\":1,\"name\":\"Home\",\"item\":\"https:\\\/\\\/sannale.ee\\\/en\\\/\"},{\"@type\":\"ListItem\",\"position\":2,\"name\":\"Shop\",\"item\":\"https:\\\/\\\/sannale.ee\\\/en\\\/shop\\\/\"},{\"@type\":\"ListItem\",\"position\":3,\"name\":\"Safety bar cover\"}]},{\"@type\":\"WebSite\",\"@id\":\"https:\\\/\\\/sannale.ee\\\/#website\",\"url\":\"https:\\\/\\\/sannale.ee\\\/\",\"name\":\"Sannale\",\"description\":\"K\u00e4sit\u00f6\u00f6na valminud k\u00e4rulisad ja lastetarbed\",\"publisher\":{\"@id\":\"https:\\\/\\\/sannale.ee\\\/#organization\"},\"potentialAction\":[{\"@type\":\"SearchAction\",\"target\":{\"@type\":\"EntryPoint\",\"urlTemplate\":\"https:\\\/\\\/sannale.ee\\\/?s={search_term_string}\"},\"query-input\":{\"@type\":\"PropertyValueSpecification\",\"valueRequired\":true,\"valueName\":\"search_term_string\"}}],\"inLanguage\":\"en-US\"},{\"@type\":\"Organization\",\"@id\":\"https:\\\/\\\/sannale.ee\\\/#organization\",\"name\":\"Sannale\",\"url\":\"https:\\\/\\\/sannale.ee\\\/\",\"logo\":{\"@type\":\"ImageObject\",\"inLanguage\":\"en-US\",\"@id\":\"https:\\\/\\\/sannale.ee\\\/#\\\/schema\\\/logo\\\/image\\\/\",\"url\":\"https:\\\/\\\/sannale.ee\\\/wp-content\\\/uploads\\\/2024\\\/02\\\/cropped-sannale-fb-logo-sydamega-5-tumedam-3-scaled.png\",\"contentUrl\":\"https:\\\/\\\/sannale.ee\\\/wp-content\\\/uploads\\\/2024\\\/02\\\/cropped-sannale-fb-logo-sydamega-5-tumedam-3-scaled.png\",\"width\":5100,\"height\":1758,\"caption\":\"Sannale\"},\"image\":{\"@id\":\"https:\\\/\\\/sannale.ee\\\/#\\\/schema\\\/logo\\\/image\\\/\"},\"sameAs\":[\"https:\\\/\\\/www.facebook.com\\\/MinuSannale\"]}]}<\/script>\n<!-- \/ Yoast SEO plugin. -->","yoast_head_json":{"title":"Safety bar cover - Sannale","description":"The safety bar cover is made of weatherproof faux leather to the exact measurements of the stroller's safety bar. We handcraft the covers from weatherproof faux leather.","robots":{"index":"index","follow":"follow","max-snippet":"max-snippet:-1","max-image-preview":"max-image-preview:large","max-video-preview":"max-video-preview:-1"},"canonical":"https:\/\/sannale.ee\/en\/toode\/safety-bar-cover\/","og_locale":"en_US","og_type":"article","og_title":"Safety bar cover - Sannale","og_description":"The safety bar cover is made of weatherproof faux leather to the exact measurements of the stroller's safety bar. We handcraft the covers from weatherproof faux leather.","og_url":"https:\/\/sannale.ee\/en\/toode\/safety-bar-cover\/","og_site_name":"Sannale","article_publisher":"https:\/\/www.facebook.com\/MinuSannale","article_modified_time":"2024-12-19T12:16:00+00:00","og_image":[{"width":1080,"height":1080,"url":"https:\/\/sannale.ee\/wp-content\/uploads\/2021\/09\/Turvakaare-kate-3.jpg","type":"image\/jpeg"}],"twitter_card":"summary_large_image","twitter_misc":{"Est. reading time":"2 minutes"},"schema":{"@context":"https:\/\/schema.org","@graph":[{"@type":"WebPage","@id":"https:\/\/sannale.ee\/en\/toode\/safety-bar-cover\/","url":"https:\/\/sannale.ee\/en\/toode\/safety-bar-cover\/","name":"Safety bar cover - Sannale","isPartOf":{"@id":"https:\/\/sannale.ee\/#website"},"primaryImageOfPage":{"@id":"https:\/\/sannale.ee\/en\/toode\/safety-bar-cover\/#primaryimage"},"image":{"@id":"https:\/\/sannale.ee\/en\/toode\/safety-bar-cover\/#primaryimage"},"thumbnailUrl":"https:\/\/sannale.ee\/wp-content\/uploads\/2021\/09\/Turvakaare-kate-3.jpg","datePublished":"2021-09-02T12:22:13+00:00","dateModified":"2024-12-19T12:16:00+00:00","description":"The safety bar cover is made of weatherproof faux leather to the exact measurements of the stroller's safety bar. We handcraft the covers from weatherproof faux leather.","breadcrumb":{"@id":"https:\/\/sannale.ee\/en\/toode\/safety-bar-cover\/#breadcrumb"},"inLanguage":"en-US","potentialAction":[{"@type":"ReadAction","target":["https:\/\/sannale.ee\/en\/toode\/safety-bar-cover\/"]}]},{"@type":"ImageObject","inLanguage":"en-US","@id":"https:\/\/sannale.ee\/en\/toode\/safety-bar-cover\/#primaryimage","url":"https:\/\/sannale.ee\/wp-content\/uploads\/2021\/09\/Turvakaare-kate-3.jpg","contentUrl":"https:\/\/sannale.ee\/wp-content\/uploads\/2021\/09\/Turvakaare-kate-3.jpg","width":1080,"height":1080,"caption":"Safety bar cover"},{"@type":"BreadcrumbList","@id":"https:\/\/sannale.ee\/en\/toode\/safety-bar-cover\/#breadcrumb","itemListElement":[{"@type":"ListItem","position":1,"name":"Home","item":"https:\/\/sannale.ee\/en\/"},{"@type":"ListItem","position":2,"name":"Shop","item":"https:\/\/sannale.ee\/en\/shop\/"},{"@type":"ListItem","position":3,"name":"Safety bar cover"}]},{"@type":"WebSite","@id":"https:\/\/sannale.ee\/#website","url":"https:\/\/sannale.ee\/","name":"Sannale","description":"K\u00e4sit\u00f6\u00f6na valminud k\u00e4rulisad ja lastetarbed","publisher":{"@id":"https:\/\/sannale.ee\/#organization"},"potentialAction":[{"@type":"SearchAction","target":{"@type":"EntryPoint","urlTemplate":"https:\/\/sannale.ee\/?s={search_term_string}"},"query-input":{"@type":"PropertyValueSpecification","valueRequired":true,"valueName":"search_term_string"}}],"inLanguage":"en-US"},{"@type":"Organization","@id":"https:\/\/sannale.ee\/#organization","name":"Sannale","url":"https:\/\/sannale.ee\/","logo":{"@type":"ImageObject","inLanguage":"en-US","@id":"https:\/\/sannale.ee\/#\/schema\/logo\/image\/","url":"https:\/\/sannale.ee\/wp-content\/uploads\/2024\/02\/cropped-sannale-fb-logo-sydamega-5-tumedam-3-scaled.png","contentUrl":"https:\/\/sannale.ee\/wp-content\/uploads\/2024\/02\/cropped-sannale-fb-logo-sydamega-5-tumedam-3-scaled.png","width":5100,"height":1758,"caption":"Sannale"},"image":{"@id":"https:\/\/sannale.ee\/#\/schema\/logo\/image\/"},"sameAs":["https:\/\/www.facebook.com\/MinuSannale"]}]}},"uagb_featured_image_src":{"full":["https:\/\/sannale.ee\/wp-content\/uploads\/2021\/09\/Turvakaare-kate-3.jpg",1080,1080,false],"thumbnail":["https:\/\/sannale.ee\/wp-content\/uploads\/2021\/09\/Turvakaare-kate-3-150x150.jpg",150,150,true],"medium":["https:\/\/sannale.ee\/wp-content\/uploads\/2021\/09\/Turvakaare-kate-3-300x300.jpg",300,300,true],"medium_large":["https:\/\/sannale.ee\/wp-content\/uploads\/2021\/09\/Turvakaare-kate-3-768x768.jpg",768,768,true],"large":["https:\/\/sannale.ee\/wp-content\/uploads\/2021\/09\/Turvakaare-kate-3-1024x1024.jpg",1024,1024,true],"1536x1536":["https:\/\/sannale.ee\/wp-content\/uploads\/2021\/09\/Turvakaare-kate-3.jpg",1080,1080,false],"2048x2048":["https:\/\/sannale.ee\/wp-content\/uploads\/2021\/09\/Turvakaare-kate-3.jpg",1080,1080,false],"woocommerce_thumbnail":["https:\/\/sannale.ee\/wp-content\/uploads\/2021\/09\/Turvakaare-kate-3-300x300.jpg",300,300,true],"woocommerce_single":["https:\/\/sannale.ee\/wp-content\/uploads\/2021\/09\/Turvakaare-kate-3-600x600.jpg",600,600,true],"woocommerce_gallery_thumbnail":["https:\/\/sannale.ee\/wp-content\/uploads\/2021\/09\/Turvakaare-kate-3-100x100.jpg",100,100,true],"variation_swatches_image_size":["https:\/\/sannale.ee\/wp-content\/uploads\/2021\/09\/Turvakaare-kate-3-50x50.jpg",50,50,true],"variation_swatches_tooltip_size":["https:\/\/sannale.ee\/wp-content\/uploads\/2021\/09\/Turvakaare-kate-3-100x100.jpg",100,100,true]},"uagb_author_info":{"display_name":"meelip","author_link":"https:\/\/sannale.ee\/en\/author\/"},"uagb_comment_info":11,"uagb_excerpt":"A safety bar cover is an easy way to give your stroller a stylish and exceptional look. See a more detailed description of the different models of safety bar covers. In the shopping cart, add from the product description one of the faux leathers you would like the cover to be made of. Safety bar&hellip;","jetpack_sharing_enabled":true,"_links":{"self":[{"href":"https:\/\/sannale.ee\/en\/wp-json\/wp\/v2\/product\/43300","targetHints":{"allow":["GET"]}}],"collection":[{"href":"https:\/\/sannale.ee\/en\/wp-json\/wp\/v2\/product"}],"about":[{"href":"https:\/\/sannale.ee\/en\/wp-json\/wp\/v2\/types\/product"}],"replies":[{"embeddable":true,"href":"https:\/\/sannale.ee\/en\/wp-json\/wp\/v2\/comments?post=43300"}],"wp:featuredmedia":[{"embeddable":true,"href":"https:\/\/sannale.ee\/en\/wp-json\/wp\/v2\/media\/38148"}],"wp:attachment":[{"href":"https:\/\/sannale.ee\/en\/wp-json\/wp\/v2\/media?parent=43300"}],"wp:term":[{"taxonomy":"product_brand","embeddable":true,"href":"https:\/\/sannale.ee\/en\/wp-json\/wp\/v2\/product_brand?post=43300"},{"taxonomy":"product_cat","embeddable":true,"href":"https:\/\/sannale.ee\/en\/wp-json\/wp\/v2\/product_cat?post=43300"},{"taxonomy":"product_tag","embeddable":true,"href":"https:\/\/sannale.ee\/en\/wp-json\/wp\/v2\/product_tag?post=43300"}],"curies":[{"name":"wp","href":"https:\/\/api.w.org\/{rel}","templated":true}]}}