{"id":42252,"date":"2024-04-04T11:35:37","date_gmt":"2024-04-04T08:35:37","guid":{"rendered":"https:\/\/sannale.ee\/toode\/stroller-frame-cover\/"},"modified":"2026-02-17T15:27:08","modified_gmt":"2026-02-17T13:27:08","slug":"stroller-frame-cover","status":"publish","type":"product","link":"https:\/\/sannale.ee\/en\/toode\/stroller-frame-cover\/","title":{"rendered":"Stroller frame cover"},"content":{"rendered":"<div class=\"w-full text-token-text-primary\" data-testid=\"conversation-turn-301\">\n<div class=\"px-4 py-2 justify-center text-base md:gap-6 m-auto\">\n<div class=\"flex flex-1 text-base mx-auto gap-3 md:px-5 lg:px-1 xl:px-5 md:max-w-3xl lg:max-w-[40rem] xl:max-w-[48rem] group\">\n<div class=\"relative flex w-full flex-col agent-turn\">\n<div class=\"flex-col gap-1 md:gap-3\">\n<div class=\"flex flex-grow flex-col max-w-full\">\n<div class=\"min-h-[20px] text-message flex flex-col items-start gap-3 whitespace-pre-wrap break-words [.text-message+&amp;]:mt-5 overflow-x-auto\" data-message-author-role=\"assistant\" data-message-id=\"93bd0a28-654f-4e7c-9853-3355eddd2e47\">\n<div class=\"markdown prose w-full break-words dark:prose-invert light\">\n<ul>\n<li>Made <strong>from durable weather-resistant faux leather<\/strong> which guarantees durability and quality.<\/li>\n<li>Design that follows the exact <strong>shape of the stroller frame<\/strong><\/li>\n<li>Hand-sewn <strong>in the colour of your choice<\/strong><\/li>\n<li>Provides effective <strong>protection against scratches and external damage<\/strong>, extending the life of the stroller.<\/li>\n<li>The ideal solution to hide scratches that have already appeared, giving your stroller a <strong>new and fresh look.<\/strong><\/li>\n<li><strong>Velcro straps<\/strong> make installation quick and easy<\/li>\n<li><strong>A unique<\/strong> model designed for Sannale, <strong>only available from us<\/strong><\/li>\n<\/ul>\n<h4>Take a closer look at what the different models of stroller frame covers look like on a stroller.<\/h4>\n<p>&nbsp;<\/p>\n<p><span style=\"text-decoration: underline;\"><a href=\"https:\/\/sannale.ee\/karunina_kate_ug2\/\" target=\"_blank\" rel=\"noopener\">Thule Urban Glide 2<\/a><\/span><a href=\"https:\/\/sannale.ee\/karunina_kate_ug3\/\" target=\"_blank\" rel=\"noopener\">Thule Urban Glide 3<\/a><span style=\"text-decoration: underline;\"><a href=\"https:\/\/sannale.ee\/karunina_kate_ug3_double\/\" target=\"_blank\" rel=\"noopener\">Thule Urban Glide 3 Double<\/a><\/span><a href=\"https:\/\/sannale.ee\/karunina_kate_ug4\/\" target=\"_blank\" rel=\"noopener\">Thule Urban Glide 4<\/a><\/p>\n<p>&nbsp;<\/p>\n<\/div>\n<div class=\"ast-oembed-container \" style=\"height: 100%;\"><iframe title=\"K\u00e4runina kate, loodud kasutamiseks koos Thule Urban Glide 3 Double k\u00e4ruga\" width=\"500\" height=\"375\" data-src=\"https:\/\/www.youtube.com\/embed\/oD4zZaWVSZc?feature=oembed\" frameborder=\"0\" allow=\"accelerometer; autoplay; clipboard-write; encrypted-media; gyroscope; picture-in-picture; web-share\" referrerpolicy=\"strict-origin-when-cross-origin\" allowfullscreen src=\"data:image\/svg+xml;base64,PHN2ZyB3aWR0aD0iMSIgaGVpZ2h0PSIxIiB4bWxucz0iaHR0cDovL3d3dy53My5vcmcvMjAwMC9zdmciPjwvc3ZnPg==\" class=\"lazyload\" data-load-mode=\"1\"><\/iframe><\/div>\n<h2>Ordering guide:<\/h2>\n<\/div>\n<ul>\n<li>Choose stroller model<\/li>\n<li>Choose colour\n<ul>\n<li>If you would like to have a custom-made cover <strong>in colour<\/strong>, please add <a href=\"https:\/\/sannale.ee\/tootekategooria\/materjalid-valik\/kunstnahk-materjalid-valik\/kunstnahk-punutavale-turvakaare-kattele\/\" target=\"_blank\" rel=\"noopener\">a faux leather option<\/a> to your shopping cart (at a cost of 0.-). This way we know in which colour to sew the stroller frame cover for you.<\/li>\n<\/ul>\n<\/li>\n<\/ul>\n<\/div>\n<h3>Care instructions:<\/h3>\n<p> Easy to clean &#8211; all you need is a cloth dampened with water to keep the stroller&#8217;s frame cover clean and looking its best. The cover tolerates soap and water well, but faux leather doesn&#8217;t tolerate alcohol, so be sure not to use alcohol-based disinfectants when cleaning.  <\/p>\n<h4 class=\"wp-block-heading has-medium-font-size\">Choose from a range of other stroller accessories made with the same faux leather to create the perfect set:<\/h4>\n<ul>\n<li><span style=\"text-decoration: underline;\"><a href=\"https:\/\/sannale.ee\/toode\/lukkesanga-kate\/\" target=\"_blank\" rel=\"noreferrer noopener\"><a href=\"https:\/\/sannale.ee\/toode\/lukkesanga-kate\/\">Handlebar cover<\/a><\/a><\/span><\/li>\n<li><span style=\"text-decoration: underline;\"><a href=\"https:\/\/sannale.ee\/toode\/turvakaare_kate\/\" target=\"_blank\" rel=\"noreferrer noopener\"><a href=\"https:\/\/sannale.ee\/toode\/turvakaare_kate\/\">Safety bar cover<\/a><\/a><\/span><\/li>\n<li><span style=\"text-decoration: underline;\"><a href=\"https:\/\/sannale.ee\/toode\/vihmakile-kott\/\" target=\"_blank\" rel=\"noreferrer noopener\">Rain cover storage bag<\/a><\/span><\/li>\n<li><a href=\"https:\/\/sannale.ee\/toode\/karupehmendus\/\" target=\"_blank\" rel=\"noreferrer noopener\"><span style=\"text-decoration: underline;\">Seat liner<\/span><\/a>, with a heel part made with the same faux leather<\/li>\n<li><span style=\"text-decoration: underline;\"><a href=\"https:\/\/sannale.ee\/toode\/vankrikott\/\" target=\"_blank\" rel=\"noreferrer noopener\">Stroller bag<\/a><\/span>, with a flap made with the same faux leather<\/li>\n<\/ul>\n<h4>Special requests:<\/h4>\n<p> Looking for a cover for a different stroller model? If you are able to come to J\u00e4lgim\u00e4gi with the stroller for a measurement, we can make a cutting pattern according to the shape of your stroller. Send an e-mail to <a href=\"mailto:sannale@sannale.ee\">sannale@sannale.ee<\/a>  <\/p>\n<\/div>\n<\/div>\n<\/div>\n<\/div>\n<\/div>\n","protected":false},"excerpt":{"rendered":"<p>Make your stroller look brand new in an instant with scratch-resistant and weatherproof stroller protection.<\/p>\n","protected":false},"featured_media":38287,"comment_status":"open","ping_status":"closed","template":"","meta":{"_uag_custom_page_level_css":"","site-sidebar-layout":"default","site-content-layout":"","ast-site-content-layout":"default","site-content-style":"default","site-sidebar-style":"default","ast-global-header-display":"","ast-banner-title-visibility":"","ast-main-header-display":"","ast-hfb-above-header-display":"","ast-hfb-below-header-display":"","ast-hfb-mobile-header-display":"","site-post-title":"","ast-breadcrumbs-content":"","ast-featured-img":"","footer-sml-layout":"","ast-disable-related-posts":"","theme-transparent-header-meta":"default","adv-header-id-meta":"","stick-header-meta":"","header-above-stick-meta":"","header-main-stick-meta":"","header-below-stick-meta":"","astra-migrate-meta-layouts":"default","ast-page-background-enabled":"default","ast-page-background-meta":{"desktop":{"background-color":"var(--ast-global-color-4)","background-image":"","background-repeat":"repeat","background-position":"center center","background-size":"auto","background-attachment":"scroll","background-type":"","background-media":"","overlay-type":"","overlay-color":"","overlay-opacity":"","overlay-gradient":""},"tablet":{"background-color":"","background-image":"","background-repeat":"repeat","background-position":"center center","background-size":"auto","background-attachment":"scroll","background-type":"","background-media":"","overlay-type":"","overlay-color":"","overlay-opacity":"","overlay-gradient":""},"mobile":{"background-color":"","background-image":"","background-repeat":"repeat","background-position":"center center","background-size":"auto","background-attachment":"scroll","background-type":"","background-media":"","overlay-type":"","overlay-color":"","overlay-opacity":"","overlay-gradient":""}},"ast-content-background-meta":{"desktop":{"background-color":"var(--ast-global-color-5)","background-image":"","background-repeat":"repeat","background-position":"center center","background-size":"auto","background-attachment":"scroll","background-type":"","background-media":"","overlay-type":"","overlay-color":"","overlay-opacity":"","overlay-gradient":""},"tablet":{"background-color":"var(--ast-global-color-5)","background-image":"","background-repeat":"repeat","background-position":"center center","background-size":"auto","background-attachment":"scroll","background-type":"","background-media":"","overlay-type":"","overlay-color":"","overlay-opacity":"","overlay-gradient":""},"mobile":{"background-color":"var(--ast-global-color-5)","background-image":"","background-repeat":"repeat","background-position":"center center","background-size":"auto","background-attachment":"scroll","background-type":"","background-media":"","overlay-type":"","overlay-color":"","overlay-opacity":"","overlay-gradient":""}}},"product_brand":[],"product_cat":[1247],"product_tag":[1418,1419,1417,1420,1422,1416,1421,1415,1413,1423,1414],"class_list":{"0":"post-42252","1":"product","2":"type-product","3":"status-publish","4":"has-post-thumbnail","6":"product_cat-accessories-for-strollers","7":"product_tag-fireplace-protection","8":"product_tag-bumper-cover","9":"product_tag-fireplace-cover","10":"product_tag-bumper-protection","11":"product_tag-frame-cover","12":"product_tag-karunina-protection","13":"product_tag-raamikaitse-en-2","14":"product_tag-karunina-cover","15":"product_tag-karu-raami-kate-en","16":"product_tag-karu-raamikaitse-en","17":"product_tag-karu-raami-kaitse-en","18":"desktop-align-left","19":"tablet-align-left","20":"mobile-align-left","22":"first","23":"instock","24":"taxable","25":"shipping-taxable","26":"purchasable","27":"product-type-variable"},"supplier_id":null,"supplier_sku":"","barcode":null,"atum_controlled":true,"out_stock_date":null,"out_stock_threshold":null,"inheritable":true,"inbound_stock":0,"stock_on_hold":0,"sold_today":0,"sales_last_days":0,"reserved_stock":0,"customer_returns":0,"warehouse_damage":0,"lost_in_post":0,"other_logs":0,"out_stock_days":0,"lost_sales":0,"has_location":false,"update_date":"2026-04-20T01:53:41","atum_locations":[],"atum_stock_status":"instock","restock_status":false,"low_stock_amount":"","sales_update_date":"2026-04-20T01:53:41","calc_backorders":null,"yoast_head":"<!-- This site is optimized with the Yoast SEO plugin v27.4 - https:\/\/yoast.com\/product\/yoast-seo-wordpress\/ -->\n<title>Stroller frame cover - Sannale<\/title>\n<meta name=\"robots\" content=\"index, follow, max-snippet:-1, max-image-preview:large, max-video-preview:-1\" \/>\n<link rel=\"canonical\" href=\"https:\/\/sannale.ee\/en\/toode\/stroller-frame-cover\/\" \/>\n<meta property=\"og:locale\" content=\"en_US\" \/>\n<meta property=\"og:type\" content=\"article\" \/>\n<meta property=\"og:title\" content=\"Stroller frame cover - Sannale\" \/>\n<meta property=\"og:description\" content=\"Make your stroller look brand new in an instant with scratch-resistant and weatherproof stroller protection.\" \/>\n<meta property=\"og:url\" content=\"https:\/\/sannale.ee\/en\/toode\/stroller-frame-cover\/\" \/>\n<meta property=\"og:site_name\" content=\"Sannale\" \/>\n<meta property=\"article:publisher\" content=\"https:\/\/www.facebook.com\/MinuSannale\" \/>\n<meta property=\"article:modified_time\" content=\"2026-02-17T13:27:08+00:00\" \/>\n<meta property=\"og:image\" content=\"https:\/\/sannale.ee\/wp-content\/uploads\/2024\/04\/Sannale-karunina-kate-loodud-kasutamiseks-koos-Thule-Urban-Glide-2-karuga-11.jpg\" \/>\n\t<meta property=\"og:image:width\" content=\"700\" \/>\n\t<meta property=\"og:image:height\" content=\"700\" \/>\n\t<meta property=\"og:image:type\" content=\"image\/jpeg\" \/>\n<meta name=\"twitter:card\" content=\"summary_large_image\" \/>\n<meta name=\"twitter:label1\" content=\"Est. reading time\" \/>\n\t<meta name=\"twitter:data1\" content=\"2 minutes\" \/>\n<script type=\"application\/ld+json\" class=\"yoast-schema-graph\">{\"@context\":\"https:\\\/\\\/schema.org\",\"@graph\":[{\"@type\":\"WebPage\",\"@id\":\"https:\\\/\\\/sannale.ee\\\/en\\\/toode\\\/stroller-frame-cover\\\/\",\"url\":\"https:\\\/\\\/sannale.ee\\\/en\\\/toode\\\/stroller-frame-cover\\\/\",\"name\":\"Stroller frame cover - Sannale\",\"isPartOf\":{\"@id\":\"https:\\\/\\\/sannale.ee\\\/#website\"},\"primaryImageOfPage\":{\"@id\":\"https:\\\/\\\/sannale.ee\\\/en\\\/toode\\\/stroller-frame-cover\\\/#primaryimage\"},\"image\":{\"@id\":\"https:\\\/\\\/sannale.ee\\\/en\\\/toode\\\/stroller-frame-cover\\\/#primaryimage\"},\"thumbnailUrl\":\"https:\\\/\\\/sannale.ee\\\/wp-content\\\/uploads\\\/2024\\\/04\\\/Sannale-karunina-kate-loodud-kasutamiseks-koos-Thule-Urban-Glide-2-karuga-11.jpg\",\"datePublished\":\"2024-04-04T08:35:37+00:00\",\"dateModified\":\"2026-02-17T13:27:08+00:00\",\"breadcrumb\":{\"@id\":\"https:\\\/\\\/sannale.ee\\\/en\\\/toode\\\/stroller-frame-cover\\\/#breadcrumb\"},\"inLanguage\":\"en-US\",\"potentialAction\":[{\"@type\":\"ReadAction\",\"target\":[\"https:\\\/\\\/sannale.ee\\\/en\\\/toode\\\/stroller-frame-cover\\\/\"]}]},{\"@type\":\"ImageObject\",\"inLanguage\":\"en-US\",\"@id\":\"https:\\\/\\\/sannale.ee\\\/en\\\/toode\\\/stroller-frame-cover\\\/#primaryimage\",\"url\":\"https:\\\/\\\/sannale.ee\\\/wp-content\\\/uploads\\\/2024\\\/04\\\/Sannale-karunina-kate-loodud-kasutamiseks-koos-Thule-Urban-Glide-2-karuga-11.jpg\",\"contentUrl\":\"https:\\\/\\\/sannale.ee\\\/wp-content\\\/uploads\\\/2024\\\/04\\\/Sannale-karunina-kate-loodud-kasutamiseks-koos-Thule-Urban-Glide-2-karuga-11.jpg\",\"width\":700,\"height\":700,\"caption\":\"Sannale frame cover designed for use with the Thule Urban Glide 2 stroller.\"},{\"@type\":\"BreadcrumbList\",\"@id\":\"https:\\\/\\\/sannale.ee\\\/en\\\/toode\\\/stroller-frame-cover\\\/#breadcrumb\",\"itemListElement\":[{\"@type\":\"ListItem\",\"position\":1,\"name\":\"Home\",\"item\":\"https:\\\/\\\/sannale.ee\\\/en\\\/\"},{\"@type\":\"ListItem\",\"position\":2,\"name\":\"Shop\",\"item\":\"https:\\\/\\\/sannale.ee\\\/en\\\/shop\\\/\"},{\"@type\":\"ListItem\",\"position\":3,\"name\":\"Stroller frame cover\"}]},{\"@type\":\"WebSite\",\"@id\":\"https:\\\/\\\/sannale.ee\\\/#website\",\"url\":\"https:\\\/\\\/sannale.ee\\\/\",\"name\":\"Sannale\",\"description\":\"K\u00e4sit\u00f6\u00f6na valminud k\u00e4rulisad ja lastetarbed\",\"publisher\":{\"@id\":\"https:\\\/\\\/sannale.ee\\\/#organization\"},\"potentialAction\":[{\"@type\":\"SearchAction\",\"target\":{\"@type\":\"EntryPoint\",\"urlTemplate\":\"https:\\\/\\\/sannale.ee\\\/?s={search_term_string}\"},\"query-input\":{\"@type\":\"PropertyValueSpecification\",\"valueRequired\":true,\"valueName\":\"search_term_string\"}}],\"inLanguage\":\"en-US\"},{\"@type\":\"Organization\",\"@id\":\"https:\\\/\\\/sannale.ee\\\/#organization\",\"name\":\"Sannale\",\"url\":\"https:\\\/\\\/sannale.ee\\\/\",\"logo\":{\"@type\":\"ImageObject\",\"inLanguage\":\"en-US\",\"@id\":\"https:\\\/\\\/sannale.ee\\\/#\\\/schema\\\/logo\\\/image\\\/\",\"url\":\"https:\\\/\\\/sannale.ee\\\/wp-content\\\/uploads\\\/2024\\\/02\\\/cropped-sannale-fb-logo-sydamega-5-tumedam-3-scaled.png\",\"contentUrl\":\"https:\\\/\\\/sannale.ee\\\/wp-content\\\/uploads\\\/2024\\\/02\\\/cropped-sannale-fb-logo-sydamega-5-tumedam-3-scaled.png\",\"width\":5100,\"height\":1758,\"caption\":\"Sannale\"},\"image\":{\"@id\":\"https:\\\/\\\/sannale.ee\\\/#\\\/schema\\\/logo\\\/image\\\/\"},\"sameAs\":[\"https:\\\/\\\/www.facebook.com\\\/MinuSannale\"]}]}<\/script>\n<!-- \/ Yoast SEO plugin. -->","yoast_head_json":{"title":"Stroller frame cover - Sannale","robots":{"index":"index","follow":"follow","max-snippet":"max-snippet:-1","max-image-preview":"max-image-preview:large","max-video-preview":"max-video-preview:-1"},"canonical":"https:\/\/sannale.ee\/en\/toode\/stroller-frame-cover\/","og_locale":"en_US","og_type":"article","og_title":"Stroller frame cover - Sannale","og_description":"Make your stroller look brand new in an instant with scratch-resistant and weatherproof stroller protection.","og_url":"https:\/\/sannale.ee\/en\/toode\/stroller-frame-cover\/","og_site_name":"Sannale","article_publisher":"https:\/\/www.facebook.com\/MinuSannale","article_modified_time":"2026-02-17T13:27:08+00:00","og_image":[{"width":700,"height":700,"url":"https:\/\/sannale.ee\/wp-content\/uploads\/2024\/04\/Sannale-karunina-kate-loodud-kasutamiseks-koos-Thule-Urban-Glide-2-karuga-11.jpg","type":"image\/jpeg"}],"twitter_card":"summary_large_image","twitter_misc":{"Est. reading time":"2 minutes"},"schema":{"@context":"https:\/\/schema.org","@graph":[{"@type":"WebPage","@id":"https:\/\/sannale.ee\/en\/toode\/stroller-frame-cover\/","url":"https:\/\/sannale.ee\/en\/toode\/stroller-frame-cover\/","name":"Stroller frame cover - Sannale","isPartOf":{"@id":"https:\/\/sannale.ee\/#website"},"primaryImageOfPage":{"@id":"https:\/\/sannale.ee\/en\/toode\/stroller-frame-cover\/#primaryimage"},"image":{"@id":"https:\/\/sannale.ee\/en\/toode\/stroller-frame-cover\/#primaryimage"},"thumbnailUrl":"https:\/\/sannale.ee\/wp-content\/uploads\/2024\/04\/Sannale-karunina-kate-loodud-kasutamiseks-koos-Thule-Urban-Glide-2-karuga-11.jpg","datePublished":"2024-04-04T08:35:37+00:00","dateModified":"2026-02-17T13:27:08+00:00","breadcrumb":{"@id":"https:\/\/sannale.ee\/en\/toode\/stroller-frame-cover\/#breadcrumb"},"inLanguage":"en-US","potentialAction":[{"@type":"ReadAction","target":["https:\/\/sannale.ee\/en\/toode\/stroller-frame-cover\/"]}]},{"@type":"ImageObject","inLanguage":"en-US","@id":"https:\/\/sannale.ee\/en\/toode\/stroller-frame-cover\/#primaryimage","url":"https:\/\/sannale.ee\/wp-content\/uploads\/2024\/04\/Sannale-karunina-kate-loodud-kasutamiseks-koos-Thule-Urban-Glide-2-karuga-11.jpg","contentUrl":"https:\/\/sannale.ee\/wp-content\/uploads\/2024\/04\/Sannale-karunina-kate-loodud-kasutamiseks-koos-Thule-Urban-Glide-2-karuga-11.jpg","width":700,"height":700,"caption":"Sannale frame cover designed for use with the Thule Urban Glide 2 stroller."},{"@type":"BreadcrumbList","@id":"https:\/\/sannale.ee\/en\/toode\/stroller-frame-cover\/#breadcrumb","itemListElement":[{"@type":"ListItem","position":1,"name":"Home","item":"https:\/\/sannale.ee\/en\/"},{"@type":"ListItem","position":2,"name":"Shop","item":"https:\/\/sannale.ee\/en\/shop\/"},{"@type":"ListItem","position":3,"name":"Stroller frame cover"}]},{"@type":"WebSite","@id":"https:\/\/sannale.ee\/#website","url":"https:\/\/sannale.ee\/","name":"Sannale","description":"K\u00e4sit\u00f6\u00f6na valminud k\u00e4rulisad ja lastetarbed","publisher":{"@id":"https:\/\/sannale.ee\/#organization"},"potentialAction":[{"@type":"SearchAction","target":{"@type":"EntryPoint","urlTemplate":"https:\/\/sannale.ee\/?s={search_term_string}"},"query-input":{"@type":"PropertyValueSpecification","valueRequired":true,"valueName":"search_term_string"}}],"inLanguage":"en-US"},{"@type":"Organization","@id":"https:\/\/sannale.ee\/#organization","name":"Sannale","url":"https:\/\/sannale.ee\/","logo":{"@type":"ImageObject","inLanguage":"en-US","@id":"https:\/\/sannale.ee\/#\/schema\/logo\/image\/","url":"https:\/\/sannale.ee\/wp-content\/uploads\/2024\/02\/cropped-sannale-fb-logo-sydamega-5-tumedam-3-scaled.png","contentUrl":"https:\/\/sannale.ee\/wp-content\/uploads\/2024\/02\/cropped-sannale-fb-logo-sydamega-5-tumedam-3-scaled.png","width":5100,"height":1758,"caption":"Sannale"},"image":{"@id":"https:\/\/sannale.ee\/#\/schema\/logo\/image\/"},"sameAs":["https:\/\/www.facebook.com\/MinuSannale"]}]}},"uagb_featured_image_src":{"full":["https:\/\/sannale.ee\/wp-content\/uploads\/2024\/04\/Sannale-karunina-kate-loodud-kasutamiseks-koos-Thule-Urban-Glide-2-karuga-11.jpg",700,700,false],"thumbnail":["https:\/\/sannale.ee\/wp-content\/uploads\/2024\/04\/Sannale-karunina-kate-loodud-kasutamiseks-koos-Thule-Urban-Glide-2-karuga-11-150x150.jpg",150,150,true],"medium":["https:\/\/sannale.ee\/wp-content\/uploads\/2024\/04\/Sannale-karunina-kate-loodud-kasutamiseks-koos-Thule-Urban-Glide-2-karuga-11-300x300.jpg",300,300,true],"medium_large":["https:\/\/sannale.ee\/wp-content\/uploads\/2024\/04\/Sannale-karunina-kate-loodud-kasutamiseks-koos-Thule-Urban-Glide-2-karuga-11.jpg",700,700,false],"large":["https:\/\/sannale.ee\/wp-content\/uploads\/2024\/04\/Sannale-karunina-kate-loodud-kasutamiseks-koos-Thule-Urban-Glide-2-karuga-11.jpg",700,700,false],"1536x1536":["https:\/\/sannale.ee\/wp-content\/uploads\/2024\/04\/Sannale-karunina-kate-loodud-kasutamiseks-koos-Thule-Urban-Glide-2-karuga-11.jpg",700,700,false],"2048x2048":["https:\/\/sannale.ee\/wp-content\/uploads\/2024\/04\/Sannale-karunina-kate-loodud-kasutamiseks-koos-Thule-Urban-Glide-2-karuga-11.jpg",700,700,false],"woocommerce_thumbnail":["https:\/\/sannale.ee\/wp-content\/uploads\/2024\/04\/Sannale-karunina-kate-loodud-kasutamiseks-koos-Thule-Urban-Glide-2-karuga-11-300x300.jpg",300,300,true],"woocommerce_single":["https:\/\/sannale.ee\/wp-content\/uploads\/2024\/04\/Sannale-karunina-kate-loodud-kasutamiseks-koos-Thule-Urban-Glide-2-karuga-11-600x600.jpg",600,600,true],"woocommerce_gallery_thumbnail":["https:\/\/sannale.ee\/wp-content\/uploads\/2024\/04\/Sannale-karunina-kate-loodud-kasutamiseks-koos-Thule-Urban-Glide-2-karuga-11-100x100.jpg",100,100,true],"variation_swatches_image_size":["https:\/\/sannale.ee\/wp-content\/uploads\/2024\/04\/Sannale-karunina-kate-loodud-kasutamiseks-koos-Thule-Urban-Glide-2-karuga-11-50x50.jpg",50,50,true],"variation_swatches_tooltip_size":["https:\/\/sannale.ee\/wp-content\/uploads\/2024\/04\/Sannale-karunina-kate-loodud-kasutamiseks-koos-Thule-Urban-Glide-2-karuga-11-100x100.jpg",100,100,true]},"uagb_author_info":{"display_name":"meelip","author_link":"https:\/\/sannale.ee\/en\/author\/"},"uagb_comment_info":5,"uagb_excerpt":"Make your stroller look brand new in an instant with scratch-resistant and weatherproof stroller protection.","jetpack_sharing_enabled":true,"_links":{"self":[{"href":"https:\/\/sannale.ee\/en\/wp-json\/wp\/v2\/product\/42252","targetHints":{"allow":["GET"]}}],"collection":[{"href":"https:\/\/sannale.ee\/en\/wp-json\/wp\/v2\/product"}],"about":[{"href":"https:\/\/sannale.ee\/en\/wp-json\/wp\/v2\/types\/product"}],"replies":[{"embeddable":true,"href":"https:\/\/sannale.ee\/en\/wp-json\/wp\/v2\/comments?post=42252"}],"wp:featuredmedia":[{"embeddable":true,"href":"https:\/\/sannale.ee\/en\/wp-json\/wp\/v2\/media\/38287"}],"wp:attachment":[{"href":"https:\/\/sannale.ee\/en\/wp-json\/wp\/v2\/media?parent=42252"}],"wp:term":[{"taxonomy":"product_brand","embeddable":true,"href":"https:\/\/sannale.ee\/en\/wp-json\/wp\/v2\/product_brand?post=42252"},{"taxonomy":"product_cat","embeddable":true,"href":"https:\/\/sannale.ee\/en\/wp-json\/wp\/v2\/product_cat?post=42252"},{"taxonomy":"product_tag","embeddable":true,"href":"https:\/\/sannale.ee\/en\/wp-json\/wp\/v2\/product_tag?post=42252"}],"curies":[{"name":"wp","href":"https:\/\/api.w.org\/{rel}","templated":true}]}}