{"id":40180,"date":"2021-04-11T19:53:58","date_gmt":"2021-04-11T16:53:58","guid":{"rendered":"https:\/\/sannale.ee\/toode\/mosquito-net\/"},"modified":"2026-04-28T14:58:48","modified_gmt":"2026-04-28T11:58:48","slug":"mosquito-net","status":"publish","type":"product","link":"https:\/\/sannale.ee\/en\/toode\/mosquito-net\/","title":{"rendered":"Mosquito net"},"content":{"rendered":"<h3>The Sannale mosquito net protects your stroller better than any other mosquito net because<\/h3>\n<ul>\n<li>the <strong>shape and size<\/strong> of the mosquito net is accurately measured for each stroller model and<strong> fits the stroller perfectly<\/strong><\/li>\n<li>the <strong>thin mesh fabric<\/strong> allows air to pass through and is suitable for use even<strong> in the hottest weather conditions<\/strong><\/li>\n<li>the <strong>mosquito net&#8217;s accessories<\/strong> (side clamps, adjustable elastic, opening for the handlebar, etc.) are exactly what the given <strong>stroller&#8217;s model needs<\/strong><\/li>\n<li>you can conveniently <strong>store <\/strong>the mosquito net in the <strong>bag<\/strong> that comes with it<\/li>\n<li id=\"tellimisjuhend\">the <strong>strong<\/strong> thread-textured mesh is <strong>durable<\/strong> and <strong>soft <\/strong> to the touch <\/li>\n<li>a <strong>unique design<\/strong>, a cutting pattern made for Sannale, which can only be ordered from us and which we will handcraft <strong>just for you <\/strong>. <\/li>\n<\/ul>\n<h3><\/h3>\n<h3><strong>Ordering instructions<\/strong><\/h3>\n<ol>\n<li>Select <strong>your stroller model<\/strong> from the order drop-down menu above. All models of insect nets differ in shapes and fixing method. <span style=\"text-decoration: underline;\"><a href=\"https:\/\/sannale.ee\/sannale-putukaorkude-mudelivalik\/\" target=\"_blank\" rel=\"noopener\"><strong>Click here for more information and additional pictures of your specific mosquito net model.<\/strong><\/a><\/span><\/li>\n<li><strong>Choose colour<\/strong> &#8211; whether you want black or coloured mesh. <strong>For coloured mesh, add one<span style=\"text-decoration: underline;\"> <a href=\"https:\/\/sannale.ee\/tootekategooria\/karude-lisavarustus\/materjalid\/putukavorgu-kangad\/\" target=\"_blank\" rel=\"noopener\">insect net fabric<\/a><\/span> to your shopping cart.<\/strong> That way we know which colour mosquito net to sew for you<strong>.<\/strong> <span style=\"text-decoration: underline;\"><a href=\"https:\/\/sannale.ee\/putukavorgu-varv\/\" target=\"_blank\" rel=\"noopener\">Click here for inspiration on what the different colour options look like on a stroller. <\/a><\/span> <\/li>\n<li><strong>Add a mosquito net to your shopping cart.<\/strong><\/li>\n<\/ol>\n<p> Detailed instructions with ordering instructions can be found here: https:\/\/youtu.be\/4aqxkW8OV6U?si=Dredz1cjmsM-zX0D &nbsp;<\/p>\n<h4>The production time for your order<\/h4>\n<p>Products <strong>in stock<\/strong> are dispatched <strong>within 1-2 business days<\/strong>. If the mosquito net of your choice is not currently in stock, <strong>we&#8217;ll have it ready for you in up to 5 business days. <\/strong><\/p>\n<p>&nbsp;<\/p>\n<h4>Cutting patterns<\/h4>\n<p> All of the mosquito net cutting patterns for Sanna <strong>are my own creation.<\/strong> Mesh shapes, <strong>fasteners and side clamps<\/strong> are precisely chosen to match the stroller model for the most insect-resistant result. The nets are <strong>handmade<\/strong> by our hard-working seamstresses, in the exact <strong>colour of your choice<\/strong>. https:\/\/www.youtube.com\/shorts\/enayUCyVwI8<\/p>\n<h4>Material:<\/h4>\n<p> 100% polyester. The dense mesh material is breathable and resistant to streching. <img decoding=\"async\" class=\"size-medium wp-image-10319 lazyload\" data-src=\"https:\/\/sannale.ee\/wp-content\/uploads\/2022\/06\/281820246_3283131178611773_2729070163836777026_n-300x300.jpg\" alt=\"Sannale mosquito net\" width=\"300\" height=\"300\" data-srcset=\"https:\/\/sannale.ee\/wp-content\/uploads\/2022\/06\/281820246_3283131178611773_2729070163836777026_n-300x300.jpg 300w, https:\/\/sannale.ee\/wp-content\/uploads\/2022\/06\/281820246_3283131178611773_2729070163836777026_n-100x100.jpg 100w, https:\/\/sannale.ee\/wp-content\/uploads\/2022\/06\/281820246_3283131178611773_2729070163836777026_n-600x600.jpg 600w, https:\/\/sannale.ee\/wp-content\/uploads\/2022\/06\/281820246_3283131178611773_2729070163836777026_n.jpg 1024w, https:\/\/sannale.ee\/wp-content\/uploads\/2022\/06\/281820246_3283131178611773_2729070163836777026_n-150x150.jpg 150w, https:\/\/sannale.ee\/wp-content\/uploads\/2022\/06\/281820246_3283131178611773_2729070163836777026_n-768x768.jpg 768w\" data-sizes=\"(max-width: 300px) 100vw, 300px\" src=\"data:image\/svg+xml;base64,PHN2ZyB3aWR0aD0iMSIgaGVpZ2h0PSIxIiB4bWxucz0iaHR0cDovL3d3dy53My5vcmcvMjAwMC9zdmciPjwvc3ZnPg==\" style=\"--smush-placeholder-width: 300px; --smush-placeholder-aspect-ratio: 300\/300;\" \/><\/p>\n<h4>Care guide:<\/h4>\n<p> Handwashing up to 30 degrees, bleaching and tumble drying not allowed. When packing up a stroller, always remove the mosquito net from the stroller first. Otherwise, parts of the stroller&#8217;s carcass may tear the netting. &nbsp;<\/p>\n<p>&nbsp;<\/p>\n<div><img decoding=\"async\" class=\"size-full wp-image-16939 lazyload\" data-src=\"https:\/\/sannale.ee\/wp-content\/uploads\/2023\/12\/meeli2.jpg\" alt=\"\" width=\"300\" height=\"200\" src=\"data:image\/svg+xml;base64,PHN2ZyB3aWR0aD0iMSIgaGVpZ2h0PSIxIiB4bWxucz0iaHR0cDovL3d3dy53My5vcmcvMjAwMC9zdmciPjwvc3ZnPg==\" style=\"--smush-placeholder-width: 300px; --smush-placeholder-aspect-ratio: 300\/200;\"><\/div>\n<div><\/div>\n<div class=\"_4u-c xkhd6sd x18d9i69 x4uap5 xexx8yu x9f619 x5yr21d _9hq\">\n<div class=\"_5f0v uiScrollableArea fade contentBefore\" tabindex=\"0\">\n<div id=\"js_2g\" class=\"uiScrollableAreaWrap scrollable\">\n<div class=\"uiScrollableAreaBody\">\n<div class=\"uiScrollableAreaContent\">\n<div class=\"x1nz53y6 x16ydxro\">\n<div class=\"x1fqp7bg\">\n<div class=\"xeuugli x2lwn1j xuk3077 x78zum5 x1q0g3np x13a6bvl x1jchvi3 xlxfd2w x1gslohp x126k92a\">\n<div class=\"xeuugli x2lwn1j x6s0dn4 x78zum5 x15zctf7 x193iq5w xh8yej3\">\n<h4 class=\"xeuugli x2lwn1j xuk3077 x78zum5 xdl72j9 xdt5ytf x1c4vz4f x2lah0s x16fdfms x161msgk x1s9ed0f x1eapu41 x1r944mn\"><span style=\"font-size: 20px;\">Got questions or need advice? Get in touch and let&#8217;s take a look together! <\/span><\/h4>\n<div class=\"xeuugli x2lwn1j xuk3077 x78zum5 xdl72j9 xdt5ytf x1c4vz4f x2lah0s x16fdfms x161msgk x1s9ed0f x1eapu41 x1r944mn\"><span style=\"font-size: 18px;\">tel. <a href=\"tel:37258863122\">+372 58863122<\/a><\/span><\/div>\n<div class=\"xeuugli x2lwn1j xuk3077 x78zum5 xdl72j9 xdt5ytf x1c4vz4f x2lah0s x16fdfms x161msgk x1s9ed0f x1eapu41 x1r944mn\"><span style=\"font-size: 18px;\"><a href=\"mailto:sannale@sannale.ee\">sannale@sannale.ee<\/a><\/span><\/div>\n<div class=\"xeuugli x2lwn1j xuk3077 x78zum5 xdl72j9 xdt5ytf x1c4vz4f x2lah0s x16fdfms x161msgk x1s9ed0f x1eapu41 x1r944mn\"><span style=\"font-size: 18px;\">Meeli Viljaste<\/span><\/div>\n<\/div>\n<\/div>\n<div><\/div>\n<\/div>\n<\/div>\n<\/div>\n<\/div>\n<\/div>\n<\/div>\n<\/div>\n<h4>FAQ:<\/h4>\n<p><strong>How to maintain and clean a mosquito net?<\/strong> Mosquito nets can be washed in a washing machine on the hand wash program. <strong>Is there a specific model of insect net that fits on other strollers?<\/strong> May be but not necessarily. If possible, you can order exactly by the model of your stroller or order a custom order.  <strong>My stroller model is not yet available in the selection. Can I still order a mosquito net for my stroller? <\/strong>Yes. For the model, choose &#8220;Custom order, I will send you the measurements of my stroller&#8221;. The mosquito net should look like this: <a href=\"https:\/\/sannale.ee\/universaalne-putukavork\/\" target=\"_blank\" rel=\"noopener\">https:\/\/sannale.ee\/universaalne-putukavork\/ <\/a>You can also find the measuring guide at the same link. <strong>Can you measure it for me? <\/strong>Yes. If you come to J\u00e4lgim\u00e4e at a pre-arranged time during working hours, I will take the measurements myself. Measuring is free of charge during working hours and on working days. If you would like a measurement service in the evenings or at the weekend, the measurement fee is 15.- <strong>How do I store the net when not in use?<\/strong> Store the net in a storage bag. If your stroller has any parts of velcro straps attached to it, be sure to make sure that the net doesn&#8217;t get caught on the velcro straps.  <strong>Does the mosquito net come with a storage bag for free? <\/strong> Yes. All mosquito nets arrive with a storage bag. <strong>We have particularly tiny bugs that fly through the mesh. Do you have a suitable mosquito net for this problem? <\/strong>Yes. Send your request to sannale@sannale.ee and we&#8217;ll make your mosquito net from the special super fine mesh. <strong>Does the mosquito net break easily?<\/strong> No, it is a very durable mesh fabric. If you try to break the mesh fabric by pulling on it, it will take a lot of force. If you forget to put the mosquito net on the stroller and fold the stroller up so that the net gets caught between the trolley frame, you can still break the net. Make sure this doesn&#8217;t happen. Unless the net gets stuck hard behind a sharp object, it will have a very long life in normal use. UV does not make the mesh brittle or change its colour. Before the net wears out, your baby will probably just outgrow it.  <strong>Can the fastening clips come off the net? <\/strong>No, they are attached with very strong stitching and will not come off. However, if this should happen, let us know and I&#8217;ll fix what needs fixing. <strong>Is it complicated to install the network? <\/strong>Not in my opinion. If the handlebar is not attached to the canopy, pull the net over the stroller&#8217;s frame like a shower cap and tighten the elastic around the edges. If the canopy is attached to the handlebar, insert the handlebar through the net beforehand. If the shape of your stroller requires it, the last step is to attach the side clamps. And it&#8217;s installed.<\/p>\n","protected":false},"excerpt":{"rendered":"<h2><span style=\"font-size: 14pt;\">The handmade mosquito net for Sannale will protect your child in the best way, because it fits <strong>the shape of<\/strong> your stroller <strong>like a glove!<\/strong> <\/span><\/h2>\n<p><span style=\"font-size: 18px;\">See <span style=\"text-decoration: underline;\"><a href=\"#tellimisjuhend\">product<\/a><\/span> information for ordering information.<\/span><\/p>\n","protected":false},"featured_media":38142,"comment_status":"open","ping_status":"closed","template":"","meta":{"_uag_custom_page_level_css":"","site-sidebar-layout":"default","site-content-layout":"","ast-site-content-layout":"default","site-content-style":"default","site-sidebar-style":"default","ast-global-header-display":"","ast-banner-title-visibility":"","ast-main-header-display":"","ast-hfb-above-header-display":"","ast-hfb-below-header-display":"","ast-hfb-mobile-header-display":"","site-post-title":"","ast-breadcrumbs-content":"","ast-featured-img":"","footer-sml-layout":"","ast-disable-related-posts":"","theme-transparent-header-meta":"default","adv-header-id-meta":"","stick-header-meta":"","header-above-stick-meta":"","header-main-stick-meta":"","header-below-stick-meta":"","astra-migrate-meta-layouts":"default","ast-page-background-enabled":"default","ast-page-background-meta":{"desktop":{"background-color":"var(--ast-global-color-4)","background-image":"","background-repeat":"repeat","background-position":"center center","background-size":"auto","background-attachment":"scroll","background-type":"","background-media":"","overlay-type":"","overlay-color":"","overlay-opacity":"","overlay-gradient":""},"tablet":{"background-color":"","background-image":"","background-repeat":"repeat","background-position":"center center","background-size":"auto","background-attachment":"scroll","background-type":"","background-media":"","overlay-type":"","overlay-color":"","overlay-opacity":"","overlay-gradient":""},"mobile":{"background-color":"","background-image":"","background-repeat":"repeat","background-position":"center center","background-size":"auto","background-attachment":"scroll","background-type":"","background-media":"","overlay-type":"","overlay-color":"","overlay-opacity":"","overlay-gradient":""}},"ast-content-background-meta":{"desktop":{"background-color":"var(--ast-global-color-5)","background-image":"","background-repeat":"repeat","background-position":"center center","background-size":"auto","background-attachment":"scroll","background-type":"","background-media":"","overlay-type":"","overlay-color":"","overlay-opacity":"","overlay-gradient":""},"tablet":{"background-color":"var(--ast-global-color-5)","background-image":"","background-repeat":"repeat","background-position":"center center","background-size":"auto","background-attachment":"scroll","background-type":"","background-media":"","overlay-type":"","overlay-color":"","overlay-opacity":"","overlay-gradient":""},"mobile":{"background-color":"var(--ast-global-color-5)","background-image":"","background-repeat":"repeat","background-position":"center center","background-size":"auto","background-attachment":"scroll","background-type":"","background-media":"","overlay-type":"","overlay-color":"","overlay-opacity":"","overlay-gradient":""}}},"product_brand":[],"product_cat":[1247],"product_tag":[1267,1268,1269,1270,1271,1272,1275,1277,1279,1280,1281,1283,1287,1289,1273,1274,1806,2084],"class_list":{"0":"post-40180","1":"product","2":"type-product","3":"status-publish","4":"has-post-thumbnail","6":"product_cat-accessories-for-strollers","7":"product_tag-era-en","8":"product_tag-era-insect-net","9":"product_tag-era-mosquito-net","10":"product_tag-indie-en","11":"product_tag-indie-mosquito-net","12":"product_tag-indie-twin-en","13":"product_tag-insect-net","14":"product_tag-insect-net-for-stroller-en","15":"product_tag-insect-net-for-stroller-en-3","16":"product_tag-mosquito-net","17":"product_tag-mosquito-net-for-stroller","18":"product_tag-mosquito-net-for-stroller-en-2","19":"product_tag-stroller-insect-net","20":"product_tag-stroller-mosquito-net-en-3","21":"product_tag-stroller-mosquito-net","22":"product_tag-stroller-mosquito-net-en","23":"product_tag-thle-en","24":"product_tag-urban-glide-2-en-3","25":"pa_varv-black-en","26":"pa_varv-colored-i-choose-the-color-from-a-selection-of-fabrics-offered","27":"pa_varv-light-gray","28":"pa_varv-white","29":"desktop-align-left","30":"tablet-align-left","31":"mobile-align-left","33":"first","34":"instock","35":"taxable","36":"shipping-taxable","37":"purchasable","38":"product-type-variable"},"supplier_id":null,"supplier_sku":"","barcode":null,"atum_controlled":true,"out_stock_date":null,"out_stock_threshold":null,"inheritable":true,"inbound_stock":0,"stock_on_hold":0,"sold_today":0,"sales_last_days":2,"reserved_stock":0,"customer_returns":0,"warehouse_damage":0,"lost_in_post":0,"other_logs":0,"out_stock_days":0,"lost_sales":0,"has_location":false,"update_date":"2026-05-01T03:28:46","atum_locations":[],"atum_stock_status":"instock","restock_status":false,"low_stock_amount":"","sales_update_date":"2026-04-28T11:56:59","calc_backorders":null,"yoast_head":"<!-- This site is optimized with the Yoast SEO plugin v27.5 - https:\/\/yoast.com\/product\/yoast-seo-wordpress\/ -->\n<title>Mosquito net - Sannale<\/title>\n<meta name=\"description\" content=\"The Sannale mosquito net fits the shape of your stroller like a glove. With adjustable elastic and side clips, we handcraft the mosquito net in the colour of your choice!\" \/>\n<meta name=\"robots\" content=\"index, follow, max-snippet:-1, max-image-preview:large, max-video-preview:-1\" \/>\n<link rel=\"canonical\" href=\"https:\/\/sannale.ee\/en\/toode\/mosquito-net\/\" \/>\n<meta property=\"og:locale\" content=\"en_US\" \/>\n<meta property=\"og:type\" content=\"article\" \/>\n<meta property=\"og:title\" content=\"Mosquito net - Sannale\" \/>\n<meta property=\"og:description\" content=\"The Sannale mosquito net fits the shape of your stroller like a glove. With adjustable elastic and side clips, we handcraft the mosquito net in the colour of your choice!\" \/>\n<meta property=\"og:url\" content=\"https:\/\/sannale.ee\/en\/toode\/mosquito-net\/\" \/>\n<meta property=\"og:site_name\" content=\"Sannale\" \/>\n<meta property=\"article:publisher\" content=\"https:\/\/www.facebook.com\/MinuSannale\" \/>\n<meta property=\"article:modified_time\" content=\"2026-04-28T11:58:48+00:00\" \/>\n<meta property=\"og:image\" content=\"https:\/\/sannale.ee\/wp-content\/uploads\/2021\/04\/Putukavork.jpg\" \/>\n\t<meta property=\"og:image:width\" content=\"1080\" \/>\n\t<meta property=\"og:image:height\" content=\"1080\" \/>\n\t<meta property=\"og:image:type\" content=\"image\/jpeg\" \/>\n<meta name=\"twitter:card\" content=\"summary_large_image\" \/>\n<meta name=\"twitter:label1\" content=\"Est. reading time\" \/>\n\t<meta name=\"twitter:data1\" content=\"5 minutes\" \/>\n<script type=\"application\/ld+json\" class=\"yoast-schema-graph\">{\"@context\":\"https:\\\/\\\/schema.org\",\"@graph\":[{\"@type\":\"WebPage\",\"@id\":\"https:\\\/\\\/sannale.ee\\\/en\\\/toode\\\/mosquito-net\\\/\",\"url\":\"https:\\\/\\\/sannale.ee\\\/en\\\/toode\\\/mosquito-net\\\/\",\"name\":\"Mosquito net - Sannale\",\"isPartOf\":{\"@id\":\"https:\\\/\\\/sannale.ee\\\/#website\"},\"primaryImageOfPage\":{\"@id\":\"https:\\\/\\\/sannale.ee\\\/en\\\/toode\\\/mosquito-net\\\/#primaryimage\"},\"image\":{\"@id\":\"https:\\\/\\\/sannale.ee\\\/en\\\/toode\\\/mosquito-net\\\/#primaryimage\"},\"thumbnailUrl\":\"https:\\\/\\\/sannale.ee\\\/wp-content\\\/uploads\\\/2021\\\/04\\\/Putukavork.jpg\",\"datePublished\":\"2021-04-11T16:53:58+00:00\",\"dateModified\":\"2026-04-28T11:58:48+00:00\",\"description\":\"The Sannale mosquito net fits the shape of your stroller like a glove. With adjustable elastic and side clips, we handcraft the mosquito net in the colour of your choice!\",\"breadcrumb\":{\"@id\":\"https:\\\/\\\/sannale.ee\\\/en\\\/toode\\\/mosquito-net\\\/#breadcrumb\"},\"inLanguage\":\"en-US\",\"potentialAction\":[{\"@type\":\"ReadAction\",\"target\":[\"https:\\\/\\\/sannale.ee\\\/en\\\/toode\\\/mosquito-net\\\/\"]}]},{\"@type\":\"ImageObject\",\"inLanguage\":\"en-US\",\"@id\":\"https:\\\/\\\/sannale.ee\\\/en\\\/toode\\\/mosquito-net\\\/#primaryimage\",\"url\":\"https:\\\/\\\/sannale.ee\\\/wp-content\\\/uploads\\\/2021\\\/04\\\/Putukavork.jpg\",\"contentUrl\":\"https:\\\/\\\/sannale.ee\\\/wp-content\\\/uploads\\\/2021\\\/04\\\/Putukavork.jpg\",\"width\":1080,\"height\":1080,\"caption\":\"Mosquito net\"},{\"@type\":\"BreadcrumbList\",\"@id\":\"https:\\\/\\\/sannale.ee\\\/en\\\/toode\\\/mosquito-net\\\/#breadcrumb\",\"itemListElement\":[{\"@type\":\"ListItem\",\"position\":1,\"name\":\"Home\",\"item\":\"https:\\\/\\\/sannale.ee\\\/en\\\/\"},{\"@type\":\"ListItem\",\"position\":2,\"name\":\"Shop\",\"item\":\"https:\\\/\\\/sannale.ee\\\/en\\\/shop\\\/\"},{\"@type\":\"ListItem\",\"position\":3,\"name\":\"Mosquito net\"}]},{\"@type\":\"WebSite\",\"@id\":\"https:\\\/\\\/sannale.ee\\\/#website\",\"url\":\"https:\\\/\\\/sannale.ee\\\/\",\"name\":\"Sannale\",\"description\":\"K\u00e4sit\u00f6\u00f6na valminud k\u00e4rulisad ja lastetarbed\",\"publisher\":{\"@id\":\"https:\\\/\\\/sannale.ee\\\/#organization\"},\"potentialAction\":[{\"@type\":\"SearchAction\",\"target\":{\"@type\":\"EntryPoint\",\"urlTemplate\":\"https:\\\/\\\/sannale.ee\\\/?s={search_term_string}\"},\"query-input\":{\"@type\":\"PropertyValueSpecification\",\"valueRequired\":true,\"valueName\":\"search_term_string\"}}],\"inLanguage\":\"en-US\"},{\"@type\":\"Organization\",\"@id\":\"https:\\\/\\\/sannale.ee\\\/#organization\",\"name\":\"Sannale\",\"url\":\"https:\\\/\\\/sannale.ee\\\/\",\"logo\":{\"@type\":\"ImageObject\",\"inLanguage\":\"en-US\",\"@id\":\"https:\\\/\\\/sannale.ee\\\/#\\\/schema\\\/logo\\\/image\\\/\",\"url\":\"https:\\\/\\\/sannale.ee\\\/wp-content\\\/uploads\\\/2024\\\/02\\\/cropped-sannale-fb-logo-sydamega-5-tumedam-3-scaled.png\",\"contentUrl\":\"https:\\\/\\\/sannale.ee\\\/wp-content\\\/uploads\\\/2024\\\/02\\\/cropped-sannale-fb-logo-sydamega-5-tumedam-3-scaled.png\",\"width\":5100,\"height\":1758,\"caption\":\"Sannale\"},\"image\":{\"@id\":\"https:\\\/\\\/sannale.ee\\\/#\\\/schema\\\/logo\\\/image\\\/\"},\"sameAs\":[\"https:\\\/\\\/www.facebook.com\\\/MinuSannale\"]}]}<\/script>\n<!-- \/ Yoast SEO plugin. -->","yoast_head_json":{"title":"Mosquito net - Sannale","description":"The Sannale mosquito net fits the shape of your stroller like a glove. With adjustable elastic and side clips, we handcraft the mosquito net in the colour of your choice!","robots":{"index":"index","follow":"follow","max-snippet":"max-snippet:-1","max-image-preview":"max-image-preview:large","max-video-preview":"max-video-preview:-1"},"canonical":"https:\/\/sannale.ee\/en\/toode\/mosquito-net\/","og_locale":"en_US","og_type":"article","og_title":"Mosquito net - Sannale","og_description":"The Sannale mosquito net fits the shape of your stroller like a glove. With adjustable elastic and side clips, we handcraft the mosquito net in the colour of your choice!","og_url":"https:\/\/sannale.ee\/en\/toode\/mosquito-net\/","og_site_name":"Sannale","article_publisher":"https:\/\/www.facebook.com\/MinuSannale","article_modified_time":"2026-04-28T11:58:48+00:00","og_image":[{"width":1080,"height":1080,"url":"https:\/\/sannale.ee\/wp-content\/uploads\/2021\/04\/Putukavork.jpg","type":"image\/jpeg"}],"twitter_card":"summary_large_image","twitter_misc":{"Est. reading time":"5 minutes"},"schema":{"@context":"https:\/\/schema.org","@graph":[{"@type":"WebPage","@id":"https:\/\/sannale.ee\/en\/toode\/mosquito-net\/","url":"https:\/\/sannale.ee\/en\/toode\/mosquito-net\/","name":"Mosquito net - Sannale","isPartOf":{"@id":"https:\/\/sannale.ee\/#website"},"primaryImageOfPage":{"@id":"https:\/\/sannale.ee\/en\/toode\/mosquito-net\/#primaryimage"},"image":{"@id":"https:\/\/sannale.ee\/en\/toode\/mosquito-net\/#primaryimage"},"thumbnailUrl":"https:\/\/sannale.ee\/wp-content\/uploads\/2021\/04\/Putukavork.jpg","datePublished":"2021-04-11T16:53:58+00:00","dateModified":"2026-04-28T11:58:48+00:00","description":"The Sannale mosquito net fits the shape of your stroller like a glove. With adjustable elastic and side clips, we handcraft the mosquito net in the colour of your choice!","breadcrumb":{"@id":"https:\/\/sannale.ee\/en\/toode\/mosquito-net\/#breadcrumb"},"inLanguage":"en-US","potentialAction":[{"@type":"ReadAction","target":["https:\/\/sannale.ee\/en\/toode\/mosquito-net\/"]}]},{"@type":"ImageObject","inLanguage":"en-US","@id":"https:\/\/sannale.ee\/en\/toode\/mosquito-net\/#primaryimage","url":"https:\/\/sannale.ee\/wp-content\/uploads\/2021\/04\/Putukavork.jpg","contentUrl":"https:\/\/sannale.ee\/wp-content\/uploads\/2021\/04\/Putukavork.jpg","width":1080,"height":1080,"caption":"Mosquito net"},{"@type":"BreadcrumbList","@id":"https:\/\/sannale.ee\/en\/toode\/mosquito-net\/#breadcrumb","itemListElement":[{"@type":"ListItem","position":1,"name":"Home","item":"https:\/\/sannale.ee\/en\/"},{"@type":"ListItem","position":2,"name":"Shop","item":"https:\/\/sannale.ee\/en\/shop\/"},{"@type":"ListItem","position":3,"name":"Mosquito net"}]},{"@type":"WebSite","@id":"https:\/\/sannale.ee\/#website","url":"https:\/\/sannale.ee\/","name":"Sannale","description":"K\u00e4sit\u00f6\u00f6na valminud k\u00e4rulisad ja lastetarbed","publisher":{"@id":"https:\/\/sannale.ee\/#organization"},"potentialAction":[{"@type":"SearchAction","target":{"@type":"EntryPoint","urlTemplate":"https:\/\/sannale.ee\/?s={search_term_string}"},"query-input":{"@type":"PropertyValueSpecification","valueRequired":true,"valueName":"search_term_string"}}],"inLanguage":"en-US"},{"@type":"Organization","@id":"https:\/\/sannale.ee\/#organization","name":"Sannale","url":"https:\/\/sannale.ee\/","logo":{"@type":"ImageObject","inLanguage":"en-US","@id":"https:\/\/sannale.ee\/#\/schema\/logo\/image\/","url":"https:\/\/sannale.ee\/wp-content\/uploads\/2024\/02\/cropped-sannale-fb-logo-sydamega-5-tumedam-3-scaled.png","contentUrl":"https:\/\/sannale.ee\/wp-content\/uploads\/2024\/02\/cropped-sannale-fb-logo-sydamega-5-tumedam-3-scaled.png","width":5100,"height":1758,"caption":"Sannale"},"image":{"@id":"https:\/\/sannale.ee\/#\/schema\/logo\/image\/"},"sameAs":["https:\/\/www.facebook.com\/MinuSannale"]}]}},"uagb_featured_image_src":{"full":["https:\/\/sannale.ee\/wp-content\/uploads\/2021\/04\/Putukavork.jpg",1080,1080,false],"thumbnail":["https:\/\/sannale.ee\/wp-content\/uploads\/2021\/04\/Putukavork-150x150.jpg",150,150,true],"medium":["https:\/\/sannale.ee\/wp-content\/uploads\/2021\/04\/Putukavork-300x300.jpg",300,300,true],"medium_large":["https:\/\/sannale.ee\/wp-content\/uploads\/2021\/04\/Putukavork-768x768.jpg",768,768,true],"large":["https:\/\/sannale.ee\/wp-content\/uploads\/2021\/04\/Putukavork-1024x1024.jpg",1024,1024,true],"1536x1536":["https:\/\/sannale.ee\/wp-content\/uploads\/2021\/04\/Putukavork.jpg",1080,1080,false],"2048x2048":["https:\/\/sannale.ee\/wp-content\/uploads\/2021\/04\/Putukavork.jpg",1080,1080,false],"woocommerce_thumbnail":["https:\/\/sannale.ee\/wp-content\/uploads\/2021\/04\/Putukavork-300x300.jpg",300,300,true],"woocommerce_single":["https:\/\/sannale.ee\/wp-content\/uploads\/2021\/04\/Putukavork-600x600.jpg",600,600,true],"woocommerce_gallery_thumbnail":["https:\/\/sannale.ee\/wp-content\/uploads\/2021\/04\/Putukavork-100x100.jpg",100,100,true],"variation_swatches_image_size":["https:\/\/sannale.ee\/wp-content\/uploads\/2021\/04\/Putukavork-50x50.jpg",50,50,true],"variation_swatches_tooltip_size":["https:\/\/sannale.ee\/wp-content\/uploads\/2021\/04\/Putukavork-100x100.jpg",100,100,true]},"uagb_author_info":{"display_name":"meelip","author_link":"https:\/\/sannale.ee\/en\/author\/"},"uagb_comment_info":51,"uagb_excerpt":"The handmade mosquito net for Sannale will protect your child in the best way, because it fits the shape of your stroller like a glove! See product information for ordering information.","jetpack_sharing_enabled":true,"_links":{"self":[{"href":"https:\/\/sannale.ee\/en\/wp-json\/wp\/v2\/product\/40180","targetHints":{"allow":["GET"]}}],"collection":[{"href":"https:\/\/sannale.ee\/en\/wp-json\/wp\/v2\/product"}],"about":[{"href":"https:\/\/sannale.ee\/en\/wp-json\/wp\/v2\/types\/product"}],"replies":[{"embeddable":true,"href":"https:\/\/sannale.ee\/en\/wp-json\/wp\/v2\/comments?post=40180"}],"wp:featuredmedia":[{"embeddable":true,"href":"https:\/\/sannale.ee\/en\/wp-json\/wp\/v2\/media\/38142"}],"wp:attachment":[{"href":"https:\/\/sannale.ee\/en\/wp-json\/wp\/v2\/media?parent=40180"}],"wp:term":[{"taxonomy":"product_brand","embeddable":true,"href":"https:\/\/sannale.ee\/en\/wp-json\/wp\/v2\/product_brand?post=40180"},{"taxonomy":"product_cat","embeddable":true,"href":"https:\/\/sannale.ee\/en\/wp-json\/wp\/v2\/product_cat?post=40180"},{"taxonomy":"product_tag","embeddable":true,"href":"https:\/\/sannale.ee\/en\/wp-json\/wp\/v2\/product_tag?post=40180"}],"curies":[{"name":"wp","href":"https:\/\/api.w.org\/{rel}","templated":true}]}}