{"id":13852,"date":"2023-03-15T11:16:24","date_gmt":"2023-03-15T09:16:24","guid":{"rendered":"https:\/\/sannale.ee\/?post_type=product&#038;p=13852"},"modified":"2023-04-09T17:39:24","modified_gmt":"2023-04-09T14:39:24","slug":"vetthulgav_kangas_turkiis","status":"publish","type":"product","link":"https:\/\/sannale.ee\/en\/toode\/vetthulgav_kangas_turkiis\/","title":{"rendered":"Vetth\u00fclgav kangas &#8211; \u00fchev\u00e4rviline t\u00fcrkiis"},"content":{"rendered":"<p><em>Seda toodet saab tellida vaid koos\u00a0<a href=\"https:\/\/sannale.ee\/tootekategooria\/karude-lisavarustus\/istmekate-karule\/\">t<\/a>eiste toodetega.\u00a0<\/em><\/p>\n<p>Sobib k\u00e4rupehmenduse pealiskangaks, rihmapehmendusteks, vihmakile kotiks, kaarvarju pikenduseks.<\/p>\n<p>&nbsp;<\/p>\n<p><strong>Koostis:<\/strong><\/p>\n<p>100% pol\u00fcester 191g\/m2, kaetud kahekordse pol\u00fcet\u00fcleen kihiga mis annab kangale kulumiskindluse ja teeb kanga ilmastikule vastupidavaks .<\/p>\n<p>Kangas on UV kindel, kuid v\u00f5ib kaotada otsese p\u00e4ikese k\u00e4es v\u00e4rvi.<\/p>\n<p>&nbsp;<\/p>\n<p><strong>Hooldusjuhend<\/strong>:<\/p>\n<p><img decoding=\"async\" class=\"size-medium wp-image-14670 lazyload\" data-src=\"https:\/\/sannale.ee\/wp-content\/uploads\/2023\/03\/hooldusjuhend-poluester-1-300x59.jpg\" alt=\"hooldusjuhend pol\u00fcester-1\" width=\"300\" height=\"59\" data-srcset=\"https:\/\/sannale.ee\/wp-content\/uploads\/2023\/03\/hooldusjuhend-poluester-1-300x59.jpg 300w, https:\/\/sannale.ee\/wp-content\/uploads\/2023\/03\/hooldusjuhend-poluester-1.jpg 400w\" data-sizes=\"(max-width: 300px) 100vw, 300px\" src=\"data:image\/svg+xml;base64,PHN2ZyB3aWR0aD0iMSIgaGVpZ2h0PSIxIiB4bWxucz0iaHR0cDovL3d3dy53My5vcmcvMjAwMC9zdmciPjwvc3ZnPg==\" style=\"--smush-placeholder-width: 300px; --smush-placeholder-aspect-ratio: 300\/59;\" \/><\/p>\n<p>&nbsp;<\/p>\n<p>&nbsp;<\/p>\n","protected":false},"excerpt":{"rendered":"<h1><span style=\"font-size: 18.6667px;\">Vetth\u00fclgav kangas, mis meenutab <\/span><span style=\"font-size: 18.6667px;\">olemuselt k\u00e4ru kaarvarju kangast.\u00a0<\/span><\/h1>\n<p>&nbsp;<\/p>\n","protected":false},"featured_media":13855,"comment_status":"open","ping_status":"closed","template":"","meta":{"_uag_custom_page_level_css":"","site-sidebar-layout":"default","site-content-layout":"","ast-site-content-layout":"default","site-content-style":"default","site-sidebar-style":"default","ast-global-header-display":"","ast-banner-title-visibility":"","ast-main-header-display":"","ast-hfb-above-header-display":"","ast-hfb-below-header-display":"","ast-hfb-mobile-header-display":"","site-post-title":"","ast-breadcrumbs-content":"","ast-featured-img":"","footer-sml-layout":"","ast-disable-related-posts":"","theme-transparent-header-meta":"","adv-header-id-meta":"","stick-header-meta":"","header-above-stick-meta":"","header-main-stick-meta":"","header-below-stick-meta":"","astra-migrate-meta-layouts":"default","ast-page-background-enabled":"default","ast-page-background-meta":{"desktop":{"background-color":"var(--ast-global-color-4)","background-image":"","background-repeat":"repeat","background-position":"center center","background-size":"auto","background-attachment":"scroll","background-type":"","background-media":"","overlay-type":"","overlay-color":"","overlay-opacity":"","overlay-gradient":""},"tablet":{"background-color":"","background-image":"","background-repeat":"repeat","background-position":"center center","background-size":"auto","background-attachment":"scroll","background-type":"","background-media":"","overlay-type":"","overlay-color":"","overlay-opacity":"","overlay-gradient":""},"mobile":{"background-color":"","background-image":"","background-repeat":"repeat","background-position":"center center","background-size":"auto","background-attachment":"scroll","background-type":"","background-media":"","overlay-type":"","overlay-color":"","overlay-opacity":"","overlay-gradient":""}},"ast-content-background-meta":{"desktop":{"background-color":"var(--ast-global-color-5)","background-image":"","background-repeat":"repeat","background-position":"center center","background-size":"auto","background-attachment":"scroll","background-type":"","background-media":"","overlay-type":"","overlay-color":"","overlay-opacity":"","overlay-gradient":""},"tablet":{"background-color":"var(--ast-global-color-5)","background-image":"","background-repeat":"repeat","background-position":"center center","background-size":"auto","background-attachment":"scroll","background-type":"","background-media":"","overlay-type":"","overlay-color":"","overlay-opacity":"","overlay-gradient":""},"mobile":{"background-color":"var(--ast-global-color-5)","background-image":"","background-repeat":"repeat","background-position":"center center","background-size":"auto","background-attachment":"scroll","background-type":"","background-media":"","overlay-type":"","overlay-color":"","overlay-opacity":"","overlay-gradient":""}}},"product_brand":[],"product_cat":[1052,1050,1039],"product_tag":[448,451,450,449],"class_list":{"0":"post-13852","1":"product","2":"type-product","3":"status-publish","4":"has-post-thumbnail","6":"product_cat-jalakatte-varvilise-aare-kangas","7":"product_cat-vetthulgav-kangas-rihmapehmendustele","8":"product_cat-vetthulgav-kangas-karupehmendusele","9":"product_tag-istmekatte-kangas","10":"product_tag-kangas-istmekatteks","11":"product_tag-kangas-karupehmenduseks","12":"product_tag-karupehmenduse-kangas","13":"desktop-align-left","14":"tablet-align-left","15":"mobile-align-left","17":"first","18":"instock","19":"taxable","20":"shipping-taxable","21":"purchasable","22":"product-type-simple"},"supplier_id":null,"supplier_sku":"","barcode":null,"atum_controlled":true,"out_stock_date":null,"out_stock_threshold":null,"inheritable":false,"inbound_stock":0,"stock_on_hold":0,"sold_today":0,"sales_last_days":0,"reserved_stock":0,"customer_returns":0,"warehouse_damage":0,"lost_in_post":0,"other_logs":0,"out_stock_days":0,"lost_sales":0,"has_location":false,"update_date":"2026-04-13T00:39:55","atum_locations":[],"atum_stock_status":"instock","restock_status":false,"low_stock_amount":0,"sales_update_date":"2026-04-13T00:39:53","calc_backorders":0,"yoast_head":"<!-- This site is optimized with the Yoast SEO plugin v27.4 - https:\/\/yoast.com\/product\/yoast-seo-wordpress\/ -->\n<title>Vetth\u00fclgav kangas - \u00fchev\u00e4rviline t\u00fcrkiis - Sannale<\/title>\n<meta name=\"description\" content=\"Vetth\u00fclgav k\u00e4rulisade kangas mida saad valida oma k\u00e4rulisade jaoks.\" \/>\n<meta name=\"robots\" content=\"index, follow, max-snippet:-1, max-image-preview:large, max-video-preview:-1\" \/>\n<link rel=\"canonical\" href=\"https:\/\/sannale.ee\/toode\/vetthulgav_kangas_turkiis\/\" \/>\n<meta property=\"og:locale\" content=\"en_US\" \/>\n<meta property=\"og:type\" content=\"article\" \/>\n<meta property=\"og:title\" content=\"Vetth\u00fclgav kangas - \u00fchev\u00e4rviline t\u00fcrkiis - Sannale\" \/>\n<meta property=\"og:description\" content=\"Vetth\u00fclgav k\u00e4rulisade kangas mida saad valida oma k\u00e4rulisade jaoks.\" \/>\n<meta property=\"og:url\" content=\"https:\/\/sannale.ee\/toode\/vetthulgav_kangas_turkiis\/\" \/>\n<meta property=\"og:site_name\" content=\"Sannale\" \/>\n<meta property=\"article:publisher\" content=\"https:\/\/www.facebook.com\/MinuSannale\" \/>\n<meta property=\"article:modified_time\" content=\"2023-04-09T14:39:24+00:00\" \/>\n<meta property=\"og:image\" content=\"https:\/\/sannale.ee\/wp-content\/uploads\/2023\/03\/Sannale-istmekate-Bumblerid-Indie-karule-1.jpg\" \/>\n\t<meta property=\"og:image:width\" content=\"768\" \/>\n\t<meta property=\"og:image:height\" content=\"1024\" \/>\n\t<meta property=\"og:image:type\" content=\"image\/jpeg\" \/>\n<meta name=\"twitter:card\" content=\"summary_large_image\" \/>\n<meta name=\"twitter:label1\" content=\"Est. reading time\" \/>\n\t<meta name=\"twitter:data1\" content=\"1 minute\" \/>\n<script type=\"application\/ld+json\" class=\"yoast-schema-graph\">{\"@context\":\"https:\\\/\\\/schema.org\",\"@graph\":[{\"@type\":\"WebPage\",\"@id\":\"https:\\\/\\\/sannale.ee\\\/toode\\\/vetthulgav_kangas_turkiis\\\/\",\"url\":\"https:\\\/\\\/sannale.ee\\\/toode\\\/vetthulgav_kangas_turkiis\\\/\",\"name\":\"Vetth\u00fclgav kangas - \u00fchev\u00e4rviline t\u00fcrkiis - Sannale\",\"isPartOf\":{\"@id\":\"https:\\\/\\\/sannale.ee\\\/#website\"},\"primaryImageOfPage\":{\"@id\":\"https:\\\/\\\/sannale.ee\\\/toode\\\/vetthulgav_kangas_turkiis\\\/#primaryimage\"},\"image\":{\"@id\":\"https:\\\/\\\/sannale.ee\\\/toode\\\/vetthulgav_kangas_turkiis\\\/#primaryimage\"},\"thumbnailUrl\":\"https:\\\/\\\/sannale.ee\\\/wp-content\\\/uploads\\\/2023\\\/03\\\/Sannale-istmekate-Bumblerid-Indie-karule-1.jpg\",\"datePublished\":\"2023-03-15T09:16:24+00:00\",\"dateModified\":\"2023-04-09T14:39:24+00:00\",\"description\":\"Vetth\u00fclgav k\u00e4rulisade kangas mida saad valida oma k\u00e4rulisade jaoks.\",\"breadcrumb\":{\"@id\":\"https:\\\/\\\/sannale.ee\\\/toode\\\/vetthulgav_kangas_turkiis\\\/#breadcrumb\"},\"inLanguage\":\"en-US\",\"potentialAction\":[{\"@type\":\"ReadAction\",\"target\":[\"https:\\\/\\\/sannale.ee\\\/toode\\\/vetthulgav_kangas_turkiis\\\/\"]}]},{\"@type\":\"ImageObject\",\"inLanguage\":\"en-US\",\"@id\":\"https:\\\/\\\/sannale.ee\\\/toode\\\/vetthulgav_kangas_turkiis\\\/#primaryimage\",\"url\":\"https:\\\/\\\/sannale.ee\\\/wp-content\\\/uploads\\\/2023\\\/03\\\/Sannale-istmekate-Bumblerid-Indie-karule-1.jpg\",\"contentUrl\":\"https:\\\/\\\/sannale.ee\\\/wp-content\\\/uploads\\\/2023\\\/03\\\/Sannale-istmekate-Bumblerid-Indie-karule-1.jpg\",\"width\":768,\"height\":1024,\"caption\":\"Sannale istmekate Bumblerid Indie k\u00e4rule-1\"},{\"@type\":\"BreadcrumbList\",\"@id\":\"https:\\\/\\\/sannale.ee\\\/toode\\\/vetthulgav_kangas_turkiis\\\/#breadcrumb\",\"itemListElement\":[{\"@type\":\"ListItem\",\"position\":1,\"name\":\"Home\",\"item\":\"https:\\\/\\\/sannale.ee\\\/en\\\/\"},{\"@type\":\"ListItem\",\"position\":2,\"name\":\"Shop\",\"item\":\"https:\\\/\\\/sannale.ee\\\/en\\\/shop\\\/\"},{\"@type\":\"ListItem\",\"position\":3,\"name\":\"Vetth\u00fclgav kangas &#8211; \u00fchev\u00e4rviline t\u00fcrkiis\"}]},{\"@type\":\"WebSite\",\"@id\":\"https:\\\/\\\/sannale.ee\\\/#website\",\"url\":\"https:\\\/\\\/sannale.ee\\\/\",\"name\":\"Sannale\",\"description\":\"K\u00e4sit\u00f6\u00f6na valminud k\u00e4rulisad ja lastetarbed\",\"publisher\":{\"@id\":\"https:\\\/\\\/sannale.ee\\\/#organization\"},\"potentialAction\":[{\"@type\":\"SearchAction\",\"target\":{\"@type\":\"EntryPoint\",\"urlTemplate\":\"https:\\\/\\\/sannale.ee\\\/?s={search_term_string}\"},\"query-input\":{\"@type\":\"PropertyValueSpecification\",\"valueRequired\":true,\"valueName\":\"search_term_string\"}}],\"inLanguage\":\"en-US\"},{\"@type\":\"Organization\",\"@id\":\"https:\\\/\\\/sannale.ee\\\/#organization\",\"name\":\"Sannale\",\"url\":\"https:\\\/\\\/sannale.ee\\\/\",\"logo\":{\"@type\":\"ImageObject\",\"inLanguage\":\"en-US\",\"@id\":\"https:\\\/\\\/sannale.ee\\\/#\\\/schema\\\/logo\\\/image\\\/\",\"url\":\"https:\\\/\\\/sannale.ee\\\/wp-content\\\/uploads\\\/2024\\\/02\\\/cropped-sannale-fb-logo-sydamega-5-tumedam-3-scaled.png\",\"contentUrl\":\"https:\\\/\\\/sannale.ee\\\/wp-content\\\/uploads\\\/2024\\\/02\\\/cropped-sannale-fb-logo-sydamega-5-tumedam-3-scaled.png\",\"width\":5100,\"height\":1758,\"caption\":\"Sannale\"},\"image\":{\"@id\":\"https:\\\/\\\/sannale.ee\\\/#\\\/schema\\\/logo\\\/image\\\/\"},\"sameAs\":[\"https:\\\/\\\/www.facebook.com\\\/MinuSannale\"]}]}<\/script>\n<!-- \/ Yoast SEO plugin. -->","yoast_head_json":{"title":"Vetth\u00fclgav kangas - \u00fchev\u00e4rviline t\u00fcrkiis - Sannale","description":"Vetth\u00fclgav k\u00e4rulisade kangas mida saad valida oma k\u00e4rulisade jaoks.","robots":{"index":"index","follow":"follow","max-snippet":"max-snippet:-1","max-image-preview":"max-image-preview:large","max-video-preview":"max-video-preview:-1"},"canonical":"https:\/\/sannale.ee\/toode\/vetthulgav_kangas_turkiis\/","og_locale":"en_US","og_type":"article","og_title":"Vetth\u00fclgav kangas - \u00fchev\u00e4rviline t\u00fcrkiis - Sannale","og_description":"Vetth\u00fclgav k\u00e4rulisade kangas mida saad valida oma k\u00e4rulisade jaoks.","og_url":"https:\/\/sannale.ee\/toode\/vetthulgav_kangas_turkiis\/","og_site_name":"Sannale","article_publisher":"https:\/\/www.facebook.com\/MinuSannale","article_modified_time":"2023-04-09T14:39:24+00:00","og_image":[{"width":768,"height":1024,"url":"https:\/\/sannale.ee\/wp-content\/uploads\/2023\/03\/Sannale-istmekate-Bumblerid-Indie-karule-1.jpg","type":"image\/jpeg"}],"twitter_card":"summary_large_image","twitter_misc":{"Est. reading time":"1 minute"},"schema":{"@context":"https:\/\/schema.org","@graph":[{"@type":"WebPage","@id":"https:\/\/sannale.ee\/toode\/vetthulgav_kangas_turkiis\/","url":"https:\/\/sannale.ee\/toode\/vetthulgav_kangas_turkiis\/","name":"Vetth\u00fclgav kangas - \u00fchev\u00e4rviline t\u00fcrkiis - Sannale","isPartOf":{"@id":"https:\/\/sannale.ee\/#website"},"primaryImageOfPage":{"@id":"https:\/\/sannale.ee\/toode\/vetthulgav_kangas_turkiis\/#primaryimage"},"image":{"@id":"https:\/\/sannale.ee\/toode\/vetthulgav_kangas_turkiis\/#primaryimage"},"thumbnailUrl":"https:\/\/sannale.ee\/wp-content\/uploads\/2023\/03\/Sannale-istmekate-Bumblerid-Indie-karule-1.jpg","datePublished":"2023-03-15T09:16:24+00:00","dateModified":"2023-04-09T14:39:24+00:00","description":"Vetth\u00fclgav k\u00e4rulisade kangas mida saad valida oma k\u00e4rulisade jaoks.","breadcrumb":{"@id":"https:\/\/sannale.ee\/toode\/vetthulgav_kangas_turkiis\/#breadcrumb"},"inLanguage":"en-US","potentialAction":[{"@type":"ReadAction","target":["https:\/\/sannale.ee\/toode\/vetthulgav_kangas_turkiis\/"]}]},{"@type":"ImageObject","inLanguage":"en-US","@id":"https:\/\/sannale.ee\/toode\/vetthulgav_kangas_turkiis\/#primaryimage","url":"https:\/\/sannale.ee\/wp-content\/uploads\/2023\/03\/Sannale-istmekate-Bumblerid-Indie-karule-1.jpg","contentUrl":"https:\/\/sannale.ee\/wp-content\/uploads\/2023\/03\/Sannale-istmekate-Bumblerid-Indie-karule-1.jpg","width":768,"height":1024,"caption":"Sannale istmekate Bumblerid Indie k\u00e4rule-1"},{"@type":"BreadcrumbList","@id":"https:\/\/sannale.ee\/toode\/vetthulgav_kangas_turkiis\/#breadcrumb","itemListElement":[{"@type":"ListItem","position":1,"name":"Home","item":"https:\/\/sannale.ee\/en\/"},{"@type":"ListItem","position":2,"name":"Shop","item":"https:\/\/sannale.ee\/en\/shop\/"},{"@type":"ListItem","position":3,"name":"Vetth\u00fclgav kangas &#8211; \u00fchev\u00e4rviline t\u00fcrkiis"}]},{"@type":"WebSite","@id":"https:\/\/sannale.ee\/#website","url":"https:\/\/sannale.ee\/","name":"Sannale","description":"K\u00e4sit\u00f6\u00f6na valminud k\u00e4rulisad ja lastetarbed","publisher":{"@id":"https:\/\/sannale.ee\/#organization"},"potentialAction":[{"@type":"SearchAction","target":{"@type":"EntryPoint","urlTemplate":"https:\/\/sannale.ee\/?s={search_term_string}"},"query-input":{"@type":"PropertyValueSpecification","valueRequired":true,"valueName":"search_term_string"}}],"inLanguage":"en-US"},{"@type":"Organization","@id":"https:\/\/sannale.ee\/#organization","name":"Sannale","url":"https:\/\/sannale.ee\/","logo":{"@type":"ImageObject","inLanguage":"en-US","@id":"https:\/\/sannale.ee\/#\/schema\/logo\/image\/","url":"https:\/\/sannale.ee\/wp-content\/uploads\/2024\/02\/cropped-sannale-fb-logo-sydamega-5-tumedam-3-scaled.png","contentUrl":"https:\/\/sannale.ee\/wp-content\/uploads\/2024\/02\/cropped-sannale-fb-logo-sydamega-5-tumedam-3-scaled.png","width":5100,"height":1758,"caption":"Sannale"},"image":{"@id":"https:\/\/sannale.ee\/#\/schema\/logo\/image\/"},"sameAs":["https:\/\/www.facebook.com\/MinuSannale"]}]}},"uagb_featured_image_src":{"full":["https:\/\/sannale.ee\/wp-content\/uploads\/2023\/03\/Sannale-istmekate-Bumblerid-Indie-karule-1.jpg",768,1024,false],"thumbnail":["https:\/\/sannale.ee\/wp-content\/uploads\/2023\/03\/Sannale-istmekate-Bumblerid-Indie-karule-1-150x150.jpg",150,150,true],"medium":["https:\/\/sannale.ee\/wp-content\/uploads\/2023\/03\/Sannale-istmekate-Bumblerid-Indie-karule-1-225x300.jpg",225,300,true],"medium_large":["https:\/\/sannale.ee\/wp-content\/uploads\/2023\/03\/Sannale-istmekate-Bumblerid-Indie-karule-1.jpg",768,1024,false],"large":["https:\/\/sannale.ee\/wp-content\/uploads\/2023\/03\/Sannale-istmekate-Bumblerid-Indie-karule-1.jpg",768,1024,false],"1536x1536":["https:\/\/sannale.ee\/wp-content\/uploads\/2023\/03\/Sannale-istmekate-Bumblerid-Indie-karule-1.jpg",768,1024,false],"2048x2048":["https:\/\/sannale.ee\/wp-content\/uploads\/2023\/03\/Sannale-istmekate-Bumblerid-Indie-karule-1.jpg",768,1024,false],"woocommerce_thumbnail":["https:\/\/sannale.ee\/wp-content\/uploads\/2023\/03\/Sannale-istmekate-Bumblerid-Indie-karule-1-300x300.jpg",300,300,true],"woocommerce_single":["https:\/\/sannale.ee\/wp-content\/uploads\/2023\/03\/Sannale-istmekate-Bumblerid-Indie-karule-1-600x800.jpg",600,800,true],"woocommerce_gallery_thumbnail":["https:\/\/sannale.ee\/wp-content\/uploads\/2023\/03\/Sannale-istmekate-Bumblerid-Indie-karule-1-100x100.jpg",100,100,true],"variation_swatches_image_size":["https:\/\/sannale.ee\/wp-content\/uploads\/2023\/03\/Sannale-istmekate-Bumblerid-Indie-karule-1-50x50.jpg",50,50,true],"variation_swatches_tooltip_size":["https:\/\/sannale.ee\/wp-content\/uploads\/2023\/03\/Sannale-istmekate-Bumblerid-Indie-karule-1-100x100.jpg",100,100,true]},"uagb_author_info":{"display_name":"meelip","author_link":"https:\/\/sannale.ee\/en\/author\/"},"uagb_comment_info":0,"uagb_excerpt":"Vetth\u00fclgav kangas, mis meenutab olemuselt k\u00e4ru kaarvarju kangast.\u00a0 &nbsp;","jetpack_sharing_enabled":true,"_links":{"self":[{"href":"https:\/\/sannale.ee\/en\/wp-json\/wp\/v2\/product\/13852","targetHints":{"allow":["GET"]}}],"collection":[{"href":"https:\/\/sannale.ee\/en\/wp-json\/wp\/v2\/product"}],"about":[{"href":"https:\/\/sannale.ee\/en\/wp-json\/wp\/v2\/types\/product"}],"replies":[{"embeddable":true,"href":"https:\/\/sannale.ee\/en\/wp-json\/wp\/v2\/comments?post=13852"}],"wp:featuredmedia":[{"embeddable":true,"href":"https:\/\/sannale.ee\/en\/wp-json\/wp\/v2\/media\/13855"}],"wp:attachment":[{"href":"https:\/\/sannale.ee\/en\/wp-json\/wp\/v2\/media?parent=13852"}],"wp:term":[{"taxonomy":"product_brand","embeddable":true,"href":"https:\/\/sannale.ee\/en\/wp-json\/wp\/v2\/product_brand?post=13852"},{"taxonomy":"product_cat","embeddable":true,"href":"https:\/\/sannale.ee\/en\/wp-json\/wp\/v2\/product_cat?post=13852"},{"taxonomy":"product_tag","embeddable":true,"href":"https:\/\/sannale.ee\/en\/wp-json\/wp\/v2\/product_tag?post=13852"}],"curies":[{"name":"wp","href":"https:\/\/api.w.org\/{rel}","templated":true}]}}