{"id":13851,"date":"2023-03-15T10:19:30","date_gmt":"2023-03-15T08:19:30","guid":{"rendered":"https:\/\/sannale.ee\/?post_type=product&#038;p=13851"},"modified":"2025-10-30T13:46:59","modified_gmt":"2025-10-30T11:46:59","slug":"istmekatte-puuvillane-kattekangas-eritellimus","status":"publish","type":"product","link":"https:\/\/sannale.ee\/en\/toode\/istmekatte-puuvillane-kattekangas-eritellimus\/","title":{"rendered":"Istmekatte eritellimuskangas &#8211; valin kangapoest ise oma mustri."},"content":{"rendered":"\n<p><em>Seda toodet saab tellida vaid koos&nbsp;<a href=\"https:\/\/sannale.ee\/tootekategooria\/karude-lisavarustus\/istmekate-karule\/\">k\u00e4rupehmendusega.<\/a><\/em><\/p>\n\n\n\n<p>&nbsp;<\/p>\n\n\n\n<p>Vali enda lemmik k\u00e4rupehmenduse kangas nende linkide seast:<\/p>\n\n\n\n<p><a href=\"https:\/\/kangahaldjas.eu\/?product_cat=&amp;s=kanvas&amp;post_type=product\" target=\"_blank\" rel=\"noreferrer noopener\">https:\/\/kangahaldjas.eu\/?product_cat=&amp;s=kanvas&amp;post_type=product<\/a><\/p>\n\n\n\n<p><a href=\"https:\/\/www.abakhan.ee\/catalogsearch\/result\/?q=kanvas\" target=\"_blank\" rel=\"noreferrer noopener\">https:\/\/www.abakhan.ee\/catalogsearch\/result\/?q=kanvas<\/a><\/p>\n\n\n\n<p><a href=\"https:\/\/sunnyday.ee\/tootekategooria\/dressikangas\/mustriline\/\" target=\"_blank\" rel=\"noreferrer noopener\">https:\/\/sunnyday.ee\/tootekategooria\/dressikangas\/mustriline\/<\/a><\/p>\n\n\n\n<p><a href=\"https:\/\/www.kangakaubamaja.ee\/tootekategooria\/puuvill_lina\/kanvas\/\" target=\"_blank\" rel=\"noreferrer noopener\">https:\/\/www.kangakaubamaja.ee\/tootekategooria\/puuvill_lina\/kanvas\/<\/a><\/p>\n\n\n\n<p>&nbsp;<\/p>\n\n\n\n<p>Kui soovid k\u00e4rupehmendust kaksikute k\u00e4rule, siis kaht samast kangast k\u00e4rupehemendust tellides lisa siiski ostukorvi vaid 1 eritllimuskangas.<\/p>\n\n\n\n<p>&nbsp;<\/p>\n\n\n\n<p><\/p>\n","protected":false},"excerpt":{"rendered":"<h1><span style=\"font-size: 14pt;\">Istmekatte puuvillane kattekangas, <a href=\"https:\/\/sannale.ee\/tootekategooria\/karude-lisavarustus\/istmekate-karule\/\">k\u00e4rupehmenduse<\/a> v\u00e4rviliseks osaks.\u00a0<\/span><\/h1>\n<p>Kui istmekatet tellides oled juba vaadanud l\u00e4bi meie puuvillaste kangaste laovaliku ja sealt sobivat kangast ei leidnud, vali oma kangaks just see siin!<\/p>\n<p>See t\u00e4hendab, et tellime sinu pehmenduse jaoks kanga kohale sinu valitud e-poest. Vaata kangalinkide valikut altpoolt tootekirjeldusest ja lisa valitud link tellides kommentaaride lahrtrisse.<\/p>\n<p>\u00a0<\/p>\n","protected":false},"featured_media":6163,"comment_status":"open","ping_status":"closed","template":"","meta":{"_uag_custom_page_level_css":"","site-sidebar-layout":"default","site-content-layout":"","ast-site-content-layout":"default","site-content-style":"default","site-sidebar-style":"default","ast-global-header-display":"","ast-banner-title-visibility":"","ast-main-header-display":"","ast-hfb-above-header-display":"","ast-hfb-below-header-display":"","ast-hfb-mobile-header-display":"","site-post-title":"","ast-breadcrumbs-content":"","ast-featured-img":"","footer-sml-layout":"","ast-disable-related-posts":"","theme-transparent-header-meta":"","adv-header-id-meta":"","stick-header-meta":"","header-above-stick-meta":"","header-main-stick-meta":"","header-below-stick-meta":"","astra-migrate-meta-layouts":"default","ast-page-background-enabled":"default","ast-page-background-meta":{"desktop":{"background-color":"var(--ast-global-color-4)","background-image":"","background-repeat":"repeat","background-position":"center center","background-size":"auto","background-attachment":"scroll","background-type":"","background-media":"","overlay-type":"","overlay-color":"","overlay-opacity":"","overlay-gradient":""},"tablet":{"background-color":"","background-image":"","background-repeat":"repeat","background-position":"center center","background-size":"auto","background-attachment":"scroll","background-type":"","background-media":"","overlay-type":"","overlay-color":"","overlay-opacity":"","overlay-gradient":""},"mobile":{"background-color":"","background-image":"","background-repeat":"repeat","background-position":"center center","background-size":"auto","background-attachment":"scroll","background-type":"","background-media":"","overlay-type":"","overlay-color":"","overlay-opacity":"","overlay-gradient":""}},"ast-content-background-meta":{"desktop":{"background-color":"var(--ast-global-color-5)","background-image":"","background-repeat":"repeat","background-position":"center center","background-size":"auto","background-attachment":"scroll","background-type":"","background-media":"","overlay-type":"","overlay-color":"","overlay-opacity":"","overlay-gradient":""},"tablet":{"background-color":"var(--ast-global-color-5)","background-image":"","background-repeat":"repeat","background-position":"center center","background-size":"auto","background-attachment":"scroll","background-type":"","background-media":"","overlay-type":"","overlay-color":"","overlay-opacity":"","overlay-gradient":""},"mobile":{"background-color":"var(--ast-global-color-5)","background-image":"","background-repeat":"repeat","background-position":"center center","background-size":"auto","background-attachment":"scroll","background-type":"","background-media":"","overlay-type":"","overlay-color":"","overlay-opacity":"","overlay-gradient":""}}},"product_brand":[],"product_cat":[1038],"product_tag":[448,451,450,449],"class_list":{"0":"post-13851","1":"product","2":"type-product","3":"status-publish","4":"has-post-thumbnail","6":"product_cat-puuvillane-eritellimuskangas","7":"product_tag-istmekatte-kangas","8":"product_tag-kangas-istmekatteks","9":"product_tag-kangas-karupehmenduseks","10":"product_tag-karupehmenduse-kangas","11":"desktop-align-left","12":"tablet-align-left","13":"mobile-align-left","15":"first","16":"onbackorder","17":"taxable","18":"shipping-taxable","19":"purchasable","20":"product-type-simple"},"supplier_id":null,"supplier_sku":"","barcode":null,"atum_controlled":true,"out_stock_date":null,"out_stock_threshold":null,"inheritable":false,"inbound_stock":0,"stock_on_hold":0,"sold_today":0,"sales_last_days":0,"reserved_stock":0,"customer_returns":0,"warehouse_damage":0,"lost_in_post":0,"other_logs":0,"out_stock_days":0,"lost_sales":0,"has_location":false,"update_date":"2026-04-12T00:37:33","atum_locations":[],"atum_stock_status":"onbackorder","restock_status":false,"low_stock_amount":"","sales_update_date":"2026-04-12T00:37:32","calc_backorders":null,"yoast_head":"<!-- This site is optimized with the Yoast SEO plugin v27.4 - https:\/\/yoast.com\/product\/yoast-seo-wordpress\/ -->\n<title>Istmekatte eritellimuskangas - valin kangapoest ise oma mustri. - Sannale<\/title>\n<meta name=\"description\" content=\"Istmekatte puuvillane kattekangas, mida saad valida oma k\u00e4rupehmenduse pealiskanga jaoks. Puuvillane kangas on ka suvel m\u00f5nus k\u00fcljealune.\" \/>\n<meta name=\"robots\" content=\"index, follow, max-snippet:-1, max-image-preview:large, max-video-preview:-1\" \/>\n<link rel=\"canonical\" href=\"https:\/\/sannale.ee\/toode\/istmekatte-puuvillane-kattekangas-eritellimus\/\" \/>\n<meta property=\"og:locale\" content=\"en_US\" \/>\n<meta property=\"og:type\" content=\"article\" \/>\n<meta property=\"og:title\" content=\"Istmekatte eritellimuskangas - valin kangapoest ise oma mustri. - Sannale\" \/>\n<meta property=\"og:description\" content=\"Istmekatte puuvillane kattekangas, mida saad valida oma k\u00e4rupehmenduse pealiskanga jaoks. Puuvillane kangas on ka suvel m\u00f5nus k\u00fcljealune.\" \/>\n<meta property=\"og:url\" content=\"https:\/\/sannale.ee\/toode\/istmekatte-puuvillane-kattekangas-eritellimus\/\" \/>\n<meta property=\"og:site_name\" content=\"Sannale\" \/>\n<meta property=\"article:publisher\" content=\"https:\/\/www.facebook.com\/MinuSannale\" \/>\n<meta property=\"article:modified_time\" content=\"2025-10-30T11:46:59+00:00\" \/>\n<meta property=\"og:image\" content=\"https:\/\/sannale.ee\/wp-content\/uploads\/2021\/10\/sisupehmendused.jpg\" \/>\n\t<meta property=\"og:image:width\" content=\"1024\" \/>\n\t<meta property=\"og:image:height\" content=\"1024\" \/>\n\t<meta property=\"og:image:type\" content=\"image\/jpeg\" \/>\n<meta name=\"twitter:card\" content=\"summary_large_image\" \/>\n<meta name=\"twitter:label1\" content=\"Est. reading time\" \/>\n\t<meta name=\"twitter:data1\" content=\"1 minute\" \/>\n<script type=\"application\/ld+json\" class=\"yoast-schema-graph\">{\"@context\":\"https:\\\/\\\/schema.org\",\"@graph\":[{\"@type\":\"WebPage\",\"@id\":\"https:\\\/\\\/sannale.ee\\\/toode\\\/istmekatte-puuvillane-kattekangas-eritellimus\\\/\",\"url\":\"https:\\\/\\\/sannale.ee\\\/toode\\\/istmekatte-puuvillane-kattekangas-eritellimus\\\/\",\"name\":\"Istmekatte eritellimuskangas - valin kangapoest ise oma mustri. - Sannale\",\"isPartOf\":{\"@id\":\"https:\\\/\\\/sannale.ee\\\/#website\"},\"primaryImageOfPage\":{\"@id\":\"https:\\\/\\\/sannale.ee\\\/toode\\\/istmekatte-puuvillane-kattekangas-eritellimus\\\/#primaryimage\"},\"image\":{\"@id\":\"https:\\\/\\\/sannale.ee\\\/toode\\\/istmekatte-puuvillane-kattekangas-eritellimus\\\/#primaryimage\"},\"thumbnailUrl\":\"https:\\\/\\\/sannale.ee\\\/wp-content\\\/uploads\\\/2021\\\/10\\\/sisupehmendused.jpg\",\"datePublished\":\"2023-03-15T08:19:30+00:00\",\"dateModified\":\"2025-10-30T11:46:59+00:00\",\"description\":\"Istmekatte puuvillane kattekangas, mida saad valida oma k\u00e4rupehmenduse pealiskanga jaoks. Puuvillane kangas on ka suvel m\u00f5nus k\u00fcljealune.\",\"breadcrumb\":{\"@id\":\"https:\\\/\\\/sannale.ee\\\/toode\\\/istmekatte-puuvillane-kattekangas-eritellimus\\\/#breadcrumb\"},\"inLanguage\":\"en-US\",\"potentialAction\":[{\"@type\":\"ReadAction\",\"target\":[\"https:\\\/\\\/sannale.ee\\\/toode\\\/istmekatte-puuvillane-kattekangas-eritellimus\\\/\"]}]},{\"@type\":\"ImageObject\",\"inLanguage\":\"en-US\",\"@id\":\"https:\\\/\\\/sannale.ee\\\/toode\\\/istmekatte-puuvillane-kattekangas-eritellimus\\\/#primaryimage\",\"url\":\"https:\\\/\\\/sannale.ee\\\/wp-content\\\/uploads\\\/2021\\\/10\\\/sisupehmendused.jpg\",\"contentUrl\":\"https:\\\/\\\/sannale.ee\\\/wp-content\\\/uploads\\\/2021\\\/10\\\/sisupehmendused.jpg\",\"width\":1024,\"height\":1024,\"caption\":\"Sannale Trash cushioning\"},{\"@type\":\"BreadcrumbList\",\"@id\":\"https:\\\/\\\/sannale.ee\\\/toode\\\/istmekatte-puuvillane-kattekangas-eritellimus\\\/#breadcrumb\",\"itemListElement\":[{\"@type\":\"ListItem\",\"position\":1,\"name\":\"Home\",\"item\":\"https:\\\/\\\/sannale.ee\\\/en\\\/\"},{\"@type\":\"ListItem\",\"position\":2,\"name\":\"Shop\",\"item\":\"https:\\\/\\\/sannale.ee\\\/en\\\/shop\\\/\"},{\"@type\":\"ListItem\",\"position\":3,\"name\":\"Istmekatte eritellimuskangas &#8211; valin kangapoest ise oma mustri.\"}]},{\"@type\":\"WebSite\",\"@id\":\"https:\\\/\\\/sannale.ee\\\/#website\",\"url\":\"https:\\\/\\\/sannale.ee\\\/\",\"name\":\"Sannale\",\"description\":\"K\u00e4sit\u00f6\u00f6na valminud k\u00e4rulisad ja lastetarbed\",\"publisher\":{\"@id\":\"https:\\\/\\\/sannale.ee\\\/#organization\"},\"potentialAction\":[{\"@type\":\"SearchAction\",\"target\":{\"@type\":\"EntryPoint\",\"urlTemplate\":\"https:\\\/\\\/sannale.ee\\\/?s={search_term_string}\"},\"query-input\":{\"@type\":\"PropertyValueSpecification\",\"valueRequired\":true,\"valueName\":\"search_term_string\"}}],\"inLanguage\":\"en-US\"},{\"@type\":\"Organization\",\"@id\":\"https:\\\/\\\/sannale.ee\\\/#organization\",\"name\":\"Sannale\",\"url\":\"https:\\\/\\\/sannale.ee\\\/\",\"logo\":{\"@type\":\"ImageObject\",\"inLanguage\":\"en-US\",\"@id\":\"https:\\\/\\\/sannale.ee\\\/#\\\/schema\\\/logo\\\/image\\\/\",\"url\":\"https:\\\/\\\/sannale.ee\\\/wp-content\\\/uploads\\\/2024\\\/02\\\/cropped-sannale-fb-logo-sydamega-5-tumedam-3-scaled.png\",\"contentUrl\":\"https:\\\/\\\/sannale.ee\\\/wp-content\\\/uploads\\\/2024\\\/02\\\/cropped-sannale-fb-logo-sydamega-5-tumedam-3-scaled.png\",\"width\":5100,\"height\":1758,\"caption\":\"Sannale\"},\"image\":{\"@id\":\"https:\\\/\\\/sannale.ee\\\/#\\\/schema\\\/logo\\\/image\\\/\"},\"sameAs\":[\"https:\\\/\\\/www.facebook.com\\\/MinuSannale\"]}]}<\/script>\n<!-- \/ Yoast SEO plugin. -->","yoast_head_json":{"title":"Istmekatte eritellimuskangas - valin kangapoest ise oma mustri. - Sannale","description":"Istmekatte puuvillane kattekangas, mida saad valida oma k\u00e4rupehmenduse pealiskanga jaoks. Puuvillane kangas on ka suvel m\u00f5nus k\u00fcljealune.","robots":{"index":"index","follow":"follow","max-snippet":"max-snippet:-1","max-image-preview":"max-image-preview:large","max-video-preview":"max-video-preview:-1"},"canonical":"https:\/\/sannale.ee\/toode\/istmekatte-puuvillane-kattekangas-eritellimus\/","og_locale":"en_US","og_type":"article","og_title":"Istmekatte eritellimuskangas - valin kangapoest ise oma mustri. - Sannale","og_description":"Istmekatte puuvillane kattekangas, mida saad valida oma k\u00e4rupehmenduse pealiskanga jaoks. Puuvillane kangas on ka suvel m\u00f5nus k\u00fcljealune.","og_url":"https:\/\/sannale.ee\/toode\/istmekatte-puuvillane-kattekangas-eritellimus\/","og_site_name":"Sannale","article_publisher":"https:\/\/www.facebook.com\/MinuSannale","article_modified_time":"2025-10-30T11:46:59+00:00","og_image":[{"width":1024,"height":1024,"url":"https:\/\/sannale.ee\/wp-content\/uploads\/2021\/10\/sisupehmendused.jpg","type":"image\/jpeg"}],"twitter_card":"summary_large_image","twitter_misc":{"Est. reading time":"1 minute"},"schema":{"@context":"https:\/\/schema.org","@graph":[{"@type":"WebPage","@id":"https:\/\/sannale.ee\/toode\/istmekatte-puuvillane-kattekangas-eritellimus\/","url":"https:\/\/sannale.ee\/toode\/istmekatte-puuvillane-kattekangas-eritellimus\/","name":"Istmekatte eritellimuskangas - valin kangapoest ise oma mustri. - Sannale","isPartOf":{"@id":"https:\/\/sannale.ee\/#website"},"primaryImageOfPage":{"@id":"https:\/\/sannale.ee\/toode\/istmekatte-puuvillane-kattekangas-eritellimus\/#primaryimage"},"image":{"@id":"https:\/\/sannale.ee\/toode\/istmekatte-puuvillane-kattekangas-eritellimus\/#primaryimage"},"thumbnailUrl":"https:\/\/sannale.ee\/wp-content\/uploads\/2021\/10\/sisupehmendused.jpg","datePublished":"2023-03-15T08:19:30+00:00","dateModified":"2025-10-30T11:46:59+00:00","description":"Istmekatte puuvillane kattekangas, mida saad valida oma k\u00e4rupehmenduse pealiskanga jaoks. Puuvillane kangas on ka suvel m\u00f5nus k\u00fcljealune.","breadcrumb":{"@id":"https:\/\/sannale.ee\/toode\/istmekatte-puuvillane-kattekangas-eritellimus\/#breadcrumb"},"inLanguage":"en-US","potentialAction":[{"@type":"ReadAction","target":["https:\/\/sannale.ee\/toode\/istmekatte-puuvillane-kattekangas-eritellimus\/"]}]},{"@type":"ImageObject","inLanguage":"en-US","@id":"https:\/\/sannale.ee\/toode\/istmekatte-puuvillane-kattekangas-eritellimus\/#primaryimage","url":"https:\/\/sannale.ee\/wp-content\/uploads\/2021\/10\/sisupehmendused.jpg","contentUrl":"https:\/\/sannale.ee\/wp-content\/uploads\/2021\/10\/sisupehmendused.jpg","width":1024,"height":1024,"caption":"Sannale Trash cushioning"},{"@type":"BreadcrumbList","@id":"https:\/\/sannale.ee\/toode\/istmekatte-puuvillane-kattekangas-eritellimus\/#breadcrumb","itemListElement":[{"@type":"ListItem","position":1,"name":"Home","item":"https:\/\/sannale.ee\/en\/"},{"@type":"ListItem","position":2,"name":"Shop","item":"https:\/\/sannale.ee\/en\/shop\/"},{"@type":"ListItem","position":3,"name":"Istmekatte eritellimuskangas &#8211; valin kangapoest ise oma mustri."}]},{"@type":"WebSite","@id":"https:\/\/sannale.ee\/#website","url":"https:\/\/sannale.ee\/","name":"Sannale","description":"K\u00e4sit\u00f6\u00f6na valminud k\u00e4rulisad ja lastetarbed","publisher":{"@id":"https:\/\/sannale.ee\/#organization"},"potentialAction":[{"@type":"SearchAction","target":{"@type":"EntryPoint","urlTemplate":"https:\/\/sannale.ee\/?s={search_term_string}"},"query-input":{"@type":"PropertyValueSpecification","valueRequired":true,"valueName":"search_term_string"}}],"inLanguage":"en-US"},{"@type":"Organization","@id":"https:\/\/sannale.ee\/#organization","name":"Sannale","url":"https:\/\/sannale.ee\/","logo":{"@type":"ImageObject","inLanguage":"en-US","@id":"https:\/\/sannale.ee\/#\/schema\/logo\/image\/","url":"https:\/\/sannale.ee\/wp-content\/uploads\/2024\/02\/cropped-sannale-fb-logo-sydamega-5-tumedam-3-scaled.png","contentUrl":"https:\/\/sannale.ee\/wp-content\/uploads\/2024\/02\/cropped-sannale-fb-logo-sydamega-5-tumedam-3-scaled.png","width":5100,"height":1758,"caption":"Sannale"},"image":{"@id":"https:\/\/sannale.ee\/#\/schema\/logo\/image\/"},"sameAs":["https:\/\/www.facebook.com\/MinuSannale"]}]}},"uagb_featured_image_src":{"full":["https:\/\/sannale.ee\/wp-content\/uploads\/2021\/10\/sisupehmendused.jpg",1024,1024,false],"thumbnail":["https:\/\/sannale.ee\/wp-content\/uploads\/2021\/10\/sisupehmendused-150x150.jpg",150,150,true],"medium":["https:\/\/sannale.ee\/wp-content\/uploads\/2021\/10\/sisupehmendused-300x300.jpg",300,300,true],"medium_large":["https:\/\/sannale.ee\/wp-content\/uploads\/2021\/10\/sisupehmendused-768x768.jpg",768,768,true],"large":["https:\/\/sannale.ee\/wp-content\/uploads\/2021\/10\/sisupehmendused-1024x1024.jpg",1024,1024,true],"1536x1536":["https:\/\/sannale.ee\/wp-content\/uploads\/2021\/10\/sisupehmendused.jpg",1024,1024,false],"2048x2048":["https:\/\/sannale.ee\/wp-content\/uploads\/2021\/10\/sisupehmendused.jpg",1024,1024,false],"woocommerce_thumbnail":["https:\/\/sannale.ee\/wp-content\/uploads\/2021\/10\/sisupehmendused-300x300.jpg",300,300,true],"woocommerce_single":["https:\/\/sannale.ee\/wp-content\/uploads\/2021\/10\/sisupehmendused-600x600.jpg",600,600,true],"woocommerce_gallery_thumbnail":["https:\/\/sannale.ee\/wp-content\/uploads\/2021\/10\/sisupehmendused-100x100.jpg",100,100,true],"variation_swatches_image_size":["https:\/\/sannale.ee\/wp-content\/uploads\/2021\/10\/sisupehmendused.jpg",50,50,false],"variation_swatches_tooltip_size":["https:\/\/sannale.ee\/wp-content\/uploads\/2021\/10\/sisupehmendused.jpg",100,100,false]},"uagb_author_info":{"display_name":"meelip","author_link":"https:\/\/sannale.ee\/en\/author\/"},"uagb_comment_info":0,"uagb_excerpt":"Istmekatte puuvillane kattekangas, k\u00e4rupehmenduse v\u00e4rviliseks osaks.\u00a0 Kui istmekatet tellides oled juba vaadanud l\u00e4bi meie puuvillaste kangaste laovaliku ja sealt sobivat kangast ei leidnud, vali oma kangaks just see siin! See t\u00e4hendab, et tellime sinu pehmenduse jaoks kanga kohale sinu valitud e-poest. Vaata kangalinkide valikut altpoolt tootekirjeldusest ja lisa valitud link tellides kommentaaride lahrtrisse. \u00a0","jetpack_sharing_enabled":true,"_links":{"self":[{"href":"https:\/\/sannale.ee\/en\/wp-json\/wp\/v2\/product\/13851","targetHints":{"allow":["GET"]}}],"collection":[{"href":"https:\/\/sannale.ee\/en\/wp-json\/wp\/v2\/product"}],"about":[{"href":"https:\/\/sannale.ee\/en\/wp-json\/wp\/v2\/types\/product"}],"replies":[{"embeddable":true,"href":"https:\/\/sannale.ee\/en\/wp-json\/wp\/v2\/comments?post=13851"}],"wp:featuredmedia":[{"embeddable":true,"href":"https:\/\/sannale.ee\/en\/wp-json\/wp\/v2\/media\/6163"}],"wp:attachment":[{"href":"https:\/\/sannale.ee\/en\/wp-json\/wp\/v2\/media?parent=13851"}],"wp:term":[{"taxonomy":"product_brand","embeddable":true,"href":"https:\/\/sannale.ee\/en\/wp-json\/wp\/v2\/product_brand?post=13851"},{"taxonomy":"product_cat","embeddable":true,"href":"https:\/\/sannale.ee\/en\/wp-json\/wp\/v2\/product_cat?post=13851"},{"taxonomy":"product_tag","embeddable":true,"href":"https:\/\/sannale.ee\/en\/wp-json\/wp\/v2\/product_tag?post=13851"}],"curies":[{"name":"wp","href":"https:\/\/api.w.org\/{rel}","templated":true}]}}