{"id":44135,"date":"2022-09-27T22:47:41","date_gmt":"2022-09-27T19:47:41","guid":{"rendered":"https:\/\/sannale.ee\/sannale-wheel-covers-for-bumbler-era-trolley\/"},"modified":"2024-08-21T22:40:38","modified_gmt":"2024-08-21T19:40:38","slug":"sannale-wheel-covers-for-bumbler-era-trolley","status":"publish","type":"page","link":"https:\/\/sannale.ee\/en\/sannale-wheel-covers-for-bumbler-era-trolley\/","title":{"rendered":"Sannale wheel covers for Bumbler Era trolley"},"content":{"rendered":"\n<ul class=\"wp-block-list\"><li>wheel covers <strong>to protect the floor<\/strong> when storing a trolley with dusty wheels in the room.<\/li><li>good to use <strong>for lifting the<\/strong> trolley <strong>into the car<\/strong><\/li><li>made of <strong>waterproof fabric<\/strong> and keep dirt out<\/li><li>just <strong>the size of<\/strong><strong> your <\/strong>trolley wheels<\/li><li><strong>for convenient storage, <\/strong><strong> a<\/strong> <strong>wheel cover storage bag<\/strong> is available<strong> as an<\/strong> optional<strong> extra.<\/strong> <\/li><li><strong>a unique design<\/strong>, a cut created for Sanna, which can only be ordered from us and handcrafted <strong>just for you.<\/strong><\/li><\/ul>\n\n<p><a href=\"https:\/\/sannale.ee\/en\/toode\/wheel-covers-for-trolleys\/\"><\/a><a href=\"https:\/\/sannale.ee\/en\/toode\/wheel-covers-for-trolleys\/\">Order Sanna&#8217;s wheel covers from our e-shop!<\/a><\/p>\n\n<div class=\"wp-block-jetpack-tiled-gallery aligncenter is-style-rectangular\"><div class=\"tiled-gallery__gallery\"><div class=\"tiled-gallery__row\"><div class=\"tiled-gallery__col\" style=\"flex-basis:66.75280%\"><figure class=\"tiled-gallery__item\"><img decoding=\"async\" data-srcset=\"https:\/\/i0.wp.com\/sannale.ee\/wp-content\/uploads\/2021\/11\/20210721_124417-Edit-1024x1024.jpg?strip=info&#038;w=600&#038;ssl=1 600w,https:\/\/i0.wp.com\/sannale.ee\/wp-content\/uploads\/2021\/11\/20210721_124417-Edit-1024x1024.jpg?strip=info&#038;w=900&#038;ssl=1 900w,https:\/\/i0.wp.com\/sannale.ee\/wp-content\/uploads\/2021\/11\/20210721_124417-Edit-1024x1024.jpg?strip=info&#038;w=1024&#038;ssl=1 1024w\" alt=\"Rattakatted\" data-height=\"1024\" data-id=\"6789\" data-link=\"https:\/\/sannale.ee\/blogi\/karude-lisavarustus-milliseid-tooteid-teeme\/20210721_124417-edit-3\/\" data-url=\"https:\/\/sannale.ee\/wp-content\/uploads\/2021\/11\/20210721_124417-Edit-1024x1024.jpg\" data-width=\"1024\" data-src=\"https:\/\/i0.wp.com\/sannale.ee\/wp-content\/uploads\/2021\/11\/20210721_124417-Edit-1024x1024.jpg?ssl=1\" data-amp-layout=\"responsive\" src=\"data:image\/svg+xml;base64,PHN2ZyB3aWR0aD0iMSIgaGVpZ2h0PSIxIiB4bWxucz0iaHR0cDovL3d3dy53My5vcmcvMjAwMC9zdmciPjwvc3ZnPg==\" class=\"lazyload\" style=\"--smush-placeholder-width: 1024px; --smush-placeholder-aspect-ratio: 1024\/1024;\"><\/figure><\/div><div class=\"tiled-gallery__col\" style=\"flex-basis:33.24720%\"><figure class=\"tiled-gallery__item\"><img decoding=\"async\" data-srcset=\"https:\/\/i2.wp.com\/sannale.ee\/wp-content\/uploads\/2021\/09\/ann-vahtramae-era-rattakatted-2-1024x1024.jpg?strip=info&#038;w=600&#038;ssl=1 600w,https:\/\/i2.wp.com\/sannale.ee\/wp-content\/uploads\/2021\/09\/ann-vahtramae-era-rattakatted-2-1024x1024.jpg?strip=info&#038;w=900&#038;ssl=1 900w,https:\/\/i2.wp.com\/sannale.ee\/wp-content\/uploads\/2021\/09\/ann-vahtramae-era-rattakatted-2-1024x1024.jpg?strip=info&#038;w=1024&#038;ssl=1 1024w\" alt=\"Bumbleride Era wheel covers\" data-height=\"1024\" data-id=\"5629\" data-link=\"https:\/\/sannale.ee\/?attachment_id=5629\" data-url=\"https:\/\/sannale.ee\/wp-content\/uploads\/2021\/09\/ann-vahtramae-era-rattakatted-2-1024x1024.jpg\" data-width=\"1024\" data-src=\"https:\/\/i2.wp.com\/sannale.ee\/wp-content\/uploads\/2021\/09\/ann-vahtramae-era-rattakatted-2-1024x1024.jpg?ssl=1\" data-amp-layout=\"responsive\" src=\"data:image\/svg+xml;base64,PHN2ZyB3aWR0aD0iMSIgaGVpZ2h0PSIxIiB4bWxucz0iaHR0cDovL3d3dy53My5vcmcvMjAwMC9zdmciPjwvc3ZnPg==\" class=\"lazyload\" style=\"--smush-placeholder-width: 1024px; --smush-placeholder-aspect-ratio: 1024\/1024;\"><\/figure><figure class=\"tiled-gallery__item\"><img decoding=\"async\" data-srcset=\"https:\/\/i1.wp.com\/sannale.ee\/wp-content\/uploads\/2020\/11\/IMGP3477-1024x1024.jpg?strip=info&#038;w=600&#038;ssl=1 600w,https:\/\/i1.wp.com\/sannale.ee\/wp-content\/uploads\/2020\/11\/IMGP3477-1024x1024.jpg?strip=info&#038;w=900&#038;ssl=1 900w,https:\/\/i1.wp.com\/sannale.ee\/wp-content\/uploads\/2020\/11\/IMGP3477-1024x1024.jpg?strip=info&#038;w=1200&#038;ssl=1 1200w,https:\/\/i1.wp.com\/sannale.ee\/wp-content\/uploads\/2020\/11\/IMGP3477-1024x1024.jpg?strip=info&#038;w=1500&#038;ssl=1 1500w,https:\/\/i1.wp.com\/sannale.ee\/wp-content\/uploads\/2020\/11\/IMGP3477-1024x1024.jpg?strip=info&#038;w=1800&#038;ssl=1 1800w,https:\/\/i1.wp.com\/sannale.ee\/wp-content\/uploads\/2020\/11\/IMGP3477-1024x1024.jpg?strip=info&#038;w=2000&#038;ssl=1 2000w\" alt=\"Rattakatted\" data-height=\"2000\" data-id=\"609\" data-link=\"https:\/\/sannale.ee\/?attachment_id=609\" data-url=\"https:\/\/sannale.ee\/wp-content\/uploads\/2020\/11\/IMGP3477-1024x1024.jpg\" data-width=\"2000\" data-src=\"https:\/\/i1.wp.com\/sannale.ee\/wp-content\/uploads\/2020\/11\/IMGP3477-1024x1024.jpg?ssl=1\" data-amp-layout=\"responsive\" src=\"data:image\/svg+xml;base64,PHN2ZyB3aWR0aD0iMSIgaGVpZ2h0PSIxIiB4bWxucz0iaHR0cDovL3d3dy53My5vcmcvMjAwMC9zdmciPjwvc3ZnPg==\" class=\"lazyload\" style=\"--smush-placeholder-width: 1024px; --smush-placeholder-aspect-ratio: 1024\/1024;\"><\/figure><\/div><\/div><div class=\"tiled-gallery__row\"><div class=\"tiled-gallery__col\" style=\"flex-basis:25.00000%\"><figure class=\"tiled-gallery__item\"><img decoding=\"async\" data-srcset=\"https:\/\/i0.wp.com\/sannale.ee\/wp-content\/uploads\/2020\/11\/IMGP3472-Edit-1024x1024.jpg?strip=info&#038;w=600&#038;ssl=1 600w,https:\/\/i0.wp.com\/sannale.ee\/wp-content\/uploads\/2020\/11\/IMGP3472-Edit-1024x1024.jpg?strip=info&#038;w=900&#038;ssl=1 900w,https:\/\/i0.wp.com\/sannale.ee\/wp-content\/uploads\/2020\/11\/IMGP3472-Edit-1024x1024.jpg?strip=info&#038;w=1200&#038;ssl=1 1200w,https:\/\/i0.wp.com\/sannale.ee\/wp-content\/uploads\/2020\/11\/IMGP3472-Edit-1024x1024.jpg?strip=info&#038;w=1500&#038;ssl=1 1500w,https:\/\/i0.wp.com\/sannale.ee\/wp-content\/uploads\/2020\/11\/IMGP3472-Edit-1024x1024.jpg?strip=info&#038;w=1800&#038;ssl=1 1800w,https:\/\/i0.wp.com\/sannale.ee\/wp-content\/uploads\/2020\/11\/IMGP3472-Edit-1024x1024.jpg?strip=info&#038;w=2000&#038;ssl=1 2000w\" alt=\"Rattakatted\" data-height=\"2000\" data-id=\"608\" data-link=\"https:\/\/sannale.ee\/?attachment_id=608\" data-url=\"https:\/\/sannale.ee\/wp-content\/uploads\/2020\/11\/IMGP3472-Edit-1024x1024.jpg\" data-width=\"2000\" data-src=\"https:\/\/i0.wp.com\/sannale.ee\/wp-content\/uploads\/2020\/11\/IMGP3472-Edit-1024x1024.jpg?ssl=1\" data-amp-layout=\"responsive\" src=\"data:image\/svg+xml;base64,PHN2ZyB3aWR0aD0iMSIgaGVpZ2h0PSIxIiB4bWxucz0iaHR0cDovL3d3dy53My5vcmcvMjAwMC9zdmciPjwvc3ZnPg==\" class=\"lazyload\" style=\"--smush-placeholder-width: 1024px; --smush-placeholder-aspect-ratio: 1024\/1024;\"><\/figure><\/div><div class=\"tiled-gallery__col\" style=\"flex-basis:25.00000%\"><figure class=\"tiled-gallery__item\"><img decoding=\"async\" data-srcset=\"https:\/\/i1.wp.com\/sannale.ee\/wp-content\/uploads\/2020\/11\/IMGP3479-Edit-1024x1024.jpg?strip=info&#038;w=600&#038;ssl=1 600w,https:\/\/i1.wp.com\/sannale.ee\/wp-content\/uploads\/2020\/11\/IMGP3479-Edit-1024x1024.jpg?strip=info&#038;w=900&#038;ssl=1 900w,https:\/\/i1.wp.com\/sannale.ee\/wp-content\/uploads\/2020\/11\/IMGP3479-Edit-1024x1024.jpg?strip=info&#038;w=1200&#038;ssl=1 1200w,https:\/\/i1.wp.com\/sannale.ee\/wp-content\/uploads\/2020\/11\/IMGP3479-Edit-1024x1024.jpg?strip=info&#038;w=1500&#038;ssl=1 1500w,https:\/\/i1.wp.com\/sannale.ee\/wp-content\/uploads\/2020\/11\/IMGP3479-Edit-1024x1024.jpg?strip=info&#038;w=1800&#038;ssl=1 1800w,https:\/\/i1.wp.com\/sannale.ee\/wp-content\/uploads\/2020\/11\/IMGP3479-Edit-1024x1024.jpg?strip=info&#038;w=2000&#038;ssl=1 2000w\" alt=\"Rattakatted\" data-height=\"2000\" data-id=\"610\" data-link=\"https:\/\/sannale.ee\/?attachment_id=610\" data-url=\"https:\/\/sannale.ee\/wp-content\/uploads\/2020\/11\/IMGP3479-Edit-1024x1024.jpg\" data-width=\"2000\" data-src=\"https:\/\/i1.wp.com\/sannale.ee\/wp-content\/uploads\/2020\/11\/IMGP3479-Edit-1024x1024.jpg?ssl=1\" data-amp-layout=\"responsive\" src=\"data:image\/svg+xml;base64,PHN2ZyB3aWR0aD0iMSIgaGVpZ2h0PSIxIiB4bWxucz0iaHR0cDovL3d3dy53My5vcmcvMjAwMC9zdmciPjwvc3ZnPg==\" class=\"lazyload\" style=\"--smush-placeholder-width: 1024px; --smush-placeholder-aspect-ratio: 1024\/1024;\"><\/figure><\/div><div class=\"tiled-gallery__col\" style=\"flex-basis:25.00000%\"><figure class=\"tiled-gallery__item\"><img decoding=\"async\" data-srcset=\"https:\/\/i0.wp.com\/sannale.ee\/wp-content\/uploads\/2021\/09\/20210721_123555-1024x1024.jpg?strip=info&#038;w=600&#038;ssl=1 600w,https:\/\/i0.wp.com\/sannale.ee\/wp-content\/uploads\/2021\/09\/20210721_123555-1024x1024.jpg?strip=info&#038;w=900&#038;ssl=1 900w,https:\/\/i0.wp.com\/sannale.ee\/wp-content\/uploads\/2021\/09\/20210721_123555-1024x1024.jpg?strip=info&#038;w=1024&#038;ssl=1 1024w\" alt=\"Bumbleride Era wheel covers\" data-height=\"1024\" data-id=\"5628\" data-link=\"https:\/\/sannale.ee\/?attachment_id=5628\" data-url=\"https:\/\/sannale.ee\/wp-content\/uploads\/2021\/09\/20210721_123555-1024x1024.jpg\" data-width=\"1024\" data-src=\"https:\/\/i0.wp.com\/sannale.ee\/wp-content\/uploads\/2021\/09\/20210721_123555-1024x1024.jpg?ssl=1\" data-amp-layout=\"responsive\" src=\"data:image\/svg+xml;base64,PHN2ZyB3aWR0aD0iMSIgaGVpZ2h0PSIxIiB4bWxucz0iaHR0cDovL3d3dy53My5vcmcvMjAwMC9zdmciPjwvc3ZnPg==\" class=\"lazyload\" style=\"--smush-placeholder-width: 1024px; --smush-placeholder-aspect-ratio: 1024\/1024;\"><\/figure><\/div><div class=\"tiled-gallery__col\" style=\"flex-basis:25.00000%\"><figure class=\"tiled-gallery__item\"><img decoding=\"async\" data-srcset=\"https:\/\/i0.wp.com\/sannale.ee\/wp-content\/uploads\/2020\/11\/247130399_4240307402759356_2887733590766674713_n-Edit-1024x1024.jpg?strip=info&#038;w=600&#038;ssl=1 600w,https:\/\/i0.wp.com\/sannale.ee\/wp-content\/uploads\/2020\/11\/247130399_4240307402759356_2887733590766674713_n-Edit-1024x1024.jpg?strip=info&#038;w=900&#038;ssl=1 900w,https:\/\/i0.wp.com\/sannale.ee\/wp-content\/uploads\/2020\/11\/247130399_4240307402759356_2887733590766674713_n-Edit-1024x1024.jpg?strip=info&#038;w=1024&#038;ssl=1 1024w\" alt=\"Trolley wheel covers for Sanna - Thule Urban Glide 2 trolley compatible model\" data-height=\"1024\" data-id=\"8000\" data-link=\"https:\/\/sannale.ee\/?attachment_id=8000\" data-url=\"https:\/\/sannale.ee\/wp-content\/uploads\/2020\/11\/247130399_4240307402759356_2887733590766674713_n-Edit-1024x1024.jpg\" data-width=\"1024\" data-src=\"https:\/\/i0.wp.com\/sannale.ee\/wp-content\/uploads\/2020\/11\/247130399_4240307402759356_2887733590766674713_n-Edit-1024x1024.jpg?ssl=1\" data-amp-layout=\"responsive\" src=\"data:image\/svg+xml;base64,PHN2ZyB3aWR0aD0iMSIgaGVpZ2h0PSIxIiB4bWxucz0iaHR0cDovL3d3dy53My5vcmcvMjAwMC9zdmciPjwvc3ZnPg==\" class=\"lazyload\" style=\"--smush-placeholder-width: 1024px; --smush-placeholder-aspect-ratio: 1024\/1024;\"><\/figure><\/div><\/div><\/div><\/div>\n\n<h2 class=\"has-text-align-center wp-block-heading\">Customer feedback<\/h2>\n\n<div class=\"wp-block-media-text alignwide is-stacked-on-mobile\"><figure class=\"wp-block-media-text__media\"><img decoding=\"async\" width=\"1024\" height=\"1024\" data-src=\"https:\/\/sannale.ee\/wp-content\/uploads\/2021\/09\/ann-vahtramae-era-rattakatted-2-1024x1024.jpg\" alt=\"Bumbleride Era wheel covers\" class=\"wp-image-5629 size-full lazyload\" data-srcset=\"https:\/\/sannale.ee\/wp-content\/uploads\/2021\/09\/ann-vahtramae-era-rattakatted-2.jpg 1024w, https:\/\/sannale.ee\/wp-content\/uploads\/2021\/09\/ann-vahtramae-era-rattakatted-2-300x300.jpg 300w, https:\/\/sannale.ee\/wp-content\/uploads\/2021\/09\/ann-vahtramae-era-rattakatted-2-100x100.jpg 100w, https:\/\/sannale.ee\/wp-content\/uploads\/2021\/09\/ann-vahtramae-era-rattakatted-2-600x600.jpg 600w, https:\/\/sannale.ee\/wp-content\/uploads\/2021\/09\/ann-vahtramae-era-rattakatted-2-150x150.jpg 150w, https:\/\/sannale.ee\/wp-content\/uploads\/2021\/09\/ann-vahtramae-era-rattakatted-2-768x768.jpg 768w, https:\/\/sannale.ee\/wp-content\/uploads\/2021\/09\/ann-vahtramae-era-rattakatted-2-324x324.jpg 324w, https:\/\/sannale.ee\/wp-content\/uploads\/2021\/09\/ann-vahtramae-era-rattakatted-2-416x416.jpg 416w\" data-sizes=\"(max-width: 1024px) 100vw, 1024px\" src=\"data:image\/svg+xml;base64,PHN2ZyB3aWR0aD0iMSIgaGVpZ2h0PSIxIiB4bWxucz0iaHR0cDovL3d3dy53My5vcmcvMjAwMC9zdmciPjwvc3ZnPg==\" style=\"--smush-placeholder-width: 1024px; --smush-placeholder-aspect-ratio: 1024\/1024;\" \/><\/figure><div class=\"wp-block-media-text__content\">\n<p><em>Ann &#8220;Hubcaps fit&#8221;<\/em><\/p>\n<\/div><\/div>\n\n<hr class=\"wp-block-separator has-alpha-channel-opacity\"\/>\n\n<p><strong>See also the <a href=\"https:\/\/sannale.ee\/millistele-karudele-lisavarustust-teeme\/sannale-lisad-bumbleride-era\/\">other products<\/a> we have created for use with the Bumbler Era trolley.<\/strong><\/p>\n\n<p>Would you like wheel covers for another model of trolley?  <a href=\"https:\/\/sannale.ee\/sannale-rattakatted\/\">See the full range of wheel covers.<\/a><\/p>\n","protected":false},"excerpt":{"rendered":"<p>wheel covers to protect the floor when storing a trolley with dusty wheels in the room. good to use for [&hellip;]<\/p>\n","protected":false},"author":1,"featured_media":0,"parent":0,"menu_order":0,"comment_status":"closed","ping_status":"closed","template":"","meta":{"_uag_custom_page_level_css":"","site-sidebar-layout":"default","site-content-layout":"","ast-site-content-layout":"default","site-content-style":"default","site-sidebar-style":"default","ast-global-header-display":"","ast-banner-title-visibility":"","ast-main-header-display":"","ast-hfb-above-header-display":"","ast-hfb-below-header-display":"","ast-hfb-mobile-header-display":"","site-post-title":"","ast-breadcrumbs-content":"","ast-featured-img":"","footer-sml-layout":"","theme-transparent-header-meta":"","adv-header-id-meta":"","stick-header-meta":"","header-above-stick-meta":"","header-main-stick-meta":"","header-below-stick-meta":"","astra-migrate-meta-layouts":"default","ast-page-background-enabled":"default","ast-page-background-meta":{"desktop":{"background-color":"var(--ast-global-color-4)","background-image":"","background-repeat":"repeat","background-position":"center center","background-size":"auto","background-attachment":"scroll","background-type":"","background-media":"","overlay-type":"","overlay-color":"","overlay-opacity":"","overlay-gradient":""},"tablet":{"background-color":"","background-image":"","background-repeat":"repeat","background-position":"center center","background-size":"auto","background-attachment":"scroll","background-type":"","background-media":"","overlay-type":"","overlay-color":"","overlay-opacity":"","overlay-gradient":""},"mobile":{"background-color":"","background-image":"","background-repeat":"repeat","background-position":"center center","background-size":"auto","background-attachment":"scroll","background-type":"","background-media":"","overlay-type":"","overlay-color":"","overlay-opacity":"","overlay-gradient":""}},"ast-content-background-meta":{"desktop":{"background-color":"var(--ast-global-color-5)","background-image":"","background-repeat":"repeat","background-position":"center center","background-size":"auto","background-attachment":"scroll","background-type":"","background-media":"","overlay-type":"","overlay-color":"","overlay-opacity":"","overlay-gradient":""},"tablet":{"background-color":"var(--ast-global-color-5)","background-image":"","background-repeat":"repeat","background-position":"center center","background-size":"auto","background-attachment":"scroll","background-type":"","background-media":"","overlay-type":"","overlay-color":"","overlay-opacity":"","overlay-gradient":""},"mobile":{"background-color":"var(--ast-global-color-5)","background-image":"","background-repeat":"repeat","background-position":"center center","background-size":"auto","background-attachment":"scroll","background-type":"","background-media":"","overlay-type":"","overlay-color":"","overlay-opacity":"","overlay-gradient":""}},"footnotes":""},"class_list":["post-44135","page","type-page","status-publish","hentry"],"yoast_head":"<!-- This site is optimized with the Yoast SEO plugin v27.3 - https:\/\/yoast.com\/product\/yoast-seo-wordpress\/ -->\n<title>Sannale wheel covers for Bumbler Era trolley - Sannale<\/title>\n<meta name=\"description\" content=\"Bumbleride Era stroller wheel covers keep your front porch and car dust free. We make them by hand to order.\" \/>\n<meta name=\"robots\" content=\"index, follow, max-snippet:-1, max-image-preview:large, max-video-preview:-1\" \/>\n<link rel=\"canonical\" href=\"https:\/\/sannale.ee\/en\/?page_id=44135\" \/>\n<meta property=\"og:locale\" content=\"en_US\" \/>\n<meta property=\"og:type\" content=\"article\" \/>\n<meta property=\"og:title\" content=\"Sannale wheel covers for Bumbler Era trolley - Sannale\" \/>\n<meta property=\"og:description\" content=\"Bumbleride Era stroller wheel covers keep your front porch and car dust free. We make them by hand to order.\" \/>\n<meta property=\"og:url\" content=\"https:\/\/sannale.ee\/en\/?page_id=44135\" \/>\n<meta property=\"og:site_name\" content=\"Sannale\" \/>\n<meta property=\"article:publisher\" content=\"https:\/\/www.facebook.com\/MinuSannale\" \/>\n<meta property=\"article:modified_time\" content=\"2024-08-21T19:40:38+00:00\" \/>\n<meta property=\"og:image\" content=\"https:\/\/i0.wp.com\/sannale.ee\/wp-content\/uploads\/2021\/11\/20210721_124417-Edit-1024x1024.jpg?ssl=1\" \/>\n<meta name=\"twitter:card\" content=\"summary_large_image\" \/>\n<meta name=\"twitter:label1\" content=\"Est. reading time\" \/>\n\t<meta name=\"twitter:data1\" content=\"1 minute\" \/>\n<script type=\"application\/ld+json\" class=\"yoast-schema-graph\">{\"@context\":\"https:\\\/\\\/schema.org\",\"@graph\":[{\"@type\":\"WebPage\",\"@id\":\"https:\\\/\\\/sannale.ee\\\/en\\\/?page_id=44135\",\"url\":\"https:\\\/\\\/sannale.ee\\\/en\\\/?page_id=44135\",\"name\":\"Sannale wheel covers for Bumbler Era trolley - Sannale\",\"isPartOf\":{\"@id\":\"https:\\\/\\\/sannale.ee\\\/#website\"},\"primaryImageOfPage\":{\"@id\":\"https:\\\/\\\/sannale.ee\\\/en\\\/?page_id=44135#primaryimage\"},\"image\":{\"@id\":\"https:\\\/\\\/sannale.ee\\\/en\\\/?page_id=44135#primaryimage\"},\"thumbnailUrl\":\"https:\\\/\\\/i0.wp.com\\\/sannale.ee\\\/wp-content\\\/uploads\\\/2021\\\/11\\\/20210721_124417-Edit-1024x1024.jpg?ssl=1\",\"datePublished\":\"2022-09-27T19:47:41+00:00\",\"dateModified\":\"2024-08-21T19:40:38+00:00\",\"description\":\"Bumbleride Era stroller wheel covers keep your front porch and car dust free. We make them by hand to order.\",\"breadcrumb\":{\"@id\":\"https:\\\/\\\/sannale.ee\\\/en\\\/?page_id=44135#breadcrumb\"},\"inLanguage\":\"en-US\",\"potentialAction\":[{\"@type\":\"ReadAction\",\"target\":[\"https:\\\/\\\/sannale.ee\\\/en\\\/?page_id=44135\"]}]},{\"@type\":\"ImageObject\",\"inLanguage\":\"en-US\",\"@id\":\"https:\\\/\\\/sannale.ee\\\/en\\\/?page_id=44135#primaryimage\",\"url\":\"https:\\\/\\\/i0.wp.com\\\/sannale.ee\\\/wp-content\\\/uploads\\\/2021\\\/11\\\/20210721_124417-Edit-1024x1024.jpg?ssl=1\",\"contentUrl\":\"https:\\\/\\\/i0.wp.com\\\/sannale.ee\\\/wp-content\\\/uploads\\\/2021\\\/11\\\/20210721_124417-Edit-1024x1024.jpg?ssl=1\"},{\"@type\":\"BreadcrumbList\",\"@id\":\"https:\\\/\\\/sannale.ee\\\/en\\\/?page_id=44135#breadcrumb\",\"itemListElement\":[{\"@type\":\"ListItem\",\"position\":1,\"name\":\"Home\",\"item\":\"https:\\\/\\\/sannale.ee\\\/en\\\/\"},{\"@type\":\"ListItem\",\"position\":2,\"name\":\"Sannale wheel covers for Bumbler Era trolley\"}]},{\"@type\":\"WebSite\",\"@id\":\"https:\\\/\\\/sannale.ee\\\/#website\",\"url\":\"https:\\\/\\\/sannale.ee\\\/\",\"name\":\"Sannale\",\"description\":\"K\u00e4sit\u00f6\u00f6na valminud k\u00e4rulisad ja lastetarbed\",\"publisher\":{\"@id\":\"https:\\\/\\\/sannale.ee\\\/#organization\"},\"potentialAction\":[{\"@type\":\"SearchAction\",\"target\":{\"@type\":\"EntryPoint\",\"urlTemplate\":\"https:\\\/\\\/sannale.ee\\\/?s={search_term_string}\"},\"query-input\":{\"@type\":\"PropertyValueSpecification\",\"valueRequired\":true,\"valueName\":\"search_term_string\"}}],\"inLanguage\":\"en-US\"},{\"@type\":\"Organization\",\"@id\":\"https:\\\/\\\/sannale.ee\\\/#organization\",\"name\":\"Sannale\",\"url\":\"https:\\\/\\\/sannale.ee\\\/\",\"logo\":{\"@type\":\"ImageObject\",\"inLanguage\":\"en-US\",\"@id\":\"https:\\\/\\\/sannale.ee\\\/#\\\/schema\\\/logo\\\/image\\\/\",\"url\":\"https:\\\/\\\/sannale.ee\\\/wp-content\\\/uploads\\\/2024\\\/02\\\/cropped-sannale-fb-logo-sydamega-5-tumedam-3-scaled.png\",\"contentUrl\":\"https:\\\/\\\/sannale.ee\\\/wp-content\\\/uploads\\\/2024\\\/02\\\/cropped-sannale-fb-logo-sydamega-5-tumedam-3-scaled.png\",\"width\":5100,\"height\":1758,\"caption\":\"Sannale\"},\"image\":{\"@id\":\"https:\\\/\\\/sannale.ee\\\/#\\\/schema\\\/logo\\\/image\\\/\"},\"sameAs\":[\"https:\\\/\\\/www.facebook.com\\\/MinuSannale\"]}]}<\/script>\n<!-- \/ Yoast SEO plugin. -->","yoast_head_json":{"title":"Sannale wheel covers for Bumbler Era trolley - Sannale","description":"Bumbleride Era stroller wheel covers keep your front porch and car dust free. We make them by hand to order.","robots":{"index":"index","follow":"follow","max-snippet":"max-snippet:-1","max-image-preview":"max-image-preview:large","max-video-preview":"max-video-preview:-1"},"canonical":"https:\/\/sannale.ee\/en\/?page_id=44135","og_locale":"en_US","og_type":"article","og_title":"Sannale wheel covers for Bumbler Era trolley - Sannale","og_description":"Bumbleride Era stroller wheel covers keep your front porch and car dust free. We make them by hand to order.","og_url":"https:\/\/sannale.ee\/en\/?page_id=44135","og_site_name":"Sannale","article_publisher":"https:\/\/www.facebook.com\/MinuSannale","article_modified_time":"2024-08-21T19:40:38+00:00","og_image":[{"url":"https:\/\/i0.wp.com\/sannale.ee\/wp-content\/uploads\/2021\/11\/20210721_124417-Edit-1024x1024.jpg?ssl=1","type":"","width":"","height":""}],"twitter_card":"summary_large_image","twitter_misc":{"Est. reading time":"1 minute"},"schema":{"@context":"https:\/\/schema.org","@graph":[{"@type":"WebPage","@id":"https:\/\/sannale.ee\/en\/?page_id=44135","url":"https:\/\/sannale.ee\/en\/?page_id=44135","name":"Sannale wheel covers for Bumbler Era trolley - Sannale","isPartOf":{"@id":"https:\/\/sannale.ee\/#website"},"primaryImageOfPage":{"@id":"https:\/\/sannale.ee\/en\/?page_id=44135#primaryimage"},"image":{"@id":"https:\/\/sannale.ee\/en\/?page_id=44135#primaryimage"},"thumbnailUrl":"https:\/\/i0.wp.com\/sannale.ee\/wp-content\/uploads\/2021\/11\/20210721_124417-Edit-1024x1024.jpg?ssl=1","datePublished":"2022-09-27T19:47:41+00:00","dateModified":"2024-08-21T19:40:38+00:00","description":"Bumbleride Era stroller wheel covers keep your front porch and car dust free. We make them by hand to order.","breadcrumb":{"@id":"https:\/\/sannale.ee\/en\/?page_id=44135#breadcrumb"},"inLanguage":"en-US","potentialAction":[{"@type":"ReadAction","target":["https:\/\/sannale.ee\/en\/?page_id=44135"]}]},{"@type":"ImageObject","inLanguage":"en-US","@id":"https:\/\/sannale.ee\/en\/?page_id=44135#primaryimage","url":"https:\/\/i0.wp.com\/sannale.ee\/wp-content\/uploads\/2021\/11\/20210721_124417-Edit-1024x1024.jpg?ssl=1","contentUrl":"https:\/\/i0.wp.com\/sannale.ee\/wp-content\/uploads\/2021\/11\/20210721_124417-Edit-1024x1024.jpg?ssl=1"},{"@type":"BreadcrumbList","@id":"https:\/\/sannale.ee\/en\/?page_id=44135#breadcrumb","itemListElement":[{"@type":"ListItem","position":1,"name":"Home","item":"https:\/\/sannale.ee\/en\/"},{"@type":"ListItem","position":2,"name":"Sannale wheel covers for Bumbler Era trolley"}]},{"@type":"WebSite","@id":"https:\/\/sannale.ee\/#website","url":"https:\/\/sannale.ee\/","name":"Sannale","description":"K\u00e4sit\u00f6\u00f6na valminud k\u00e4rulisad ja lastetarbed","publisher":{"@id":"https:\/\/sannale.ee\/#organization"},"potentialAction":[{"@type":"SearchAction","target":{"@type":"EntryPoint","urlTemplate":"https:\/\/sannale.ee\/?s={search_term_string}"},"query-input":{"@type":"PropertyValueSpecification","valueRequired":true,"valueName":"search_term_string"}}],"inLanguage":"en-US"},{"@type":"Organization","@id":"https:\/\/sannale.ee\/#organization","name":"Sannale","url":"https:\/\/sannale.ee\/","logo":{"@type":"ImageObject","inLanguage":"en-US","@id":"https:\/\/sannale.ee\/#\/schema\/logo\/image\/","url":"https:\/\/sannale.ee\/wp-content\/uploads\/2024\/02\/cropped-sannale-fb-logo-sydamega-5-tumedam-3-scaled.png","contentUrl":"https:\/\/sannale.ee\/wp-content\/uploads\/2024\/02\/cropped-sannale-fb-logo-sydamega-5-tumedam-3-scaled.png","width":5100,"height":1758,"caption":"Sannale"},"image":{"@id":"https:\/\/sannale.ee\/#\/schema\/logo\/image\/"},"sameAs":["https:\/\/www.facebook.com\/MinuSannale"]}]}},"uagb_featured_image_src":{"full":false,"thumbnail":false,"medium":false,"medium_large":false,"large":false,"1536x1536":false,"2048x2048":false,"woocommerce_thumbnail":false,"woocommerce_single":false,"woocommerce_gallery_thumbnail":false,"variation_swatches_image_size":false,"variation_swatches_tooltip_size":false},"uagb_author_info":{"display_name":"meelip","author_link":"https:\/\/sannale.ee\/en\/author\/meelip\/"},"uagb_comment_info":0,"uagb_excerpt":"wheel covers to protect the floor when storing a trolley with dusty wheels in the room. good to use for [&hellip;]","jetpack_sharing_enabled":true,"_links":{"self":[{"href":"https:\/\/sannale.ee\/en\/wp-json\/wp\/v2\/pages\/44135","targetHints":{"allow":["GET"]}}],"collection":[{"href":"https:\/\/sannale.ee\/en\/wp-json\/wp\/v2\/pages"}],"about":[{"href":"https:\/\/sannale.ee\/en\/wp-json\/wp\/v2\/types\/page"}],"author":[{"embeddable":true,"href":"https:\/\/sannale.ee\/en\/wp-json\/wp\/v2\/users\/1"}],"replies":[{"embeddable":true,"href":"https:\/\/sannale.ee\/en\/wp-json\/wp\/v2\/comments?post=44135"}],"version-history":[{"count":2,"href":"https:\/\/sannale.ee\/en\/wp-json\/wp\/v2\/pages\/44135\/revisions"}],"predecessor-version":[{"id":44138,"href":"https:\/\/sannale.ee\/en\/wp-json\/wp\/v2\/pages\/44135\/revisions\/44138"}],"wp:attachment":[{"href":"https:\/\/sannale.ee\/en\/wp-json\/wp\/v2\/media?parent=44135"}],"curies":[{"name":"wp","href":"https:\/\/api.w.org\/{rel}","templated":true}]}}