{"id":44131,"date":"2022-12-19T12:06:58","date_gmt":"2022-12-19T10:06:58","guid":{"rendered":"https:\/\/sannale.ee\/sannale-umbrella-bag-for-the-original-umbrella-of-the-bumbleride-era\/"},"modified":"2024-08-21T22:40:38","modified_gmt":"2024-08-21T19:40:38","slug":"sannale-umbrella-bag-for-the-original-umbrella-of-the-bumbleride-era","status":"publish","type":"page","link":"https:\/\/sannale.ee\/en\/sannale-umbrella-bag-for-the-original-umbrella-of-the-bumbleride-era\/","title":{"rendered":"Sannale umbrella bag for the original umbrella of the Bumbleride Era"},"content":{"rendered":"\n<p>Want a convenient way to store your raincoat bag?\nThe Sannale umbrella bag is a handy and stylish solution. <\/p>\n\n<ul class=\"wp-block-list\">\n<li>water-repellent fabric<\/li>\n\n\n\n<li>zippered closure<\/li>\n\n\n\n<li>trolley frame mountable with click fasteners<\/li>\n\n\n\n<li>The 22*33cm bag is perfect for the original Bumbler Era label.<\/li>\n\n\n\n<li>A <strong>handcrafted<\/strong> design created <strong>just for you by<\/strong> Sanna<\/li>\n<\/ul>\n\n<p><a href=\"https:\/\/sannale.ee\/en\/toode\/rain-cover-storage-bag\/\"><span style=\"text-decoration: underline;\">Order an umbrella bag online!<\/span><\/a>  Choose size 22*33cm.<\/p>\n\n<div class=\"wp-block-jetpack-tiled-gallery aligncenter is-style-rectangular\"><div class=\"tiled-gallery__gallery\"><div class=\"tiled-gallery__row\"><div class=\"tiled-gallery__col\" style=\"flex-basis:66.75275%\"><figure class=\"tiled-gallery__item\"><a href=\"https:\/\/sannale.ee\/wp-content\/uploads\/2021\/01\/Gerda-Moor-1-1-1024x1024.jpg\"><img decoding=\"async\" data-srcset=\"https:\/\/i2.wp.com\/sannale.ee\/wp-content\/uploads\/2021\/01\/Gerda-Moor-1-1-1024x1024.jpg?strip=info&#038;w=600&#038;ssl=1 600w,https:\/\/i2.wp.com\/sannale.ee\/wp-content\/uploads\/2021\/01\/Gerda-Moor-1-1-1024x1024.jpg?strip=info&#038;w=900&#038;ssl=1 900w,https:\/\/i2.wp.com\/sannale.ee\/wp-content\/uploads\/2021\/01\/Gerda-Moor-1-1-1024x1024.jpg?strip=info&#038;w=1024&#038;ssl=1 1024w\" alt=\"Rain Membrane Bag Bumbleride Era\" data-height=\"1024\" data-id=\"6453\" data-link=\"https:\/\/sannale.ee\/?attachment_id=6453\" data-url=\"https:\/\/sannale.ee\/wp-content\/uploads\/2021\/01\/Gerda-Moor-1-1-1024x1024.jpg\" data-width=\"1024\" data-src=\"https:\/\/i2.wp.com\/sannale.ee\/wp-content\/uploads\/2021\/01\/Gerda-Moor-1-1-1024x1024.jpg?ssl=1\" data-amp-layout=\"responsive\" src=\"data:image\/svg+xml;base64,PHN2ZyB3aWR0aD0iMSIgaGVpZ2h0PSIxIiB4bWxucz0iaHR0cDovL3d3dy53My5vcmcvMjAwMC9zdmciPjwvc3ZnPg==\" class=\"lazyload\" style=\"--smush-placeholder-width: 1024px; --smush-placeholder-aspect-ratio: 1024\/1024;\"><\/a><\/figure><\/div><div class=\"tiled-gallery__col\" style=\"flex-basis:33.24725%\"><figure class=\"tiled-gallery__item\"><a href=\"https:\/\/sannale.ee\/wp-content\/uploads\/2021\/01\/Kaidi-Sepp-1-2-1024x1024.jpg\"><img decoding=\"async\" data-srcset=\"https:\/\/i2.wp.com\/sannale.ee\/wp-content\/uploads\/2021\/01\/Kaidi-Sepp-1-2-1024x1024.jpg?strip=info&#038;w=600&#038;ssl=1 600w,https:\/\/i2.wp.com\/sannale.ee\/wp-content\/uploads\/2021\/01\/Kaidi-Sepp-1-2-1024x1024.jpg?strip=info&#038;w=900&#038;ssl=1 900w,https:\/\/i2.wp.com\/sannale.ee\/wp-content\/uploads\/2021\/01\/Kaidi-Sepp-1-2-1024x1024.jpg?strip=info&#038;w=1024&#038;ssl=1 1024w\" alt=\"Rain Membrane Bag Bumbleride Era\" data-height=\"1024\" data-id=\"6452\" data-link=\"https:\/\/sannale.ee\/?attachment_id=6452\" data-url=\"https:\/\/sannale.ee\/wp-content\/uploads\/2021\/01\/Kaidi-Sepp-1-2-1024x1024.jpg\" data-width=\"1024\" data-src=\"https:\/\/i2.wp.com\/sannale.ee\/wp-content\/uploads\/2021\/01\/Kaidi-Sepp-1-2-1024x1024.jpg?ssl=1\" data-amp-layout=\"responsive\" src=\"data:image\/svg+xml;base64,PHN2ZyB3aWR0aD0iMSIgaGVpZ2h0PSIxIiB4bWxucz0iaHR0cDovL3d3dy53My5vcmcvMjAwMC9zdmciPjwvc3ZnPg==\" class=\"lazyload\" style=\"--smush-placeholder-width: 1024px; --smush-placeholder-aspect-ratio: 1024\/1024;\"><\/a><\/figure><figure class=\"tiled-gallery__item\"><a href=\"https:\/\/sannale.ee\/wp-content\/uploads\/2021\/05\/IMGP5408-Edit-1024x1024.jpg\"><img decoding=\"async\" data-srcset=\"https:\/\/i0.wp.com\/sannale.ee\/wp-content\/uploads\/2021\/05\/IMGP5408-Edit-1024x1024.jpg?strip=info&#038;w=600&#038;ssl=1 600w,https:\/\/i0.wp.com\/sannale.ee\/wp-content\/uploads\/2021\/05\/IMGP5408-Edit-1024x1024.jpg?strip=info&#038;w=900&#038;ssl=1 900w,https:\/\/i0.wp.com\/sannale.ee\/wp-content\/uploads\/2021\/05\/IMGP5408-Edit-1024x1024.jpg?strip=info&#038;w=1024&#038;ssl=1 1024w\" alt=\"Bumbler Era arm extension and rain cover bag\" data-height=\"1024\" data-id=\"4092\" data-link=\"https:\/\/sannale.ee\/?attachment_id=4092\" data-url=\"https:\/\/sannale.ee\/wp-content\/uploads\/2021\/05\/IMGP5408-Edit-1024x1024.jpg\" data-width=\"1024\" data-src=\"https:\/\/i0.wp.com\/sannale.ee\/wp-content\/uploads\/2021\/05\/IMGP5408-Edit-1024x1024.jpg?ssl=1\" data-amp-layout=\"responsive\" src=\"data:image\/svg+xml;base64,PHN2ZyB3aWR0aD0iMSIgaGVpZ2h0PSIxIiB4bWxucz0iaHR0cDovL3d3dy53My5vcmcvMjAwMC9zdmciPjwvc3ZnPg==\" class=\"lazyload\" style=\"--smush-placeholder-width: 1024px; --smush-placeholder-aspect-ratio: 1024\/1024;\"><\/a><\/figure><\/div><\/div><div class=\"tiled-gallery__row\"><div class=\"tiled-gallery__col\" style=\"flex-basis:100.00000%\"><figure class=\"tiled-gallery__item\"><a href=\"https:\/\/sannale.ee\/wp-content\/uploads\/2021\/01\/Marleen-Arus-2-1024x1024.jpg\"><img decoding=\"async\" data-srcset=\"https:\/\/i1.wp.com\/sannale.ee\/wp-content\/uploads\/2021\/01\/Marleen-Arus-2-1024x1024.jpg?strip=info&#038;w=600&#038;ssl=1 600w,https:\/\/i1.wp.com\/sannale.ee\/wp-content\/uploads\/2021\/01\/Marleen-Arus-2-1024x1024.jpg?strip=info&#038;w=900&#038;ssl=1 900w,https:\/\/i1.wp.com\/sannale.ee\/wp-content\/uploads\/2021\/01\/Marleen-Arus-2-1024x1024.jpg?strip=info&#038;w=1024&#038;ssl=1 1024w\" alt=\"Rain Membrane Bag Era\" data-height=\"1024\" data-id=\"6451\" data-link=\"https:\/\/sannale.ee\/?attachment_id=6451\" data-url=\"https:\/\/sannale.ee\/wp-content\/uploads\/2021\/01\/Marleen-Arus-2-1024x1024.jpg\" data-width=\"1024\" data-src=\"https:\/\/i1.wp.com\/sannale.ee\/wp-content\/uploads\/2021\/01\/Marleen-Arus-2-1024x1024.jpg?ssl=1\" data-amp-layout=\"responsive\" src=\"data:image\/svg+xml;base64,PHN2ZyB3aWR0aD0iMSIgaGVpZ2h0PSIxIiB4bWxucz0iaHR0cDovL3d3dy53My5vcmcvMjAwMC9zdmciPjwvc3ZnPg==\" class=\"lazyload\" style=\"--smush-placeholder-width: 1024px; --smush-placeholder-aspect-ratio: 1024\/1024;\"><\/a><\/figure><\/div><\/div><\/div><\/div>\n\n<h2 class=\"wp-block-heading\">Customer feedback<\/h2>\n\n<div class=\"wp-block-media-text alignwide is-stacked-on-mobile\"><figure class=\"wp-block-media-text__media\"><img decoding=\"async\" width=\"1024\" height=\"1024\" data-src=\"https:\/\/sannale.ee\/wp-content\/uploads\/2021\/01\/Kaidi-Sepp-1-2-1024x1024.jpg\" alt=\"Rain Membrane Bag Bumbleride Era\" class=\"wp-image-6452 size-full lazyload\" data-srcset=\"https:\/\/sannale.ee\/wp-content\/uploads\/2021\/01\/Kaidi-Sepp-1-2.jpg 1024w, https:\/\/sannale.ee\/wp-content\/uploads\/2021\/01\/Kaidi-Sepp-1-2-300x300.jpg 300w, https:\/\/sannale.ee\/wp-content\/uploads\/2021\/01\/Kaidi-Sepp-1-2-100x100.jpg 100w, https:\/\/sannale.ee\/wp-content\/uploads\/2021\/01\/Kaidi-Sepp-1-2-600x600.jpg 600w, https:\/\/sannale.ee\/wp-content\/uploads\/2021\/01\/Kaidi-Sepp-1-2-150x150.jpg 150w, https:\/\/sannale.ee\/wp-content\/uploads\/2021\/01\/Kaidi-Sepp-1-2-768x768.jpg 768w, https:\/\/sannale.ee\/wp-content\/uploads\/2021\/01\/Kaidi-Sepp-1-2-324x324.jpg 324w, https:\/\/sannale.ee\/wp-content\/uploads\/2021\/01\/Kaidi-Sepp-1-2-416x416.jpg 416w\" data-sizes=\"(max-width: 1024px) 100vw, 1024px\" src=\"data:image\/svg+xml;base64,PHN2ZyB3aWR0aD0iMSIgaGVpZ2h0PSIxIiB4bWxucz0iaHR0cDovL3d3dy53My5vcmcvMjAwMC9zdmciPjwvc3ZnPg==\" style=\"--smush-placeholder-width: 1024px; --smush-placeholder-aspect-ratio: 1024\/1024;\" \/><\/figure><div class=\"wp-block-media-text__content\">\n<p><em>Kaidi: &#8220;This size bag is perfect for a private raincoat&#8221;  <\/em><\/p>\n<\/div><\/div>\n\n<div class=\"wp-block-media-text alignwide has-media-on-the-right is-stacked-on-mobile\"><div class=\"wp-block-media-text__content\">\n<p><em>Marleen: &#8220;I&#8217;m very happy with the bag, I&#8217;ll have to see what else you have to offer.&#8221;<\/em><\/p>\n<\/div><figure class=\"wp-block-media-text__media\"><img decoding=\"async\" width=\"1024\" height=\"1024\" data-src=\"https:\/\/sannale.ee\/wp-content\/uploads\/2021\/01\/Marleen-Arus-2-1024x1024.jpg\" alt=\"Rain Membrane Bag Era\" class=\"wp-image-6451 size-full lazyload\" data-srcset=\"https:\/\/sannale.ee\/wp-content\/uploads\/2021\/01\/Marleen-Arus-2.jpg 1024w, https:\/\/sannale.ee\/wp-content\/uploads\/2021\/01\/Marleen-Arus-2-300x300.jpg 300w, https:\/\/sannale.ee\/wp-content\/uploads\/2021\/01\/Marleen-Arus-2-100x100.jpg 100w, https:\/\/sannale.ee\/wp-content\/uploads\/2021\/01\/Marleen-Arus-2-600x600.jpg 600w, https:\/\/sannale.ee\/wp-content\/uploads\/2021\/01\/Marleen-Arus-2-150x150.jpg 150w, https:\/\/sannale.ee\/wp-content\/uploads\/2021\/01\/Marleen-Arus-2-768x768.jpg 768w, https:\/\/sannale.ee\/wp-content\/uploads\/2021\/01\/Marleen-Arus-2-324x324.jpg 324w, https:\/\/sannale.ee\/wp-content\/uploads\/2021\/01\/Marleen-Arus-2-416x416.jpg 416w\" data-sizes=\"(max-width: 1024px) 100vw, 1024px\" src=\"data:image\/svg+xml;base64,PHN2ZyB3aWR0aD0iMSIgaGVpZ2h0PSIxIiB4bWxucz0iaHR0cDovL3d3dy53My5vcmcvMjAwMC9zdmciPjwvc3ZnPg==\" style=\"--smush-placeholder-width: 1024px; --smush-placeholder-aspect-ratio: 1024\/1024;\" \/><\/figure><\/div>\n\n<div class=\"wp-block-media-text alignwide is-stacked-on-mobile\"><figure class=\"wp-block-media-text__media\"><img decoding=\"async\" width=\"1024\" height=\"1024\" data-src=\"https:\/\/sannale.ee\/wp-content\/uploads\/2021\/01\/Gerda-Moor-1-1-1024x1024.jpg\" alt=\"Rain Membrane Bag Bumbleride Era\" class=\"wp-image-6453 size-full lazyload\" data-srcset=\"https:\/\/sannale.ee\/wp-content\/uploads\/2021\/01\/Gerda-Moor-1-1.jpg 1024w, https:\/\/sannale.ee\/wp-content\/uploads\/2021\/01\/Gerda-Moor-1-1-300x300.jpg 300w, https:\/\/sannale.ee\/wp-content\/uploads\/2021\/01\/Gerda-Moor-1-1-100x100.jpg 100w, https:\/\/sannale.ee\/wp-content\/uploads\/2021\/01\/Gerda-Moor-1-1-600x600.jpg 600w, https:\/\/sannale.ee\/wp-content\/uploads\/2021\/01\/Gerda-Moor-1-1-150x150.jpg 150w, https:\/\/sannale.ee\/wp-content\/uploads\/2021\/01\/Gerda-Moor-1-1-768x768.jpg 768w, https:\/\/sannale.ee\/wp-content\/uploads\/2021\/01\/Gerda-Moor-1-1-324x324.jpg 324w, https:\/\/sannale.ee\/wp-content\/uploads\/2021\/01\/Gerda-Moor-1-1-416x416.jpg 416w\" data-sizes=\"(max-width: 1024px) 100vw, 1024px\" src=\"data:image\/svg+xml;base64,PHN2ZyB3aWR0aD0iMSIgaGVpZ2h0PSIxIiB4bWxucz0iaHR0cDovL3d3dy53My5vcmcvMjAwMC9zdmciPjwvc3ZnPg==\" style=\"--smush-placeholder-width: 1024px; --smush-placeholder-aspect-ratio: 1024\/1024;\" \/><\/figure><div class=\"wp-block-media-text__content\">\n<p><em>Gerda: &#8220;the measurements suited the rain mile very well &#8221;  <\/em><\/p>\n<\/div><\/div>\n\n<hr class=\"wp-block-separator has-alpha-channel-opacity\"\/>\n\n<p><strong><a href=\"https:\/\/sannale.ee\/millistele-karudele-lisavarustust-teeme\/sannale-lisad-bumbleride-era\/\"><span style=\"text-decoration: underline;\">See also other products,<\/span> <\/a><\/strong>we have created for use with the Bumbler Era trolley.<\/p>\n\n<p>Would you like a rain flyer bag for another trolley model?\nSee <a href=\"https:\/\/sannale.ee\/tooteinfo\/karude-lisavarustus-milliseid-tooteid-teeme\/sannale-vihmakile-kott-millistele-karudele-sobib\/\"><span style=\"text-decoration: underline;\">our<\/span><\/a> full <a href=\"https:\/\/sannale.ee\/tooteinfo\/karude-lisavarustus-milliseid-tooteid-teeme\/sannale-vihmakile-kott-millistele-karudele-sobib\/\"><span style=\"text-decoration: underline;\">range of rain fly bags.<\/span><\/a> <\/p>\n","protected":false},"excerpt":{"rendered":"<p>Want a convenient way to store your raincoat bag? The Sannale umbrella bag is a handy and stylish solution. Order [&hellip;]<\/p>\n","protected":false},"author":1,"featured_media":0,"parent":0,"menu_order":0,"comment_status":"closed","ping_status":"closed","template":"","meta":{"_uag_custom_page_level_css":"","site-sidebar-layout":"default","site-content-layout":"","ast-site-content-layout":"default","site-content-style":"default","site-sidebar-style":"default","ast-global-header-display":"","ast-banner-title-visibility":"","ast-main-header-display":"","ast-hfb-above-header-display":"","ast-hfb-below-header-display":"","ast-hfb-mobile-header-display":"","site-post-title":"","ast-breadcrumbs-content":"","ast-featured-img":"","footer-sml-layout":"","theme-transparent-header-meta":"","adv-header-id-meta":"","stick-header-meta":"","header-above-stick-meta":"","header-main-stick-meta":"","header-below-stick-meta":"","astra-migrate-meta-layouts":"default","ast-page-background-enabled":"default","ast-page-background-meta":{"desktop":{"background-color":"var(--ast-global-color-4)","background-image":"","background-repeat":"repeat","background-position":"center center","background-size":"auto","background-attachment":"scroll","background-type":"","background-media":"","overlay-type":"","overlay-color":"","overlay-opacity":"","overlay-gradient":""},"tablet":{"background-color":"","background-image":"","background-repeat":"repeat","background-position":"center center","background-size":"auto","background-attachment":"scroll","background-type":"","background-media":"","overlay-type":"","overlay-color":"","overlay-opacity":"","overlay-gradient":""},"mobile":{"background-color":"","background-image":"","background-repeat":"repeat","background-position":"center center","background-size":"auto","background-attachment":"scroll","background-type":"","background-media":"","overlay-type":"","overlay-color":"","overlay-opacity":"","overlay-gradient":""}},"ast-content-background-meta":{"desktop":{"background-color":"var(--ast-global-color-5)","background-image":"","background-repeat":"repeat","background-position":"center center","background-size":"auto","background-attachment":"scroll","background-type":"","background-media":"","overlay-type":"","overlay-color":"","overlay-opacity":"","overlay-gradient":""},"tablet":{"background-color":"var(--ast-global-color-5)","background-image":"","background-repeat":"repeat","background-position":"center center","background-size":"auto","background-attachment":"scroll","background-type":"","background-media":"","overlay-type":"","overlay-color":"","overlay-opacity":"","overlay-gradient":""},"mobile":{"background-color":"var(--ast-global-color-5)","background-image":"","background-repeat":"repeat","background-position":"center center","background-size":"auto","background-attachment":"scroll","background-type":"","background-media":"","overlay-type":"","overlay-color":"","overlay-opacity":"","overlay-gradient":""}},"footnotes":""},"class_list":["post-44131","page","type-page","status-publish","hentry"],"yoast_head":"<!-- This site is optimized with the Yoast SEO plugin v27.3 - https:\/\/yoast.com\/product\/yoast-seo-wordpress\/ -->\n<title>Sannale umbrella bag for the original umbrella of the Bumbleride Era - Sannale<\/title>\n<meta name=\"description\" content=\"Umbrella bag for the original umbrella of the Bumbler Era. Water-repellent fabric raincoat bag, perfect for the original Bumbleride Era.\" \/>\n<meta name=\"robots\" content=\"index, follow, max-snippet:-1, max-image-preview:large, max-video-preview:-1\" \/>\n<link rel=\"canonical\" href=\"https:\/\/sannale.ee\/en\/?page_id=44131\" \/>\n<meta property=\"og:locale\" content=\"en_US\" \/>\n<meta property=\"og:type\" content=\"article\" \/>\n<meta property=\"og:title\" content=\"Sannale umbrella bag for the original umbrella of the Bumbleride Era - Sannale\" \/>\n<meta property=\"og:description\" content=\"Umbrella bag for the original umbrella of the Bumbler Era. Water-repellent fabric raincoat bag, perfect for the original Bumbleride Era.\" \/>\n<meta property=\"og:url\" content=\"https:\/\/sannale.ee\/en\/?page_id=44131\" \/>\n<meta property=\"og:site_name\" content=\"Sannale\" \/>\n<meta property=\"article:publisher\" content=\"https:\/\/www.facebook.com\/MinuSannale\" \/>\n<meta property=\"article:modified_time\" content=\"2024-08-21T19:40:38+00:00\" \/>\n<meta property=\"og:image\" content=\"https:\/\/i2.wp.com\/sannale.ee\/wp-content\/uploads\/2021\/01\/Gerda-Moor-1-1-1024x1024.jpg?ssl=1\" \/>\n<meta name=\"twitter:card\" content=\"summary_large_image\" \/>\n<meta name=\"twitter:label1\" content=\"Est. reading time\" \/>\n\t<meta name=\"twitter:data1\" content=\"1 minute\" \/>\n<script type=\"application\/ld+json\" class=\"yoast-schema-graph\">{\"@context\":\"https:\\\/\\\/schema.org\",\"@graph\":[{\"@type\":\"WebPage\",\"@id\":\"https:\\\/\\\/sannale.ee\\\/en\\\/?page_id=44131\",\"url\":\"https:\\\/\\\/sannale.ee\\\/en\\\/?page_id=44131\",\"name\":\"Sannale umbrella bag for the original umbrella of the Bumbleride Era - Sannale\",\"isPartOf\":{\"@id\":\"https:\\\/\\\/sannale.ee\\\/#website\"},\"primaryImageOfPage\":{\"@id\":\"https:\\\/\\\/sannale.ee\\\/en\\\/?page_id=44131#primaryimage\"},\"image\":{\"@id\":\"https:\\\/\\\/sannale.ee\\\/en\\\/?page_id=44131#primaryimage\"},\"thumbnailUrl\":\"https:\\\/\\\/i2.wp.com\\\/sannale.ee\\\/wp-content\\\/uploads\\\/2021\\\/01\\\/Gerda-Moor-1-1-1024x1024.jpg?ssl=1\",\"datePublished\":\"2022-12-19T10:06:58+00:00\",\"dateModified\":\"2024-08-21T19:40:38+00:00\",\"description\":\"Umbrella bag for the original umbrella of the Bumbler Era. Water-repellent fabric raincoat bag, perfect for the original Bumbleride Era.\",\"breadcrumb\":{\"@id\":\"https:\\\/\\\/sannale.ee\\\/en\\\/?page_id=44131#breadcrumb\"},\"inLanguage\":\"en-US\",\"potentialAction\":[{\"@type\":\"ReadAction\",\"target\":[\"https:\\\/\\\/sannale.ee\\\/en\\\/?page_id=44131\"]}]},{\"@type\":\"ImageObject\",\"inLanguage\":\"en-US\",\"@id\":\"https:\\\/\\\/sannale.ee\\\/en\\\/?page_id=44131#primaryimage\",\"url\":\"https:\\\/\\\/i2.wp.com\\\/sannale.ee\\\/wp-content\\\/uploads\\\/2021\\\/01\\\/Gerda-Moor-1-1-1024x1024.jpg?ssl=1\",\"contentUrl\":\"https:\\\/\\\/i2.wp.com\\\/sannale.ee\\\/wp-content\\\/uploads\\\/2021\\\/01\\\/Gerda-Moor-1-1-1024x1024.jpg?ssl=1\"},{\"@type\":\"BreadcrumbList\",\"@id\":\"https:\\\/\\\/sannale.ee\\\/en\\\/?page_id=44131#breadcrumb\",\"itemListElement\":[{\"@type\":\"ListItem\",\"position\":1,\"name\":\"Home\",\"item\":\"https:\\\/\\\/sannale.ee\\\/en\\\/\"},{\"@type\":\"ListItem\",\"position\":2,\"name\":\"Sannale umbrella bag for the original umbrella of the Bumbleride Era\"}]},{\"@type\":\"WebSite\",\"@id\":\"https:\\\/\\\/sannale.ee\\\/#website\",\"url\":\"https:\\\/\\\/sannale.ee\\\/\",\"name\":\"Sannale\",\"description\":\"K\u00e4sit\u00f6\u00f6na valminud k\u00e4rulisad ja lastetarbed\",\"publisher\":{\"@id\":\"https:\\\/\\\/sannale.ee\\\/#organization\"},\"potentialAction\":[{\"@type\":\"SearchAction\",\"target\":{\"@type\":\"EntryPoint\",\"urlTemplate\":\"https:\\\/\\\/sannale.ee\\\/?s={search_term_string}\"},\"query-input\":{\"@type\":\"PropertyValueSpecification\",\"valueRequired\":true,\"valueName\":\"search_term_string\"}}],\"inLanguage\":\"en-US\"},{\"@type\":\"Organization\",\"@id\":\"https:\\\/\\\/sannale.ee\\\/#organization\",\"name\":\"Sannale\",\"url\":\"https:\\\/\\\/sannale.ee\\\/\",\"logo\":{\"@type\":\"ImageObject\",\"inLanguage\":\"en-US\",\"@id\":\"https:\\\/\\\/sannale.ee\\\/#\\\/schema\\\/logo\\\/image\\\/\",\"url\":\"https:\\\/\\\/sannale.ee\\\/wp-content\\\/uploads\\\/2024\\\/02\\\/cropped-sannale-fb-logo-sydamega-5-tumedam-3-scaled.png\",\"contentUrl\":\"https:\\\/\\\/sannale.ee\\\/wp-content\\\/uploads\\\/2024\\\/02\\\/cropped-sannale-fb-logo-sydamega-5-tumedam-3-scaled.png\",\"width\":5100,\"height\":1758,\"caption\":\"Sannale\"},\"image\":{\"@id\":\"https:\\\/\\\/sannale.ee\\\/#\\\/schema\\\/logo\\\/image\\\/\"},\"sameAs\":[\"https:\\\/\\\/www.facebook.com\\\/MinuSannale\"]}]}<\/script>\n<!-- \/ Yoast SEO plugin. -->","yoast_head_json":{"title":"Sannale umbrella bag for the original umbrella of the Bumbleride Era - Sannale","description":"Umbrella bag for the original umbrella of the Bumbler Era. Water-repellent fabric raincoat bag, perfect for the original Bumbleride Era.","robots":{"index":"index","follow":"follow","max-snippet":"max-snippet:-1","max-image-preview":"max-image-preview:large","max-video-preview":"max-video-preview:-1"},"canonical":"https:\/\/sannale.ee\/en\/?page_id=44131","og_locale":"en_US","og_type":"article","og_title":"Sannale umbrella bag for the original umbrella of the Bumbleride Era - Sannale","og_description":"Umbrella bag for the original umbrella of the Bumbler Era. Water-repellent fabric raincoat bag, perfect for the original Bumbleride Era.","og_url":"https:\/\/sannale.ee\/en\/?page_id=44131","og_site_name":"Sannale","article_publisher":"https:\/\/www.facebook.com\/MinuSannale","article_modified_time":"2024-08-21T19:40:38+00:00","og_image":[{"url":"https:\/\/i2.wp.com\/sannale.ee\/wp-content\/uploads\/2021\/01\/Gerda-Moor-1-1-1024x1024.jpg?ssl=1","type":"","width":"","height":""}],"twitter_card":"summary_large_image","twitter_misc":{"Est. reading time":"1 minute"},"schema":{"@context":"https:\/\/schema.org","@graph":[{"@type":"WebPage","@id":"https:\/\/sannale.ee\/en\/?page_id=44131","url":"https:\/\/sannale.ee\/en\/?page_id=44131","name":"Sannale umbrella bag for the original umbrella of the Bumbleride Era - Sannale","isPartOf":{"@id":"https:\/\/sannale.ee\/#website"},"primaryImageOfPage":{"@id":"https:\/\/sannale.ee\/en\/?page_id=44131#primaryimage"},"image":{"@id":"https:\/\/sannale.ee\/en\/?page_id=44131#primaryimage"},"thumbnailUrl":"https:\/\/i2.wp.com\/sannale.ee\/wp-content\/uploads\/2021\/01\/Gerda-Moor-1-1-1024x1024.jpg?ssl=1","datePublished":"2022-12-19T10:06:58+00:00","dateModified":"2024-08-21T19:40:38+00:00","description":"Umbrella bag for the original umbrella of the Bumbler Era. Water-repellent fabric raincoat bag, perfect for the original Bumbleride Era.","breadcrumb":{"@id":"https:\/\/sannale.ee\/en\/?page_id=44131#breadcrumb"},"inLanguage":"en-US","potentialAction":[{"@type":"ReadAction","target":["https:\/\/sannale.ee\/en\/?page_id=44131"]}]},{"@type":"ImageObject","inLanguage":"en-US","@id":"https:\/\/sannale.ee\/en\/?page_id=44131#primaryimage","url":"https:\/\/i2.wp.com\/sannale.ee\/wp-content\/uploads\/2021\/01\/Gerda-Moor-1-1-1024x1024.jpg?ssl=1","contentUrl":"https:\/\/i2.wp.com\/sannale.ee\/wp-content\/uploads\/2021\/01\/Gerda-Moor-1-1-1024x1024.jpg?ssl=1"},{"@type":"BreadcrumbList","@id":"https:\/\/sannale.ee\/en\/?page_id=44131#breadcrumb","itemListElement":[{"@type":"ListItem","position":1,"name":"Home","item":"https:\/\/sannale.ee\/en\/"},{"@type":"ListItem","position":2,"name":"Sannale umbrella bag for the original umbrella of the Bumbleride Era"}]},{"@type":"WebSite","@id":"https:\/\/sannale.ee\/#website","url":"https:\/\/sannale.ee\/","name":"Sannale","description":"K\u00e4sit\u00f6\u00f6na valminud k\u00e4rulisad ja lastetarbed","publisher":{"@id":"https:\/\/sannale.ee\/#organization"},"potentialAction":[{"@type":"SearchAction","target":{"@type":"EntryPoint","urlTemplate":"https:\/\/sannale.ee\/?s={search_term_string}"},"query-input":{"@type":"PropertyValueSpecification","valueRequired":true,"valueName":"search_term_string"}}],"inLanguage":"en-US"},{"@type":"Organization","@id":"https:\/\/sannale.ee\/#organization","name":"Sannale","url":"https:\/\/sannale.ee\/","logo":{"@type":"ImageObject","inLanguage":"en-US","@id":"https:\/\/sannale.ee\/#\/schema\/logo\/image\/","url":"https:\/\/sannale.ee\/wp-content\/uploads\/2024\/02\/cropped-sannale-fb-logo-sydamega-5-tumedam-3-scaled.png","contentUrl":"https:\/\/sannale.ee\/wp-content\/uploads\/2024\/02\/cropped-sannale-fb-logo-sydamega-5-tumedam-3-scaled.png","width":5100,"height":1758,"caption":"Sannale"},"image":{"@id":"https:\/\/sannale.ee\/#\/schema\/logo\/image\/"},"sameAs":["https:\/\/www.facebook.com\/MinuSannale"]}]}},"uagb_featured_image_src":{"full":false,"thumbnail":false,"medium":false,"medium_large":false,"large":false,"1536x1536":false,"2048x2048":false,"woocommerce_thumbnail":false,"woocommerce_single":false,"woocommerce_gallery_thumbnail":false,"variation_swatches_image_size":false,"variation_swatches_tooltip_size":false},"uagb_author_info":{"display_name":"meelip","author_link":"https:\/\/sannale.ee\/en\/author\/meelip\/"},"uagb_comment_info":0,"uagb_excerpt":"Want a convenient way to store your raincoat bag? The Sannale umbrella bag is a handy and stylish solution. Order [&hellip;]","jetpack_sharing_enabled":true,"_links":{"self":[{"href":"https:\/\/sannale.ee\/en\/wp-json\/wp\/v2\/pages\/44131","targetHints":{"allow":["GET"]}}],"collection":[{"href":"https:\/\/sannale.ee\/en\/wp-json\/wp\/v2\/pages"}],"about":[{"href":"https:\/\/sannale.ee\/en\/wp-json\/wp\/v2\/types\/page"}],"author":[{"embeddable":true,"href":"https:\/\/sannale.ee\/en\/wp-json\/wp\/v2\/users\/1"}],"replies":[{"embeddable":true,"href":"https:\/\/sannale.ee\/en\/wp-json\/wp\/v2\/comments?post=44131"}],"version-history":[{"count":2,"href":"https:\/\/sannale.ee\/en\/wp-json\/wp\/v2\/pages\/44131\/revisions"}],"predecessor-version":[{"id":44134,"href":"https:\/\/sannale.ee\/en\/wp-json\/wp\/v2\/pages\/44131\/revisions\/44134"}],"wp:attachment":[{"href":"https:\/\/sannale.ee\/en\/wp-json\/wp\/v2\/media?parent=44131"}],"curies":[{"name":"wp","href":"https:\/\/api.w.org\/{rel}","templated":true}]}}