{"id":44127,"date":"2023-01-01T19:46:49","date_gmt":"2023-01-01T17:46:49","guid":{"rendered":"https:\/\/sannale.ee\/sannale-trolley-transport-bag-for-bumbleride-era-stroller\/"},"modified":"2024-08-21T22:40:38","modified_gmt":"2024-08-21T19:40:38","slug":"sannale-trolley-transport-bag-for-bumbleride-era-stroller","status":"publish","type":"page","link":"https:\/\/sannale.ee\/en\/sannale-trolley-transport-bag-for-bumbleride-era-stroller\/","title":{"rendered":"Sannale trolley transport bag for Bumbleride Era stroller"},"content":{"rendered":"\n<ul class=\"wp-block-list\">\n<li><strong>the trolley is easy to pack in a bag &#8211;<\/strong> open the bag, put it inside the trolley, close the side<strong> with a drawstring <\/strong>(like a slipper bag), put the bag on your shoulder and go!<\/li>\n\n\n\n<li><strong>the sturdy webbing carrying handles<\/strong> are stitched with reinforcing stitching <strong>around the entire bag<\/strong>, so the entire weight of the trolley rests on the carrying handles and not on the fabric of the bag.<\/li>\n\n\n\n<li><strong>water-repellent fabric<\/strong> material keeps your trolley <strong>clean<\/strong><\/li>\n\n\n\n<li><strong>M size (<strong>75*100cm<\/strong>) <\/strong>transport bag fits well with the Bumbler Era size<\/li>\n\n\n\n<li><strong>a unique design<\/strong>, a cut created for Sanna, which can only be ordered from us and <strong>handcrafted just for you.<\/strong><\/li>\n<\/ul>\n\n<p> <a href=\"https:\/\/sannale.ee\/en\/toode\/trolley-transport-bag\/\"> <span style=\"text-decoration: underline;\">Order a trolley transport bag for Sanna from our online shop!<\/span> <\/a><strong>Choose size M (<strong><strong>75*100<\/strong><\/strong>cm)<\/strong><\/p>\n\n<div class=\"wp-block-jetpack-tiled-gallery aligncenter is-style-rectangular\"><div class=\"tiled-gallery__gallery\"><div class=\"tiled-gallery__row\"><div class=\"tiled-gallery__col\" style=\"flex-basis:100.00000%\"><figure class=\"tiled-gallery__item\"><a href=\"https:\/\/sannale.ee\/wp-content\/uploads\/2021\/02\/received_495688211495538.jpg\"><img decoding=\"async\" data-srcset=\"https:\/\/i1.wp.com\/sannale.ee\/wp-content\/uploads\/2021\/02\/received_495688211495538.jpg?strip=info&#038;w=600&#038;ssl=1 600w,https:\/\/i1.wp.com\/sannale.ee\/wp-content\/uploads\/2021\/02\/received_495688211495538.jpg?strip=info&#038;w=900&#038;ssl=1 900w,https:\/\/i1.wp.com\/sannale.ee\/wp-content\/uploads\/2021\/02\/received_495688211495538.jpg?strip=info&#038;w=1024&#038;ssl=1 1024w\" alt=\"Universal trolley transport bag\" data-height=\"768\" data-id=\"4777\" data-link=\"https:\/\/sannale.ee\/received_495688211495538\/\" data-url=\"https:\/\/sannale.ee\/wp-content\/uploads\/2021\/02\/received_495688211495538.jpg\" data-width=\"1024\" data-src=\"https:\/\/i1.wp.com\/sannale.ee\/wp-content\/uploads\/2021\/02\/received_495688211495538.jpg?ssl=1\" data-amp-layout=\"responsive\" src=\"data:image\/svg+xml;base64,PHN2ZyB3aWR0aD0iMSIgaGVpZ2h0PSIxIiB4bWxucz0iaHR0cDovL3d3dy53My5vcmcvMjAwMC9zdmciPjwvc3ZnPg==\" class=\"lazyload\"><\/a><\/figure><\/div><\/div><\/div><\/div>\n\n<hr class=\"wp-block-separator has-css-opacity\"\/>\n\n<p><\/p>\n\n<hr class=\"wp-block-separator has-css-opacity\"\/>\n\n<h2 class=\"wp-block-heading has-text-align-center\">Customer feedback:  <\/h2>\n\n<div class=\"wp-block-uagb-container uagb-block-ffbab7fe alignfull uagb-is-root-container\"><div class=\"uagb-container-inner-blocks-wrap\">\n<div class=\"wp-block-uagb-container uagb-block-d9aecf15\">\n<p>Ellen: &#8220;The M size bag has a Bumbler ERA and a Bumbler stand-up board.\nThe large rear wheels have been removed for packing.<br\/>The bag is mega light!\nAnd it slides on nicely.\nI tied a running knot on the anchoring cord myself for good measure.\nThe side buckles give the possibility to adjust the floppy part of the bag towards the other side, to pull the trolley properly.<br\/>I dream of being able to pull the shoulder straps together with a drawstring (so that they don&#8217;t get stuck somewhere on the luggage tape at the airport, for example) and maybe also a shoulder padding.<br\/>But in this case, the luggage tag solved this problem completely.      <\/p>\n\n\n\n<p>And, of course &#8211; sending a megacall!<\/p>\n<\/div>\n\n\n\n<div class=\"wp-block-uagb-container uagb-block-a91488f7\">\t\t\t\t\t<div\n\t\t\t\t\t\tclass=\"wp-block-uagb-image-gallery uagb-block-90393fc7     \"\n\t\t\t\t\t\tstyle=\"\"\n\t\t\t\t\t>\n\t\t\t\t\t\t\t\t\t\t\t<div class=\"spectra-image-gallery spectra-image-gallery__layout--grid spectra-image-gallery__layout--grid-col-2 spectra-image-gallery__layout--grid-col-tab-2 spectra-image-gallery__layout--grid-col-mob-2\">\n\t\t\t\t\t\t\t\t\t\t\t<div class='spectra-image-gallery__media-wrapper' data-spectra-gallery-image-id='17524' tabindex=\"0\">\n\t\t\t\t\t\t\t<div class=\"spectra-image-gallery__media spectra-image-gallery__media--grid\">\n\t\t\t\t<picture>\n\t\t\t\t\t<source media=\"(min-width: 1024px)\" data-srcset=\"https:\/\/sannale.ee\/wp-content\/uploads\/2021\/02\/inbound7037975830775143312-1024x1024.jpg\">\n\t\t\t\t\t<source media=\"(min-width: 768px)\" data-srcset=\"https:\/\/sannale.ee\/wp-content\/uploads\/2021\/02\/inbound7037975830775143312-1024x1024.jpg\">\n\t\t\t\t\t<img decoding=\"async\" class=\"spectra-image-gallery__media-thumbnail spectra-image-gallery__media-thumbnail--grid lazyload\" data-src=\"https:\/\/sannale.ee\/wp-content\/uploads\/2021\/02\/inbound7037975830775143312-300x300.jpg\" alt=\"\" src=\"data:image\/svg+xml;base64,PHN2ZyB3aWR0aD0iMSIgaGVpZ2h0PSIxIiB4bWxucz0iaHR0cDovL3d3dy53My5vcmcvMjAwMC9zdmciPjwvc3ZnPg==\" style=\"--smush-placeholder-width: 300px; --smush-placeholder-aspect-ratio: 300\/300;\" \/>\n\t\t\t\t<\/picture>\n\t\t\t\t<div class=\"spectra-image-gallery__media-thumbnail-blurrer\"><\/div>\n\t\t\t\t\t\t\t\t\t\t\t<div class=\"spectra-image-gallery__media-thumbnail-caption-wrapper spectra-image-gallery__media-thumbnail-caption-wrapper--overlay\"><\/div>\n\t\t\t\t\t\t\t\t<\/div>\n\t\t\t\t\t\t<\/div>\n\t\t\t\t\t\t<div class='spectra-image-gallery__media-wrapper' data-spectra-gallery-image-id='37469' tabindex=\"0\">\n\t\t\t\t\t\t\t<div class=\"spectra-image-gallery__media spectra-image-gallery__media--grid\">\n\t\t\t\t<picture>\n\t\t\t\t\t<source media=\"(min-width: 1024px)\" data-srcset=\"https:\/\/sannale.ee\/wp-content\/uploads\/2024\/03\/Sannale-transpordikott-karule.jpg\">\n\t\t\t\t\t<source media=\"(min-width: 768px)\" data-srcset=\"https:\/\/sannale.ee\/wp-content\/uploads\/2024\/03\/Sannale-transpordikott-karule.jpg\">\n\t\t\t\t\t<img decoding=\"async\" class=\"spectra-image-gallery__media-thumbnail spectra-image-gallery__media-thumbnail--grid lazyload\" data-src=\"https:\/\/sannale.ee\/wp-content\/uploads\/2024\/03\/Sannale-transpordikott-karule-300x225.jpg\" alt=\"\" src=\"data:image\/svg+xml;base64,PHN2ZyB3aWR0aD0iMSIgaGVpZ2h0PSIxIiB4bWxucz0iaHR0cDovL3d3dy53My5vcmcvMjAwMC9zdmciPjwvc3ZnPg==\" style=\"--smush-placeholder-width: 300px; --smush-placeholder-aspect-ratio: 300\/225;\" \/>\n\t\t\t\t<\/picture>\n\t\t\t\t<div class=\"spectra-image-gallery__media-thumbnail-blurrer\"><\/div>\n\t\t\t\t\t\t\t\t\t\t\t<div class=\"spectra-image-gallery__media-thumbnail-caption-wrapper spectra-image-gallery__media-thumbnail-caption-wrapper--overlay\"><\/div>\n\t\t\t\t\t\t\t\t<\/div>\n\t\t\t\t\t\t<\/div>\n\t\t\t\t\t\t\t\t\t\t<\/div>\n\t\t\t\t\t\t\t\t\t\t\t\t\t\t\t\t\t\t<\/div>\n\t\t\t\t\t\t\t\t\t\t\t<div class='spectra-image-gallery__control-lightbox' tabindex='0'>\n\t\t\t\t\t\t\t\t\t\t\t<div class=\"swiper spectra-image-gallery__control-lightbox--main\" dir=\"\">\n\t\t\t\t\t<div class=\"swiper-wrapper\">\n\t\t\t\t\t\t\t\t\t\t\t\t\t\n\t\t\t\t\t\t\t<div class=\"swiper-slide\">\n\t\t\t\t\t\t\t\t<img class=\"swiper-lazy\" data-src=\"https:\/\/sannale.ee\/wp-content\/uploads\/2021\/02\/inbound7037975830775143312-scaled.jpg\" alt=\"\"\/>\n\t\t\t\t\t\t\t\t<div class=\"swiper-lazy-preloader swiper-lazy-preloader-white\"><\/div>\n\t\t\t\t\t\t\t\t\t\t\t\t\t\t\t<\/div>\n\t\t\t\t\t\t\t\t\t\t\t\t\t\n\t\t\t\t\t\t\t<div class=\"swiper-slide\">\n\t\t\t\t\t\t\t\t<img class=\"swiper-lazy\" data-src=\"https:\/\/sannale.ee\/wp-content\/uploads\/2024\/03\/Sannale-transpordikott-karule.jpg\" alt=\"\"\/>\n\t\t\t\t\t\t\t\t<div class=\"swiper-lazy-preloader swiper-lazy-preloader-white\"><\/div>\n\t\t\t\t\t\t\t\t\t\t\t\t\t\t\t<\/div>\n\t\t\t\t\t\t\t\t\t\t\t<\/div>\n\t\t\t\t\t<div class=\"swiper-button-next\"><\/div>\n\t\t\t\t\t<div class=\"swiper-button-prev\"><\/div>\n\t\t\t\t<\/div>\t\t\t\n\t\t\t\t\t\t\t\t\t\t\t\t\t\t\t\t\t\t\t\t\t\t\t\t\t\t\t\t\t\t\t\t<button class='spectra-image-gallery__control-lightbox--close' aria-label=\"Close\">\n\t\t\t\t\t\t\t\t\t\t\t\t\t<svg xmlns=\"https:\/\/www.w3.org\/2000\/svg\" viewBox= \"0 0 320 512\"><path d=\"M310.6 361.4c12.5 12.5 12.5 32.75 0 45.25C304.4 412.9 296.2 416 288 416s-16.38-3.125-22.62-9.375L160 301.3L54.63 406.6C48.38 412.9 40.19 416 32 416S15.63 412.9 9.375 406.6c-12.5-12.5-12.5-32.75 0-45.25l105.4-105.4L9.375 150.6c-12.5-12.5-12.5-32.75 0-45.25s32.75-12.5 45.25 0L160 210.8l105.4-105.4c12.5-12.5 32.75-12.5 45.25 0s12.5 32.75 0 45.25l-105.4 105.4L310.6 361.4z\"><\/path><\/svg>\n\t\t\t\t\t\t\t\t\t\t\t\t<\/button>\n\t\t\t\t\t\t\t\t\t\t\t\t\t<\/div>\n\t\t\t\t\t\t\t\t\t<\/div>\n<\/div><\/div>\n\n<div class=\"wp-block-media-text alignwide is-stacked-on-mobile\" style=\"grid-template-columns:41% auto\"><figure class=\"wp-block-media-text__media\"><img decoding=\"async\" width=\"1024\" height=\"768\" data-src=\"https:\/\/sannale.ee\/wp-content\/uploads\/2021\/02\/received_495688211495538.jpg\" alt=\"Universal trolley transport bag\" class=\"wp-image-4777 size-full lazyload\" data-srcset=\"https:\/\/sannale.ee\/wp-content\/uploads\/2021\/02\/received_495688211495538.jpg 1024w, https:\/\/sannale.ee\/wp-content\/uploads\/2021\/02\/received_495688211495538-600x450.jpg 600w, https:\/\/sannale.ee\/wp-content\/uploads\/2021\/02\/received_495688211495538-300x225.jpg 300w, https:\/\/sannale.ee\/wp-content\/uploads\/2021\/02\/received_495688211495538-768x576.jpg 768w, https:\/\/sannale.ee\/wp-content\/uploads\/2021\/02\/received_495688211495538-416x312.jpg 416w\" data-sizes=\"(max-width: 1024px) 100vw, 1024px\" src=\"data:image\/svg+xml;base64,PHN2ZyB3aWR0aD0iMSIgaGVpZ2h0PSIxIiB4bWxucz0iaHR0cDovL3d3dy53My5vcmcvMjAwMC9zdmciPjwvc3ZnPg==\" style=\"--smush-placeholder-width: 1024px; --smush-placeholder-aspect-ratio: 1024\/768;\" \/><\/figure><div class=\"wp-block-media-text__content\">\n<p>Leo Pold: &#8220;The Bumbler Era is nicely packed and ready to go&#8221;<\/p>\n<\/div><\/div>\n\n<hr class=\"wp-block-separator has-css-opacity\"\/>\n\n<p><strong><a href=\"https:\/\/sannale.ee\/millistele-karudele-lisavarustust-teeme\/sannale-lisad-bumbleride-era\/\">See also other products, <\/a><\/strong>we have created for use with the Bumbler Era trolley.<\/p>\n\n<p>Would you like a trolley transport bag for another trolley model?\nSee<a href=\"https:\/\/sannale.ee\/tooteinfo\/sannale-transpordikott-milline-enda-karule-valida\/\"><span style=\"text-decoration: underline;\"> our<\/span><\/a> full<a href=\"https:\/\/sannale.ee\/tooteinfo\/sannale-transpordikott-milline-enda-karule-valida\/\"><span style=\"text-decoration: underline;\"> range of transport bags.<\/span><\/a> <\/p>\n","protected":false},"excerpt":{"rendered":"<p>Order a trolley transport bag for Sanna from our online shop! Choose size M (75*100cm) Customer feedback: Ellen: &#8220;The M [&hellip;]<\/p>\n","protected":false},"author":1,"featured_media":0,"parent":0,"menu_order":0,"comment_status":"closed","ping_status":"closed","template":"","meta":{"_uag_custom_page_level_css":"","site-sidebar-layout":"default","site-content-layout":"","ast-site-content-layout":"default","site-content-style":"default","site-sidebar-style":"default","ast-global-header-display":"","ast-banner-title-visibility":"","ast-main-header-display":"","ast-hfb-above-header-display":"","ast-hfb-below-header-display":"","ast-hfb-mobile-header-display":"","site-post-title":"","ast-breadcrumbs-content":"","ast-featured-img":"","footer-sml-layout":"","theme-transparent-header-meta":"","adv-header-id-meta":"","stick-header-meta":"","header-above-stick-meta":"","header-main-stick-meta":"","header-below-stick-meta":"","astra-migrate-meta-layouts":"default","ast-page-background-enabled":"default","ast-page-background-meta":{"desktop":{"background-color":"var(--ast-global-color-4)","background-image":"","background-repeat":"repeat","background-position":"center center","background-size":"auto","background-attachment":"scroll","background-type":"","background-media":"","overlay-type":"","overlay-color":"","overlay-opacity":"","overlay-gradient":""},"tablet":{"background-color":"","background-image":"","background-repeat":"repeat","background-position":"center center","background-size":"auto","background-attachment":"scroll","background-type":"","background-media":"","overlay-type":"","overlay-color":"","overlay-opacity":"","overlay-gradient":""},"mobile":{"background-color":"","background-image":"","background-repeat":"repeat","background-position":"center center","background-size":"auto","background-attachment":"scroll","background-type":"","background-media":"","overlay-type":"","overlay-color":"","overlay-opacity":"","overlay-gradient":""}},"ast-content-background-meta":{"desktop":{"background-color":"var(--ast-global-color-5)","background-image":"","background-repeat":"repeat","background-position":"center center","background-size":"auto","background-attachment":"scroll","background-type":"","background-media":"","overlay-type":"","overlay-color":"","overlay-opacity":"","overlay-gradient":""},"tablet":{"background-color":"var(--ast-global-color-5)","background-image":"","background-repeat":"repeat","background-position":"center center","background-size":"auto","background-attachment":"scroll","background-type":"","background-media":"","overlay-type":"","overlay-color":"","overlay-opacity":"","overlay-gradient":""},"mobile":{"background-color":"var(--ast-global-color-5)","background-image":"","background-repeat":"repeat","background-position":"center center","background-size":"auto","background-attachment":"scroll","background-type":"","background-media":"","overlay-type":"","overlay-color":"","overlay-opacity":"","overlay-gradient":""}},"footnotes":""},"class_list":["post-44127","page","type-page","status-publish","hentry"],"yoast_head":"<!-- This site is optimized with the Yoast SEO plugin v27.3 - https:\/\/yoast.com\/product\/yoast-seo-wordpress\/ -->\n<title>Sannale trolley transport bag for Bumbleride Era stroller - Sannale<\/title>\n<meta name=\"description\" content=\"Sanna&#039;s transport bag for the Bumbler Private Trolley. The water repellent fabric transport bag protects your trolley from getting dirty.\" \/>\n<meta name=\"robots\" content=\"index, follow, max-snippet:-1, max-image-preview:large, max-video-preview:-1\" \/>\n<link rel=\"canonical\" href=\"https:\/\/sannale.ee\/en\/?page_id=44127\" \/>\n<meta property=\"og:locale\" content=\"en_US\" \/>\n<meta property=\"og:type\" content=\"article\" \/>\n<meta property=\"og:title\" content=\"Sannale trolley transport bag for Bumbleride Era stroller - Sannale\" \/>\n<meta property=\"og:description\" content=\"Sanna&#039;s transport bag for the Bumbler Private Trolley. The water repellent fabric transport bag protects your trolley from getting dirty.\" \/>\n<meta property=\"og:url\" content=\"https:\/\/sannale.ee\/en\/?page_id=44127\" \/>\n<meta property=\"og:site_name\" content=\"Sannale\" \/>\n<meta property=\"article:publisher\" content=\"https:\/\/www.facebook.com\/MinuSannale\" \/>\n<meta property=\"article:modified_time\" content=\"2024-08-21T19:40:38+00:00\" \/>\n<meta property=\"og:image\" content=\"https:\/\/i1.wp.com\/sannale.ee\/wp-content\/uploads\/2021\/02\/received_495688211495538.jpg?ssl=1\" \/>\n<meta name=\"twitter:card\" content=\"summary_large_image\" \/>\n<meta name=\"twitter:label1\" content=\"Est. reading time\" \/>\n\t<meta name=\"twitter:data1\" content=\"1 minute\" \/>\n<script type=\"application\/ld+json\" class=\"yoast-schema-graph\">{\"@context\":\"https:\\\/\\\/schema.org\",\"@graph\":[{\"@type\":\"WebPage\",\"@id\":\"https:\\\/\\\/sannale.ee\\\/en\\\/?page_id=44127\",\"url\":\"https:\\\/\\\/sannale.ee\\\/en\\\/?page_id=44127\",\"name\":\"Sannale trolley transport bag for Bumbleride Era stroller - Sannale\",\"isPartOf\":{\"@id\":\"https:\\\/\\\/sannale.ee\\\/#website\"},\"primaryImageOfPage\":{\"@id\":\"https:\\\/\\\/sannale.ee\\\/en\\\/?page_id=44127#primaryimage\"},\"image\":{\"@id\":\"https:\\\/\\\/sannale.ee\\\/en\\\/?page_id=44127#primaryimage\"},\"thumbnailUrl\":\"https:\\\/\\\/i1.wp.com\\\/sannale.ee\\\/wp-content\\\/uploads\\\/2021\\\/02\\\/received_495688211495538.jpg?ssl=1\",\"datePublished\":\"2023-01-01T17:46:49+00:00\",\"dateModified\":\"2024-08-21T19:40:38+00:00\",\"description\":\"Sanna's transport bag for the Bumbler Private Trolley. The water repellent fabric transport bag protects your trolley from getting dirty.\",\"breadcrumb\":{\"@id\":\"https:\\\/\\\/sannale.ee\\\/en\\\/?page_id=44127#breadcrumb\"},\"inLanguage\":\"en-US\",\"potentialAction\":[{\"@type\":\"ReadAction\",\"target\":[\"https:\\\/\\\/sannale.ee\\\/en\\\/?page_id=44127\"]}]},{\"@type\":\"ImageObject\",\"inLanguage\":\"en-US\",\"@id\":\"https:\\\/\\\/sannale.ee\\\/en\\\/?page_id=44127#primaryimage\",\"url\":\"https:\\\/\\\/i1.wp.com\\\/sannale.ee\\\/wp-content\\\/uploads\\\/2021\\\/02\\\/received_495688211495538.jpg?ssl=1\",\"contentUrl\":\"https:\\\/\\\/i1.wp.com\\\/sannale.ee\\\/wp-content\\\/uploads\\\/2021\\\/02\\\/received_495688211495538.jpg?ssl=1\"},{\"@type\":\"BreadcrumbList\",\"@id\":\"https:\\\/\\\/sannale.ee\\\/en\\\/?page_id=44127#breadcrumb\",\"itemListElement\":[{\"@type\":\"ListItem\",\"position\":1,\"name\":\"Home\",\"item\":\"https:\\\/\\\/sannale.ee\\\/en\\\/\"},{\"@type\":\"ListItem\",\"position\":2,\"name\":\"Sannale trolley transport bag for Bumbleride Era stroller\"}]},{\"@type\":\"WebSite\",\"@id\":\"https:\\\/\\\/sannale.ee\\\/#website\",\"url\":\"https:\\\/\\\/sannale.ee\\\/\",\"name\":\"Sannale\",\"description\":\"K\u00e4sit\u00f6\u00f6na valminud k\u00e4rulisad ja lastetarbed\",\"publisher\":{\"@id\":\"https:\\\/\\\/sannale.ee\\\/#organization\"},\"potentialAction\":[{\"@type\":\"SearchAction\",\"target\":{\"@type\":\"EntryPoint\",\"urlTemplate\":\"https:\\\/\\\/sannale.ee\\\/?s={search_term_string}\"},\"query-input\":{\"@type\":\"PropertyValueSpecification\",\"valueRequired\":true,\"valueName\":\"search_term_string\"}}],\"inLanguage\":\"en-US\"},{\"@type\":\"Organization\",\"@id\":\"https:\\\/\\\/sannale.ee\\\/#organization\",\"name\":\"Sannale\",\"url\":\"https:\\\/\\\/sannale.ee\\\/\",\"logo\":{\"@type\":\"ImageObject\",\"inLanguage\":\"en-US\",\"@id\":\"https:\\\/\\\/sannale.ee\\\/#\\\/schema\\\/logo\\\/image\\\/\",\"url\":\"https:\\\/\\\/sannale.ee\\\/wp-content\\\/uploads\\\/2024\\\/02\\\/cropped-sannale-fb-logo-sydamega-5-tumedam-3-scaled.png\",\"contentUrl\":\"https:\\\/\\\/sannale.ee\\\/wp-content\\\/uploads\\\/2024\\\/02\\\/cropped-sannale-fb-logo-sydamega-5-tumedam-3-scaled.png\",\"width\":5100,\"height\":1758,\"caption\":\"Sannale\"},\"image\":{\"@id\":\"https:\\\/\\\/sannale.ee\\\/#\\\/schema\\\/logo\\\/image\\\/\"},\"sameAs\":[\"https:\\\/\\\/www.facebook.com\\\/MinuSannale\"]}]}<\/script>\n<!-- \/ Yoast SEO plugin. -->","yoast_head_json":{"title":"Sannale trolley transport bag for Bumbleride Era stroller - Sannale","description":"Sanna's transport bag for the Bumbler Private Trolley. The water repellent fabric transport bag protects your trolley from getting dirty.","robots":{"index":"index","follow":"follow","max-snippet":"max-snippet:-1","max-image-preview":"max-image-preview:large","max-video-preview":"max-video-preview:-1"},"canonical":"https:\/\/sannale.ee\/en\/?page_id=44127","og_locale":"en_US","og_type":"article","og_title":"Sannale trolley transport bag for Bumbleride Era stroller - Sannale","og_description":"Sanna's transport bag for the Bumbler Private Trolley. The water repellent fabric transport bag protects your trolley from getting dirty.","og_url":"https:\/\/sannale.ee\/en\/?page_id=44127","og_site_name":"Sannale","article_publisher":"https:\/\/www.facebook.com\/MinuSannale","article_modified_time":"2024-08-21T19:40:38+00:00","og_image":[{"url":"https:\/\/i1.wp.com\/sannale.ee\/wp-content\/uploads\/2021\/02\/received_495688211495538.jpg?ssl=1","type":"","width":"","height":""}],"twitter_card":"summary_large_image","twitter_misc":{"Est. reading time":"1 minute"},"schema":{"@context":"https:\/\/schema.org","@graph":[{"@type":"WebPage","@id":"https:\/\/sannale.ee\/en\/?page_id=44127","url":"https:\/\/sannale.ee\/en\/?page_id=44127","name":"Sannale trolley transport bag for Bumbleride Era stroller - Sannale","isPartOf":{"@id":"https:\/\/sannale.ee\/#website"},"primaryImageOfPage":{"@id":"https:\/\/sannale.ee\/en\/?page_id=44127#primaryimage"},"image":{"@id":"https:\/\/sannale.ee\/en\/?page_id=44127#primaryimage"},"thumbnailUrl":"https:\/\/i1.wp.com\/sannale.ee\/wp-content\/uploads\/2021\/02\/received_495688211495538.jpg?ssl=1","datePublished":"2023-01-01T17:46:49+00:00","dateModified":"2024-08-21T19:40:38+00:00","description":"Sanna's transport bag for the Bumbler Private Trolley. The water repellent fabric transport bag protects your trolley from getting dirty.","breadcrumb":{"@id":"https:\/\/sannale.ee\/en\/?page_id=44127#breadcrumb"},"inLanguage":"en-US","potentialAction":[{"@type":"ReadAction","target":["https:\/\/sannale.ee\/en\/?page_id=44127"]}]},{"@type":"ImageObject","inLanguage":"en-US","@id":"https:\/\/sannale.ee\/en\/?page_id=44127#primaryimage","url":"https:\/\/i1.wp.com\/sannale.ee\/wp-content\/uploads\/2021\/02\/received_495688211495538.jpg?ssl=1","contentUrl":"https:\/\/i1.wp.com\/sannale.ee\/wp-content\/uploads\/2021\/02\/received_495688211495538.jpg?ssl=1"},{"@type":"BreadcrumbList","@id":"https:\/\/sannale.ee\/en\/?page_id=44127#breadcrumb","itemListElement":[{"@type":"ListItem","position":1,"name":"Home","item":"https:\/\/sannale.ee\/en\/"},{"@type":"ListItem","position":2,"name":"Sannale trolley transport bag for Bumbleride Era stroller"}]},{"@type":"WebSite","@id":"https:\/\/sannale.ee\/#website","url":"https:\/\/sannale.ee\/","name":"Sannale","description":"K\u00e4sit\u00f6\u00f6na valminud k\u00e4rulisad ja lastetarbed","publisher":{"@id":"https:\/\/sannale.ee\/#organization"},"potentialAction":[{"@type":"SearchAction","target":{"@type":"EntryPoint","urlTemplate":"https:\/\/sannale.ee\/?s={search_term_string}"},"query-input":{"@type":"PropertyValueSpecification","valueRequired":true,"valueName":"search_term_string"}}],"inLanguage":"en-US"},{"@type":"Organization","@id":"https:\/\/sannale.ee\/#organization","name":"Sannale","url":"https:\/\/sannale.ee\/","logo":{"@type":"ImageObject","inLanguage":"en-US","@id":"https:\/\/sannale.ee\/#\/schema\/logo\/image\/","url":"https:\/\/sannale.ee\/wp-content\/uploads\/2024\/02\/cropped-sannale-fb-logo-sydamega-5-tumedam-3-scaled.png","contentUrl":"https:\/\/sannale.ee\/wp-content\/uploads\/2024\/02\/cropped-sannale-fb-logo-sydamega-5-tumedam-3-scaled.png","width":5100,"height":1758,"caption":"Sannale"},"image":{"@id":"https:\/\/sannale.ee\/#\/schema\/logo\/image\/"},"sameAs":["https:\/\/www.facebook.com\/MinuSannale"]}]}},"uagb_featured_image_src":{"full":false,"thumbnail":false,"medium":false,"medium_large":false,"large":false,"1536x1536":false,"2048x2048":false,"woocommerce_thumbnail":false,"woocommerce_single":false,"woocommerce_gallery_thumbnail":false,"variation_swatches_image_size":false,"variation_swatches_tooltip_size":false},"uagb_author_info":{"display_name":"meelip","author_link":"https:\/\/sannale.ee\/en\/author\/meelip\/"},"uagb_comment_info":0,"uagb_excerpt":"Order a trolley transport bag for Sanna from our online shop! Choose size M (75*100cm) Customer feedback: Ellen: &#8220;The M [&hellip;]","jetpack_sharing_enabled":true,"_links":{"self":[{"href":"https:\/\/sannale.ee\/en\/wp-json\/wp\/v2\/pages\/44127","targetHints":{"allow":["GET"]}}],"collection":[{"href":"https:\/\/sannale.ee\/en\/wp-json\/wp\/v2\/pages"}],"about":[{"href":"https:\/\/sannale.ee\/en\/wp-json\/wp\/v2\/types\/page"}],"author":[{"embeddable":true,"href":"https:\/\/sannale.ee\/en\/wp-json\/wp\/v2\/users\/1"}],"replies":[{"embeddable":true,"href":"https:\/\/sannale.ee\/en\/wp-json\/wp\/v2\/comments?post=44127"}],"version-history":[{"count":2,"href":"https:\/\/sannale.ee\/en\/wp-json\/wp\/v2\/pages\/44127\/revisions"}],"predecessor-version":[{"id":44130,"href":"https:\/\/sannale.ee\/en\/wp-json\/wp\/v2\/pages\/44127\/revisions\/44130"}],"wp:attachment":[{"href":"https:\/\/sannale.ee\/en\/wp-json\/wp\/v2\/media?parent=44127"}],"curies":[{"name":"wp","href":"https:\/\/api.w.org\/{rel}","templated":true}]}}