{"id":44050,"date":"2021-11-11T13:27:47","date_gmt":"2021-11-11T11:27:47","guid":{"rendered":"https:\/\/sannale.ee\/sannale-rain-cover-bag-with-thule-double-trolley\/"},"modified":"2024-08-21T22:32:58","modified_gmt":"2024-08-21T19:32:58","slug":"sannale-rain-cover-bag-with-thule-double-trolley","status":"publish","type":"page","link":"https:\/\/sannale.ee\/en\/sannale-rain-cover-bag-with-thule-double-trolley\/","title":{"rendered":"Sannale rain cover bag with Thule Double trolley"},"content":{"rendered":"\n<p>Want a convenient way to store your raincoat bag?\nThe Sannale umbrella bag is a handy and stylish solution. <\/p>\n\n<ul class=\"wp-block-list\">\n<li>water-repellent fabric<\/li>\n\n\n\n<li>zippered closure<\/li>\n\n\n\n<li>can be attached to the trolley frame with three click fasteners<\/li>\n\n\n\n<li>The 22*33cm bag fits perfectly on the original Thule Urban Glide 2 \/ Glide disc.<\/li>\n\n\n\n<li>A <strong>handcrafted<\/strong> design created <strong>just for you by<\/strong> Sanna<\/li>\n<\/ul>\n\n<p><a href=\"https:\/\/sannale.ee\/en\/toode\/rain-cover-storage-bag\/\">Order an umbrella bag online!<\/a>  Choose size 22*33cm with 3 clicks Thule Double option.<\/p>\n\n<p><\/p>\n\n<p>The frame of the Thule trolley is largely right up against the fabric of the trolley, so it&#8217;s quite difficult to find a suitable hanging spot for a conventional two-click rain bag on this trolley.  <\/p>\n\n<p>Our Thule-designed umbrella bag variant has two click tabs facing sideways and one facing up in the opposite corner.\nThis way the bag attaches nicely to the side frame. <\/p>\n\n<p>The trolley can also be packed together with the bag, without the bag getting in the way of the trolley.<\/p>\n\n<p><\/p>\n\n<div class=\"wp-block-jetpack-slideshow aligncenter\" data-effect=\"slide\"><div class=\"wp-block-jetpack-slideshow_container swiper-container\"><ul class=\"wp-block-jetpack-slideshow_swiper-wrapper swiper-wrapper\"><li class=\"wp-block-jetpack-slideshow_slide swiper-slide\"><figure><img decoding=\"async\" width=\"1024\" height=\"819\" alt=\"\" class=\"wp-block-jetpack-slideshow_image wp-image-6865 lazyload\" data-id=\"6865\" data-src=\"https:\/\/sannale.ee\/wp-content\/uploads\/2021\/11\/Marika-Lohmus-4.jpg\" data-srcset=\"https:\/\/sannale.ee\/wp-content\/uploads\/2021\/11\/Marika-Lohmus-4.jpg 1024w, https:\/\/sannale.ee\/wp-content\/uploads\/2021\/11\/Marika-Lohmus-4-600x480.jpg 600w, https:\/\/sannale.ee\/wp-content\/uploads\/2021\/11\/Marika-Lohmus-4-300x240.jpg 300w, https:\/\/sannale.ee\/wp-content\/uploads\/2021\/11\/Marika-Lohmus-4-768x614.jpg 768w\" data-sizes=\"(max-width: 1024px) 100vw, 1024px\" src=\"data:image\/svg+xml;base64,PHN2ZyB3aWR0aD0iMSIgaGVpZ2h0PSIxIiB4bWxucz0iaHR0cDovL3d3dy53My5vcmcvMjAwMC9zdmciPjwvc3ZnPg==\" style=\"--smush-placeholder-width: 1024px; --smush-placeholder-aspect-ratio: 1024\/819;\" \/><\/figure><\/li><li class=\"wp-block-jetpack-slideshow_slide swiper-slide\"><figure><img decoding=\"async\" width=\"1024\" height=\"768\" alt=\"\" class=\"wp-block-jetpack-slideshow_image wp-image-6866 lazyload\" data-id=\"6866\" data-src=\"https:\/\/sannale.ee\/wp-content\/uploads\/2021\/11\/Marika-Lohmus-3.jpg\" data-srcset=\"https:\/\/sannale.ee\/wp-content\/uploads\/2021\/11\/Marika-Lohmus-3.jpg 1024w, https:\/\/sannale.ee\/wp-content\/uploads\/2021\/11\/Marika-Lohmus-3-600x450.jpg 600w, https:\/\/sannale.ee\/wp-content\/uploads\/2021\/11\/Marika-Lohmus-3-300x225.jpg 300w, https:\/\/sannale.ee\/wp-content\/uploads\/2021\/11\/Marika-Lohmus-3-768x576.jpg 768w\" data-sizes=\"(max-width: 1024px) 100vw, 1024px\" src=\"data:image\/svg+xml;base64,PHN2ZyB3aWR0aD0iMSIgaGVpZ2h0PSIxIiB4bWxucz0iaHR0cDovL3d3dy53My5vcmcvMjAwMC9zdmciPjwvc3ZnPg==\" style=\"--smush-placeholder-width: 1024px; --smush-placeholder-aspect-ratio: 1024\/768;\" \/><\/figure><\/li><\/ul><a class=\"wp-block-jetpack-slideshow_button-prev swiper-button-prev swiper-button-white\" role=\"button\"><\/a><a class=\"wp-block-jetpack-slideshow_button-next swiper-button-next swiper-button-white\" role=\"button\"><\/a><a aria-label=\"Pause Slideshow\" class=\"wp-block-jetpack-slideshow_button-pause\" role=\"button\"><\/a><div class=\"wp-block-jetpack-slideshow_pagination swiper-pagination swiper-pagination-white\"><\/div><\/div><\/div>\n\n<p>If you would like to attach a raincoat to the top of the bag, choose our universal 22*33cm with two clicks. <a href=\"https:\/\/sannale.ee\/en\/toode\/rain-cover-storage-bag\/\"><span style=\"text-decoration: underline;\">rain fly bag.<\/span><\/a>  <\/p>\n\n<figure class=\"wp-block-image aligncenter size-large\"><img decoding=\"async\" width=\"1024\" height=\"1024\" data-src=\"https:\/\/sannale.ee\/wp-content\/uploads\/2021\/11\/Sandra-Keinast-3-1024x1024.jpg\" alt=\"\" class=\"wp-image-6874 lazyload\" data-srcset=\"https:\/\/sannale.ee\/wp-content\/uploads\/2021\/11\/Sandra-Keinast-3.jpg 1024w, https:\/\/sannale.ee\/wp-content\/uploads\/2021\/11\/Sandra-Keinast-3-300x300.jpg 300w, https:\/\/sannale.ee\/wp-content\/uploads\/2021\/11\/Sandra-Keinast-3-100x100.jpg 100w, https:\/\/sannale.ee\/wp-content\/uploads\/2021\/11\/Sandra-Keinast-3-600x600.jpg 600w, https:\/\/sannale.ee\/wp-content\/uploads\/2021\/11\/Sandra-Keinast-3-150x150.jpg 150w, https:\/\/sannale.ee\/wp-content\/uploads\/2021\/11\/Sandra-Keinast-3-768x768.jpg 768w\" data-sizes=\"(max-width: 1024px) 100vw, 1024px\" src=\"data:image\/svg+xml;base64,PHN2ZyB3aWR0aD0iMSIgaGVpZ2h0PSIxIiB4bWxucz0iaHR0cDovL3d3dy53My5vcmcvMjAwMC9zdmciPjwvc3ZnPg==\" style=\"--smush-placeholder-width: 1024px; --smush-placeholder-aspect-ratio: 1024\/1024;\" \/><\/figure>\n\n<h2 class=\"has-text-align-center wp-block-heading\">Customer feedback<\/h2>\n\n<p><strong>Sandra<\/strong>: &#8220;Exactly what you need! It fits perfectly without having to make it super small. Handy to attach to the side of the trolley with crisps. The fabric is easy to clean. Megarahul!&#8221;<\/p>\n\n<hr class=\"wp-block-separator has-alpha-channel-opacity\"\/>\n\n<p><strong><a href=\"https:\/\/sannale.ee\/en\/\">See also other products,<\/a> <\/strong>we have created for use with the Thule Urban Glide Double trolley.<\/p>\n\n<p>Would you like a rain flyer bag for another trolley model?\nSee <a href=\"https:\/\/sannale.ee\/tooteinfo\/karude-lisavarustus-milliseid-tooteid-teeme\/sannale-vihmakile-kott-millistele-karudele-sobib\/\">our<\/a> full <a href=\"https:\/\/sannale.ee\/tooteinfo\/karude-lisavarustus-milliseid-tooteid-teeme\/sannale-vihmakile-kott-millistele-karudele-sobib\/\">range of rain fly bags.<\/a> <\/p>\n","protected":false},"excerpt":{"rendered":"<p>Want a convenient way to store your raincoat bag? The Sannale umbrella bag is a handy and stylish solution. Order [&hellip;]<\/p>\n","protected":false},"author":1,"featured_media":0,"parent":0,"menu_order":0,"comment_status":"closed","ping_status":"closed","template":"","meta":{"_uag_custom_page_level_css":"","site-sidebar-layout":"default","site-content-layout":"","ast-site-content-layout":"default","site-content-style":"default","site-sidebar-style":"default","ast-global-header-display":"","ast-banner-title-visibility":"","ast-main-header-display":"","ast-hfb-above-header-display":"","ast-hfb-below-header-display":"","ast-hfb-mobile-header-display":"","site-post-title":"","ast-breadcrumbs-content":"","ast-featured-img":"","footer-sml-layout":"","theme-transparent-header-meta":"","adv-header-id-meta":"","stick-header-meta":"","header-above-stick-meta":"","header-main-stick-meta":"","header-below-stick-meta":"","astra-migrate-meta-layouts":"default","ast-page-background-enabled":"default","ast-page-background-meta":{"desktop":{"background-color":"var(--ast-global-color-4)","background-image":"","background-repeat":"repeat","background-position":"center center","background-size":"auto","background-attachment":"scroll","background-type":"","background-media":"","overlay-type":"","overlay-color":"","overlay-opacity":"","overlay-gradient":""},"tablet":{"background-color":"","background-image":"","background-repeat":"repeat","background-position":"center center","background-size":"auto","background-attachment":"scroll","background-type":"","background-media":"","overlay-type":"","overlay-color":"","overlay-opacity":"","overlay-gradient":""},"mobile":{"background-color":"","background-image":"","background-repeat":"repeat","background-position":"center center","background-size":"auto","background-attachment":"scroll","background-type":"","background-media":"","overlay-type":"","overlay-color":"","overlay-opacity":"","overlay-gradient":""}},"ast-content-background-meta":{"desktop":{"background-color":"var(--ast-global-color-5)","background-image":"","background-repeat":"repeat","background-position":"center center","background-size":"auto","background-attachment":"scroll","background-type":"","background-media":"","overlay-type":"","overlay-color":"","overlay-opacity":"","overlay-gradient":""},"tablet":{"background-color":"var(--ast-global-color-5)","background-image":"","background-repeat":"repeat","background-position":"center center","background-size":"auto","background-attachment":"scroll","background-type":"","background-media":"","overlay-type":"","overlay-color":"","overlay-opacity":"","overlay-gradient":""},"mobile":{"background-color":"var(--ast-global-color-5)","background-image":"","background-repeat":"repeat","background-position":"center center","background-size":"auto","background-attachment":"scroll","background-type":"","background-media":"","overlay-type":"","overlay-color":"","overlay-opacity":"","overlay-gradient":""}},"footnotes":""},"class_list":["post-44050","page","type-page","status-publish","hentry"],"yoast_head":"<!-- This site is optimized with the Yoast SEO plugin v27.3 - https:\/\/yoast.com\/product\/yoast-seo-wordpress\/ -->\n<title>Sannale rain cover bag with Thule Double trolley - Sannale<\/title>\n<meta name=\"description\" content=\"A rain cover bag for the sun, designed to be used with the original Thule Double rain cover. Handmade from water-repellent fabric.\" \/>\n<meta name=\"robots\" content=\"index, follow, max-snippet:-1, max-image-preview:large, max-video-preview:-1\" \/>\n<link rel=\"canonical\" href=\"https:\/\/sannale.ee\/en\/?page_id=44050\" \/>\n<meta property=\"og:locale\" content=\"en_US\" \/>\n<meta property=\"og:type\" content=\"article\" \/>\n<meta property=\"og:title\" content=\"Sannale rain cover bag with Thule Double trolley - Sannale\" \/>\n<meta property=\"og:description\" content=\"A rain cover bag for the sun, designed to be used with the original Thule Double rain cover. Handmade from water-repellent fabric.\" \/>\n<meta property=\"og:url\" content=\"https:\/\/sannale.ee\/en\/?page_id=44050\" \/>\n<meta property=\"og:site_name\" content=\"Sannale\" \/>\n<meta property=\"article:publisher\" content=\"https:\/\/www.facebook.com\/MinuSannale\" \/>\n<meta property=\"article:modified_time\" content=\"2024-08-21T19:32:58+00:00\" \/>\n<meta property=\"og:image\" content=\"https:\/\/sannale.ee\/wp-content\/uploads\/2021\/11\/Marika-Lohmus-4.jpg\" \/>\n<meta name=\"twitter:card\" content=\"summary_large_image\" \/>\n<meta name=\"twitter:label1\" content=\"Est. reading time\" \/>\n\t<meta name=\"twitter:data1\" content=\"1 minute\" \/>\n<script type=\"application\/ld+json\" class=\"yoast-schema-graph\">{\"@context\":\"https:\\\/\\\/schema.org\",\"@graph\":[{\"@type\":\"WebPage\",\"@id\":\"https:\\\/\\\/sannale.ee\\\/en\\\/?page_id=44050\",\"url\":\"https:\\\/\\\/sannale.ee\\\/en\\\/?page_id=44050\",\"name\":\"Sannale rain cover bag with Thule Double trolley - Sannale\",\"isPartOf\":{\"@id\":\"https:\\\/\\\/sannale.ee\\\/#website\"},\"primaryImageOfPage\":{\"@id\":\"https:\\\/\\\/sannale.ee\\\/en\\\/?page_id=44050#primaryimage\"},\"image\":{\"@id\":\"https:\\\/\\\/sannale.ee\\\/en\\\/?page_id=44050#primaryimage\"},\"thumbnailUrl\":\"https:\\\/\\\/sannale.ee\\\/wp-content\\\/uploads\\\/2021\\\/11\\\/Marika-Lohmus-4.jpg\",\"datePublished\":\"2021-11-11T11:27:47+00:00\",\"dateModified\":\"2024-08-21T19:32:58+00:00\",\"description\":\"A rain cover bag for the sun, designed to be used with the original Thule Double rain cover. Handmade from water-repellent fabric.\",\"breadcrumb\":{\"@id\":\"https:\\\/\\\/sannale.ee\\\/en\\\/?page_id=44050#breadcrumb\"},\"inLanguage\":\"en-US\",\"potentialAction\":[{\"@type\":\"ReadAction\",\"target\":[\"https:\\\/\\\/sannale.ee\\\/en\\\/?page_id=44050\"]}]},{\"@type\":\"ImageObject\",\"inLanguage\":\"en-US\",\"@id\":\"https:\\\/\\\/sannale.ee\\\/en\\\/?page_id=44050#primaryimage\",\"url\":\"https:\\\/\\\/sannale.ee\\\/wp-content\\\/uploads\\\/2021\\\/11\\\/Marika-Lohmus-4.jpg\",\"contentUrl\":\"https:\\\/\\\/sannale.ee\\\/wp-content\\\/uploads\\\/2021\\\/11\\\/Marika-Lohmus-4.jpg\"},{\"@type\":\"BreadcrumbList\",\"@id\":\"https:\\\/\\\/sannale.ee\\\/en\\\/?page_id=44050#breadcrumb\",\"itemListElement\":[{\"@type\":\"ListItem\",\"position\":1,\"name\":\"Home\",\"item\":\"https:\\\/\\\/sannale.ee\\\/en\\\/\"},{\"@type\":\"ListItem\",\"position\":2,\"name\":\"Sannale rain cover bag with Thule Double trolley\"}]},{\"@type\":\"WebSite\",\"@id\":\"https:\\\/\\\/sannale.ee\\\/#website\",\"url\":\"https:\\\/\\\/sannale.ee\\\/\",\"name\":\"Sannale\",\"description\":\"K\u00e4sit\u00f6\u00f6na valminud k\u00e4rulisad ja lastetarbed\",\"publisher\":{\"@id\":\"https:\\\/\\\/sannale.ee\\\/#organization\"},\"potentialAction\":[{\"@type\":\"SearchAction\",\"target\":{\"@type\":\"EntryPoint\",\"urlTemplate\":\"https:\\\/\\\/sannale.ee\\\/?s={search_term_string}\"},\"query-input\":{\"@type\":\"PropertyValueSpecification\",\"valueRequired\":true,\"valueName\":\"search_term_string\"}}],\"inLanguage\":\"en-US\"},{\"@type\":\"Organization\",\"@id\":\"https:\\\/\\\/sannale.ee\\\/#organization\",\"name\":\"Sannale\",\"url\":\"https:\\\/\\\/sannale.ee\\\/\",\"logo\":{\"@type\":\"ImageObject\",\"inLanguage\":\"en-US\",\"@id\":\"https:\\\/\\\/sannale.ee\\\/#\\\/schema\\\/logo\\\/image\\\/\",\"url\":\"https:\\\/\\\/sannale.ee\\\/wp-content\\\/uploads\\\/2024\\\/02\\\/cropped-sannale-fb-logo-sydamega-5-tumedam-3-scaled.png\",\"contentUrl\":\"https:\\\/\\\/sannale.ee\\\/wp-content\\\/uploads\\\/2024\\\/02\\\/cropped-sannale-fb-logo-sydamega-5-tumedam-3-scaled.png\",\"width\":5100,\"height\":1758,\"caption\":\"Sannale\"},\"image\":{\"@id\":\"https:\\\/\\\/sannale.ee\\\/#\\\/schema\\\/logo\\\/image\\\/\"},\"sameAs\":[\"https:\\\/\\\/www.facebook.com\\\/MinuSannale\"]}]}<\/script>\n<!-- \/ Yoast SEO plugin. -->","yoast_head_json":{"title":"Sannale rain cover bag with Thule Double trolley - Sannale","description":"A rain cover bag for the sun, designed to be used with the original Thule Double rain cover. Handmade from water-repellent fabric.","robots":{"index":"index","follow":"follow","max-snippet":"max-snippet:-1","max-image-preview":"max-image-preview:large","max-video-preview":"max-video-preview:-1"},"canonical":"https:\/\/sannale.ee\/en\/?page_id=44050","og_locale":"en_US","og_type":"article","og_title":"Sannale rain cover bag with Thule Double trolley - Sannale","og_description":"A rain cover bag for the sun, designed to be used with the original Thule Double rain cover. Handmade from water-repellent fabric.","og_url":"https:\/\/sannale.ee\/en\/?page_id=44050","og_site_name":"Sannale","article_publisher":"https:\/\/www.facebook.com\/MinuSannale","article_modified_time":"2024-08-21T19:32:58+00:00","og_image":[{"url":"https:\/\/sannale.ee\/wp-content\/uploads\/2021\/11\/Marika-Lohmus-4.jpg","type":"","width":"","height":""}],"twitter_card":"summary_large_image","twitter_misc":{"Est. reading time":"1 minute"},"schema":{"@context":"https:\/\/schema.org","@graph":[{"@type":"WebPage","@id":"https:\/\/sannale.ee\/en\/?page_id=44050","url":"https:\/\/sannale.ee\/en\/?page_id=44050","name":"Sannale rain cover bag with Thule Double trolley - Sannale","isPartOf":{"@id":"https:\/\/sannale.ee\/#website"},"primaryImageOfPage":{"@id":"https:\/\/sannale.ee\/en\/?page_id=44050#primaryimage"},"image":{"@id":"https:\/\/sannale.ee\/en\/?page_id=44050#primaryimage"},"thumbnailUrl":"https:\/\/sannale.ee\/wp-content\/uploads\/2021\/11\/Marika-Lohmus-4.jpg","datePublished":"2021-11-11T11:27:47+00:00","dateModified":"2024-08-21T19:32:58+00:00","description":"A rain cover bag for the sun, designed to be used with the original Thule Double rain cover. Handmade from water-repellent fabric.","breadcrumb":{"@id":"https:\/\/sannale.ee\/en\/?page_id=44050#breadcrumb"},"inLanguage":"en-US","potentialAction":[{"@type":"ReadAction","target":["https:\/\/sannale.ee\/en\/?page_id=44050"]}]},{"@type":"ImageObject","inLanguage":"en-US","@id":"https:\/\/sannale.ee\/en\/?page_id=44050#primaryimage","url":"https:\/\/sannale.ee\/wp-content\/uploads\/2021\/11\/Marika-Lohmus-4.jpg","contentUrl":"https:\/\/sannale.ee\/wp-content\/uploads\/2021\/11\/Marika-Lohmus-4.jpg"},{"@type":"BreadcrumbList","@id":"https:\/\/sannale.ee\/en\/?page_id=44050#breadcrumb","itemListElement":[{"@type":"ListItem","position":1,"name":"Home","item":"https:\/\/sannale.ee\/en\/"},{"@type":"ListItem","position":2,"name":"Sannale rain cover bag with Thule Double trolley"}]},{"@type":"WebSite","@id":"https:\/\/sannale.ee\/#website","url":"https:\/\/sannale.ee\/","name":"Sannale","description":"K\u00e4sit\u00f6\u00f6na valminud k\u00e4rulisad ja lastetarbed","publisher":{"@id":"https:\/\/sannale.ee\/#organization"},"potentialAction":[{"@type":"SearchAction","target":{"@type":"EntryPoint","urlTemplate":"https:\/\/sannale.ee\/?s={search_term_string}"},"query-input":{"@type":"PropertyValueSpecification","valueRequired":true,"valueName":"search_term_string"}}],"inLanguage":"en-US"},{"@type":"Organization","@id":"https:\/\/sannale.ee\/#organization","name":"Sannale","url":"https:\/\/sannale.ee\/","logo":{"@type":"ImageObject","inLanguage":"en-US","@id":"https:\/\/sannale.ee\/#\/schema\/logo\/image\/","url":"https:\/\/sannale.ee\/wp-content\/uploads\/2024\/02\/cropped-sannale-fb-logo-sydamega-5-tumedam-3-scaled.png","contentUrl":"https:\/\/sannale.ee\/wp-content\/uploads\/2024\/02\/cropped-sannale-fb-logo-sydamega-5-tumedam-3-scaled.png","width":5100,"height":1758,"caption":"Sannale"},"image":{"@id":"https:\/\/sannale.ee\/#\/schema\/logo\/image\/"},"sameAs":["https:\/\/www.facebook.com\/MinuSannale"]}]}},"uagb_featured_image_src":{"full":false,"thumbnail":false,"medium":false,"medium_large":false,"large":false,"1536x1536":false,"2048x2048":false,"woocommerce_thumbnail":false,"woocommerce_single":false,"woocommerce_gallery_thumbnail":false,"variation_swatches_image_size":false,"variation_swatches_tooltip_size":false},"uagb_author_info":{"display_name":"meelip","author_link":"https:\/\/sannale.ee\/en\/author\/meelip\/"},"uagb_comment_info":0,"uagb_excerpt":"Want a convenient way to store your raincoat bag? The Sannale umbrella bag is a handy and stylish solution. Order [&hellip;]","jetpack_sharing_enabled":true,"_links":{"self":[{"href":"https:\/\/sannale.ee\/en\/wp-json\/wp\/v2\/pages\/44050","targetHints":{"allow":["GET"]}}],"collection":[{"href":"https:\/\/sannale.ee\/en\/wp-json\/wp\/v2\/pages"}],"about":[{"href":"https:\/\/sannale.ee\/en\/wp-json\/wp\/v2\/types\/page"}],"author":[{"embeddable":true,"href":"https:\/\/sannale.ee\/en\/wp-json\/wp\/v2\/users\/1"}],"replies":[{"embeddable":true,"href":"https:\/\/sannale.ee\/en\/wp-json\/wp\/v2\/comments?post=44050"}],"version-history":[{"count":2,"href":"https:\/\/sannale.ee\/en\/wp-json\/wp\/v2\/pages\/44050\/revisions"}],"predecessor-version":[{"id":44060,"href":"https:\/\/sannale.ee\/en\/wp-json\/wp\/v2\/pages\/44050\/revisions\/44060"}],"wp:attachment":[{"href":"https:\/\/sannale.ee\/en\/wp-json\/wp\/v2\/media?parent=44050"}],"curies":[{"name":"wp","href":"https:\/\/api.w.org\/{rel}","templated":true}]}}