{"id":44047,"date":"2021-11-09T13:33:20","date_gmt":"2021-11-09T11:33:20","guid":{"rendered":"https:\/\/sannale.ee\/sannale-foot-cover-designed-for-use-with-the-thule-urban-glide-2-double-trolley\/"},"modified":"2024-08-21T22:32:59","modified_gmt":"2024-08-21T19:32:59","slug":"sannale-foot-cover-designed-for-use-with-the-thule-urban-glide-2-double-trolley","status":"publish","type":"page","link":"https:\/\/sannale.ee\/en\/sannale-foot-cover-designed-for-use-with-the-thule-urban-glide-2-double-trolley\/","title":{"rendered":"Sannale foot cover, designed for use with the Thule Urban Glide 2 Double trolley"},"content":{"rendered":"\n<ul class=\"wp-block-list\">\n<li>softshell fabric footwear is <strong>windproof and water-repellent<\/strong><\/li>\n\n\n\n<li>quick and <strong>easy installation &#8211; <\/strong>clamps around the trolley frame<\/li>\n\n\n\n<li><strong>reflectors<\/strong> on the footrest make the trolley clearly visible in the dark<\/li>\n\n\n\n<li>designed for use with <strong>the Thule Urban Glie 2 Double<\/strong> trolley<\/li>\n\n\n\n<li><strong>a unique design<\/strong>, a cut created for Sanna, which can only be ordered from us and handcrafted <strong>just for you.<\/strong><\/li>\n<\/ul>\n\n<p> <a href=\"https:\/\/sannale.ee\/en\/toode\/foot-cover\/\"><span style=\"text-decoration: underline;\">Order Sanna&#8217;s footwear from our e-shop!<\/span><\/a> <\/p>\n\n<div class=\"wp-block-jetpack-tiled-gallery aligncenter is-style-rectangular\"><div class=\"tiled-gallery__gallery\"><div class=\"tiled-gallery__row\"><div class=\"tiled-gallery__col\" style=\"flex-basis:39.89347%\"><figure class=\"tiled-gallery__item\"><img decoding=\"async\" data-srcset=\"https:\/\/i1.wp.com\/sannale.ee\/wp-content\/uploads\/2021\/11\/IMGP8203-Edit-1024x1024.jpg?strip=info&#038;w=600&#038;ssl=1 600w,https:\/\/i1.wp.com\/sannale.ee\/wp-content\/uploads\/2021\/11\/IMGP8203-Edit-1024x1024.jpg?strip=info&#038;w=900&#038;ssl=1 900w,https:\/\/i1.wp.com\/sannale.ee\/wp-content\/uploads\/2021\/11\/IMGP8203-Edit-1024x1024.jpg?strip=info&#038;w=1024&#038;ssl=1 1024w\" alt=\"Foot cover for Thule Double trolley for Sanna\" data-height=\"1024\" data-id=\"6622\" data-link=\"https:\/\/sannale.ee\/sannale_jalakate_kasutamiseks_koos_thule_double_karuga\/imgp8203-edit-2\/\" data-url=\"https:\/\/sannale.ee\/wp-content\/uploads\/2021\/11\/IMGP8203-Edit-1024x1024.jpg\" data-width=\"1024\" data-src=\"https:\/\/i1.wp.com\/sannale.ee\/wp-content\/uploads\/2021\/11\/IMGP8203-Edit-1024x1024.jpg?ssl=1\" data-amp-layout=\"responsive\" src=\"data:image\/svg+xml;base64,PHN2ZyB3aWR0aD0iMSIgaGVpZ2h0PSIxIiB4bWxucz0iaHR0cDovL3d3dy53My5vcmcvMjAwMC9zdmciPjwvc3ZnPg==\" class=\"lazyload\" style=\"--smush-placeholder-width: 1024px; --smush-placeholder-aspect-ratio: 1024\/1024;\"><\/figure><figure class=\"tiled-gallery__item\"><img decoding=\"async\" data-srcset=\"https:\/\/i0.wp.com\/sannale.ee\/wp-content\/uploads\/2021\/11\/liiisi-pert-thule-double-jalakate-kollaaz-1-1024x1024.jpg?strip=info&#038;w=600&#038;ssl=1 600w,https:\/\/i0.wp.com\/sannale.ee\/wp-content\/uploads\/2021\/11\/liiisi-pert-thule-double-jalakate-kollaaz-1-1024x1024.jpg?strip=info&#038;w=900&#038;ssl=1 900w,https:\/\/i0.wp.com\/sannale.ee\/wp-content\/uploads\/2021\/11\/liiisi-pert-thule-double-jalakate-kollaaz-1-1024x1024.jpg?strip=info&#038;w=1024&#038;ssl=1 1024w\" alt=\"Foot cover for Thule Double trolley for Sanna\" data-height=\"1024\" data-id=\"6623\" data-link=\"https:\/\/sannale.ee\/sannale_jalakate_kasutamiseks_koos_thule_double_karuga\/liiisi-pert-thule-double-jalakate-kollaaz-1\/\" data-url=\"https:\/\/sannale.ee\/wp-content\/uploads\/2021\/11\/liiisi-pert-thule-double-jalakate-kollaaz-1-1024x1024.jpg\" data-width=\"1024\" data-src=\"https:\/\/i0.wp.com\/sannale.ee\/wp-content\/uploads\/2021\/11\/liiisi-pert-thule-double-jalakate-kollaaz-1-1024x1024.jpg?ssl=1\" data-amp-layout=\"responsive\" src=\"data:image\/svg+xml;base64,PHN2ZyB3aWR0aD0iMSIgaGVpZ2h0PSIxIiB4bWxucz0iaHR0cDovL3d3dy53My5vcmcvMjAwMC9zdmciPjwvc3ZnPg==\" class=\"lazyload\" style=\"--smush-placeholder-width: 1024px; --smush-placeholder-aspect-ratio: 1024\/1024;\"><\/figure><\/div><div class=\"tiled-gallery__col\" style=\"flex-basis:60.10653%\"><figure class=\"tiled-gallery__item\"><img decoding=\"async\" data-srcset=\"https:\/\/i1.wp.com\/sannale.ee\/wp-content\/uploads\/2021\/11\/liisi-pert-thule-dupuble-jalakate-2.jpg?strip=info&#038;w=600&#038;ssl=1 600w,https:\/\/i1.wp.com\/sannale.ee\/wp-content\/uploads\/2021\/11\/liisi-pert-thule-dupuble-jalakate-2.jpg?strip=info&#038;w=768&#038;ssl=1 768w\" alt=\"Foot cover for Thule Double trolley for Sanna\" data-height=\"1024\" data-id=\"6624\" data-link=\"https:\/\/sannale.ee\/sannale_jalakate_kasutamiseks_koos_thule_double_karuga\/liisi-pert-thule-dupuble-jalakate-2-3\/\" data-url=\"https:\/\/sannale.ee\/wp-content\/uploads\/2021\/11\/liisi-pert-thule-dupuble-jalakate-2.jpg\" data-width=\"768\" data-src=\"https:\/\/i1.wp.com\/sannale.ee\/wp-content\/uploads\/2021\/11\/liisi-pert-thule-dupuble-jalakate-2.jpg?ssl=1\" data-amp-layout=\"responsive\" src=\"data:image\/svg+xml;base64,PHN2ZyB3aWR0aD0iMSIgaGVpZ2h0PSIxIiB4bWxucz0iaHR0cDovL3d3dy53My5vcmcvMjAwMC9zdmciPjwvc3ZnPg==\" class=\"lazyload\"><\/figure><\/div><\/div><div class=\"tiled-gallery__row\"><div class=\"tiled-gallery__col\" style=\"flex-basis:66.75275%\"><figure class=\"tiled-gallery__item\"><img decoding=\"async\" data-srcset=\"https:\/\/i0.wp.com\/sannale.ee\/wp-content\/uploads\/2021\/11\/liisi-pert-thule-dupuble-jalakate-4-1024x1024.jpg?strip=info&#038;w=600&#038;ssl=1 600w,https:\/\/i0.wp.com\/sannale.ee\/wp-content\/uploads\/2021\/11\/liisi-pert-thule-dupuble-jalakate-4-1024x1024.jpg?strip=info&#038;w=900&#038;ssl=1 900w,https:\/\/i0.wp.com\/sannale.ee\/wp-content\/uploads\/2021\/11\/liisi-pert-thule-dupuble-jalakate-4-1024x1024.jpg?strip=info&#038;w=1024&#038;ssl=1 1024w\" alt=\"Foot cover for Thule Double trolley for Sanna\" data-height=\"1024\" data-id=\"6625\" data-link=\"https:\/\/sannale.ee\/sannale_jalakate_kasutamiseks_koos_thule_double_karuga\/liisi-pert-thule-dupuble-jalakate-4-4\/\" data-url=\"https:\/\/sannale.ee\/wp-content\/uploads\/2021\/11\/liisi-pert-thule-dupuble-jalakate-4-1024x1024.jpg\" data-width=\"1024\" data-src=\"https:\/\/i0.wp.com\/sannale.ee\/wp-content\/uploads\/2021\/11\/liisi-pert-thule-dupuble-jalakate-4-1024x1024.jpg?ssl=1\" data-amp-layout=\"responsive\" src=\"data:image\/svg+xml;base64,PHN2ZyB3aWR0aD0iMSIgaGVpZ2h0PSIxIiB4bWxucz0iaHR0cDovL3d3dy53My5vcmcvMjAwMC9zdmciPjwvc3ZnPg==\" class=\"lazyload\" style=\"--smush-placeholder-width: 1024px; --smush-placeholder-aspect-ratio: 1024\/1024;\"><\/figure><\/div><div class=\"tiled-gallery__col\" style=\"flex-basis:33.24725%\"><figure class=\"tiled-gallery__item\"><img decoding=\"async\" data-srcset=\"https:\/\/i2.wp.com\/sannale.ee\/wp-content\/uploads\/2021\/11\/liisi-pert-thule-dupuble-jalakate-5-1024x1024.jpg?strip=info&#038;w=600&#038;ssl=1 600w,https:\/\/i2.wp.com\/sannale.ee\/wp-content\/uploads\/2021\/11\/liisi-pert-thule-dupuble-jalakate-5-1024x1024.jpg?strip=info&#038;w=900&#038;ssl=1 900w,https:\/\/i2.wp.com\/sannale.ee\/wp-content\/uploads\/2021\/11\/liisi-pert-thule-dupuble-jalakate-5-1024x1024.jpg?strip=info&#038;w=1024&#038;ssl=1 1024w\" alt=\"Foot cover for Thule Double trolley for Sanna\" data-height=\"1024\" data-id=\"6626\" data-link=\"https:\/\/sannale.ee\/sannale_jalakate_kasutamiseks_koos_thule_double_karuga\/liisi-pert-thule-dupuble-jalakate-5-5\/\" data-url=\"https:\/\/sannale.ee\/wp-content\/uploads\/2021\/11\/liisi-pert-thule-dupuble-jalakate-5-1024x1024.jpg\" data-width=\"1024\" data-src=\"https:\/\/i2.wp.com\/sannale.ee\/wp-content\/uploads\/2021\/11\/liisi-pert-thule-dupuble-jalakate-5-1024x1024.jpg?ssl=1\" data-amp-layout=\"responsive\" src=\"data:image\/svg+xml;base64,PHN2ZyB3aWR0aD0iMSIgaGVpZ2h0PSIxIiB4bWxucz0iaHR0cDovL3d3dy53My5vcmcvMjAwMC9zdmciPjwvc3ZnPg==\" class=\"lazyload\" style=\"--smush-placeholder-width: 1024px; --smush-placeholder-aspect-ratio: 1024\/1024;\"><\/figure><figure class=\"tiled-gallery__item\"><img decoding=\"async\" data-srcset=\"https:\/\/i0.wp.com\/sannale.ee\/wp-content\/uploads\/2022\/01\/Kaire-Aulik-1-Edit-1024x1024.jpg?strip=info&#038;w=600&#038;ssl=1 600w,https:\/\/i0.wp.com\/sannale.ee\/wp-content\/uploads\/2022\/01\/Kaire-Aulik-1-Edit-1024x1024.jpg?strip=info&#038;w=900&#038;ssl=1 900w,https:\/\/i0.wp.com\/sannale.ee\/wp-content\/uploads\/2022\/01\/Kaire-Aulik-1-Edit-1024x1024.jpg?strip=info&#038;w=1024&#038;ssl=1 1024w\" alt=\"Foot cover for Thule Double trolley for Sanna\" data-height=\"1024\" data-id=\"7436\" data-link=\"https:\/\/sannale.ee\/sannale_jalakate_kasutamiseks_koos_thule_double_karuga\/kaire-aulik-1-edit\/\" data-url=\"https:\/\/sannale.ee\/wp-content\/uploads\/2022\/01\/Kaire-Aulik-1-Edit-1024x1024.jpg\" data-width=\"1024\" data-src=\"https:\/\/i0.wp.com\/sannale.ee\/wp-content\/uploads\/2022\/01\/Kaire-Aulik-1-Edit-1024x1024.jpg?ssl=1\" data-amp-layout=\"responsive\" src=\"data:image\/svg+xml;base64,PHN2ZyB3aWR0aD0iMSIgaGVpZ2h0PSIxIiB4bWxucz0iaHR0cDovL3d3dy53My5vcmcvMjAwMC9zdmciPjwvc3ZnPg==\" class=\"lazyload\" style=\"--smush-placeholder-width: 1024px; --smush-placeholder-aspect-ratio: 1024\/1024;\"><\/figure><\/div><\/div><div class=\"tiled-gallery__row\"><div class=\"tiled-gallery__col\" style=\"flex-basis:50.00000%\"><figure class=\"tiled-gallery__item\"><img decoding=\"async\" data-srcset=\"https:\/\/i0.wp.com\/sannale.ee\/wp-content\/uploads\/2022\/01\/Kaire-Aulik-1n-1024x1024.jpg?strip=info&#038;w=600&#038;ssl=1 600w,https:\/\/i0.wp.com\/sannale.ee\/wp-content\/uploads\/2022\/01\/Kaire-Aulik-1n-1024x1024.jpg?strip=info&#038;w=900&#038;ssl=1 900w,https:\/\/i0.wp.com\/sannale.ee\/wp-content\/uploads\/2022\/01\/Kaire-Aulik-1n-1024x1024.jpg?strip=info&#038;w=1024&#038;ssl=1 1024w\" alt=\"Sannale foot cover designed for use with Thule Double trolley\" data-height=\"1024\" data-id=\"7472\" data-link=\"https:\/\/sannale.ee\/sannale_jalakate_kasutamiseks_koos_thule_double_karuga\/kaire-aulik-1n-2\/\" data-url=\"https:\/\/sannale.ee\/wp-content\/uploads\/2022\/01\/Kaire-Aulik-1n-1024x1024.jpg\" data-width=\"1024\" data-src=\"https:\/\/i0.wp.com\/sannale.ee\/wp-content\/uploads\/2022\/01\/Kaire-Aulik-1n-1024x1024.jpg?ssl=1\" data-amp-layout=\"responsive\" src=\"data:image\/svg+xml;base64,PHN2ZyB3aWR0aD0iMSIgaGVpZ2h0PSIxIiB4bWxucz0iaHR0cDovL3d3dy53My5vcmcvMjAwMC9zdmciPjwvc3ZnPg==\" class=\"lazyload\" style=\"--smush-placeholder-width: 1024px; --smush-placeholder-aspect-ratio: 1024\/1024;\"><\/figure><\/div><div class=\"tiled-gallery__col\" style=\"flex-basis:50.00000%\"><figure class=\"tiled-gallery__item\"><img decoding=\"async\" data-srcset=\"https:\/\/i2.wp.com\/sannale.ee\/wp-content\/uploads\/2022\/01\/Kaire-Aulik-2n-1024x1024.jpg?strip=info&#038;w=600&#038;ssl=1 600w,https:\/\/i2.wp.com\/sannale.ee\/wp-content\/uploads\/2022\/01\/Kaire-Aulik-2n-1024x1024.jpg?strip=info&#038;w=900&#038;ssl=1 900w,https:\/\/i2.wp.com\/sannale.ee\/wp-content\/uploads\/2022\/01\/Kaire-Aulik-2n-1024x1024.jpg?strip=info&#038;w=1024&#038;ssl=1 1024w\" alt=\"Sannale foot cover designed for use with Thule Double trolley\" data-height=\"1024\" data-id=\"7473\" data-link=\"https:\/\/sannale.ee\/sannale_jalakate_kasutamiseks_koos_thule_double_karuga\/kaire-aulik-2n-2\/\" data-url=\"https:\/\/sannale.ee\/wp-content\/uploads\/2022\/01\/Kaire-Aulik-2n-1024x1024.jpg\" data-width=\"1024\" data-src=\"https:\/\/i2.wp.com\/sannale.ee\/wp-content\/uploads\/2022\/01\/Kaire-Aulik-2n-1024x1024.jpg?ssl=1\" data-amp-layout=\"responsive\" src=\"data:image\/svg+xml;base64,PHN2ZyB3aWR0aD0iMSIgaGVpZ2h0PSIxIiB4bWxucz0iaHR0cDovL3d3dy53My5vcmcvMjAwMC9zdmciPjwvc3ZnPg==\" class=\"lazyload\" style=\"--smush-placeholder-width: 1024px; --smush-placeholder-aspect-ratio: 1024\/1024;\"><\/figure><\/div><\/div><\/div><\/div>\n\n<hr class=\"wp-block-separator has-css-opacity\"\/>\n\n<h3 class=\"wp-block-heading has-normal-font-size\">You can choose the colour of the floor covering.\nA subtle black, black with a coloured border or something more colourful?   <a href=\"https:\/\/sannale.ee\/karu-jalakate-hoiab-sinu-lapse-soojas\/\"><span style=\"text-decoration: underline;\">See the selection of fabrics and galleries of work.  <\/span><\/a><\/h3>\n\n<hr class=\"wp-block-separator has-css-opacity\"\/>\n\n<h2 class=\"wp-block-heading has-text-align-center\"><strong> <\/strong><em>Customer feedback:<\/em> <\/h2>\n\n<div class=\"wp-block-media-text alignwide is-stacked-on-mobile\"><figure class=\"wp-block-media-text__media\"><img decoding=\"async\" width=\"768\" height=\"1024\" data-src=\"https:\/\/sannale.ee\/wp-content\/uploads\/2021\/11\/liisi-pert-thule-dupuble-jalakate-2.jpg\" alt=\"Foot cover for Thule Double trolley for Sanna\" class=\"wp-image-6624 size-full lazyload\" data-srcset=\"https:\/\/sannale.ee\/wp-content\/uploads\/2021\/11\/liisi-pert-thule-dupuble-jalakate-2.jpg 768w, https:\/\/sannale.ee\/wp-content\/uploads\/2021\/11\/liisi-pert-thule-dupuble-jalakate-2-600x800.jpg 600w, https:\/\/sannale.ee\/wp-content\/uploads\/2021\/11\/liisi-pert-thule-dupuble-jalakate-2-225x300.jpg 225w, https:\/\/sannale.ee\/wp-content\/uploads\/2021\/11\/liisi-pert-thule-dupuble-jalakate-2-416x555.jpg 416w\" data-sizes=\"(max-width: 768px) 100vw, 768px\" src=\"data:image\/svg+xml;base64,PHN2ZyB3aWR0aD0iMSIgaGVpZ2h0PSIxIiB4bWxucz0iaHR0cDovL3d3dy53My5vcmcvMjAwMC9zdmciPjwvc3ZnPg==\" style=\"--smush-placeholder-width: 768px; --smush-placeholder-aspect-ratio: 768\/1024;\" \/><\/figure><div class=\"wp-block-media-text__content\">\n<p class=\"has-medium-font-size\"> <em>It works, you can still put a blanket on it&#8221;<\/em> <\/p>\n<\/div><\/div>\n\n<hr class=\"wp-block-separator has-css-opacity\"\/>\n\n<p><strong>See also the <a href=\"https:\/\/sannale.ee\/?page_id=7189\"><span style=\"text-decoration: underline;\">other products<\/span><\/a> we have created for use with the Thule Urban Glie 2 Double trolley.  <\/strong><\/p>\n","protected":false},"excerpt":{"rendered":"<p>Order Sanna&#8217;s footwear from our e-shop! You can choose the colour of the floor covering. A subtle black, black with [&hellip;]<\/p>\n","protected":false},"author":1,"featured_media":0,"parent":0,"menu_order":0,"comment_status":"closed","ping_status":"closed","template":"","meta":{"_uag_custom_page_level_css":"","site-sidebar-layout":"default","site-content-layout":"","ast-site-content-layout":"default","site-content-style":"default","site-sidebar-style":"default","ast-global-header-display":"","ast-banner-title-visibility":"","ast-main-header-display":"","ast-hfb-above-header-display":"","ast-hfb-below-header-display":"","ast-hfb-mobile-header-display":"","site-post-title":"","ast-breadcrumbs-content":"","ast-featured-img":"","footer-sml-layout":"","theme-transparent-header-meta":"","adv-header-id-meta":"","stick-header-meta":"","header-above-stick-meta":"","header-main-stick-meta":"","header-below-stick-meta":"","astra-migrate-meta-layouts":"default","ast-page-background-enabled":"default","ast-page-background-meta":{"desktop":{"background-color":"var(--ast-global-color-4)","background-image":"","background-repeat":"repeat","background-position":"center center","background-size":"auto","background-attachment":"scroll","background-type":"","background-media":"","overlay-type":"","overlay-color":"","overlay-opacity":"","overlay-gradient":""},"tablet":{"background-color":"","background-image":"","background-repeat":"repeat","background-position":"center center","background-size":"auto","background-attachment":"scroll","background-type":"","background-media":"","overlay-type":"","overlay-color":"","overlay-opacity":"","overlay-gradient":""},"mobile":{"background-color":"","background-image":"","background-repeat":"repeat","background-position":"center center","background-size":"auto","background-attachment":"scroll","background-type":"","background-media":"","overlay-type":"","overlay-color":"","overlay-opacity":"","overlay-gradient":""}},"ast-content-background-meta":{"desktop":{"background-color":"var(--ast-global-color-5)","background-image":"","background-repeat":"repeat","background-position":"center center","background-size":"auto","background-attachment":"scroll","background-type":"","background-media":"","overlay-type":"","overlay-color":"","overlay-opacity":"","overlay-gradient":""},"tablet":{"background-color":"var(--ast-global-color-5)","background-image":"","background-repeat":"repeat","background-position":"center center","background-size":"auto","background-attachment":"scroll","background-type":"","background-media":"","overlay-type":"","overlay-color":"","overlay-opacity":"","overlay-gradient":""},"mobile":{"background-color":"var(--ast-global-color-5)","background-image":"","background-repeat":"repeat","background-position":"center center","background-size":"auto","background-attachment":"scroll","background-type":"","background-media":"","overlay-type":"","overlay-color":"","overlay-opacity":"","overlay-gradient":""}},"footnotes":""},"class_list":["post-44047","page","type-page","status-publish","hentry"],"yoast_head":"<!-- This site is optimized with the Yoast SEO plugin v27.3 - https:\/\/yoast.com\/product\/yoast-seo-wordpress\/ -->\n<title>Sannale foot cover, designed for use with the Thule Urban Glide 2 Double trolley - Sannale<\/title>\n<meta name=\"description\" content=\"A foot cover for Sanna, designed for use with the Thule Urban Glide 2 Double trolley. We can make it to order in the colour of your choice.\" \/>\n<meta name=\"robots\" content=\"index, follow, max-snippet:-1, max-image-preview:large, max-video-preview:-1\" \/>\n<link rel=\"canonical\" href=\"https:\/\/sannale.ee\/en\/?page_id=44047\" \/>\n<meta property=\"og:locale\" content=\"en_US\" \/>\n<meta property=\"og:type\" content=\"article\" \/>\n<meta property=\"og:title\" content=\"Sannale foot cover, designed for use with the Thule Urban Glide 2 Double trolley - Sannale\" \/>\n<meta property=\"og:description\" content=\"A foot cover for Sanna, designed for use with the Thule Urban Glide 2 Double trolley. We can make it to order in the colour of your choice.\" \/>\n<meta property=\"og:url\" content=\"https:\/\/sannale.ee\/en\/?page_id=44047\" \/>\n<meta property=\"og:site_name\" content=\"Sannale\" \/>\n<meta property=\"article:publisher\" content=\"https:\/\/www.facebook.com\/MinuSannale\" \/>\n<meta property=\"article:modified_time\" content=\"2024-08-21T19:32:59+00:00\" \/>\n<meta property=\"og:image\" content=\"https:\/\/i1.wp.com\/sannale.ee\/wp-content\/uploads\/2021\/11\/IMGP8203-Edit-1024x1024.jpg?ssl=1\" \/>\n<meta name=\"twitter:card\" content=\"summary_large_image\" \/>\n<meta name=\"twitter:label1\" content=\"Est. reading time\" \/>\n\t<meta name=\"twitter:data1\" content=\"1 minute\" \/>\n<script type=\"application\/ld+json\" class=\"yoast-schema-graph\">{\"@context\":\"https:\\\/\\\/schema.org\",\"@graph\":[{\"@type\":\"WebPage\",\"@id\":\"https:\\\/\\\/sannale.ee\\\/en\\\/?page_id=44047\",\"url\":\"https:\\\/\\\/sannale.ee\\\/en\\\/?page_id=44047\",\"name\":\"Sannale foot cover, designed for use with the Thule Urban Glide 2 Double trolley - Sannale\",\"isPartOf\":{\"@id\":\"https:\\\/\\\/sannale.ee\\\/#website\"},\"primaryImageOfPage\":{\"@id\":\"https:\\\/\\\/sannale.ee\\\/en\\\/?page_id=44047#primaryimage\"},\"image\":{\"@id\":\"https:\\\/\\\/sannale.ee\\\/en\\\/?page_id=44047#primaryimage\"},\"thumbnailUrl\":\"https:\\\/\\\/i1.wp.com\\\/sannale.ee\\\/wp-content\\\/uploads\\\/2021\\\/11\\\/IMGP8203-Edit-1024x1024.jpg?ssl=1\",\"datePublished\":\"2021-11-09T11:33:20+00:00\",\"dateModified\":\"2024-08-21T19:32:59+00:00\",\"description\":\"A foot cover for Sanna, designed for use with the Thule Urban Glide 2 Double trolley. We can make it to order in the colour of your choice.\",\"breadcrumb\":{\"@id\":\"https:\\\/\\\/sannale.ee\\\/en\\\/?page_id=44047#breadcrumb\"},\"inLanguage\":\"en-US\",\"potentialAction\":[{\"@type\":\"ReadAction\",\"target\":[\"https:\\\/\\\/sannale.ee\\\/en\\\/?page_id=44047\"]}]},{\"@type\":\"ImageObject\",\"inLanguage\":\"en-US\",\"@id\":\"https:\\\/\\\/sannale.ee\\\/en\\\/?page_id=44047#primaryimage\",\"url\":\"https:\\\/\\\/i1.wp.com\\\/sannale.ee\\\/wp-content\\\/uploads\\\/2021\\\/11\\\/IMGP8203-Edit-1024x1024.jpg?ssl=1\",\"contentUrl\":\"https:\\\/\\\/i1.wp.com\\\/sannale.ee\\\/wp-content\\\/uploads\\\/2021\\\/11\\\/IMGP8203-Edit-1024x1024.jpg?ssl=1\"},{\"@type\":\"BreadcrumbList\",\"@id\":\"https:\\\/\\\/sannale.ee\\\/en\\\/?page_id=44047#breadcrumb\",\"itemListElement\":[{\"@type\":\"ListItem\",\"position\":1,\"name\":\"Home\",\"item\":\"https:\\\/\\\/sannale.ee\\\/en\\\/\"},{\"@type\":\"ListItem\",\"position\":2,\"name\":\"Sannale foot cover, designed for use with the Thule Urban Glide 2 Double trolley\"}]},{\"@type\":\"WebSite\",\"@id\":\"https:\\\/\\\/sannale.ee\\\/#website\",\"url\":\"https:\\\/\\\/sannale.ee\\\/\",\"name\":\"Sannale\",\"description\":\"K\u00e4sit\u00f6\u00f6na valminud k\u00e4rulisad ja lastetarbed\",\"publisher\":{\"@id\":\"https:\\\/\\\/sannale.ee\\\/#organization\"},\"potentialAction\":[{\"@type\":\"SearchAction\",\"target\":{\"@type\":\"EntryPoint\",\"urlTemplate\":\"https:\\\/\\\/sannale.ee\\\/?s={search_term_string}\"},\"query-input\":{\"@type\":\"PropertyValueSpecification\",\"valueRequired\":true,\"valueName\":\"search_term_string\"}}],\"inLanguage\":\"en-US\"},{\"@type\":\"Organization\",\"@id\":\"https:\\\/\\\/sannale.ee\\\/#organization\",\"name\":\"Sannale\",\"url\":\"https:\\\/\\\/sannale.ee\\\/\",\"logo\":{\"@type\":\"ImageObject\",\"inLanguage\":\"en-US\",\"@id\":\"https:\\\/\\\/sannale.ee\\\/#\\\/schema\\\/logo\\\/image\\\/\",\"url\":\"https:\\\/\\\/sannale.ee\\\/wp-content\\\/uploads\\\/2024\\\/02\\\/cropped-sannale-fb-logo-sydamega-5-tumedam-3-scaled.png\",\"contentUrl\":\"https:\\\/\\\/sannale.ee\\\/wp-content\\\/uploads\\\/2024\\\/02\\\/cropped-sannale-fb-logo-sydamega-5-tumedam-3-scaled.png\",\"width\":5100,\"height\":1758,\"caption\":\"Sannale\"},\"image\":{\"@id\":\"https:\\\/\\\/sannale.ee\\\/#\\\/schema\\\/logo\\\/image\\\/\"},\"sameAs\":[\"https:\\\/\\\/www.facebook.com\\\/MinuSannale\"]}]}<\/script>\n<!-- \/ Yoast SEO plugin. -->","yoast_head_json":{"title":"Sannale foot cover, designed for use with the Thule Urban Glide 2 Double trolley - Sannale","description":"A foot cover for Sanna, designed for use with the Thule Urban Glide 2 Double trolley. We can make it to order in the colour of your choice.","robots":{"index":"index","follow":"follow","max-snippet":"max-snippet:-1","max-image-preview":"max-image-preview:large","max-video-preview":"max-video-preview:-1"},"canonical":"https:\/\/sannale.ee\/en\/?page_id=44047","og_locale":"en_US","og_type":"article","og_title":"Sannale foot cover, designed for use with the Thule Urban Glide 2 Double trolley - Sannale","og_description":"A foot cover for Sanna, designed for use with the Thule Urban Glide 2 Double trolley. We can make it to order in the colour of your choice.","og_url":"https:\/\/sannale.ee\/en\/?page_id=44047","og_site_name":"Sannale","article_publisher":"https:\/\/www.facebook.com\/MinuSannale","article_modified_time":"2024-08-21T19:32:59+00:00","og_image":[{"url":"https:\/\/i1.wp.com\/sannale.ee\/wp-content\/uploads\/2021\/11\/IMGP8203-Edit-1024x1024.jpg?ssl=1","type":"","width":"","height":""}],"twitter_card":"summary_large_image","twitter_misc":{"Est. reading time":"1 minute"},"schema":{"@context":"https:\/\/schema.org","@graph":[{"@type":"WebPage","@id":"https:\/\/sannale.ee\/en\/?page_id=44047","url":"https:\/\/sannale.ee\/en\/?page_id=44047","name":"Sannale foot cover, designed for use with the Thule Urban Glide 2 Double trolley - Sannale","isPartOf":{"@id":"https:\/\/sannale.ee\/#website"},"primaryImageOfPage":{"@id":"https:\/\/sannale.ee\/en\/?page_id=44047#primaryimage"},"image":{"@id":"https:\/\/sannale.ee\/en\/?page_id=44047#primaryimage"},"thumbnailUrl":"https:\/\/i1.wp.com\/sannale.ee\/wp-content\/uploads\/2021\/11\/IMGP8203-Edit-1024x1024.jpg?ssl=1","datePublished":"2021-11-09T11:33:20+00:00","dateModified":"2024-08-21T19:32:59+00:00","description":"A foot cover for Sanna, designed for use with the Thule Urban Glide 2 Double trolley. We can make it to order in the colour of your choice.","breadcrumb":{"@id":"https:\/\/sannale.ee\/en\/?page_id=44047#breadcrumb"},"inLanguage":"en-US","potentialAction":[{"@type":"ReadAction","target":["https:\/\/sannale.ee\/en\/?page_id=44047"]}]},{"@type":"ImageObject","inLanguage":"en-US","@id":"https:\/\/sannale.ee\/en\/?page_id=44047#primaryimage","url":"https:\/\/i1.wp.com\/sannale.ee\/wp-content\/uploads\/2021\/11\/IMGP8203-Edit-1024x1024.jpg?ssl=1","contentUrl":"https:\/\/i1.wp.com\/sannale.ee\/wp-content\/uploads\/2021\/11\/IMGP8203-Edit-1024x1024.jpg?ssl=1"},{"@type":"BreadcrumbList","@id":"https:\/\/sannale.ee\/en\/?page_id=44047#breadcrumb","itemListElement":[{"@type":"ListItem","position":1,"name":"Home","item":"https:\/\/sannale.ee\/en\/"},{"@type":"ListItem","position":2,"name":"Sannale foot cover, designed for use with the Thule Urban Glide 2 Double trolley"}]},{"@type":"WebSite","@id":"https:\/\/sannale.ee\/#website","url":"https:\/\/sannale.ee\/","name":"Sannale","description":"K\u00e4sit\u00f6\u00f6na valminud k\u00e4rulisad ja lastetarbed","publisher":{"@id":"https:\/\/sannale.ee\/#organization"},"potentialAction":[{"@type":"SearchAction","target":{"@type":"EntryPoint","urlTemplate":"https:\/\/sannale.ee\/?s={search_term_string}"},"query-input":{"@type":"PropertyValueSpecification","valueRequired":true,"valueName":"search_term_string"}}],"inLanguage":"en-US"},{"@type":"Organization","@id":"https:\/\/sannale.ee\/#organization","name":"Sannale","url":"https:\/\/sannale.ee\/","logo":{"@type":"ImageObject","inLanguage":"en-US","@id":"https:\/\/sannale.ee\/#\/schema\/logo\/image\/","url":"https:\/\/sannale.ee\/wp-content\/uploads\/2024\/02\/cropped-sannale-fb-logo-sydamega-5-tumedam-3-scaled.png","contentUrl":"https:\/\/sannale.ee\/wp-content\/uploads\/2024\/02\/cropped-sannale-fb-logo-sydamega-5-tumedam-3-scaled.png","width":5100,"height":1758,"caption":"Sannale"},"image":{"@id":"https:\/\/sannale.ee\/#\/schema\/logo\/image\/"},"sameAs":["https:\/\/www.facebook.com\/MinuSannale"]}]}},"uagb_featured_image_src":{"full":false,"thumbnail":false,"medium":false,"medium_large":false,"large":false,"1536x1536":false,"2048x2048":false,"woocommerce_thumbnail":false,"woocommerce_single":false,"woocommerce_gallery_thumbnail":false,"variation_swatches_image_size":false,"variation_swatches_tooltip_size":false},"uagb_author_info":{"display_name":"meelip","author_link":"https:\/\/sannale.ee\/en\/author\/meelip\/"},"uagb_comment_info":0,"uagb_excerpt":"Order Sanna&#8217;s footwear from our e-shop! You can choose the colour of the floor covering. A subtle black, black with [&hellip;]","jetpack_sharing_enabled":true,"_links":{"self":[{"href":"https:\/\/sannale.ee\/en\/wp-json\/wp\/v2\/pages\/44047","targetHints":{"allow":["GET"]}}],"collection":[{"href":"https:\/\/sannale.ee\/en\/wp-json\/wp\/v2\/pages"}],"about":[{"href":"https:\/\/sannale.ee\/en\/wp-json\/wp\/v2\/types\/page"}],"author":[{"embeddable":true,"href":"https:\/\/sannale.ee\/en\/wp-json\/wp\/v2\/users\/1"}],"replies":[{"embeddable":true,"href":"https:\/\/sannale.ee\/en\/wp-json\/wp\/v2\/comments?post=44047"}],"version-history":[{"count":2,"href":"https:\/\/sannale.ee\/en\/wp-json\/wp\/v2\/pages\/44047\/revisions"}],"predecessor-version":[{"id":44056,"href":"https:\/\/sannale.ee\/en\/wp-json\/wp\/v2\/pages\/44047\/revisions\/44056"}],"wp:attachment":[{"href":"https:\/\/sannale.ee\/en\/wp-json\/wp\/v2\/media?parent=44047"}],"curies":[{"name":"wp","href":"https:\/\/api.w.org\/{rel}","templated":true}]}}