{"id":44037,"date":"2021-11-11T14:48:52","date_gmt":"2021-11-11T12:48:52","guid":{"rendered":"https:\/\/sannale.ee\/sanna-rain-cover-bag-designed-for-use-with-the-thule-urban-glide-2-glide-trolley\/"},"modified":"2024-08-21T22:32:58","modified_gmt":"2024-08-21T19:32:58","slug":"sanna-rain-cover-bag-designed-for-use-with-the-thule-urban-glide-2-glide-trolley","status":"publish","type":"page","link":"https:\/\/sannale.ee\/en\/sanna-rain-cover-bag-designed-for-use-with-the-thule-urban-glide-2-glide-trolley\/","title":{"rendered":"Sanna rain cover bag, designed for use with the Thule Urban Glide 2 \/ Glide trolley"},"content":{"rendered":"\n<p>Want a convenient way to store your raincoat bag?\nThe Sannale umbrella bag is a handy and stylish solution. <\/p>\n\n<ul class=\"wp-block-list\">\n<li>water-repellent fabric<\/li>\n\n\n\n<li>zippered closure<\/li>\n\n\n\n<li>can be attached to the trolley frame with three click fasteners<\/li>\n\n\n\n<li>The 20*30cm bag fits perfectly on the original Thule Urban Glide 2 \/ Glide shield.<\/li>\n\n\n\n<li>A <strong>handcrafted<\/strong> design created <strong>just for you by<\/strong> Sanna<\/li>\n<\/ul>\n\n<p><a href=\"https:\/\/sannale.ee\/en\/toode\/rain-cover-storage-bag\/\">Order an umbrella bag online!<\/a>  Choose size 20*30cm with 3 clicks Thule option.<\/p>\n\n<p><\/p>\n\n<p>The frame of the Thule trolley is largely right up against the fabric of the trolley, so it&#8217;s quite difficult to find a suitable hanging spot for a conventional two-click rain bag on this trolley.<\/p>\n\n<p>Our Thule-designed umbrella bag variant has two click tabs facing sideways and one facing up in the opposite corner.\nThis way the bag attaches nicely to the side frame. <\/p>\n\n<p>The trolley can also be packed together with the bag, without the bag getting in the way of the trolley.<\/p>\n\n<p><\/p>\n\n<div class=\"wp-block-jetpack-tiled-gallery aligncenter is-style-rectangular\"><div class=\"tiled-gallery__gallery\"><div class=\"tiled-gallery__row\"><div class=\"tiled-gallery__col\" style=\"flex-basis:66.75275%\"><figure class=\"tiled-gallery__item\"><a href=\"https:\/\/sannale.ee\/wp-content\/uploads\/2023\/02\/Sannale-vihmakile-kott-loodud-kasutamiseks-koos-Thule-Urban-Glide-2-karuga-4-1024x1024.jpg\"><img decoding=\"async\" data-srcset=\"https:\/\/i0.wp.com\/sannale.ee\/wp-content\/uploads\/2023\/02\/Sannale-vihmakile-kott-loodud-kasutamiseks-koos-Thule-Urban-Glide-2-karuga-4-1024x1024.jpg?strip=info&#038;w=600&#038;ssl=1 600w,https:\/\/i0.wp.com\/sannale.ee\/wp-content\/uploads\/2023\/02\/Sannale-vihmakile-kott-loodud-kasutamiseks-koos-Thule-Urban-Glide-2-karuga-4-1024x1024.jpg?strip=info&#038;w=900&#038;ssl=1 900w,https:\/\/i0.wp.com\/sannale.ee\/wp-content\/uploads\/2023\/02\/Sannale-vihmakile-kott-loodud-kasutamiseks-koos-Thule-Urban-Glide-2-karuga-4-1024x1024.jpg?strip=info&#038;w=1024&#038;ssl=1 1024w\" alt=\"Sannale rain cover bag designed for use with Thule Urban Glide 2 trolley-1\" data-height=\"1024\" data-id=\"13054\" data-link=\"https:\/\/sannale.ee\/tooteinfo\/karude-lisavarustus-milliseid-tooteid-teeme\/sannale-vihmakile-kott-millistele-karudele-sobib\/sannale-vihmakile-kott-koos-thule-urban-glide-2-glide-karuga\/sannale-vihmakile-kott-loodud-kasutamiseks-koos-thule-urban-glide-2-karuga-4\/\" data-url=\"https:\/\/sannale.ee\/wp-content\/uploads\/2023\/02\/Sannale-vihmakile-kott-loodud-kasutamiseks-koos-Thule-Urban-Glide-2-karuga-4-1024x1024.jpg\" data-width=\"1024\" data-src=\"https:\/\/i0.wp.com\/sannale.ee\/wp-content\/uploads\/2023\/02\/Sannale-vihmakile-kott-loodud-kasutamiseks-koos-Thule-Urban-Glide-2-karuga-4-1024x1024.jpg?ssl=1\" data-amp-layout=\"responsive\" src=\"data:image\/svg+xml;base64,PHN2ZyB3aWR0aD0iMSIgaGVpZ2h0PSIxIiB4bWxucz0iaHR0cDovL3d3dy53My5vcmcvMjAwMC9zdmciPjwvc3ZnPg==\" class=\"lazyload\" style=\"--smush-placeholder-width: 1024px; --smush-placeholder-aspect-ratio: 1024\/1024;\"><\/a><\/figure><\/div><div class=\"tiled-gallery__col\" style=\"flex-basis:33.24725%\"><figure class=\"tiled-gallery__item\"><a href=\"https:\/\/sannale.ee\/wp-content\/uploads\/2023\/02\/Sannale-vihmakile-kott-loodud-kasutamiseks-koos-Thule-Urban-Glide-2-karuga-1-1024x1024.jpg\"><img decoding=\"async\" data-srcset=\"https:\/\/i2.wp.com\/sannale.ee\/wp-content\/uploads\/2023\/02\/Sannale-vihmakile-kott-loodud-kasutamiseks-koos-Thule-Urban-Glide-2-karuga-1-1024x1024.jpg?strip=info&#038;w=600&#038;ssl=1 600w,https:\/\/i2.wp.com\/sannale.ee\/wp-content\/uploads\/2023\/02\/Sannale-vihmakile-kott-loodud-kasutamiseks-koos-Thule-Urban-Glide-2-karuga-1-1024x1024.jpg?strip=info&#038;w=900&#038;ssl=1 900w,https:\/\/i2.wp.com\/sannale.ee\/wp-content\/uploads\/2023\/02\/Sannale-vihmakile-kott-loodud-kasutamiseks-koos-Thule-Urban-Glide-2-karuga-1-1024x1024.jpg?strip=info&#038;w=1024&#038;ssl=1 1024w\" alt=\"Sannale rain cover bag designed for use with Thule Urban Glide 2 trolley-1\" data-height=\"1024\" data-id=\"13052\" data-link=\"https:\/\/sannale.ee\/tooteinfo\/karude-lisavarustus-milliseid-tooteid-teeme\/sannale-vihmakile-kott-millistele-karudele-sobib\/sannale-vihmakile-kott-koos-thule-urban-glide-2-glide-karuga\/sannale-vihmakile-kott-loodud-kasutamiseks-koos-thule-urban-glide-2-karuga-1\/\" data-url=\"https:\/\/sannale.ee\/wp-content\/uploads\/2023\/02\/Sannale-vihmakile-kott-loodud-kasutamiseks-koos-Thule-Urban-Glide-2-karuga-1-1024x1024.jpg\" data-width=\"1024\" data-src=\"https:\/\/i2.wp.com\/sannale.ee\/wp-content\/uploads\/2023\/02\/Sannale-vihmakile-kott-loodud-kasutamiseks-koos-Thule-Urban-Glide-2-karuga-1-1024x1024.jpg?ssl=1\" data-amp-layout=\"responsive\" src=\"data:image\/svg+xml;base64,PHN2ZyB3aWR0aD0iMSIgaGVpZ2h0PSIxIiB4bWxucz0iaHR0cDovL3d3dy53My5vcmcvMjAwMC9zdmciPjwvc3ZnPg==\" class=\"lazyload\" style=\"--smush-placeholder-width: 1024px; --smush-placeholder-aspect-ratio: 1024\/1024;\"><\/a><\/figure><figure class=\"tiled-gallery__item\"><a href=\"https:\/\/sannale.ee\/wp-content\/uploads\/2023\/02\/Sannale-vihmakile-kott-loodud-kasutamiseks-koos-Thule-Urban-Glide-2-karuga-3-1024x1024.jpg\"><img decoding=\"async\" data-srcset=\"https:\/\/i1.wp.com\/sannale.ee\/wp-content\/uploads\/2023\/02\/Sannale-vihmakile-kott-loodud-kasutamiseks-koos-Thule-Urban-Glide-2-karuga-3-1024x1024.jpg?strip=info&#038;w=600&#038;ssl=1 600w,https:\/\/i1.wp.com\/sannale.ee\/wp-content\/uploads\/2023\/02\/Sannale-vihmakile-kott-loodud-kasutamiseks-koos-Thule-Urban-Glide-2-karuga-3-1024x1024.jpg?strip=info&#038;w=900&#038;ssl=1 900w,https:\/\/i1.wp.com\/sannale.ee\/wp-content\/uploads\/2023\/02\/Sannale-vihmakile-kott-loodud-kasutamiseks-koos-Thule-Urban-Glide-2-karuga-3-1024x1024.jpg?strip=info&#038;w=1024&#038;ssl=1 1024w\" alt=\"Sannale rain cover bag designed for use with Thule Urban Glide 2 trolley-1\" data-height=\"1024\" data-id=\"13053\" data-link=\"https:\/\/sannale.ee\/tooteinfo\/karude-lisavarustus-milliseid-tooteid-teeme\/sannale-vihmakile-kott-millistele-karudele-sobib\/sannale-vihmakile-kott-koos-thule-urban-glide-2-glide-karuga\/sannale-vihmakile-kott-loodud-kasutamiseks-koos-thule-urban-glide-2-karuga-3\/\" data-url=\"https:\/\/sannale.ee\/wp-content\/uploads\/2023\/02\/Sannale-vihmakile-kott-loodud-kasutamiseks-koos-Thule-Urban-Glide-2-karuga-3-1024x1024.jpg\" data-width=\"1024\" data-src=\"https:\/\/i1.wp.com\/sannale.ee\/wp-content\/uploads\/2023\/02\/Sannale-vihmakile-kott-loodud-kasutamiseks-koos-Thule-Urban-Glide-2-karuga-3-1024x1024.jpg?ssl=1\" data-amp-layout=\"responsive\" src=\"data:image\/svg+xml;base64,PHN2ZyB3aWR0aD0iMSIgaGVpZ2h0PSIxIiB4bWxucz0iaHR0cDovL3d3dy53My5vcmcvMjAwMC9zdmciPjwvc3ZnPg==\" class=\"lazyload\" style=\"--smush-placeholder-width: 1024px; --smush-placeholder-aspect-ratio: 1024\/1024;\"><\/a><\/figure><\/div><\/div><div class=\"tiled-gallery__row\"><div class=\"tiled-gallery__col\" style=\"flex-basis:48.39856%\"><figure class=\"tiled-gallery__item\"><a href=\"https:\/\/sannale.ee\/wp-content\/uploads\/2021\/11\/Marika-Lohmus-4.jpg\"><img decoding=\"async\" data-srcset=\"https:\/\/i2.wp.com\/sannale.ee\/wp-content\/uploads\/2021\/11\/Marika-Lohmus-4.jpg?strip=info&#038;w=600&#038;ssl=1 600w,https:\/\/i2.wp.com\/sannale.ee\/wp-content\/uploads\/2021\/11\/Marika-Lohmus-4.jpg?strip=info&#038;w=900&#038;ssl=1 900w,https:\/\/i2.wp.com\/sannale.ee\/wp-content\/uploads\/2021\/11\/Marika-Lohmus-4.jpg?strip=info&#038;w=1024&#038;ssl=1 1024w\" alt=\"Rain cover bag - with Thule UG 2\" data-height=\"819\" data-id=\"6865\" data-link=\"https:\/\/sannale.ee\/tooteinfo\/karude-lisavarustus-milliseid-tooteid-teeme\/sannale-vihmakile-kott-millistele-karudele-sobib\/sannale-vihmakile-kott-koos-thule-double-karuga\/marika-lohmus-4-3\/\" data-url=\"https:\/\/sannale.ee\/wp-content\/uploads\/2021\/11\/Marika-Lohmus-4.jpg\" data-width=\"1024\" data-src=\"https:\/\/i2.wp.com\/sannale.ee\/wp-content\/uploads\/2021\/11\/Marika-Lohmus-4.jpg?ssl=1\" data-amp-layout=\"responsive\" src=\"data:image\/svg+xml;base64,PHN2ZyB3aWR0aD0iMSIgaGVpZ2h0PSIxIiB4bWxucz0iaHR0cDovL3d3dy53My5vcmcvMjAwMC9zdmciPjwvc3ZnPg==\" class=\"lazyload\"><\/a><\/figure><\/div><div class=\"tiled-gallery__col\" style=\"flex-basis:51.60144%\"><figure class=\"tiled-gallery__item\"><a href=\"https:\/\/sannale.ee\/wp-content\/uploads\/2021\/11\/Marika-Lohmus-3.jpg\"><img decoding=\"async\" data-srcset=\"https:\/\/i2.wp.com\/sannale.ee\/wp-content\/uploads\/2021\/11\/Marika-Lohmus-3.jpg?strip=info&#038;w=600&#038;ssl=1 600w,https:\/\/i2.wp.com\/sannale.ee\/wp-content\/uploads\/2021\/11\/Marika-Lohmus-3.jpg?strip=info&#038;w=900&#038;ssl=1 900w,https:\/\/i2.wp.com\/sannale.ee\/wp-content\/uploads\/2021\/11\/Marika-Lohmus-3.jpg?strip=info&#038;w=1024&#038;ssl=1 1024w\" alt=\"Sannale Rain Cover bag - with Thule Urban Glide 2 stroller\" data-height=\"768\" data-id=\"6866\" data-link=\"https:\/\/sannale.ee\/tooteinfo\/karude-lisavarustus-milliseid-tooteid-teeme\/sannale-vihmakile-kott-millistele-karudele-sobib\/sannale-vihmakile-kott-koos-thule-double-karuga\/marika-lohmus-3-2\/\" data-url=\"https:\/\/sannale.ee\/wp-content\/uploads\/2021\/11\/Marika-Lohmus-3.jpg\" data-width=\"1024\" data-src=\"https:\/\/i2.wp.com\/sannale.ee\/wp-content\/uploads\/2021\/11\/Marika-Lohmus-3.jpg?ssl=1\" data-amp-layout=\"responsive\" src=\"data:image\/svg+xml;base64,PHN2ZyB3aWR0aD0iMSIgaGVpZ2h0PSIxIiB4bWxucz0iaHR0cDovL3d3dy53My5vcmcvMjAwMC9zdmciPjwvc3ZnPg==\" class=\"lazyload\"><\/a><\/figure><\/div><\/div><\/div><\/div>\n\n<hr class=\"wp-block-separator has-alpha-channel-opacity\"\/>\n\n<p><strong><a href=\"https:\/\/sannale.ee\/millistele-karudele-lisavarustust-teeme\/sannale-karulisad-kasutamiseks-koos-thule-urban-glide-2-karuga\/\">See also other products, <\/a><\/strong>we have created for use with the Thule Urban Glide 2 \/Glide trolley.<\/p>\n\n<p>Would you like a rain flyer bag for another trolley model?\nSee <a href=\"https:\/\/sannale.ee\/tooteinfo\/karude-lisavarustus-milliseid-tooteid-teeme\/sannale-vihmakile-kott-millistele-karudele-sobib\/\">our<\/a> full <a href=\"https:\/\/sannale.ee\/tooteinfo\/karude-lisavarustus-milliseid-tooteid-teeme\/sannale-vihmakile-kott-millistele-karudele-sobib\/\">range of rain fly bags.<\/a> <\/p>\n","protected":false},"excerpt":{"rendered":"<p>Want a convenient way to store your raincoat bag? The Sannale umbrella bag is a handy and stylish solution. Order [&hellip;]<\/p>\n","protected":false},"author":1,"featured_media":0,"parent":0,"menu_order":0,"comment_status":"closed","ping_status":"closed","template":"","meta":{"_uag_custom_page_level_css":"","site-sidebar-layout":"default","site-content-layout":"","ast-site-content-layout":"default","site-content-style":"default","site-sidebar-style":"default","ast-global-header-display":"","ast-banner-title-visibility":"","ast-main-header-display":"","ast-hfb-above-header-display":"","ast-hfb-below-header-display":"","ast-hfb-mobile-header-display":"","site-post-title":"","ast-breadcrumbs-content":"","ast-featured-img":"","footer-sml-layout":"","ast-disable-related-posts":"","theme-transparent-header-meta":"","adv-header-id-meta":"","stick-header-meta":"","header-above-stick-meta":"","header-main-stick-meta":"","header-below-stick-meta":"","astra-migrate-meta-layouts":"default","ast-page-background-enabled":"default","ast-page-background-meta":{"desktop":{"background-color":"var(--ast-global-color-4)","background-image":"","background-repeat":"repeat","background-position":"center center","background-size":"auto","background-attachment":"scroll","background-type":"","background-media":"","overlay-type":"","overlay-color":"","overlay-opacity":"","overlay-gradient":""},"tablet":{"background-color":"","background-image":"","background-repeat":"repeat","background-position":"center center","background-size":"auto","background-attachment":"scroll","background-type":"","background-media":"","overlay-type":"","overlay-color":"","overlay-opacity":"","overlay-gradient":""},"mobile":{"background-color":"","background-image":"","background-repeat":"repeat","background-position":"center center","background-size":"auto","background-attachment":"scroll","background-type":"","background-media":"","overlay-type":"","overlay-color":"","overlay-opacity":"","overlay-gradient":""}},"ast-content-background-meta":{"desktop":{"background-color":"var(--ast-global-color-5)","background-image":"","background-repeat":"repeat","background-position":"center center","background-size":"auto","background-attachment":"scroll","background-type":"","background-media":"","overlay-type":"","overlay-color":"","overlay-opacity":"","overlay-gradient":""},"tablet":{"background-color":"var(--ast-global-color-5)","background-image":"","background-repeat":"repeat","background-position":"center center","background-size":"auto","background-attachment":"scroll","background-type":"","background-media":"","overlay-type":"","overlay-color":"","overlay-opacity":"","overlay-gradient":""},"mobile":{"background-color":"var(--ast-global-color-5)","background-image":"","background-repeat":"repeat","background-position":"center center","background-size":"auto","background-attachment":"scroll","background-type":"","background-media":"","overlay-type":"","overlay-color":"","overlay-opacity":"","overlay-gradient":""}},"footnotes":""},"class_list":["post-44037","page","type-page","status-publish","hentry"],"yoast_head":"<!-- This site is optimized with the Yoast SEO plugin v27.4 - https:\/\/yoast.com\/product\/yoast-seo-wordpress\/ -->\n<title>Sanna rain cover bag, designed for use with the Thule Urban Glide 2 \/ Glide trolley - Sannale<\/title>\n<meta name=\"description\" content=\"Sanna rain cover bag with Thule Urban Glide 2 \/ Glide trolley. See pictures and description and order an umbrella bag in our e-shop.\" \/>\n<meta name=\"robots\" content=\"index, follow, max-snippet:-1, max-image-preview:large, max-video-preview:-1\" \/>\n<link rel=\"canonical\" href=\"https:\/\/sannale.ee\/en\/?page_id=44037\" \/>\n<meta property=\"og:locale\" content=\"en_US\" \/>\n<meta property=\"og:type\" content=\"article\" \/>\n<meta property=\"og:title\" content=\"Sanna rain cover bag, designed for use with the Thule Urban Glide 2 \/ Glide trolley - Sannale\" \/>\n<meta property=\"og:description\" content=\"Sanna rain cover bag with Thule Urban Glide 2 \/ Glide trolley. See pictures and description and order an umbrella bag in our e-shop.\" \/>\n<meta property=\"og:url\" content=\"https:\/\/sannale.ee\/en\/?page_id=44037\" \/>\n<meta property=\"og:site_name\" content=\"Sannale\" \/>\n<meta property=\"article:publisher\" content=\"https:\/\/www.facebook.com\/MinuSannale\" \/>\n<meta property=\"article:modified_time\" content=\"2024-08-21T19:32:58+00:00\" \/>\n<meta property=\"og:image\" content=\"https:\/\/i0.wp.com\/sannale.ee\/wp-content\/uploads\/2023\/02\/Sannale-vihmakile-kott-loodud-kasutamiseks-koos-Thule-Urban-Glide-2-karuga-4-1024x1024.jpg?ssl=1\" \/>\n<meta name=\"twitter:card\" content=\"summary_large_image\" \/>\n<meta name=\"twitter:label1\" content=\"Est. reading time\" \/>\n\t<meta name=\"twitter:data1\" content=\"1 minute\" \/>\n<script type=\"application\/ld+json\" class=\"yoast-schema-graph\">{\"@context\":\"https:\\\/\\\/schema.org\",\"@graph\":[{\"@type\":\"WebPage\",\"@id\":\"https:\\\/\\\/sannale.ee\\\/en\\\/?page_id=44037\",\"url\":\"https:\\\/\\\/sannale.ee\\\/en\\\/?page_id=44037\",\"name\":\"Sanna rain cover bag, designed for use with the Thule Urban Glide 2 \\\/ Glide trolley - Sannale\",\"isPartOf\":{\"@id\":\"https:\\\/\\\/sannale.ee\\\/#website\"},\"primaryImageOfPage\":{\"@id\":\"https:\\\/\\\/sannale.ee\\\/en\\\/?page_id=44037#primaryimage\"},\"image\":{\"@id\":\"https:\\\/\\\/sannale.ee\\\/en\\\/?page_id=44037#primaryimage\"},\"thumbnailUrl\":\"https:\\\/\\\/i0.wp.com\\\/sannale.ee\\\/wp-content\\\/uploads\\\/2023\\\/02\\\/Sannale-vihmakile-kott-loodud-kasutamiseks-koos-Thule-Urban-Glide-2-karuga-4-1024x1024.jpg?ssl=1\",\"datePublished\":\"2021-11-11T12:48:52+00:00\",\"dateModified\":\"2024-08-21T19:32:58+00:00\",\"description\":\"Sanna rain cover bag with Thule Urban Glide 2 \\\/ Glide trolley. See pictures and description and order an umbrella bag in our e-shop.\",\"breadcrumb\":{\"@id\":\"https:\\\/\\\/sannale.ee\\\/en\\\/?page_id=44037#breadcrumb\"},\"inLanguage\":\"en-US\",\"potentialAction\":[{\"@type\":\"ReadAction\",\"target\":[\"https:\\\/\\\/sannale.ee\\\/en\\\/?page_id=44037\"]}]},{\"@type\":\"ImageObject\",\"inLanguage\":\"en-US\",\"@id\":\"https:\\\/\\\/sannale.ee\\\/en\\\/?page_id=44037#primaryimage\",\"url\":\"https:\\\/\\\/i0.wp.com\\\/sannale.ee\\\/wp-content\\\/uploads\\\/2023\\\/02\\\/Sannale-vihmakile-kott-loodud-kasutamiseks-koos-Thule-Urban-Glide-2-karuga-4-1024x1024.jpg?ssl=1\",\"contentUrl\":\"https:\\\/\\\/i0.wp.com\\\/sannale.ee\\\/wp-content\\\/uploads\\\/2023\\\/02\\\/Sannale-vihmakile-kott-loodud-kasutamiseks-koos-Thule-Urban-Glide-2-karuga-4-1024x1024.jpg?ssl=1\"},{\"@type\":\"BreadcrumbList\",\"@id\":\"https:\\\/\\\/sannale.ee\\\/en\\\/?page_id=44037#breadcrumb\",\"itemListElement\":[{\"@type\":\"ListItem\",\"position\":1,\"name\":\"Home\",\"item\":\"https:\\\/\\\/sannale.ee\\\/en\\\/\"},{\"@type\":\"ListItem\",\"position\":2,\"name\":\"Sanna rain cover bag, designed for use with the Thule Urban Glide 2 \\\/ Glide trolley\"}]},{\"@type\":\"WebSite\",\"@id\":\"https:\\\/\\\/sannale.ee\\\/#website\",\"url\":\"https:\\\/\\\/sannale.ee\\\/\",\"name\":\"Sannale\",\"description\":\"K\u00e4sit\u00f6\u00f6na valminud k\u00e4rulisad ja lastetarbed\",\"publisher\":{\"@id\":\"https:\\\/\\\/sannale.ee\\\/#organization\"},\"potentialAction\":[{\"@type\":\"SearchAction\",\"target\":{\"@type\":\"EntryPoint\",\"urlTemplate\":\"https:\\\/\\\/sannale.ee\\\/?s={search_term_string}\"},\"query-input\":{\"@type\":\"PropertyValueSpecification\",\"valueRequired\":true,\"valueName\":\"search_term_string\"}}],\"inLanguage\":\"en-US\"},{\"@type\":\"Organization\",\"@id\":\"https:\\\/\\\/sannale.ee\\\/#organization\",\"name\":\"Sannale\",\"url\":\"https:\\\/\\\/sannale.ee\\\/\",\"logo\":{\"@type\":\"ImageObject\",\"inLanguage\":\"en-US\",\"@id\":\"https:\\\/\\\/sannale.ee\\\/#\\\/schema\\\/logo\\\/image\\\/\",\"url\":\"https:\\\/\\\/sannale.ee\\\/wp-content\\\/uploads\\\/2024\\\/02\\\/cropped-sannale-fb-logo-sydamega-5-tumedam-3-scaled.png\",\"contentUrl\":\"https:\\\/\\\/sannale.ee\\\/wp-content\\\/uploads\\\/2024\\\/02\\\/cropped-sannale-fb-logo-sydamega-5-tumedam-3-scaled.png\",\"width\":5100,\"height\":1758,\"caption\":\"Sannale\"},\"image\":{\"@id\":\"https:\\\/\\\/sannale.ee\\\/#\\\/schema\\\/logo\\\/image\\\/\"},\"sameAs\":[\"https:\\\/\\\/www.facebook.com\\\/MinuSannale\"]}]}<\/script>\n<!-- \/ Yoast SEO plugin. -->","yoast_head_json":{"title":"Sanna rain cover bag, designed for use with the Thule Urban Glide 2 \/ Glide trolley - Sannale","description":"Sanna rain cover bag with Thule Urban Glide 2 \/ Glide trolley. See pictures and description and order an umbrella bag in our e-shop.","robots":{"index":"index","follow":"follow","max-snippet":"max-snippet:-1","max-image-preview":"max-image-preview:large","max-video-preview":"max-video-preview:-1"},"canonical":"https:\/\/sannale.ee\/en\/?page_id=44037","og_locale":"en_US","og_type":"article","og_title":"Sanna rain cover bag, designed for use with the Thule Urban Glide 2 \/ Glide trolley - Sannale","og_description":"Sanna rain cover bag with Thule Urban Glide 2 \/ Glide trolley. See pictures and description and order an umbrella bag in our e-shop.","og_url":"https:\/\/sannale.ee\/en\/?page_id=44037","og_site_name":"Sannale","article_publisher":"https:\/\/www.facebook.com\/MinuSannale","article_modified_time":"2024-08-21T19:32:58+00:00","og_image":[{"url":"https:\/\/i0.wp.com\/sannale.ee\/wp-content\/uploads\/2023\/02\/Sannale-vihmakile-kott-loodud-kasutamiseks-koos-Thule-Urban-Glide-2-karuga-4-1024x1024.jpg?ssl=1","type":"","width":"","height":""}],"twitter_card":"summary_large_image","twitter_misc":{"Est. reading time":"1 minute"},"schema":{"@context":"https:\/\/schema.org","@graph":[{"@type":"WebPage","@id":"https:\/\/sannale.ee\/en\/?page_id=44037","url":"https:\/\/sannale.ee\/en\/?page_id=44037","name":"Sanna rain cover bag, designed for use with the Thule Urban Glide 2 \/ Glide trolley - Sannale","isPartOf":{"@id":"https:\/\/sannale.ee\/#website"},"primaryImageOfPage":{"@id":"https:\/\/sannale.ee\/en\/?page_id=44037#primaryimage"},"image":{"@id":"https:\/\/sannale.ee\/en\/?page_id=44037#primaryimage"},"thumbnailUrl":"https:\/\/i0.wp.com\/sannale.ee\/wp-content\/uploads\/2023\/02\/Sannale-vihmakile-kott-loodud-kasutamiseks-koos-Thule-Urban-Glide-2-karuga-4-1024x1024.jpg?ssl=1","datePublished":"2021-11-11T12:48:52+00:00","dateModified":"2024-08-21T19:32:58+00:00","description":"Sanna rain cover bag with Thule Urban Glide 2 \/ Glide trolley. See pictures and description and order an umbrella bag in our e-shop.","breadcrumb":{"@id":"https:\/\/sannale.ee\/en\/?page_id=44037#breadcrumb"},"inLanguage":"en-US","potentialAction":[{"@type":"ReadAction","target":["https:\/\/sannale.ee\/en\/?page_id=44037"]}]},{"@type":"ImageObject","inLanguage":"en-US","@id":"https:\/\/sannale.ee\/en\/?page_id=44037#primaryimage","url":"https:\/\/i0.wp.com\/sannale.ee\/wp-content\/uploads\/2023\/02\/Sannale-vihmakile-kott-loodud-kasutamiseks-koos-Thule-Urban-Glide-2-karuga-4-1024x1024.jpg?ssl=1","contentUrl":"https:\/\/i0.wp.com\/sannale.ee\/wp-content\/uploads\/2023\/02\/Sannale-vihmakile-kott-loodud-kasutamiseks-koos-Thule-Urban-Glide-2-karuga-4-1024x1024.jpg?ssl=1"},{"@type":"BreadcrumbList","@id":"https:\/\/sannale.ee\/en\/?page_id=44037#breadcrumb","itemListElement":[{"@type":"ListItem","position":1,"name":"Home","item":"https:\/\/sannale.ee\/en\/"},{"@type":"ListItem","position":2,"name":"Sanna rain cover bag, designed for use with the Thule Urban Glide 2 \/ Glide trolley"}]},{"@type":"WebSite","@id":"https:\/\/sannale.ee\/#website","url":"https:\/\/sannale.ee\/","name":"Sannale","description":"K\u00e4sit\u00f6\u00f6na valminud k\u00e4rulisad ja lastetarbed","publisher":{"@id":"https:\/\/sannale.ee\/#organization"},"potentialAction":[{"@type":"SearchAction","target":{"@type":"EntryPoint","urlTemplate":"https:\/\/sannale.ee\/?s={search_term_string}"},"query-input":{"@type":"PropertyValueSpecification","valueRequired":true,"valueName":"search_term_string"}}],"inLanguage":"en-US"},{"@type":"Organization","@id":"https:\/\/sannale.ee\/#organization","name":"Sannale","url":"https:\/\/sannale.ee\/","logo":{"@type":"ImageObject","inLanguage":"en-US","@id":"https:\/\/sannale.ee\/#\/schema\/logo\/image\/","url":"https:\/\/sannale.ee\/wp-content\/uploads\/2024\/02\/cropped-sannale-fb-logo-sydamega-5-tumedam-3-scaled.png","contentUrl":"https:\/\/sannale.ee\/wp-content\/uploads\/2024\/02\/cropped-sannale-fb-logo-sydamega-5-tumedam-3-scaled.png","width":5100,"height":1758,"caption":"Sannale"},"image":{"@id":"https:\/\/sannale.ee\/#\/schema\/logo\/image\/"},"sameAs":["https:\/\/www.facebook.com\/MinuSannale"]}]}},"uagb_featured_image_src":{"full":false,"thumbnail":false,"medium":false,"medium_large":false,"large":false,"1536x1536":false,"2048x2048":false,"woocommerce_thumbnail":false,"woocommerce_single":false,"woocommerce_gallery_thumbnail":false,"variation_swatches_image_size":false,"variation_swatches_tooltip_size":false},"uagb_author_info":{"display_name":"meelip","author_link":"https:\/\/sannale.ee\/en\/author\/meelip\/"},"uagb_comment_info":0,"uagb_excerpt":"Want a convenient way to store your raincoat bag? The Sannale umbrella bag is a handy and stylish solution. Order [&hellip;]","jetpack_sharing_enabled":true,"_links":{"self":[{"href":"https:\/\/sannale.ee\/en\/wp-json\/wp\/v2\/pages\/44037","targetHints":{"allow":["GET"]}}],"collection":[{"href":"https:\/\/sannale.ee\/en\/wp-json\/wp\/v2\/pages"}],"about":[{"href":"https:\/\/sannale.ee\/en\/wp-json\/wp\/v2\/types\/page"}],"author":[{"embeddable":true,"href":"https:\/\/sannale.ee\/en\/wp-json\/wp\/v2\/users\/1"}],"replies":[{"embeddable":true,"href":"https:\/\/sannale.ee\/en\/wp-json\/wp\/v2\/comments?post=44037"}],"version-history":[{"count":2,"href":"https:\/\/sannale.ee\/en\/wp-json\/wp\/v2\/pages\/44037\/revisions"}],"predecessor-version":[{"id":44046,"href":"https:\/\/sannale.ee\/en\/wp-json\/wp\/v2\/pages\/44037\/revisions\/44046"}],"wp:attachment":[{"href":"https:\/\/sannale.ee\/en\/wp-json\/wp\/v2\/media?parent=44037"}],"curies":[{"name":"wp","href":"https:\/\/api.w.org\/{rel}","templated":true}]}}