{"id":44035,"date":"2022-03-08T14:36:58","date_gmt":"2022-03-08T12:36:58","guid":{"rendered":"https:\/\/sannale.ee\/sannale-insect-net-designed-for-use-with-the-thule-urban-glide-2-double-stroller-with-bassinett\/"},"modified":"2024-08-21T22:32:58","modified_gmt":"2024-08-21T19:32:58","slug":"sannale-insect-net-designed-for-use-with-the-thule-urban-glide-2-double-stroller-with-bassinett","status":"publish","type":"page","link":"https:\/\/sannale.ee\/en\/sannale-insect-net-designed-for-use-with-the-thule-urban-glide-2-double-stroller-with-bassinett\/","title":{"rendered":"Sannale insect net, designed for use with the Thule Urban Glide 2 Double stroller with bassinett"},"content":{"rendered":"\n<ul class=\"wp-block-list\"><li>the shape of the mosquito net is <strong>precisely<\/strong> measured from the <strong>shape of the<\/strong> <strong>Thule Double<\/strong> seat and<strong> fits perfectly with the trolley and the trolley basket.<\/strong><\/li><li>can<strong> also<\/strong> be used on a trolley<strong> without a<\/strong> trolley<strong> body<\/strong> <\/li><li><strong>the <\/strong>netting is attached <strong>to the tubes of the pusher bucket<\/strong><strong>by means of clamps <\/strong><\/li><li><strong>side clips to<\/strong> prevent insects from getting in from the sides.<\/li><li>you can conveniently <strong>store <\/strong>the mosquito net in the <strong>bag<\/strong> that comes with it<\/li><li>the <strong>strong<\/strong> thread-textured mesh is <strong>durable<\/strong> and <strong>soft <\/strong> to the touch <\/li><li><strong>a unique design<\/strong>, a cut created for Sanna, which can only be ordered from us and handcrafted <strong>just for you.<\/strong><\/li><\/ul>\n\n<p>  Order an insect net for Sanna from us<span style=\"text-decoration: underline;\"><a href=\"https:\/\/sannale.ee\/en\/toode\/mosquito-net\/\"> from our e-shop!<\/a><\/span><\/p>\n\n<p><\/p>\n\n<div class=\"wp-block-jetpack-tiled-gallery aligncenter is-style-rectangular\"><div class=\"tiled-gallery__gallery\"><div class=\"tiled-gallery__row\"><div class=\"tiled-gallery__col\" style=\"flex-basis:58.42237%\"><figure class=\"tiled-gallery__item\"><a href=\"https:\/\/i1.wp.com\/sannale.ee\/wp-content\/uploads\/2022\/03\/Britt-Made-Nurk-3.jpg?ssl=1\"><img decoding=\"async\" data-srcset=\"https:\/\/i1.wp.com\/sannale.ee\/wp-content\/uploads\/2022\/03\/Britt-Made-Nurk-3.jpg?strip=info&#038;w=600&#038;ssl=1 600w,https:\/\/i1.wp.com\/sannale.ee\/wp-content\/uploads\/2022\/03\/Britt-Made-Nurk-3.jpg?strip=info&#038;w=683&#038;ssl=1 683w\" alt=\"Sanna insect net storage bag\" data-height=\"1024\" data-id=\"9054\" data-link=\"https:\/\/sannale.ee\/sannale-putukavork-bumbleride-indie-speed\/britt-made-nurk-3-2\/\" data-url=\"https:\/\/sannale.ee\/wp-content\/uploads\/2022\/03\/Britt-Made-Nurk-3.jpg\" data-width=\"683\" data-src=\"https:\/\/i1.wp.com\/sannale.ee\/wp-content\/uploads\/2022\/03\/Britt-Made-Nurk-3.jpg?ssl=1\" data-amp-layout=\"responsive\" src=\"data:image\/svg+xml;base64,PHN2ZyB3aWR0aD0iMSIgaGVpZ2h0PSIxIiB4bWxucz0iaHR0cDovL3d3dy53My5vcmcvMjAwMC9zdmciPjwvc3ZnPg==\" class=\"lazyload\"><\/a><\/figure><\/div><div class=\"tiled-gallery__col\" style=\"flex-basis:41.57763%\"><figure class=\"tiled-gallery__item\"><a href=\"https:\/\/i0.wp.com\/sannale.ee\/wp-content\/uploads\/2022\/03\/108077957_331829277981817_4886510438576125842_n-1-1024x1024.jpg?ssl=1\"><img decoding=\"async\" data-srcset=\"https:\/\/i0.wp.com\/sannale.ee\/wp-content\/uploads\/2022\/03\/108077957_331829277981817_4886510438576125842_n-1-1024x1024.jpg?strip=info&#038;w=600&#038;ssl=1 600w,https:\/\/i0.wp.com\/sannale.ee\/wp-content\/uploads\/2022\/03\/108077957_331829277981817_4886510438576125842_n-1-1024x1024.jpg?strip=info&#038;w=900&#038;ssl=1 900w,https:\/\/i0.wp.com\/sannale.ee\/wp-content\/uploads\/2022\/03\/108077957_331829277981817_4886510438576125842_n-1-1024x1024.jpg?strip=info&#038;w=1024&#038;ssl=1 1024w\" alt=\"Sannale insect net, designed for use with the Thule Urban Glide 2 Double stroller with bassinett\" data-height=\"1024\" data-id=\"9366\" data-link=\"https:\/\/sannale.ee\/?attachment_id=9366\" data-url=\"https:\/\/sannale.ee\/wp-content\/uploads\/2022\/03\/108077957_331829277981817_4886510438576125842_n-1-1024x1024.jpg\" data-width=\"1024\" data-src=\"https:\/\/i0.wp.com\/sannale.ee\/wp-content\/uploads\/2022\/03\/108077957_331829277981817_4886510438576125842_n-1-1024x1024.jpg?ssl=1\" data-amp-layout=\"responsive\" src=\"data:image\/svg+xml;base64,PHN2ZyB3aWR0aD0iMSIgaGVpZ2h0PSIxIiB4bWxucz0iaHR0cDovL3d3dy53My5vcmcvMjAwMC9zdmciPjwvc3ZnPg==\" class=\"lazyload\" style=\"--smush-placeholder-width: 1024px; --smush-placeholder-aspect-ratio: 1024\/1024;\"><\/a><\/figure><figure class=\"tiled-gallery__item\"><a href=\"https:\/\/i0.wp.com\/sannale.ee\/wp-content\/uploads\/2022\/03\/107896970_2711093965826411_126966203977698417_n.jpg?ssl=1\"><img decoding=\"async\" data-srcset=\"https:\/\/i0.wp.com\/sannale.ee\/wp-content\/uploads\/2022\/03\/107896970_2711093965826411_126966203977698417_n.jpg?strip=info&#038;w=600&#038;ssl=1 600w,https:\/\/i0.wp.com\/sannale.ee\/wp-content\/uploads\/2022\/03\/107896970_2711093965826411_126966203977698417_n.jpg?strip=info&#038;w=900&#038;ssl=1 900w,https:\/\/i0.wp.com\/sannale.ee\/wp-content\/uploads\/2022\/03\/107896970_2711093965826411_126966203977698417_n.jpg?strip=info&#038;w=933&#038;ssl=1 933w\" alt=\"Sannale insect net, designed for use with the Thule Urban Glide 2 Double stroller with bassinett\" data-height=\"1024\" data-id=\"9367\" data-link=\"https:\/\/sannale.ee\/?attachment_id=9367\" data-url=\"https:\/\/sannale.ee\/wp-content\/uploads\/2022\/03\/107896970_2711093965826411_126966203977698417_n.jpg\" data-width=\"933\" data-src=\"https:\/\/i0.wp.com\/sannale.ee\/wp-content\/uploads\/2022\/03\/107896970_2711093965826411_126966203977698417_n.jpg?ssl=1\" data-amp-layout=\"responsive\" src=\"data:image\/svg+xml;base64,PHN2ZyB3aWR0aD0iMSIgaGVpZ2h0PSIxIiB4bWxucz0iaHR0cDovL3d3dy53My5vcmcvMjAwMC9zdmciPjwvc3ZnPg==\" class=\"lazyload\"><\/a><\/figure><\/div><\/div><div class=\"tiled-gallery__row\"><div class=\"tiled-gallery__col\" style=\"flex-basis:21.45032%\"><figure class=\"tiled-gallery__item\"><a href=\"https:\/\/i0.wp.com\/sannale.ee\/wp-content\/uploads\/2022\/03\/110313189_299975934538627_2054619651182713077_n-1024x1024.jpg?ssl=1\"><img decoding=\"async\" data-srcset=\"https:\/\/i0.wp.com\/sannale.ee\/wp-content\/uploads\/2022\/03\/110313189_299975934538627_2054619651182713077_n-1024x1024.jpg?strip=info&#038;w=600&#038;ssl=1 600w,https:\/\/i0.wp.com\/sannale.ee\/wp-content\/uploads\/2022\/03\/110313189_299975934538627_2054619651182713077_n-1024x1024.jpg?strip=info&#038;w=900&#038;ssl=1 900w,https:\/\/i0.wp.com\/sannale.ee\/wp-content\/uploads\/2022\/03\/110313189_299975934538627_2054619651182713077_n-1024x1024.jpg?strip=info&#038;w=1024&#038;ssl=1 1024w\" alt=\"\" data-height=\"1024\" data-id=\"9368\" data-link=\"https:\/\/sannale.ee\/?attachment_id=9368\" data-url=\"https:\/\/sannale.ee\/wp-content\/uploads\/2022\/03\/110313189_299975934538627_2054619651182713077_n-1024x1024.jpg\" data-width=\"1024\" data-src=\"https:\/\/i0.wp.com\/sannale.ee\/wp-content\/uploads\/2022\/03\/110313189_299975934538627_2054619651182713077_n-1024x1024.jpg?ssl=1\" data-amp-layout=\"responsive\" src=\"data:image\/svg+xml;base64,PHN2ZyB3aWR0aD0iMSIgaGVpZ2h0PSIxIiB4bWxucz0iaHR0cDovL3d3dy53My5vcmcvMjAwMC9zdmciPjwvc3ZnPg==\" class=\"lazyload\" style=\"--smush-placeholder-width: 1024px; --smush-placeholder-aspect-ratio: 1024\/1024;\"><\/a><\/figure><\/div><div class=\"tiled-gallery__col\" style=\"flex-basis:28.54968%\"><figure class=\"tiled-gallery__item\"><a href=\"https:\/\/i1.wp.com\/sannale.ee\/wp-content\/uploads\/2022\/03\/110315083_638684460106053_4114059319805532258_n.jpg?ssl=1\"><img decoding=\"async\" data-srcset=\"https:\/\/i1.wp.com\/sannale.ee\/wp-content\/uploads\/2022\/03\/110315083_638684460106053_4114059319805532258_n.jpg?strip=info&#038;w=600&#038;ssl=1 600w,https:\/\/i1.wp.com\/sannale.ee\/wp-content\/uploads\/2022\/03\/110315083_638684460106053_4114059319805532258_n.jpg?strip=info&#038;w=900&#038;ssl=1 900w,https:\/\/i1.wp.com\/sannale.ee\/wp-content\/uploads\/2022\/03\/110315083_638684460106053_4114059319805532258_n.jpg?strip=info&#038;w=1024&#038;ssl=1 1024w\" alt=\"Sannale insect net, designed for use with the Thule Urban Glide 2 Double stroller with bassinett\" data-height=\"768\" data-id=\"9369\" data-link=\"https:\/\/sannale.ee\/?attachment_id=9369\" data-url=\"https:\/\/sannale.ee\/wp-content\/uploads\/2022\/03\/110315083_638684460106053_4114059319805532258_n.jpg\" data-width=\"1024\" data-src=\"https:\/\/i1.wp.com\/sannale.ee\/wp-content\/uploads\/2022\/03\/110315083_638684460106053_4114059319805532258_n.jpg?ssl=1\" data-amp-layout=\"responsive\" src=\"data:image\/svg+xml;base64,PHN2ZyB3aWR0aD0iMSIgaGVpZ2h0PSIxIiB4bWxucz0iaHR0cDovL3d3dy53My5vcmcvMjAwMC9zdmciPjwvc3ZnPg==\" class=\"lazyload\"><\/a><\/figure><\/div><div class=\"tiled-gallery__col\" style=\"flex-basis:28.54968%\"><figure class=\"tiled-gallery__item\"><a href=\"https:\/\/i0.wp.com\/sannale.ee\/wp-content\/uploads\/2022\/03\/110725093_1594600640688242_7488205910512621151_n.jpg?ssl=1\"><img decoding=\"async\" data-srcset=\"https:\/\/i0.wp.com\/sannale.ee\/wp-content\/uploads\/2022\/03\/110725093_1594600640688242_7488205910512621151_n.jpg?strip=info&#038;w=600&#038;ssl=1 600w,https:\/\/i0.wp.com\/sannale.ee\/wp-content\/uploads\/2022\/03\/110725093_1594600640688242_7488205910512621151_n.jpg?strip=info&#038;w=900&#038;ssl=1 900w,https:\/\/i0.wp.com\/sannale.ee\/wp-content\/uploads\/2022\/03\/110725093_1594600640688242_7488205910512621151_n.jpg?strip=info&#038;w=1024&#038;ssl=1 1024w\" alt=\"Sannale insect net, designed for use with the Thule Urban Glide 2 Double stroller with bassinett\" data-height=\"768\" data-id=\"9370\" data-link=\"https:\/\/sannale.ee\/?attachment_id=9370\" data-url=\"https:\/\/sannale.ee\/wp-content\/uploads\/2022\/03\/110725093_1594600640688242_7488205910512621151_n.jpg\" data-width=\"1024\" data-src=\"https:\/\/i0.wp.com\/sannale.ee\/wp-content\/uploads\/2022\/03\/110725093_1594600640688242_7488205910512621151_n.jpg?ssl=1\" data-amp-layout=\"responsive\" src=\"data:image\/svg+xml;base64,PHN2ZyB3aWR0aD0iMSIgaGVpZ2h0PSIxIiB4bWxucz0iaHR0cDovL3d3dy53My5vcmcvMjAwMC9zdmciPjwvc3ZnPg==\" class=\"lazyload\"><\/a><\/figure><\/div><div class=\"tiled-gallery__col\" style=\"flex-basis:21.45032%\"><figure class=\"tiled-gallery__item\"><a href=\"https:\/\/i2.wp.com\/sannale.ee\/wp-content\/uploads\/2022\/03\/Ave-Kivimagi-Edit-1024x1024.jpg?ssl=1\"><img decoding=\"async\" data-srcset=\"https:\/\/i2.wp.com\/sannale.ee\/wp-content\/uploads\/2022\/03\/Ave-Kivimagi-Edit-1024x1024.jpg?strip=info&#038;w=600&#038;ssl=1 600w,https:\/\/i2.wp.com\/sannale.ee\/wp-content\/uploads\/2022\/03\/Ave-Kivimagi-Edit-1024x1024.jpg?strip=info&#038;w=900&#038;ssl=1 900w,https:\/\/i2.wp.com\/sannale.ee\/wp-content\/uploads\/2022\/03\/Ave-Kivimagi-Edit-1024x1024.jpg?strip=info&#038;w=1024&#038;ssl=1 1024w\" alt=\"Sannale insect net, designed for use with the Thule Urban Glide 2 Double stroller with bassinett\" data-height=\"1024\" data-id=\"9371\" data-link=\"https:\/\/sannale.ee\/?attachment_id=9371\" data-url=\"https:\/\/sannale.ee\/wp-content\/uploads\/2022\/03\/Ave-Kivimagi-Edit-1024x1024.jpg\" data-width=\"1024\" data-src=\"https:\/\/i2.wp.com\/sannale.ee\/wp-content\/uploads\/2022\/03\/Ave-Kivimagi-Edit-1024x1024.jpg?ssl=1\" data-amp-layout=\"responsive\" src=\"data:image\/svg+xml;base64,PHN2ZyB3aWR0aD0iMSIgaGVpZ2h0PSIxIiB4bWxucz0iaHR0cDovL3d3dy53My5vcmcvMjAwMC9zdmciPjwvc3ZnPg==\" class=\"lazyload\" style=\"--smush-placeholder-width: 1024px; --smush-placeholder-aspect-ratio: 1024\/1024;\"><\/a><\/figure><\/div><\/div><\/div><\/div>\n\n<p> <\/p>\n\n<hr class=\"wp-block-separator\"\/>\n\n<h2 class=\"wp-block-heading\" id=\"vihmakile-varvivariandid\">Insect net colour options<\/h2>\n\n<div class=\"wp-block-image\"><figure class=\"aligncenter size-full\"><img decoding=\"async\" width=\"1024\" height=\"449\" data-src=\"https:\/\/sannale.ee\/wp-content\/uploads\/2022\/03\/IMGP4878-Edit-3.jpg\" alt=\"Stroller insect net for Sanna\" class=\"wp-image-9068 lazyload\" data-srcset=\"https:\/\/sannale.ee\/wp-content\/uploads\/2022\/03\/IMGP4878-Edit-3.jpg 1024w, https:\/\/sannale.ee\/wp-content\/uploads\/2022\/03\/IMGP4878-Edit-3-600x263.jpg 600w, https:\/\/sannale.ee\/wp-content\/uploads\/2022\/03\/IMGP4878-Edit-3-300x132.jpg 300w, https:\/\/sannale.ee\/wp-content\/uploads\/2022\/03\/IMGP4878-Edit-3-768x337.jpg 768w\" data-sizes=\"(max-width: 1024px) 100vw, 1024px\" src=\"data:image\/svg+xml;base64,PHN2ZyB3aWR0aD0iMSIgaGVpZ2h0PSIxIiB4bWxucz0iaHR0cDovL3d3dy53My5vcmcvMjAwMC9zdmciPjwvc3ZnPg==\" style=\"--smush-placeholder-width: 1024px; --smush-placeholder-aspect-ratio: 1024\/449;\" \/><\/figure><\/div>\n\n<p>You can choose the colour of the web. also adding <span style=\"text-decoration: underline;\"><a href=\"https:\/\/sannale.ee\/tootekategooria\/materjalid-valik\/putukavorgu-kangad\/\">insect net fabric.<\/a><\/span> That way we know what colour web to sew you.  <\/p>\n\n<p>See what the different netting looks like on our trolley<a href=\"https:\/\/sannale.ee\/putukavorgu-varv\/\"><span style=\"text-decoration: underline;\"> insect net gallery.<\/span> <\/a> <\/p>\n\n<hr class=\"wp-block-separator\"\/>\n\n<h4 class=\"has-text-align-center wp-block-heading\" id=\"klientide-tagasiside\"><\/h4>\n\n<hr class=\"wp-block-separator\"\/>\n\n<p>See also our<a href=\"https:\/\/sannale.ee\/en\/\"> <span style=\"text-decoration: underline;\">other products designed for the Thule Urban Glide Double stroller.<\/span><\/a><\/p>\n\n<p><\/p>\n","protected":false},"excerpt":{"rendered":"<p>the shape of the mosquito net is precisely measured from the shape of the Thule Double seat and fits perfectly [&hellip;]<\/p>\n","protected":false},"author":1,"featured_media":0,"parent":0,"menu_order":0,"comment_status":"closed","ping_status":"closed","template":"","meta":{"_uag_custom_page_level_css":"","site-sidebar-layout":"default","site-content-layout":"","ast-site-content-layout":"default","site-content-style":"default","site-sidebar-style":"default","ast-global-header-display":"","ast-banner-title-visibility":"","ast-main-header-display":"","ast-hfb-above-header-display":"","ast-hfb-below-header-display":"","ast-hfb-mobile-header-display":"","site-post-title":"","ast-breadcrumbs-content":"","ast-featured-img":"","footer-sml-layout":"","theme-transparent-header-meta":"","adv-header-id-meta":"","stick-header-meta":"","header-above-stick-meta":"","header-main-stick-meta":"","header-below-stick-meta":"","astra-migrate-meta-layouts":"default","ast-page-background-enabled":"default","ast-page-background-meta":{"desktop":{"background-color":"var(--ast-global-color-4)","background-image":"","background-repeat":"repeat","background-position":"center center","background-size":"auto","background-attachment":"scroll","background-type":"","background-media":"","overlay-type":"","overlay-color":"","overlay-opacity":"","overlay-gradient":""},"tablet":{"background-color":"","background-image":"","background-repeat":"repeat","background-position":"center center","background-size":"auto","background-attachment":"scroll","background-type":"","background-media":"","overlay-type":"","overlay-color":"","overlay-opacity":"","overlay-gradient":""},"mobile":{"background-color":"","background-image":"","background-repeat":"repeat","background-position":"center center","background-size":"auto","background-attachment":"scroll","background-type":"","background-media":"","overlay-type":"","overlay-color":"","overlay-opacity":"","overlay-gradient":""}},"ast-content-background-meta":{"desktop":{"background-color":"var(--ast-global-color-5)","background-image":"","background-repeat":"repeat","background-position":"center center","background-size":"auto","background-attachment":"scroll","background-type":"","background-media":"","overlay-type":"","overlay-color":"","overlay-opacity":"","overlay-gradient":""},"tablet":{"background-color":"var(--ast-global-color-5)","background-image":"","background-repeat":"repeat","background-position":"center center","background-size":"auto","background-attachment":"scroll","background-type":"","background-media":"","overlay-type":"","overlay-color":"","overlay-opacity":"","overlay-gradient":""},"mobile":{"background-color":"var(--ast-global-color-5)","background-image":"","background-repeat":"repeat","background-position":"center center","background-size":"auto","background-attachment":"scroll","background-type":"","background-media":"","overlay-type":"","overlay-color":"","overlay-opacity":"","overlay-gradient":""}},"footnotes":""},"class_list":["post-44035","page","type-page","status-publish","hentry"],"yoast_head":"<!-- This site is optimized with the Yoast SEO plugin v27.3 - https:\/\/yoast.com\/product\/yoast-seo-wordpress\/ -->\n<title>Sannale insect net, designed for use with the Thule Urban Glide 2 Double stroller with bassinett - Sannale<\/title>\n<meta name=\"description\" content=\"A bug net designed for use with the Thule Urban Glide Double trolley basket.\" \/>\n<meta name=\"robots\" content=\"index, follow, max-snippet:-1, max-image-preview:large, max-video-preview:-1\" \/>\n<link rel=\"canonical\" href=\"https:\/\/sannale.ee\/en\/?page_id=44035\" \/>\n<meta property=\"og:locale\" content=\"en_US\" \/>\n<meta property=\"og:type\" content=\"article\" \/>\n<meta property=\"og:title\" content=\"Sannale insect net, designed for use with the Thule Urban Glide 2 Double stroller with bassinett - Sannale\" \/>\n<meta property=\"og:description\" content=\"A bug net designed for use with the Thule Urban Glide Double trolley basket.\" \/>\n<meta property=\"og:url\" content=\"https:\/\/sannale.ee\/en\/?page_id=44035\" \/>\n<meta property=\"og:site_name\" content=\"Sannale\" \/>\n<meta property=\"article:publisher\" content=\"https:\/\/www.facebook.com\/MinuSannale\" \/>\n<meta property=\"article:modified_time\" content=\"2024-08-21T19:32:58+00:00\" \/>\n<meta property=\"og:image\" content=\"https:\/\/i1.wp.com\/sannale.ee\/wp-content\/uploads\/2022\/03\/Britt-Made-Nurk-3.jpg?ssl=1\" \/>\n<meta name=\"twitter:card\" content=\"summary_large_image\" \/>\n<meta name=\"twitter:label1\" content=\"Est. reading time\" \/>\n\t<meta name=\"twitter:data1\" content=\"1 minute\" \/>\n<script type=\"application\/ld+json\" class=\"yoast-schema-graph\">{\"@context\":\"https:\\\/\\\/schema.org\",\"@graph\":[{\"@type\":\"WebPage\",\"@id\":\"https:\\\/\\\/sannale.ee\\\/en\\\/?page_id=44035\",\"url\":\"https:\\\/\\\/sannale.ee\\\/en\\\/?page_id=44035\",\"name\":\"Sannale insect net, designed for use with the Thule Urban Glide 2 Double stroller with bassinett - Sannale\",\"isPartOf\":{\"@id\":\"https:\\\/\\\/sannale.ee\\\/#website\"},\"primaryImageOfPage\":{\"@id\":\"https:\\\/\\\/sannale.ee\\\/en\\\/?page_id=44035#primaryimage\"},\"image\":{\"@id\":\"https:\\\/\\\/sannale.ee\\\/en\\\/?page_id=44035#primaryimage\"},\"thumbnailUrl\":\"https:\\\/\\\/i1.wp.com\\\/sannale.ee\\\/wp-content\\\/uploads\\\/2022\\\/03\\\/Britt-Made-Nurk-3.jpg?ssl=1\",\"datePublished\":\"2022-03-08T12:36:58+00:00\",\"dateModified\":\"2024-08-21T19:32:58+00:00\",\"description\":\"A bug net designed for use with the Thule Urban Glide Double trolley basket.\",\"breadcrumb\":{\"@id\":\"https:\\\/\\\/sannale.ee\\\/en\\\/?page_id=44035#breadcrumb\"},\"inLanguage\":\"en-US\",\"potentialAction\":[{\"@type\":\"ReadAction\",\"target\":[\"https:\\\/\\\/sannale.ee\\\/en\\\/?page_id=44035\"]}]},{\"@type\":\"ImageObject\",\"inLanguage\":\"en-US\",\"@id\":\"https:\\\/\\\/sannale.ee\\\/en\\\/?page_id=44035#primaryimage\",\"url\":\"https:\\\/\\\/i1.wp.com\\\/sannale.ee\\\/wp-content\\\/uploads\\\/2022\\\/03\\\/Britt-Made-Nurk-3.jpg?ssl=1\",\"contentUrl\":\"https:\\\/\\\/i1.wp.com\\\/sannale.ee\\\/wp-content\\\/uploads\\\/2022\\\/03\\\/Britt-Made-Nurk-3.jpg?ssl=1\"},{\"@type\":\"BreadcrumbList\",\"@id\":\"https:\\\/\\\/sannale.ee\\\/en\\\/?page_id=44035#breadcrumb\",\"itemListElement\":[{\"@type\":\"ListItem\",\"position\":1,\"name\":\"Home\",\"item\":\"https:\\\/\\\/sannale.ee\\\/en\\\/\"},{\"@type\":\"ListItem\",\"position\":2,\"name\":\"Sannale insect net, designed for use with the Thule Urban Glide 2 Double stroller with bassinett\"}]},{\"@type\":\"WebSite\",\"@id\":\"https:\\\/\\\/sannale.ee\\\/#website\",\"url\":\"https:\\\/\\\/sannale.ee\\\/\",\"name\":\"Sannale\",\"description\":\"K\u00e4sit\u00f6\u00f6na valminud k\u00e4rulisad ja lastetarbed\",\"publisher\":{\"@id\":\"https:\\\/\\\/sannale.ee\\\/#organization\"},\"potentialAction\":[{\"@type\":\"SearchAction\",\"target\":{\"@type\":\"EntryPoint\",\"urlTemplate\":\"https:\\\/\\\/sannale.ee\\\/?s={search_term_string}\"},\"query-input\":{\"@type\":\"PropertyValueSpecification\",\"valueRequired\":true,\"valueName\":\"search_term_string\"}}],\"inLanguage\":\"en-US\"},{\"@type\":\"Organization\",\"@id\":\"https:\\\/\\\/sannale.ee\\\/#organization\",\"name\":\"Sannale\",\"url\":\"https:\\\/\\\/sannale.ee\\\/\",\"logo\":{\"@type\":\"ImageObject\",\"inLanguage\":\"en-US\",\"@id\":\"https:\\\/\\\/sannale.ee\\\/#\\\/schema\\\/logo\\\/image\\\/\",\"url\":\"https:\\\/\\\/sannale.ee\\\/wp-content\\\/uploads\\\/2024\\\/02\\\/cropped-sannale-fb-logo-sydamega-5-tumedam-3-scaled.png\",\"contentUrl\":\"https:\\\/\\\/sannale.ee\\\/wp-content\\\/uploads\\\/2024\\\/02\\\/cropped-sannale-fb-logo-sydamega-5-tumedam-3-scaled.png\",\"width\":5100,\"height\":1758,\"caption\":\"Sannale\"},\"image\":{\"@id\":\"https:\\\/\\\/sannale.ee\\\/#\\\/schema\\\/logo\\\/image\\\/\"},\"sameAs\":[\"https:\\\/\\\/www.facebook.com\\\/MinuSannale\"]}]}<\/script>\n<!-- \/ Yoast SEO plugin. -->","yoast_head_json":{"title":"Sannale insect net, designed for use with the Thule Urban Glide 2 Double stroller with bassinett - Sannale","description":"A bug net designed for use with the Thule Urban Glide Double trolley basket.","robots":{"index":"index","follow":"follow","max-snippet":"max-snippet:-1","max-image-preview":"max-image-preview:large","max-video-preview":"max-video-preview:-1"},"canonical":"https:\/\/sannale.ee\/en\/?page_id=44035","og_locale":"en_US","og_type":"article","og_title":"Sannale insect net, designed for use with the Thule Urban Glide 2 Double stroller with bassinett - Sannale","og_description":"A bug net designed for use with the Thule Urban Glide Double trolley basket.","og_url":"https:\/\/sannale.ee\/en\/?page_id=44035","og_site_name":"Sannale","article_publisher":"https:\/\/www.facebook.com\/MinuSannale","article_modified_time":"2024-08-21T19:32:58+00:00","og_image":[{"url":"https:\/\/i1.wp.com\/sannale.ee\/wp-content\/uploads\/2022\/03\/Britt-Made-Nurk-3.jpg?ssl=1","type":"","width":"","height":""}],"twitter_card":"summary_large_image","twitter_misc":{"Est. reading time":"1 minute"},"schema":{"@context":"https:\/\/schema.org","@graph":[{"@type":"WebPage","@id":"https:\/\/sannale.ee\/en\/?page_id=44035","url":"https:\/\/sannale.ee\/en\/?page_id=44035","name":"Sannale insect net, designed for use with the Thule Urban Glide 2 Double stroller with bassinett - Sannale","isPartOf":{"@id":"https:\/\/sannale.ee\/#website"},"primaryImageOfPage":{"@id":"https:\/\/sannale.ee\/en\/?page_id=44035#primaryimage"},"image":{"@id":"https:\/\/sannale.ee\/en\/?page_id=44035#primaryimage"},"thumbnailUrl":"https:\/\/i1.wp.com\/sannale.ee\/wp-content\/uploads\/2022\/03\/Britt-Made-Nurk-3.jpg?ssl=1","datePublished":"2022-03-08T12:36:58+00:00","dateModified":"2024-08-21T19:32:58+00:00","description":"A bug net designed for use with the Thule Urban Glide Double trolley basket.","breadcrumb":{"@id":"https:\/\/sannale.ee\/en\/?page_id=44035#breadcrumb"},"inLanguage":"en-US","potentialAction":[{"@type":"ReadAction","target":["https:\/\/sannale.ee\/en\/?page_id=44035"]}]},{"@type":"ImageObject","inLanguage":"en-US","@id":"https:\/\/sannale.ee\/en\/?page_id=44035#primaryimage","url":"https:\/\/i1.wp.com\/sannale.ee\/wp-content\/uploads\/2022\/03\/Britt-Made-Nurk-3.jpg?ssl=1","contentUrl":"https:\/\/i1.wp.com\/sannale.ee\/wp-content\/uploads\/2022\/03\/Britt-Made-Nurk-3.jpg?ssl=1"},{"@type":"BreadcrumbList","@id":"https:\/\/sannale.ee\/en\/?page_id=44035#breadcrumb","itemListElement":[{"@type":"ListItem","position":1,"name":"Home","item":"https:\/\/sannale.ee\/en\/"},{"@type":"ListItem","position":2,"name":"Sannale insect net, designed for use with the Thule Urban Glide 2 Double stroller with bassinett"}]},{"@type":"WebSite","@id":"https:\/\/sannale.ee\/#website","url":"https:\/\/sannale.ee\/","name":"Sannale","description":"K\u00e4sit\u00f6\u00f6na valminud k\u00e4rulisad ja lastetarbed","publisher":{"@id":"https:\/\/sannale.ee\/#organization"},"potentialAction":[{"@type":"SearchAction","target":{"@type":"EntryPoint","urlTemplate":"https:\/\/sannale.ee\/?s={search_term_string}"},"query-input":{"@type":"PropertyValueSpecification","valueRequired":true,"valueName":"search_term_string"}}],"inLanguage":"en-US"},{"@type":"Organization","@id":"https:\/\/sannale.ee\/#organization","name":"Sannale","url":"https:\/\/sannale.ee\/","logo":{"@type":"ImageObject","inLanguage":"en-US","@id":"https:\/\/sannale.ee\/#\/schema\/logo\/image\/","url":"https:\/\/sannale.ee\/wp-content\/uploads\/2024\/02\/cropped-sannale-fb-logo-sydamega-5-tumedam-3-scaled.png","contentUrl":"https:\/\/sannale.ee\/wp-content\/uploads\/2024\/02\/cropped-sannale-fb-logo-sydamega-5-tumedam-3-scaled.png","width":5100,"height":1758,"caption":"Sannale"},"image":{"@id":"https:\/\/sannale.ee\/#\/schema\/logo\/image\/"},"sameAs":["https:\/\/www.facebook.com\/MinuSannale"]}]}},"uagb_featured_image_src":{"full":false,"thumbnail":false,"medium":false,"medium_large":false,"large":false,"1536x1536":false,"2048x2048":false,"woocommerce_thumbnail":false,"woocommerce_single":false,"woocommerce_gallery_thumbnail":false,"variation_swatches_image_size":false,"variation_swatches_tooltip_size":false},"uagb_author_info":{"display_name":"meelip","author_link":"https:\/\/sannale.ee\/en\/author\/meelip\/"},"uagb_comment_info":0,"uagb_excerpt":"the shape of the mosquito net is precisely measured from the shape of the Thule Double seat and fits perfectly [&hellip;]","jetpack_sharing_enabled":true,"_links":{"self":[{"href":"https:\/\/sannale.ee\/en\/wp-json\/wp\/v2\/pages\/44035","targetHints":{"allow":["GET"]}}],"collection":[{"href":"https:\/\/sannale.ee\/en\/wp-json\/wp\/v2\/pages"}],"about":[{"href":"https:\/\/sannale.ee\/en\/wp-json\/wp\/v2\/types\/page"}],"author":[{"embeddable":true,"href":"https:\/\/sannale.ee\/en\/wp-json\/wp\/v2\/users\/1"}],"replies":[{"embeddable":true,"href":"https:\/\/sannale.ee\/en\/wp-json\/wp\/v2\/comments?post=44035"}],"version-history":[{"count":2,"href":"https:\/\/sannale.ee\/en\/wp-json\/wp\/v2\/pages\/44035\/revisions"}],"predecessor-version":[{"id":44041,"href":"https:\/\/sannale.ee\/en\/wp-json\/wp\/v2\/pages\/44035\/revisions\/44041"}],"wp:attachment":[{"href":"https:\/\/sannale.ee\/en\/wp-json\/wp\/v2\/media?parent=44035"}],"curies":[{"name":"wp","href":"https:\/\/api.w.org\/{rel}","templated":true}]}}