{"id":43983,"date":"2022-05-25T10:29:18","date_gmt":"2022-05-25T07:29:18","guid":{"rendered":"https:\/\/sannale.ee\/carrycot-for-sanna-designed-for-use-with-the-thule-urban-glide-2-stroller\/"},"modified":"2024-08-21T22:27:39","modified_gmt":"2024-08-21T19:27:39","slug":"carrycot-for-sanna-designed-for-use-with-the-thule-urban-glide-2-stroller","status":"publish","type":"page","link":"https:\/\/sannale.ee\/en\/carrycot-for-sanna-designed-for-use-with-the-thule-urban-glide-2-stroller\/","title":{"rendered":"Carrycot for Sanna, designed for use with the Thule Urban Glide 2 stroller"},"content":{"rendered":"\n<ul class=\"wp-block-list\"><li>the trolley bag is a good organiser that you can<strong> attach to the push handle of the trolley.<\/strong><\/li><li><strong><strong>detachable, adjustable shoulder strap, <\/strong><\/strong>which also allows<strong> the<\/strong> bag<strong> to be<\/strong> used<strong> as a shoulder bag.<\/strong><\/li><li>the softshell fabric bag is<strong> <strong>water-repellent and weatherproof<\/strong><\/strong><\/li><li><strong><strong>with click fastener<\/strong><\/strong> the flap closes the trolley securely<\/li><li><strong><strong>two inside pockets<\/strong><\/strong>so you can keep your keys and mobile phone safely to hand.<\/li><li><strong>a unique design<\/strong>, a cut created for Sanna, which can only be ordered from us and handcrafted <strong>just for you.<\/strong><\/li><\/ul>\n\n<p>  Order a trolley for Sanna from us<span style=\"text-decoration: underline;\"><a href=\"https:\/\/sannale.ee\/en\/toode\/prison-bag\/\"> e-shop!<\/a><\/span><\/p>\n\n<p><\/p>\n\n<div class=\"wp-block-jetpack-tiled-gallery aligncenter is-style-rectangular\"><div class=\"tiled-gallery__gallery\"><div class=\"tiled-gallery__row\"><div class=\"tiled-gallery__col\" style=\"flex-basis:50.00000%\"><figure class=\"tiled-gallery__item\"><a href=\"https:\/\/i1.wp.com\/sannale.ee\/wp-content\/uploads\/2021\/03\/Lagle-Parn-3-2-1024x1024.jpg?ssl=1\"><img decoding=\"async\" data-srcset=\"https:\/\/i1.wp.com\/sannale.ee\/wp-content\/uploads\/2021\/03\/Lagle-Parn-3-2-1024x1024.jpg?strip=info&#038;w=600&#038;ssl=1 600w,https:\/\/i1.wp.com\/sannale.ee\/wp-content\/uploads\/2021\/03\/Lagle-Parn-3-2-1024x1024.jpg?strip=info&#038;w=900&#038;ssl=1 900w,https:\/\/i1.wp.com\/sannale.ee\/wp-content\/uploads\/2021\/03\/Lagle-Parn-3-2-1024x1024.jpg?strip=info&#038;w=1024&#038;ssl=1 1024w\" alt=\"Carrycot for Sanna, designed for use with the Thule Urban Glide 2 stroller\" data-height=\"1024\" data-id=\"10289\" data-link=\"https:\/\/sannale.ee\/?attachment_id=10289\" data-url=\"https:\/\/sannale.ee\/wp-content\/uploads\/2021\/03\/Lagle-Parn-3-2-1024x1024.jpg\" data-width=\"1024\" data-src=\"https:\/\/i1.wp.com\/sannale.ee\/wp-content\/uploads\/2021\/03\/Lagle-Parn-3-2-1024x1024.jpg?ssl=1\" data-amp-layout=\"responsive\" src=\"data:image\/svg+xml;base64,PHN2ZyB3aWR0aD0iMSIgaGVpZ2h0PSIxIiB4bWxucz0iaHR0cDovL3d3dy53My5vcmcvMjAwMC9zdmciPjwvc3ZnPg==\" class=\"lazyload\" style=\"--smush-placeholder-width: 1024px; --smush-placeholder-aspect-ratio: 1024\/1024;\"><\/a><\/figure><\/div><div class=\"tiled-gallery__col\" style=\"flex-basis:50.00000%\"><figure class=\"tiled-gallery__item\"><a href=\"https:\/\/i0.wp.com\/sannale.ee\/wp-content\/uploads\/2021\/03\/Lagle-Parn-1-2-1024x1024.jpg?ssl=1\"><img decoding=\"async\" data-srcset=\"https:\/\/i0.wp.com\/sannale.ee\/wp-content\/uploads\/2021\/03\/Lagle-Parn-1-2-1024x1024.jpg?strip=info&#038;w=600&#038;ssl=1 600w,https:\/\/i0.wp.com\/sannale.ee\/wp-content\/uploads\/2021\/03\/Lagle-Parn-1-2-1024x1024.jpg?strip=info&#038;w=900&#038;ssl=1 900w,https:\/\/i0.wp.com\/sannale.ee\/wp-content\/uploads\/2021\/03\/Lagle-Parn-1-2-1024x1024.jpg?strip=info&#038;w=1024&#038;ssl=1 1024w\" alt=\"Carrycot for Sanna, designed for use with the Thule Urban Glide 2 stroller\" data-height=\"1024\" data-id=\"10288\" data-link=\"https:\/\/sannale.ee\/?attachment_id=10288\" data-url=\"https:\/\/sannale.ee\/wp-content\/uploads\/2021\/03\/Lagle-Parn-1-2-1024x1024.jpg\" data-width=\"1024\" data-src=\"https:\/\/i0.wp.com\/sannale.ee\/wp-content\/uploads\/2021\/03\/Lagle-Parn-1-2-1024x1024.jpg?ssl=1\" data-amp-layout=\"responsive\" src=\"data:image\/svg+xml;base64,PHN2ZyB3aWR0aD0iMSIgaGVpZ2h0PSIxIiB4bWxucz0iaHR0cDovL3d3dy53My5vcmcvMjAwMC9zdmciPjwvc3ZnPg==\" class=\"lazyload\" style=\"--smush-placeholder-width: 1024px; --smush-placeholder-aspect-ratio: 1024\/1024;\"><\/a><\/figure><\/div><\/div><\/div><\/div>\n\n<hr class=\"wp-block-separator\"\/>\n\n<h3 class=\"wp-block-heading\">Measurements<\/h3>\n\n<p>Bag width 36cm, Bag height 41cm<\/p>\n\n<hr class=\"wp-block-separator\"\/>\n\n<h4 class=\"wp-block-heading\">Availability<\/h4>\n\n<p>Products in stock are dispatched within 1-2 business days. Delivery time for orders is 1-2 weeks.<\/p>\n\n<hr class=\"wp-block-separator\"\/>\n\n<h3 class=\"wp-block-heading\">Choice of colours<\/h3>\n\n<p>If you would like to have a colourful trolley bag or a trolley bag with writing on it, please choose the fabric you like and add the link to your order.<\/p>\n\n<p><a href=\"https:\/\/www.remps.ee\/et\/c\/softshell\">https:\/\/www.remps.ee\/et\/c\/softshell<\/a><\/p>\n\n<p><a href=\"https:\/\/www.koojaloo.ee\/kangad\/jopekangad\">https:\/\/www.koojaloo.ee\/kangad\/jopekangad<\/a><\/p>\n\n<p><a href=\"https:\/\/riimetex.ee\/tootekategooria\/mustrilised-kangad\/softshell-mustriline\/mustriline-softshell-fliisiga\/\">https:\/\/riimetex.ee\/tootekategooria\/mustrilised-kangad\/softshell-mustriline\/mustriline-softshell-fliisiga\/<\/a><\/p>\n\n<p><a href=\"https:\/\/riimetex.ee\/tootekategooria\/uhevarvilised-kangad-plain-fabrics\/softshell\/uhevarviline-softshell-fliisiga\/\">https:\/\/riimetex.ee\/tootekategooria\/uhevarvilised-kangad-plain-fabrics\/softshell\/uhevarviline-softshell-fliisiga\/<\/a><\/p>\n\n<p><a href=\"https:\/\/kangahaldjas.eu\/tootekategooria\/uleroivaste-kangad\/softshell\/\">https:\/\/kangahaldjas.eu\/tootekategooria\/uleroivaste-kangad\/softshell\/<\/a><\/p>\n\n<p><a href=\"https:\/\/kangasemu.ee\/kategooria\/softshell\/mustriline-softshell\/\">https:\/\/kangasemu.ee\/kategooria\/softshell\/mustriline-softshell\/<\/a><\/p>\n\n<p><a href=\"https:\/\/sunnyday.ee\/tootekategooria\/softshell\/\">https:\/\/sunnyday.ee\/tootekategooria\/softshell\/<\/a><\/p>\n\n<p><a href=\"https:\/\/www.kangasahver.ee\/et\/c\/softshell\">https:\/\/www.kangasahver.ee\/et\/c\/softshell<\/a><\/p>\n\n<p><a href=\"http:\/\/www.lipilapi.ee\/et\/c\/softshell\">http:\/\/www.lipilapi.ee\/et\/c\/softshell<\/a><\/p>\n\n<hr class=\"wp-block-separator\"\/>\n\n<h4 class=\"wp-block-heading\">Care guide<\/h4>\n\n<p>100% polyester. Wash at a low temperature like sportswear. If necessary, iron on low heat on the right side only (not on the hairy side!). <\/p>\n\n<p><\/p>\n\n<p>See also our<a href=\"https:\/\/sannale.ee\/en\/?page_id=43908\"> <span style=\"text-decoration: underline;\">other products designed for the Thule Urban Glide Double stroller.<\/span><\/a><\/p>\n\n<p><\/p>\n","protected":false},"excerpt":{"rendered":"<p>the trolley bag is a good organiser that you can attach to the push handle of the trolley. detachable, adjustable [&hellip;]<\/p>\n","protected":false},"author":1,"featured_media":0,"parent":0,"menu_order":0,"comment_status":"closed","ping_status":"closed","template":"","meta":{"_uag_custom_page_level_css":"","site-sidebar-layout":"default","site-content-layout":"","ast-site-content-layout":"default","site-content-style":"default","site-sidebar-style":"default","ast-global-header-display":"","ast-banner-title-visibility":"","ast-main-header-display":"","ast-hfb-above-header-display":"","ast-hfb-below-header-display":"","ast-hfb-mobile-header-display":"","site-post-title":"","ast-breadcrumbs-content":"","ast-featured-img":"","footer-sml-layout":"","theme-transparent-header-meta":"","adv-header-id-meta":"","stick-header-meta":"","header-above-stick-meta":"","header-main-stick-meta":"","header-below-stick-meta":"","astra-migrate-meta-layouts":"default","ast-page-background-enabled":"default","ast-page-background-meta":{"desktop":{"background-color":"var(--ast-global-color-4)","background-image":"","background-repeat":"repeat","background-position":"center center","background-size":"auto","background-attachment":"scroll","background-type":"","background-media":"","overlay-type":"","overlay-color":"","overlay-opacity":"","overlay-gradient":""},"tablet":{"background-color":"","background-image":"","background-repeat":"repeat","background-position":"center center","background-size":"auto","background-attachment":"scroll","background-type":"","background-media":"","overlay-type":"","overlay-color":"","overlay-opacity":"","overlay-gradient":""},"mobile":{"background-color":"","background-image":"","background-repeat":"repeat","background-position":"center center","background-size":"auto","background-attachment":"scroll","background-type":"","background-media":"","overlay-type":"","overlay-color":"","overlay-opacity":"","overlay-gradient":""}},"ast-content-background-meta":{"desktop":{"background-color":"var(--ast-global-color-5)","background-image":"","background-repeat":"repeat","background-position":"center center","background-size":"auto","background-attachment":"scroll","background-type":"","background-media":"","overlay-type":"","overlay-color":"","overlay-opacity":"","overlay-gradient":""},"tablet":{"background-color":"var(--ast-global-color-5)","background-image":"","background-repeat":"repeat","background-position":"center center","background-size":"auto","background-attachment":"scroll","background-type":"","background-media":"","overlay-type":"","overlay-color":"","overlay-opacity":"","overlay-gradient":""},"mobile":{"background-color":"var(--ast-global-color-5)","background-image":"","background-repeat":"repeat","background-position":"center center","background-size":"auto","background-attachment":"scroll","background-type":"","background-media":"","overlay-type":"","overlay-color":"","overlay-opacity":"","overlay-gradient":""}},"footnotes":""},"class_list":["post-43983","page","type-page","status-publish","hentry"],"yoast_head":"<!-- This site is optimized with the Yoast SEO plugin v27.3 - https:\/\/yoast.com\/product\/yoast-seo-wordpress\/ -->\n<title>Carrycot for Sanna, designed for use with the Thule Urban Glide 2 stroller - Sannale<\/title>\n<meta name=\"description\" content=\"Sannale trolley bag, designed for use with the Thule Urban Glide Double stroller. Handmade to order.\" \/>\n<meta name=\"robots\" content=\"index, follow, max-snippet:-1, max-image-preview:large, max-video-preview:-1\" \/>\n<link rel=\"canonical\" href=\"https:\/\/sannale.ee\/en\/?page_id=43983\" \/>\n<meta property=\"og:locale\" content=\"en_US\" \/>\n<meta property=\"og:type\" content=\"article\" \/>\n<meta property=\"og:title\" content=\"Carrycot for Sanna, designed for use with the Thule Urban Glide 2 stroller - Sannale\" \/>\n<meta property=\"og:description\" content=\"Sannale trolley bag, designed for use with the Thule Urban Glide Double stroller. Handmade to order.\" \/>\n<meta property=\"og:url\" content=\"https:\/\/sannale.ee\/en\/?page_id=43983\" \/>\n<meta property=\"og:site_name\" content=\"Sannale\" \/>\n<meta property=\"article:publisher\" content=\"https:\/\/www.facebook.com\/MinuSannale\" \/>\n<meta property=\"article:modified_time\" content=\"2024-08-21T19:27:39+00:00\" \/>\n<meta property=\"og:image\" content=\"https:\/\/i1.wp.com\/sannale.ee\/wp-content\/uploads\/2021\/03\/Lagle-Parn-3-2-1024x1024.jpg?ssl=1\" \/>\n<meta name=\"twitter:card\" content=\"summary_large_image\" \/>\n<meta name=\"twitter:label1\" content=\"Est. reading time\" \/>\n\t<meta name=\"twitter:data1\" content=\"1 minute\" \/>\n<script type=\"application\/ld+json\" class=\"yoast-schema-graph\">{\"@context\":\"https:\\\/\\\/schema.org\",\"@graph\":[{\"@type\":\"WebPage\",\"@id\":\"https:\\\/\\\/sannale.ee\\\/en\\\/?page_id=43983\",\"url\":\"https:\\\/\\\/sannale.ee\\\/en\\\/?page_id=43983\",\"name\":\"Carrycot for Sanna, designed for use with the Thule Urban Glide 2 stroller - Sannale\",\"isPartOf\":{\"@id\":\"https:\\\/\\\/sannale.ee\\\/#website\"},\"primaryImageOfPage\":{\"@id\":\"https:\\\/\\\/sannale.ee\\\/en\\\/?page_id=43983#primaryimage\"},\"image\":{\"@id\":\"https:\\\/\\\/sannale.ee\\\/en\\\/?page_id=43983#primaryimage\"},\"thumbnailUrl\":\"https:\\\/\\\/i1.wp.com\\\/sannale.ee\\\/wp-content\\\/uploads\\\/2021\\\/03\\\/Lagle-Parn-3-2-1024x1024.jpg?ssl=1\",\"datePublished\":\"2022-05-25T07:29:18+00:00\",\"dateModified\":\"2024-08-21T19:27:39+00:00\",\"description\":\"Sannale trolley bag, designed for use with the Thule Urban Glide Double stroller. Handmade to order.\",\"breadcrumb\":{\"@id\":\"https:\\\/\\\/sannale.ee\\\/en\\\/?page_id=43983#breadcrumb\"},\"inLanguage\":\"en-US\",\"potentialAction\":[{\"@type\":\"ReadAction\",\"target\":[\"https:\\\/\\\/sannale.ee\\\/en\\\/?page_id=43983\"]}]},{\"@type\":\"ImageObject\",\"inLanguage\":\"en-US\",\"@id\":\"https:\\\/\\\/sannale.ee\\\/en\\\/?page_id=43983#primaryimage\",\"url\":\"https:\\\/\\\/i1.wp.com\\\/sannale.ee\\\/wp-content\\\/uploads\\\/2021\\\/03\\\/Lagle-Parn-3-2-1024x1024.jpg?ssl=1\",\"contentUrl\":\"https:\\\/\\\/i1.wp.com\\\/sannale.ee\\\/wp-content\\\/uploads\\\/2021\\\/03\\\/Lagle-Parn-3-2-1024x1024.jpg?ssl=1\"},{\"@type\":\"BreadcrumbList\",\"@id\":\"https:\\\/\\\/sannale.ee\\\/en\\\/?page_id=43983#breadcrumb\",\"itemListElement\":[{\"@type\":\"ListItem\",\"position\":1,\"name\":\"Home\",\"item\":\"https:\\\/\\\/sannale.ee\\\/en\\\/\"},{\"@type\":\"ListItem\",\"position\":2,\"name\":\"Carrycot for Sanna, designed for use with the Thule Urban Glide 2 stroller\"}]},{\"@type\":\"WebSite\",\"@id\":\"https:\\\/\\\/sannale.ee\\\/#website\",\"url\":\"https:\\\/\\\/sannale.ee\\\/\",\"name\":\"Sannale\",\"description\":\"K\u00e4sit\u00f6\u00f6na valminud k\u00e4rulisad ja lastetarbed\",\"publisher\":{\"@id\":\"https:\\\/\\\/sannale.ee\\\/#organization\"},\"potentialAction\":[{\"@type\":\"SearchAction\",\"target\":{\"@type\":\"EntryPoint\",\"urlTemplate\":\"https:\\\/\\\/sannale.ee\\\/?s={search_term_string}\"},\"query-input\":{\"@type\":\"PropertyValueSpecification\",\"valueRequired\":true,\"valueName\":\"search_term_string\"}}],\"inLanguage\":\"en-US\"},{\"@type\":\"Organization\",\"@id\":\"https:\\\/\\\/sannale.ee\\\/#organization\",\"name\":\"Sannale\",\"url\":\"https:\\\/\\\/sannale.ee\\\/\",\"logo\":{\"@type\":\"ImageObject\",\"inLanguage\":\"en-US\",\"@id\":\"https:\\\/\\\/sannale.ee\\\/#\\\/schema\\\/logo\\\/image\\\/\",\"url\":\"https:\\\/\\\/sannale.ee\\\/wp-content\\\/uploads\\\/2024\\\/02\\\/cropped-sannale-fb-logo-sydamega-5-tumedam-3-scaled.png\",\"contentUrl\":\"https:\\\/\\\/sannale.ee\\\/wp-content\\\/uploads\\\/2024\\\/02\\\/cropped-sannale-fb-logo-sydamega-5-tumedam-3-scaled.png\",\"width\":5100,\"height\":1758,\"caption\":\"Sannale\"},\"image\":{\"@id\":\"https:\\\/\\\/sannale.ee\\\/#\\\/schema\\\/logo\\\/image\\\/\"},\"sameAs\":[\"https:\\\/\\\/www.facebook.com\\\/MinuSannale\"]}]}<\/script>\n<!-- \/ Yoast SEO plugin. -->","yoast_head_json":{"title":"Carrycot for Sanna, designed for use with the Thule Urban Glide 2 stroller - Sannale","description":"Sannale trolley bag, designed for use with the Thule Urban Glide Double stroller. Handmade to order.","robots":{"index":"index","follow":"follow","max-snippet":"max-snippet:-1","max-image-preview":"max-image-preview:large","max-video-preview":"max-video-preview:-1"},"canonical":"https:\/\/sannale.ee\/en\/?page_id=43983","og_locale":"en_US","og_type":"article","og_title":"Carrycot for Sanna, designed for use with the Thule Urban Glide 2 stroller - Sannale","og_description":"Sannale trolley bag, designed for use with the Thule Urban Glide Double stroller. Handmade to order.","og_url":"https:\/\/sannale.ee\/en\/?page_id=43983","og_site_name":"Sannale","article_publisher":"https:\/\/www.facebook.com\/MinuSannale","article_modified_time":"2024-08-21T19:27:39+00:00","og_image":[{"url":"https:\/\/i1.wp.com\/sannale.ee\/wp-content\/uploads\/2021\/03\/Lagle-Parn-3-2-1024x1024.jpg?ssl=1","type":"","width":"","height":""}],"twitter_card":"summary_large_image","twitter_misc":{"Est. reading time":"1 minute"},"schema":{"@context":"https:\/\/schema.org","@graph":[{"@type":"WebPage","@id":"https:\/\/sannale.ee\/en\/?page_id=43983","url":"https:\/\/sannale.ee\/en\/?page_id=43983","name":"Carrycot for Sanna, designed for use with the Thule Urban Glide 2 stroller - Sannale","isPartOf":{"@id":"https:\/\/sannale.ee\/#website"},"primaryImageOfPage":{"@id":"https:\/\/sannale.ee\/en\/?page_id=43983#primaryimage"},"image":{"@id":"https:\/\/sannale.ee\/en\/?page_id=43983#primaryimage"},"thumbnailUrl":"https:\/\/i1.wp.com\/sannale.ee\/wp-content\/uploads\/2021\/03\/Lagle-Parn-3-2-1024x1024.jpg?ssl=1","datePublished":"2022-05-25T07:29:18+00:00","dateModified":"2024-08-21T19:27:39+00:00","description":"Sannale trolley bag, designed for use with the Thule Urban Glide Double stroller. Handmade to order.","breadcrumb":{"@id":"https:\/\/sannale.ee\/en\/?page_id=43983#breadcrumb"},"inLanguage":"en-US","potentialAction":[{"@type":"ReadAction","target":["https:\/\/sannale.ee\/en\/?page_id=43983"]}]},{"@type":"ImageObject","inLanguage":"en-US","@id":"https:\/\/sannale.ee\/en\/?page_id=43983#primaryimage","url":"https:\/\/i1.wp.com\/sannale.ee\/wp-content\/uploads\/2021\/03\/Lagle-Parn-3-2-1024x1024.jpg?ssl=1","contentUrl":"https:\/\/i1.wp.com\/sannale.ee\/wp-content\/uploads\/2021\/03\/Lagle-Parn-3-2-1024x1024.jpg?ssl=1"},{"@type":"BreadcrumbList","@id":"https:\/\/sannale.ee\/en\/?page_id=43983#breadcrumb","itemListElement":[{"@type":"ListItem","position":1,"name":"Home","item":"https:\/\/sannale.ee\/en\/"},{"@type":"ListItem","position":2,"name":"Carrycot for Sanna, designed for use with the Thule Urban Glide 2 stroller"}]},{"@type":"WebSite","@id":"https:\/\/sannale.ee\/#website","url":"https:\/\/sannale.ee\/","name":"Sannale","description":"K\u00e4sit\u00f6\u00f6na valminud k\u00e4rulisad ja lastetarbed","publisher":{"@id":"https:\/\/sannale.ee\/#organization"},"potentialAction":[{"@type":"SearchAction","target":{"@type":"EntryPoint","urlTemplate":"https:\/\/sannale.ee\/?s={search_term_string}"},"query-input":{"@type":"PropertyValueSpecification","valueRequired":true,"valueName":"search_term_string"}}],"inLanguage":"en-US"},{"@type":"Organization","@id":"https:\/\/sannale.ee\/#organization","name":"Sannale","url":"https:\/\/sannale.ee\/","logo":{"@type":"ImageObject","inLanguage":"en-US","@id":"https:\/\/sannale.ee\/#\/schema\/logo\/image\/","url":"https:\/\/sannale.ee\/wp-content\/uploads\/2024\/02\/cropped-sannale-fb-logo-sydamega-5-tumedam-3-scaled.png","contentUrl":"https:\/\/sannale.ee\/wp-content\/uploads\/2024\/02\/cropped-sannale-fb-logo-sydamega-5-tumedam-3-scaled.png","width":5100,"height":1758,"caption":"Sannale"},"image":{"@id":"https:\/\/sannale.ee\/#\/schema\/logo\/image\/"},"sameAs":["https:\/\/www.facebook.com\/MinuSannale"]}]}},"uagb_featured_image_src":{"full":false,"thumbnail":false,"medium":false,"medium_large":false,"large":false,"1536x1536":false,"2048x2048":false,"woocommerce_thumbnail":false,"woocommerce_single":false,"woocommerce_gallery_thumbnail":false,"variation_swatches_image_size":false,"variation_swatches_tooltip_size":false},"uagb_author_info":{"display_name":"meelip","author_link":"https:\/\/sannale.ee\/en\/author\/meelip\/"},"uagb_comment_info":0,"uagb_excerpt":"the trolley bag is a good organiser that you can attach to the push handle of the trolley. detachable, adjustable [&hellip;]","jetpack_sharing_enabled":true,"_links":{"self":[{"href":"https:\/\/sannale.ee\/en\/wp-json\/wp\/v2\/pages\/43983","targetHints":{"allow":["GET"]}}],"collection":[{"href":"https:\/\/sannale.ee\/en\/wp-json\/wp\/v2\/pages"}],"about":[{"href":"https:\/\/sannale.ee\/en\/wp-json\/wp\/v2\/types\/page"}],"author":[{"embeddable":true,"href":"https:\/\/sannale.ee\/en\/wp-json\/wp\/v2\/users\/1"}],"replies":[{"embeddable":true,"href":"https:\/\/sannale.ee\/en\/wp-json\/wp\/v2\/comments?post=43983"}],"version-history":[{"count":2,"href":"https:\/\/sannale.ee\/en\/wp-json\/wp\/v2\/pages\/43983\/revisions"}],"predecessor-version":[{"id":43986,"href":"https:\/\/sannale.ee\/en\/wp-json\/wp\/v2\/pages\/43983\/revisions\/43986"}],"wp:attachment":[{"href":"https:\/\/sannale.ee\/en\/wp-json\/wp\/v2\/media?parent=43983"}],"curies":[{"name":"wp","href":"https:\/\/api.w.org\/{rel}","templated":true}]}}