{"id":43971,"date":"2022-04-05T15:48:24","date_gmt":"2022-04-05T12:48:24","guid":{"rendered":"https:\/\/sannale.ee\/trolley-attachments-designed-for-use-with-the-thule-sleek-stroller\/"},"modified":"2024-08-21T22:27:36","modified_gmt":"2024-08-21T19:27:36","slug":"trolley-attachments-designed-for-use-with-the-thule-sleek-stroller","status":"publish","type":"page","link":"https:\/\/sannale.ee\/en\/trolley-attachments-designed-for-use-with-the-thule-sleek-stroller\/","title":{"rendered":"Trolley attachments designed for use with the Thule Sleek stroller."},"content":{"rendered":"\n<p>If your child rides in a <strong>Thule Sleek <\/strong>, here&#8217;s our selection of products designed for use with this model.<\/p>\n\n<p><\/p>\n\n<div class=\"wp-block-media-text alignwide has-media-on-the-right is-stacked-on-mobile\"><figure class=\"wp-block-media-text__media\"><a href=\"https:\/\/sannale.ee\/sannale_jalakate_kasutamiseks_koos_thule_sleek_karuga\/\"><img decoding=\"async\" width=\"819\" height=\"1024\" data-src=\"https:\/\/sannale.ee\/wp-content\/uploads\/2022\/04\/Kaire-Anton-3.jpg\" alt=\"Sannale jalakate, loodud kasutamiseks koos Thule Sleek jalutusk\u00e4ruga\" class=\"wp-image-9695 size-full lazyload\" data-srcset=\"https:\/\/sannale.ee\/wp-content\/uploads\/2022\/04\/Kaire-Anton-3.jpg 819w, https:\/\/sannale.ee\/wp-content\/uploads\/2022\/04\/Kaire-Anton-3-600x750.jpg 600w, https:\/\/sannale.ee\/wp-content\/uploads\/2022\/04\/Kaire-Anton-3-240x300.jpg 240w, https:\/\/sannale.ee\/wp-content\/uploads\/2022\/04\/Kaire-Anton-3-768x960.jpg 768w\" data-sizes=\"(max-width: 819px) 100vw, 819px\" src=\"data:image\/svg+xml;base64,PHN2ZyB3aWR0aD0iMSIgaGVpZ2h0PSIxIiB4bWxucz0iaHR0cDovL3d3dy53My5vcmcvMjAwMC9zdmciPjwvc3ZnPg==\" style=\"--smush-placeholder-width: 819px; --smush-placeholder-aspect-ratio: 819\/1024;\" \/><\/a><\/figure><div class=\"wp-block-media-text__content\">\n<p class=\"has-normal-font-size\"><a href=\"https:\/\/sannale.ee\/en\/?page_id=43963\">Sannale foot cover,<\/a> designed for use with Thule Sleek trolley<\/p>\n<\/div><\/div>\n\n<div class=\"wp-block-media-text alignwide is-stacked-on-mobile\"><figure class=\"wp-block-media-text__media\"><img decoding=\"async\" width=\"1024\" height=\"1024\" data-src=\"https:\/\/sannale.ee\/wp-content\/uploads\/2022\/04\/IMGP8349-Edit-1024x1024.jpg\" alt=\"Sanna harness extension, designed for use with Thule Sleek stroller\" class=\"wp-image-9696 size-full lazyload\" data-srcset=\"https:\/\/sannale.ee\/wp-content\/uploads\/2022\/04\/IMGP8349-Edit.jpg 1024w, https:\/\/sannale.ee\/wp-content\/uploads\/2022\/04\/IMGP8349-Edit-300x300.jpg 300w, https:\/\/sannale.ee\/wp-content\/uploads\/2022\/04\/IMGP8349-Edit-100x100.jpg 100w, https:\/\/sannale.ee\/wp-content\/uploads\/2022\/04\/IMGP8349-Edit-600x600.jpg 600w, https:\/\/sannale.ee\/wp-content\/uploads\/2022\/04\/IMGP8349-Edit-150x150.jpg 150w, https:\/\/sannale.ee\/wp-content\/uploads\/2022\/04\/IMGP8349-Edit-768x768.jpg 768w\" data-sizes=\"(max-width: 1024px) 100vw, 1024px\" src=\"data:image\/svg+xml;base64,PHN2ZyB3aWR0aD0iMSIgaGVpZ2h0PSIxIiB4bWxucz0iaHR0cDovL3d3dy53My5vcmcvMjAwMC9zdmciPjwvc3ZnPg==\" style=\"--smush-placeholder-width: 1024px; --smush-placeholder-aspect-ratio: 1024\/1024;\" \/><\/figure><div class=\"wp-block-media-text__content\">\n<p class=\"has-normal-font-size\"><a href=\"https:\/\/sannale.ee\/sannale_kaarvarju-pikendus_kasutamiseks_koos_thule_sleek_karuga\/\">Sanna arm extension<\/a>, designed for use with Thule Sleek trolley<\/p>\n<\/div><\/div>\n\n<p><\/p>\n\n<hr class=\"wp-block-separator\"\/>\n\n<p>This footrest is designed for use <strong>with the Thule Sleek trolley<\/strong> and may not be compatible with other trolley models.\nIf you would like to use our trolley brackets on another trolley, see <a href=\"https:\/\/sannale.ee\/millistele-karudele-lisavarustust-teeme\/\"><span style=\"text-decoration: underline;\">to see which other trolleys we make accessories for.<\/span><\/a> <\/p>\n\n<p><span style=\"text-decoration: underline;\"><a href=\"\/?product_cat=univesaalne-karu-lisa\">See also our universal accessories<\/a><\/span>, which can also be used with the Thule Sleek trolley.  <\/p>\n","protected":false},"excerpt":{"rendered":"<p>If your child rides in a Thule Sleek , here&#8217;s our selection of products designed for use with this model. [&hellip;]<\/p>\n","protected":false},"author":1,"featured_media":0,"parent":0,"menu_order":0,"comment_status":"closed","ping_status":"closed","template":"","meta":{"_uag_custom_page_level_css":"","site-sidebar-layout":"default","site-content-layout":"","ast-site-content-layout":"default","site-content-style":"default","site-sidebar-style":"default","ast-global-header-display":"","ast-banner-title-visibility":"","ast-main-header-display":"","ast-hfb-above-header-display":"","ast-hfb-below-header-display":"","ast-hfb-mobile-header-display":"","site-post-title":"","ast-breadcrumbs-content":"","ast-featured-img":"","footer-sml-layout":"","ast-disable-related-posts":"","theme-transparent-header-meta":"","adv-header-id-meta":"","stick-header-meta":"","header-above-stick-meta":"","header-main-stick-meta":"","header-below-stick-meta":"","astra-migrate-meta-layouts":"default","ast-page-background-enabled":"default","ast-page-background-meta":{"desktop":{"background-color":"var(--ast-global-color-4)","background-image":"","background-repeat":"repeat","background-position":"center center","background-size":"auto","background-attachment":"scroll","background-type":"","background-media":"","overlay-type":"","overlay-color":"","overlay-opacity":"","overlay-gradient":""},"tablet":{"background-color":"","background-image":"","background-repeat":"repeat","background-position":"center center","background-size":"auto","background-attachment":"scroll","background-type":"","background-media":"","overlay-type":"","overlay-color":"","overlay-opacity":"","overlay-gradient":""},"mobile":{"background-color":"","background-image":"","background-repeat":"repeat","background-position":"center center","background-size":"auto","background-attachment":"scroll","background-type":"","background-media":"","overlay-type":"","overlay-color":"","overlay-opacity":"","overlay-gradient":""}},"ast-content-background-meta":{"desktop":{"background-color":"var(--ast-global-color-5)","background-image":"","background-repeat":"repeat","background-position":"center center","background-size":"auto","background-attachment":"scroll","background-type":"","background-media":"","overlay-type":"","overlay-color":"","overlay-opacity":"","overlay-gradient":""},"tablet":{"background-color":"var(--ast-global-color-5)","background-image":"","background-repeat":"repeat","background-position":"center center","background-size":"auto","background-attachment":"scroll","background-type":"","background-media":"","overlay-type":"","overlay-color":"","overlay-opacity":"","overlay-gradient":""},"mobile":{"background-color":"var(--ast-global-color-5)","background-image":"","background-repeat":"repeat","background-position":"center center","background-size":"auto","background-attachment":"scroll","background-type":"","background-media":"","overlay-type":"","overlay-color":"","overlay-opacity":"","overlay-gradient":""}},"footnotes":""},"class_list":["post-43971","page","type-page","status-publish","hentry"],"yoast_head":"<!-- This site is optimized with the Yoast SEO plugin v27.4 - https:\/\/yoast.com\/product\/yoast-seo-wordpress\/ -->\n<title>Trolley attachments designed for use with the Thule Sleek stroller. - Sannale<\/title>\n<meta name=\"description\" content=\"A trolley accessory designed for use with the Thule Sleek trolley. Handmade to order.\" \/>\n<meta name=\"robots\" content=\"index, follow, max-snippet:-1, max-image-preview:large, max-video-preview:-1\" \/>\n<link rel=\"canonical\" href=\"https:\/\/sannale.ee\/en\/?page_id=43971\" \/>\n<meta property=\"og:locale\" content=\"en_US\" \/>\n<meta property=\"og:type\" content=\"article\" \/>\n<meta property=\"og:title\" content=\"Trolley attachments designed for use with the Thule Sleek stroller. - Sannale\" \/>\n<meta property=\"og:description\" content=\"A trolley accessory designed for use with the Thule Sleek trolley. Handmade to order.\" \/>\n<meta property=\"og:url\" content=\"https:\/\/sannale.ee\/en\/?page_id=43971\" \/>\n<meta property=\"og:site_name\" content=\"Sannale\" \/>\n<meta property=\"article:publisher\" content=\"https:\/\/www.facebook.com\/MinuSannale\" \/>\n<meta property=\"article:modified_time\" content=\"2024-08-21T19:27:36+00:00\" \/>\n<meta property=\"og:image\" content=\"https:\/\/sannale.ee\/wp-content\/uploads\/2022\/04\/Kaire-Anton-3.jpg\" \/>\n<meta name=\"twitter:card\" content=\"summary_large_image\" \/>\n<script type=\"application\/ld+json\" class=\"yoast-schema-graph\">{\"@context\":\"https:\\\/\\\/schema.org\",\"@graph\":[{\"@type\":\"WebPage\",\"@id\":\"https:\\\/\\\/sannale.ee\\\/en\\\/?page_id=43971\",\"url\":\"https:\\\/\\\/sannale.ee\\\/en\\\/?page_id=43971\",\"name\":\"Trolley attachments designed for use with the Thule Sleek stroller. - Sannale\",\"isPartOf\":{\"@id\":\"https:\\\/\\\/sannale.ee\\\/#website\"},\"primaryImageOfPage\":{\"@id\":\"https:\\\/\\\/sannale.ee\\\/en\\\/?page_id=43971#primaryimage\"},\"image\":{\"@id\":\"https:\\\/\\\/sannale.ee\\\/en\\\/?page_id=43971#primaryimage\"},\"thumbnailUrl\":\"https:\\\/\\\/sannale.ee\\\/wp-content\\\/uploads\\\/2022\\\/04\\\/Kaire-Anton-3.jpg\",\"datePublished\":\"2022-04-05T12:48:24+00:00\",\"dateModified\":\"2024-08-21T19:27:36+00:00\",\"description\":\"A trolley accessory designed for use with the Thule Sleek trolley. Handmade to order.\",\"breadcrumb\":{\"@id\":\"https:\\\/\\\/sannale.ee\\\/en\\\/?page_id=43971#breadcrumb\"},\"inLanguage\":\"en-US\",\"potentialAction\":[{\"@type\":\"ReadAction\",\"target\":[\"https:\\\/\\\/sannale.ee\\\/en\\\/?page_id=43971\"]}]},{\"@type\":\"ImageObject\",\"inLanguage\":\"en-US\",\"@id\":\"https:\\\/\\\/sannale.ee\\\/en\\\/?page_id=43971#primaryimage\",\"url\":\"https:\\\/\\\/sannale.ee\\\/wp-content\\\/uploads\\\/2022\\\/04\\\/Kaire-Anton-3.jpg\",\"contentUrl\":\"https:\\\/\\\/sannale.ee\\\/wp-content\\\/uploads\\\/2022\\\/04\\\/Kaire-Anton-3.jpg\"},{\"@type\":\"BreadcrumbList\",\"@id\":\"https:\\\/\\\/sannale.ee\\\/en\\\/?page_id=43971#breadcrumb\",\"itemListElement\":[{\"@type\":\"ListItem\",\"position\":1,\"name\":\"Home\",\"item\":\"https:\\\/\\\/sannale.ee\\\/en\\\/\"},{\"@type\":\"ListItem\",\"position\":2,\"name\":\"Trolley attachments designed for use with the Thule Sleek stroller.\"}]},{\"@type\":\"WebSite\",\"@id\":\"https:\\\/\\\/sannale.ee\\\/#website\",\"url\":\"https:\\\/\\\/sannale.ee\\\/\",\"name\":\"Sannale\",\"description\":\"K\u00e4sit\u00f6\u00f6na valminud k\u00e4rulisad ja lastetarbed\",\"publisher\":{\"@id\":\"https:\\\/\\\/sannale.ee\\\/#organization\"},\"potentialAction\":[{\"@type\":\"SearchAction\",\"target\":{\"@type\":\"EntryPoint\",\"urlTemplate\":\"https:\\\/\\\/sannale.ee\\\/?s={search_term_string}\"},\"query-input\":{\"@type\":\"PropertyValueSpecification\",\"valueRequired\":true,\"valueName\":\"search_term_string\"}}],\"inLanguage\":\"en-US\"},{\"@type\":\"Organization\",\"@id\":\"https:\\\/\\\/sannale.ee\\\/#organization\",\"name\":\"Sannale\",\"url\":\"https:\\\/\\\/sannale.ee\\\/\",\"logo\":{\"@type\":\"ImageObject\",\"inLanguage\":\"en-US\",\"@id\":\"https:\\\/\\\/sannale.ee\\\/#\\\/schema\\\/logo\\\/image\\\/\",\"url\":\"https:\\\/\\\/sannale.ee\\\/wp-content\\\/uploads\\\/2024\\\/02\\\/cropped-sannale-fb-logo-sydamega-5-tumedam-3-scaled.png\",\"contentUrl\":\"https:\\\/\\\/sannale.ee\\\/wp-content\\\/uploads\\\/2024\\\/02\\\/cropped-sannale-fb-logo-sydamega-5-tumedam-3-scaled.png\",\"width\":5100,\"height\":1758,\"caption\":\"Sannale\"},\"image\":{\"@id\":\"https:\\\/\\\/sannale.ee\\\/#\\\/schema\\\/logo\\\/image\\\/\"},\"sameAs\":[\"https:\\\/\\\/www.facebook.com\\\/MinuSannale\"]}]}<\/script>\n<!-- \/ Yoast SEO plugin. -->","yoast_head_json":{"title":"Trolley attachments designed for use with the Thule Sleek stroller. - Sannale","description":"A trolley accessory designed for use with the Thule Sleek trolley. Handmade to order.","robots":{"index":"index","follow":"follow","max-snippet":"max-snippet:-1","max-image-preview":"max-image-preview:large","max-video-preview":"max-video-preview:-1"},"canonical":"https:\/\/sannale.ee\/en\/?page_id=43971","og_locale":"en_US","og_type":"article","og_title":"Trolley attachments designed for use with the Thule Sleek stroller. - Sannale","og_description":"A trolley accessory designed for use with the Thule Sleek trolley. Handmade to order.","og_url":"https:\/\/sannale.ee\/en\/?page_id=43971","og_site_name":"Sannale","article_publisher":"https:\/\/www.facebook.com\/MinuSannale","article_modified_time":"2024-08-21T19:27:36+00:00","og_image":[{"url":"https:\/\/sannale.ee\/wp-content\/uploads\/2022\/04\/Kaire-Anton-3.jpg","type":"","width":"","height":""}],"twitter_card":"summary_large_image","schema":{"@context":"https:\/\/schema.org","@graph":[{"@type":"WebPage","@id":"https:\/\/sannale.ee\/en\/?page_id=43971","url":"https:\/\/sannale.ee\/en\/?page_id=43971","name":"Trolley attachments designed for use with the Thule Sleek stroller. - Sannale","isPartOf":{"@id":"https:\/\/sannale.ee\/#website"},"primaryImageOfPage":{"@id":"https:\/\/sannale.ee\/en\/?page_id=43971#primaryimage"},"image":{"@id":"https:\/\/sannale.ee\/en\/?page_id=43971#primaryimage"},"thumbnailUrl":"https:\/\/sannale.ee\/wp-content\/uploads\/2022\/04\/Kaire-Anton-3.jpg","datePublished":"2022-04-05T12:48:24+00:00","dateModified":"2024-08-21T19:27:36+00:00","description":"A trolley accessory designed for use with the Thule Sleek trolley. Handmade to order.","breadcrumb":{"@id":"https:\/\/sannale.ee\/en\/?page_id=43971#breadcrumb"},"inLanguage":"en-US","potentialAction":[{"@type":"ReadAction","target":["https:\/\/sannale.ee\/en\/?page_id=43971"]}]},{"@type":"ImageObject","inLanguage":"en-US","@id":"https:\/\/sannale.ee\/en\/?page_id=43971#primaryimage","url":"https:\/\/sannale.ee\/wp-content\/uploads\/2022\/04\/Kaire-Anton-3.jpg","contentUrl":"https:\/\/sannale.ee\/wp-content\/uploads\/2022\/04\/Kaire-Anton-3.jpg"},{"@type":"BreadcrumbList","@id":"https:\/\/sannale.ee\/en\/?page_id=43971#breadcrumb","itemListElement":[{"@type":"ListItem","position":1,"name":"Home","item":"https:\/\/sannale.ee\/en\/"},{"@type":"ListItem","position":2,"name":"Trolley attachments designed for use with the Thule Sleek stroller."}]},{"@type":"WebSite","@id":"https:\/\/sannale.ee\/#website","url":"https:\/\/sannale.ee\/","name":"Sannale","description":"K\u00e4sit\u00f6\u00f6na valminud k\u00e4rulisad ja lastetarbed","publisher":{"@id":"https:\/\/sannale.ee\/#organization"},"potentialAction":[{"@type":"SearchAction","target":{"@type":"EntryPoint","urlTemplate":"https:\/\/sannale.ee\/?s={search_term_string}"},"query-input":{"@type":"PropertyValueSpecification","valueRequired":true,"valueName":"search_term_string"}}],"inLanguage":"en-US"},{"@type":"Organization","@id":"https:\/\/sannale.ee\/#organization","name":"Sannale","url":"https:\/\/sannale.ee\/","logo":{"@type":"ImageObject","inLanguage":"en-US","@id":"https:\/\/sannale.ee\/#\/schema\/logo\/image\/","url":"https:\/\/sannale.ee\/wp-content\/uploads\/2024\/02\/cropped-sannale-fb-logo-sydamega-5-tumedam-3-scaled.png","contentUrl":"https:\/\/sannale.ee\/wp-content\/uploads\/2024\/02\/cropped-sannale-fb-logo-sydamega-5-tumedam-3-scaled.png","width":5100,"height":1758,"caption":"Sannale"},"image":{"@id":"https:\/\/sannale.ee\/#\/schema\/logo\/image\/"},"sameAs":["https:\/\/www.facebook.com\/MinuSannale"]}]}},"uagb_featured_image_src":{"full":false,"thumbnail":false,"medium":false,"medium_large":false,"large":false,"1536x1536":false,"2048x2048":false,"woocommerce_thumbnail":false,"woocommerce_single":false,"woocommerce_gallery_thumbnail":false,"variation_swatches_image_size":false,"variation_swatches_tooltip_size":false},"uagb_author_info":{"display_name":"meelip","author_link":"https:\/\/sannale.ee\/en\/author\/meelip\/"},"uagb_comment_info":0,"uagb_excerpt":"If your child rides in a Thule Sleek , here&#8217;s our selection of products designed for use with this model. [&hellip;]","jetpack_sharing_enabled":true,"_links":{"self":[{"href":"https:\/\/sannale.ee\/en\/wp-json\/wp\/v2\/pages\/43971","targetHints":{"allow":["GET"]}}],"collection":[{"href":"https:\/\/sannale.ee\/en\/wp-json\/wp\/v2\/pages"}],"about":[{"href":"https:\/\/sannale.ee\/en\/wp-json\/wp\/v2\/types\/page"}],"author":[{"embeddable":true,"href":"https:\/\/sannale.ee\/en\/wp-json\/wp\/v2\/users\/1"}],"replies":[{"embeddable":true,"href":"https:\/\/sannale.ee\/en\/wp-json\/wp\/v2\/comments?post=43971"}],"version-history":[{"count":2,"href":"https:\/\/sannale.ee\/en\/wp-json\/wp\/v2\/pages\/43971\/revisions"}],"predecessor-version":[{"id":43974,"href":"https:\/\/sannale.ee\/en\/wp-json\/wp\/v2\/pages\/43971\/revisions\/43974"}],"wp:attachment":[{"href":"https:\/\/sannale.ee\/en\/wp-json\/wp\/v2\/media?parent=43971"}],"curies":[{"name":"wp","href":"https:\/\/api.w.org\/{rel}","templated":true}]}}