{"id":43963,"date":"2022-04-05T15:55:02","date_gmt":"2022-04-05T12:55:02","guid":{"rendered":"https:\/\/sannale.ee\/sannale-foot-cover-designed-for-use-with-the-thule-sleek-trolley\/"},"modified":"2024-08-21T22:27:36","modified_gmt":"2024-08-21T19:27:36","slug":"sannale-foot-cover-designed-for-use-with-the-thule-sleek-trolley","status":"publish","type":"page","link":"https:\/\/sannale.ee\/en\/sannale-foot-cover-designed-for-use-with-the-thule-sleek-trolley\/","title":{"rendered":"Sannale foot cover, designed for use with the Thule Sleek trolley"},"content":{"rendered":"\n<ul class=\"wp-block-list\"><li>softshell fabric footwear is <strong>windproof and water-repellent<\/strong><\/li><li>quick and <strong>easy to install &#8211; <\/strong>attaches around the trolley frame with click fasteners<\/li><li><strong>reflectors<\/strong> on the footrest make the trolley clearly visible in the dark<\/li><li>designed for use with <strong>Thule Sleek<\/strong> trolley<\/li><li><strong>a unique design<\/strong>, a cut created for Sanna, which can only be ordered from us and handcrafted <strong>just for you.<\/strong><\/li><\/ul>\n\n<p> <a href=\"https:\/\/sannale.ee\/en\/toode\/foot-cover\/\"><span style=\"text-decoration: underline;\">Order Sanna&#8217;s footwear from our e-shop!<\/span><\/a> <\/p>\n\n<div class=\"wp-block-jetpack-tiled-gallery aligncenter is-style-rectangular\"><div class=\"tiled-gallery__gallery\"><div class=\"tiled-gallery__row\"><div class=\"tiled-gallery__col\" style=\"flex-basis:70.70741%\"><figure class=\"tiled-gallery__item\"><img decoding=\"async\" data-srcset=\"https:\/\/i2.wp.com\/sannale.ee\/wp-content\/uploads\/2022\/04\/Kaire-Anton-3-1.jpg?strip=info&#038;w=600&#038;ssl=1 600w,https:\/\/i2.wp.com\/sannale.ee\/wp-content\/uploads\/2022\/04\/Kaire-Anton-3-1.jpg?strip=info&#038;w=819&#038;ssl=1 819w\" alt=\"Sannale foot cover, designed for use with the Thule Sleek trolley\" data-height=\"1024\" data-id=\"9703\" data-link=\"https:\/\/sannale.ee\/?attachment_id=9703\" data-url=\"https:\/\/sannale.ee\/wp-content\/uploads\/2022\/04\/Kaire-Anton-3-1.jpg\" data-width=\"819\" data-src=\"https:\/\/i2.wp.com\/sannale.ee\/wp-content\/uploads\/2022\/04\/Kaire-Anton-3-1.jpg?ssl=1\" data-amp-layout=\"responsive\" src=\"data:image\/svg+xml;base64,PHN2ZyB3aWR0aD0iMSIgaGVpZ2h0PSIxIiB4bWxucz0iaHR0cDovL3d3dy53My5vcmcvMjAwMC9zdmciPjwvc3ZnPg==\" class=\"lazyload\"><\/figure><\/div><div class=\"tiled-gallery__col\" style=\"flex-basis:29.29259%\"><figure class=\"tiled-gallery__item\"><img decoding=\"async\" data-srcset=\"https:\/\/i2.wp.com\/sannale.ee\/wp-content\/uploads\/2022\/04\/Kaire-Anton-2-2-1024x1024.jpg?strip=info&#038;w=600&#038;ssl=1 600w,https:\/\/i2.wp.com\/sannale.ee\/wp-content\/uploads\/2022\/04\/Kaire-Anton-2-2-1024x1024.jpg?strip=info&#038;w=900&#038;ssl=1 900w,https:\/\/i2.wp.com\/sannale.ee\/wp-content\/uploads\/2022\/04\/Kaire-Anton-2-2-1024x1024.jpg?strip=info&#038;w=1024&#038;ssl=1 1024w\" alt=\"Sannale foot cover, designed for use with the Thule Sleek trolley\" data-height=\"1024\" data-id=\"9702\" data-link=\"https:\/\/sannale.ee\/?attachment_id=9702\" data-url=\"https:\/\/sannale.ee\/wp-content\/uploads\/2022\/04\/Kaire-Anton-2-2-1024x1024.jpg\" data-width=\"1024\" data-src=\"https:\/\/i2.wp.com\/sannale.ee\/wp-content\/uploads\/2022\/04\/Kaire-Anton-2-2-1024x1024.jpg?ssl=1\" data-amp-layout=\"responsive\" src=\"data:image\/svg+xml;base64,PHN2ZyB3aWR0aD0iMSIgaGVpZ2h0PSIxIiB4bWxucz0iaHR0cDovL3d3dy53My5vcmcvMjAwMC9zdmciPjwvc3ZnPg==\" class=\"lazyload\" style=\"--smush-placeholder-width: 1024px; --smush-placeholder-aspect-ratio: 1024\/1024;\"><\/figure><figure class=\"tiled-gallery__item\"><img decoding=\"async\" data-srcset=\"https:\/\/i2.wp.com\/sannale.ee\/wp-content\/uploads\/2022\/04\/Kaire-Anton-1-2-1024x1024.jpg?strip=info&#038;w=600&#038;ssl=1 600w,https:\/\/i2.wp.com\/sannale.ee\/wp-content\/uploads\/2022\/04\/Kaire-Anton-1-2-1024x1024.jpg?strip=info&#038;w=900&#038;ssl=1 900w,https:\/\/i2.wp.com\/sannale.ee\/wp-content\/uploads\/2022\/04\/Kaire-Anton-1-2-1024x1024.jpg?strip=info&#038;w=1024&#038;ssl=1 1024w\" alt=\"Sannale foot cover, designed for use with the Thule Sleek trolley\" data-height=\"1024\" data-id=\"9701\" data-link=\"https:\/\/sannale.ee\/?attachment_id=9701\" data-url=\"https:\/\/sannale.ee\/wp-content\/uploads\/2022\/04\/Kaire-Anton-1-2-1024x1024.jpg\" data-width=\"1024\" data-src=\"https:\/\/i2.wp.com\/sannale.ee\/wp-content\/uploads\/2022\/04\/Kaire-Anton-1-2-1024x1024.jpg?ssl=1\" data-amp-layout=\"responsive\" src=\"data:image\/svg+xml;base64,PHN2ZyB3aWR0aD0iMSIgaGVpZ2h0PSIxIiB4bWxucz0iaHR0cDovL3d3dy53My5vcmcvMjAwMC9zdmciPjwvc3ZnPg==\" class=\"lazyload\" style=\"--smush-placeholder-width: 1024px; --smush-placeholder-aspect-ratio: 1024\/1024;\"><\/figure><figure class=\"tiled-gallery__item\"><img decoding=\"async\" data-srcset=\"https:\/\/i0.wp.com\/sannale.ee\/wp-content\/uploads\/2022\/04\/IMGP8333-Edit-1024x1024.jpg?strip=info&#038;w=600&#038;ssl=1 600w,https:\/\/i0.wp.com\/sannale.ee\/wp-content\/uploads\/2022\/04\/IMGP8333-Edit-1024x1024.jpg?strip=info&#038;w=900&#038;ssl=1 900w,https:\/\/i0.wp.com\/sannale.ee\/wp-content\/uploads\/2022\/04\/IMGP8333-Edit-1024x1024.jpg?strip=info&#038;w=1024&#038;ssl=1 1024w\" alt=\"Sannale foot cover, designed for use with the Thule Sleek trolley\" data-height=\"1024\" data-id=\"9704\" data-link=\"https:\/\/sannale.ee\/?attachment_id=9704\" data-url=\"https:\/\/sannale.ee\/wp-content\/uploads\/2022\/04\/IMGP8333-Edit-1024x1024.jpg\" data-width=\"1024\" data-src=\"https:\/\/i0.wp.com\/sannale.ee\/wp-content\/uploads\/2022\/04\/IMGP8333-Edit-1024x1024.jpg?ssl=1\" data-amp-layout=\"responsive\" src=\"data:image\/svg+xml;base64,PHN2ZyB3aWR0aD0iMSIgaGVpZ2h0PSIxIiB4bWxucz0iaHR0cDovL3d3dy53My5vcmcvMjAwMC9zdmciPjwvc3ZnPg==\" class=\"lazyload\" style=\"--smush-placeholder-width: 1024px; --smush-placeholder-aspect-ratio: 1024\/1024;\"><\/figure><\/div><\/div><div class=\"tiled-gallery__row\"><div class=\"tiled-gallery__col\" style=\"flex-basis:50.00000%\"><figure class=\"tiled-gallery__item\"><img decoding=\"async\" data-srcset=\"https:\/\/i1.wp.com\/sannale.ee\/wp-content\/uploads\/2022\/04\/IMGP8336-Edit-1024x1024.jpg?strip=info&#038;w=600&#038;ssl=1 600w,https:\/\/i1.wp.com\/sannale.ee\/wp-content\/uploads\/2022\/04\/IMGP8336-Edit-1024x1024.jpg?strip=info&#038;w=900&#038;ssl=1 900w,https:\/\/i1.wp.com\/sannale.ee\/wp-content\/uploads\/2022\/04\/IMGP8336-Edit-1024x1024.jpg?strip=info&#038;w=1024&#038;ssl=1 1024w\" alt=\"Sannale foot cover, designed for use with the Thule Sleek trolley\" data-height=\"1024\" data-id=\"9705\" data-link=\"https:\/\/sannale.ee\/?attachment_id=9705\" data-url=\"https:\/\/sannale.ee\/wp-content\/uploads\/2022\/04\/IMGP8336-Edit-1024x1024.jpg\" data-width=\"1024\" data-src=\"https:\/\/i1.wp.com\/sannale.ee\/wp-content\/uploads\/2022\/04\/IMGP8336-Edit-1024x1024.jpg?ssl=1\" data-amp-layout=\"responsive\" src=\"data:image\/svg+xml;base64,PHN2ZyB3aWR0aD0iMSIgaGVpZ2h0PSIxIiB4bWxucz0iaHR0cDovL3d3dy53My5vcmcvMjAwMC9zdmciPjwvc3ZnPg==\" class=\"lazyload\" style=\"--smush-placeholder-width: 1024px; --smush-placeholder-aspect-ratio: 1024\/1024;\"><\/figure><\/div><div class=\"tiled-gallery__col\" style=\"flex-basis:50.00000%\"><figure class=\"tiled-gallery__item\"><img decoding=\"async\" data-srcset=\"https:\/\/i1.wp.com\/sannale.ee\/wp-content\/uploads\/2022\/04\/IMGP8339-Edit-1024x1024.jpg?strip=info&#038;w=600&#038;ssl=1 600w,https:\/\/i1.wp.com\/sannale.ee\/wp-content\/uploads\/2022\/04\/IMGP8339-Edit-1024x1024.jpg?strip=info&#038;w=900&#038;ssl=1 900w,https:\/\/i1.wp.com\/sannale.ee\/wp-content\/uploads\/2022\/04\/IMGP8339-Edit-1024x1024.jpg?strip=info&#038;w=1024&#038;ssl=1 1024w\" alt=\"Sannale foot cover, designed for use with the Thule Sleek trolley\" data-height=\"1024\" data-id=\"9706\" data-link=\"https:\/\/sannale.ee\/?attachment_id=9706\" data-url=\"https:\/\/sannale.ee\/wp-content\/uploads\/2022\/04\/IMGP8339-Edit-1024x1024.jpg\" data-width=\"1024\" data-src=\"https:\/\/i1.wp.com\/sannale.ee\/wp-content\/uploads\/2022\/04\/IMGP8339-Edit-1024x1024.jpg?ssl=1\" data-amp-layout=\"responsive\" src=\"data:image\/svg+xml;base64,PHN2ZyB3aWR0aD0iMSIgaGVpZ2h0PSIxIiB4bWxucz0iaHR0cDovL3d3dy53My5vcmcvMjAwMC9zdmciPjwvc3ZnPg==\" class=\"lazyload\" style=\"--smush-placeholder-width: 1024px; --smush-placeholder-aspect-ratio: 1024\/1024;\"><\/figure><\/div><\/div><\/div><\/div>\n\n<hr class=\"wp-block-separator\"\/>\n\n<h3 class=\"has-normal-font-size wp-block-heading\">You can choose the colour of the floor covering.\nA subtle black, black with a coloured border or something more colourful?   <a href=\"https:\/\/sannale.ee\/karu-jalakate-hoiab-sinu-lapse-soojas\/\"><span style=\"text-decoration: underline;\">See the selection of fabrics and galleries of work.  <\/span><\/a><\/h3>\n\n<hr class=\"wp-block-separator\"\/>\n\n<h2 class=\"has-text-align-center wp-block-heading\"><\/h2>\n\n<hr class=\"wp-block-separator\"\/>\n\n<p><strong>See also <span style=\"text-decoration: underline;\"><a href=\"https:\/\/sannale.ee\/sannale-disainitud-karu-lisavarustus-kasutamiseks-kasutamiseks-koos-thule-sleek-karuga\/\">other products<\/a><\/span><a href=\"https:\/\/sannale.ee\/?page_id=7189\">that<\/a> we have created for use with the Thule Sleek trolley<a href=\"https:\/\/sannale.ee\/?page_id=7189\">.<\/a>  <\/strong><\/p>\n","protected":false},"excerpt":{"rendered":"<p>softshell fabric footwear is windproof and water-repellent quick and easy to install &#8211; attaches around the trolley frame with click [&hellip;]<\/p>\n","protected":false},"author":1,"featured_media":0,"parent":0,"menu_order":0,"comment_status":"closed","ping_status":"closed","template":"","meta":{"_uag_custom_page_level_css":"","site-sidebar-layout":"default","site-content-layout":"","ast-site-content-layout":"default","site-content-style":"default","site-sidebar-style":"default","ast-global-header-display":"","ast-banner-title-visibility":"","ast-main-header-display":"","ast-hfb-above-header-display":"","ast-hfb-below-header-display":"","ast-hfb-mobile-header-display":"","site-post-title":"","ast-breadcrumbs-content":"","ast-featured-img":"","footer-sml-layout":"","ast-disable-related-posts":"","theme-transparent-header-meta":"","adv-header-id-meta":"","stick-header-meta":"","header-above-stick-meta":"","header-main-stick-meta":"","header-below-stick-meta":"","astra-migrate-meta-layouts":"default","ast-page-background-enabled":"default","ast-page-background-meta":{"desktop":{"background-color":"var(--ast-global-color-4)","background-image":"","background-repeat":"repeat","background-position":"center center","background-size":"auto","background-attachment":"scroll","background-type":"","background-media":"","overlay-type":"","overlay-color":"","overlay-opacity":"","overlay-gradient":""},"tablet":{"background-color":"","background-image":"","background-repeat":"repeat","background-position":"center center","background-size":"auto","background-attachment":"scroll","background-type":"","background-media":"","overlay-type":"","overlay-color":"","overlay-opacity":"","overlay-gradient":""},"mobile":{"background-color":"","background-image":"","background-repeat":"repeat","background-position":"center center","background-size":"auto","background-attachment":"scroll","background-type":"","background-media":"","overlay-type":"","overlay-color":"","overlay-opacity":"","overlay-gradient":""}},"ast-content-background-meta":{"desktop":{"background-color":"var(--ast-global-color-5)","background-image":"","background-repeat":"repeat","background-position":"center center","background-size":"auto","background-attachment":"scroll","background-type":"","background-media":"","overlay-type":"","overlay-color":"","overlay-opacity":"","overlay-gradient":""},"tablet":{"background-color":"var(--ast-global-color-5)","background-image":"","background-repeat":"repeat","background-position":"center center","background-size":"auto","background-attachment":"scroll","background-type":"","background-media":"","overlay-type":"","overlay-color":"","overlay-opacity":"","overlay-gradient":""},"mobile":{"background-color":"var(--ast-global-color-5)","background-image":"","background-repeat":"repeat","background-position":"center center","background-size":"auto","background-attachment":"scroll","background-type":"","background-media":"","overlay-type":"","overlay-color":"","overlay-opacity":"","overlay-gradient":""}},"footnotes":""},"class_list":["post-43963","page","type-page","status-publish","hentry"],"yoast_head":"<!-- This site is optimized with the Yoast SEO plugin v27.5 - https:\/\/yoast.com\/product\/yoast-seo-wordpress\/ -->\n<title>Sannale foot cover, designed for use with the Thule Sleek trolley - Sannale<\/title>\n<meta name=\"description\" content=\"A foot cover designed for use with the Thule Sleek trolley. We can make it to order in the colour of your choice.\" \/>\n<meta name=\"robots\" content=\"index, follow, max-snippet:-1, max-image-preview:large, max-video-preview:-1\" \/>\n<link rel=\"canonical\" href=\"https:\/\/sannale.ee\/en\/?page_id=43963\" \/>\n<meta property=\"og:locale\" content=\"en_US\" \/>\n<meta property=\"og:type\" content=\"article\" \/>\n<meta property=\"og:title\" content=\"Sannale foot cover, designed for use with the Thule Sleek trolley - Sannale\" \/>\n<meta property=\"og:description\" content=\"A foot cover designed for use with the Thule Sleek trolley. We can make it to order in the colour of your choice.\" \/>\n<meta property=\"og:url\" content=\"https:\/\/sannale.ee\/en\/?page_id=43963\" \/>\n<meta property=\"og:site_name\" content=\"Sannale\" \/>\n<meta property=\"article:publisher\" content=\"https:\/\/www.facebook.com\/MinuSannale\" \/>\n<meta property=\"article:modified_time\" content=\"2024-08-21T19:27:36+00:00\" \/>\n<meta property=\"og:image\" content=\"https:\/\/i2.wp.com\/sannale.ee\/wp-content\/uploads\/2022\/04\/Kaire-Anton-3-1.jpg?ssl=1\" \/>\n<meta name=\"twitter:card\" content=\"summary_large_image\" \/>\n<meta name=\"twitter:label1\" content=\"Est. reading time\" \/>\n\t<meta name=\"twitter:data1\" content=\"1 minute\" \/>\n<script type=\"application\/ld+json\" class=\"yoast-schema-graph\">{\"@context\":\"https:\\\/\\\/schema.org\",\"@graph\":[{\"@type\":\"WebPage\",\"@id\":\"https:\\\/\\\/sannale.ee\\\/en\\\/?page_id=43963\",\"url\":\"https:\\\/\\\/sannale.ee\\\/en\\\/?page_id=43963\",\"name\":\"Sannale foot cover, designed for use with the Thule Sleek trolley - Sannale\",\"isPartOf\":{\"@id\":\"https:\\\/\\\/sannale.ee\\\/#website\"},\"primaryImageOfPage\":{\"@id\":\"https:\\\/\\\/sannale.ee\\\/en\\\/?page_id=43963#primaryimage\"},\"image\":{\"@id\":\"https:\\\/\\\/sannale.ee\\\/en\\\/?page_id=43963#primaryimage\"},\"thumbnailUrl\":\"https:\\\/\\\/i2.wp.com\\\/sannale.ee\\\/wp-content\\\/uploads\\\/2022\\\/04\\\/Kaire-Anton-3-1.jpg?ssl=1\",\"datePublished\":\"2022-04-05T12:55:02+00:00\",\"dateModified\":\"2024-08-21T19:27:36+00:00\",\"description\":\"A foot cover designed for use with the Thule Sleek trolley. We can make it to order in the colour of your choice.\",\"breadcrumb\":{\"@id\":\"https:\\\/\\\/sannale.ee\\\/en\\\/?page_id=43963#breadcrumb\"},\"inLanguage\":\"en-US\",\"potentialAction\":[{\"@type\":\"ReadAction\",\"target\":[\"https:\\\/\\\/sannale.ee\\\/en\\\/?page_id=43963\"]}]},{\"@type\":\"ImageObject\",\"inLanguage\":\"en-US\",\"@id\":\"https:\\\/\\\/sannale.ee\\\/en\\\/?page_id=43963#primaryimage\",\"url\":\"https:\\\/\\\/i2.wp.com\\\/sannale.ee\\\/wp-content\\\/uploads\\\/2022\\\/04\\\/Kaire-Anton-3-1.jpg?ssl=1\",\"contentUrl\":\"https:\\\/\\\/i2.wp.com\\\/sannale.ee\\\/wp-content\\\/uploads\\\/2022\\\/04\\\/Kaire-Anton-3-1.jpg?ssl=1\"},{\"@type\":\"BreadcrumbList\",\"@id\":\"https:\\\/\\\/sannale.ee\\\/en\\\/?page_id=43963#breadcrumb\",\"itemListElement\":[{\"@type\":\"ListItem\",\"position\":1,\"name\":\"Home\",\"item\":\"https:\\\/\\\/sannale.ee\\\/en\\\/\"},{\"@type\":\"ListItem\",\"position\":2,\"name\":\"Sannale foot cover, designed for use with the Thule Sleek trolley\"}]},{\"@type\":\"WebSite\",\"@id\":\"https:\\\/\\\/sannale.ee\\\/#website\",\"url\":\"https:\\\/\\\/sannale.ee\\\/\",\"name\":\"Sannale\",\"description\":\"K\u00e4sit\u00f6\u00f6na valminud k\u00e4rulisad ja lastetarbed\",\"publisher\":{\"@id\":\"https:\\\/\\\/sannale.ee\\\/#organization\"},\"potentialAction\":[{\"@type\":\"SearchAction\",\"target\":{\"@type\":\"EntryPoint\",\"urlTemplate\":\"https:\\\/\\\/sannale.ee\\\/?s={search_term_string}\"},\"query-input\":{\"@type\":\"PropertyValueSpecification\",\"valueRequired\":true,\"valueName\":\"search_term_string\"}}],\"inLanguage\":\"en-US\"},{\"@type\":\"Organization\",\"@id\":\"https:\\\/\\\/sannale.ee\\\/#organization\",\"name\":\"Sannale\",\"url\":\"https:\\\/\\\/sannale.ee\\\/\",\"logo\":{\"@type\":\"ImageObject\",\"inLanguage\":\"en-US\",\"@id\":\"https:\\\/\\\/sannale.ee\\\/#\\\/schema\\\/logo\\\/image\\\/\",\"url\":\"https:\\\/\\\/sannale.ee\\\/wp-content\\\/uploads\\\/2024\\\/02\\\/cropped-sannale-fb-logo-sydamega-5-tumedam-3-scaled.png\",\"contentUrl\":\"https:\\\/\\\/sannale.ee\\\/wp-content\\\/uploads\\\/2024\\\/02\\\/cropped-sannale-fb-logo-sydamega-5-tumedam-3-scaled.png\",\"width\":5100,\"height\":1758,\"caption\":\"Sannale\"},\"image\":{\"@id\":\"https:\\\/\\\/sannale.ee\\\/#\\\/schema\\\/logo\\\/image\\\/\"},\"sameAs\":[\"https:\\\/\\\/www.facebook.com\\\/MinuSannale\"]}]}<\/script>\n<!-- \/ Yoast SEO plugin. -->","yoast_head_json":{"title":"Sannale foot cover, designed for use with the Thule Sleek trolley - Sannale","description":"A foot cover designed for use with the Thule Sleek trolley. We can make it to order in the colour of your choice.","robots":{"index":"index","follow":"follow","max-snippet":"max-snippet:-1","max-image-preview":"max-image-preview:large","max-video-preview":"max-video-preview:-1"},"canonical":"https:\/\/sannale.ee\/en\/?page_id=43963","og_locale":"en_US","og_type":"article","og_title":"Sannale foot cover, designed for use with the Thule Sleek trolley - Sannale","og_description":"A foot cover designed for use with the Thule Sleek trolley. We can make it to order in the colour of your choice.","og_url":"https:\/\/sannale.ee\/en\/?page_id=43963","og_site_name":"Sannale","article_publisher":"https:\/\/www.facebook.com\/MinuSannale","article_modified_time":"2024-08-21T19:27:36+00:00","og_image":[{"url":"https:\/\/i2.wp.com\/sannale.ee\/wp-content\/uploads\/2022\/04\/Kaire-Anton-3-1.jpg?ssl=1","type":"","width":"","height":""}],"twitter_card":"summary_large_image","twitter_misc":{"Est. reading time":"1 minute"},"schema":{"@context":"https:\/\/schema.org","@graph":[{"@type":"WebPage","@id":"https:\/\/sannale.ee\/en\/?page_id=43963","url":"https:\/\/sannale.ee\/en\/?page_id=43963","name":"Sannale foot cover, designed for use with the Thule Sleek trolley - Sannale","isPartOf":{"@id":"https:\/\/sannale.ee\/#website"},"primaryImageOfPage":{"@id":"https:\/\/sannale.ee\/en\/?page_id=43963#primaryimage"},"image":{"@id":"https:\/\/sannale.ee\/en\/?page_id=43963#primaryimage"},"thumbnailUrl":"https:\/\/i2.wp.com\/sannale.ee\/wp-content\/uploads\/2022\/04\/Kaire-Anton-3-1.jpg?ssl=1","datePublished":"2022-04-05T12:55:02+00:00","dateModified":"2024-08-21T19:27:36+00:00","description":"A foot cover designed for use with the Thule Sleek trolley. We can make it to order in the colour of your choice.","breadcrumb":{"@id":"https:\/\/sannale.ee\/en\/?page_id=43963#breadcrumb"},"inLanguage":"en-US","potentialAction":[{"@type":"ReadAction","target":["https:\/\/sannale.ee\/en\/?page_id=43963"]}]},{"@type":"ImageObject","inLanguage":"en-US","@id":"https:\/\/sannale.ee\/en\/?page_id=43963#primaryimage","url":"https:\/\/i2.wp.com\/sannale.ee\/wp-content\/uploads\/2022\/04\/Kaire-Anton-3-1.jpg?ssl=1","contentUrl":"https:\/\/i2.wp.com\/sannale.ee\/wp-content\/uploads\/2022\/04\/Kaire-Anton-3-1.jpg?ssl=1"},{"@type":"BreadcrumbList","@id":"https:\/\/sannale.ee\/en\/?page_id=43963#breadcrumb","itemListElement":[{"@type":"ListItem","position":1,"name":"Home","item":"https:\/\/sannale.ee\/en\/"},{"@type":"ListItem","position":2,"name":"Sannale foot cover, designed for use with the Thule Sleek trolley"}]},{"@type":"WebSite","@id":"https:\/\/sannale.ee\/#website","url":"https:\/\/sannale.ee\/","name":"Sannale","description":"K\u00e4sit\u00f6\u00f6na valminud k\u00e4rulisad ja lastetarbed","publisher":{"@id":"https:\/\/sannale.ee\/#organization"},"potentialAction":[{"@type":"SearchAction","target":{"@type":"EntryPoint","urlTemplate":"https:\/\/sannale.ee\/?s={search_term_string}"},"query-input":{"@type":"PropertyValueSpecification","valueRequired":true,"valueName":"search_term_string"}}],"inLanguage":"en-US"},{"@type":"Organization","@id":"https:\/\/sannale.ee\/#organization","name":"Sannale","url":"https:\/\/sannale.ee\/","logo":{"@type":"ImageObject","inLanguage":"en-US","@id":"https:\/\/sannale.ee\/#\/schema\/logo\/image\/","url":"https:\/\/sannale.ee\/wp-content\/uploads\/2024\/02\/cropped-sannale-fb-logo-sydamega-5-tumedam-3-scaled.png","contentUrl":"https:\/\/sannale.ee\/wp-content\/uploads\/2024\/02\/cropped-sannale-fb-logo-sydamega-5-tumedam-3-scaled.png","width":5100,"height":1758,"caption":"Sannale"},"image":{"@id":"https:\/\/sannale.ee\/#\/schema\/logo\/image\/"},"sameAs":["https:\/\/www.facebook.com\/MinuSannale"]}]}},"uagb_featured_image_src":{"full":false,"thumbnail":false,"medium":false,"medium_large":false,"large":false,"1536x1536":false,"2048x2048":false,"woocommerce_thumbnail":false,"woocommerce_single":false,"woocommerce_gallery_thumbnail":false,"variation_swatches_image_size":false,"variation_swatches_tooltip_size":false},"uagb_author_info":{"display_name":"meelip","author_link":"https:\/\/sannale.ee\/en\/author\/meelip\/"},"uagb_comment_info":0,"uagb_excerpt":"softshell fabric footwear is windproof and water-repellent quick and easy to install &#8211; attaches around the trolley frame with click [&hellip;]","jetpack_sharing_enabled":true,"_links":{"self":[{"href":"https:\/\/sannale.ee\/en\/wp-json\/wp\/v2\/pages\/43963","targetHints":{"allow":["GET"]}}],"collection":[{"href":"https:\/\/sannale.ee\/en\/wp-json\/wp\/v2\/pages"}],"about":[{"href":"https:\/\/sannale.ee\/en\/wp-json\/wp\/v2\/types\/page"}],"author":[{"embeddable":true,"href":"https:\/\/sannale.ee\/en\/wp-json\/wp\/v2\/users\/1"}],"replies":[{"embeddable":true,"href":"https:\/\/sannale.ee\/en\/wp-json\/wp\/v2\/comments?post=43963"}],"version-history":[{"count":2,"href":"https:\/\/sannale.ee\/en\/wp-json\/wp\/v2\/pages\/43963\/revisions"}],"predecessor-version":[{"id":43967,"href":"https:\/\/sannale.ee\/en\/wp-json\/wp\/v2\/pages\/43963\/revisions\/43967"}],"wp:attachment":[{"href":"https:\/\/sannale.ee\/en\/wp-json\/wp\/v2\/media?parent=43963"}],"curies":[{"name":"wp","href":"https:\/\/api.w.org\/{rel}","templated":true}]}}