{"id":43917,"date":"2024-04-04T20:45:38","date_gmt":"2024-04-04T17:45:38","guid":{"rendered":"https:\/\/sannale.ee\/a-long-footrest-for-the-sanna-designed-for-use-with-the-thule-urban-glide-3-double-trolley\/"},"modified":"2025-02-25T18:37:18","modified_gmt":"2025-02-25T16:37:18","slug":"a-long-footrest-for-the-sanna-designed-for-use-with-the-thule-urban-glide-3-double-trolley","status":"publish","type":"page","link":"https:\/\/sannale.ee\/en\/a-long-footrest-for-the-sanna-designed-for-use-with-the-thule-urban-glide-3-double-trolley\/","title":{"rendered":"Sannale long foot rest, designed for use with the Thule Urban Glide 3 Double stroller"},"content":{"rendered":"\n<p><\/p>\n\n<ul class=\"wp-block-list\">\n<li>suitable for use with the <strong>Thule Urban Glide3 Double <\/strong> stroller<\/li>\n\n\n\n<li>the foot rest is made of strong composite plate and is covered with waterproof black fabric.<\/li>\n\n\n\n<li>extends the stroller&#8217;s foot rest by 22cm. <a href=\"https:\/\/sannale.ee\/thule-pikk-jalatugi\/\">Installs under the bottom of the stroller.<\/a><\/li>\n\n\n\n<li>to pack down the stroller, the foot rest must be removed and can be stored in the storage pocket on the back of the stroller.<\/li>\n\n\n\n<li><strong>a unique design<\/strong>, a cutting pattern created by Sannale, which can only be ordered from us and which we will handcraft <strong>just for you<\/strong><\/li>\n<\/ul>\n\n<div class=\"wp-block-uagb-buttons uagb-buttons__outer-wrap uagb-btn__default-btn uagb-btn-tablet__default-btn uagb-btn-mobile__default-btn uagb-block-aebc03ed\"><div class=\"uagb-buttons__wrap uagb-buttons-layout-wrap\">\n<div class=\"wp-block-uagb-buttons-child uagb-buttons__outer-wrap uagb-block-91e0eecf wp-block-button\"><div class=\"uagb-button__wrapper\"><a class=\"uagb-buttons-repeater wp-block-button__link\" aria-label=\"\" href=\"https:\/\/sannale.ee\/toode\/jalatugi\/\" rel=\"follow noopener\" target=\"_self\"><div class=\"uagb-button__link\">Order a foot rest online!<\/div><\/a><\/div><\/div>\n<\/div><\/div>\n\n<div class=\"wp-block-uagb-separator uagb-block-d9ad936d\"><div class=\"wp-block-uagb-separator__inner\" style=\"--my-background-image:\"><\/div><\/div>\n\n<p><em>NB: The foot rest may only be used when walking or in a parked stroller. When running, the use of the foot rest is dangerous for the child&#8217;s feet in the case of an accident! <\/em><\/p>\n\n<p>The stroller&#8217;s with the foot rest extension is not completely straight. The foot rest extension is slightly below the foot rest of the stroller itself.  <\/p>\n\n<p><a href=\"https:\/\/sannale.ee\/thule-pikk-jalatugi\/\"> Click HERE<\/a> to see how to install the foot rest under the stroller.<\/p>\n\n<p>Fits well with the <a href=\"https:\/\/sannale.ee\/en\/sannale-foot-cover-designed-for-use-with-the-thule-urban-glide-3-double-trolley\/\" target=\"_blank\" rel=\"noreferrer noopener\">foot cover<\/a> made for the Urban Glide 3.<\/p>\n\n<div class=\"wp-block-uagb-container uagb-block-9f6df67c alignfull uagb-is-root-container\"><div class=\"uagb-container-inner-blocks-wrap\">\t\t\t\t\t<div\n\t\t\t\t\t\tclass=\"wp-block-uagb-image-gallery uagb-block-f37e335f     \"\n\t\t\t\t\t\tstyle=\"\"\n\t\t\t\t\t>\n\t\t\t\t\t\t\t\t\t\t\t<div class=\"spectra-image-gallery spectra-image-gallery__layout--grid spectra-image-gallery__layout--grid-col-2 spectra-image-gallery__layout--grid-col-tab-2 spectra-image-gallery__layout--grid-col-mob-2\">\n\t\t\t\t\t\t\t\t\t\t\t<div class='spectra-image-gallery__media-wrapper' data-spectra-gallery-image-id='37705' tabindex=\"0\">\n\t\t\t\t\t\t\t<div class=\"spectra-image-gallery__media spectra-image-gallery__media--grid\">\n\t\t\t\t<picture>\n\t\t\t\t\t<source media=\"(min-width: 1024px)\" data-srcset=\"https:\/\/sannale.ee\/wp-content\/uploads\/2024\/04\/Sannale-jalatugi-loodud-kasutamiseks-koos-Thule-Urban-Glide-3-Double-karuga-1.jpg\">\n\t\t\t\t\t<source media=\"(min-width: 768px)\" data-srcset=\"https:\/\/sannale.ee\/wp-content\/uploads\/2024\/04\/Sannale-jalatugi-loodud-kasutamiseks-koos-Thule-Urban-Glide-3-Double-karuga-1.jpg\">\n\t\t\t\t\t<img decoding=\"async\" class=\"spectra-image-gallery__media-thumbnail spectra-image-gallery__media-thumbnail--grid lazyload\" data-src=\"https:\/\/sannale.ee\/wp-content\/uploads\/2024\/04\/Sannale-jalatugi-loodud-kasutamiseks-koos-Thule-Urban-Glide-3-Double-karuga-1-300x135.jpg\" alt=\"\" src=\"data:image\/svg+xml;base64,PHN2ZyB3aWR0aD0iMSIgaGVpZ2h0PSIxIiB4bWxucz0iaHR0cDovL3d3dy53My5vcmcvMjAwMC9zdmciPjwvc3ZnPg==\" style=\"--smush-placeholder-width: 300px; --smush-placeholder-aspect-ratio: 300\/135;\" \/>\n\t\t\t\t<\/picture>\n\t\t\t\t<div class=\"spectra-image-gallery__media-thumbnail-blurrer\"><\/div>\n\t\t\t\t\t\t\t\t\t\t\t<div class=\"spectra-image-gallery__media-thumbnail-caption-wrapper spectra-image-gallery__media-thumbnail-caption-wrapper--overlay\"><\/div>\n\t\t\t\t\t\t\t\t<\/div>\n\t\t\t\t\t\t<\/div>\n\t\t\t\t\t\t<div class='spectra-image-gallery__media-wrapper' data-spectra-gallery-image-id='1253' tabindex=\"0\">\n\t\t\t\t\t\t\t<div class=\"spectra-image-gallery__media spectra-image-gallery__media--grid\">\n\t\t\t\t<picture>\n\t\t\t\t\t<source media=\"(min-width: 1024px)\" data-srcset=\"https:\/\/sannale.ee\/wp-content\/uploads\/2020\/12\/thule-tegelik-pikk-Edit-1024x1024.jpg\">\n\t\t\t\t\t<source media=\"(min-width: 768px)\" data-srcset=\"https:\/\/sannale.ee\/wp-content\/uploads\/2020\/12\/thule-tegelik-pikk-Edit-1024x1024.jpg\">\n\t\t\t\t\t<img decoding=\"async\" class=\"spectra-image-gallery__media-thumbnail spectra-image-gallery__media-thumbnail--grid lazyload\" data-src=\"https:\/\/sannale.ee\/wp-content\/uploads\/2020\/12\/thule-tegelik-pikk-Edit-300x300.jpg\" alt=\"Sannale jalatugi, loodud kasutamiseks koos Thule Urban Glide 2 \/ Ubran Glide k\u00e4ruga\" src=\"data:image\/svg+xml;base64,PHN2ZyB3aWR0aD0iMSIgaGVpZ2h0PSIxIiB4bWxucz0iaHR0cDovL3d3dy53My5vcmcvMjAwMC9zdmciPjwvc3ZnPg==\" style=\"--smush-placeholder-width: 300px; --smush-placeholder-aspect-ratio: 300\/300;\" \/>\n\t\t\t\t<\/picture>\n\t\t\t\t<div class=\"spectra-image-gallery__media-thumbnail-blurrer\"><\/div>\n\t\t\t\t\t\t\t\t\t\t\t<div class=\"spectra-image-gallery__media-thumbnail-caption-wrapper spectra-image-gallery__media-thumbnail-caption-wrapper--overlay\"><\/div>\n\t\t\t\t\t\t\t\t<\/div>\n\t\t\t\t\t\t<\/div>\n\t\t\t\t\t\t\t\t\t\t<\/div>\n\t\t\t\t\t\t\t\t\t\t\t\t\t\t\t\t\t\t<\/div>\n\t\t\t\t\t\t\t\t\t\t\t<div class='spectra-image-gallery__control-lightbox' tabindex='0'>\n\t\t\t\t\t\t\t\t\t\t\t<div class=\"swiper spectra-image-gallery__control-lightbox--main\" dir=\"\">\n\t\t\t\t\t<div class=\"swiper-wrapper\">\n\t\t\t\t\t\t\t\t\t\t\t\t\t\n\t\t\t\t\t\t\t<div class=\"swiper-slide\">\n\t\t\t\t\t\t\t\t<img class=\"swiper-lazy\" data-src=\"https:\/\/sannale.ee\/wp-content\/uploads\/2024\/04\/Sannale-jalatugi-loodud-kasutamiseks-koos-Thule-Urban-Glide-3-Double-karuga-1.jpg\" alt=\"\"\/>\n\t\t\t\t\t\t\t\t<div class=\"swiper-lazy-preloader swiper-lazy-preloader-white\"><\/div>\n\t\t\t\t\t\t\t\t\t\t\t\t\t\t\t<\/div>\n\t\t\t\t\t\t\t\t\t\t\t\t\t\n\t\t\t\t\t\t\t<div class=\"swiper-slide\">\n\t\t\t\t\t\t\t\t<img class=\"swiper-lazy\" data-src=\"https:\/\/sannale.ee\/wp-content\/uploads\/2020\/12\/thule-tegelik-pikk-Edit.jpg\" alt=\"Sannale jalatugi, loodud kasutamiseks koos Thule Urban Glide 2 \/ Ubran Glide k\u00e4ruga\"\/>\n\t\t\t\t\t\t\t\t<div class=\"swiper-lazy-preloader swiper-lazy-preloader-white\"><\/div>\n\t\t\t\t\t\t\t\t\t\t\t\t\t\t\t<\/div>\n\t\t\t\t\t\t\t\t\t\t\t<\/div>\n\t\t\t\t\t<div class=\"swiper-button-next\"><\/div>\n\t\t\t\t\t<div class=\"swiper-button-prev\"><\/div>\n\t\t\t\t<\/div>\t\t\t\n\t\t\t\t\t\t\t\t\t\t\t\t\t\t\t\t\t\t\t\t\t\t\t\t\t\t\t\t\t\t\t\t<button class='spectra-image-gallery__control-lightbox--close' aria-label=\"Close\">\n\t\t\t\t\t\t\t\t\t\t\t\t\t<svg xmlns=\"https:\/\/www.w3.org\/2000\/svg\" viewBox= \"0 0 320 512\"><path d=\"M310.6 361.4c12.5 12.5 12.5 32.75 0 45.25C304.4 412.9 296.2 416 288 416s-16.38-3.125-22.62-9.375L160 301.3L54.63 406.6C48.38 412.9 40.19 416 32 416S15.63 412.9 9.375 406.6c-12.5-12.5-12.5-32.75 0-45.25l105.4-105.4L9.375 150.6c-12.5-12.5-12.5-32.75 0-45.25s32.75-12.5 45.25 0L160 210.8l105.4-105.4c12.5-12.5 32.75-12.5 45.25 0s12.5 32.75 0 45.25l-105.4 105.4L310.6 361.4z\"><\/path><\/svg>\n\t\t\t\t\t\t\t\t\t\t\t\t<\/button>\n\t\t\t\t\t\t\t\t\t\t\t\t\t<\/div>\n\t\t\t\t\t\t\t\t\t<\/div><\/div>\n\n<div class=\"wp-block-uagb-separator uagb-block-a91db8a1\"><div class=\"wp-block-uagb-separator__inner\" style=\"--my-background-image:\"><\/div><\/div>\n\n<h3 class=\"wp-block-heading\">Foot rest materials<\/h3>\n\n<p>Find out more about <a href=\"https:\/\/sannale.ee\/sannale-tooted-kuidas-loome\/mis_on_sannale_jalatugede_sees\/\">what&#8217;s inside the Sannale foot rests?<\/a><\/p>\n\n<hr class=\"wp-block-separator has-alpha-channel-opacity\"\/>\n\n<p>See also our <a href=\"https:\/\/sannale.ee\/en\/trolley-accessories-for-sanna-designed-for-use-with-thule-urban-glide-3-double-trolley\/\" target=\"_blank\" rel=\"noreferrer noopener\">other products designed for the Thule Urban Glide 3 Double<\/a>.<\/p>\n","protected":false},"excerpt":{"rendered":"<p>NB: The foot rest may only be used when walking or in a parked stroller. When running, the use of [&hellip;]<\/p>\n","protected":false},"author":1,"featured_media":0,"parent":0,"menu_order":0,"comment_status":"closed","ping_status":"closed","template":"","meta":{"_uag_custom_page_level_css":"","site-sidebar-layout":"default","site-content-layout":"","ast-site-content-layout":"default","site-content-style":"default","site-sidebar-style":"default","ast-global-header-display":"","ast-banner-title-visibility":"","ast-main-header-display":"","ast-hfb-above-header-display":"","ast-hfb-below-header-display":"","ast-hfb-mobile-header-display":"","site-post-title":"","ast-breadcrumbs-content":"","ast-featured-img":"","footer-sml-layout":"","theme-transparent-header-meta":"","adv-header-id-meta":"","stick-header-meta":"","header-above-stick-meta":"","header-main-stick-meta":"","header-below-stick-meta":"","astra-migrate-meta-layouts":"default","ast-page-background-enabled":"default","ast-page-background-meta":{"desktop":{"background-color":"var(--ast-global-color-4)","background-image":"","background-repeat":"repeat","background-position":"center center","background-size":"auto","background-attachment":"scroll","background-type":"","background-media":"","overlay-type":"","overlay-color":"","overlay-opacity":"","overlay-gradient":""},"tablet":{"background-color":"","background-image":"","background-repeat":"repeat","background-position":"center center","background-size":"auto","background-attachment":"scroll","background-type":"","background-media":"","overlay-type":"","overlay-color":"","overlay-opacity":"","overlay-gradient":""},"mobile":{"background-color":"","background-image":"","background-repeat":"repeat","background-position":"center center","background-size":"auto","background-attachment":"scroll","background-type":"","background-media":"","overlay-type":"","overlay-color":"","overlay-opacity":"","overlay-gradient":""}},"ast-content-background-meta":{"desktop":{"background-color":"var(--ast-global-color-5)","background-image":"","background-repeat":"repeat","background-position":"center center","background-size":"auto","background-attachment":"scroll","background-type":"","background-media":"","overlay-type":"","overlay-color":"","overlay-opacity":"","overlay-gradient":""},"tablet":{"background-color":"var(--ast-global-color-5)","background-image":"","background-repeat":"repeat","background-position":"center center","background-size":"auto","background-attachment":"scroll","background-type":"","background-media":"","overlay-type":"","overlay-color":"","overlay-opacity":"","overlay-gradient":""},"mobile":{"background-color":"var(--ast-global-color-5)","background-image":"","background-repeat":"repeat","background-position":"center center","background-size":"auto","background-attachment":"scroll","background-type":"","background-media":"","overlay-type":"","overlay-color":"","overlay-opacity":"","overlay-gradient":""}},"footnotes":""},"class_list":["post-43917","page","type-page","status-publish","hentry"],"yoast_head":"<!-- This site is optimized with the Yoast SEO plugin v27.3 - https:\/\/yoast.com\/product\/yoast-seo-wordpress\/ -->\n<title>Sannale long foot rest, designed for use with the Thule Urban Glide 3 Double stroller - Sannale<\/title>\n<meta name=\"description\" content=\"The Sannale long foot rest, designed for use with the Thule Urban 3 Double stroller, extends the stroller&#039;s foot rest and allows the child to sleep more comfortably.\" \/>\n<meta name=\"robots\" content=\"index, follow, max-snippet:-1, max-image-preview:large, max-video-preview:-1\" \/>\n<link rel=\"canonical\" href=\"https:\/\/sannale.ee\/en\/a-long-footrest-for-the-sanna-designed-for-use-with-the-thule-urban-glide-3-double-trolley\/\" \/>\n<meta property=\"og:locale\" content=\"en_US\" \/>\n<meta property=\"og:type\" content=\"article\" \/>\n<meta property=\"og:title\" content=\"Sannale long foot rest, designed for use with the Thule Urban Glide 3 Double stroller - Sannale\" \/>\n<meta property=\"og:description\" content=\"The Sannale long foot rest, designed for use with the Thule Urban 3 Double stroller, extends the stroller&#039;s foot rest and allows the child to sleep more comfortably.\" \/>\n<meta property=\"og:url\" content=\"https:\/\/sannale.ee\/en\/a-long-footrest-for-the-sanna-designed-for-use-with-the-thule-urban-glide-3-double-trolley\/\" \/>\n<meta property=\"og:site_name\" content=\"Sannale\" \/>\n<meta property=\"article:publisher\" content=\"https:\/\/www.facebook.com\/MinuSannale\" \/>\n<meta property=\"article:modified_time\" content=\"2025-02-25T16:37:18+00:00\" \/>\n<meta name=\"twitter:card\" content=\"summary_large_image\" \/>\n<meta name=\"twitter:label1\" content=\"Est. reading time\" \/>\n\t<meta name=\"twitter:data1\" content=\"1 minute\" \/>\n<script type=\"application\/ld+json\" class=\"yoast-schema-graph\">{\"@context\":\"https:\\\/\\\/schema.org\",\"@graph\":[{\"@type\":\"WebPage\",\"@id\":\"https:\\\/\\\/sannale.ee\\\/en\\\/a-long-footrest-for-the-sanna-designed-for-use-with-the-thule-urban-glide-3-double-trolley\\\/\",\"url\":\"https:\\\/\\\/sannale.ee\\\/en\\\/a-long-footrest-for-the-sanna-designed-for-use-with-the-thule-urban-glide-3-double-trolley\\\/\",\"name\":\"Sannale long foot rest, designed for use with the Thule Urban Glide 3 Double stroller - Sannale\",\"isPartOf\":{\"@id\":\"https:\\\/\\\/sannale.ee\\\/#website\"},\"datePublished\":\"2024-04-04T17:45:38+00:00\",\"dateModified\":\"2025-02-25T16:37:18+00:00\",\"description\":\"The Sannale long foot rest, designed for use with the Thule Urban 3 Double stroller, extends the stroller's foot rest and allows the child to sleep more comfortably.\",\"breadcrumb\":{\"@id\":\"https:\\\/\\\/sannale.ee\\\/en\\\/a-long-footrest-for-the-sanna-designed-for-use-with-the-thule-urban-glide-3-double-trolley\\\/#breadcrumb\"},\"inLanguage\":\"en-US\",\"potentialAction\":[{\"@type\":\"ReadAction\",\"target\":[\"https:\\\/\\\/sannale.ee\\\/en\\\/a-long-footrest-for-the-sanna-designed-for-use-with-the-thule-urban-glide-3-double-trolley\\\/\"]}]},{\"@type\":\"BreadcrumbList\",\"@id\":\"https:\\\/\\\/sannale.ee\\\/en\\\/a-long-footrest-for-the-sanna-designed-for-use-with-the-thule-urban-glide-3-double-trolley\\\/#breadcrumb\",\"itemListElement\":[{\"@type\":\"ListItem\",\"position\":1,\"name\":\"Home\",\"item\":\"https:\\\/\\\/sannale.ee\\\/en\\\/\"},{\"@type\":\"ListItem\",\"position\":2,\"name\":\"Sannale long foot rest, designed for use with the Thule Urban Glide 3 Double stroller\"}]},{\"@type\":\"WebSite\",\"@id\":\"https:\\\/\\\/sannale.ee\\\/#website\",\"url\":\"https:\\\/\\\/sannale.ee\\\/\",\"name\":\"Sannale\",\"description\":\"K\u00e4sit\u00f6\u00f6na valminud k\u00e4rulisad ja lastetarbed\",\"publisher\":{\"@id\":\"https:\\\/\\\/sannale.ee\\\/#organization\"},\"potentialAction\":[{\"@type\":\"SearchAction\",\"target\":{\"@type\":\"EntryPoint\",\"urlTemplate\":\"https:\\\/\\\/sannale.ee\\\/?s={search_term_string}\"},\"query-input\":{\"@type\":\"PropertyValueSpecification\",\"valueRequired\":true,\"valueName\":\"search_term_string\"}}],\"inLanguage\":\"en-US\"},{\"@type\":\"Organization\",\"@id\":\"https:\\\/\\\/sannale.ee\\\/#organization\",\"name\":\"Sannale\",\"url\":\"https:\\\/\\\/sannale.ee\\\/\",\"logo\":{\"@type\":\"ImageObject\",\"inLanguage\":\"en-US\",\"@id\":\"https:\\\/\\\/sannale.ee\\\/#\\\/schema\\\/logo\\\/image\\\/\",\"url\":\"https:\\\/\\\/sannale.ee\\\/wp-content\\\/uploads\\\/2024\\\/02\\\/cropped-sannale-fb-logo-sydamega-5-tumedam-3-scaled.png\",\"contentUrl\":\"https:\\\/\\\/sannale.ee\\\/wp-content\\\/uploads\\\/2024\\\/02\\\/cropped-sannale-fb-logo-sydamega-5-tumedam-3-scaled.png\",\"width\":5100,\"height\":1758,\"caption\":\"Sannale\"},\"image\":{\"@id\":\"https:\\\/\\\/sannale.ee\\\/#\\\/schema\\\/logo\\\/image\\\/\"},\"sameAs\":[\"https:\\\/\\\/www.facebook.com\\\/MinuSannale\"]}]}<\/script>\n<!-- \/ Yoast SEO plugin. -->","yoast_head_json":{"title":"Sannale long foot rest, designed for use with the Thule Urban Glide 3 Double stroller - Sannale","description":"The Sannale long foot rest, designed for use with the Thule Urban 3 Double stroller, extends the stroller's foot rest and allows the child to sleep more comfortably.","robots":{"index":"index","follow":"follow","max-snippet":"max-snippet:-1","max-image-preview":"max-image-preview:large","max-video-preview":"max-video-preview:-1"},"canonical":"https:\/\/sannale.ee\/en\/a-long-footrest-for-the-sanna-designed-for-use-with-the-thule-urban-glide-3-double-trolley\/","og_locale":"en_US","og_type":"article","og_title":"Sannale long foot rest, designed for use with the Thule Urban Glide 3 Double stroller - Sannale","og_description":"The Sannale long foot rest, designed for use with the Thule Urban 3 Double stroller, extends the stroller's foot rest and allows the child to sleep more comfortably.","og_url":"https:\/\/sannale.ee\/en\/a-long-footrest-for-the-sanna-designed-for-use-with-the-thule-urban-glide-3-double-trolley\/","og_site_name":"Sannale","article_publisher":"https:\/\/www.facebook.com\/MinuSannale","article_modified_time":"2025-02-25T16:37:18+00:00","twitter_card":"summary_large_image","twitter_misc":{"Est. reading time":"1 minute"},"schema":{"@context":"https:\/\/schema.org","@graph":[{"@type":"WebPage","@id":"https:\/\/sannale.ee\/en\/a-long-footrest-for-the-sanna-designed-for-use-with-the-thule-urban-glide-3-double-trolley\/","url":"https:\/\/sannale.ee\/en\/a-long-footrest-for-the-sanna-designed-for-use-with-the-thule-urban-glide-3-double-trolley\/","name":"Sannale long foot rest, designed for use with the Thule Urban Glide 3 Double stroller - Sannale","isPartOf":{"@id":"https:\/\/sannale.ee\/#website"},"datePublished":"2024-04-04T17:45:38+00:00","dateModified":"2025-02-25T16:37:18+00:00","description":"The Sannale long foot rest, designed for use with the Thule Urban 3 Double stroller, extends the stroller's foot rest and allows the child to sleep more comfortably.","breadcrumb":{"@id":"https:\/\/sannale.ee\/en\/a-long-footrest-for-the-sanna-designed-for-use-with-the-thule-urban-glide-3-double-trolley\/#breadcrumb"},"inLanguage":"en-US","potentialAction":[{"@type":"ReadAction","target":["https:\/\/sannale.ee\/en\/a-long-footrest-for-the-sanna-designed-for-use-with-the-thule-urban-glide-3-double-trolley\/"]}]},{"@type":"BreadcrumbList","@id":"https:\/\/sannale.ee\/en\/a-long-footrest-for-the-sanna-designed-for-use-with-the-thule-urban-glide-3-double-trolley\/#breadcrumb","itemListElement":[{"@type":"ListItem","position":1,"name":"Home","item":"https:\/\/sannale.ee\/en\/"},{"@type":"ListItem","position":2,"name":"Sannale long foot rest, designed for use with the Thule Urban Glide 3 Double stroller"}]},{"@type":"WebSite","@id":"https:\/\/sannale.ee\/#website","url":"https:\/\/sannale.ee\/","name":"Sannale","description":"K\u00e4sit\u00f6\u00f6na valminud k\u00e4rulisad ja lastetarbed","publisher":{"@id":"https:\/\/sannale.ee\/#organization"},"potentialAction":[{"@type":"SearchAction","target":{"@type":"EntryPoint","urlTemplate":"https:\/\/sannale.ee\/?s={search_term_string}"},"query-input":{"@type":"PropertyValueSpecification","valueRequired":true,"valueName":"search_term_string"}}],"inLanguage":"en-US"},{"@type":"Organization","@id":"https:\/\/sannale.ee\/#organization","name":"Sannale","url":"https:\/\/sannale.ee\/","logo":{"@type":"ImageObject","inLanguage":"en-US","@id":"https:\/\/sannale.ee\/#\/schema\/logo\/image\/","url":"https:\/\/sannale.ee\/wp-content\/uploads\/2024\/02\/cropped-sannale-fb-logo-sydamega-5-tumedam-3-scaled.png","contentUrl":"https:\/\/sannale.ee\/wp-content\/uploads\/2024\/02\/cropped-sannale-fb-logo-sydamega-5-tumedam-3-scaled.png","width":5100,"height":1758,"caption":"Sannale"},"image":{"@id":"https:\/\/sannale.ee\/#\/schema\/logo\/image\/"},"sameAs":["https:\/\/www.facebook.com\/MinuSannale"]}]}},"uagb_featured_image_src":{"full":false,"thumbnail":false,"medium":false,"medium_large":false,"large":false,"1536x1536":false,"2048x2048":false,"woocommerce_thumbnail":false,"woocommerce_single":false,"woocommerce_gallery_thumbnail":false,"variation_swatches_image_size":false,"variation_swatches_tooltip_size":false},"uagb_author_info":{"display_name":"meelip","author_link":"https:\/\/sannale.ee\/en\/author\/meelip\/"},"uagb_comment_info":0,"uagb_excerpt":"NB: The foot rest may only be used when walking or in a parked stroller. When running, the use of [&hellip;]","jetpack_sharing_enabled":true,"_links":{"self":[{"href":"https:\/\/sannale.ee\/en\/wp-json\/wp\/v2\/pages\/43917","targetHints":{"allow":["GET"]}}],"collection":[{"href":"https:\/\/sannale.ee\/en\/wp-json\/wp\/v2\/pages"}],"about":[{"href":"https:\/\/sannale.ee\/en\/wp-json\/wp\/v2\/types\/page"}],"author":[{"embeddable":true,"href":"https:\/\/sannale.ee\/en\/wp-json\/wp\/v2\/users\/1"}],"replies":[{"embeddable":true,"href":"https:\/\/sannale.ee\/en\/wp-json\/wp\/v2\/comments?post=43917"}],"version-history":[{"count":4,"href":"https:\/\/sannale.ee\/en\/wp-json\/wp\/v2\/pages\/43917\/revisions"}],"predecessor-version":[{"id":47805,"href":"https:\/\/sannale.ee\/en\/wp-json\/wp\/v2\/pages\/43917\/revisions\/47805"}],"wp:attachment":[{"href":"https:\/\/sannale.ee\/en\/wp-json\/wp\/v2\/media?parent=43917"}],"curies":[{"name":"wp","href":"https:\/\/api.w.org\/{rel}","templated":true}]}}