{"id":43791,"date":"2024-06-12T15:29:46","date_gmt":"2024-06-12T12:29:46","guid":{"rendered":"https:\/\/sannale.ee\/sanna-rain-cover-bag-designed-for-use-with-the-thule-urban-glide-4-trolley\/"},"modified":"2025-01-19T16:20:16","modified_gmt":"2025-01-19T14:20:16","slug":"sanna-rain-cover-bag-designed-for-use-with-the-thule-urban-glide-4-trolley","status":"publish","type":"page","link":"https:\/\/sannale.ee\/en\/sanna-rain-cover-bag-designed-for-use-with-the-thule-urban-glide-4-trolley\/","title":{"rendered":"Sannale rain cover bag, designed for use with the Thule Urban Glide 4 stroller"},"content":{"rendered":"\n<p>Want a convenient way to store your rain cover? The Sannale rain cover bag is a handy and stylish solution for just that.<\/p>\n\n<ul class=\"wp-block-list\">\n<li>from water-repellent fabric<\/li>\n\n\n\n<li>closable by zipper<\/li>\n\n\n\n<li>can be attached to the stroller&#8217;s frame by three velcro straps<\/li>\n\n\n\n<li>The 20*30cm bag fits perfectly for the original Thule Urban Glide 4 cover.<\/li>\n\n\n\n<li>A design made by Sannale, that <strong>has been handcrafted just for you<\/strong><\/li>\n<\/ul>\n\n<p><a href=\"https:\/\/sannale.ee\/en\/toode\/rain-cover-storage-bag\/\">Order a rain cover bag online!<\/a> As the size, choose 20*30cm with 3 velcro straps Thule option.<\/p>\n\n<p><\/p>\n\n<p>The frame of the Thule stroller is largely right up against the fabric of the stroller, so it&#8217;s quite difficult to find a suitable hanging spot for a conventional rain cover bag with two velcro straps on this stroller.<\/p>\n\n<p>Our rain cover bag variant which has been designed for Thule has two velcro straps facing sideways and one facing up in the opposite corner. This way the bag attaches nicely to the side frame. <\/p>\n\n<p>The stroller can also be packed up with the bag, without it getting in the way of the stroller.<\/p>\n\t\t\t\t\t<div\n\t\t\t\t\t\tclass=\"wp-block-uagb-image-gallery uagb-block-20fcd9a6     \"\n\t\t\t\t\t\tstyle=\"\"\n\t\t\t\t\t>\n\t\t\t\t\t\t\t\t\t\t\t<div class=\"spectra-image-gallery spectra-image-gallery__layout--grid spectra-image-gallery__layout--grid-col-1 spectra-image-gallery__layout--grid-col-tab-1 spectra-image-gallery__layout--grid-col-mob-1\">\n\t\t\t\t\t\t\t\t\t\t\t<div class='spectra-image-gallery__media-wrapper' data-spectra-gallery-image-id='6964' tabindex=\"0\">\n\t\t\t\t\t\t\t<div class=\"spectra-image-gallery__media spectra-image-gallery__media--grid\">\n\t\t\t\t<picture>\n\t\t\t\t\t<source media=\"(min-width: 1024px)\" data-srcset=\"https:\/\/sannale.ee\/wp-content\/uploads\/2021\/11\/IMGP7976-1024x1024.jpg\">\n\t\t\t\t\t<source media=\"(min-width: 768px)\" data-srcset=\"https:\/\/sannale.ee\/wp-content\/uploads\/2021\/11\/IMGP7976-1024x1024.jpg\">\n\t\t\t\t\t<img decoding=\"async\" class=\"spectra-image-gallery__media-thumbnail spectra-image-gallery__media-thumbnail--grid lazyload\" data-src=\"https:\/\/sannale.ee\/wp-content\/uploads\/2021\/11\/IMGP7976-300x300.jpg\" alt=\"Vihmakile kott - koos Thule UG 2 ga\" src=\"data:image\/svg+xml;base64,PHN2ZyB3aWR0aD0iMSIgaGVpZ2h0PSIxIiB4bWxucz0iaHR0cDovL3d3dy53My5vcmcvMjAwMC9zdmciPjwvc3ZnPg==\" style=\"--smush-placeholder-width: 300px; --smush-placeholder-aspect-ratio: 300\/300;\" \/>\n\t\t\t\t<\/picture>\n\t\t\t\t<div class=\"spectra-image-gallery__media-thumbnail-blurrer\"><\/div>\n\t\t\t\t\t\t\t\t\t\t\t<div class=\"spectra-image-gallery__media-thumbnail-caption-wrapper spectra-image-gallery__media-thumbnail-caption-wrapper--overlay\"><\/div>\n\t\t\t\t\t\t\t\t<\/div>\n\t\t\t\t\t\t<\/div>\n\t\t\t\t\t\t\t\t\t\t<\/div>\n\t\t\t\t\t\t\t\t\t\t\t\t\t\t\t\t\t\t<\/div>\n\t\t\t\t\t\t\t\t\t\t\t<div class='spectra-image-gallery__control-lightbox' tabindex='0'>\n\t\t\t\t\t\t\t\t\t\t\t<div class=\"swiper spectra-image-gallery__control-lightbox--main\" dir=\"\">\n\t\t\t\t\t<div class=\"swiper-wrapper\">\n\t\t\t\t\t\t\t\t\t\t\t\t\t\n\t\t\t\t\t\t\t<div class=\"swiper-slide\">\n\t\t\t\t\t\t\t\t<img class=\"swiper-lazy\" data-src=\"https:\/\/sannale.ee\/wp-content\/uploads\/2021\/11\/IMGP7976.jpg\" alt=\"Vihmakile kott - koos Thule UG 2 ga\"\/>\n\t\t\t\t\t\t\t\t<div class=\"swiper-lazy-preloader swiper-lazy-preloader-white\"><\/div>\n\t\t\t\t\t\t\t\t\t\t\t\t\t\t\t<\/div>\n\t\t\t\t\t\t\t\t\t\t\t<\/div>\n\t\t\t\t\t<div class=\"swiper-button-next\"><\/div>\n\t\t\t\t\t<div class=\"swiper-button-prev\"><\/div>\n\t\t\t\t<\/div>\t\t\t\n\t\t\t\t\t\t\t\t\t\t\t\t\t\t\t\t\t\t\t\t\t\t\t\t\t\t\t\t\t\t\t\t<button class='spectra-image-gallery__control-lightbox--close' aria-label=\"Close\">\n\t\t\t\t\t\t\t\t\t\t\t\t\t<svg xmlns=\"https:\/\/www.w3.org\/2000\/svg\" viewBox= \"0 0 320 512\"><path d=\"M310.6 361.4c12.5 12.5 12.5 32.75 0 45.25C304.4 412.9 296.2 416 288 416s-16.38-3.125-22.62-9.375L160 301.3L54.63 406.6C48.38 412.9 40.19 416 32 416S15.63 412.9 9.375 406.6c-12.5-12.5-12.5-32.75 0-45.25l105.4-105.4L9.375 150.6c-12.5-12.5-12.5-32.75 0-45.25s32.75-12.5 45.25 0L160 210.8l105.4-105.4c12.5-12.5 32.75-12.5 45.25 0s12.5 32.75 0 45.25l-105.4 105.4L310.6 361.4z\"><\/path><\/svg>\n\t\t\t\t\t\t\t\t\t\t\t\t<\/button>\n\t\t\t\t\t\t\t\t\t\t\t\t\t<\/div>\n\t\t\t\t\t\t\t\t\t\n<hr class=\"wp-block-separator has-alpha-channel-opacity\"\/>\n\n<p><strong>See also other products <\/strong> that we have created for use with <a href=\"https:\/\/sannale.ee\/en\/trolley-accessories-for-sanna-designed-for-use-with-thule-urban-glide-4-trolley\/\" target=\"_blank\" rel=\"noreferrer noopener\">the Thule Urban Glide 4 stroller<\/a>.<\/p>\n\n<p>Would you like a rain cover bag for another stroller model? See our full <a href=\"https:\/\/sannale.ee\/tooteinfo\/karude-lisavarustus-milliseid-tooteid-teeme\/sannale-vihmakile-kott-millistele-karudele-sobib\/\">range of rain cover bags.<\/a> <\/p>\n","protected":false},"excerpt":{"rendered":"<p>Want a convenient way to store your rain cover? The Sannale rain cover bag is a handy and stylish solution [&hellip;]<\/p>\n","protected":false},"author":595,"featured_media":0,"parent":0,"menu_order":0,"comment_status":"closed","ping_status":"closed","template":"","meta":{"_uag_custom_page_level_css":"","site-sidebar-layout":"default","site-content-layout":"","ast-site-content-layout":"default","site-content-style":"default","site-sidebar-style":"default","ast-global-header-display":"","ast-banner-title-visibility":"","ast-main-header-display":"","ast-hfb-above-header-display":"","ast-hfb-below-header-display":"","ast-hfb-mobile-header-display":"","site-post-title":"","ast-breadcrumbs-content":"","ast-featured-img":"","footer-sml-layout":"","ast-disable-related-posts":"","theme-transparent-header-meta":"","adv-header-id-meta":"","stick-header-meta":"","header-above-stick-meta":"","header-main-stick-meta":"","header-below-stick-meta":"","astra-migrate-meta-layouts":"default","ast-page-background-enabled":"default","ast-page-background-meta":{"desktop":{"background-color":"var(--ast-global-color-4)","background-image":"","background-repeat":"repeat","background-position":"center center","background-size":"auto","background-attachment":"scroll","background-type":"","background-media":"","overlay-type":"","overlay-color":"","overlay-opacity":"","overlay-gradient":""},"tablet":{"background-color":"","background-image":"","background-repeat":"repeat","background-position":"center center","background-size":"auto","background-attachment":"scroll","background-type":"","background-media":"","overlay-type":"","overlay-color":"","overlay-opacity":"","overlay-gradient":""},"mobile":{"background-color":"","background-image":"","background-repeat":"repeat","background-position":"center center","background-size":"auto","background-attachment":"scroll","background-type":"","background-media":"","overlay-type":"","overlay-color":"","overlay-opacity":"","overlay-gradient":""}},"ast-content-background-meta":{"desktop":{"background-color":"var(--ast-global-color-5)","background-image":"","background-repeat":"repeat","background-position":"center center","background-size":"auto","background-attachment":"scroll","background-type":"","background-media":"","overlay-type":"","overlay-color":"","overlay-opacity":"","overlay-gradient":""},"tablet":{"background-color":"var(--ast-global-color-5)","background-image":"","background-repeat":"repeat","background-position":"center center","background-size":"auto","background-attachment":"scroll","background-type":"","background-media":"","overlay-type":"","overlay-color":"","overlay-opacity":"","overlay-gradient":""},"mobile":{"background-color":"var(--ast-global-color-5)","background-image":"","background-repeat":"repeat","background-position":"center center","background-size":"auto","background-attachment":"scroll","background-type":"","background-media":"","overlay-type":"","overlay-color":"","overlay-opacity":"","overlay-gradient":""}},"footnotes":""},"class_list":["post-43791","page","type-page","status-publish","hentry"],"yoast_head":"<!-- This site is optimized with the Yoast SEO plugin v27.4 - https:\/\/yoast.com\/product\/yoast-seo-wordpress\/ -->\n<title>Sannale rain cover bag, designed for use with the Thule Urban Glide 4 stroller - Sannale<\/title>\n<meta name=\"description\" content=\"Sannale rain cover bag, designed for use with the Thule Urban Glide 4 stroller. See pictures and description and order the rain cover bag in our online shop.\" \/>\n<meta name=\"robots\" content=\"index, follow, max-snippet:-1, max-image-preview:large, max-video-preview:-1\" \/>\n<link rel=\"canonical\" href=\"https:\/\/sannale.ee\/en\/sanna-rain-cover-bag-designed-for-use-with-the-thule-urban-glide-4-trolley\/\" \/>\n<meta property=\"og:locale\" content=\"en_US\" \/>\n<meta property=\"og:type\" content=\"article\" \/>\n<meta property=\"og:title\" content=\"Sannale rain cover bag, designed for use with the Thule Urban Glide 4 stroller - Sannale\" \/>\n<meta property=\"og:description\" content=\"Sannale rain cover bag, designed for use with the Thule Urban Glide 4 stroller. See pictures and description and order the rain cover bag in our online shop.\" \/>\n<meta property=\"og:url\" content=\"https:\/\/sannale.ee\/en\/sanna-rain-cover-bag-designed-for-use-with-the-thule-urban-glide-4-trolley\/\" \/>\n<meta property=\"og:site_name\" content=\"Sannale\" \/>\n<meta property=\"article:publisher\" content=\"https:\/\/www.facebook.com\/MinuSannale\" \/>\n<meta property=\"article:modified_time\" content=\"2025-01-19T14:20:16+00:00\" \/>\n<meta name=\"twitter:card\" content=\"summary_large_image\" \/>\n<meta name=\"twitter:label1\" content=\"Est. reading time\" \/>\n\t<meta name=\"twitter:data1\" content=\"1 minute\" \/>\n<script type=\"application\/ld+json\" class=\"yoast-schema-graph\">{\"@context\":\"https:\\\/\\\/schema.org\",\"@graph\":[{\"@type\":\"WebPage\",\"@id\":\"https:\\\/\\\/sannale.ee\\\/en\\\/sanna-rain-cover-bag-designed-for-use-with-the-thule-urban-glide-4-trolley\\\/\",\"url\":\"https:\\\/\\\/sannale.ee\\\/en\\\/sanna-rain-cover-bag-designed-for-use-with-the-thule-urban-glide-4-trolley\\\/\",\"name\":\"Sannale rain cover bag, designed for use with the Thule Urban Glide 4 stroller - Sannale\",\"isPartOf\":{\"@id\":\"https:\\\/\\\/sannale.ee\\\/#website\"},\"datePublished\":\"2024-06-12T12:29:46+00:00\",\"dateModified\":\"2025-01-19T14:20:16+00:00\",\"description\":\"Sannale rain cover bag, designed for use with the Thule Urban Glide 4 stroller. See pictures and description and order the rain cover bag in our online shop.\",\"breadcrumb\":{\"@id\":\"https:\\\/\\\/sannale.ee\\\/en\\\/sanna-rain-cover-bag-designed-for-use-with-the-thule-urban-glide-4-trolley\\\/#breadcrumb\"},\"inLanguage\":\"en-US\",\"potentialAction\":[{\"@type\":\"ReadAction\",\"target\":[\"https:\\\/\\\/sannale.ee\\\/en\\\/sanna-rain-cover-bag-designed-for-use-with-the-thule-urban-glide-4-trolley\\\/\"]}]},{\"@type\":\"BreadcrumbList\",\"@id\":\"https:\\\/\\\/sannale.ee\\\/en\\\/sanna-rain-cover-bag-designed-for-use-with-the-thule-urban-glide-4-trolley\\\/#breadcrumb\",\"itemListElement\":[{\"@type\":\"ListItem\",\"position\":1,\"name\":\"Home\",\"item\":\"https:\\\/\\\/sannale.ee\\\/en\\\/\"},{\"@type\":\"ListItem\",\"position\":2,\"name\":\"Sannale rain cover bag, designed for use with the Thule Urban Glide 4 stroller\"}]},{\"@type\":\"WebSite\",\"@id\":\"https:\\\/\\\/sannale.ee\\\/#website\",\"url\":\"https:\\\/\\\/sannale.ee\\\/\",\"name\":\"Sannale\",\"description\":\"K\u00e4sit\u00f6\u00f6na valminud k\u00e4rulisad ja lastetarbed\",\"publisher\":{\"@id\":\"https:\\\/\\\/sannale.ee\\\/#organization\"},\"potentialAction\":[{\"@type\":\"SearchAction\",\"target\":{\"@type\":\"EntryPoint\",\"urlTemplate\":\"https:\\\/\\\/sannale.ee\\\/?s={search_term_string}\"},\"query-input\":{\"@type\":\"PropertyValueSpecification\",\"valueRequired\":true,\"valueName\":\"search_term_string\"}}],\"inLanguage\":\"en-US\"},{\"@type\":\"Organization\",\"@id\":\"https:\\\/\\\/sannale.ee\\\/#organization\",\"name\":\"Sannale\",\"url\":\"https:\\\/\\\/sannale.ee\\\/\",\"logo\":{\"@type\":\"ImageObject\",\"inLanguage\":\"en-US\",\"@id\":\"https:\\\/\\\/sannale.ee\\\/#\\\/schema\\\/logo\\\/image\\\/\",\"url\":\"https:\\\/\\\/sannale.ee\\\/wp-content\\\/uploads\\\/2024\\\/02\\\/cropped-sannale-fb-logo-sydamega-5-tumedam-3-scaled.png\",\"contentUrl\":\"https:\\\/\\\/sannale.ee\\\/wp-content\\\/uploads\\\/2024\\\/02\\\/cropped-sannale-fb-logo-sydamega-5-tumedam-3-scaled.png\",\"width\":5100,\"height\":1758,\"caption\":\"Sannale\"},\"image\":{\"@id\":\"https:\\\/\\\/sannale.ee\\\/#\\\/schema\\\/logo\\\/image\\\/\"},\"sameAs\":[\"https:\\\/\\\/www.facebook.com\\\/MinuSannale\"]}]}<\/script>\n<!-- \/ Yoast SEO plugin. -->","yoast_head_json":{"title":"Sannale rain cover bag, designed for use with the Thule Urban Glide 4 stroller - Sannale","description":"Sannale rain cover bag, designed for use with the Thule Urban Glide 4 stroller. See pictures and description and order the rain cover bag in our online shop.","robots":{"index":"index","follow":"follow","max-snippet":"max-snippet:-1","max-image-preview":"max-image-preview:large","max-video-preview":"max-video-preview:-1"},"canonical":"https:\/\/sannale.ee\/en\/sanna-rain-cover-bag-designed-for-use-with-the-thule-urban-glide-4-trolley\/","og_locale":"en_US","og_type":"article","og_title":"Sannale rain cover bag, designed for use with the Thule Urban Glide 4 stroller - Sannale","og_description":"Sannale rain cover bag, designed for use with the Thule Urban Glide 4 stroller. See pictures and description and order the rain cover bag in our online shop.","og_url":"https:\/\/sannale.ee\/en\/sanna-rain-cover-bag-designed-for-use-with-the-thule-urban-glide-4-trolley\/","og_site_name":"Sannale","article_publisher":"https:\/\/www.facebook.com\/MinuSannale","article_modified_time":"2025-01-19T14:20:16+00:00","twitter_card":"summary_large_image","twitter_misc":{"Est. reading time":"1 minute"},"schema":{"@context":"https:\/\/schema.org","@graph":[{"@type":"WebPage","@id":"https:\/\/sannale.ee\/en\/sanna-rain-cover-bag-designed-for-use-with-the-thule-urban-glide-4-trolley\/","url":"https:\/\/sannale.ee\/en\/sanna-rain-cover-bag-designed-for-use-with-the-thule-urban-glide-4-trolley\/","name":"Sannale rain cover bag, designed for use with the Thule Urban Glide 4 stroller - Sannale","isPartOf":{"@id":"https:\/\/sannale.ee\/#website"},"datePublished":"2024-06-12T12:29:46+00:00","dateModified":"2025-01-19T14:20:16+00:00","description":"Sannale rain cover bag, designed for use with the Thule Urban Glide 4 stroller. See pictures and description and order the rain cover bag in our online shop.","breadcrumb":{"@id":"https:\/\/sannale.ee\/en\/sanna-rain-cover-bag-designed-for-use-with-the-thule-urban-glide-4-trolley\/#breadcrumb"},"inLanguage":"en-US","potentialAction":[{"@type":"ReadAction","target":["https:\/\/sannale.ee\/en\/sanna-rain-cover-bag-designed-for-use-with-the-thule-urban-glide-4-trolley\/"]}]},{"@type":"BreadcrumbList","@id":"https:\/\/sannale.ee\/en\/sanna-rain-cover-bag-designed-for-use-with-the-thule-urban-glide-4-trolley\/#breadcrumb","itemListElement":[{"@type":"ListItem","position":1,"name":"Home","item":"https:\/\/sannale.ee\/en\/"},{"@type":"ListItem","position":2,"name":"Sannale rain cover bag, designed for use with the Thule Urban Glide 4 stroller"}]},{"@type":"WebSite","@id":"https:\/\/sannale.ee\/#website","url":"https:\/\/sannale.ee\/","name":"Sannale","description":"K\u00e4sit\u00f6\u00f6na valminud k\u00e4rulisad ja lastetarbed","publisher":{"@id":"https:\/\/sannale.ee\/#organization"},"potentialAction":[{"@type":"SearchAction","target":{"@type":"EntryPoint","urlTemplate":"https:\/\/sannale.ee\/?s={search_term_string}"},"query-input":{"@type":"PropertyValueSpecification","valueRequired":true,"valueName":"search_term_string"}}],"inLanguage":"en-US"},{"@type":"Organization","@id":"https:\/\/sannale.ee\/#organization","name":"Sannale","url":"https:\/\/sannale.ee\/","logo":{"@type":"ImageObject","inLanguage":"en-US","@id":"https:\/\/sannale.ee\/#\/schema\/logo\/image\/","url":"https:\/\/sannale.ee\/wp-content\/uploads\/2024\/02\/cropped-sannale-fb-logo-sydamega-5-tumedam-3-scaled.png","contentUrl":"https:\/\/sannale.ee\/wp-content\/uploads\/2024\/02\/cropped-sannale-fb-logo-sydamega-5-tumedam-3-scaled.png","width":5100,"height":1758,"caption":"Sannale"},"image":{"@id":"https:\/\/sannale.ee\/#\/schema\/logo\/image\/"},"sameAs":["https:\/\/www.facebook.com\/MinuSannale"]}]}},"uagb_featured_image_src":{"full":false,"thumbnail":false,"medium":false,"medium_large":false,"large":false,"1536x1536":false,"2048x2048":false,"woocommerce_thumbnail":false,"woocommerce_single":false,"woocommerce_gallery_thumbnail":false,"variation_swatches_image_size":false,"variation_swatches_tooltip_size":false},"uagb_author_info":{"display_name":"Eliise","author_link":"https:\/\/sannale.ee\/en\/author\/eliise\/"},"uagb_comment_info":0,"uagb_excerpt":"Want a convenient way to store your rain cover? The Sannale rain cover bag is a handy and stylish solution [&hellip;]","jetpack_sharing_enabled":true,"_links":{"self":[{"href":"https:\/\/sannale.ee\/en\/wp-json\/wp\/v2\/pages\/43791","targetHints":{"allow":["GET"]}}],"collection":[{"href":"https:\/\/sannale.ee\/en\/wp-json\/wp\/v2\/pages"}],"about":[{"href":"https:\/\/sannale.ee\/en\/wp-json\/wp\/v2\/types\/page"}],"author":[{"embeddable":true,"href":"https:\/\/sannale.ee\/en\/wp-json\/wp\/v2\/users\/595"}],"replies":[{"embeddable":true,"href":"https:\/\/sannale.ee\/en\/wp-json\/wp\/v2\/comments?post=43791"}],"version-history":[{"count":4,"href":"https:\/\/sannale.ee\/en\/wp-json\/wp\/v2\/pages\/43791\/revisions"}],"predecessor-version":[{"id":47191,"href":"https:\/\/sannale.ee\/en\/wp-json\/wp\/v2\/pages\/43791\/revisions\/47191"}],"wp:attachment":[{"href":"https:\/\/sannale.ee\/en\/wp-json\/wp\/v2\/media?parent=43791"}],"curies":[{"name":"wp","href":"https:\/\/api.w.org\/{rel}","templated":true}]}}