{"id":37436,"date":"2020-11-12T08:37:35","date_gmt":"2020-11-12T06:37:35","guid":{"rendered":"https:\/\/sannale.ee\/our-story\/"},"modified":"2024-05-22T17:00:04","modified_gmt":"2024-05-22T14:00:04","slug":"our-story","status":"publish","type":"page","link":"https:\/\/sannale.ee\/en\/our-story\/","title":{"rendered":"Our Story"},"content":{"rendered":"\n<p class=\"has-text-align-left has-medium-font-size\"><strong>Created for my Sanna, made for you!<\/strong><\/p>\n\n<p style=\"font-size:18px\">I am Meeli. Sanna&#8217;s mother. Hence the name Sannale. And I enjoy handicrafts. It&#8217;s my passion. And I enjoy coming up with new things. I really enjoy the fact that when I need something, I can make it myself with my own hands. It&#8217;s my time for myself, a pleasant and calm tinkering with something very beautiful and good. <\/p>\n\n<figure class=\"wp-block-image aligncenter size-large\"><img decoding=\"async\" width=\"1024\" height=\"354\" data-src=\"https:\/\/sannale.ee\/wp-content\/uploads\/2020\/10\/sats-large-1-1024x354.jpg\" alt=\"O&#xDC; Sannale\" class=\"wp-image-93 lazyload\" data-srcset=\"https:\/\/sannale.ee\/wp-content\/uploads\/2020\/10\/sats-large-1-1024x354.jpg 1024w, https:\/\/sannale.ee\/wp-content\/uploads\/2020\/10\/sats-large-1-600x207.jpg 600w, https:\/\/sannale.ee\/wp-content\/uploads\/2020\/10\/sats-large-1-300x104.jpg 300w, https:\/\/sannale.ee\/wp-content\/uploads\/2020\/10\/sats-large-1-768x265.jpg 768w, https:\/\/sannale.ee\/wp-content\/uploads\/2020\/10\/sats-large-1.jpg 1100w\" data-sizes=\"(max-width: 1024px) 100vw, 1024px\" src=\"data:image\/svg+xml;base64,PHN2ZyB3aWR0aD0iMSIgaGVpZ2h0PSIxIiB4bWxucz0iaHR0cDovL3d3dy53My5vcmcvMjAwMC9zdmciPjwvc3ZnPg==\" style=\"--smush-placeholder-width: 1024px; --smush-placeholder-aspect-ratio: 1024\/354;\" \/><\/figure>\n\n<p style=\"font-size:18px\">When my first son was born, we were so busy with him that we couldn&#8217;t even find time to eat ourselves. When our second son was born, there were occasions when, in addition to taking care of the children, we also managed to have warm food on the table for ourselves. With the third child, we had even more time available, so I could sew not only for my own family but also for others. <\/p>\n\n<p style=\"font-size:18px\"><\/p>\n\n<p style=\"font-size:18px\">So it happened that when our little daughter Lisanna (nicknamed Sanna) was 4 months old, I made my first custom-sewn frilly leggings, and that&#8217;s how Sannale began. After two boys, ruffles, colors, fluffiness, and the delicate airy fabrics of girlish materials turned out to be a completely different and very inspiring world for me.<\/p>\n\n<figure class=\"wp-block-image aligncenter size-medium is-resized\"><img decoding=\"async\" data-src=\"https:\/\/sannale.ee\/wp-content\/uploads\/2020\/10\/CS-Storyboard-15_edited-2-300x300.jpg\" alt=\"O&#xDC; Sannale\" class=\"wp-image-246 lazyload\" src=\"data:image\/svg+xml;base64,PHN2ZyB3aWR0aD0iMSIgaGVpZ2h0PSIxIiB4bWxucz0iaHR0cDovL3d3dy53My5vcmcvMjAwMC9zdmciPjwvc3ZnPg==\" style=\"--smush-placeholder-width: 300px; --smush-placeholder-aspect-ratio: 300\/300;\" \/><\/figure>\n\n<p style=\"font-size:18px\">At one point, when my own stroller accessories weren&#8217;t enough for me, I discovered the world of stroller accessories. And so it began. What once started as a quiet hobby for a stay-at-home mom has now grown into a full-time adventure, of which I am proud of the product range and quality. <\/p>\n\n<p style=\"font-size:18px\">Originally trained as a music educator, I am now the owner, pattern designer, seamstress, and product developer of O\u00dc Sannale. The number of products rolling out from us has grown significantly larger than I could produce alone. Thus, I have long-term and reliable cooperation with four excellent seamstresses who carefully maintain the quality in the style of Sannale. They are a very important part of Sannale&#8217;s value, and I appreciate them wholeheartedly! My mother Anne makes covers for loungers, while my friend Sirli, along with Kati, manages the stroller accessories department. My husband helps keep the website running smoothly, and I myself create new product designs, handle custom orders, and respond to your emails. <\/p>\n\n<div class=\"wp-block-jetpack-tiled-gallery aligncenter is-style-rectangular\"><div class=\"tiled-gallery__gallery\"><div class=\"tiled-gallery__row\"><div class=\"tiled-gallery__col\" style=\"flex-basis:20.37849%\"><figure class=\"tiled-gallery__item\"><img decoding=\"async\" data-srcset=\"https:\/\/i0.wp.com\/sannale.ee\/wp-content\/uploads\/2023\/11\/sannale-4-1.jpg?strip=info&#038;w=394&#038;ssl=1 394w\" alt=\"\" data-height=\"700\" data-id=\"16603\" data-link=\"https:\/\/sannale.ee\/meie-lugu\/sannale-4-2\/\" data-url=\"https:\/\/sannale.ee\/wp-content\/uploads\/2023\/11\/sannale-4-1.jpg\" data-width=\"394\" data-src=\"https:\/\/i0.wp.com\/sannale.ee\/wp-content\/uploads\/2023\/11\/sannale-4-1.jpg?ssl=1\" data-amp-layout=\"responsive\" src=\"data:image\/svg+xml;base64,PHN2ZyB3aWR0aD0iMSIgaGVpZ2h0PSIxIiB4bWxucz0iaHR0cDovL3d3dy53My5vcmcvMjAwMC9zdmciPjwvc3ZnPg==\" class=\"lazyload\"><\/figure><\/div><div class=\"tiled-gallery__col\" style=\"flex-basis:36.13540%\"><figure class=\"tiled-gallery__item\"><img decoding=\"async\" data-srcset=\"https:\/\/i0.wp.com\/sannale.ee\/wp-content\/uploads\/2023\/11\/sannale-6.jpg?strip=info&#038;w=600&#038;ssl=1 600w,https:\/\/i0.wp.com\/sannale.ee\/wp-content\/uploads\/2023\/11\/sannale-6.jpg?strip=info&#038;w=700&#038;ssl=1 700w\" alt=\"\" data-height=\"700\" data-id=\"16600\" data-link=\"https:\/\/sannale.ee\/meie-lugu\/sannale-6\/\" data-url=\"https:\/\/sannale.ee\/wp-content\/uploads\/2023\/11\/sannale-6.jpg\" data-width=\"700\" data-src=\"https:\/\/i0.wp.com\/sannale.ee\/wp-content\/uploads\/2023\/11\/sannale-6.jpg?ssl=1\" data-amp-layout=\"responsive\" src=\"data:image\/svg+xml;base64,PHN2ZyB3aWR0aD0iMSIgaGVpZ2h0PSIxIiB4bWxucz0iaHR0cDovL3d3dy53My5vcmcvMjAwMC9zdmciPjwvc3ZnPg==\" class=\"lazyload\"><\/figure><\/div><div class=\"tiled-gallery__col\" style=\"flex-basis:27.12409%\"><figure class=\"tiled-gallery__item\"><img decoding=\"async\" data-srcset=\"https:\/\/i0.wp.com\/sannale.ee\/wp-content\/uploads\/2023\/11\/sannale-5-1.jpg?strip=info&#038;w=525&#038;ssl=1 525w\" alt=\"\" data-height=\"700\" data-id=\"16604\" data-link=\"https:\/\/sannale.ee\/meie-lugu\/sannale-5-2\/\" data-url=\"https:\/\/sannale.ee\/wp-content\/uploads\/2023\/11\/sannale-5-1.jpg\" data-width=\"525\" data-src=\"https:\/\/i0.wp.com\/sannale.ee\/wp-content\/uploads\/2023\/11\/sannale-5-1.jpg?ssl=1\" data-amp-layout=\"responsive\" src=\"data:image\/svg+xml;base64,PHN2ZyB3aWR0aD0iMSIgaGVpZ2h0PSIxIiB4bWxucz0iaHR0cDovL3d3dy53My5vcmcvMjAwMC9zdmciPjwvc3ZnPg==\" class=\"lazyload\"><\/figure><\/div><div class=\"tiled-gallery__col\" style=\"flex-basis:16.36202%\"><figure class=\"tiled-gallery__item\"><img decoding=\"async\" data-srcset=\"https:\/\/i2.wp.com\/sannale.ee\/wp-content\/uploads\/2023\/11\/sannale-7.jpg?strip=info&#038;w=316&#038;ssl=1 316w\" alt=\"\" data-height=\"700\" data-id=\"16602\" data-link=\"https:\/\/sannale.ee\/meie-lugu\/sannale-7\/\" data-url=\"https:\/\/sannale.ee\/wp-content\/uploads\/2023\/11\/sannale-7.jpg\" data-width=\"316\" data-src=\"https:\/\/i2.wp.com\/sannale.ee\/wp-content\/uploads\/2023\/11\/sannale-7.jpg?ssl=1\" data-amp-layout=\"responsive\" src=\"data:image\/svg+xml;base64,PHN2ZyB3aWR0aD0iMSIgaGVpZ2h0PSIxIiB4bWxucz0iaHR0cDovL3d3dy53My5vcmcvMjAwMC9zdmciPjwvc3ZnPg==\" class=\"lazyload\"><\/figure><\/div><\/div><\/div><\/div>\n\n<p class=\"has-text-align-left\" style=\"font-size:18px\">The majority of the products seen on this website were originally created for my Sanna and our family. We have used, enjoyed, and improved them ourselves, so now we can offer them to you as well. Just as our Sanna and her brothers grow, and as we receive the wishes of our customers, the range of Sannale products is constantly evolving. <\/p>\n\n<p style=\"font-size:18px\">I&#8217;m very glad you&#8217;ve come to our website. I hope you find exactly what you&#8217;re looking for here. We are delighted to create something just for YOU.<\/p>\n\n<figure class=\"wp-block-image alignleft size-medium is-resized\"><img decoding=\"async\" width=\"300\" height=\"200\" data-src=\"https:\/\/sannale.ee\/wp-content\/uploads\/2022\/11\/IMGP9949-300x200.jpg\" alt=\"Sannale\" class=\"wp-image-11809 lazyload\" data-srcset=\"https:\/\/sannale.ee\/wp-content\/uploads\/2022\/11\/IMGP9949-300x200.jpg 300w, https:\/\/sannale.ee\/wp-content\/uploads\/2022\/11\/IMGP9949-600x399.jpg 600w, https:\/\/sannale.ee\/wp-content\/uploads\/2022\/11\/IMGP9949-768x511.jpg 768w, https:\/\/sannale.ee\/wp-content\/uploads\/2022\/11\/IMGP9949.jpg 1024w\" data-sizes=\"(max-width: 300px) 100vw, 300px\" src=\"data:image\/svg+xml;base64,PHN2ZyB3aWR0aD0iMSIgaGVpZ2h0PSIxIiB4bWxucz0iaHR0cDovL3d3dy53My5vcmcvMjAwMC9zdmciPjwvc3ZnPg==\" style=\"--smush-placeholder-width: 300px; --smush-placeholder-aspect-ratio: 300\/200;\" \/><\/figure>\n\n<p class=\"has-text-align-center\"><\/p>\n\n<p><\/p>\n\n<p><\/p>\n\n<p><\/p>\n\n<p><\/p>\n\n<p style=\"font-size:18px\">Meeli Viljaste<\/p>\n","protected":false},"excerpt":{"rendered":"<p>Created for my Sanna, made for you! I am Meeli. Sanna&#8217;s mother. Hence the name Sannale. And I enjoy handicrafts. [&hellip;]<\/p>\n","protected":false},"author":1,"featured_media":0,"parent":0,"menu_order":0,"comment_status":"closed","ping_status":"closed","template":"","meta":{"_uag_custom_page_level_css":"","site-sidebar-layout":"default","site-content-layout":"","ast-site-content-layout":"default","site-content-style":"default","site-sidebar-style":"default","ast-global-header-display":"","ast-banner-title-visibility":"","ast-main-header-display":"","ast-hfb-above-header-display":"","ast-hfb-below-header-display":"","ast-hfb-mobile-header-display":"","site-post-title":"","ast-breadcrumbs-content":"","ast-featured-img":"","footer-sml-layout":"","theme-transparent-header-meta":"","adv-header-id-meta":"","stick-header-meta":"","header-above-stick-meta":"","header-main-stick-meta":"","header-below-stick-meta":"","astra-migrate-meta-layouts":"default","ast-page-background-enabled":"default","ast-page-background-meta":{"desktop":{"background-color":"var(--ast-global-color-4)","background-image":"","background-repeat":"repeat","background-position":"center center","background-size":"auto","background-attachment":"scroll","background-type":"","background-media":"","overlay-type":"","overlay-color":"","overlay-opacity":"","overlay-gradient":""},"tablet":{"background-color":"","background-image":"","background-repeat":"repeat","background-position":"center center","background-size":"auto","background-attachment":"scroll","background-type":"","background-media":"","overlay-type":"","overlay-color":"","overlay-opacity":"","overlay-gradient":""},"mobile":{"background-color":"","background-image":"","background-repeat":"repeat","background-position":"center center","background-size":"auto","background-attachment":"scroll","background-type":"","background-media":"","overlay-type":"","overlay-color":"","overlay-opacity":"","overlay-gradient":""}},"ast-content-background-meta":{"desktop":{"background-color":"var(--ast-global-color-5)","background-image":"","background-repeat":"repeat","background-position":"center center","background-size":"auto","background-attachment":"scroll","background-type":"","background-media":"","overlay-type":"","overlay-color":"","overlay-opacity":"","overlay-gradient":""},"tablet":{"background-color":"var(--ast-global-color-5)","background-image":"","background-repeat":"repeat","background-position":"center center","background-size":"auto","background-attachment":"scroll","background-type":"","background-media":"","overlay-type":"","overlay-color":"","overlay-opacity":"","overlay-gradient":""},"mobile":{"background-color":"var(--ast-global-color-5)","background-image":"","background-repeat":"repeat","background-position":"center center","background-size":"auto","background-attachment":"scroll","background-type":"","background-media":"","overlay-type":"","overlay-color":"","overlay-opacity":"","overlay-gradient":""}},"footnotes":""},"class_list":["post-37436","page","type-page","status-publish","hentry"],"yoast_head":"<!-- This site is optimized with the Yoast SEO plugin v27.3 - https:\/\/yoast.com\/product\/yoast-seo-wordpress\/ -->\n<title>Our Story - Sannale<\/title>\n<meta name=\"description\" content=\"Our story - how O\u00dc Sannale began. Why and how a company producing high-quality and unique products emerged from a passion for handicrafts.\" \/>\n<meta name=\"robots\" content=\"index, follow, max-snippet:-1, max-image-preview:large, max-video-preview:-1\" \/>\n<link rel=\"canonical\" href=\"https:\/\/sannale.ee\/en\/our-story\/\" \/>\n<meta property=\"og:locale\" content=\"en_US\" \/>\n<meta property=\"og:type\" content=\"article\" \/>\n<meta property=\"og:title\" content=\"Our Story - Sannale\" \/>\n<meta property=\"og:description\" content=\"Our story - how O\u00dc Sannale began. Why and how a company producing high-quality and unique products emerged from a passion for handicrafts.\" \/>\n<meta property=\"og:url\" content=\"https:\/\/sannale.ee\/en\/our-story\/\" \/>\n<meta property=\"og:site_name\" content=\"Sannale\" \/>\n<meta property=\"article:publisher\" content=\"https:\/\/www.facebook.com\/MinuSannale\" \/>\n<meta property=\"article:modified_time\" content=\"2024-05-22T14:00:04+00:00\" \/>\n<meta property=\"og:image\" content=\"https:\/\/sannale.ee\/wp-content\/uploads\/2020\/10\/sats-large-1-1024x354.jpg\" \/>\n<meta name=\"twitter:card\" content=\"summary_large_image\" \/>\n<meta name=\"twitter:label1\" content=\"Est. reading time\" \/>\n\t<meta name=\"twitter:data1\" content=\"2 minutes\" \/>\n<script type=\"application\/ld+json\" class=\"yoast-schema-graph\">{\"@context\":\"https:\\\/\\\/schema.org\",\"@graph\":[{\"@type\":\"WebPage\",\"@id\":\"https:\\\/\\\/sannale.ee\\\/en\\\/our-story\\\/\",\"url\":\"https:\\\/\\\/sannale.ee\\\/en\\\/our-story\\\/\",\"name\":\"Our Story - Sannale\",\"isPartOf\":{\"@id\":\"https:\\\/\\\/sannale.ee\\\/#website\"},\"primaryImageOfPage\":{\"@id\":\"https:\\\/\\\/sannale.ee\\\/en\\\/our-story\\\/#primaryimage\"},\"image\":{\"@id\":\"https:\\\/\\\/sannale.ee\\\/en\\\/our-story\\\/#primaryimage\"},\"thumbnailUrl\":\"https:\\\/\\\/sannale.ee\\\/wp-content\\\/uploads\\\/2020\\\/10\\\/sats-large-1-1024x354.jpg\",\"datePublished\":\"2020-11-12T06:37:35+00:00\",\"dateModified\":\"2024-05-22T14:00:04+00:00\",\"description\":\"Our story - how O\u00dc Sannale began. Why and how a company producing high-quality and unique products emerged from a passion for handicrafts.\",\"breadcrumb\":{\"@id\":\"https:\\\/\\\/sannale.ee\\\/en\\\/our-story\\\/#breadcrumb\"},\"inLanguage\":\"en-US\",\"potentialAction\":[{\"@type\":\"ReadAction\",\"target\":[\"https:\\\/\\\/sannale.ee\\\/en\\\/our-story\\\/\"]}]},{\"@type\":\"ImageObject\",\"inLanguage\":\"en-US\",\"@id\":\"https:\\\/\\\/sannale.ee\\\/en\\\/our-story\\\/#primaryimage\",\"url\":\"https:\\\/\\\/sannale.ee\\\/wp-content\\\/uploads\\\/2020\\\/10\\\/sats-large-1-1024x354.jpg\",\"contentUrl\":\"https:\\\/\\\/sannale.ee\\\/wp-content\\\/uploads\\\/2020\\\/10\\\/sats-large-1-1024x354.jpg\"},{\"@type\":\"BreadcrumbList\",\"@id\":\"https:\\\/\\\/sannale.ee\\\/en\\\/our-story\\\/#breadcrumb\",\"itemListElement\":[{\"@type\":\"ListItem\",\"position\":1,\"name\":\"Home\",\"item\":\"https:\\\/\\\/sannale.ee\\\/en\\\/\"},{\"@type\":\"ListItem\",\"position\":2,\"name\":\"Our Story\"}]},{\"@type\":\"WebSite\",\"@id\":\"https:\\\/\\\/sannale.ee\\\/#website\",\"url\":\"https:\\\/\\\/sannale.ee\\\/\",\"name\":\"Sannale\",\"description\":\"K\u00e4sit\u00f6\u00f6na valminud k\u00e4rulisad ja lastetarbed\",\"publisher\":{\"@id\":\"https:\\\/\\\/sannale.ee\\\/#organization\"},\"potentialAction\":[{\"@type\":\"SearchAction\",\"target\":{\"@type\":\"EntryPoint\",\"urlTemplate\":\"https:\\\/\\\/sannale.ee\\\/?s={search_term_string}\"},\"query-input\":{\"@type\":\"PropertyValueSpecification\",\"valueRequired\":true,\"valueName\":\"search_term_string\"}}],\"inLanguage\":\"en-US\"},{\"@type\":\"Organization\",\"@id\":\"https:\\\/\\\/sannale.ee\\\/#organization\",\"name\":\"Sannale\",\"url\":\"https:\\\/\\\/sannale.ee\\\/\",\"logo\":{\"@type\":\"ImageObject\",\"inLanguage\":\"en-US\",\"@id\":\"https:\\\/\\\/sannale.ee\\\/#\\\/schema\\\/logo\\\/image\\\/\",\"url\":\"https:\\\/\\\/sannale.ee\\\/wp-content\\\/uploads\\\/2024\\\/02\\\/cropped-sannale-fb-logo-sydamega-5-tumedam-3-scaled.png\",\"contentUrl\":\"https:\\\/\\\/sannale.ee\\\/wp-content\\\/uploads\\\/2024\\\/02\\\/cropped-sannale-fb-logo-sydamega-5-tumedam-3-scaled.png\",\"width\":5100,\"height\":1758,\"caption\":\"Sannale\"},\"image\":{\"@id\":\"https:\\\/\\\/sannale.ee\\\/#\\\/schema\\\/logo\\\/image\\\/\"},\"sameAs\":[\"https:\\\/\\\/www.facebook.com\\\/MinuSannale\"]}]}<\/script>\n<!-- \/ Yoast SEO plugin. -->","yoast_head_json":{"title":"Our Story - Sannale","description":"Our story - how O\u00dc Sannale began. Why and how a company producing high-quality and unique products emerged from a passion for handicrafts.","robots":{"index":"index","follow":"follow","max-snippet":"max-snippet:-1","max-image-preview":"max-image-preview:large","max-video-preview":"max-video-preview:-1"},"canonical":"https:\/\/sannale.ee\/en\/our-story\/","og_locale":"en_US","og_type":"article","og_title":"Our Story - Sannale","og_description":"Our story - how O\u00dc Sannale began. Why and how a company producing high-quality and unique products emerged from a passion for handicrafts.","og_url":"https:\/\/sannale.ee\/en\/our-story\/","og_site_name":"Sannale","article_publisher":"https:\/\/www.facebook.com\/MinuSannale","article_modified_time":"2024-05-22T14:00:04+00:00","og_image":[{"url":"https:\/\/sannale.ee\/wp-content\/uploads\/2020\/10\/sats-large-1-1024x354.jpg","type":"","width":"","height":""}],"twitter_card":"summary_large_image","twitter_misc":{"Est. reading time":"2 minutes"},"schema":{"@context":"https:\/\/schema.org","@graph":[{"@type":"WebPage","@id":"https:\/\/sannale.ee\/en\/our-story\/","url":"https:\/\/sannale.ee\/en\/our-story\/","name":"Our Story - Sannale","isPartOf":{"@id":"https:\/\/sannale.ee\/#website"},"primaryImageOfPage":{"@id":"https:\/\/sannale.ee\/en\/our-story\/#primaryimage"},"image":{"@id":"https:\/\/sannale.ee\/en\/our-story\/#primaryimage"},"thumbnailUrl":"https:\/\/sannale.ee\/wp-content\/uploads\/2020\/10\/sats-large-1-1024x354.jpg","datePublished":"2020-11-12T06:37:35+00:00","dateModified":"2024-05-22T14:00:04+00:00","description":"Our story - how O\u00dc Sannale began. Why and how a company producing high-quality and unique products emerged from a passion for handicrafts.","breadcrumb":{"@id":"https:\/\/sannale.ee\/en\/our-story\/#breadcrumb"},"inLanguage":"en-US","potentialAction":[{"@type":"ReadAction","target":["https:\/\/sannale.ee\/en\/our-story\/"]}]},{"@type":"ImageObject","inLanguage":"en-US","@id":"https:\/\/sannale.ee\/en\/our-story\/#primaryimage","url":"https:\/\/sannale.ee\/wp-content\/uploads\/2020\/10\/sats-large-1-1024x354.jpg","contentUrl":"https:\/\/sannale.ee\/wp-content\/uploads\/2020\/10\/sats-large-1-1024x354.jpg"},{"@type":"BreadcrumbList","@id":"https:\/\/sannale.ee\/en\/our-story\/#breadcrumb","itemListElement":[{"@type":"ListItem","position":1,"name":"Home","item":"https:\/\/sannale.ee\/en\/"},{"@type":"ListItem","position":2,"name":"Our Story"}]},{"@type":"WebSite","@id":"https:\/\/sannale.ee\/#website","url":"https:\/\/sannale.ee\/","name":"Sannale","description":"K\u00e4sit\u00f6\u00f6na valminud k\u00e4rulisad ja lastetarbed","publisher":{"@id":"https:\/\/sannale.ee\/#organization"},"potentialAction":[{"@type":"SearchAction","target":{"@type":"EntryPoint","urlTemplate":"https:\/\/sannale.ee\/?s={search_term_string}"},"query-input":{"@type":"PropertyValueSpecification","valueRequired":true,"valueName":"search_term_string"}}],"inLanguage":"en-US"},{"@type":"Organization","@id":"https:\/\/sannale.ee\/#organization","name":"Sannale","url":"https:\/\/sannale.ee\/","logo":{"@type":"ImageObject","inLanguage":"en-US","@id":"https:\/\/sannale.ee\/#\/schema\/logo\/image\/","url":"https:\/\/sannale.ee\/wp-content\/uploads\/2024\/02\/cropped-sannale-fb-logo-sydamega-5-tumedam-3-scaled.png","contentUrl":"https:\/\/sannale.ee\/wp-content\/uploads\/2024\/02\/cropped-sannale-fb-logo-sydamega-5-tumedam-3-scaled.png","width":5100,"height":1758,"caption":"Sannale"},"image":{"@id":"https:\/\/sannale.ee\/#\/schema\/logo\/image\/"},"sameAs":["https:\/\/www.facebook.com\/MinuSannale"]}]}},"uagb_featured_image_src":{"full":false,"thumbnail":false,"medium":false,"medium_large":false,"large":false,"1536x1536":false,"2048x2048":false,"woocommerce_thumbnail":false,"woocommerce_single":false,"woocommerce_gallery_thumbnail":false,"variation_swatches_image_size":false,"variation_swatches_tooltip_size":false},"uagb_author_info":{"display_name":"meelip","author_link":"https:\/\/sannale.ee\/en\/author\/meelip\/"},"uagb_comment_info":0,"uagb_excerpt":"Created for my Sanna, made for you! I am Meeli. Sanna&#8217;s mother. Hence the name Sannale. And I enjoy handicrafts. [&hellip;]","jetpack_sharing_enabled":true,"_links":{"self":[{"href":"https:\/\/sannale.ee\/en\/wp-json\/wp\/v2\/pages\/37436","targetHints":{"allow":["GET"]}}],"collection":[{"href":"https:\/\/sannale.ee\/en\/wp-json\/wp\/v2\/pages"}],"about":[{"href":"https:\/\/sannale.ee\/en\/wp-json\/wp\/v2\/types\/page"}],"author":[{"embeddable":true,"href":"https:\/\/sannale.ee\/en\/wp-json\/wp\/v2\/users\/1"}],"replies":[{"embeddable":true,"href":"https:\/\/sannale.ee\/en\/wp-json\/wp\/v2\/comments?post=37436"}],"version-history":[{"count":3,"href":"https:\/\/sannale.ee\/en\/wp-json\/wp\/v2\/pages\/37436\/revisions"}],"predecessor-version":[{"id":40384,"href":"https:\/\/sannale.ee\/en\/wp-json\/wp\/v2\/pages\/37436\/revisions\/40384"}],"wp:attachment":[{"href":"https:\/\/sannale.ee\/en\/wp-json\/wp\/v2\/media?parent=37436"}],"curies":[{"name":"wp","href":"https:\/\/api.w.org\/{rel}","templated":true}]}}